{"id":135067,"date":"2026-04-28T03:25:51","date_gmt":"2026-04-28T01:25:51","guid":{"rendered":"https:\/\/webshopdistricoscom.webhosting.be\/product\/gelsmart-set-de-depart-pansements-antipression-ref-5212-81\/"},"modified":"2026-04-28T03:25:54","modified_gmt":"2026-04-28T01:25:54","slug":"gelsmart-set-de-depart-pansements-antipression-ref-5212-81","status":"publish","type":"product","link":"https:\/\/districos.standingout.be\/fr\/product\/gelsmart-set-de-depart-pansements-antipression-ref-5212-81\/","title":{"rendered":"GelSmart Set de D\u00e9part Pansements Antipression"},"content":{"rendered":"<p >\n<p dir=ltr>Set id\u00e9al pour le cabinet de p\u00e9dicure professionnel !<\/p>\n<p> Avec ce set vous pouvez \u00e0 tout moment offrir une solution ad\u00e9quate \u00e0 votre patient(e) pour les probl\u00e8mes courants des pieds comme les oignons, le Hallux Valgus, le Digitus Quintus Varus, les cors et les ampoules \u00e0 des endroits divers, pour soulager la pression et la friction, etc. Les pansements sont \u00e0 base de gel polym\u00e9rique, combin\u00e9 ou non avec du tricot de couleur chair. <\/p>\n<p> Contenu : <\/p>\n<ul> <\/p>\n<li>5 x S\u00e9parateur Orteils Standard Small <\/li>\n<p> <\/p>\n<li>5 x S\u00e9parateur Orteils Standard M\u00e9dium <\/li>\n<p> <\/p>\n<li>4 x S\u00e9parateur Orteils L\u00e9g\u00e8rement Corrigeant M\u00e9dium <\/li>\n<p> <\/p>\n<li>2 x Hallux Valgus Protection Oignons Universel <\/li>\n<p> <\/p>\n<li>2 x Protection Oignons Petits Orteils Universel <\/li>\n<p> <\/p>\n<li>3 x Coiffe d\u2019Orteil avec Trou de Ventilation Small <\/li>\n<p> <\/p>\n<li>3 x Coiffe d\u2019Orteil avec Trou de Ventilation M\u00e9dium <\/li>\n<p> <\/p>\n<li>3 x Anneau Orteils Tricot Small <\/li>\n<p> <\/p>\n<li>3 x Anneau Orteils Tricot M\u00e9dium <\/li>\n<p> <\/p>\n<li>3 x Anneau Orteils Tricot Large <\/li>\n<p> <\/p>\n<li>2 x Digitube Tricot Small <\/li>\n<p> <\/p>\n<li>2 x Digitube Tricot M\u00e9dium <\/li>\n<p> <\/p>\n<li>1 x Coussin M\u00e9tatarsien Gel avec Boucle S\/M Droite <\/li>\n<p> <\/p>\n<li>1 x Coussin M\u00e9tatarsien Gel avec Boucle S\/M Gauche <\/li>\n<p> <\/ul><\/p>\n","protected":false},"excerpt":{"rendered":"<p>Set id\u00e9al pour le cabinet de p\u00e9dicure professionnel ! Avec ce set vous pouvez \u00e0 tout moment offrir une solution ad\u00e9quate \u00e0 votre patient(e) pour les probl\u00e8mes courants des pieds comme les oignons, le Hallux Valgus, le Digitus Quintus Varus, les cors et les ampoules \u00e0 des endroits divers, pour soulager la pression et la [&hellip;]<\/p>\n","protected":false},"featured_media":105623,"comment_status":"open","ping_status":"closed","template":"","meta":{"_acf_changed":false},"product_brand":[10412],"product_cat":[9998,9954],"product_tag":[],"class_list":{"0":"post-135067","1":"product","2":"type-product","3":"status-publish","4":"has-post-thumbnail","6":"product_brand-gelsmart-fr","7":"product_cat-soins-des-pieds-podologie-soulagement-de-la-pression-bandages-anti-pression","8":"product_cat-beaute-pedicure-soulagement-de-la-pression","10":"first","11":"outofstock","12":"taxable","13":"shipping-taxable","14":"product-type-simple"},"acf":[],"yoast_head":"<!-- This site is optimized with the Yoast SEO plugin v27.3 - https:\/\/yoast.com\/product\/yoast-seo-wordpress\/ -->\n<title>GelSmart Set de D\u00e9part Pansements Antipression - Districos Webshop<\/title>\n<meta name=\"robots\" content=\"noindex, follow, max-snippet:-1, max-image-preview:large, max-video-preview:-1\" \/>\n<meta property=\"og:locale\" content=\"fr_FR\" \/>\n<meta property=\"og:type\" content=\"article\" \/>\n<meta property=\"og:title\" content=\"GelSmart Set de D\u00e9part Pansements Antipression - Districos Webshop\" \/>\n<meta property=\"og:description\" content=\"Set id\u00e9al pour le cabinet de p\u00e9dicure professionnel ! Avec ce set vous pouvez \u00e0 tout moment offrir une solution ad\u00e9quate \u00e0 votre patient(e) pour les probl\u00e8mes courants des pieds comme les oignons, le Hallux Valgus, le Digitus Quintus Varus, les cors et les ampoules \u00e0 des endroits divers, pour soulager la pression et la [&hellip;]\" \/>\n<meta property=\"og:url\" content=\"https:\/\/districos.standingout.be\/fr\/product\/gelsmart-set-de-depart-pansements-antipression-ref-5212-81\/\" \/>\n<meta property=\"og:site_name\" content=\"Districos Webshop\" \/>\n<meta property=\"article:modified_time\" content=\"2026-04-28T01:25:54+00:00\" \/>\n<meta property=\"og:image\" content=\"https:\/\/districos.standingout.be\/wp-content\/uploads\/2026\/02\/5212.81@LowRes_1_0.png\" \/>\n\t<meta property=\"og:image:width\" content=\"600\" \/>\n\t<meta property=\"og:image:height\" content=\"600\" \/>\n\t<meta property=\"og:image:type\" content=\"image\/png\" \/>\n<meta name=\"twitter:card\" content=\"summary_large_image\" \/>\n<meta name=\"twitter:label1\" content=\"Dur\u00e9e de lecture estim\u00e9e\" \/>\n\t<meta name=\"twitter:data1\" content=\"1 minute\" \/>\n<script type=\"application\/ld+json\" class=\"yoast-schema-graph\">{\"@context\":\"https:\\\/\\\/schema.org\",\"@graph\":[{\"@type\":\"WebPage\",\"@id\":\"https:\\\/\\\/districos.standingout.be\\\/fr\\\/product\\\/gelsmart-set-de-depart-pansements-antipression-ref-5212-81\\\/\",\"url\":\"https:\\\/\\\/districos.standingout.be\\\/fr\\\/product\\\/gelsmart-set-de-depart-pansements-antipression-ref-5212-81\\\/\",\"name\":\"GelSmart Set de D\u00e9part Pansements Antipression - Districos Webshop\",\"isPartOf\":{\"@id\":\"https:\\\/\\\/districos.standingout.be\\\/fr\\\/#website\"},\"primaryImageOfPage\":{\"@id\":\"https:\\\/\\\/districos.standingout.be\\\/fr\\\/product\\\/gelsmart-set-de-depart-pansements-antipression-ref-5212-81\\\/#primaryimage\"},\"image\":{\"@id\":\"https:\\\/\\\/districos.standingout.be\\\/fr\\\/product\\\/gelsmart-set-de-depart-pansements-antipression-ref-5212-81\\\/#primaryimage\"},\"thumbnailUrl\":\"https:\\\/\\\/districos.standingout.be\\\/wp-content\\\/uploads\\\/2026\\\/02\\\/5212.81@LowRes_1_0.png\",\"datePublished\":\"2026-04-28T01:25:51+00:00\",\"dateModified\":\"2026-04-28T01:25:54+00:00\",\"breadcrumb\":{\"@id\":\"https:\\\/\\\/districos.standingout.be\\\/fr\\\/product\\\/gelsmart-set-de-depart-pansements-antipression-ref-5212-81\\\/#breadcrumb\"},\"inLanguage\":\"fr-FR\",\"potentialAction\":[{\"@type\":\"ReadAction\",\"target\":[\"https:\\\/\\\/districos.standingout.be\\\/fr\\\/product\\\/gelsmart-set-de-depart-pansements-antipression-ref-5212-81\\\/\"]}]},{\"@type\":\"ImageObject\",\"inLanguage\":\"fr-FR\",\"@id\":\"https:\\\/\\\/districos.standingout.be\\\/fr\\\/product\\\/gelsmart-set-de-depart-pansements-antipression-ref-5212-81\\\/#primaryimage\",\"url\":\"https:\\\/\\\/districos.standingout.be\\\/wp-content\\\/uploads\\\/2026\\\/02\\\/5212.81@LowRes_1_0.png\",\"contentUrl\":\"https:\\\/\\\/districos.standingout.be\\\/wp-content\\\/uploads\\\/2026\\\/02\\\/5212.81@LowRes_1_0.png\",\"width\":600,\"height\":600},{\"@type\":\"BreadcrumbList\",\"@id\":\"https:\\\/\\\/districos.standingout.be\\\/fr\\\/product\\\/gelsmart-set-de-depart-pansements-antipression-ref-5212-81\\\/#breadcrumb\",\"itemListElement\":[{\"@type\":\"ListItem\",\"position\":1,\"name\":\"Home\",\"item\":\"https:\\\/\\\/districos.standingout.be\\\/fr\\\/bienvenue-chez-districos\\\/\"},{\"@type\":\"ListItem\",\"position\":2,\"name\":\"Boutique\",\"item\":\"https:\\\/\\\/districos.standingout.be\\\/fr\\\/boutique\\\/\"},{\"@type\":\"ListItem\",\"position\":3,\"name\":\"GelSmart Set de D\u00e9part Pansements Antipression\"}]},{\"@type\":\"WebSite\",\"@id\":\"https:\\\/\\\/districos.standingout.be\\\/fr\\\/#website\",\"url\":\"https:\\\/\\\/districos.standingout.be\\\/fr\\\/\",\"name\":\"Districos Webshop\",\"description\":\"\",\"publisher\":{\"@id\":\"https:\\\/\\\/districos.standingout.be\\\/fr\\\/#organization\"},\"potentialAction\":[{\"@type\":\"SearchAction\",\"target\":{\"@type\":\"EntryPoint\",\"urlTemplate\":\"https:\\\/\\\/districos.standingout.be\\\/fr\\\/?s={search_term_string}\"},\"query-input\":{\"@type\":\"PropertyValueSpecification\",\"valueRequired\":true,\"valueName\":\"search_term_string\"}}],\"inLanguage\":\"fr-FR\"},{\"@type\":\"Organization\",\"@id\":\"https:\\\/\\\/districos.standingout.be\\\/fr\\\/#organization\",\"name\":\"Districos Webshop\",\"url\":\"https:\\\/\\\/districos.standingout.be\\\/fr\\\/\",\"logo\":{\"@type\":\"ImageObject\",\"inLanguage\":\"fr-FR\",\"@id\":\"https:\\\/\\\/districos.standingout.be\\\/fr\\\/#\\\/schema\\\/logo\\\/image\\\/\",\"url\":\"https:\\\/\\\/districos.standingout.be\\\/wp-content\\\/uploads\\\/2022\\\/09\\\/Districos_Logo_Webshop.svg\",\"contentUrl\":\"https:\\\/\\\/districos.standingout.be\\\/wp-content\\\/uploads\\\/2022\\\/09\\\/Districos_Logo_Webshop.svg\",\"caption\":\"Districos Webshop\"},\"image\":{\"@id\":\"https:\\\/\\\/districos.standingout.be\\\/fr\\\/#\\\/schema\\\/logo\\\/image\\\/\"}}]}<\/script>\n<!-- \/ Yoast SEO plugin. -->","yoast_head_json":{"title":"GelSmart Set de D\u00e9part Pansements Antipression - Districos Webshop","robots":{"index":"noindex","follow":"follow","max-snippet":"max-snippet:-1","max-image-preview":"max-image-preview:large","max-video-preview":"max-video-preview:-1"},"og_locale":"fr_FR","og_type":"article","og_title":"GelSmart Set de D\u00e9part Pansements Antipression - Districos Webshop","og_description":"Set id\u00e9al pour le cabinet de p\u00e9dicure professionnel ! Avec ce set vous pouvez \u00e0 tout moment offrir une solution ad\u00e9quate \u00e0 votre patient(e) pour les probl\u00e8mes courants des pieds comme les oignons, le Hallux Valgus, le Digitus Quintus Varus, les cors et les ampoules \u00e0 des endroits divers, pour soulager la pression et la [&hellip;]","og_url":"https:\/\/districos.standingout.be\/fr\/product\/gelsmart-set-de-depart-pansements-antipression-ref-5212-81\/","og_site_name":"Districos Webshop","article_modified_time":"2026-04-28T01:25:54+00:00","og_image":[{"width":600,"height":600,"url":"https:\/\/districos.standingout.be\/wp-content\/uploads\/2026\/02\/5212.81@LowRes_1_0.png","type":"image\/png"}],"twitter_card":"summary_large_image","twitter_misc":{"Dur\u00e9e de lecture estim\u00e9e":"1 minute"},"schema":{"@context":"https:\/\/schema.org","@graph":[{"@type":"WebPage","@id":"https:\/\/districos.standingout.be\/fr\/product\/gelsmart-set-de-depart-pansements-antipression-ref-5212-81\/","url":"https:\/\/districos.standingout.be\/fr\/product\/gelsmart-set-de-depart-pansements-antipression-ref-5212-81\/","name":"GelSmart Set de D\u00e9part Pansements Antipression - Districos Webshop","isPartOf":{"@id":"https:\/\/districos.standingout.be\/fr\/#website"},"primaryImageOfPage":{"@id":"https:\/\/districos.standingout.be\/fr\/product\/gelsmart-set-de-depart-pansements-antipression-ref-5212-81\/#primaryimage"},"image":{"@id":"https:\/\/districos.standingout.be\/fr\/product\/gelsmart-set-de-depart-pansements-antipression-ref-5212-81\/#primaryimage"},"thumbnailUrl":"https:\/\/districos.standingout.be\/wp-content\/uploads\/2026\/02\/5212.81@LowRes_1_0.png","datePublished":"2026-04-28T01:25:51+00:00","dateModified":"2026-04-28T01:25:54+00:00","breadcrumb":{"@id":"https:\/\/districos.standingout.be\/fr\/product\/gelsmart-set-de-depart-pansements-antipression-ref-5212-81\/#breadcrumb"},"inLanguage":"fr-FR","potentialAction":[{"@type":"ReadAction","target":["https:\/\/districos.standingout.be\/fr\/product\/gelsmart-set-de-depart-pansements-antipression-ref-5212-81\/"]}]},{"@type":"ImageObject","inLanguage":"fr-FR","@id":"https:\/\/districos.standingout.be\/fr\/product\/gelsmart-set-de-depart-pansements-antipression-ref-5212-81\/#primaryimage","url":"https:\/\/districos.standingout.be\/wp-content\/uploads\/2026\/02\/5212.81@LowRes_1_0.png","contentUrl":"https:\/\/districos.standingout.be\/wp-content\/uploads\/2026\/02\/5212.81@LowRes_1_0.png","width":600,"height":600},{"@type":"BreadcrumbList","@id":"https:\/\/districos.standingout.be\/fr\/product\/gelsmart-set-de-depart-pansements-antipression-ref-5212-81\/#breadcrumb","itemListElement":[{"@type":"ListItem","position":1,"name":"Home","item":"https:\/\/districos.standingout.be\/fr\/bienvenue-chez-districos\/"},{"@type":"ListItem","position":2,"name":"Boutique","item":"https:\/\/districos.standingout.be\/fr\/boutique\/"},{"@type":"ListItem","position":3,"name":"GelSmart Set de D\u00e9part Pansements Antipression"}]},{"@type":"WebSite","@id":"https:\/\/districos.standingout.be\/fr\/#website","url":"https:\/\/districos.standingout.be\/fr\/","name":"Districos Webshop","description":"","publisher":{"@id":"https:\/\/districos.standingout.be\/fr\/#organization"},"potentialAction":[{"@type":"SearchAction","target":{"@type":"EntryPoint","urlTemplate":"https:\/\/districos.standingout.be\/fr\/?s={search_term_string}"},"query-input":{"@type":"PropertyValueSpecification","valueRequired":true,"valueName":"search_term_string"}}],"inLanguage":"fr-FR"},{"@type":"Organization","@id":"https:\/\/districos.standingout.be\/fr\/#organization","name":"Districos Webshop","url":"https:\/\/districos.standingout.be\/fr\/","logo":{"@type":"ImageObject","inLanguage":"fr-FR","@id":"https:\/\/districos.standingout.be\/fr\/#\/schema\/logo\/image\/","url":"https:\/\/districos.standingout.be\/wp-content\/uploads\/2022\/09\/Districos_Logo_Webshop.svg","contentUrl":"https:\/\/districos.standingout.be\/wp-content\/uploads\/2022\/09\/Districos_Logo_Webshop.svg","caption":"Districos Webshop"},"image":{"@id":"https:\/\/districos.standingout.be\/fr\/#\/schema\/logo\/image\/"}}]}},"_links":{"self":[{"href":"https:\/\/districos.standingout.be\/fr\/wp-json\/wp\/v2\/product\/135067","targetHints":{"allow":["GET"]}}],"collection":[{"href":"https:\/\/districos.standingout.be\/fr\/wp-json\/wp\/v2\/product"}],"about":[{"href":"https:\/\/districos.standingout.be\/fr\/wp-json\/wp\/v2\/types\/product"}],"replies":[{"embeddable":true,"href":"https:\/\/districos.standingout.be\/fr\/wp-json\/wp\/v2\/comments?post=135067"}],"wp:featuredmedia":[{"embeddable":true,"href":"https:\/\/districos.standingout.be\/fr\/wp-json\/wp\/v2\/media\/105623"}],"wp:attachment":[{"href":"https:\/\/districos.standingout.be\/fr\/wp-json\/wp\/v2\/media?parent=135067"}],"wp:term":[{"taxonomy":"product_brand","embeddable":true,"href":"https:\/\/districos.standingout.be\/fr\/wp-json\/wp\/v2\/product_brand?post=135067"},{"taxonomy":"product_cat","embeddable":true,"href":"https:\/\/districos.standingout.be\/fr\/wp-json\/wp\/v2\/product_cat?post=135067"},{"taxonomy":"product_tag","embeddable":true,"href":"https:\/\/districos.standingout.be\/fr\/wp-json\/wp\/v2\/product_tag?post=135067"}],"curies":[{"name":"wp","href":"https:\/\/api.w.org\/{rel}","templated":true}]}}