{"id":135077,"date":"2026-04-28T03:26:03","date_gmt":"2026-04-28T01:26:03","guid":{"rendered":"https:\/\/webshopdistricoscom.webhosting.be\/product\/ecran-de-protection-pour-table-comptoir-ref-5213-013\/"},"modified":"2026-04-28T03:26:05","modified_gmt":"2026-04-28T01:26:05","slug":"ecran-de-protection-pour-table-comptoir-ref-5213-013","status":"publish","type":"product","link":"https:\/\/districos.standingout.be\/fr\/product\/ecran-de-protection-pour-table-comptoir-ref-5213-013\/","title":{"rendered":"\u00c9cran de Protection pour Table\/Comptoir"},"content":{"rendered":"<p >\n<p dir=ltr>\u00c9cran de protection sp\u00e9cialement con\u00e7u pour les bars \u00e0 ongles, mais \u00e9galement adapt\u00e9 \u00e0 votre comptoir \/ accueil. L&rsquo;objectif est de pr\u00e9venir toute transmission de bact\u00e9ries et de virus par la toux ou les \u00e9ternuements. Offrez-vous, ainsi qu&rsquo;\u00e0 vos employ\u00e9(e)s et \u00e0 vos client(e)s, une protection suppl\u00e9mentaire contre les infections par des virus et des bact\u00e9ries. \u00c9cran en polycarbonate 100% transparent, facile \u00e0 assembler (peut \u00eatre utilis\u00e9 seul ou temporairement coll\u00e9 avec du ruban adh\u00e9sif double face ou viss\u00e9). <\/p>\n<ul> <\/p>\n<li>Hauteur totale : 70 cm<\/li>\n<p> <\/p>\n<li>Hauteur du plexiglas : 50 cm<\/li>\n<p> <\/p>\n<li>Hauteur sous verre : 20 cm<\/li>\n<p> <\/p>\n<li>Largeur totale : 72,50 mm<\/li>\n<p> <\/p>\n<li>Pieds : 35 cm<\/li>\n<p> <\/ul>\n<h4> <\/h4><\/p>\n","protected":false},"excerpt":{"rendered":"<p>\u00c9cran de protection sp\u00e9cialement con\u00e7u pour les bars \u00e0 ongles, mais \u00e9galement adapt\u00e9 \u00e0 votre comptoir \/ accueil. L&rsquo;objectif est de pr\u00e9venir toute transmission de bact\u00e9ries et de virus par la toux ou les \u00e9ternuements. Offrez-vous, ainsi qu&rsquo;\u00e0 vos employ\u00e9(e)s et \u00e0 vos client(e)s, une protection suppl\u00e9mentaire contre les infections par des virus et des [&hellip;]<\/p>\n","protected":false},"featured_media":105626,"comment_status":"open","ping_status":"closed","template":"","meta":{"_acf_changed":false},"product_brand":[10380],"product_cat":[10114],"product_tag":[],"class_list":{"0":"post-135077","1":"product","2":"type-product","3":"status-publish","4":"has-post-thumbnail","6":"product_brand-districos-fr","7":"product_cat-amenagement-amenagement-tables-de-manucure","9":"first","10":"outofstock","11":"taxable","12":"shipping-taxable","13":"product-type-simple"},"acf":[],"yoast_head":"<!-- This site is optimized with the Yoast SEO plugin v27.3 - https:\/\/yoast.com\/product\/yoast-seo-wordpress\/ -->\n<title>\u00c9cran de Protection pour Table\/Comptoir - Districos Webshop<\/title>\n<meta name=\"robots\" content=\"noindex, follow, max-snippet:-1, max-image-preview:large, max-video-preview:-1\" \/>\n<meta property=\"og:locale\" content=\"fr_FR\" \/>\n<meta property=\"og:type\" content=\"article\" \/>\n<meta property=\"og:title\" content=\"\u00c9cran de Protection pour Table\/Comptoir - Districos Webshop\" \/>\n<meta property=\"og:description\" content=\"\u00c9cran de protection sp\u00e9cialement con\u00e7u pour les bars \u00e0 ongles, mais \u00e9galement adapt\u00e9 \u00e0 votre comptoir \/ accueil. L&rsquo;objectif est de pr\u00e9venir toute transmission de bact\u00e9ries et de virus par la toux ou les \u00e9ternuements. Offrez-vous, ainsi qu&rsquo;\u00e0 vos employ\u00e9(e)s et \u00e0 vos client(e)s, une protection suppl\u00e9mentaire contre les infections par des virus et des [&hellip;]\" \/>\n<meta property=\"og:url\" content=\"https:\/\/districos.standingout.be\/fr\/product\/ecran-de-protection-pour-table-comptoir-ref-5213-013\/\" \/>\n<meta property=\"og:site_name\" content=\"Districos Webshop\" \/>\n<meta property=\"article:modified_time\" content=\"2026-04-28T01:26:05+00:00\" \/>\n<meta property=\"og:image\" content=\"https:\/\/districos.standingout.be\/wp-content\/uploads\/2026\/02\/5213.013@HighRes_1_99.png\" \/>\n\t<meta property=\"og:image:width\" content=\"600\" \/>\n\t<meta property=\"og:image:height\" content=\"600\" \/>\n\t<meta property=\"og:image:type\" content=\"image\/png\" \/>\n<meta name=\"twitter:card\" content=\"summary_large_image\" \/>\n<meta name=\"twitter:label1\" content=\"Dur\u00e9e de lecture estim\u00e9e\" \/>\n\t<meta name=\"twitter:data1\" content=\"1 minute\" \/>\n<script type=\"application\/ld+json\" class=\"yoast-schema-graph\">{\"@context\":\"https:\\\/\\\/schema.org\",\"@graph\":[{\"@type\":\"WebPage\",\"@id\":\"https:\\\/\\\/districos.standingout.be\\\/fr\\\/product\\\/ecran-de-protection-pour-table-comptoir-ref-5213-013\\\/\",\"url\":\"https:\\\/\\\/districos.standingout.be\\\/fr\\\/product\\\/ecran-de-protection-pour-table-comptoir-ref-5213-013\\\/\",\"name\":\"\u00c9cran de Protection pour Table\\\/Comptoir - Districos Webshop\",\"isPartOf\":{\"@id\":\"https:\\\/\\\/districos.standingout.be\\\/fr\\\/#website\"},\"primaryImageOfPage\":{\"@id\":\"https:\\\/\\\/districos.standingout.be\\\/fr\\\/product\\\/ecran-de-protection-pour-table-comptoir-ref-5213-013\\\/#primaryimage\"},\"image\":{\"@id\":\"https:\\\/\\\/districos.standingout.be\\\/fr\\\/product\\\/ecran-de-protection-pour-table-comptoir-ref-5213-013\\\/#primaryimage\"},\"thumbnailUrl\":\"https:\\\/\\\/districos.standingout.be\\\/wp-content\\\/uploads\\\/2026\\\/02\\\/5213.013@HighRes_1_99.png\",\"datePublished\":\"2026-04-28T01:26:03+00:00\",\"dateModified\":\"2026-04-28T01:26:05+00:00\",\"breadcrumb\":{\"@id\":\"https:\\\/\\\/districos.standingout.be\\\/fr\\\/product\\\/ecran-de-protection-pour-table-comptoir-ref-5213-013\\\/#breadcrumb\"},\"inLanguage\":\"fr-FR\",\"potentialAction\":[{\"@type\":\"ReadAction\",\"target\":[\"https:\\\/\\\/districos.standingout.be\\\/fr\\\/product\\\/ecran-de-protection-pour-table-comptoir-ref-5213-013\\\/\"]}]},{\"@type\":\"ImageObject\",\"inLanguage\":\"fr-FR\",\"@id\":\"https:\\\/\\\/districos.standingout.be\\\/fr\\\/product\\\/ecran-de-protection-pour-table-comptoir-ref-5213-013\\\/#primaryimage\",\"url\":\"https:\\\/\\\/districos.standingout.be\\\/wp-content\\\/uploads\\\/2026\\\/02\\\/5213.013@HighRes_1_99.png\",\"contentUrl\":\"https:\\\/\\\/districos.standingout.be\\\/wp-content\\\/uploads\\\/2026\\\/02\\\/5213.013@HighRes_1_99.png\",\"width\":600,\"height\":600},{\"@type\":\"BreadcrumbList\",\"@id\":\"https:\\\/\\\/districos.standingout.be\\\/fr\\\/product\\\/ecran-de-protection-pour-table-comptoir-ref-5213-013\\\/#breadcrumb\",\"itemListElement\":[{\"@type\":\"ListItem\",\"position\":1,\"name\":\"Home\",\"item\":\"https:\\\/\\\/districos.standingout.be\\\/fr\\\/bienvenue-chez-districos\\\/\"},{\"@type\":\"ListItem\",\"position\":2,\"name\":\"Boutique\",\"item\":\"https:\\\/\\\/districos.standingout.be\\\/fr\\\/boutique\\\/\"},{\"@type\":\"ListItem\",\"position\":3,\"name\":\"\u00c9cran de Protection pour Table\\\/Comptoir\"}]},{\"@type\":\"WebSite\",\"@id\":\"https:\\\/\\\/districos.standingout.be\\\/fr\\\/#website\",\"url\":\"https:\\\/\\\/districos.standingout.be\\\/fr\\\/\",\"name\":\"Districos Webshop\",\"description\":\"\",\"publisher\":{\"@id\":\"https:\\\/\\\/districos.standingout.be\\\/fr\\\/#organization\"},\"potentialAction\":[{\"@type\":\"SearchAction\",\"target\":{\"@type\":\"EntryPoint\",\"urlTemplate\":\"https:\\\/\\\/districos.standingout.be\\\/fr\\\/?s={search_term_string}\"},\"query-input\":{\"@type\":\"PropertyValueSpecification\",\"valueRequired\":true,\"valueName\":\"search_term_string\"}}],\"inLanguage\":\"fr-FR\"},{\"@type\":\"Organization\",\"@id\":\"https:\\\/\\\/districos.standingout.be\\\/fr\\\/#organization\",\"name\":\"Districos Webshop\",\"url\":\"https:\\\/\\\/districos.standingout.be\\\/fr\\\/\",\"logo\":{\"@type\":\"ImageObject\",\"inLanguage\":\"fr-FR\",\"@id\":\"https:\\\/\\\/districos.standingout.be\\\/fr\\\/#\\\/schema\\\/logo\\\/image\\\/\",\"url\":\"https:\\\/\\\/districos.standingout.be\\\/wp-content\\\/uploads\\\/2022\\\/09\\\/Districos_Logo_Webshop.svg\",\"contentUrl\":\"https:\\\/\\\/districos.standingout.be\\\/wp-content\\\/uploads\\\/2022\\\/09\\\/Districos_Logo_Webshop.svg\",\"caption\":\"Districos Webshop\"},\"image\":{\"@id\":\"https:\\\/\\\/districos.standingout.be\\\/fr\\\/#\\\/schema\\\/logo\\\/image\\\/\"}}]}<\/script>\n<!-- \/ Yoast SEO plugin. -->","yoast_head_json":{"title":"\u00c9cran de Protection pour Table\/Comptoir - Districos Webshop","robots":{"index":"noindex","follow":"follow","max-snippet":"max-snippet:-1","max-image-preview":"max-image-preview:large","max-video-preview":"max-video-preview:-1"},"og_locale":"fr_FR","og_type":"article","og_title":"\u00c9cran de Protection pour Table\/Comptoir - Districos Webshop","og_description":"\u00c9cran de protection sp\u00e9cialement con\u00e7u pour les bars \u00e0 ongles, mais \u00e9galement adapt\u00e9 \u00e0 votre comptoir \/ accueil. L&rsquo;objectif est de pr\u00e9venir toute transmission de bact\u00e9ries et de virus par la toux ou les \u00e9ternuements. Offrez-vous, ainsi qu&rsquo;\u00e0 vos employ\u00e9(e)s et \u00e0 vos client(e)s, une protection suppl\u00e9mentaire contre les infections par des virus et des [&hellip;]","og_url":"https:\/\/districos.standingout.be\/fr\/product\/ecran-de-protection-pour-table-comptoir-ref-5213-013\/","og_site_name":"Districos Webshop","article_modified_time":"2026-04-28T01:26:05+00:00","og_image":[{"width":600,"height":600,"url":"https:\/\/districos.standingout.be\/wp-content\/uploads\/2026\/02\/5213.013@HighRes_1_99.png","type":"image\/png"}],"twitter_card":"summary_large_image","twitter_misc":{"Dur\u00e9e de lecture estim\u00e9e":"1 minute"},"schema":{"@context":"https:\/\/schema.org","@graph":[{"@type":"WebPage","@id":"https:\/\/districos.standingout.be\/fr\/product\/ecran-de-protection-pour-table-comptoir-ref-5213-013\/","url":"https:\/\/districos.standingout.be\/fr\/product\/ecran-de-protection-pour-table-comptoir-ref-5213-013\/","name":"\u00c9cran de Protection pour Table\/Comptoir - Districos Webshop","isPartOf":{"@id":"https:\/\/districos.standingout.be\/fr\/#website"},"primaryImageOfPage":{"@id":"https:\/\/districos.standingout.be\/fr\/product\/ecran-de-protection-pour-table-comptoir-ref-5213-013\/#primaryimage"},"image":{"@id":"https:\/\/districos.standingout.be\/fr\/product\/ecran-de-protection-pour-table-comptoir-ref-5213-013\/#primaryimage"},"thumbnailUrl":"https:\/\/districos.standingout.be\/wp-content\/uploads\/2026\/02\/5213.013@HighRes_1_99.png","datePublished":"2026-04-28T01:26:03+00:00","dateModified":"2026-04-28T01:26:05+00:00","breadcrumb":{"@id":"https:\/\/districos.standingout.be\/fr\/product\/ecran-de-protection-pour-table-comptoir-ref-5213-013\/#breadcrumb"},"inLanguage":"fr-FR","potentialAction":[{"@type":"ReadAction","target":["https:\/\/districos.standingout.be\/fr\/product\/ecran-de-protection-pour-table-comptoir-ref-5213-013\/"]}]},{"@type":"ImageObject","inLanguage":"fr-FR","@id":"https:\/\/districos.standingout.be\/fr\/product\/ecran-de-protection-pour-table-comptoir-ref-5213-013\/#primaryimage","url":"https:\/\/districos.standingout.be\/wp-content\/uploads\/2026\/02\/5213.013@HighRes_1_99.png","contentUrl":"https:\/\/districos.standingout.be\/wp-content\/uploads\/2026\/02\/5213.013@HighRes_1_99.png","width":600,"height":600},{"@type":"BreadcrumbList","@id":"https:\/\/districos.standingout.be\/fr\/product\/ecran-de-protection-pour-table-comptoir-ref-5213-013\/#breadcrumb","itemListElement":[{"@type":"ListItem","position":1,"name":"Home","item":"https:\/\/districos.standingout.be\/fr\/bienvenue-chez-districos\/"},{"@type":"ListItem","position":2,"name":"Boutique","item":"https:\/\/districos.standingout.be\/fr\/boutique\/"},{"@type":"ListItem","position":3,"name":"\u00c9cran de Protection pour Table\/Comptoir"}]},{"@type":"WebSite","@id":"https:\/\/districos.standingout.be\/fr\/#website","url":"https:\/\/districos.standingout.be\/fr\/","name":"Districos Webshop","description":"","publisher":{"@id":"https:\/\/districos.standingout.be\/fr\/#organization"},"potentialAction":[{"@type":"SearchAction","target":{"@type":"EntryPoint","urlTemplate":"https:\/\/districos.standingout.be\/fr\/?s={search_term_string}"},"query-input":{"@type":"PropertyValueSpecification","valueRequired":true,"valueName":"search_term_string"}}],"inLanguage":"fr-FR"},{"@type":"Organization","@id":"https:\/\/districos.standingout.be\/fr\/#organization","name":"Districos Webshop","url":"https:\/\/districos.standingout.be\/fr\/","logo":{"@type":"ImageObject","inLanguage":"fr-FR","@id":"https:\/\/districos.standingout.be\/fr\/#\/schema\/logo\/image\/","url":"https:\/\/districos.standingout.be\/wp-content\/uploads\/2022\/09\/Districos_Logo_Webshop.svg","contentUrl":"https:\/\/districos.standingout.be\/wp-content\/uploads\/2022\/09\/Districos_Logo_Webshop.svg","caption":"Districos Webshop"},"image":{"@id":"https:\/\/districos.standingout.be\/fr\/#\/schema\/logo\/image\/"}}]}},"_links":{"self":[{"href":"https:\/\/districos.standingout.be\/fr\/wp-json\/wp\/v2\/product\/135077","targetHints":{"allow":["GET"]}}],"collection":[{"href":"https:\/\/districos.standingout.be\/fr\/wp-json\/wp\/v2\/product"}],"about":[{"href":"https:\/\/districos.standingout.be\/fr\/wp-json\/wp\/v2\/types\/product"}],"replies":[{"embeddable":true,"href":"https:\/\/districos.standingout.be\/fr\/wp-json\/wp\/v2\/comments?post=135077"}],"wp:featuredmedia":[{"embeddable":true,"href":"https:\/\/districos.standingout.be\/fr\/wp-json\/wp\/v2\/media\/105626"}],"wp:attachment":[{"href":"https:\/\/districos.standingout.be\/fr\/wp-json\/wp\/v2\/media?parent=135077"}],"wp:term":[{"taxonomy":"product_brand","embeddable":true,"href":"https:\/\/districos.standingout.be\/fr\/wp-json\/wp\/v2\/product_brand?post=135077"},{"taxonomy":"product_cat","embeddable":true,"href":"https:\/\/districos.standingout.be\/fr\/wp-json\/wp\/v2\/product_cat?post=135077"},{"taxonomy":"product_tag","embeddable":true,"href":"https:\/\/districos.standingout.be\/fr\/wp-json\/wp\/v2\/product_tag?post=135077"}],"curies":[{"name":"wp","href":"https:\/\/api.w.org\/{rel}","templated":true}]}}