{"id":135083,"date":"2026-04-28T03:26:11","date_gmt":"2026-04-28T01:26:11","guid":{"rendered":"https:\/\/webshopdistricoscom.webhosting.be\/product\/herbitas-fleecy-web-180-m-x-225-cm-ref-5213-03-2\/"},"modified":"2026-04-28T03:26:14","modified_gmt":"2026-04-28T01:26:14","slug":"herbitas-fleecy-web-180-m-x-225-cm-ref-5213-03","status":"publish","type":"product","link":"https:\/\/districos.standingout.be\/fr\/product\/herbitas-fleecy-web-180-m-x-225-cm-ref-5213-03\/","title":{"rendered":"Herbitas Fleecy Web 1,80 m x 22,5 cm"},"content":{"rendered":"<p >\n<\/p>\n<p dir=\"ltr\"><font color=\"#ff0400\">2+1 GRATUIT*<\/font><\/p>\n<p dir=\"ltr\"><\/p>\n<p dir=\"ltr\"><\/p>\n<p dir=\"ltr\">L&rsquo;extraordinaire douceur du Fleecy Web le rend id\u00e9al en cas de frottements et frictions sur diff\u00e9rentes zones du pied. Pourvu d\u2019un adh\u00e9sif hypoallerg\u00e9nique qui s&rsquo;adapte parfaitement au contour des pieds gr\u00e2ce \u00e0 son \u00e9lasticit\u00e9. <\/p>\n<p> Emballage : 1 feuille de 1,80 m x 22,5 cm <br \/> \u00c9galement disponible en feuille de 22,5 x 45 cm (R\u00e9f. : 5212.51)<\/p>\n<p dir=\"ltr\"><\/p>\n<p dir=\"ltr\"><span>*Jusqu&rsquo;\u00e0 \u00e9puisement des stocks,&nbsp;<\/span><font color=\"#ff0400\">vous devez mettre vous-m\u00eame 3 pi\u00e8ces dans votre panier d&rsquo;achat<\/font><span>, puis le prix sera r\u00e9gl\u00e9 automatiquement.<\/span><\/p><\/p>\n","protected":false},"excerpt":{"rendered":"<p>2+1 GRATUIT* L&rsquo;extraordinaire douceur du Fleecy Web le rend id\u00e9al en cas de frottements et frictions sur diff\u00e9rentes zones du pied. Pourvu d\u2019un adh\u00e9sif hypoallerg\u00e9nique qui s&rsquo;adapte parfaitement au contour des pieds gr\u00e2ce \u00e0 son \u00e9lasticit\u00e9. Emballage : 1 feuille de 1,80 m x 22,5 cm \u00c9galement disponible en feuille de 22,5 x 45 cm [&hellip;]<\/p>\n","protected":false},"featured_media":105632,"comment_status":"open","ping_status":"closed","template":"","meta":{"_acf_changed":false},"product_brand":[10432],"product_cat":[9998,9954],"product_tag":[],"class_list":{"0":"post-135083","1":"product","2":"type-product","3":"status-publish","4":"has-post-thumbnail","6":"product_brand-herbitas-fr","7":"product_cat-soins-des-pieds-podologie-soulagement-de-la-pression-bandages-anti-pression","8":"product_cat-beaute-pedicure-soulagement-de-la-pression","10":"first","11":"instock","12":"taxable","13":"shipping-taxable","14":"product-type-simple"},"acf":[],"yoast_head":"<!-- This site is optimized with the Yoast SEO plugin v27.3 - https:\/\/yoast.com\/product\/yoast-seo-wordpress\/ -->\n<title>Herbitas Fleecy Web 1,80 m x 22,5 cm - Districos Webshop<\/title>\n<meta name=\"robots\" content=\"noindex, follow, max-snippet:-1, max-image-preview:large, max-video-preview:-1\" \/>\n<meta property=\"og:locale\" content=\"fr_FR\" \/>\n<meta property=\"og:type\" content=\"article\" \/>\n<meta property=\"og:title\" content=\"Herbitas Fleecy Web 1,80 m x 22,5 cm - Districos Webshop\" \/>\n<meta property=\"og:description\" content=\"2+1 GRATUIT* L&rsquo;extraordinaire douceur du Fleecy Web le rend id\u00e9al en cas de frottements et frictions sur diff\u00e9rentes zones du pied. Pourvu d\u2019un adh\u00e9sif hypoallerg\u00e9nique qui s&rsquo;adapte parfaitement au contour des pieds gr\u00e2ce \u00e0 son \u00e9lasticit\u00e9. Emballage : 1 feuille de 1,80 m x 22,5 cm \u00c9galement disponible en feuille de 22,5 x 45 cm [&hellip;]\" \/>\n<meta property=\"og:url\" content=\"https:\/\/districos.standingout.be\/fr\/product\/herbitas-fleecy-web-180-m-x-225-cm-ref-5213-03\/\" \/>\n<meta property=\"og:site_name\" content=\"Districos Webshop\" \/>\n<meta property=\"article:modified_time\" content=\"2026-04-28T01:26:14+00:00\" \/>\n<meta property=\"og:image\" content=\"https:\/\/districos.standingout.be\/wp-content\/uploads\/2026\/02\/5213.03@LowRes_1_0.png\" \/>\n\t<meta property=\"og:image:width\" content=\"600\" \/>\n\t<meta property=\"og:image:height\" content=\"600\" \/>\n\t<meta property=\"og:image:type\" content=\"image\/png\" \/>\n<meta name=\"twitter:card\" content=\"summary_large_image\" \/>\n<script type=\"application\/ld+json\" class=\"yoast-schema-graph\">{\"@context\":\"https:\\\/\\\/schema.org\",\"@graph\":[{\"@type\":\"WebPage\",\"@id\":\"https:\\\/\\\/districos.standingout.be\\\/fr\\\/product\\\/herbitas-fleecy-web-180-m-x-225-cm-ref-5213-03\\\/\",\"url\":\"https:\\\/\\\/districos.standingout.be\\\/fr\\\/product\\\/herbitas-fleecy-web-180-m-x-225-cm-ref-5213-03\\\/\",\"name\":\"Herbitas Fleecy Web 1,80 m x 22,5 cm - Districos Webshop\",\"isPartOf\":{\"@id\":\"https:\\\/\\\/districos.standingout.be\\\/fr\\\/#website\"},\"primaryImageOfPage\":{\"@id\":\"https:\\\/\\\/districos.standingout.be\\\/fr\\\/product\\\/herbitas-fleecy-web-180-m-x-225-cm-ref-5213-03\\\/#primaryimage\"},\"image\":{\"@id\":\"https:\\\/\\\/districos.standingout.be\\\/fr\\\/product\\\/herbitas-fleecy-web-180-m-x-225-cm-ref-5213-03\\\/#primaryimage\"},\"thumbnailUrl\":\"https:\\\/\\\/districos.standingout.be\\\/wp-content\\\/uploads\\\/2026\\\/02\\\/5213.03@LowRes_1_0.png\",\"datePublished\":\"2026-04-28T01:26:11+00:00\",\"dateModified\":\"2026-04-28T01:26:14+00:00\",\"breadcrumb\":{\"@id\":\"https:\\\/\\\/districos.standingout.be\\\/fr\\\/product\\\/herbitas-fleecy-web-180-m-x-225-cm-ref-5213-03\\\/#breadcrumb\"},\"inLanguage\":\"fr-FR\",\"potentialAction\":[{\"@type\":\"ReadAction\",\"target\":[\"https:\\\/\\\/districos.standingout.be\\\/fr\\\/product\\\/herbitas-fleecy-web-180-m-x-225-cm-ref-5213-03\\\/\"]}]},{\"@type\":\"ImageObject\",\"inLanguage\":\"fr-FR\",\"@id\":\"https:\\\/\\\/districos.standingout.be\\\/fr\\\/product\\\/herbitas-fleecy-web-180-m-x-225-cm-ref-5213-03\\\/#primaryimage\",\"url\":\"https:\\\/\\\/districos.standingout.be\\\/wp-content\\\/uploads\\\/2026\\\/02\\\/5213.03@LowRes_1_0.png\",\"contentUrl\":\"https:\\\/\\\/districos.standingout.be\\\/wp-content\\\/uploads\\\/2026\\\/02\\\/5213.03@LowRes_1_0.png\",\"width\":600,\"height\":600},{\"@type\":\"BreadcrumbList\",\"@id\":\"https:\\\/\\\/districos.standingout.be\\\/fr\\\/product\\\/herbitas-fleecy-web-180-m-x-225-cm-ref-5213-03\\\/#breadcrumb\",\"itemListElement\":[{\"@type\":\"ListItem\",\"position\":1,\"name\":\"Home\",\"item\":\"https:\\\/\\\/districos.standingout.be\\\/fr\\\/bienvenue-chez-districos\\\/\"},{\"@type\":\"ListItem\",\"position\":2,\"name\":\"Boutique\",\"item\":\"https:\\\/\\\/districos.standingout.be\\\/fr\\\/boutique\\\/\"},{\"@type\":\"ListItem\",\"position\":3,\"name\":\"Herbitas Fleecy Web 1,80 m x 22,5 cm\"}]},{\"@type\":\"WebSite\",\"@id\":\"https:\\\/\\\/districos.standingout.be\\\/fr\\\/#website\",\"url\":\"https:\\\/\\\/districos.standingout.be\\\/fr\\\/\",\"name\":\"Districos Webshop\",\"description\":\"\",\"publisher\":{\"@id\":\"https:\\\/\\\/districos.standingout.be\\\/fr\\\/#organization\"},\"potentialAction\":[{\"@type\":\"SearchAction\",\"target\":{\"@type\":\"EntryPoint\",\"urlTemplate\":\"https:\\\/\\\/districos.standingout.be\\\/fr\\\/?s={search_term_string}\"},\"query-input\":{\"@type\":\"PropertyValueSpecification\",\"valueRequired\":true,\"valueName\":\"search_term_string\"}}],\"inLanguage\":\"fr-FR\"},{\"@type\":\"Organization\",\"@id\":\"https:\\\/\\\/districos.standingout.be\\\/fr\\\/#organization\",\"name\":\"Districos Webshop\",\"url\":\"https:\\\/\\\/districos.standingout.be\\\/fr\\\/\",\"logo\":{\"@type\":\"ImageObject\",\"inLanguage\":\"fr-FR\",\"@id\":\"https:\\\/\\\/districos.standingout.be\\\/fr\\\/#\\\/schema\\\/logo\\\/image\\\/\",\"url\":\"https:\\\/\\\/districos.standingout.be\\\/wp-content\\\/uploads\\\/2022\\\/09\\\/Districos_Logo_Webshop.svg\",\"contentUrl\":\"https:\\\/\\\/districos.standingout.be\\\/wp-content\\\/uploads\\\/2022\\\/09\\\/Districos_Logo_Webshop.svg\",\"caption\":\"Districos Webshop\"},\"image\":{\"@id\":\"https:\\\/\\\/districos.standingout.be\\\/fr\\\/#\\\/schema\\\/logo\\\/image\\\/\"}}]}<\/script>\n<!-- \/ Yoast SEO plugin. -->","yoast_head_json":{"title":"Herbitas Fleecy Web 1,80 m x 22,5 cm - Districos Webshop","robots":{"index":"noindex","follow":"follow","max-snippet":"max-snippet:-1","max-image-preview":"max-image-preview:large","max-video-preview":"max-video-preview:-1"},"og_locale":"fr_FR","og_type":"article","og_title":"Herbitas Fleecy Web 1,80 m x 22,5 cm - Districos Webshop","og_description":"2+1 GRATUIT* L&rsquo;extraordinaire douceur du Fleecy Web le rend id\u00e9al en cas de frottements et frictions sur diff\u00e9rentes zones du pied. Pourvu d\u2019un adh\u00e9sif hypoallerg\u00e9nique qui s&rsquo;adapte parfaitement au contour des pieds gr\u00e2ce \u00e0 son \u00e9lasticit\u00e9. Emballage : 1 feuille de 1,80 m x 22,5 cm \u00c9galement disponible en feuille de 22,5 x 45 cm [&hellip;]","og_url":"https:\/\/districos.standingout.be\/fr\/product\/herbitas-fleecy-web-180-m-x-225-cm-ref-5213-03\/","og_site_name":"Districos Webshop","article_modified_time":"2026-04-28T01:26:14+00:00","og_image":[{"width":600,"height":600,"url":"https:\/\/districos.standingout.be\/wp-content\/uploads\/2026\/02\/5213.03@LowRes_1_0.png","type":"image\/png"}],"twitter_card":"summary_large_image","schema":{"@context":"https:\/\/schema.org","@graph":[{"@type":"WebPage","@id":"https:\/\/districos.standingout.be\/fr\/product\/herbitas-fleecy-web-180-m-x-225-cm-ref-5213-03\/","url":"https:\/\/districos.standingout.be\/fr\/product\/herbitas-fleecy-web-180-m-x-225-cm-ref-5213-03\/","name":"Herbitas Fleecy Web 1,80 m x 22,5 cm - Districos Webshop","isPartOf":{"@id":"https:\/\/districos.standingout.be\/fr\/#website"},"primaryImageOfPage":{"@id":"https:\/\/districos.standingout.be\/fr\/product\/herbitas-fleecy-web-180-m-x-225-cm-ref-5213-03\/#primaryimage"},"image":{"@id":"https:\/\/districos.standingout.be\/fr\/product\/herbitas-fleecy-web-180-m-x-225-cm-ref-5213-03\/#primaryimage"},"thumbnailUrl":"https:\/\/districos.standingout.be\/wp-content\/uploads\/2026\/02\/5213.03@LowRes_1_0.png","datePublished":"2026-04-28T01:26:11+00:00","dateModified":"2026-04-28T01:26:14+00:00","breadcrumb":{"@id":"https:\/\/districos.standingout.be\/fr\/product\/herbitas-fleecy-web-180-m-x-225-cm-ref-5213-03\/#breadcrumb"},"inLanguage":"fr-FR","potentialAction":[{"@type":"ReadAction","target":["https:\/\/districos.standingout.be\/fr\/product\/herbitas-fleecy-web-180-m-x-225-cm-ref-5213-03\/"]}]},{"@type":"ImageObject","inLanguage":"fr-FR","@id":"https:\/\/districos.standingout.be\/fr\/product\/herbitas-fleecy-web-180-m-x-225-cm-ref-5213-03\/#primaryimage","url":"https:\/\/districos.standingout.be\/wp-content\/uploads\/2026\/02\/5213.03@LowRes_1_0.png","contentUrl":"https:\/\/districos.standingout.be\/wp-content\/uploads\/2026\/02\/5213.03@LowRes_1_0.png","width":600,"height":600},{"@type":"BreadcrumbList","@id":"https:\/\/districos.standingout.be\/fr\/product\/herbitas-fleecy-web-180-m-x-225-cm-ref-5213-03\/#breadcrumb","itemListElement":[{"@type":"ListItem","position":1,"name":"Home","item":"https:\/\/districos.standingout.be\/fr\/bienvenue-chez-districos\/"},{"@type":"ListItem","position":2,"name":"Boutique","item":"https:\/\/districos.standingout.be\/fr\/boutique\/"},{"@type":"ListItem","position":3,"name":"Herbitas Fleecy Web 1,80 m x 22,5 cm"}]},{"@type":"WebSite","@id":"https:\/\/districos.standingout.be\/fr\/#website","url":"https:\/\/districos.standingout.be\/fr\/","name":"Districos Webshop","description":"","publisher":{"@id":"https:\/\/districos.standingout.be\/fr\/#organization"},"potentialAction":[{"@type":"SearchAction","target":{"@type":"EntryPoint","urlTemplate":"https:\/\/districos.standingout.be\/fr\/?s={search_term_string}"},"query-input":{"@type":"PropertyValueSpecification","valueRequired":true,"valueName":"search_term_string"}}],"inLanguage":"fr-FR"},{"@type":"Organization","@id":"https:\/\/districos.standingout.be\/fr\/#organization","name":"Districos Webshop","url":"https:\/\/districos.standingout.be\/fr\/","logo":{"@type":"ImageObject","inLanguage":"fr-FR","@id":"https:\/\/districos.standingout.be\/fr\/#\/schema\/logo\/image\/","url":"https:\/\/districos.standingout.be\/wp-content\/uploads\/2022\/09\/Districos_Logo_Webshop.svg","contentUrl":"https:\/\/districos.standingout.be\/wp-content\/uploads\/2022\/09\/Districos_Logo_Webshop.svg","caption":"Districos Webshop"},"image":{"@id":"https:\/\/districos.standingout.be\/fr\/#\/schema\/logo\/image\/"}}]}},"_links":{"self":[{"href":"https:\/\/districos.standingout.be\/fr\/wp-json\/wp\/v2\/product\/135083","targetHints":{"allow":["GET"]}}],"collection":[{"href":"https:\/\/districos.standingout.be\/fr\/wp-json\/wp\/v2\/product"}],"about":[{"href":"https:\/\/districos.standingout.be\/fr\/wp-json\/wp\/v2\/types\/product"}],"replies":[{"embeddable":true,"href":"https:\/\/districos.standingout.be\/fr\/wp-json\/wp\/v2\/comments?post=135083"}],"wp:featuredmedia":[{"embeddable":true,"href":"https:\/\/districos.standingout.be\/fr\/wp-json\/wp\/v2\/media\/105632"}],"wp:attachment":[{"href":"https:\/\/districos.standingout.be\/fr\/wp-json\/wp\/v2\/media?parent=135083"}],"wp:term":[{"taxonomy":"product_brand","embeddable":true,"href":"https:\/\/districos.standingout.be\/fr\/wp-json\/wp\/v2\/product_brand?post=135083"},{"taxonomy":"product_cat","embeddable":true,"href":"https:\/\/districos.standingout.be\/fr\/wp-json\/wp\/v2\/product_cat?post=135083"},{"taxonomy":"product_tag","embeddable":true,"href":"https:\/\/districos.standingout.be\/fr\/wp-json\/wp\/v2\/product_tag?post=135083"}],"curies":[{"name":"wp","href":"https:\/\/api.w.org\/{rel}","templated":true}]}}