{"id":135089,"date":"2026-04-28T03:30:36","date_gmt":"2026-04-28T01:30:36","guid":{"rendered":"https:\/\/webshopdistricoscom.webhosting.be\/product\/gelsmart-hallux-valgus-separateur-dorteils-l-xl-2-pcs-ref-5215-021\/"},"modified":"2026-04-28T03:30:40","modified_gmt":"2026-04-28T01:30:40","slug":"gelsmart-hallux-valgus-separateur-dorteils-l-xl-2-pcs-ref-5215-021","status":"publish","type":"product","link":"https:\/\/districos.standingout.be\/fr\/product\/gelsmart-hallux-valgus-separateur-dorteils-l-xl-2-pcs-ref-5215-021\/","title":{"rendered":"GelSmart Hallux Valgus S\u00e9parateur d&rsquo;Orteils L\/XL 2 pcs."},"content":{"rendered":"<p >\n<p dir=ltr>S\u00e9parateur d\u2019orteils l\u00e9g\u00e8rement corrigeant avec une boucle afin de rectifier l\u00e9g\u00e8rement un d\u00e9salignement du gros orteil et de r\u00e9duire la pression concomitante. Adapt\u00e9 au hallux valgus. Enrichi en huiles min\u00e9rales pour un confort optimal. Test\u00e9 dermatologiquement, hypoallerg\u00e9nique, lavable et r\u00e9utilisable.<\/p>\n<p> Taille: Large-XL<br \/> Emball\u00e9 par 2 pi\u00e8ces. <\/p><\/p>\n","protected":false},"excerpt":{"rendered":"<p>S\u00e9parateur d\u2019orteils l\u00e9g\u00e8rement corrigeant avec une boucle afin de rectifier l\u00e9g\u00e8rement un d\u00e9salignement du gros orteil et de r\u00e9duire la pression concomitante. Adapt\u00e9 au hallux valgus. Enrichi en huiles min\u00e9rales pour un confort optimal. Test\u00e9 dermatologiquement, hypoallerg\u00e9nique, lavable et r\u00e9utilisable. Taille: Large-XL Emball\u00e9 par 2 pi\u00e8ces.<\/p>\n","protected":false},"featured_media":72914,"comment_status":"open","ping_status":"closed","template":"","meta":{"_acf_changed":false},"product_brand":[10412],"product_cat":[9996,9954],"product_tag":[],"class_list":{"0":"post-135089","1":"product","2":"type-product","3":"status-publish","4":"has-post-thumbnail","6":"product_brand-gelsmart-fr","7":"product_cat-soins-des-pieds-podologie-soulagement-de-la-pression-gels-pads-en-gel","8":"product_cat-beaute-pedicure-soulagement-de-la-pression","10":"first","11":"outofstock","12":"taxable","13":"shipping-taxable","14":"product-type-simple"},"acf":[],"yoast_head":"<!-- This site is optimized with the Yoast SEO plugin v27.3 - https:\/\/yoast.com\/product\/yoast-seo-wordpress\/ -->\n<title>GelSmart Hallux Valgus S\u00e9parateur d&#039;Orteils L\/XL 2 pcs. - Districos Webshop<\/title>\n<meta name=\"robots\" content=\"noindex, follow, max-snippet:-1, max-image-preview:large, max-video-preview:-1\" \/>\n<meta property=\"og:locale\" content=\"fr_FR\" \/>\n<meta property=\"og:type\" content=\"article\" \/>\n<meta property=\"og:title\" content=\"GelSmart Hallux Valgus S\u00e9parateur d&#039;Orteils L\/XL 2 pcs. - Districos Webshop\" \/>\n<meta property=\"og:description\" content=\"S\u00e9parateur d\u2019orteils l\u00e9g\u00e8rement corrigeant avec une boucle afin de rectifier l\u00e9g\u00e8rement un d\u00e9salignement du gros orteil et de r\u00e9duire la pression concomitante. Adapt\u00e9 au hallux valgus. Enrichi en huiles min\u00e9rales pour un confort optimal. Test\u00e9 dermatologiquement, hypoallerg\u00e9nique, lavable et r\u00e9utilisable. Taille: Large-XL Emball\u00e9 par 2 pi\u00e8ces.\" \/>\n<meta property=\"og:url\" content=\"https:\/\/districos.standingout.be\/fr\/product\/gelsmart-hallux-valgus-separateur-dorteils-l-xl-2-pcs-ref-5215-021\/\" \/>\n<meta property=\"og:site_name\" content=\"Districos Webshop\" \/>\n<meta property=\"article:modified_time\" content=\"2026-04-28T01:30:40+00:00\" \/>\n<meta property=\"og:image\" content=\"https:\/\/districos.standingout.be\/wp-content\/uploads\/2025\/07\/5215.021@LowRes_1.png\" \/>\n\t<meta property=\"og:image:width\" content=\"600\" \/>\n\t<meta property=\"og:image:height\" content=\"600\" \/>\n\t<meta property=\"og:image:type\" content=\"image\/png\" \/>\n<meta name=\"twitter:card\" content=\"summary_large_image\" \/>\n<script type=\"application\/ld+json\" class=\"yoast-schema-graph\">{\"@context\":\"https:\\\/\\\/schema.org\",\"@graph\":[{\"@type\":\"WebPage\",\"@id\":\"https:\\\/\\\/districos.standingout.be\\\/fr\\\/product\\\/gelsmart-hallux-valgus-separateur-dorteils-l-xl-2-pcs-ref-5215-021\\\/\",\"url\":\"https:\\\/\\\/districos.standingout.be\\\/fr\\\/product\\\/gelsmart-hallux-valgus-separateur-dorteils-l-xl-2-pcs-ref-5215-021\\\/\",\"name\":\"GelSmart Hallux Valgus S\u00e9parateur d'Orteils L\\\/XL 2 pcs. - Districos Webshop\",\"isPartOf\":{\"@id\":\"https:\\\/\\\/districos.standingout.be\\\/fr\\\/#website\"},\"primaryImageOfPage\":{\"@id\":\"https:\\\/\\\/districos.standingout.be\\\/fr\\\/product\\\/gelsmart-hallux-valgus-separateur-dorteils-l-xl-2-pcs-ref-5215-021\\\/#primaryimage\"},\"image\":{\"@id\":\"https:\\\/\\\/districos.standingout.be\\\/fr\\\/product\\\/gelsmart-hallux-valgus-separateur-dorteils-l-xl-2-pcs-ref-5215-021\\\/#primaryimage\"},\"thumbnailUrl\":\"https:\\\/\\\/districos.standingout.be\\\/wp-content\\\/uploads\\\/2025\\\/07\\\/5215.021@LowRes_1.png\",\"datePublished\":\"2026-04-28T01:30:36+00:00\",\"dateModified\":\"2026-04-28T01:30:40+00:00\",\"breadcrumb\":{\"@id\":\"https:\\\/\\\/districos.standingout.be\\\/fr\\\/product\\\/gelsmart-hallux-valgus-separateur-dorteils-l-xl-2-pcs-ref-5215-021\\\/#breadcrumb\"},\"inLanguage\":\"fr-FR\",\"potentialAction\":[{\"@type\":\"ReadAction\",\"target\":[\"https:\\\/\\\/districos.standingout.be\\\/fr\\\/product\\\/gelsmart-hallux-valgus-separateur-dorteils-l-xl-2-pcs-ref-5215-021\\\/\"]}]},{\"@type\":\"ImageObject\",\"inLanguage\":\"fr-FR\",\"@id\":\"https:\\\/\\\/districos.standingout.be\\\/fr\\\/product\\\/gelsmart-hallux-valgus-separateur-dorteils-l-xl-2-pcs-ref-5215-021\\\/#primaryimage\",\"url\":\"https:\\\/\\\/districos.standingout.be\\\/wp-content\\\/uploads\\\/2025\\\/07\\\/5215.021@LowRes_1.png\",\"contentUrl\":\"https:\\\/\\\/districos.standingout.be\\\/wp-content\\\/uploads\\\/2025\\\/07\\\/5215.021@LowRes_1.png\",\"width\":600,\"height\":600},{\"@type\":\"BreadcrumbList\",\"@id\":\"https:\\\/\\\/districos.standingout.be\\\/fr\\\/product\\\/gelsmart-hallux-valgus-separateur-dorteils-l-xl-2-pcs-ref-5215-021\\\/#breadcrumb\",\"itemListElement\":[{\"@type\":\"ListItem\",\"position\":1,\"name\":\"Home\",\"item\":\"https:\\\/\\\/districos.standingout.be\\\/fr\\\/bienvenue-chez-districos\\\/\"},{\"@type\":\"ListItem\",\"position\":2,\"name\":\"Boutique\",\"item\":\"https:\\\/\\\/districos.standingout.be\\\/fr\\\/boutique\\\/\"},{\"@type\":\"ListItem\",\"position\":3,\"name\":\"GelSmart Hallux Valgus S\u00e9parateur d&#8217;Orteils L\\\/XL 2 pcs.\"}]},{\"@type\":\"WebSite\",\"@id\":\"https:\\\/\\\/districos.standingout.be\\\/fr\\\/#website\",\"url\":\"https:\\\/\\\/districos.standingout.be\\\/fr\\\/\",\"name\":\"Districos Webshop\",\"description\":\"\",\"publisher\":{\"@id\":\"https:\\\/\\\/districos.standingout.be\\\/fr\\\/#organization\"},\"potentialAction\":[{\"@type\":\"SearchAction\",\"target\":{\"@type\":\"EntryPoint\",\"urlTemplate\":\"https:\\\/\\\/districos.standingout.be\\\/fr\\\/?s={search_term_string}\"},\"query-input\":{\"@type\":\"PropertyValueSpecification\",\"valueRequired\":true,\"valueName\":\"search_term_string\"}}],\"inLanguage\":\"fr-FR\"},{\"@type\":\"Organization\",\"@id\":\"https:\\\/\\\/districos.standingout.be\\\/fr\\\/#organization\",\"name\":\"Districos Webshop\",\"url\":\"https:\\\/\\\/districos.standingout.be\\\/fr\\\/\",\"logo\":{\"@type\":\"ImageObject\",\"inLanguage\":\"fr-FR\",\"@id\":\"https:\\\/\\\/districos.standingout.be\\\/fr\\\/#\\\/schema\\\/logo\\\/image\\\/\",\"url\":\"https:\\\/\\\/districos.standingout.be\\\/wp-content\\\/uploads\\\/2022\\\/09\\\/Districos_Logo_Webshop.svg\",\"contentUrl\":\"https:\\\/\\\/districos.standingout.be\\\/wp-content\\\/uploads\\\/2022\\\/09\\\/Districos_Logo_Webshop.svg\",\"caption\":\"Districos Webshop\"},\"image\":{\"@id\":\"https:\\\/\\\/districos.standingout.be\\\/fr\\\/#\\\/schema\\\/logo\\\/image\\\/\"}}]}<\/script>\n<!-- \/ Yoast SEO plugin. -->","yoast_head_json":{"title":"GelSmart Hallux Valgus S\u00e9parateur d'Orteils L\/XL 2 pcs. - Districos Webshop","robots":{"index":"noindex","follow":"follow","max-snippet":"max-snippet:-1","max-image-preview":"max-image-preview:large","max-video-preview":"max-video-preview:-1"},"og_locale":"fr_FR","og_type":"article","og_title":"GelSmart Hallux Valgus S\u00e9parateur d'Orteils L\/XL 2 pcs. - Districos Webshop","og_description":"S\u00e9parateur d\u2019orteils l\u00e9g\u00e8rement corrigeant avec une boucle afin de rectifier l\u00e9g\u00e8rement un d\u00e9salignement du gros orteil et de r\u00e9duire la pression concomitante. Adapt\u00e9 au hallux valgus. Enrichi en huiles min\u00e9rales pour un confort optimal. Test\u00e9 dermatologiquement, hypoallerg\u00e9nique, lavable et r\u00e9utilisable. Taille: Large-XL Emball\u00e9 par 2 pi\u00e8ces.","og_url":"https:\/\/districos.standingout.be\/fr\/product\/gelsmart-hallux-valgus-separateur-dorteils-l-xl-2-pcs-ref-5215-021\/","og_site_name":"Districos Webshop","article_modified_time":"2026-04-28T01:30:40+00:00","og_image":[{"width":600,"height":600,"url":"https:\/\/districos.standingout.be\/wp-content\/uploads\/2025\/07\/5215.021@LowRes_1.png","type":"image\/png"}],"twitter_card":"summary_large_image","schema":{"@context":"https:\/\/schema.org","@graph":[{"@type":"WebPage","@id":"https:\/\/districos.standingout.be\/fr\/product\/gelsmart-hallux-valgus-separateur-dorteils-l-xl-2-pcs-ref-5215-021\/","url":"https:\/\/districos.standingout.be\/fr\/product\/gelsmart-hallux-valgus-separateur-dorteils-l-xl-2-pcs-ref-5215-021\/","name":"GelSmart Hallux Valgus S\u00e9parateur d'Orteils L\/XL 2 pcs. - Districos Webshop","isPartOf":{"@id":"https:\/\/districos.standingout.be\/fr\/#website"},"primaryImageOfPage":{"@id":"https:\/\/districos.standingout.be\/fr\/product\/gelsmart-hallux-valgus-separateur-dorteils-l-xl-2-pcs-ref-5215-021\/#primaryimage"},"image":{"@id":"https:\/\/districos.standingout.be\/fr\/product\/gelsmart-hallux-valgus-separateur-dorteils-l-xl-2-pcs-ref-5215-021\/#primaryimage"},"thumbnailUrl":"https:\/\/districos.standingout.be\/wp-content\/uploads\/2025\/07\/5215.021@LowRes_1.png","datePublished":"2026-04-28T01:30:36+00:00","dateModified":"2026-04-28T01:30:40+00:00","breadcrumb":{"@id":"https:\/\/districos.standingout.be\/fr\/product\/gelsmart-hallux-valgus-separateur-dorteils-l-xl-2-pcs-ref-5215-021\/#breadcrumb"},"inLanguage":"fr-FR","potentialAction":[{"@type":"ReadAction","target":["https:\/\/districos.standingout.be\/fr\/product\/gelsmart-hallux-valgus-separateur-dorteils-l-xl-2-pcs-ref-5215-021\/"]}]},{"@type":"ImageObject","inLanguage":"fr-FR","@id":"https:\/\/districos.standingout.be\/fr\/product\/gelsmart-hallux-valgus-separateur-dorteils-l-xl-2-pcs-ref-5215-021\/#primaryimage","url":"https:\/\/districos.standingout.be\/wp-content\/uploads\/2025\/07\/5215.021@LowRes_1.png","contentUrl":"https:\/\/districos.standingout.be\/wp-content\/uploads\/2025\/07\/5215.021@LowRes_1.png","width":600,"height":600},{"@type":"BreadcrumbList","@id":"https:\/\/districos.standingout.be\/fr\/product\/gelsmart-hallux-valgus-separateur-dorteils-l-xl-2-pcs-ref-5215-021\/#breadcrumb","itemListElement":[{"@type":"ListItem","position":1,"name":"Home","item":"https:\/\/districos.standingout.be\/fr\/bienvenue-chez-districos\/"},{"@type":"ListItem","position":2,"name":"Boutique","item":"https:\/\/districos.standingout.be\/fr\/boutique\/"},{"@type":"ListItem","position":3,"name":"GelSmart Hallux Valgus S\u00e9parateur d&#8217;Orteils L\/XL 2 pcs."}]},{"@type":"WebSite","@id":"https:\/\/districos.standingout.be\/fr\/#website","url":"https:\/\/districos.standingout.be\/fr\/","name":"Districos Webshop","description":"","publisher":{"@id":"https:\/\/districos.standingout.be\/fr\/#organization"},"potentialAction":[{"@type":"SearchAction","target":{"@type":"EntryPoint","urlTemplate":"https:\/\/districos.standingout.be\/fr\/?s={search_term_string}"},"query-input":{"@type":"PropertyValueSpecification","valueRequired":true,"valueName":"search_term_string"}}],"inLanguage":"fr-FR"},{"@type":"Organization","@id":"https:\/\/districos.standingout.be\/fr\/#organization","name":"Districos Webshop","url":"https:\/\/districos.standingout.be\/fr\/","logo":{"@type":"ImageObject","inLanguage":"fr-FR","@id":"https:\/\/districos.standingout.be\/fr\/#\/schema\/logo\/image\/","url":"https:\/\/districos.standingout.be\/wp-content\/uploads\/2022\/09\/Districos_Logo_Webshop.svg","contentUrl":"https:\/\/districos.standingout.be\/wp-content\/uploads\/2022\/09\/Districos_Logo_Webshop.svg","caption":"Districos Webshop"},"image":{"@id":"https:\/\/districos.standingout.be\/fr\/#\/schema\/logo\/image\/"}}]}},"_links":{"self":[{"href":"https:\/\/districos.standingout.be\/fr\/wp-json\/wp\/v2\/product\/135089","targetHints":{"allow":["GET"]}}],"collection":[{"href":"https:\/\/districos.standingout.be\/fr\/wp-json\/wp\/v2\/product"}],"about":[{"href":"https:\/\/districos.standingout.be\/fr\/wp-json\/wp\/v2\/types\/product"}],"replies":[{"embeddable":true,"href":"https:\/\/districos.standingout.be\/fr\/wp-json\/wp\/v2\/comments?post=135089"}],"wp:featuredmedia":[{"embeddable":true,"href":"https:\/\/districos.standingout.be\/fr\/wp-json\/wp\/v2\/media\/72914"}],"wp:attachment":[{"href":"https:\/\/districos.standingout.be\/fr\/wp-json\/wp\/v2\/media?parent=135089"}],"wp:term":[{"taxonomy":"product_brand","embeddable":true,"href":"https:\/\/districos.standingout.be\/fr\/wp-json\/wp\/v2\/product_brand?post=135089"},{"taxonomy":"product_cat","embeddable":true,"href":"https:\/\/districos.standingout.be\/fr\/wp-json\/wp\/v2\/product_cat?post=135089"},{"taxonomy":"product_tag","embeddable":true,"href":"https:\/\/districos.standingout.be\/fr\/wp-json\/wp\/v2\/product_tag?post=135089"}],"curies":[{"name":"wp","href":"https:\/\/api.w.org\/{rel}","templated":true}]}}