{"id":135093,"date":"2026-04-28T03:35:40","date_gmt":"2026-04-28T01:35:40","guid":{"rendered":"https:\/\/webshopdistricoscom.webhosting.be\/product\/gelsmart-coussin-metatarsien-all-gel-1-paire-ref-5215-114\/"},"modified":"2026-04-28T03:35:44","modified_gmt":"2026-04-28T01:35:44","slug":"gelsmart-coussin-metatarsien-all-gel-1-paire-ref-5215-114","status":"publish","type":"product","link":"https:\/\/districos.standingout.be\/fr\/product\/gelsmart-coussin-metatarsien-all-gel-1-paire-ref-5215-114\/","title":{"rendered":"GelSmart Coussin M\u00e9tatarsien All Gel 1 paire"},"content":{"rendered":"<p >\n<p dir=ltr>\n<ul> <\/p>\n<li>Offre une protection, un confort et un soulagement de la pression pour tout le m\u00e9tatarse et en particulier les m\u00e9tatarsiens (M\u00e9tatarsalgie et n\u00e9vralgie). <\/li>\n<p> <\/p>\n<li>Le s\u00e9parateur d\u2019orteils soulage l\u2019irritation et le frottement entre le gros et le 2i\u00e8me orteil et corrige l\u00e9g\u00e8rement un d\u00e9salignement des orteils.<\/li>\n<p> <\/p>\n<li>Absorbe les chocs pour un confort optimal.<\/li>\n<p> <\/p>\n<li>Le s\u00e9parateur reste en place lors du port.<\/li>\n<p> <\/p>\n<li>Test\u00e9 dermatologiquement, hypoallerg\u00e9nique, lavable et r\u00e9utilisable.<\/li>\n<p> <\/ul>\n<p> Emballage: 1 paire<\/p><\/p>\n","protected":false},"excerpt":{"rendered":"<p>Offre une protection, un confort et un soulagement de la pression pour tout le m\u00e9tatarse et en particulier les m\u00e9tatarsiens (M\u00e9tatarsalgie et n\u00e9vralgie). Le s\u00e9parateur d\u2019orteils soulage l\u2019irritation et le frottement entre le gros et le 2i\u00e8me orteil et corrige l\u00e9g\u00e8rement un d\u00e9salignement des orteils. Absorbe les chocs pour un confort optimal. Le s\u00e9parateur reste [&hellip;]<\/p>\n","protected":false},"featured_media":72995,"comment_status":"open","ping_status":"closed","template":"","meta":{"_acf_changed":false},"product_brand":[10412],"product_cat":[9996,9954],"product_tag":[],"class_list":{"0":"post-135093","1":"product","2":"type-product","3":"status-publish","4":"has-post-thumbnail","6":"product_brand-gelsmart-fr","7":"product_cat-soins-des-pieds-podologie-soulagement-de-la-pression-gels-pads-en-gel","8":"product_cat-beaute-pedicure-soulagement-de-la-pression","10":"first","11":"instock","12":"taxable","13":"shipping-taxable","14":"product-type-simple"},"acf":[],"yoast_head":"<!-- This site is optimized with the Yoast SEO plugin v27.3 - https:\/\/yoast.com\/product\/yoast-seo-wordpress\/ -->\n<title>GelSmart Coussin M\u00e9tatarsien All Gel 1 paire - Districos Webshop<\/title>\n<meta name=\"robots\" content=\"noindex, follow, max-snippet:-1, max-image-preview:large, max-video-preview:-1\" \/>\n<meta property=\"og:locale\" content=\"fr_FR\" \/>\n<meta property=\"og:type\" content=\"article\" \/>\n<meta property=\"og:title\" content=\"GelSmart Coussin M\u00e9tatarsien All Gel 1 paire - Districos Webshop\" \/>\n<meta property=\"og:description\" content=\"Offre une protection, un confort et un soulagement de la pression pour tout le m\u00e9tatarse et en particulier les m\u00e9tatarsiens (M\u00e9tatarsalgie et n\u00e9vralgie). Le s\u00e9parateur d\u2019orteils soulage l\u2019irritation et le frottement entre le gros et le 2i\u00e8me orteil et corrige l\u00e9g\u00e8rement un d\u00e9salignement des orteils. Absorbe les chocs pour un confort optimal. Le s\u00e9parateur reste [&hellip;]\" \/>\n<meta property=\"og:url\" content=\"https:\/\/districos.standingout.be\/fr\/product\/gelsmart-coussin-metatarsien-all-gel-1-paire-ref-5215-114\/\" \/>\n<meta property=\"og:site_name\" content=\"Districos Webshop\" \/>\n<meta property=\"article:modified_time\" content=\"2026-04-28T01:35:44+00:00\" \/>\n<meta property=\"og:image\" content=\"https:\/\/districos.standingout.be\/wp-content\/uploads\/2025\/07\/5215.114@LowRes_1.png\" \/>\n\t<meta property=\"og:image:width\" content=\"600\" \/>\n\t<meta property=\"og:image:height\" content=\"600\" \/>\n\t<meta property=\"og:image:type\" content=\"image\/png\" \/>\n<meta name=\"twitter:card\" content=\"summary_large_image\" \/>\n<script type=\"application\/ld+json\" class=\"yoast-schema-graph\">{\"@context\":\"https:\\\/\\\/schema.org\",\"@graph\":[{\"@type\":\"WebPage\",\"@id\":\"https:\\\/\\\/districos.standingout.be\\\/fr\\\/product\\\/gelsmart-coussin-metatarsien-all-gel-1-paire-ref-5215-114\\\/\",\"url\":\"https:\\\/\\\/districos.standingout.be\\\/fr\\\/product\\\/gelsmart-coussin-metatarsien-all-gel-1-paire-ref-5215-114\\\/\",\"name\":\"GelSmart Coussin M\u00e9tatarsien All Gel 1 paire - Districos Webshop\",\"isPartOf\":{\"@id\":\"https:\\\/\\\/districos.standingout.be\\\/fr\\\/#website\"},\"primaryImageOfPage\":{\"@id\":\"https:\\\/\\\/districos.standingout.be\\\/fr\\\/product\\\/gelsmart-coussin-metatarsien-all-gel-1-paire-ref-5215-114\\\/#primaryimage\"},\"image\":{\"@id\":\"https:\\\/\\\/districos.standingout.be\\\/fr\\\/product\\\/gelsmart-coussin-metatarsien-all-gel-1-paire-ref-5215-114\\\/#primaryimage\"},\"thumbnailUrl\":\"https:\\\/\\\/districos.standingout.be\\\/wp-content\\\/uploads\\\/2025\\\/07\\\/5215.114@LowRes_1.png\",\"datePublished\":\"2026-04-28T01:35:40+00:00\",\"dateModified\":\"2026-04-28T01:35:44+00:00\",\"breadcrumb\":{\"@id\":\"https:\\\/\\\/districos.standingout.be\\\/fr\\\/product\\\/gelsmart-coussin-metatarsien-all-gel-1-paire-ref-5215-114\\\/#breadcrumb\"},\"inLanguage\":\"fr-FR\",\"potentialAction\":[{\"@type\":\"ReadAction\",\"target\":[\"https:\\\/\\\/districos.standingout.be\\\/fr\\\/product\\\/gelsmart-coussin-metatarsien-all-gel-1-paire-ref-5215-114\\\/\"]}]},{\"@type\":\"ImageObject\",\"inLanguage\":\"fr-FR\",\"@id\":\"https:\\\/\\\/districos.standingout.be\\\/fr\\\/product\\\/gelsmart-coussin-metatarsien-all-gel-1-paire-ref-5215-114\\\/#primaryimage\",\"url\":\"https:\\\/\\\/districos.standingout.be\\\/wp-content\\\/uploads\\\/2025\\\/07\\\/5215.114@LowRes_1.png\",\"contentUrl\":\"https:\\\/\\\/districos.standingout.be\\\/wp-content\\\/uploads\\\/2025\\\/07\\\/5215.114@LowRes_1.png\",\"width\":600,\"height\":600},{\"@type\":\"BreadcrumbList\",\"@id\":\"https:\\\/\\\/districos.standingout.be\\\/fr\\\/product\\\/gelsmart-coussin-metatarsien-all-gel-1-paire-ref-5215-114\\\/#breadcrumb\",\"itemListElement\":[{\"@type\":\"ListItem\",\"position\":1,\"name\":\"Home\",\"item\":\"https:\\\/\\\/districos.standingout.be\\\/fr\\\/bienvenue-chez-districos\\\/\"},{\"@type\":\"ListItem\",\"position\":2,\"name\":\"Boutique\",\"item\":\"https:\\\/\\\/districos.standingout.be\\\/fr\\\/boutique\\\/\"},{\"@type\":\"ListItem\",\"position\":3,\"name\":\"GelSmart Coussin M\u00e9tatarsien All Gel 1 paire\"}]},{\"@type\":\"WebSite\",\"@id\":\"https:\\\/\\\/districos.standingout.be\\\/fr\\\/#website\",\"url\":\"https:\\\/\\\/districos.standingout.be\\\/fr\\\/\",\"name\":\"Districos Webshop\",\"description\":\"\",\"publisher\":{\"@id\":\"https:\\\/\\\/districos.standingout.be\\\/fr\\\/#organization\"},\"potentialAction\":[{\"@type\":\"SearchAction\",\"target\":{\"@type\":\"EntryPoint\",\"urlTemplate\":\"https:\\\/\\\/districos.standingout.be\\\/fr\\\/?s={search_term_string}\"},\"query-input\":{\"@type\":\"PropertyValueSpecification\",\"valueRequired\":true,\"valueName\":\"search_term_string\"}}],\"inLanguage\":\"fr-FR\"},{\"@type\":\"Organization\",\"@id\":\"https:\\\/\\\/districos.standingout.be\\\/fr\\\/#organization\",\"name\":\"Districos Webshop\",\"url\":\"https:\\\/\\\/districos.standingout.be\\\/fr\\\/\",\"logo\":{\"@type\":\"ImageObject\",\"inLanguage\":\"fr-FR\",\"@id\":\"https:\\\/\\\/districos.standingout.be\\\/fr\\\/#\\\/schema\\\/logo\\\/image\\\/\",\"url\":\"https:\\\/\\\/districos.standingout.be\\\/wp-content\\\/uploads\\\/2022\\\/09\\\/Districos_Logo_Webshop.svg\",\"contentUrl\":\"https:\\\/\\\/districos.standingout.be\\\/wp-content\\\/uploads\\\/2022\\\/09\\\/Districos_Logo_Webshop.svg\",\"caption\":\"Districos Webshop\"},\"image\":{\"@id\":\"https:\\\/\\\/districos.standingout.be\\\/fr\\\/#\\\/schema\\\/logo\\\/image\\\/\"}}]}<\/script>\n<!-- \/ Yoast SEO plugin. -->","yoast_head_json":{"title":"GelSmart Coussin M\u00e9tatarsien All Gel 1 paire - Districos Webshop","robots":{"index":"noindex","follow":"follow","max-snippet":"max-snippet:-1","max-image-preview":"max-image-preview:large","max-video-preview":"max-video-preview:-1"},"og_locale":"fr_FR","og_type":"article","og_title":"GelSmart Coussin M\u00e9tatarsien All Gel 1 paire - Districos Webshop","og_description":"Offre une protection, un confort et un soulagement de la pression pour tout le m\u00e9tatarse et en particulier les m\u00e9tatarsiens (M\u00e9tatarsalgie et n\u00e9vralgie). Le s\u00e9parateur d\u2019orteils soulage l\u2019irritation et le frottement entre le gros et le 2i\u00e8me orteil et corrige l\u00e9g\u00e8rement un d\u00e9salignement des orteils. Absorbe les chocs pour un confort optimal. Le s\u00e9parateur reste [&hellip;]","og_url":"https:\/\/districos.standingout.be\/fr\/product\/gelsmart-coussin-metatarsien-all-gel-1-paire-ref-5215-114\/","og_site_name":"Districos Webshop","article_modified_time":"2026-04-28T01:35:44+00:00","og_image":[{"width":600,"height":600,"url":"https:\/\/districos.standingout.be\/wp-content\/uploads\/2025\/07\/5215.114@LowRes_1.png","type":"image\/png"}],"twitter_card":"summary_large_image","schema":{"@context":"https:\/\/schema.org","@graph":[{"@type":"WebPage","@id":"https:\/\/districos.standingout.be\/fr\/product\/gelsmart-coussin-metatarsien-all-gel-1-paire-ref-5215-114\/","url":"https:\/\/districos.standingout.be\/fr\/product\/gelsmart-coussin-metatarsien-all-gel-1-paire-ref-5215-114\/","name":"GelSmart Coussin M\u00e9tatarsien All Gel 1 paire - Districos Webshop","isPartOf":{"@id":"https:\/\/districos.standingout.be\/fr\/#website"},"primaryImageOfPage":{"@id":"https:\/\/districos.standingout.be\/fr\/product\/gelsmart-coussin-metatarsien-all-gel-1-paire-ref-5215-114\/#primaryimage"},"image":{"@id":"https:\/\/districos.standingout.be\/fr\/product\/gelsmart-coussin-metatarsien-all-gel-1-paire-ref-5215-114\/#primaryimage"},"thumbnailUrl":"https:\/\/districos.standingout.be\/wp-content\/uploads\/2025\/07\/5215.114@LowRes_1.png","datePublished":"2026-04-28T01:35:40+00:00","dateModified":"2026-04-28T01:35:44+00:00","breadcrumb":{"@id":"https:\/\/districos.standingout.be\/fr\/product\/gelsmart-coussin-metatarsien-all-gel-1-paire-ref-5215-114\/#breadcrumb"},"inLanguage":"fr-FR","potentialAction":[{"@type":"ReadAction","target":["https:\/\/districos.standingout.be\/fr\/product\/gelsmart-coussin-metatarsien-all-gel-1-paire-ref-5215-114\/"]}]},{"@type":"ImageObject","inLanguage":"fr-FR","@id":"https:\/\/districos.standingout.be\/fr\/product\/gelsmart-coussin-metatarsien-all-gel-1-paire-ref-5215-114\/#primaryimage","url":"https:\/\/districos.standingout.be\/wp-content\/uploads\/2025\/07\/5215.114@LowRes_1.png","contentUrl":"https:\/\/districos.standingout.be\/wp-content\/uploads\/2025\/07\/5215.114@LowRes_1.png","width":600,"height":600},{"@type":"BreadcrumbList","@id":"https:\/\/districos.standingout.be\/fr\/product\/gelsmart-coussin-metatarsien-all-gel-1-paire-ref-5215-114\/#breadcrumb","itemListElement":[{"@type":"ListItem","position":1,"name":"Home","item":"https:\/\/districos.standingout.be\/fr\/bienvenue-chez-districos\/"},{"@type":"ListItem","position":2,"name":"Boutique","item":"https:\/\/districos.standingout.be\/fr\/boutique\/"},{"@type":"ListItem","position":3,"name":"GelSmart Coussin M\u00e9tatarsien All Gel 1 paire"}]},{"@type":"WebSite","@id":"https:\/\/districos.standingout.be\/fr\/#website","url":"https:\/\/districos.standingout.be\/fr\/","name":"Districos Webshop","description":"","publisher":{"@id":"https:\/\/districos.standingout.be\/fr\/#organization"},"potentialAction":[{"@type":"SearchAction","target":{"@type":"EntryPoint","urlTemplate":"https:\/\/districos.standingout.be\/fr\/?s={search_term_string}"},"query-input":{"@type":"PropertyValueSpecification","valueRequired":true,"valueName":"search_term_string"}}],"inLanguage":"fr-FR"},{"@type":"Organization","@id":"https:\/\/districos.standingout.be\/fr\/#organization","name":"Districos Webshop","url":"https:\/\/districos.standingout.be\/fr\/","logo":{"@type":"ImageObject","inLanguage":"fr-FR","@id":"https:\/\/districos.standingout.be\/fr\/#\/schema\/logo\/image\/","url":"https:\/\/districos.standingout.be\/wp-content\/uploads\/2022\/09\/Districos_Logo_Webshop.svg","contentUrl":"https:\/\/districos.standingout.be\/wp-content\/uploads\/2022\/09\/Districos_Logo_Webshop.svg","caption":"Districos Webshop"},"image":{"@id":"https:\/\/districos.standingout.be\/fr\/#\/schema\/logo\/image\/"}}]}},"_links":{"self":[{"href":"https:\/\/districos.standingout.be\/fr\/wp-json\/wp\/v2\/product\/135093","targetHints":{"allow":["GET"]}}],"collection":[{"href":"https:\/\/districos.standingout.be\/fr\/wp-json\/wp\/v2\/product"}],"about":[{"href":"https:\/\/districos.standingout.be\/fr\/wp-json\/wp\/v2\/types\/product"}],"replies":[{"embeddable":true,"href":"https:\/\/districos.standingout.be\/fr\/wp-json\/wp\/v2\/comments?post=135093"}],"wp:featuredmedia":[{"embeddable":true,"href":"https:\/\/districos.standingout.be\/fr\/wp-json\/wp\/v2\/media\/72995"}],"wp:attachment":[{"href":"https:\/\/districos.standingout.be\/fr\/wp-json\/wp\/v2\/media?parent=135093"}],"wp:term":[{"taxonomy":"product_brand","embeddable":true,"href":"https:\/\/districos.standingout.be\/fr\/wp-json\/wp\/v2\/product_brand?post=135093"},{"taxonomy":"product_cat","embeddable":true,"href":"https:\/\/districos.standingout.be\/fr\/wp-json\/wp\/v2\/product_cat?post=135093"},{"taxonomy":"product_tag","embeddable":true,"href":"https:\/\/districos.standingout.be\/fr\/wp-json\/wp\/v2\/product_tag?post=135093"}],"curies":[{"name":"wp","href":"https:\/\/api.w.org\/{rel}","templated":true}]}}