{"id":135101,"date":"2026-04-28T03:40:46","date_gmt":"2026-04-28T01:40:46","guid":{"rendered":"https:\/\/webshopdistricoscom.webhosting.be\/product\/gelsmart-pad-pour-voute-plantaire-never-slip-1-paire-ref-5215-162\/"},"modified":"2026-04-28T03:40:49","modified_gmt":"2026-04-28T01:40:49","slug":"gelsmart-pad-pour-voute-plantaire-never-slip-1-paire-ref-5215-162","status":"publish","type":"product","link":"https:\/\/districos.standingout.be\/fr\/product\/gelsmart-pad-pour-voute-plantaire-never-slip-1-paire-ref-5215-162\/","title":{"rendered":"GelSmart Pad pour Vo\u00fbte Plantaire Never Slip 1 paire"},"content":{"rendered":"<p >\n<p dir=ltr>Ce pad en gel fin et transparent prot\u00e8ge et soutien l\u2019arche longitudinale m\u00e9diale en cas d\u2019arches douloureux, affaiblis ou pieds creux et lors de probl\u00e8mes de pronation (la pronation = le d\u00e9roulement du pied vers l\u2019int\u00e9rieur juste apr\u00e8s la r\u00e9ception du talon au sol). Le gel absorbe les chocs pour un confort optimal et gr\u00e2ce \u00e0 la technologie Never SlipTM, le pad est auto-adh\u00e9sif afin qu\u2019il reste en place. Le pad en gel, fabriqu\u00e9 en polyur\u00e9thane, est exempt de latex, hypoallerg\u00e9nique et test\u00e9 dermatologiquement. Lavable et r\u00e9utilisable.<\/p>\n<p> Taille: Universel<br \/> Emball\u00e9 par 2 pi\u00e8ces. <\/p><\/p>\n","protected":false},"excerpt":{"rendered":"<p>Ce pad en gel fin et transparent prot\u00e8ge et soutien l\u2019arche longitudinale m\u00e9diale en cas d\u2019arches douloureux, affaiblis ou pieds creux et lors de probl\u00e8mes de pronation (la pronation = le d\u00e9roulement du pied vers l\u2019int\u00e9rieur juste apr\u00e8s la r\u00e9ception du talon au sol). Le gel absorbe les chocs pour un confort optimal et gr\u00e2ce [&hellip;]<\/p>\n","protected":false},"featured_media":73067,"comment_status":"open","ping_status":"closed","template":"","meta":{"_acf_changed":false},"product_brand":[10412],"product_cat":[9996,9954],"product_tag":[],"class_list":{"0":"post-135101","1":"product","2":"type-product","3":"status-publish","4":"has-post-thumbnail","6":"product_brand-gelsmart-fr","7":"product_cat-soins-des-pieds-podologie-soulagement-de-la-pression-gels-pads-en-gel","8":"product_cat-beaute-pedicure-soulagement-de-la-pression","10":"first","11":"outofstock","12":"taxable","13":"shipping-taxable","14":"product-type-simple"},"acf":[],"yoast_head":"<!-- This site is optimized with the Yoast SEO plugin v27.3 - https:\/\/yoast.com\/product\/yoast-seo-wordpress\/ -->\n<title>GelSmart Pad pour Vo\u00fbte Plantaire Never Slip 1 paire - Districos Webshop<\/title>\n<meta name=\"robots\" content=\"noindex, follow, max-snippet:-1, max-image-preview:large, max-video-preview:-1\" \/>\n<meta property=\"og:locale\" content=\"fr_FR\" \/>\n<meta property=\"og:type\" content=\"article\" \/>\n<meta property=\"og:title\" content=\"GelSmart Pad pour Vo\u00fbte Plantaire Never Slip 1 paire - Districos Webshop\" \/>\n<meta property=\"og:description\" content=\"Ce pad en gel fin et transparent prot\u00e8ge et soutien l\u2019arche longitudinale m\u00e9diale en cas d\u2019arches douloureux, affaiblis ou pieds creux et lors de probl\u00e8mes de pronation (la pronation = le d\u00e9roulement du pied vers l\u2019int\u00e9rieur juste apr\u00e8s la r\u00e9ception du talon au sol). Le gel absorbe les chocs pour un confort optimal et gr\u00e2ce [&hellip;]\" \/>\n<meta property=\"og:url\" content=\"https:\/\/districos.standingout.be\/fr\/product\/gelsmart-pad-pour-voute-plantaire-never-slip-1-paire-ref-5215-162\/\" \/>\n<meta property=\"og:site_name\" content=\"Districos Webshop\" \/>\n<meta property=\"article:modified_time\" content=\"2026-04-28T01:40:49+00:00\" \/>\n<meta name=\"twitter:card\" content=\"summary_large_image\" \/>\n<meta name=\"twitter:label1\" content=\"Dur\u00e9e de lecture estim\u00e9e\" \/>\n\t<meta name=\"twitter:data1\" content=\"1 minute\" \/>\n<script type=\"application\/ld+json\" class=\"yoast-schema-graph\">{\"@context\":\"https:\\\/\\\/schema.org\",\"@graph\":[{\"@type\":\"WebPage\",\"@id\":\"https:\\\/\\\/districos.standingout.be\\\/fr\\\/product\\\/gelsmart-pad-pour-voute-plantaire-never-slip-1-paire-ref-5215-162\\\/\",\"url\":\"https:\\\/\\\/districos.standingout.be\\\/fr\\\/product\\\/gelsmart-pad-pour-voute-plantaire-never-slip-1-paire-ref-5215-162\\\/\",\"name\":\"GelSmart Pad pour Vo\u00fbte Plantaire Never Slip 1 paire - Districos Webshop\",\"isPartOf\":{\"@id\":\"https:\\\/\\\/districos.standingout.be\\\/fr\\\/#website\"},\"primaryImageOfPage\":{\"@id\":\"https:\\\/\\\/districos.standingout.be\\\/fr\\\/product\\\/gelsmart-pad-pour-voute-plantaire-never-slip-1-paire-ref-5215-162\\\/#primaryimage\"},\"image\":{\"@id\":\"https:\\\/\\\/districos.standingout.be\\\/fr\\\/product\\\/gelsmart-pad-pour-voute-plantaire-never-slip-1-paire-ref-5215-162\\\/#primaryimage\"},\"thumbnailUrl\":\"https:\\\/\\\/districos.standingout.be\\\/wp-content\\\/uploads\\\/2025\\\/07\\\/5215.162@LowRes_3.png\",\"datePublished\":\"2026-04-28T01:40:46+00:00\",\"dateModified\":\"2026-04-28T01:40:49+00:00\",\"breadcrumb\":{\"@id\":\"https:\\\/\\\/districos.standingout.be\\\/fr\\\/product\\\/gelsmart-pad-pour-voute-plantaire-never-slip-1-paire-ref-5215-162\\\/#breadcrumb\"},\"inLanguage\":\"fr-FR\",\"potentialAction\":[{\"@type\":\"ReadAction\",\"target\":[\"https:\\\/\\\/districos.standingout.be\\\/fr\\\/product\\\/gelsmart-pad-pour-voute-plantaire-never-slip-1-paire-ref-5215-162\\\/\"]}]},{\"@type\":\"ImageObject\",\"inLanguage\":\"fr-FR\",\"@id\":\"https:\\\/\\\/districos.standingout.be\\\/fr\\\/product\\\/gelsmart-pad-pour-voute-plantaire-never-slip-1-paire-ref-5215-162\\\/#primaryimage\",\"url\":\"https:\\\/\\\/districos.standingout.be\\\/wp-content\\\/uploads\\\/2025\\\/07\\\/5215.162@LowRes_3.png\",\"contentUrl\":\"https:\\\/\\\/districos.standingout.be\\\/wp-content\\\/uploads\\\/2025\\\/07\\\/5215.162@LowRes_3.png\",\"width\":600,\"height\":600},{\"@type\":\"BreadcrumbList\",\"@id\":\"https:\\\/\\\/districos.standingout.be\\\/fr\\\/product\\\/gelsmart-pad-pour-voute-plantaire-never-slip-1-paire-ref-5215-162\\\/#breadcrumb\",\"itemListElement\":[{\"@type\":\"ListItem\",\"position\":1,\"name\":\"Home\",\"item\":\"https:\\\/\\\/districos.standingout.be\\\/fr\\\/bienvenue-chez-districos\\\/\"},{\"@type\":\"ListItem\",\"position\":2,\"name\":\"Boutique\",\"item\":\"https:\\\/\\\/districos.standingout.be\\\/fr\\\/boutique\\\/\"},{\"@type\":\"ListItem\",\"position\":3,\"name\":\"GelSmart Pad pour Vo\u00fbte Plantaire Never Slip 1 paire\"}]},{\"@type\":\"WebSite\",\"@id\":\"https:\\\/\\\/districos.standingout.be\\\/fr\\\/#website\",\"url\":\"https:\\\/\\\/districos.standingout.be\\\/fr\\\/\",\"name\":\"Districos Webshop\",\"description\":\"\",\"publisher\":{\"@id\":\"https:\\\/\\\/districos.standingout.be\\\/fr\\\/#organization\"},\"potentialAction\":[{\"@type\":\"SearchAction\",\"target\":{\"@type\":\"EntryPoint\",\"urlTemplate\":\"https:\\\/\\\/districos.standingout.be\\\/fr\\\/?s={search_term_string}\"},\"query-input\":{\"@type\":\"PropertyValueSpecification\",\"valueRequired\":true,\"valueName\":\"search_term_string\"}}],\"inLanguage\":\"fr-FR\"},{\"@type\":\"Organization\",\"@id\":\"https:\\\/\\\/districos.standingout.be\\\/fr\\\/#organization\",\"name\":\"Districos Webshop\",\"url\":\"https:\\\/\\\/districos.standingout.be\\\/fr\\\/\",\"logo\":{\"@type\":\"ImageObject\",\"inLanguage\":\"fr-FR\",\"@id\":\"https:\\\/\\\/districos.standingout.be\\\/fr\\\/#\\\/schema\\\/logo\\\/image\\\/\",\"url\":\"https:\\\/\\\/districos.standingout.be\\\/wp-content\\\/uploads\\\/2022\\\/09\\\/Districos_Logo_Webshop.svg\",\"contentUrl\":\"https:\\\/\\\/districos.standingout.be\\\/wp-content\\\/uploads\\\/2022\\\/09\\\/Districos_Logo_Webshop.svg\",\"caption\":\"Districos Webshop\"},\"image\":{\"@id\":\"https:\\\/\\\/districos.standingout.be\\\/fr\\\/#\\\/schema\\\/logo\\\/image\\\/\"}}]}<\/script>\n<!-- \/ Yoast SEO plugin. -->","yoast_head_json":{"title":"GelSmart Pad pour Vo\u00fbte Plantaire Never Slip 1 paire - Districos Webshop","robots":{"index":"noindex","follow":"follow","max-snippet":"max-snippet:-1","max-image-preview":"max-image-preview:large","max-video-preview":"max-video-preview:-1"},"og_locale":"fr_FR","og_type":"article","og_title":"GelSmart Pad pour Vo\u00fbte Plantaire Never Slip 1 paire - Districos Webshop","og_description":"Ce pad en gel fin et transparent prot\u00e8ge et soutien l\u2019arche longitudinale m\u00e9diale en cas d\u2019arches douloureux, affaiblis ou pieds creux et lors de probl\u00e8mes de pronation (la pronation = le d\u00e9roulement du pied vers l\u2019int\u00e9rieur juste apr\u00e8s la r\u00e9ception du talon au sol). Le gel absorbe les chocs pour un confort optimal et gr\u00e2ce [&hellip;]","og_url":"https:\/\/districos.standingout.be\/fr\/product\/gelsmart-pad-pour-voute-plantaire-never-slip-1-paire-ref-5215-162\/","og_site_name":"Districos Webshop","article_modified_time":"2026-04-28T01:40:49+00:00","twitter_card":"summary_large_image","twitter_misc":{"Dur\u00e9e de lecture estim\u00e9e":"1 minute"},"schema":{"@context":"https:\/\/schema.org","@graph":[{"@type":"WebPage","@id":"https:\/\/districos.standingout.be\/fr\/product\/gelsmart-pad-pour-voute-plantaire-never-slip-1-paire-ref-5215-162\/","url":"https:\/\/districos.standingout.be\/fr\/product\/gelsmart-pad-pour-voute-plantaire-never-slip-1-paire-ref-5215-162\/","name":"GelSmart Pad pour Vo\u00fbte Plantaire Never Slip 1 paire - Districos Webshop","isPartOf":{"@id":"https:\/\/districos.standingout.be\/fr\/#website"},"primaryImageOfPage":{"@id":"https:\/\/districos.standingout.be\/fr\/product\/gelsmart-pad-pour-voute-plantaire-never-slip-1-paire-ref-5215-162\/#primaryimage"},"image":{"@id":"https:\/\/districos.standingout.be\/fr\/product\/gelsmart-pad-pour-voute-plantaire-never-slip-1-paire-ref-5215-162\/#primaryimage"},"thumbnailUrl":"https:\/\/districos.standingout.be\/wp-content\/uploads\/2025\/07\/5215.162@LowRes_3.png","datePublished":"2026-04-28T01:40:46+00:00","dateModified":"2026-04-28T01:40:49+00:00","breadcrumb":{"@id":"https:\/\/districos.standingout.be\/fr\/product\/gelsmart-pad-pour-voute-plantaire-never-slip-1-paire-ref-5215-162\/#breadcrumb"},"inLanguage":"fr-FR","potentialAction":[{"@type":"ReadAction","target":["https:\/\/districos.standingout.be\/fr\/product\/gelsmart-pad-pour-voute-plantaire-never-slip-1-paire-ref-5215-162\/"]}]},{"@type":"ImageObject","inLanguage":"fr-FR","@id":"https:\/\/districos.standingout.be\/fr\/product\/gelsmart-pad-pour-voute-plantaire-never-slip-1-paire-ref-5215-162\/#primaryimage","url":"https:\/\/districos.standingout.be\/wp-content\/uploads\/2025\/07\/5215.162@LowRes_3.png","contentUrl":"https:\/\/districos.standingout.be\/wp-content\/uploads\/2025\/07\/5215.162@LowRes_3.png","width":600,"height":600},{"@type":"BreadcrumbList","@id":"https:\/\/districos.standingout.be\/fr\/product\/gelsmart-pad-pour-voute-plantaire-never-slip-1-paire-ref-5215-162\/#breadcrumb","itemListElement":[{"@type":"ListItem","position":1,"name":"Home","item":"https:\/\/districos.standingout.be\/fr\/bienvenue-chez-districos\/"},{"@type":"ListItem","position":2,"name":"Boutique","item":"https:\/\/districos.standingout.be\/fr\/boutique\/"},{"@type":"ListItem","position":3,"name":"GelSmart Pad pour Vo\u00fbte Plantaire Never Slip 1 paire"}]},{"@type":"WebSite","@id":"https:\/\/districos.standingout.be\/fr\/#website","url":"https:\/\/districos.standingout.be\/fr\/","name":"Districos Webshop","description":"","publisher":{"@id":"https:\/\/districos.standingout.be\/fr\/#organization"},"potentialAction":[{"@type":"SearchAction","target":{"@type":"EntryPoint","urlTemplate":"https:\/\/districos.standingout.be\/fr\/?s={search_term_string}"},"query-input":{"@type":"PropertyValueSpecification","valueRequired":true,"valueName":"search_term_string"}}],"inLanguage":"fr-FR"},{"@type":"Organization","@id":"https:\/\/districos.standingout.be\/fr\/#organization","name":"Districos Webshop","url":"https:\/\/districos.standingout.be\/fr\/","logo":{"@type":"ImageObject","inLanguage":"fr-FR","@id":"https:\/\/districos.standingout.be\/fr\/#\/schema\/logo\/image\/","url":"https:\/\/districos.standingout.be\/wp-content\/uploads\/2022\/09\/Districos_Logo_Webshop.svg","contentUrl":"https:\/\/districos.standingout.be\/wp-content\/uploads\/2022\/09\/Districos_Logo_Webshop.svg","caption":"Districos Webshop"},"image":{"@id":"https:\/\/districos.standingout.be\/fr\/#\/schema\/logo\/image\/"}}]}},"_links":{"self":[{"href":"https:\/\/districos.standingout.be\/fr\/wp-json\/wp\/v2\/product\/135101","targetHints":{"allow":["GET"]}}],"collection":[{"href":"https:\/\/districos.standingout.be\/fr\/wp-json\/wp\/v2\/product"}],"about":[{"href":"https:\/\/districos.standingout.be\/fr\/wp-json\/wp\/v2\/types\/product"}],"replies":[{"embeddable":true,"href":"https:\/\/districos.standingout.be\/fr\/wp-json\/wp\/v2\/comments?post=135101"}],"wp:featuredmedia":[{"embeddable":true,"href":"https:\/\/districos.standingout.be\/fr\/wp-json\/wp\/v2\/media\/73067"}],"wp:attachment":[{"href":"https:\/\/districos.standingout.be\/fr\/wp-json\/wp\/v2\/media?parent=135101"}],"wp:term":[{"taxonomy":"product_brand","embeddable":true,"href":"https:\/\/districos.standingout.be\/fr\/wp-json\/wp\/v2\/product_brand?post=135101"},{"taxonomy":"product_cat","embeddable":true,"href":"https:\/\/districos.standingout.be\/fr\/wp-json\/wp\/v2\/product_cat?post=135101"},{"taxonomy":"product_tag","embeddable":true,"href":"https:\/\/districos.standingout.be\/fr\/wp-json\/wp\/v2\/product_tag?post=135101"}],"curies":[{"name":"wp","href":"https:\/\/api.w.org\/{rel}","templated":true}]}}