{"id":135105,"date":"2026-04-28T03:40:53","date_gmt":"2026-04-28T01:40:53","guid":{"rendered":"https:\/\/webshopdistricoscom.webhosting.be\/product\/gelsmart-pad-auto-adhesif-102-x-152-mm-1-pc-ref-5215-171\/"},"modified":"2026-04-28T03:40:56","modified_gmt":"2026-04-28T01:40:56","slug":"gelsmart-pad-auto-adhesif-102-x-152-mm-1-pc-ref-5215-171","status":"publish","type":"product","link":"https:\/\/districos.standingout.be\/fr\/product\/gelsmart-pad-auto-adhesif-102-x-152-mm-1-pc-ref-5215-171\/","title":{"rendered":"GelSmart Pad Auto-Adh\u00e9sif 102 x 152 mm 1 pc."},"content":{"rendered":"<p >\n<p dir=ltr>\n<ul> <\/p>\n<li>Ce pad en gel auto-adh\u00e9sif est \u00e0 d\u00e9couper sur mesure. Peut \u00eatre utilis\u00e9 partout sur le corps afin de diminuer le frottement et la pression d\u00e9sagr\u00e9able.<\/li>\n<p> <\/p>\n<li>D\u2019un c\u00f4t\u00e9, le pad fin (2 mm d\u2019\u00e9paisseur) et \u00e9lastique est fabriqu\u00e9 en FabricSmart\u2122&nbsp;antimicrobien et de l\u2019autre c\u00f4t\u00e9 en SmartGel absorbant les chocs avec une surface auto-adh\u00e9sive en silicone qui est m\u00eame adapt\u00e9e pour les peaux les plus sensibles.<\/li>\n<p> <\/ul>\n<p> Dimensions : 102 x 152 mm <\/p>\n<p> Emballage : 1 pi\u00e8ce<\/p>\n<p> \u00c9galement disponible en 63 x 76 mm (R\u00e9f. : 5215.170)<\/p><\/p>\n","protected":false},"excerpt":{"rendered":"<p>Ce pad en gel auto-adh\u00e9sif est \u00e0 d\u00e9couper sur mesure. Peut \u00eatre utilis\u00e9 partout sur le corps afin de diminuer le frottement et la pression d\u00e9sagr\u00e9able. D\u2019un c\u00f4t\u00e9, le pad fin (2 mm d\u2019\u00e9paisseur) et \u00e9lastique est fabriqu\u00e9 en FabricSmart\u2122&nbsp;antimicrobien et de l\u2019autre c\u00f4t\u00e9 en SmartGel absorbant les chocs avec une surface auto-adh\u00e9sive en silicone [&hellip;]<\/p>\n","protected":false},"featured_media":73109,"comment_status":"open","ping_status":"closed","template":"","meta":{"_acf_changed":false},"product_brand":[10412],"product_cat":[9996,9954],"product_tag":[],"class_list":{"0":"post-135105","1":"product","2":"type-product","3":"status-publish","4":"has-post-thumbnail","6":"product_brand-gelsmart-fr","7":"product_cat-soins-des-pieds-podologie-soulagement-de-la-pression-gels-pads-en-gel","8":"product_cat-beaute-pedicure-soulagement-de-la-pression","10":"first","11":"outofstock","12":"taxable","13":"shipping-taxable","14":"product-type-simple"},"acf":[],"yoast_head":"<!-- This site is optimized with the Yoast SEO plugin v27.3 - https:\/\/yoast.com\/product\/yoast-seo-wordpress\/ -->\n<title>GelSmart Pad Auto-Adh\u00e9sif 102 x 152 mm 1 pc. - Districos Webshop<\/title>\n<meta name=\"robots\" content=\"noindex, follow, max-snippet:-1, max-image-preview:large, max-video-preview:-1\" \/>\n<meta property=\"og:locale\" content=\"fr_FR\" \/>\n<meta property=\"og:type\" content=\"article\" \/>\n<meta property=\"og:title\" content=\"GelSmart Pad Auto-Adh\u00e9sif 102 x 152 mm 1 pc. - Districos Webshop\" \/>\n<meta property=\"og:description\" content=\"Ce pad en gel auto-adh\u00e9sif est \u00e0 d\u00e9couper sur mesure. Peut \u00eatre utilis\u00e9 partout sur le corps afin de diminuer le frottement et la pression d\u00e9sagr\u00e9able. D\u2019un c\u00f4t\u00e9, le pad fin (2 mm d\u2019\u00e9paisseur) et \u00e9lastique est fabriqu\u00e9 en FabricSmart\u2122&nbsp;antimicrobien et de l\u2019autre c\u00f4t\u00e9 en SmartGel absorbant les chocs avec une surface auto-adh\u00e9sive en silicone [&hellip;]\" \/>\n<meta property=\"og:url\" content=\"https:\/\/districos.standingout.be\/fr\/product\/gelsmart-pad-auto-adhesif-102-x-152-mm-1-pc-ref-5215-171\/\" \/>\n<meta property=\"og:site_name\" content=\"Districos Webshop\" \/>\n<meta property=\"article:modified_time\" content=\"2026-04-28T01:40:56+00:00\" \/>\n<meta property=\"og:image\" content=\"https:\/\/districos.standingout.be\/wp-content\/uploads\/2025\/07\/5215.171@LowRes_1.png\" \/>\n\t<meta property=\"og:image:width\" content=\"600\" \/>\n\t<meta property=\"og:image:height\" content=\"600\" \/>\n\t<meta property=\"og:image:type\" content=\"image\/png\" \/>\n<meta name=\"twitter:card\" content=\"summary_large_image\" \/>\n<script type=\"application\/ld+json\" class=\"yoast-schema-graph\">{\"@context\":\"https:\\\/\\\/schema.org\",\"@graph\":[{\"@type\":\"WebPage\",\"@id\":\"https:\\\/\\\/districos.standingout.be\\\/fr\\\/product\\\/gelsmart-pad-auto-adhesif-102-x-152-mm-1-pc-ref-5215-171\\\/\",\"url\":\"https:\\\/\\\/districos.standingout.be\\\/fr\\\/product\\\/gelsmart-pad-auto-adhesif-102-x-152-mm-1-pc-ref-5215-171\\\/\",\"name\":\"GelSmart Pad Auto-Adh\u00e9sif 102 x 152 mm 1 pc. - Districos Webshop\",\"isPartOf\":{\"@id\":\"https:\\\/\\\/districos.standingout.be\\\/fr\\\/#website\"},\"primaryImageOfPage\":{\"@id\":\"https:\\\/\\\/districos.standingout.be\\\/fr\\\/product\\\/gelsmart-pad-auto-adhesif-102-x-152-mm-1-pc-ref-5215-171\\\/#primaryimage\"},\"image\":{\"@id\":\"https:\\\/\\\/districos.standingout.be\\\/fr\\\/product\\\/gelsmart-pad-auto-adhesif-102-x-152-mm-1-pc-ref-5215-171\\\/#primaryimage\"},\"thumbnailUrl\":\"https:\\\/\\\/districos.standingout.be\\\/wp-content\\\/uploads\\\/2025\\\/07\\\/5215.171@LowRes_1.png\",\"datePublished\":\"2026-04-28T01:40:53+00:00\",\"dateModified\":\"2026-04-28T01:40:56+00:00\",\"breadcrumb\":{\"@id\":\"https:\\\/\\\/districos.standingout.be\\\/fr\\\/product\\\/gelsmart-pad-auto-adhesif-102-x-152-mm-1-pc-ref-5215-171\\\/#breadcrumb\"},\"inLanguage\":\"fr-FR\",\"potentialAction\":[{\"@type\":\"ReadAction\",\"target\":[\"https:\\\/\\\/districos.standingout.be\\\/fr\\\/product\\\/gelsmart-pad-auto-adhesif-102-x-152-mm-1-pc-ref-5215-171\\\/\"]}]},{\"@type\":\"ImageObject\",\"inLanguage\":\"fr-FR\",\"@id\":\"https:\\\/\\\/districos.standingout.be\\\/fr\\\/product\\\/gelsmart-pad-auto-adhesif-102-x-152-mm-1-pc-ref-5215-171\\\/#primaryimage\",\"url\":\"https:\\\/\\\/districos.standingout.be\\\/wp-content\\\/uploads\\\/2025\\\/07\\\/5215.171@LowRes_1.png\",\"contentUrl\":\"https:\\\/\\\/districos.standingout.be\\\/wp-content\\\/uploads\\\/2025\\\/07\\\/5215.171@LowRes_1.png\",\"width\":600,\"height\":600},{\"@type\":\"BreadcrumbList\",\"@id\":\"https:\\\/\\\/districos.standingout.be\\\/fr\\\/product\\\/gelsmart-pad-auto-adhesif-102-x-152-mm-1-pc-ref-5215-171\\\/#breadcrumb\",\"itemListElement\":[{\"@type\":\"ListItem\",\"position\":1,\"name\":\"Home\",\"item\":\"https:\\\/\\\/districos.standingout.be\\\/fr\\\/bienvenue-chez-districos\\\/\"},{\"@type\":\"ListItem\",\"position\":2,\"name\":\"Boutique\",\"item\":\"https:\\\/\\\/districos.standingout.be\\\/fr\\\/boutique\\\/\"},{\"@type\":\"ListItem\",\"position\":3,\"name\":\"GelSmart Pad Auto-Adh\u00e9sif 102 x 152 mm 1 pc.\"}]},{\"@type\":\"WebSite\",\"@id\":\"https:\\\/\\\/districos.standingout.be\\\/fr\\\/#website\",\"url\":\"https:\\\/\\\/districos.standingout.be\\\/fr\\\/\",\"name\":\"Districos Webshop\",\"description\":\"\",\"publisher\":{\"@id\":\"https:\\\/\\\/districos.standingout.be\\\/fr\\\/#organization\"},\"potentialAction\":[{\"@type\":\"SearchAction\",\"target\":{\"@type\":\"EntryPoint\",\"urlTemplate\":\"https:\\\/\\\/districos.standingout.be\\\/fr\\\/?s={search_term_string}\"},\"query-input\":{\"@type\":\"PropertyValueSpecification\",\"valueRequired\":true,\"valueName\":\"search_term_string\"}}],\"inLanguage\":\"fr-FR\"},{\"@type\":\"Organization\",\"@id\":\"https:\\\/\\\/districos.standingout.be\\\/fr\\\/#organization\",\"name\":\"Districos Webshop\",\"url\":\"https:\\\/\\\/districos.standingout.be\\\/fr\\\/\",\"logo\":{\"@type\":\"ImageObject\",\"inLanguage\":\"fr-FR\",\"@id\":\"https:\\\/\\\/districos.standingout.be\\\/fr\\\/#\\\/schema\\\/logo\\\/image\\\/\",\"url\":\"https:\\\/\\\/districos.standingout.be\\\/wp-content\\\/uploads\\\/2022\\\/09\\\/Districos_Logo_Webshop.svg\",\"contentUrl\":\"https:\\\/\\\/districos.standingout.be\\\/wp-content\\\/uploads\\\/2022\\\/09\\\/Districos_Logo_Webshop.svg\",\"caption\":\"Districos Webshop\"},\"image\":{\"@id\":\"https:\\\/\\\/districos.standingout.be\\\/fr\\\/#\\\/schema\\\/logo\\\/image\\\/\"}}]}<\/script>\n<!-- \/ Yoast SEO plugin. -->","yoast_head_json":{"title":"GelSmart Pad Auto-Adh\u00e9sif 102 x 152 mm 1 pc. - Districos Webshop","robots":{"index":"noindex","follow":"follow","max-snippet":"max-snippet:-1","max-image-preview":"max-image-preview:large","max-video-preview":"max-video-preview:-1"},"og_locale":"fr_FR","og_type":"article","og_title":"GelSmart Pad Auto-Adh\u00e9sif 102 x 152 mm 1 pc. - Districos Webshop","og_description":"Ce pad en gel auto-adh\u00e9sif est \u00e0 d\u00e9couper sur mesure. Peut \u00eatre utilis\u00e9 partout sur le corps afin de diminuer le frottement et la pression d\u00e9sagr\u00e9able. D\u2019un c\u00f4t\u00e9, le pad fin (2 mm d\u2019\u00e9paisseur) et \u00e9lastique est fabriqu\u00e9 en FabricSmart\u2122&nbsp;antimicrobien et de l\u2019autre c\u00f4t\u00e9 en SmartGel absorbant les chocs avec une surface auto-adh\u00e9sive en silicone [&hellip;]","og_url":"https:\/\/districos.standingout.be\/fr\/product\/gelsmart-pad-auto-adhesif-102-x-152-mm-1-pc-ref-5215-171\/","og_site_name":"Districos Webshop","article_modified_time":"2026-04-28T01:40:56+00:00","og_image":[{"width":600,"height":600,"url":"https:\/\/districos.standingout.be\/wp-content\/uploads\/2025\/07\/5215.171@LowRes_1.png","type":"image\/png"}],"twitter_card":"summary_large_image","schema":{"@context":"https:\/\/schema.org","@graph":[{"@type":"WebPage","@id":"https:\/\/districos.standingout.be\/fr\/product\/gelsmart-pad-auto-adhesif-102-x-152-mm-1-pc-ref-5215-171\/","url":"https:\/\/districos.standingout.be\/fr\/product\/gelsmart-pad-auto-adhesif-102-x-152-mm-1-pc-ref-5215-171\/","name":"GelSmart Pad Auto-Adh\u00e9sif 102 x 152 mm 1 pc. - Districos Webshop","isPartOf":{"@id":"https:\/\/districos.standingout.be\/fr\/#website"},"primaryImageOfPage":{"@id":"https:\/\/districos.standingout.be\/fr\/product\/gelsmart-pad-auto-adhesif-102-x-152-mm-1-pc-ref-5215-171\/#primaryimage"},"image":{"@id":"https:\/\/districos.standingout.be\/fr\/product\/gelsmart-pad-auto-adhesif-102-x-152-mm-1-pc-ref-5215-171\/#primaryimage"},"thumbnailUrl":"https:\/\/districos.standingout.be\/wp-content\/uploads\/2025\/07\/5215.171@LowRes_1.png","datePublished":"2026-04-28T01:40:53+00:00","dateModified":"2026-04-28T01:40:56+00:00","breadcrumb":{"@id":"https:\/\/districos.standingout.be\/fr\/product\/gelsmart-pad-auto-adhesif-102-x-152-mm-1-pc-ref-5215-171\/#breadcrumb"},"inLanguage":"fr-FR","potentialAction":[{"@type":"ReadAction","target":["https:\/\/districos.standingout.be\/fr\/product\/gelsmart-pad-auto-adhesif-102-x-152-mm-1-pc-ref-5215-171\/"]}]},{"@type":"ImageObject","inLanguage":"fr-FR","@id":"https:\/\/districos.standingout.be\/fr\/product\/gelsmart-pad-auto-adhesif-102-x-152-mm-1-pc-ref-5215-171\/#primaryimage","url":"https:\/\/districos.standingout.be\/wp-content\/uploads\/2025\/07\/5215.171@LowRes_1.png","contentUrl":"https:\/\/districos.standingout.be\/wp-content\/uploads\/2025\/07\/5215.171@LowRes_1.png","width":600,"height":600},{"@type":"BreadcrumbList","@id":"https:\/\/districos.standingout.be\/fr\/product\/gelsmart-pad-auto-adhesif-102-x-152-mm-1-pc-ref-5215-171\/#breadcrumb","itemListElement":[{"@type":"ListItem","position":1,"name":"Home","item":"https:\/\/districos.standingout.be\/fr\/bienvenue-chez-districos\/"},{"@type":"ListItem","position":2,"name":"Boutique","item":"https:\/\/districos.standingout.be\/fr\/boutique\/"},{"@type":"ListItem","position":3,"name":"GelSmart Pad Auto-Adh\u00e9sif 102 x 152 mm 1 pc."}]},{"@type":"WebSite","@id":"https:\/\/districos.standingout.be\/fr\/#website","url":"https:\/\/districos.standingout.be\/fr\/","name":"Districos Webshop","description":"","publisher":{"@id":"https:\/\/districos.standingout.be\/fr\/#organization"},"potentialAction":[{"@type":"SearchAction","target":{"@type":"EntryPoint","urlTemplate":"https:\/\/districos.standingout.be\/fr\/?s={search_term_string}"},"query-input":{"@type":"PropertyValueSpecification","valueRequired":true,"valueName":"search_term_string"}}],"inLanguage":"fr-FR"},{"@type":"Organization","@id":"https:\/\/districos.standingout.be\/fr\/#organization","name":"Districos Webshop","url":"https:\/\/districos.standingout.be\/fr\/","logo":{"@type":"ImageObject","inLanguage":"fr-FR","@id":"https:\/\/districos.standingout.be\/fr\/#\/schema\/logo\/image\/","url":"https:\/\/districos.standingout.be\/wp-content\/uploads\/2022\/09\/Districos_Logo_Webshop.svg","contentUrl":"https:\/\/districos.standingout.be\/wp-content\/uploads\/2022\/09\/Districos_Logo_Webshop.svg","caption":"Districos Webshop"},"image":{"@id":"https:\/\/districos.standingout.be\/fr\/#\/schema\/logo\/image\/"}}]}},"_links":{"self":[{"href":"https:\/\/districos.standingout.be\/fr\/wp-json\/wp\/v2\/product\/135105","targetHints":{"allow":["GET"]}}],"collection":[{"href":"https:\/\/districos.standingout.be\/fr\/wp-json\/wp\/v2\/product"}],"about":[{"href":"https:\/\/districos.standingout.be\/fr\/wp-json\/wp\/v2\/types\/product"}],"replies":[{"embeddable":true,"href":"https:\/\/districos.standingout.be\/fr\/wp-json\/wp\/v2\/comments?post=135105"}],"wp:featuredmedia":[{"embeddable":true,"href":"https:\/\/districos.standingout.be\/fr\/wp-json\/wp\/v2\/media\/73109"}],"wp:attachment":[{"href":"https:\/\/districos.standingout.be\/fr\/wp-json\/wp\/v2\/media?parent=135105"}],"wp:term":[{"taxonomy":"product_brand","embeddable":true,"href":"https:\/\/districos.standingout.be\/fr\/wp-json\/wp\/v2\/product_brand?post=135105"},{"taxonomy":"product_cat","embeddable":true,"href":"https:\/\/districos.standingout.be\/fr\/wp-json\/wp\/v2\/product_cat?post=135105"},{"taxonomy":"product_tag","embeddable":true,"href":"https:\/\/districos.standingout.be\/fr\/wp-json\/wp\/v2\/product_tag?post=135105"}],"curies":[{"name":"wp","href":"https:\/\/api.w.org\/{rel}","templated":true}]}}