{"id":135109,"date":"2026-04-28T03:41:01","date_gmt":"2026-04-28T01:41:01","guid":{"rendered":"https:\/\/webshopdistricoscom.webhosting.be\/product\/gelsmart-pro-coussin-orteils-multifonctionnel-large-ref-5215-310\/"},"modified":"2026-04-28T03:41:04","modified_gmt":"2026-04-28T01:41:04","slug":"gelsmart-pro-coussin-orteils-multifonctionnel-large-ref-5215-310","status":"publish","type":"product","link":"https:\/\/districos.standingout.be\/fr\/product\/gelsmart-pro-coussin-orteils-multifonctionnel-large-ref-5215-310\/","title":{"rendered":"GelSmart Pro Coussin Orteils Multifonctionnel Large"},"content":{"rendered":"<p >\n<p><b><span lang=\"FR-BE\">\u200b<\/span><\/b><span lang=\"FR-BE\">Coussin de gel multifonctionnel afin de diminuer la pression. Peut \u00eatre plac\u00e9 sous, entre et sur l\u2019orteil. Sa conception unique lui permet de corriger ou de soulager un orteil.<o:p><\/o:p><\/span><\/p>\n<p><span lang=\"FR-BE\">Regardez \u00e9galement la&nbsp;<a href=\"https:\/\/www.youtube.com\/watch?v=jzMlnge1nXs\" target=\"_blank\" rel=\"noopener noreferrer nofollow\"><span>vid\u00e9o<\/span><\/a>&nbsp;sur notre cha\u00eene YouTube pour savoir comment utiliser ce produit !<o:p><\/o:p><\/span><\/p>\n<p dir=\"ltr\">\n<p dir=\"ltr\">\n<p><span lang=\"FR-BE\">&nbsp;<\/span><\/p><\/p>\n","protected":false},"excerpt":{"rendered":"<p>\u200bCoussin de gel multifonctionnel afin de diminuer la pression. Peut \u00eatre plac\u00e9 sous, entre et sur l\u2019orteil. Sa conception unique lui permet de corriger ou de soulager un orteil. Regardez \u00e9galement la&nbsp;vid\u00e9o&nbsp;sur notre cha\u00eene YouTube pour savoir comment utiliser ce produit ! &nbsp;<\/p>\n","protected":false},"featured_media":73193,"comment_status":"open","ping_status":"closed","template":"","meta":{"_acf_changed":false},"product_brand":[10412],"product_cat":[9996,9954],"product_tag":[],"class_list":{"0":"post-135109","1":"product","2":"type-product","3":"status-publish","4":"has-post-thumbnail","6":"product_brand-gelsmart-fr","7":"product_cat-soins-des-pieds-podologie-soulagement-de-la-pression-gels-pads-en-gel","8":"product_cat-beaute-pedicure-soulagement-de-la-pression","10":"first","11":"instock","12":"taxable","13":"shipping-taxable","14":"product-type-simple"},"acf":[],"yoast_head":"<!-- This site is optimized with the Yoast SEO plugin v27.3 - https:\/\/yoast.com\/product\/yoast-seo-wordpress\/ -->\n<title>GelSmart Pro Coussin Orteils Multifonctionnel Large - Districos Webshop<\/title>\n<meta name=\"robots\" content=\"noindex, follow, max-snippet:-1, max-image-preview:large, max-video-preview:-1\" \/>\n<meta property=\"og:locale\" content=\"fr_FR\" \/>\n<meta property=\"og:type\" content=\"article\" \/>\n<meta property=\"og:title\" content=\"GelSmart Pro Coussin Orteils Multifonctionnel Large - Districos Webshop\" \/>\n<meta property=\"og:description\" content=\"\u200bCoussin de gel multifonctionnel afin de diminuer la pression. Peut \u00eatre plac\u00e9 sous, entre et sur l\u2019orteil. Sa conception unique lui permet de corriger ou de soulager un orteil. Regardez \u00e9galement la&nbsp;vid\u00e9o&nbsp;sur notre cha\u00eene YouTube pour savoir comment utiliser ce produit ! &nbsp;\" \/>\n<meta property=\"og:url\" content=\"https:\/\/districos.standingout.be\/fr\/product\/gelsmart-pro-coussin-orteils-multifonctionnel-large-ref-5215-310\/\" \/>\n<meta property=\"og:site_name\" content=\"Districos Webshop\" \/>\n<meta property=\"article:modified_time\" content=\"2026-04-28T01:41:04+00:00\" \/>\n<meta property=\"og:image\" content=\"https:\/\/districos.standingout.be\/wp-content\/uploads\/2025\/07\/5215.310@LowRes_0_99.png\" \/>\n\t<meta property=\"og:image:width\" content=\"600\" \/>\n\t<meta property=\"og:image:height\" content=\"600\" \/>\n\t<meta property=\"og:image:type\" content=\"image\/png\" \/>\n<meta name=\"twitter:card\" content=\"summary_large_image\" \/>\n<script type=\"application\/ld+json\" class=\"yoast-schema-graph\">{\"@context\":\"https:\\\/\\\/schema.org\",\"@graph\":[{\"@type\":\"WebPage\",\"@id\":\"https:\\\/\\\/districos.standingout.be\\\/fr\\\/product\\\/gelsmart-pro-coussin-orteils-multifonctionnel-large-ref-5215-310\\\/\",\"url\":\"https:\\\/\\\/districos.standingout.be\\\/fr\\\/product\\\/gelsmart-pro-coussin-orteils-multifonctionnel-large-ref-5215-310\\\/\",\"name\":\"GelSmart Pro Coussin Orteils Multifonctionnel Large - Districos Webshop\",\"isPartOf\":{\"@id\":\"https:\\\/\\\/districos.standingout.be\\\/fr\\\/#website\"},\"primaryImageOfPage\":{\"@id\":\"https:\\\/\\\/districos.standingout.be\\\/fr\\\/product\\\/gelsmart-pro-coussin-orteils-multifonctionnel-large-ref-5215-310\\\/#primaryimage\"},\"image\":{\"@id\":\"https:\\\/\\\/districos.standingout.be\\\/fr\\\/product\\\/gelsmart-pro-coussin-orteils-multifonctionnel-large-ref-5215-310\\\/#primaryimage\"},\"thumbnailUrl\":\"https:\\\/\\\/districos.standingout.be\\\/wp-content\\\/uploads\\\/2025\\\/07\\\/5215.310@LowRes_0_99.png\",\"datePublished\":\"2026-04-28T01:41:01+00:00\",\"dateModified\":\"2026-04-28T01:41:04+00:00\",\"breadcrumb\":{\"@id\":\"https:\\\/\\\/districos.standingout.be\\\/fr\\\/product\\\/gelsmart-pro-coussin-orteils-multifonctionnel-large-ref-5215-310\\\/#breadcrumb\"},\"inLanguage\":\"fr-FR\",\"potentialAction\":[{\"@type\":\"ReadAction\",\"target\":[\"https:\\\/\\\/districos.standingout.be\\\/fr\\\/product\\\/gelsmart-pro-coussin-orteils-multifonctionnel-large-ref-5215-310\\\/\"]}]},{\"@type\":\"ImageObject\",\"inLanguage\":\"fr-FR\",\"@id\":\"https:\\\/\\\/districos.standingout.be\\\/fr\\\/product\\\/gelsmart-pro-coussin-orteils-multifonctionnel-large-ref-5215-310\\\/#primaryimage\",\"url\":\"https:\\\/\\\/districos.standingout.be\\\/wp-content\\\/uploads\\\/2025\\\/07\\\/5215.310@LowRes_0_99.png\",\"contentUrl\":\"https:\\\/\\\/districos.standingout.be\\\/wp-content\\\/uploads\\\/2025\\\/07\\\/5215.310@LowRes_0_99.png\",\"width\":600,\"height\":600},{\"@type\":\"BreadcrumbList\",\"@id\":\"https:\\\/\\\/districos.standingout.be\\\/fr\\\/product\\\/gelsmart-pro-coussin-orteils-multifonctionnel-large-ref-5215-310\\\/#breadcrumb\",\"itemListElement\":[{\"@type\":\"ListItem\",\"position\":1,\"name\":\"Home\",\"item\":\"https:\\\/\\\/districos.standingout.be\\\/fr\\\/bienvenue-chez-districos\\\/\"},{\"@type\":\"ListItem\",\"position\":2,\"name\":\"Boutique\",\"item\":\"https:\\\/\\\/districos.standingout.be\\\/fr\\\/boutique\\\/\"},{\"@type\":\"ListItem\",\"position\":3,\"name\":\"GelSmart Pro Coussin Orteils Multifonctionnel Large\"}]},{\"@type\":\"WebSite\",\"@id\":\"https:\\\/\\\/districos.standingout.be\\\/fr\\\/#website\",\"url\":\"https:\\\/\\\/districos.standingout.be\\\/fr\\\/\",\"name\":\"Districos Webshop\",\"description\":\"\",\"publisher\":{\"@id\":\"https:\\\/\\\/districos.standingout.be\\\/fr\\\/#organization\"},\"potentialAction\":[{\"@type\":\"SearchAction\",\"target\":{\"@type\":\"EntryPoint\",\"urlTemplate\":\"https:\\\/\\\/districos.standingout.be\\\/fr\\\/?s={search_term_string}\"},\"query-input\":{\"@type\":\"PropertyValueSpecification\",\"valueRequired\":true,\"valueName\":\"search_term_string\"}}],\"inLanguage\":\"fr-FR\"},{\"@type\":\"Organization\",\"@id\":\"https:\\\/\\\/districos.standingout.be\\\/fr\\\/#organization\",\"name\":\"Districos Webshop\",\"url\":\"https:\\\/\\\/districos.standingout.be\\\/fr\\\/\",\"logo\":{\"@type\":\"ImageObject\",\"inLanguage\":\"fr-FR\",\"@id\":\"https:\\\/\\\/districos.standingout.be\\\/fr\\\/#\\\/schema\\\/logo\\\/image\\\/\",\"url\":\"https:\\\/\\\/districos.standingout.be\\\/wp-content\\\/uploads\\\/2022\\\/09\\\/Districos_Logo_Webshop.svg\",\"contentUrl\":\"https:\\\/\\\/districos.standingout.be\\\/wp-content\\\/uploads\\\/2022\\\/09\\\/Districos_Logo_Webshop.svg\",\"caption\":\"Districos Webshop\"},\"image\":{\"@id\":\"https:\\\/\\\/districos.standingout.be\\\/fr\\\/#\\\/schema\\\/logo\\\/image\\\/\"}}]}<\/script>\n<!-- \/ Yoast SEO plugin. -->","yoast_head_json":{"title":"GelSmart Pro Coussin Orteils Multifonctionnel Large - Districos Webshop","robots":{"index":"noindex","follow":"follow","max-snippet":"max-snippet:-1","max-image-preview":"max-image-preview:large","max-video-preview":"max-video-preview:-1"},"og_locale":"fr_FR","og_type":"article","og_title":"GelSmart Pro Coussin Orteils Multifonctionnel Large - Districos Webshop","og_description":"\u200bCoussin de gel multifonctionnel afin de diminuer la pression. Peut \u00eatre plac\u00e9 sous, entre et sur l\u2019orteil. Sa conception unique lui permet de corriger ou de soulager un orteil. Regardez \u00e9galement la&nbsp;vid\u00e9o&nbsp;sur notre cha\u00eene YouTube pour savoir comment utiliser ce produit ! &nbsp;","og_url":"https:\/\/districos.standingout.be\/fr\/product\/gelsmart-pro-coussin-orteils-multifonctionnel-large-ref-5215-310\/","og_site_name":"Districos Webshop","article_modified_time":"2026-04-28T01:41:04+00:00","og_image":[{"width":600,"height":600,"url":"https:\/\/districos.standingout.be\/wp-content\/uploads\/2025\/07\/5215.310@LowRes_0_99.png","type":"image\/png"}],"twitter_card":"summary_large_image","schema":{"@context":"https:\/\/schema.org","@graph":[{"@type":"WebPage","@id":"https:\/\/districos.standingout.be\/fr\/product\/gelsmart-pro-coussin-orteils-multifonctionnel-large-ref-5215-310\/","url":"https:\/\/districos.standingout.be\/fr\/product\/gelsmart-pro-coussin-orteils-multifonctionnel-large-ref-5215-310\/","name":"GelSmart Pro Coussin Orteils Multifonctionnel Large - Districos Webshop","isPartOf":{"@id":"https:\/\/districos.standingout.be\/fr\/#website"},"primaryImageOfPage":{"@id":"https:\/\/districos.standingout.be\/fr\/product\/gelsmart-pro-coussin-orteils-multifonctionnel-large-ref-5215-310\/#primaryimage"},"image":{"@id":"https:\/\/districos.standingout.be\/fr\/product\/gelsmart-pro-coussin-orteils-multifonctionnel-large-ref-5215-310\/#primaryimage"},"thumbnailUrl":"https:\/\/districos.standingout.be\/wp-content\/uploads\/2025\/07\/5215.310@LowRes_0_99.png","datePublished":"2026-04-28T01:41:01+00:00","dateModified":"2026-04-28T01:41:04+00:00","breadcrumb":{"@id":"https:\/\/districos.standingout.be\/fr\/product\/gelsmart-pro-coussin-orteils-multifonctionnel-large-ref-5215-310\/#breadcrumb"},"inLanguage":"fr-FR","potentialAction":[{"@type":"ReadAction","target":["https:\/\/districos.standingout.be\/fr\/product\/gelsmart-pro-coussin-orteils-multifonctionnel-large-ref-5215-310\/"]}]},{"@type":"ImageObject","inLanguage":"fr-FR","@id":"https:\/\/districos.standingout.be\/fr\/product\/gelsmart-pro-coussin-orteils-multifonctionnel-large-ref-5215-310\/#primaryimage","url":"https:\/\/districos.standingout.be\/wp-content\/uploads\/2025\/07\/5215.310@LowRes_0_99.png","contentUrl":"https:\/\/districos.standingout.be\/wp-content\/uploads\/2025\/07\/5215.310@LowRes_0_99.png","width":600,"height":600},{"@type":"BreadcrumbList","@id":"https:\/\/districos.standingout.be\/fr\/product\/gelsmart-pro-coussin-orteils-multifonctionnel-large-ref-5215-310\/#breadcrumb","itemListElement":[{"@type":"ListItem","position":1,"name":"Home","item":"https:\/\/districos.standingout.be\/fr\/bienvenue-chez-districos\/"},{"@type":"ListItem","position":2,"name":"Boutique","item":"https:\/\/districos.standingout.be\/fr\/boutique\/"},{"@type":"ListItem","position":3,"name":"GelSmart Pro Coussin Orteils Multifonctionnel Large"}]},{"@type":"WebSite","@id":"https:\/\/districos.standingout.be\/fr\/#website","url":"https:\/\/districos.standingout.be\/fr\/","name":"Districos Webshop","description":"","publisher":{"@id":"https:\/\/districos.standingout.be\/fr\/#organization"},"potentialAction":[{"@type":"SearchAction","target":{"@type":"EntryPoint","urlTemplate":"https:\/\/districos.standingout.be\/fr\/?s={search_term_string}"},"query-input":{"@type":"PropertyValueSpecification","valueRequired":true,"valueName":"search_term_string"}}],"inLanguage":"fr-FR"},{"@type":"Organization","@id":"https:\/\/districos.standingout.be\/fr\/#organization","name":"Districos Webshop","url":"https:\/\/districos.standingout.be\/fr\/","logo":{"@type":"ImageObject","inLanguage":"fr-FR","@id":"https:\/\/districos.standingout.be\/fr\/#\/schema\/logo\/image\/","url":"https:\/\/districos.standingout.be\/wp-content\/uploads\/2022\/09\/Districos_Logo_Webshop.svg","contentUrl":"https:\/\/districos.standingout.be\/wp-content\/uploads\/2022\/09\/Districos_Logo_Webshop.svg","caption":"Districos Webshop"},"image":{"@id":"https:\/\/districos.standingout.be\/fr\/#\/schema\/logo\/image\/"}}]}},"_links":{"self":[{"href":"https:\/\/districos.standingout.be\/fr\/wp-json\/wp\/v2\/product\/135109","targetHints":{"allow":["GET"]}}],"collection":[{"href":"https:\/\/districos.standingout.be\/fr\/wp-json\/wp\/v2\/product"}],"about":[{"href":"https:\/\/districos.standingout.be\/fr\/wp-json\/wp\/v2\/types\/product"}],"replies":[{"embeddable":true,"href":"https:\/\/districos.standingout.be\/fr\/wp-json\/wp\/v2\/comments?post=135109"}],"wp:featuredmedia":[{"embeddable":true,"href":"https:\/\/districos.standingout.be\/fr\/wp-json\/wp\/v2\/media\/73193"}],"wp:attachment":[{"href":"https:\/\/districos.standingout.be\/fr\/wp-json\/wp\/v2\/media?parent=135109"}],"wp:term":[{"taxonomy":"product_brand","embeddable":true,"href":"https:\/\/districos.standingout.be\/fr\/wp-json\/wp\/v2\/product_brand?post=135109"},{"taxonomy":"product_cat","embeddable":true,"href":"https:\/\/districos.standingout.be\/fr\/wp-json\/wp\/v2\/product_cat?post=135109"},{"taxonomy":"product_tag","embeddable":true,"href":"https:\/\/districos.standingout.be\/fr\/wp-json\/wp\/v2\/product_tag?post=135109"}],"curies":[{"name":"wp","href":"https:\/\/api.w.org\/{rel}","templated":true}]}}