{"id":135119,"date":"2026-04-28T03:45:33","date_gmt":"2026-04-28T01:45:33","guid":{"rendered":"https:\/\/webshopdistricoscom.webhosting.be\/product\/gelsmart-pro-coussin-orteils-en-marteau-gauche-s-m-ref-5215-355\/"},"modified":"2026-04-28T03:45:37","modified_gmt":"2026-04-28T01:45:37","slug":"gelsmart-pro-coussin-orteils-en-marteau-gauche-s-m-ref-5215-355","status":"publish","type":"product","link":"https:\/\/districos.standingout.be\/fr\/product\/gelsmart-pro-coussin-orteils-en-marteau-gauche-s-m-ref-5215-355\/","title":{"rendered":"GelSmart Pro Coussin Orteils en Marteau Gauche S\/M"},"content":{"rendered":"<p >\n<\/p>\n<p><span lang=\"FR-BE\">Les coussins d&rsquo;orteils en marteau sont utilis\u00e9s depuis de nombreuses ann\u00e9es pour soulager la pression associ\u00e9e aux orteils en marteau, en maillet et griffes. Cependant, beaucoup de ces coussins ne sont pas confortables, ce qui fait que l&rsquo;utilisateur ne les porte pas (pendant longtemps). Cette nouvelle conception tente d&rsquo;\u00e9liminer ces probl\u00e8mes afin d&rsquo;accro\u00eetre l\u2019observance th\u00e9rapeutique de votre patient(e). Par cons\u00e9quent, ce nouveau mod\u00e8le est disponible pour le pied droit et le pied gauche, ainsi qu&rsquo;en deux tailles diff\u00e9rentes. La boucle r\u00e9glable permet de s&rsquo;assurer que le coussin reste parfaitement en place pour chaque patient(e).<\/p>\n<p><b>Les avantages en un coup d\u2019\u0153il :<\/b><o:p><\/o:p><\/span><\/p>\n<ul type=\"disc\">\n<li><span lang=\"FR-BE\">La boucle r\u00e9glable emp\u00eache le coussin d\u2019orteil en marteau de glisser ou de pincer l\u2019orteil.<o:p><\/o:p><\/span><\/li>\n<li><span lang=\"FR-BE\">Vous pouvez couper la boucle \u00e0 la bonne taille et l\u2019attacher au bas de l\u2019orth\u00e8se.<o:p><\/o:p><\/span><\/li>\n<li><span lang=\"FR-BE\">La conception anatomique am\u00e9lior\u00e9e assure un meilleur ajustement et un soutien sup\u00e9rieur.<o:p><\/o:p><\/span><\/li>\n<li><span lang=\"FR-BE\">Cet ajustement am\u00e9lior\u00e9 augmente l\u2019observance du traitement.<o:p><\/o:p><\/span><\/li>\n<\/ul>\n<p><span lang=\"FR-BE\">Regardez \u00e9galement la&nbsp;<a href=\"https:\/\/www.youtube.com\/watch?v=TbHwZCrRUuo&amp;t=1s\" target=\"_blank\" rel=\"noopener noreferrer nofollow\"> vid\u00e9o&nbsp;<\/a>sur notre cha\u00eene YouTube pour savoir comment utiliser ce produit !<\/span><\/p>\n<ul> <\/ul><\/p>\n","protected":false},"excerpt":{"rendered":"<p>Les coussins d&rsquo;orteils en marteau sont utilis\u00e9s depuis de nombreuses ann\u00e9es pour soulager la pression associ\u00e9e aux orteils en marteau, en maillet et griffes. Cependant, beaucoup de ces coussins ne sont pas confortables, ce qui fait que l&rsquo;utilisateur ne les porte pas (pendant longtemps). Cette nouvelle conception tente d&rsquo;\u00e9liminer ces probl\u00e8mes afin d&rsquo;accro\u00eetre l\u2019observance th\u00e9rapeutique [&hellip;]<\/p>\n","protected":false},"featured_media":73214,"comment_status":"open","ping_status":"closed","template":"","meta":{"_acf_changed":false},"product_brand":[10412],"product_cat":[9996,9954],"product_tag":[],"class_list":{"0":"post-135119","1":"product","2":"type-product","3":"status-publish","4":"has-post-thumbnail","6":"product_brand-gelsmart-fr","7":"product_cat-soins-des-pieds-podologie-soulagement-de-la-pression-gels-pads-en-gel","8":"product_cat-beaute-pedicure-soulagement-de-la-pression","10":"first","11":"instock","12":"taxable","13":"shipping-taxable","14":"product-type-simple"},"acf":[],"yoast_head":"<!-- This site is optimized with the Yoast SEO plugin v27.3 - https:\/\/yoast.com\/product\/yoast-seo-wordpress\/ -->\n<title>GelSmart Pro Coussin Orteils en Marteau Gauche S\/M - Districos Webshop<\/title>\n<meta name=\"robots\" content=\"noindex, follow, max-snippet:-1, max-image-preview:large, max-video-preview:-1\" \/>\n<meta property=\"og:locale\" content=\"fr_FR\" \/>\n<meta property=\"og:type\" content=\"article\" \/>\n<meta property=\"og:title\" content=\"GelSmart Pro Coussin Orteils en Marteau Gauche S\/M - Districos Webshop\" \/>\n<meta property=\"og:description\" content=\"Les coussins d&rsquo;orteils en marteau sont utilis\u00e9s depuis de nombreuses ann\u00e9es pour soulager la pression associ\u00e9e aux orteils en marteau, en maillet et griffes. Cependant, beaucoup de ces coussins ne sont pas confortables, ce qui fait que l&rsquo;utilisateur ne les porte pas (pendant longtemps). Cette nouvelle conception tente d&rsquo;\u00e9liminer ces probl\u00e8mes afin d&rsquo;accro\u00eetre l\u2019observance th\u00e9rapeutique [&hellip;]\" \/>\n<meta property=\"og:url\" content=\"https:\/\/districos.standingout.be\/fr\/product\/gelsmart-pro-coussin-orteils-en-marteau-gauche-s-m-ref-5215-355\/\" \/>\n<meta property=\"og:site_name\" content=\"Districos Webshop\" \/>\n<meta property=\"article:modified_time\" content=\"2026-04-28T01:45:37+00:00\" \/>\n<meta property=\"og:image\" content=\"https:\/\/districos.standingout.be\/wp-content\/uploads\/2025\/07\/5215.355@LowRes_1_0.png\" \/>\n\t<meta property=\"og:image:width\" content=\"600\" \/>\n\t<meta property=\"og:image:height\" content=\"600\" \/>\n\t<meta property=\"og:image:type\" content=\"image\/png\" \/>\n<meta name=\"twitter:card\" content=\"summary_large_image\" \/>\n<meta name=\"twitter:label1\" content=\"Dur\u00e9e de lecture estim\u00e9e\" \/>\n\t<meta name=\"twitter:data1\" content=\"1 minute\" \/>\n<script type=\"application\/ld+json\" class=\"yoast-schema-graph\">{\"@context\":\"https:\\\/\\\/schema.org\",\"@graph\":[{\"@type\":\"WebPage\",\"@id\":\"https:\\\/\\\/districos.standingout.be\\\/fr\\\/product\\\/gelsmart-pro-coussin-orteils-en-marteau-gauche-s-m-ref-5215-355\\\/\",\"url\":\"https:\\\/\\\/districos.standingout.be\\\/fr\\\/product\\\/gelsmart-pro-coussin-orteils-en-marteau-gauche-s-m-ref-5215-355\\\/\",\"name\":\"GelSmart Pro Coussin Orteils en Marteau Gauche S\\\/M - Districos Webshop\",\"isPartOf\":{\"@id\":\"https:\\\/\\\/districos.standingout.be\\\/fr\\\/#website\"},\"primaryImageOfPage\":{\"@id\":\"https:\\\/\\\/districos.standingout.be\\\/fr\\\/product\\\/gelsmart-pro-coussin-orteils-en-marteau-gauche-s-m-ref-5215-355\\\/#primaryimage\"},\"image\":{\"@id\":\"https:\\\/\\\/districos.standingout.be\\\/fr\\\/product\\\/gelsmart-pro-coussin-orteils-en-marteau-gauche-s-m-ref-5215-355\\\/#primaryimage\"},\"thumbnailUrl\":\"https:\\\/\\\/districos.standingout.be\\\/wp-content\\\/uploads\\\/2025\\\/07\\\/5215.355@LowRes_1_0.png\",\"datePublished\":\"2026-04-28T01:45:33+00:00\",\"dateModified\":\"2026-04-28T01:45:37+00:00\",\"breadcrumb\":{\"@id\":\"https:\\\/\\\/districos.standingout.be\\\/fr\\\/product\\\/gelsmart-pro-coussin-orteils-en-marteau-gauche-s-m-ref-5215-355\\\/#breadcrumb\"},\"inLanguage\":\"fr-FR\",\"potentialAction\":[{\"@type\":\"ReadAction\",\"target\":[\"https:\\\/\\\/districos.standingout.be\\\/fr\\\/product\\\/gelsmart-pro-coussin-orteils-en-marteau-gauche-s-m-ref-5215-355\\\/\"]}]},{\"@type\":\"ImageObject\",\"inLanguage\":\"fr-FR\",\"@id\":\"https:\\\/\\\/districos.standingout.be\\\/fr\\\/product\\\/gelsmart-pro-coussin-orteils-en-marteau-gauche-s-m-ref-5215-355\\\/#primaryimage\",\"url\":\"https:\\\/\\\/districos.standingout.be\\\/wp-content\\\/uploads\\\/2025\\\/07\\\/5215.355@LowRes_1_0.png\",\"contentUrl\":\"https:\\\/\\\/districos.standingout.be\\\/wp-content\\\/uploads\\\/2025\\\/07\\\/5215.355@LowRes_1_0.png\",\"width\":600,\"height\":600},{\"@type\":\"BreadcrumbList\",\"@id\":\"https:\\\/\\\/districos.standingout.be\\\/fr\\\/product\\\/gelsmart-pro-coussin-orteils-en-marteau-gauche-s-m-ref-5215-355\\\/#breadcrumb\",\"itemListElement\":[{\"@type\":\"ListItem\",\"position\":1,\"name\":\"Home\",\"item\":\"https:\\\/\\\/districos.standingout.be\\\/fr\\\/bienvenue-chez-districos\\\/\"},{\"@type\":\"ListItem\",\"position\":2,\"name\":\"Boutique\",\"item\":\"https:\\\/\\\/districos.standingout.be\\\/fr\\\/boutique\\\/\"},{\"@type\":\"ListItem\",\"position\":3,\"name\":\"GelSmart Pro Coussin Orteils en Marteau Gauche S\\\/M\"}]},{\"@type\":\"WebSite\",\"@id\":\"https:\\\/\\\/districos.standingout.be\\\/fr\\\/#website\",\"url\":\"https:\\\/\\\/districos.standingout.be\\\/fr\\\/\",\"name\":\"Districos Webshop\",\"description\":\"\",\"publisher\":{\"@id\":\"https:\\\/\\\/districos.standingout.be\\\/fr\\\/#organization\"},\"potentialAction\":[{\"@type\":\"SearchAction\",\"target\":{\"@type\":\"EntryPoint\",\"urlTemplate\":\"https:\\\/\\\/districos.standingout.be\\\/fr\\\/?s={search_term_string}\"},\"query-input\":{\"@type\":\"PropertyValueSpecification\",\"valueRequired\":true,\"valueName\":\"search_term_string\"}}],\"inLanguage\":\"fr-FR\"},{\"@type\":\"Organization\",\"@id\":\"https:\\\/\\\/districos.standingout.be\\\/fr\\\/#organization\",\"name\":\"Districos Webshop\",\"url\":\"https:\\\/\\\/districos.standingout.be\\\/fr\\\/\",\"logo\":{\"@type\":\"ImageObject\",\"inLanguage\":\"fr-FR\",\"@id\":\"https:\\\/\\\/districos.standingout.be\\\/fr\\\/#\\\/schema\\\/logo\\\/image\\\/\",\"url\":\"https:\\\/\\\/districos.standingout.be\\\/wp-content\\\/uploads\\\/2022\\\/09\\\/Districos_Logo_Webshop.svg\",\"contentUrl\":\"https:\\\/\\\/districos.standingout.be\\\/wp-content\\\/uploads\\\/2022\\\/09\\\/Districos_Logo_Webshop.svg\",\"caption\":\"Districos Webshop\"},\"image\":{\"@id\":\"https:\\\/\\\/districos.standingout.be\\\/fr\\\/#\\\/schema\\\/logo\\\/image\\\/\"}}]}<\/script>\n<!-- \/ Yoast SEO plugin. -->","yoast_head_json":{"title":"GelSmart Pro Coussin Orteils en Marteau Gauche S\/M - Districos Webshop","robots":{"index":"noindex","follow":"follow","max-snippet":"max-snippet:-1","max-image-preview":"max-image-preview:large","max-video-preview":"max-video-preview:-1"},"og_locale":"fr_FR","og_type":"article","og_title":"GelSmart Pro Coussin Orteils en Marteau Gauche S\/M - Districos Webshop","og_description":"Les coussins d&rsquo;orteils en marteau sont utilis\u00e9s depuis de nombreuses ann\u00e9es pour soulager la pression associ\u00e9e aux orteils en marteau, en maillet et griffes. Cependant, beaucoup de ces coussins ne sont pas confortables, ce qui fait que l&rsquo;utilisateur ne les porte pas (pendant longtemps). Cette nouvelle conception tente d&rsquo;\u00e9liminer ces probl\u00e8mes afin d&rsquo;accro\u00eetre l\u2019observance th\u00e9rapeutique [&hellip;]","og_url":"https:\/\/districos.standingout.be\/fr\/product\/gelsmart-pro-coussin-orteils-en-marteau-gauche-s-m-ref-5215-355\/","og_site_name":"Districos Webshop","article_modified_time":"2026-04-28T01:45:37+00:00","og_image":[{"width":600,"height":600,"url":"https:\/\/districos.standingout.be\/wp-content\/uploads\/2025\/07\/5215.355@LowRes_1_0.png","type":"image\/png"}],"twitter_card":"summary_large_image","twitter_misc":{"Dur\u00e9e de lecture estim\u00e9e":"1 minute"},"schema":{"@context":"https:\/\/schema.org","@graph":[{"@type":"WebPage","@id":"https:\/\/districos.standingout.be\/fr\/product\/gelsmart-pro-coussin-orteils-en-marteau-gauche-s-m-ref-5215-355\/","url":"https:\/\/districos.standingout.be\/fr\/product\/gelsmart-pro-coussin-orteils-en-marteau-gauche-s-m-ref-5215-355\/","name":"GelSmart Pro Coussin Orteils en Marteau Gauche S\/M - Districos Webshop","isPartOf":{"@id":"https:\/\/districos.standingout.be\/fr\/#website"},"primaryImageOfPage":{"@id":"https:\/\/districos.standingout.be\/fr\/product\/gelsmart-pro-coussin-orteils-en-marteau-gauche-s-m-ref-5215-355\/#primaryimage"},"image":{"@id":"https:\/\/districos.standingout.be\/fr\/product\/gelsmart-pro-coussin-orteils-en-marteau-gauche-s-m-ref-5215-355\/#primaryimage"},"thumbnailUrl":"https:\/\/districos.standingout.be\/wp-content\/uploads\/2025\/07\/5215.355@LowRes_1_0.png","datePublished":"2026-04-28T01:45:33+00:00","dateModified":"2026-04-28T01:45:37+00:00","breadcrumb":{"@id":"https:\/\/districos.standingout.be\/fr\/product\/gelsmart-pro-coussin-orteils-en-marteau-gauche-s-m-ref-5215-355\/#breadcrumb"},"inLanguage":"fr-FR","potentialAction":[{"@type":"ReadAction","target":["https:\/\/districos.standingout.be\/fr\/product\/gelsmart-pro-coussin-orteils-en-marteau-gauche-s-m-ref-5215-355\/"]}]},{"@type":"ImageObject","inLanguage":"fr-FR","@id":"https:\/\/districos.standingout.be\/fr\/product\/gelsmart-pro-coussin-orteils-en-marteau-gauche-s-m-ref-5215-355\/#primaryimage","url":"https:\/\/districos.standingout.be\/wp-content\/uploads\/2025\/07\/5215.355@LowRes_1_0.png","contentUrl":"https:\/\/districos.standingout.be\/wp-content\/uploads\/2025\/07\/5215.355@LowRes_1_0.png","width":600,"height":600},{"@type":"BreadcrumbList","@id":"https:\/\/districos.standingout.be\/fr\/product\/gelsmart-pro-coussin-orteils-en-marteau-gauche-s-m-ref-5215-355\/#breadcrumb","itemListElement":[{"@type":"ListItem","position":1,"name":"Home","item":"https:\/\/districos.standingout.be\/fr\/bienvenue-chez-districos\/"},{"@type":"ListItem","position":2,"name":"Boutique","item":"https:\/\/districos.standingout.be\/fr\/boutique\/"},{"@type":"ListItem","position":3,"name":"GelSmart Pro Coussin Orteils en Marteau Gauche S\/M"}]},{"@type":"WebSite","@id":"https:\/\/districos.standingout.be\/fr\/#website","url":"https:\/\/districos.standingout.be\/fr\/","name":"Districos Webshop","description":"","publisher":{"@id":"https:\/\/districos.standingout.be\/fr\/#organization"},"potentialAction":[{"@type":"SearchAction","target":{"@type":"EntryPoint","urlTemplate":"https:\/\/districos.standingout.be\/fr\/?s={search_term_string}"},"query-input":{"@type":"PropertyValueSpecification","valueRequired":true,"valueName":"search_term_string"}}],"inLanguage":"fr-FR"},{"@type":"Organization","@id":"https:\/\/districos.standingout.be\/fr\/#organization","name":"Districos Webshop","url":"https:\/\/districos.standingout.be\/fr\/","logo":{"@type":"ImageObject","inLanguage":"fr-FR","@id":"https:\/\/districos.standingout.be\/fr\/#\/schema\/logo\/image\/","url":"https:\/\/districos.standingout.be\/wp-content\/uploads\/2022\/09\/Districos_Logo_Webshop.svg","contentUrl":"https:\/\/districos.standingout.be\/wp-content\/uploads\/2022\/09\/Districos_Logo_Webshop.svg","caption":"Districos Webshop"},"image":{"@id":"https:\/\/districos.standingout.be\/fr\/#\/schema\/logo\/image\/"}}]}},"_links":{"self":[{"href":"https:\/\/districos.standingout.be\/fr\/wp-json\/wp\/v2\/product\/135119","targetHints":{"allow":["GET"]}}],"collection":[{"href":"https:\/\/districos.standingout.be\/fr\/wp-json\/wp\/v2\/product"}],"about":[{"href":"https:\/\/districos.standingout.be\/fr\/wp-json\/wp\/v2\/types\/product"}],"replies":[{"embeddable":true,"href":"https:\/\/districos.standingout.be\/fr\/wp-json\/wp\/v2\/comments?post=135119"}],"wp:featuredmedia":[{"embeddable":true,"href":"https:\/\/districos.standingout.be\/fr\/wp-json\/wp\/v2\/media\/73214"}],"wp:attachment":[{"href":"https:\/\/districos.standingout.be\/fr\/wp-json\/wp\/v2\/media?parent=135119"}],"wp:term":[{"taxonomy":"product_brand","embeddable":true,"href":"https:\/\/districos.standingout.be\/fr\/wp-json\/wp\/v2\/product_brand?post=135119"},{"taxonomy":"product_cat","embeddable":true,"href":"https:\/\/districos.standingout.be\/fr\/wp-json\/wp\/v2\/product_cat?post=135119"},{"taxonomy":"product_tag","embeddable":true,"href":"https:\/\/districos.standingout.be\/fr\/wp-json\/wp\/v2\/product_tag?post=135119"}],"curies":[{"name":"wp","href":"https:\/\/api.w.org\/{rel}","templated":true}]}}