{"id":135143,"date":"2026-04-28T04:15:37","date_gmt":"2026-04-28T02:15:37","guid":{"rendered":"https:\/\/webshopdistricoscom.webhosting.be\/product\/gelsmart-ecarteur-dorteils-s-3-pcs-ref-5217-004\/"},"modified":"2026-04-28T04:15:40","modified_gmt":"2026-04-28T02:15:40","slug":"gelsmart-ecarteur-dorteils-s-3-pcs-ref-5217-004","status":"publish","type":"product","link":"https:\/\/districos.standingout.be\/fr\/product\/gelsmart-ecarteur-dorteils-s-3-pcs-ref-5217-004\/","title":{"rendered":"Gelsmart \u00c9carteur d&rsquo;Orteils S 3 pcs."},"content":{"rendered":"<p >\n<\/p>\n<\/p>\n<\/p>\n<\/p>\n<\/p>\n<\/p>\n<p dir=\"ltr\"><b>\u00c9carteur d&rsquo;orteils pour la r\u00e9duction de la pression, du frottement et de l&rsquo;irritation<\/b><\/p>\n<p dir=\"ltr\">Cet \u00e9carteur r\u00e9duit la pression, le frottement et l\u2019irritation entre deux orteils adjacents. Il soulage la douleur en cas de cors (mous), de chevauchements d\u2019orteils, de probl\u00e8mes ongulaires et d&rsquo;oignons.<b><br \/><\/b><\/p>\n<p dir=\"ltr\"><b>Caract\u00e9ristiques<\/b><\/p>\n<ul>\n<li> Taille : Small<\/li>\n<li> Emball\u00e9 par 3 pi\u00e8ces<\/li>\n<\/ul>\n<div><b>\u00c9galement disponible<\/b><\/div>\n<div>\n<ul>\n<li>Gelsmart \u00c9carteur d&rsquo;Orteils S 3 pcs. (<a href=\"https:\/\/webshop.districos.com\/ProductDetail\/5217.004\" target=\"_blank\" rel=\"noopener noreferrer nofollow\">r\u00e9f. 5217.004<\/a>)<\/li>\n<li>GelSmart \u00c9carteur d&rsquo;Orteils Medium 3 pcs. (r\u00e9f.&nbsp;<a href=\"https:\/\/webshop.districos.com\/ProductDetail\/5217.005\" target=\"_blank\" rel=\"noopener noreferrer nofollow\"> 5217.005<\/a>)<\/li>\n<li><span>GelSmart \u00c9carteur d&rsquo;Orteils Large 3 pcs.&nbsp;<\/span>(r\u00e9f. <a href=\"https:\/\/webshop.districos.com\/ProductDetail\/5217.006\" target=\"_blank\" rel=\"noopener noreferrer nofollow\"> 5217.006<\/a>)<\/li>\n<\/ul>\n<\/div><\/p>\n","protected":false},"excerpt":{"rendered":"<p>\u00c9carteur d&rsquo;orteils pour la r\u00e9duction de la pression, du frottement et de l&rsquo;irritation Cet \u00e9carteur r\u00e9duit la pression, le frottement et l\u2019irritation entre deux orteils adjacents. Il soulage la douleur en cas de cors (mous), de chevauchements d\u2019orteils, de probl\u00e8mes ongulaires et d&rsquo;oignons. Caract\u00e9ristiques Taille : Small Emball\u00e9 par 3 pi\u00e8ces \u00c9galement disponible Gelsmart \u00c9carteur [&hellip;]<\/p>\n","protected":false},"featured_media":144631,"comment_status":"open","ping_status":"closed","template":"","meta":{"_acf_changed":false},"product_brand":[10412],"product_cat":[9996,9954],"product_tag":[],"class_list":{"0":"post-135143","1":"product","2":"type-product","3":"status-publish","4":"has-post-thumbnail","6":"product_brand-gelsmart-fr","7":"product_cat-soins-des-pieds-podologie-soulagement-de-la-pression-gels-pads-en-gel","8":"product_cat-beaute-pedicure-soulagement-de-la-pression","10":"first","11":"instock","12":"taxable","13":"shipping-taxable","14":"product-type-simple"},"acf":[],"yoast_head":"<!-- This site is optimized with the Yoast SEO plugin v27.3 - https:\/\/yoast.com\/product\/yoast-seo-wordpress\/ -->\n<title>Gelsmart \u00c9carteur d&#039;Orteils S 3 pcs. - Districos Webshop<\/title>\n<meta name=\"robots\" content=\"noindex, follow, max-snippet:-1, max-image-preview:large, max-video-preview:-1\" \/>\n<meta property=\"og:locale\" content=\"fr_FR\" \/>\n<meta property=\"og:type\" content=\"article\" \/>\n<meta property=\"og:title\" content=\"Gelsmart \u00c9carteur d&#039;Orteils S 3 pcs. - Districos Webshop\" \/>\n<meta property=\"og:description\" content=\"\u00c9carteur d&rsquo;orteils pour la r\u00e9duction de la pression, du frottement et de l&rsquo;irritation Cet \u00e9carteur r\u00e9duit la pression, le frottement et l\u2019irritation entre deux orteils adjacents. Il soulage la douleur en cas de cors (mous), de chevauchements d\u2019orteils, de probl\u00e8mes ongulaires et d&rsquo;oignons. Caract\u00e9ristiques Taille : Small Emball\u00e9 par 3 pi\u00e8ces \u00c9galement disponible Gelsmart \u00c9carteur [&hellip;]\" \/>\n<meta property=\"og:url\" content=\"https:\/\/districos.standingout.be\/fr\/product\/gelsmart-ecarteur-dorteils-s-3-pcs-ref-5217-004\/\" \/>\n<meta property=\"og:site_name\" content=\"Districos Webshop\" \/>\n<meta property=\"article:modified_time\" content=\"2026-04-28T02:15:40+00:00\" \/>\n<meta property=\"og:image\" content=\"https:\/\/districos.standingout.be\/wp-content\/uploads\/2026\/04\/5217.004@Gelsmart-Teenspreider-S-3-st_1-2.png\" \/>\n\t<meta property=\"og:image:width\" content=\"467\" \/>\n\t<meta property=\"og:image:height\" content=\"600\" \/>\n\t<meta property=\"og:image:type\" content=\"image\/png\" \/>\n<meta name=\"twitter:card\" content=\"summary_large_image\" \/>\n<script type=\"application\/ld+json\" class=\"yoast-schema-graph\">{\"@context\":\"https:\\\/\\\/schema.org\",\"@graph\":[{\"@type\":\"WebPage\",\"@id\":\"https:\\\/\\\/districos.standingout.be\\\/fr\\\/product\\\/gelsmart-ecarteur-dorteils-s-3-pcs-ref-5217-004\\\/\",\"url\":\"https:\\\/\\\/districos.standingout.be\\\/fr\\\/product\\\/gelsmart-ecarteur-dorteils-s-3-pcs-ref-5217-004\\\/\",\"name\":\"Gelsmart \u00c9carteur d'Orteils S 3 pcs. - Districos Webshop\",\"isPartOf\":{\"@id\":\"https:\\\/\\\/districos.standingout.be\\\/fr\\\/#website\"},\"primaryImageOfPage\":{\"@id\":\"https:\\\/\\\/districos.standingout.be\\\/fr\\\/product\\\/gelsmart-ecarteur-dorteils-s-3-pcs-ref-5217-004\\\/#primaryimage\"},\"image\":{\"@id\":\"https:\\\/\\\/districos.standingout.be\\\/fr\\\/product\\\/gelsmart-ecarteur-dorteils-s-3-pcs-ref-5217-004\\\/#primaryimage\"},\"thumbnailUrl\":\"https:\\\/\\\/districos.standingout.be\\\/wp-content\\\/uploads\\\/2026\\\/04\\\/5217.004@Gelsmart-Teenspreider-S-3-st_1-3.png\",\"datePublished\":\"2026-04-28T02:15:37+00:00\",\"dateModified\":\"2026-04-28T02:15:40+00:00\",\"breadcrumb\":{\"@id\":\"https:\\\/\\\/districos.standingout.be\\\/fr\\\/product\\\/gelsmart-ecarteur-dorteils-s-3-pcs-ref-5217-004\\\/#breadcrumb\"},\"inLanguage\":\"fr-FR\",\"potentialAction\":[{\"@type\":\"ReadAction\",\"target\":[\"https:\\\/\\\/districos.standingout.be\\\/fr\\\/product\\\/gelsmart-ecarteur-dorteils-s-3-pcs-ref-5217-004\\\/\"]}]},{\"@type\":\"ImageObject\",\"inLanguage\":\"fr-FR\",\"@id\":\"https:\\\/\\\/districos.standingout.be\\\/fr\\\/product\\\/gelsmart-ecarteur-dorteils-s-3-pcs-ref-5217-004\\\/#primaryimage\",\"url\":\"https:\\\/\\\/districos.standingout.be\\\/wp-content\\\/uploads\\\/2026\\\/04\\\/5217.004@Gelsmart-Teenspreider-S-3-st_1-3.png\",\"contentUrl\":\"https:\\\/\\\/districos.standingout.be\\\/wp-content\\\/uploads\\\/2026\\\/04\\\/5217.004@Gelsmart-Teenspreider-S-3-st_1-3.png\",\"width\":467,\"height\":600},{\"@type\":\"BreadcrumbList\",\"@id\":\"https:\\\/\\\/districos.standingout.be\\\/fr\\\/product\\\/gelsmart-ecarteur-dorteils-s-3-pcs-ref-5217-004\\\/#breadcrumb\",\"itemListElement\":[{\"@type\":\"ListItem\",\"position\":1,\"name\":\"Home\",\"item\":\"https:\\\/\\\/districos.standingout.be\\\/fr\\\/bienvenue-chez-districos\\\/\"},{\"@type\":\"ListItem\",\"position\":2,\"name\":\"Boutique\",\"item\":\"https:\\\/\\\/districos.standingout.be\\\/fr\\\/boutique\\\/\"},{\"@type\":\"ListItem\",\"position\":3,\"name\":\"Gelsmart \u00c9carteur d&#8217;Orteils S 3 pcs.\"}]},{\"@type\":\"WebSite\",\"@id\":\"https:\\\/\\\/districos.standingout.be\\\/fr\\\/#website\",\"url\":\"https:\\\/\\\/districos.standingout.be\\\/fr\\\/\",\"name\":\"Districos Webshop\",\"description\":\"\",\"publisher\":{\"@id\":\"https:\\\/\\\/districos.standingout.be\\\/fr\\\/#organization\"},\"potentialAction\":[{\"@type\":\"SearchAction\",\"target\":{\"@type\":\"EntryPoint\",\"urlTemplate\":\"https:\\\/\\\/districos.standingout.be\\\/fr\\\/?s={search_term_string}\"},\"query-input\":{\"@type\":\"PropertyValueSpecification\",\"valueRequired\":true,\"valueName\":\"search_term_string\"}}],\"inLanguage\":\"fr-FR\"},{\"@type\":\"Organization\",\"@id\":\"https:\\\/\\\/districos.standingout.be\\\/fr\\\/#organization\",\"name\":\"Districos Webshop\",\"url\":\"https:\\\/\\\/districos.standingout.be\\\/fr\\\/\",\"logo\":{\"@type\":\"ImageObject\",\"inLanguage\":\"fr-FR\",\"@id\":\"https:\\\/\\\/districos.standingout.be\\\/fr\\\/#\\\/schema\\\/logo\\\/image\\\/\",\"url\":\"https:\\\/\\\/districos.standingout.be\\\/wp-content\\\/uploads\\\/2022\\\/09\\\/Districos_Logo_Webshop.svg\",\"contentUrl\":\"https:\\\/\\\/districos.standingout.be\\\/wp-content\\\/uploads\\\/2022\\\/09\\\/Districos_Logo_Webshop.svg\",\"caption\":\"Districos Webshop\"},\"image\":{\"@id\":\"https:\\\/\\\/districos.standingout.be\\\/fr\\\/#\\\/schema\\\/logo\\\/image\\\/\"}}]}<\/script>\n<!-- \/ Yoast SEO plugin. -->","yoast_head_json":{"title":"Gelsmart \u00c9carteur d'Orteils S 3 pcs. - Districos Webshop","robots":{"index":"noindex","follow":"follow","max-snippet":"max-snippet:-1","max-image-preview":"max-image-preview:large","max-video-preview":"max-video-preview:-1"},"og_locale":"fr_FR","og_type":"article","og_title":"Gelsmart \u00c9carteur d'Orteils S 3 pcs. - Districos Webshop","og_description":"\u00c9carteur d&rsquo;orteils pour la r\u00e9duction de la pression, du frottement et de l&rsquo;irritation Cet \u00e9carteur r\u00e9duit la pression, le frottement et l\u2019irritation entre deux orteils adjacents. Il soulage la douleur en cas de cors (mous), de chevauchements d\u2019orteils, de probl\u00e8mes ongulaires et d&rsquo;oignons. Caract\u00e9ristiques Taille : Small Emball\u00e9 par 3 pi\u00e8ces \u00c9galement disponible Gelsmart \u00c9carteur [&hellip;]","og_url":"https:\/\/districos.standingout.be\/fr\/product\/gelsmart-ecarteur-dorteils-s-3-pcs-ref-5217-004\/","og_site_name":"Districos Webshop","article_modified_time":"2026-04-28T02:15:40+00:00","og_image":[{"width":467,"height":600,"url":"https:\/\/districos.standingout.be\/wp-content\/uploads\/2026\/04\/5217.004@Gelsmart-Teenspreider-S-3-st_1-2.png","type":"image\/png"}],"twitter_card":"summary_large_image","schema":{"@context":"https:\/\/schema.org","@graph":[{"@type":"WebPage","@id":"https:\/\/districos.standingout.be\/fr\/product\/gelsmart-ecarteur-dorteils-s-3-pcs-ref-5217-004\/","url":"https:\/\/districos.standingout.be\/fr\/product\/gelsmart-ecarteur-dorteils-s-3-pcs-ref-5217-004\/","name":"Gelsmart \u00c9carteur d'Orteils S 3 pcs. - Districos Webshop","isPartOf":{"@id":"https:\/\/districos.standingout.be\/fr\/#website"},"primaryImageOfPage":{"@id":"https:\/\/districos.standingout.be\/fr\/product\/gelsmart-ecarteur-dorteils-s-3-pcs-ref-5217-004\/#primaryimage"},"image":{"@id":"https:\/\/districos.standingout.be\/fr\/product\/gelsmart-ecarteur-dorteils-s-3-pcs-ref-5217-004\/#primaryimage"},"thumbnailUrl":"https:\/\/districos.standingout.be\/wp-content\/uploads\/2026\/04\/5217.004@Gelsmart-Teenspreider-S-3-st_1-3.png","datePublished":"2026-04-28T02:15:37+00:00","dateModified":"2026-04-28T02:15:40+00:00","breadcrumb":{"@id":"https:\/\/districos.standingout.be\/fr\/product\/gelsmart-ecarteur-dorteils-s-3-pcs-ref-5217-004\/#breadcrumb"},"inLanguage":"fr-FR","potentialAction":[{"@type":"ReadAction","target":["https:\/\/districos.standingout.be\/fr\/product\/gelsmart-ecarteur-dorteils-s-3-pcs-ref-5217-004\/"]}]},{"@type":"ImageObject","inLanguage":"fr-FR","@id":"https:\/\/districos.standingout.be\/fr\/product\/gelsmart-ecarteur-dorteils-s-3-pcs-ref-5217-004\/#primaryimage","url":"https:\/\/districos.standingout.be\/wp-content\/uploads\/2026\/04\/5217.004@Gelsmart-Teenspreider-S-3-st_1-3.png","contentUrl":"https:\/\/districos.standingout.be\/wp-content\/uploads\/2026\/04\/5217.004@Gelsmart-Teenspreider-S-3-st_1-3.png","width":467,"height":600},{"@type":"BreadcrumbList","@id":"https:\/\/districos.standingout.be\/fr\/product\/gelsmart-ecarteur-dorteils-s-3-pcs-ref-5217-004\/#breadcrumb","itemListElement":[{"@type":"ListItem","position":1,"name":"Home","item":"https:\/\/districos.standingout.be\/fr\/bienvenue-chez-districos\/"},{"@type":"ListItem","position":2,"name":"Boutique","item":"https:\/\/districos.standingout.be\/fr\/boutique\/"},{"@type":"ListItem","position":3,"name":"Gelsmart \u00c9carteur d&#8217;Orteils S 3 pcs."}]},{"@type":"WebSite","@id":"https:\/\/districos.standingout.be\/fr\/#website","url":"https:\/\/districos.standingout.be\/fr\/","name":"Districos Webshop","description":"","publisher":{"@id":"https:\/\/districos.standingout.be\/fr\/#organization"},"potentialAction":[{"@type":"SearchAction","target":{"@type":"EntryPoint","urlTemplate":"https:\/\/districos.standingout.be\/fr\/?s={search_term_string}"},"query-input":{"@type":"PropertyValueSpecification","valueRequired":true,"valueName":"search_term_string"}}],"inLanguage":"fr-FR"},{"@type":"Organization","@id":"https:\/\/districos.standingout.be\/fr\/#organization","name":"Districos Webshop","url":"https:\/\/districos.standingout.be\/fr\/","logo":{"@type":"ImageObject","inLanguage":"fr-FR","@id":"https:\/\/districos.standingout.be\/fr\/#\/schema\/logo\/image\/","url":"https:\/\/districos.standingout.be\/wp-content\/uploads\/2022\/09\/Districos_Logo_Webshop.svg","contentUrl":"https:\/\/districos.standingout.be\/wp-content\/uploads\/2022\/09\/Districos_Logo_Webshop.svg","caption":"Districos Webshop"},"image":{"@id":"https:\/\/districos.standingout.be\/fr\/#\/schema\/logo\/image\/"}}]}},"_links":{"self":[{"href":"https:\/\/districos.standingout.be\/fr\/wp-json\/wp\/v2\/product\/135143","targetHints":{"allow":["GET"]}}],"collection":[{"href":"https:\/\/districos.standingout.be\/fr\/wp-json\/wp\/v2\/product"}],"about":[{"href":"https:\/\/districos.standingout.be\/fr\/wp-json\/wp\/v2\/types\/product"}],"replies":[{"embeddable":true,"href":"https:\/\/districos.standingout.be\/fr\/wp-json\/wp\/v2\/comments?post=135143"}],"wp:featuredmedia":[{"embeddable":true,"href":"https:\/\/districos.standingout.be\/fr\/wp-json\/wp\/v2\/media\/144631"}],"wp:attachment":[{"href":"https:\/\/districos.standingout.be\/fr\/wp-json\/wp\/v2\/media?parent=135143"}],"wp:term":[{"taxonomy":"product_brand","embeddable":true,"href":"https:\/\/districos.standingout.be\/fr\/wp-json\/wp\/v2\/product_brand?post=135143"},{"taxonomy":"product_cat","embeddable":true,"href":"https:\/\/districos.standingout.be\/fr\/wp-json\/wp\/v2\/product_cat?post=135143"},{"taxonomy":"product_tag","embeddable":true,"href":"https:\/\/districos.standingout.be\/fr\/wp-json\/wp\/v2\/product_tag?post=135143"}],"curies":[{"name":"wp","href":"https:\/\/api.w.org\/{rel}","templated":true}]}}