{"id":135167,"date":"2026-04-28T04:20:46","date_gmt":"2026-04-28T02:20:46","guid":{"rendered":"https:\/\/webshopdistricoscom.webhosting.be\/product\/gelsmart-protection-hallux-valgus-2-pcs-ref-5217-022\/"},"modified":"2026-04-28T04:20:49","modified_gmt":"2026-04-28T02:20:49","slug":"gelsmart-protection-hallux-valgus-2-pcs-ref-5217-022","status":"publish","type":"product","link":"https:\/\/districos.standingout.be\/fr\/product\/gelsmart-protection-hallux-valgus-2-pcs-ref-5217-022\/","title":{"rendered":"Gelsmart Protection Hallux Valgus 2 pcs."},"content":{"rendered":"<p >\n<\/p>\n<\/p>\n<\/p>\n<p><b>Prot\u00e8ge-oignons pour r\u00e9duire la pression et la friction<\/b><br \/>Ce produit enti\u00e8rement en gel prot\u00e8ge l&rsquo;articulation pour aider \u00e0 soulager la douleur et \u00e0 absorber la pression de la chaussure. Le gel lib\u00e8re lentement une huile min\u00e9rale de qualit\u00e9 m\u00e9dicale, dont les propri\u00e9t\u00e9s adoucissantes et hydratantes pour la peau ont \u00e9t\u00e9 prouv\u00e9es. <br \/><b>Caract\u00e9ristiques<\/b><\/p>\n<ul>\n<li>R\u00e9duit la pression et la friction. <\/li>\n<li>Convient au pied droit ou gauche.<\/li>\n<\/ul>\n<div><b>Mat\u00e9riaux<\/b><\/div>\n<ul>\n<li> 100% gel d&rsquo;huile min\u00e9rale de qualit\u00e9 m\u00e9dicale<\/li>\n<\/ul>\n<div><b>Utilisation<\/b><\/div>\n<ul>\n<li>Pour les personnes souffrant de diverses affections temporaires et chroniques des pieds<\/li>\n<li>Pour minimiser l&rsquo;inconfort, la pression, la friction et soulager la pression li\u00e9e \u00e0 diverses affections temporaires et chroniques des pieds<\/li>\n<\/ul>\n<div><b>Instructions<\/b><\/div>\n<ul>\n<li>Placez le coussinet en gel sur l&rsquo;articulation de l&rsquo;Hallux au niveau du gros orteil.<\/li>\n<li>Laissez la peau respirer pendant 3 \u00e0 4 heures par jour.<\/li>\n<\/ul>\n<div><b>Entretien<\/b><\/div>\n<ul>\n<li>Laver \u00e0 la main avec de l&rsquo;eau ti\u00e8de et du savon. <\/li>\n<li>Laisser compl\u00e8tement s\u00e9cher \u00e0 l&rsquo;air libre avant de r\u00e9utiliser. <\/li>\n<li>Saupoudrer de talc si le gel devient collant apr\u00e8s le lavage. <\/li>\n<li>\u00c9liminer conform\u00e9ment \u00e0 la r\u00e9glementation locale.<\/li>\n<\/ul>\n<div><b>Attention<\/b><\/div>\n<ul>\n<li>Si les produits ne sont pas lav\u00e9s ou talqu\u00e9s conform\u00e9ment aux instructions, le coefficient de frottement pourrait augmenter et provoquer des rougeurs ou des ampoules sur la peau.<\/li>\n<li>Les utilisateurs allergiques au talc ne doivent pas utiliser ce produit.<\/li>\n<li>Ne portez jamais le produit si vous avez une plaie ouverte.<\/li>\n<\/ul>\n<div><b>\u00c9galement disponible<\/b><\/div>\n<ul>\n<li>Gelsmart Protection Hallux Valgus 2 pcs. (<a href=\"https:\/\/webshop.districos.com\/ProductDetail\/5217.022\" target=\"_blank\" rel=\"noopener noreferrer nofollow\">r\u00e9f. 5217.022<\/a>)<\/li>\n<li>Gelsmart Protection Hallux Valgus + S\u00e9parateur 2 pcs. (<a href=\"https:\/\/webshop.districos.com\/ProductDetail\/5217.023\" target=\"_blank\" rel=\"noopener noreferrer nofollow\">r\u00e9f. 5217.023<\/a>) <\/li>\n<li>Gelsmart Protect.Hallux Valgus+S\u00e9parateur\/Boucle Double 1 pc. (<a href=\"https:\/\/webshop.districos.com\/ProductDetail\/5217.024\" target=\"_blank\" rel=\"noopener noreferrer nofollow\">r\u00e9f. 5217.024<\/a>)<\/li>\n<\/ul>\n","protected":false},"excerpt":{"rendered":"<p>Prot\u00e8ge-oignons pour r\u00e9duire la pression et la frictionCe produit enti\u00e8rement en gel prot\u00e8ge l&rsquo;articulation pour aider \u00e0 soulager la douleur et \u00e0 absorber la pression de la chaussure. Le gel lib\u00e8re lentement une huile min\u00e9rale de qualit\u00e9 m\u00e9dicale, dont les propri\u00e9t\u00e9s adoucissantes et hydratantes pour la peau ont \u00e9t\u00e9 prouv\u00e9es. Caract\u00e9ristiques R\u00e9duit la pression et [&hellip;]<\/p>\n","protected":false},"featured_media":144748,"comment_status":"open","ping_status":"closed","template":"","meta":{"_acf_changed":false},"product_brand":[10412],"product_cat":[9996,9954],"product_tag":[],"class_list":{"0":"post-135167","1":"product","2":"type-product","3":"status-publish","4":"has-post-thumbnail","6":"product_brand-gelsmart-fr","7":"product_cat-soins-des-pieds-podologie-soulagement-de-la-pression-gels-pads-en-gel","8":"product_cat-beaute-pedicure-soulagement-de-la-pression","10":"first","11":"instock","12":"taxable","13":"shipping-taxable","14":"product-type-simple"},"acf":[],"yoast_head":"<!-- This site is optimized with the Yoast SEO plugin v27.3 - https:\/\/yoast.com\/product\/yoast-seo-wordpress\/ -->\n<title>Gelsmart Protection Hallux Valgus 2 pcs. - Districos Webshop<\/title>\n<meta name=\"robots\" content=\"noindex, follow, max-snippet:-1, max-image-preview:large, max-video-preview:-1\" \/>\n<meta property=\"og:locale\" content=\"fr_FR\" \/>\n<meta property=\"og:type\" content=\"article\" \/>\n<meta property=\"og:title\" content=\"Gelsmart Protection Hallux Valgus 2 pcs. - Districos Webshop\" \/>\n<meta property=\"og:description\" content=\"Prot\u00e8ge-oignons pour r\u00e9duire la pression et la frictionCe produit enti\u00e8rement en gel prot\u00e8ge l&rsquo;articulation pour aider \u00e0 soulager la douleur et \u00e0 absorber la pression de la chaussure. Le gel lib\u00e8re lentement une huile min\u00e9rale de qualit\u00e9 m\u00e9dicale, dont les propri\u00e9t\u00e9s adoucissantes et hydratantes pour la peau ont \u00e9t\u00e9 prouv\u00e9es. Caract\u00e9ristiques R\u00e9duit la pression et [&hellip;]\" \/>\n<meta property=\"og:url\" content=\"https:\/\/districos.standingout.be\/fr\/product\/gelsmart-protection-hallux-valgus-2-pcs-ref-5217-022\/\" \/>\n<meta property=\"og:site_name\" content=\"Districos Webshop\" \/>\n<meta property=\"article:modified_time\" content=\"2026-04-28T02:20:49+00:00\" \/>\n<meta property=\"og:image\" content=\"https:\/\/districos.standingout.be\/wp-content\/uploads\/2026\/04\/5217.022@Gelsmart-Hallux-Valgus-Beschermer-2-st_1-2.png\" \/>\n\t<meta property=\"og:image:width\" content=\"467\" \/>\n\t<meta property=\"og:image:height\" content=\"600\" \/>\n\t<meta property=\"og:image:type\" content=\"image\/png\" \/>\n<meta name=\"twitter:card\" content=\"summary_large_image\" \/>\n<meta name=\"twitter:label1\" content=\"Dur\u00e9e de lecture estim\u00e9e\" \/>\n\t<meta name=\"twitter:data1\" content=\"1 minute\" \/>\n<script type=\"application\/ld+json\" class=\"yoast-schema-graph\">{\"@context\":\"https:\\\/\\\/schema.org\",\"@graph\":[{\"@type\":\"WebPage\",\"@id\":\"https:\\\/\\\/districos.standingout.be\\\/fr\\\/product\\\/gelsmart-protection-hallux-valgus-2-pcs-ref-5217-022\\\/\",\"url\":\"https:\\\/\\\/districos.standingout.be\\\/fr\\\/product\\\/gelsmart-protection-hallux-valgus-2-pcs-ref-5217-022\\\/\",\"name\":\"Gelsmart Protection Hallux Valgus 2 pcs. - Districos Webshop\",\"isPartOf\":{\"@id\":\"https:\\\/\\\/districos.standingout.be\\\/fr\\\/#website\"},\"primaryImageOfPage\":{\"@id\":\"https:\\\/\\\/districos.standingout.be\\\/fr\\\/product\\\/gelsmart-protection-hallux-valgus-2-pcs-ref-5217-022\\\/#primaryimage\"},\"image\":{\"@id\":\"https:\\\/\\\/districos.standingout.be\\\/fr\\\/product\\\/gelsmart-protection-hallux-valgus-2-pcs-ref-5217-022\\\/#primaryimage\"},\"thumbnailUrl\":\"https:\\\/\\\/districos.standingout.be\\\/wp-content\\\/uploads\\\/2026\\\/04\\\/5217.022@Gelsmart-Hallux-Valgus-Beschermer-2-st_1-3.png\",\"datePublished\":\"2026-04-28T02:20:46+00:00\",\"dateModified\":\"2026-04-28T02:20:49+00:00\",\"breadcrumb\":{\"@id\":\"https:\\\/\\\/districos.standingout.be\\\/fr\\\/product\\\/gelsmart-protection-hallux-valgus-2-pcs-ref-5217-022\\\/#breadcrumb\"},\"inLanguage\":\"fr-FR\",\"potentialAction\":[{\"@type\":\"ReadAction\",\"target\":[\"https:\\\/\\\/districos.standingout.be\\\/fr\\\/product\\\/gelsmart-protection-hallux-valgus-2-pcs-ref-5217-022\\\/\"]}]},{\"@type\":\"ImageObject\",\"inLanguage\":\"fr-FR\",\"@id\":\"https:\\\/\\\/districos.standingout.be\\\/fr\\\/product\\\/gelsmart-protection-hallux-valgus-2-pcs-ref-5217-022\\\/#primaryimage\",\"url\":\"https:\\\/\\\/districos.standingout.be\\\/wp-content\\\/uploads\\\/2026\\\/04\\\/5217.022@Gelsmart-Hallux-Valgus-Beschermer-2-st_1-3.png\",\"contentUrl\":\"https:\\\/\\\/districos.standingout.be\\\/wp-content\\\/uploads\\\/2026\\\/04\\\/5217.022@Gelsmart-Hallux-Valgus-Beschermer-2-st_1-3.png\",\"width\":467,\"height\":600},{\"@type\":\"BreadcrumbList\",\"@id\":\"https:\\\/\\\/districos.standingout.be\\\/fr\\\/product\\\/gelsmart-protection-hallux-valgus-2-pcs-ref-5217-022\\\/#breadcrumb\",\"itemListElement\":[{\"@type\":\"ListItem\",\"position\":1,\"name\":\"Home\",\"item\":\"https:\\\/\\\/districos.standingout.be\\\/fr\\\/bienvenue-chez-districos\\\/\"},{\"@type\":\"ListItem\",\"position\":2,\"name\":\"Boutique\",\"item\":\"https:\\\/\\\/districos.standingout.be\\\/fr\\\/boutique\\\/\"},{\"@type\":\"ListItem\",\"position\":3,\"name\":\"Gelsmart Protection Hallux Valgus 2 pcs.\"}]},{\"@type\":\"WebSite\",\"@id\":\"https:\\\/\\\/districos.standingout.be\\\/fr\\\/#website\",\"url\":\"https:\\\/\\\/districos.standingout.be\\\/fr\\\/\",\"name\":\"Districos Webshop\",\"description\":\"\",\"publisher\":{\"@id\":\"https:\\\/\\\/districos.standingout.be\\\/fr\\\/#organization\"},\"potentialAction\":[{\"@type\":\"SearchAction\",\"target\":{\"@type\":\"EntryPoint\",\"urlTemplate\":\"https:\\\/\\\/districos.standingout.be\\\/fr\\\/?s={search_term_string}\"},\"query-input\":{\"@type\":\"PropertyValueSpecification\",\"valueRequired\":true,\"valueName\":\"search_term_string\"}}],\"inLanguage\":\"fr-FR\"},{\"@type\":\"Organization\",\"@id\":\"https:\\\/\\\/districos.standingout.be\\\/fr\\\/#organization\",\"name\":\"Districos Webshop\",\"url\":\"https:\\\/\\\/districos.standingout.be\\\/fr\\\/\",\"logo\":{\"@type\":\"ImageObject\",\"inLanguage\":\"fr-FR\",\"@id\":\"https:\\\/\\\/districos.standingout.be\\\/fr\\\/#\\\/schema\\\/logo\\\/image\\\/\",\"url\":\"https:\\\/\\\/districos.standingout.be\\\/wp-content\\\/uploads\\\/2022\\\/09\\\/Districos_Logo_Webshop.svg\",\"contentUrl\":\"https:\\\/\\\/districos.standingout.be\\\/wp-content\\\/uploads\\\/2022\\\/09\\\/Districos_Logo_Webshop.svg\",\"caption\":\"Districos Webshop\"},\"image\":{\"@id\":\"https:\\\/\\\/districos.standingout.be\\\/fr\\\/#\\\/schema\\\/logo\\\/image\\\/\"}}]}<\/script>\n<!-- \/ Yoast SEO plugin. -->","yoast_head_json":{"title":"Gelsmart Protection Hallux Valgus 2 pcs. - Districos Webshop","robots":{"index":"noindex","follow":"follow","max-snippet":"max-snippet:-1","max-image-preview":"max-image-preview:large","max-video-preview":"max-video-preview:-1"},"og_locale":"fr_FR","og_type":"article","og_title":"Gelsmart Protection Hallux Valgus 2 pcs. - Districos Webshop","og_description":"Prot\u00e8ge-oignons pour r\u00e9duire la pression et la frictionCe produit enti\u00e8rement en gel prot\u00e8ge l&rsquo;articulation pour aider \u00e0 soulager la douleur et \u00e0 absorber la pression de la chaussure. Le gel lib\u00e8re lentement une huile min\u00e9rale de qualit\u00e9 m\u00e9dicale, dont les propri\u00e9t\u00e9s adoucissantes et hydratantes pour la peau ont \u00e9t\u00e9 prouv\u00e9es. Caract\u00e9ristiques R\u00e9duit la pression et [&hellip;]","og_url":"https:\/\/districos.standingout.be\/fr\/product\/gelsmart-protection-hallux-valgus-2-pcs-ref-5217-022\/","og_site_name":"Districos Webshop","article_modified_time":"2026-04-28T02:20:49+00:00","og_image":[{"width":467,"height":600,"url":"https:\/\/districos.standingout.be\/wp-content\/uploads\/2026\/04\/5217.022@Gelsmart-Hallux-Valgus-Beschermer-2-st_1-2.png","type":"image\/png"}],"twitter_card":"summary_large_image","twitter_misc":{"Dur\u00e9e de lecture estim\u00e9e":"1 minute"},"schema":{"@context":"https:\/\/schema.org","@graph":[{"@type":"WebPage","@id":"https:\/\/districos.standingout.be\/fr\/product\/gelsmart-protection-hallux-valgus-2-pcs-ref-5217-022\/","url":"https:\/\/districos.standingout.be\/fr\/product\/gelsmart-protection-hallux-valgus-2-pcs-ref-5217-022\/","name":"Gelsmart Protection Hallux Valgus 2 pcs. - Districos Webshop","isPartOf":{"@id":"https:\/\/districos.standingout.be\/fr\/#website"},"primaryImageOfPage":{"@id":"https:\/\/districos.standingout.be\/fr\/product\/gelsmart-protection-hallux-valgus-2-pcs-ref-5217-022\/#primaryimage"},"image":{"@id":"https:\/\/districos.standingout.be\/fr\/product\/gelsmart-protection-hallux-valgus-2-pcs-ref-5217-022\/#primaryimage"},"thumbnailUrl":"https:\/\/districos.standingout.be\/wp-content\/uploads\/2026\/04\/5217.022@Gelsmart-Hallux-Valgus-Beschermer-2-st_1-3.png","datePublished":"2026-04-28T02:20:46+00:00","dateModified":"2026-04-28T02:20:49+00:00","breadcrumb":{"@id":"https:\/\/districos.standingout.be\/fr\/product\/gelsmart-protection-hallux-valgus-2-pcs-ref-5217-022\/#breadcrumb"},"inLanguage":"fr-FR","potentialAction":[{"@type":"ReadAction","target":["https:\/\/districos.standingout.be\/fr\/product\/gelsmart-protection-hallux-valgus-2-pcs-ref-5217-022\/"]}]},{"@type":"ImageObject","inLanguage":"fr-FR","@id":"https:\/\/districos.standingout.be\/fr\/product\/gelsmart-protection-hallux-valgus-2-pcs-ref-5217-022\/#primaryimage","url":"https:\/\/districos.standingout.be\/wp-content\/uploads\/2026\/04\/5217.022@Gelsmart-Hallux-Valgus-Beschermer-2-st_1-3.png","contentUrl":"https:\/\/districos.standingout.be\/wp-content\/uploads\/2026\/04\/5217.022@Gelsmart-Hallux-Valgus-Beschermer-2-st_1-3.png","width":467,"height":600},{"@type":"BreadcrumbList","@id":"https:\/\/districos.standingout.be\/fr\/product\/gelsmart-protection-hallux-valgus-2-pcs-ref-5217-022\/#breadcrumb","itemListElement":[{"@type":"ListItem","position":1,"name":"Home","item":"https:\/\/districos.standingout.be\/fr\/bienvenue-chez-districos\/"},{"@type":"ListItem","position":2,"name":"Boutique","item":"https:\/\/districos.standingout.be\/fr\/boutique\/"},{"@type":"ListItem","position":3,"name":"Gelsmart Protection Hallux Valgus 2 pcs."}]},{"@type":"WebSite","@id":"https:\/\/districos.standingout.be\/fr\/#website","url":"https:\/\/districos.standingout.be\/fr\/","name":"Districos Webshop","description":"","publisher":{"@id":"https:\/\/districos.standingout.be\/fr\/#organization"},"potentialAction":[{"@type":"SearchAction","target":{"@type":"EntryPoint","urlTemplate":"https:\/\/districos.standingout.be\/fr\/?s={search_term_string}"},"query-input":{"@type":"PropertyValueSpecification","valueRequired":true,"valueName":"search_term_string"}}],"inLanguage":"fr-FR"},{"@type":"Organization","@id":"https:\/\/districos.standingout.be\/fr\/#organization","name":"Districos Webshop","url":"https:\/\/districos.standingout.be\/fr\/","logo":{"@type":"ImageObject","inLanguage":"fr-FR","@id":"https:\/\/districos.standingout.be\/fr\/#\/schema\/logo\/image\/","url":"https:\/\/districos.standingout.be\/wp-content\/uploads\/2022\/09\/Districos_Logo_Webshop.svg","contentUrl":"https:\/\/districos.standingout.be\/wp-content\/uploads\/2022\/09\/Districos_Logo_Webshop.svg","caption":"Districos Webshop"},"image":{"@id":"https:\/\/districos.standingout.be\/fr\/#\/schema\/logo\/image\/"}}]}},"_links":{"self":[{"href":"https:\/\/districos.standingout.be\/fr\/wp-json\/wp\/v2\/product\/135167","targetHints":{"allow":["GET"]}}],"collection":[{"href":"https:\/\/districos.standingout.be\/fr\/wp-json\/wp\/v2\/product"}],"about":[{"href":"https:\/\/districos.standingout.be\/fr\/wp-json\/wp\/v2\/types\/product"}],"replies":[{"embeddable":true,"href":"https:\/\/districos.standingout.be\/fr\/wp-json\/wp\/v2\/comments?post=135167"}],"wp:featuredmedia":[{"embeddable":true,"href":"https:\/\/districos.standingout.be\/fr\/wp-json\/wp\/v2\/media\/144748"}],"wp:attachment":[{"href":"https:\/\/districos.standingout.be\/fr\/wp-json\/wp\/v2\/media?parent=135167"}],"wp:term":[{"taxonomy":"product_brand","embeddable":true,"href":"https:\/\/districos.standingout.be\/fr\/wp-json\/wp\/v2\/product_brand?post=135167"},{"taxonomy":"product_cat","embeddable":true,"href":"https:\/\/districos.standingout.be\/fr\/wp-json\/wp\/v2\/product_cat?post=135167"},{"taxonomy":"product_tag","embeddable":true,"href":"https:\/\/districos.standingout.be\/fr\/wp-json\/wp\/v2\/product_tag?post=135167"}],"curies":[{"name":"wp","href":"https:\/\/api.w.org\/{rel}","templated":true}]}}