{"id":135175,"date":"2026-04-28T04:21:02","date_gmt":"2026-04-28T02:21:02","guid":{"rendered":"https:\/\/webshopdistricoscom.webhosting.be\/product\/gelsmart-coussinet-orteil-pour-depressurisation-s-3-pcs-ref-5217-041\/"},"modified":"2026-04-28T04:21:05","modified_gmt":"2026-04-28T02:21:05","slug":"gelsmart-coussinet-orteil-pour-depressurisation-s-3-pcs-ref-5217-041","status":"publish","type":"product","link":"https:\/\/districos.standingout.be\/fr\/product\/gelsmart-coussinet-orteil-pour-depressurisation-s-3-pcs-ref-5217-041\/","title":{"rendered":"Gelsmart Coussinet Orteil pour D\u00e9pressurisation S 3 pcs."},"content":{"rendered":"<p >\n<\/p>\n<\/p>\n<\/p>\n<\/p>\n<\/p>\n<p><span><b>QUATRE UTILISATIONS EN UNE !<\/b><\/span><\/p>\n<div><span>Ce s\u00e9parateur pour orteil en gel avec boucle est multifonctionnel. Le design polyvalent peut \u00eatre utilis\u00e9 comme \u00ab\u00a0bout d&rsquo;orteil\u00a0\u00bb, comme \u00ab\u00a0cr\u00eate d&rsquo;orteil individuel\u00a0\u00bb, comme un \u00ab\u00a0coussin dorsal\u00a0\u00bb ou comme une \u00ab\u00a0entretoise d&rsquo;orteil\u00a0\u00bb, selon le positionnement. Ce produit aide \u00e0 prot\u00e9ger les orteils affect\u00e9s par les traumatismes, les difformit\u00e9s, les cors, l&rsquo;arthrite, etc. Il absorbe la pression et le frottement et soulage la douleur des cors, des callosit\u00e9s et des cloques. Il aide \u00e0 soulager les irritations aux orteils et \u00e0 favoriser la gu\u00e9rison.<\/span><\/p>\n<div>\n<p dir=\"ltr\"><b>Mat\u00e9riaux<\/b><\/p>\n<p dir=\"ltr\">\n<ul>\n<li>100% gel d&rsquo;huile min\u00e9rale de qualit\u00e9 m\u00e9dicale<\/li>\n<\/ul>\n<p dir=\"ltr\"><b>Utilisation<\/b><\/p>\n<p dir=\"ltr\">\n<ul>\n<li>Pour les personnes souffrant de diverses affections temporaires et chroniques des pieds<\/li>\n<li>Pour minimiser l&rsquo;inconfort, la pression, la friction et soulager la pression li\u00e9e \u00e0 diverses affections temporaires et chroniques des pieds<\/li>\n<\/ul>\n<div><b>Instructions<\/b><\/div>\n<\/div>\n<div>\n<ul>\n<li>Pointe des orteils : Enfilez sur l&rsquo;orteil touch\u00e9, avec le c\u00f4t\u00e9 plat vers le bas et une inclinaison de 10\u00b0 \u00e0 l&rsquo;extr\u00e9mit\u00e9 de l&rsquo;orteil. Les orteils doivent \u00eatre sur\u00e9lev\u00e9s par rapport au sol.&nbsp;<\/li>\n<li>Cimier individuel d&rsquo;orteil : Plac\u00e9 dans la partie inf\u00e9rieure du pied, il l\u00e8vera les orteils en marteau, les griffes et les orteils en maillet. Position o\u00f9 l&rsquo;orteil se raccorde au pied, le fond plat faisant face au sol.<\/li>\n<li>Coussin dorsal: Pos\u00e9 sur la partie sup\u00e9rieure de l&rsquo;orteil avec la section des lattes et la boucle sur la partie inf\u00e9rieure de l&rsquo;orteil. Cela aidera \u00e0 amortir et \u00e0 absorber les forces de cisaillement du dessus de la chaussure et aidera \u00e0 pousser l&rsquo;orteil vers le bas.<\/li>\n<li>\u00c9carteur d&rsquo;orteils : Peut \u00eatre plac\u00e9 sur l&rsquo;orteil affect\u00e9 ou sur l&rsquo;orteil le plus proche de celui-ci. Placez la boucle sur le c\u00f4t\u00e9 de l&rsquo;orteil et la partie plate entre les orteils affect\u00e9s.&nbsp;<\/li>\n<\/ul>\n<div>\n<div>\n<div><b>Entretien<\/b><\/div>\n<\/div>\n<div>\n<ul>\n<li>Laver \u00e0 la main avec de l&rsquo;eau ti\u00e8de et du savon.&nbsp;<\/li>\n<li>Laisser compl\u00e8tement s\u00e9cher \u00e0 l&rsquo;air libre avant de r\u00e9utiliser.&nbsp;<\/li>\n<li>Saupoudrer de talc si le gel devient collant apr\u00e8s le lavage.&nbsp;<\/li>\n<li>\u00c9liminer conform\u00e9ment \u00e0 la r\u00e9glementation locale.&nbsp;<\/li>\n<\/ul>\n<div><b>Attention<\/b><\/div>\n<\/div>\n<div>\n<ul>\n<li>Si les produits ne sont pas lav\u00e9s ou talqu\u00e9s conform\u00e9ment aux instructions, le coefficient de frottement pourrait augmenter et provoquer des rougeurs ou des ampoules sur la peau.<\/li>\n<li>Les utilisateurs allergiques au talc ne doivent pas utiliser ce produit.<\/li>\n<li>Ne portez jamais le produit si vous avez une plaie ouverte.<\/li>\n<\/ul>\n<div><b>\u00c9galement disponible<\/b><\/div>\n<div>\n<ul>\n<li>Gelsmart Coussinet Orteil pour D\u00e9pressurisation S 3 pcs. (<a href=\"https:\/\/webshop.districos.com\/ProductDetail\/5217.041\" target=\"_blank\" rel=\"noopener noreferrer nofollow\">r\u00e9f. 5217.041<\/a>)<\/li>\n<li>Gelsmart Coussinet Orteil pour D\u00e9pressurisation M 3 pcs. (<a href=\"https:\/\/webshop.districos.com\/ProductDetail\/5217.042\" target=\"_blank\" rel=\"noopener noreferrer nofollow\">r\u00e9f. 5217.042<\/a>)<\/li>\n<li>Gelsmart Coussinet Orteil pour D\u00e9pressurisation L 3 pcs. (<a href=\"https:\/\/webshop.districos.com\/ProductDetail\/5217.043\" target=\"_blank\" rel=\"noopener noreferrer nofollow\">r\u00e9f. 5217.043<\/a>)<\/li>\n<\/ul>\n<\/div>\n<\/div>\n<\/div>\n<\/div>\n<\/div>\n","protected":false},"excerpt":{"rendered":"<p>QUATRE UTILISATIONS EN UNE ! Ce s\u00e9parateur pour orteil en gel avec boucle est multifonctionnel. Le design polyvalent peut \u00eatre utilis\u00e9 comme \u00ab\u00a0bout d&rsquo;orteil\u00a0\u00bb, comme \u00ab\u00a0cr\u00eate d&rsquo;orteil individuel\u00a0\u00bb, comme un \u00ab\u00a0coussin dorsal\u00a0\u00bb ou comme une \u00ab\u00a0entretoise d&rsquo;orteil\u00a0\u00bb, selon le positionnement. Ce produit aide \u00e0 prot\u00e9ger les orteils affect\u00e9s par les traumatismes, les difformit\u00e9s, les cors, [&hellip;]<\/p>\n","protected":false},"featured_media":144790,"comment_status":"open","ping_status":"closed","template":"","meta":{"_acf_changed":false},"product_brand":[10412],"product_cat":[9996,9954],"product_tag":[],"class_list":{"0":"post-135175","1":"product","2":"type-product","3":"status-publish","4":"has-post-thumbnail","6":"product_brand-gelsmart-fr","7":"product_cat-soins-des-pieds-podologie-soulagement-de-la-pression-gels-pads-en-gel","8":"product_cat-beaute-pedicure-soulagement-de-la-pression","10":"first","11":"instock","12":"taxable","13":"shipping-taxable","14":"product-type-simple"},"acf":[],"yoast_head":"<!-- This site is optimized with the Yoast SEO plugin v27.3 - https:\/\/yoast.com\/product\/yoast-seo-wordpress\/ -->\n<title>Gelsmart Coussinet Orteil pour D\u00e9pressurisation S 3 pcs. - Districos Webshop<\/title>\n<meta name=\"robots\" content=\"noindex, follow, max-snippet:-1, max-image-preview:large, max-video-preview:-1\" \/>\n<meta property=\"og:locale\" content=\"fr_FR\" \/>\n<meta property=\"og:type\" content=\"article\" \/>\n<meta property=\"og:title\" content=\"Gelsmart Coussinet Orteil pour D\u00e9pressurisation S 3 pcs. - Districos Webshop\" \/>\n<meta property=\"og:description\" content=\"QUATRE UTILISATIONS EN UNE ! Ce s\u00e9parateur pour orteil en gel avec boucle est multifonctionnel. Le design polyvalent peut \u00eatre utilis\u00e9 comme \u00ab\u00a0bout d&rsquo;orteil\u00a0\u00bb, comme \u00ab\u00a0cr\u00eate d&rsquo;orteil individuel\u00a0\u00bb, comme un \u00ab\u00a0coussin dorsal\u00a0\u00bb ou comme une \u00ab\u00a0entretoise d&rsquo;orteil\u00a0\u00bb, selon le positionnement. Ce produit aide \u00e0 prot\u00e9ger les orteils affect\u00e9s par les traumatismes, les difformit\u00e9s, les cors, [&hellip;]\" \/>\n<meta property=\"og:url\" content=\"https:\/\/districos.standingout.be\/fr\/product\/gelsmart-coussinet-orteil-pour-depressurisation-s-3-pcs-ref-5217-041\/\" \/>\n<meta property=\"og:site_name\" content=\"Districos Webshop\" \/>\n<meta property=\"article:modified_time\" content=\"2026-04-28T02:21:05+00:00\" \/>\n<meta property=\"og:image\" content=\"https:\/\/districos.standingout.be\/wp-content\/uploads\/2026\/04\/5217.041@Gelsmart-Drukontlastend-Teenkussen-S-3-st_1-2.png\" \/>\n\t<meta property=\"og:image:width\" content=\"467\" \/>\n\t<meta property=\"og:image:height\" content=\"600\" \/>\n\t<meta property=\"og:image:type\" content=\"image\/png\" \/>\n<meta name=\"twitter:card\" content=\"summary_large_image\" \/>\n<meta name=\"twitter:label1\" content=\"Dur\u00e9e de lecture estim\u00e9e\" \/>\n\t<meta name=\"twitter:data1\" content=\"2 minutes\" \/>\n<script type=\"application\/ld+json\" class=\"yoast-schema-graph\">{\"@context\":\"https:\\\/\\\/schema.org\",\"@graph\":[{\"@type\":\"WebPage\",\"@id\":\"https:\\\/\\\/districos.standingout.be\\\/fr\\\/product\\\/gelsmart-coussinet-orteil-pour-depressurisation-s-3-pcs-ref-5217-041\\\/\",\"url\":\"https:\\\/\\\/districos.standingout.be\\\/fr\\\/product\\\/gelsmart-coussinet-orteil-pour-depressurisation-s-3-pcs-ref-5217-041\\\/\",\"name\":\"Gelsmart Coussinet Orteil pour D\u00e9pressurisation S 3 pcs. - Districos Webshop\",\"isPartOf\":{\"@id\":\"https:\\\/\\\/districos.standingout.be\\\/fr\\\/#website\"},\"primaryImageOfPage\":{\"@id\":\"https:\\\/\\\/districos.standingout.be\\\/fr\\\/product\\\/gelsmart-coussinet-orteil-pour-depressurisation-s-3-pcs-ref-5217-041\\\/#primaryimage\"},\"image\":{\"@id\":\"https:\\\/\\\/districos.standingout.be\\\/fr\\\/product\\\/gelsmart-coussinet-orteil-pour-depressurisation-s-3-pcs-ref-5217-041\\\/#primaryimage\"},\"thumbnailUrl\":\"https:\\\/\\\/districos.standingout.be\\\/wp-content\\\/uploads\\\/2026\\\/04\\\/5217.041@Gelsmart-Drukontlastend-Teenkussen-S-3-st_1-3.png\",\"datePublished\":\"2026-04-28T02:21:02+00:00\",\"dateModified\":\"2026-04-28T02:21:05+00:00\",\"breadcrumb\":{\"@id\":\"https:\\\/\\\/districos.standingout.be\\\/fr\\\/product\\\/gelsmart-coussinet-orteil-pour-depressurisation-s-3-pcs-ref-5217-041\\\/#breadcrumb\"},\"inLanguage\":\"fr-FR\",\"potentialAction\":[{\"@type\":\"ReadAction\",\"target\":[\"https:\\\/\\\/districos.standingout.be\\\/fr\\\/product\\\/gelsmart-coussinet-orteil-pour-depressurisation-s-3-pcs-ref-5217-041\\\/\"]}]},{\"@type\":\"ImageObject\",\"inLanguage\":\"fr-FR\",\"@id\":\"https:\\\/\\\/districos.standingout.be\\\/fr\\\/product\\\/gelsmart-coussinet-orteil-pour-depressurisation-s-3-pcs-ref-5217-041\\\/#primaryimage\",\"url\":\"https:\\\/\\\/districos.standingout.be\\\/wp-content\\\/uploads\\\/2026\\\/04\\\/5217.041@Gelsmart-Drukontlastend-Teenkussen-S-3-st_1-3.png\",\"contentUrl\":\"https:\\\/\\\/districos.standingout.be\\\/wp-content\\\/uploads\\\/2026\\\/04\\\/5217.041@Gelsmart-Drukontlastend-Teenkussen-S-3-st_1-3.png\",\"width\":467,\"height\":600},{\"@type\":\"BreadcrumbList\",\"@id\":\"https:\\\/\\\/districos.standingout.be\\\/fr\\\/product\\\/gelsmart-coussinet-orteil-pour-depressurisation-s-3-pcs-ref-5217-041\\\/#breadcrumb\",\"itemListElement\":[{\"@type\":\"ListItem\",\"position\":1,\"name\":\"Home\",\"item\":\"https:\\\/\\\/districos.standingout.be\\\/fr\\\/bienvenue-chez-districos\\\/\"},{\"@type\":\"ListItem\",\"position\":2,\"name\":\"Boutique\",\"item\":\"https:\\\/\\\/districos.standingout.be\\\/fr\\\/boutique\\\/\"},{\"@type\":\"ListItem\",\"position\":3,\"name\":\"Gelsmart Coussinet Orteil pour D\u00e9pressurisation S 3 pcs.\"}]},{\"@type\":\"WebSite\",\"@id\":\"https:\\\/\\\/districos.standingout.be\\\/fr\\\/#website\",\"url\":\"https:\\\/\\\/districos.standingout.be\\\/fr\\\/\",\"name\":\"Districos Webshop\",\"description\":\"\",\"publisher\":{\"@id\":\"https:\\\/\\\/districos.standingout.be\\\/fr\\\/#organization\"},\"potentialAction\":[{\"@type\":\"SearchAction\",\"target\":{\"@type\":\"EntryPoint\",\"urlTemplate\":\"https:\\\/\\\/districos.standingout.be\\\/fr\\\/?s={search_term_string}\"},\"query-input\":{\"@type\":\"PropertyValueSpecification\",\"valueRequired\":true,\"valueName\":\"search_term_string\"}}],\"inLanguage\":\"fr-FR\"},{\"@type\":\"Organization\",\"@id\":\"https:\\\/\\\/districos.standingout.be\\\/fr\\\/#organization\",\"name\":\"Districos Webshop\",\"url\":\"https:\\\/\\\/districos.standingout.be\\\/fr\\\/\",\"logo\":{\"@type\":\"ImageObject\",\"inLanguage\":\"fr-FR\",\"@id\":\"https:\\\/\\\/districos.standingout.be\\\/fr\\\/#\\\/schema\\\/logo\\\/image\\\/\",\"url\":\"https:\\\/\\\/districos.standingout.be\\\/wp-content\\\/uploads\\\/2022\\\/09\\\/Districos_Logo_Webshop.svg\",\"contentUrl\":\"https:\\\/\\\/districos.standingout.be\\\/wp-content\\\/uploads\\\/2022\\\/09\\\/Districos_Logo_Webshop.svg\",\"caption\":\"Districos Webshop\"},\"image\":{\"@id\":\"https:\\\/\\\/districos.standingout.be\\\/fr\\\/#\\\/schema\\\/logo\\\/image\\\/\"}}]}<\/script>\n<!-- \/ Yoast SEO plugin. -->","yoast_head_json":{"title":"Gelsmart Coussinet Orteil pour D\u00e9pressurisation S 3 pcs. - Districos Webshop","robots":{"index":"noindex","follow":"follow","max-snippet":"max-snippet:-1","max-image-preview":"max-image-preview:large","max-video-preview":"max-video-preview:-1"},"og_locale":"fr_FR","og_type":"article","og_title":"Gelsmart Coussinet Orteil pour D\u00e9pressurisation S 3 pcs. - Districos Webshop","og_description":"QUATRE UTILISATIONS EN UNE ! Ce s\u00e9parateur pour orteil en gel avec boucle est multifonctionnel. Le design polyvalent peut \u00eatre utilis\u00e9 comme \u00ab\u00a0bout d&rsquo;orteil\u00a0\u00bb, comme \u00ab\u00a0cr\u00eate d&rsquo;orteil individuel\u00a0\u00bb, comme un \u00ab\u00a0coussin dorsal\u00a0\u00bb ou comme une \u00ab\u00a0entretoise d&rsquo;orteil\u00a0\u00bb, selon le positionnement. Ce produit aide \u00e0 prot\u00e9ger les orteils affect\u00e9s par les traumatismes, les difformit\u00e9s, les cors, [&hellip;]","og_url":"https:\/\/districos.standingout.be\/fr\/product\/gelsmart-coussinet-orteil-pour-depressurisation-s-3-pcs-ref-5217-041\/","og_site_name":"Districos Webshop","article_modified_time":"2026-04-28T02:21:05+00:00","og_image":[{"width":467,"height":600,"url":"https:\/\/districos.standingout.be\/wp-content\/uploads\/2026\/04\/5217.041@Gelsmart-Drukontlastend-Teenkussen-S-3-st_1-2.png","type":"image\/png"}],"twitter_card":"summary_large_image","twitter_misc":{"Dur\u00e9e de lecture estim\u00e9e":"2 minutes"},"schema":{"@context":"https:\/\/schema.org","@graph":[{"@type":"WebPage","@id":"https:\/\/districos.standingout.be\/fr\/product\/gelsmart-coussinet-orteil-pour-depressurisation-s-3-pcs-ref-5217-041\/","url":"https:\/\/districos.standingout.be\/fr\/product\/gelsmart-coussinet-orteil-pour-depressurisation-s-3-pcs-ref-5217-041\/","name":"Gelsmart Coussinet Orteil pour D\u00e9pressurisation S 3 pcs. - Districos Webshop","isPartOf":{"@id":"https:\/\/districos.standingout.be\/fr\/#website"},"primaryImageOfPage":{"@id":"https:\/\/districos.standingout.be\/fr\/product\/gelsmart-coussinet-orteil-pour-depressurisation-s-3-pcs-ref-5217-041\/#primaryimage"},"image":{"@id":"https:\/\/districos.standingout.be\/fr\/product\/gelsmart-coussinet-orteil-pour-depressurisation-s-3-pcs-ref-5217-041\/#primaryimage"},"thumbnailUrl":"https:\/\/districos.standingout.be\/wp-content\/uploads\/2026\/04\/5217.041@Gelsmart-Drukontlastend-Teenkussen-S-3-st_1-3.png","datePublished":"2026-04-28T02:21:02+00:00","dateModified":"2026-04-28T02:21:05+00:00","breadcrumb":{"@id":"https:\/\/districos.standingout.be\/fr\/product\/gelsmart-coussinet-orteil-pour-depressurisation-s-3-pcs-ref-5217-041\/#breadcrumb"},"inLanguage":"fr-FR","potentialAction":[{"@type":"ReadAction","target":["https:\/\/districos.standingout.be\/fr\/product\/gelsmart-coussinet-orteil-pour-depressurisation-s-3-pcs-ref-5217-041\/"]}]},{"@type":"ImageObject","inLanguage":"fr-FR","@id":"https:\/\/districos.standingout.be\/fr\/product\/gelsmart-coussinet-orteil-pour-depressurisation-s-3-pcs-ref-5217-041\/#primaryimage","url":"https:\/\/districos.standingout.be\/wp-content\/uploads\/2026\/04\/5217.041@Gelsmart-Drukontlastend-Teenkussen-S-3-st_1-3.png","contentUrl":"https:\/\/districos.standingout.be\/wp-content\/uploads\/2026\/04\/5217.041@Gelsmart-Drukontlastend-Teenkussen-S-3-st_1-3.png","width":467,"height":600},{"@type":"BreadcrumbList","@id":"https:\/\/districos.standingout.be\/fr\/product\/gelsmart-coussinet-orteil-pour-depressurisation-s-3-pcs-ref-5217-041\/#breadcrumb","itemListElement":[{"@type":"ListItem","position":1,"name":"Home","item":"https:\/\/districos.standingout.be\/fr\/bienvenue-chez-districos\/"},{"@type":"ListItem","position":2,"name":"Boutique","item":"https:\/\/districos.standingout.be\/fr\/boutique\/"},{"@type":"ListItem","position":3,"name":"Gelsmart Coussinet Orteil pour D\u00e9pressurisation S 3 pcs."}]},{"@type":"WebSite","@id":"https:\/\/districos.standingout.be\/fr\/#website","url":"https:\/\/districos.standingout.be\/fr\/","name":"Districos Webshop","description":"","publisher":{"@id":"https:\/\/districos.standingout.be\/fr\/#organization"},"potentialAction":[{"@type":"SearchAction","target":{"@type":"EntryPoint","urlTemplate":"https:\/\/districos.standingout.be\/fr\/?s={search_term_string}"},"query-input":{"@type":"PropertyValueSpecification","valueRequired":true,"valueName":"search_term_string"}}],"inLanguage":"fr-FR"},{"@type":"Organization","@id":"https:\/\/districos.standingout.be\/fr\/#organization","name":"Districos Webshop","url":"https:\/\/districos.standingout.be\/fr\/","logo":{"@type":"ImageObject","inLanguage":"fr-FR","@id":"https:\/\/districos.standingout.be\/fr\/#\/schema\/logo\/image\/","url":"https:\/\/districos.standingout.be\/wp-content\/uploads\/2022\/09\/Districos_Logo_Webshop.svg","contentUrl":"https:\/\/districos.standingout.be\/wp-content\/uploads\/2022\/09\/Districos_Logo_Webshop.svg","caption":"Districos Webshop"},"image":{"@id":"https:\/\/districos.standingout.be\/fr\/#\/schema\/logo\/image\/"}}]}},"_links":{"self":[{"href":"https:\/\/districos.standingout.be\/fr\/wp-json\/wp\/v2\/product\/135175","targetHints":{"allow":["GET"]}}],"collection":[{"href":"https:\/\/districos.standingout.be\/fr\/wp-json\/wp\/v2\/product"}],"about":[{"href":"https:\/\/districos.standingout.be\/fr\/wp-json\/wp\/v2\/types\/product"}],"replies":[{"embeddable":true,"href":"https:\/\/districos.standingout.be\/fr\/wp-json\/wp\/v2\/comments?post=135175"}],"wp:featuredmedia":[{"embeddable":true,"href":"https:\/\/districos.standingout.be\/fr\/wp-json\/wp\/v2\/media\/144790"}],"wp:attachment":[{"href":"https:\/\/districos.standingout.be\/fr\/wp-json\/wp\/v2\/media?parent=135175"}],"wp:term":[{"taxonomy":"product_brand","embeddable":true,"href":"https:\/\/districos.standingout.be\/fr\/wp-json\/wp\/v2\/product_brand?post=135175"},{"taxonomy":"product_cat","embeddable":true,"href":"https:\/\/districos.standingout.be\/fr\/wp-json\/wp\/v2\/product_cat?post=135175"},{"taxonomy":"product_tag","embeddable":true,"href":"https:\/\/districos.standingout.be\/fr\/wp-json\/wp\/v2\/product_tag?post=135175"}],"curies":[{"name":"wp","href":"https:\/\/api.w.org\/{rel}","templated":true}]}}