{"id":135205,"date":"2026-04-28T04:25:22","date_gmt":"2026-04-28T02:25:22","guid":{"rendered":"https:\/\/webshopdistricoscom.webhosting.be\/product\/gelsmart-anneau-dorteil-tricot-l-3-pcs-ref-5217-083\/"},"modified":"2026-04-28T04:25:25","modified_gmt":"2026-04-28T02:25:25","slug":"gelsmart-anneau-dorteil-tricot-l-3-pcs-ref-5217-083","status":"publish","type":"product","link":"https:\/\/districos.standingout.be\/fr\/product\/gelsmart-anneau-dorteil-tricot-l-3-pcs-ref-5217-083\/","title":{"rendered":"Gelsmart Anneau d&rsquo;Orteil Tricot L 3 pcs."},"content":{"rendered":"<p >\n<p><font face=\"Verdana, sans-serif\"><b>Protection en tissu nervur\u00e9 pour soulager l&rsquo;inconfort<\/b><\/font><\/p>\n<p><font face=\"Verdana, sans-serif\">La protection en tissu nervur\u00e9 est con\u00e7ue avec un coussin de gel \u00e9pais et de forme ronde pour un confort accru. Le tissu doux et confortable se glisse facilement sur les orteils et reste en place. Ce produit aide \u00e0 soulager l&rsquo;inconfort caus\u00e9 par les cors, les ampoules, les orteils en marteau, les callosit\u00e9s et les traumatismes num\u00e9riques. L&rsquo;huile min\u00e9rale de qualit\u00e9 m\u00e9dicale se lib\u00e8re confortablement au contact de la peau pour aider \u00e0 adoucir les cors et les callosit\u00e9s. Test\u00e9 dermatologiquement et hypoallerg\u00e9nique. Lavable \u00e0 la main et r\u00e9utilisable.<\/font><\/p>\n<p><font face=\"Verdana, sans-serif\"><b>Caract\u00e9ristiques<\/b><\/font><\/p>\n<ul>\n<li>Le coussin en gel int\u00e9gr\u00e9 soulage la pression et les frottements sur les orteils et offre protection et confort en cas de probl\u00e8mes d&rsquo;ongles, de cuticules s\u00e8ches et endommag\u00e9es, de cors, d&rsquo;orteils en marteau et de peau irrit\u00e9e.<\/li>\n<li>Fabriqu\u00e9 \u00e0 partir de tissu antimicrobien FabricSmartTM associ\u00e9 \u00e0 un coussin en gel SmartGel\u00ae.<\/li>\n<li>Enrichi en huiles min\u00e9rales et en vitamines qui se lib\u00e8rent au contact de la peau pour adoucir les callosit\u00e9s et les cors.<\/li>\n<li>Test\u00e9 dermatologiquement, hypoallerg\u00e9nique, lavable et r\u00e9utilisable.<\/li>\n<\/ul>\n<div>\n<p dir=\"ltr\"><b>Utilisation<\/b><\/p>\n<p dir=\"ltr\">\n<ul>\n<li>Pour les personnes souffrant de diverses affections temporaires et chroniques des pieds<\/li>\n<li>Pour minimiser l&rsquo;inconfort, la pression, la friction et soulager la pression li\u00e9e \u00e0 diverses affections temporaires et chroniques des pieds<\/li>\n<\/ul>\n<div><b>Instructions<\/b><\/div>\n<div>\n<ul>\n<li>Glissez sur l&rsquo;orteil affect\u00e9.<\/li>\n<li>Testez pour un ajustement confortable.<\/li>\n<li>R\u00e9ajustez si n\u00e9cessaire.&nbsp;<\/li>\n<li>Retirez le produit de la peau pendant au moins 3 \u00e0 4 heures par jour pour permettre \u00e0 la peau de respirer.<\/li>\n<\/ul>\n<div>\n<div>\n<div>\n<div><b>Entretien<\/b><\/div>\n<\/div>\n<div>\n<ul>\n<li>Laver \u00e0 la main avec de l&rsquo;eau ti\u00e8de et du savon.&nbsp;<\/li>\n<li>Laisser compl\u00e8tement s\u00e9cher \u00e0 l&rsquo;air libre avant de r\u00e9utiliser.&nbsp;<\/li>\n<li>Saupoudrer de talc si le gel devient collant apr\u00e8s le lavage.&nbsp;<\/li>\n<li>\u00c9liminer conform\u00e9ment \u00e0 la r\u00e9glementation locale.&nbsp;<\/li>\n<\/ul>\n<\/div>\n<\/div>\n<div>\n<div>\n<div><b>Attention<\/b><\/div>\n<\/div>\n<div>\n<ul>\n<li>Si les produits ne sont pas lav\u00e9s ou talqu\u00e9s conform\u00e9ment aux instructions, le coefficient de frottement pourrait augmenter et provoquer des rougeurs ou des ampoules sur la peau.<\/li>\n<li>Les utilisateurs allergiques au talc ne doivent pas utiliser ce produit.<\/li>\n<li>Ne portez jamais le produit si vous avez une plaie ouverte.<\/li>\n<\/ul>\n<div><b>\u00c9galement disponible<\/b><\/div>\n<div>\n<ul>\n<li>Gelsmart Anneau en Gel et Tricot Petit Orteil O5 XS 3 pcs. (<a href=\"https:\/\/webshop.districos.com\/ProductDetail\/5217.080\" target=\"_blank\" rel=\"noopener noreferrer nofollow\">r\u00e9f. 5217.080<\/a>)<\/li>\n<li>Gelsmart Anneau d&rsquo;Orteil Tricot S 3 pcs. (<a href=\"https:\/\/webshop.districos.com\/ProductDetail\/5217.081\" target=\"_blank\" rel=\"noopener noreferrer nofollow\">r\u00e9f. 5217.081<\/a>)<\/li>\n<li>Gelsmart Anneau d&rsquo;Orteil Tricot M 3 pcs.(<a href=\"https:\/\/webshop.districos.com\/ProductDetail\/5217.082\" target=\"_blank\" rel=\"noopener noreferrer nofollow\">r\u00e9f. 5217.082)<\/a><\/li>\n<li>Gelsmart Anneau d&rsquo;Orteil Tricot L 3 pcs. (<a href=\"https:\/\/webshop.districos.com\/ProductDetail\/5217.083\" target=\"_blank\" rel=\"noopener noreferrer nofollow\">r\u00e9f. 5218.083<\/a>)<\/li>\n<\/ul>\n<\/div>\n<\/div>\n<\/div>\n<\/div>\n<\/div>\n<\/div>\n","protected":false},"excerpt":{"rendered":"<p>Protection en tissu nervur\u00e9 pour soulager l&rsquo;inconfort La protection en tissu nervur\u00e9 est con\u00e7ue avec un coussin de gel \u00e9pais et de forme ronde pour un confort accru. Le tissu doux et confortable se glisse facilement sur les orteils et reste en place. Ce produit aide \u00e0 soulager l&rsquo;inconfort caus\u00e9 par les cors, les ampoules, [&hellip;]<\/p>\n","protected":false},"featured_media":144934,"comment_status":"open","ping_status":"closed","template":"","meta":{"_acf_changed":false},"product_brand":[10412],"product_cat":[9996,9954],"product_tag":[],"class_list":{"0":"post-135205","1":"product","2":"type-product","3":"status-publish","4":"has-post-thumbnail","6":"product_brand-gelsmart-fr","7":"product_cat-soins-des-pieds-podologie-soulagement-de-la-pression-gels-pads-en-gel","8":"product_cat-beaute-pedicure-soulagement-de-la-pression","10":"first","11":"instock","12":"taxable","13":"shipping-taxable","14":"product-type-simple"},"acf":[],"yoast_head":"<!-- This site is optimized with the Yoast SEO plugin v27.3 - https:\/\/yoast.com\/product\/yoast-seo-wordpress\/ -->\n<title>Gelsmart Anneau d&#039;Orteil Tricot L 3 pcs. - Districos Webshop<\/title>\n<meta name=\"robots\" content=\"noindex, follow, max-snippet:-1, max-image-preview:large, max-video-preview:-1\" \/>\n<meta property=\"og:locale\" content=\"fr_FR\" \/>\n<meta property=\"og:type\" content=\"article\" \/>\n<meta property=\"og:title\" content=\"Gelsmart Anneau d&#039;Orteil Tricot L 3 pcs. - Districos Webshop\" \/>\n<meta property=\"og:description\" content=\"Protection en tissu nervur\u00e9 pour soulager l&rsquo;inconfort La protection en tissu nervur\u00e9 est con\u00e7ue avec un coussin de gel \u00e9pais et de forme ronde pour un confort accru. Le tissu doux et confortable se glisse facilement sur les orteils et reste en place. Ce produit aide \u00e0 soulager l&rsquo;inconfort caus\u00e9 par les cors, les ampoules, [&hellip;]\" \/>\n<meta property=\"og:url\" content=\"https:\/\/districos.standingout.be\/fr\/product\/gelsmart-anneau-dorteil-tricot-l-3-pcs-ref-5217-083\/\" \/>\n<meta property=\"og:site_name\" content=\"Districos Webshop\" \/>\n<meta property=\"article:modified_time\" content=\"2026-04-28T02:25:25+00:00\" \/>\n<meta property=\"og:image\" content=\"https:\/\/districos.standingout.be\/wp-content\/uploads\/2026\/04\/5217.083@Gelsmart-Teenring-Tricot-L-3-st_1-2.png\" \/>\n\t<meta property=\"og:image:width\" content=\"467\" \/>\n\t<meta property=\"og:image:height\" content=\"600\" \/>\n\t<meta property=\"og:image:type\" content=\"image\/png\" \/>\n<meta name=\"twitter:card\" content=\"summary_large_image\" \/>\n<meta name=\"twitter:label1\" content=\"Dur\u00e9e de lecture estim\u00e9e\" \/>\n\t<meta name=\"twitter:data1\" content=\"2 minutes\" \/>\n<script type=\"application\/ld+json\" class=\"yoast-schema-graph\">{\"@context\":\"https:\\\/\\\/schema.org\",\"@graph\":[{\"@type\":\"WebPage\",\"@id\":\"https:\\\/\\\/districos.standingout.be\\\/fr\\\/product\\\/gelsmart-anneau-dorteil-tricot-l-3-pcs-ref-5217-083\\\/\",\"url\":\"https:\\\/\\\/districos.standingout.be\\\/fr\\\/product\\\/gelsmart-anneau-dorteil-tricot-l-3-pcs-ref-5217-083\\\/\",\"name\":\"Gelsmart Anneau d'Orteil Tricot L 3 pcs. - Districos Webshop\",\"isPartOf\":{\"@id\":\"https:\\\/\\\/districos.standingout.be\\\/fr\\\/#website\"},\"primaryImageOfPage\":{\"@id\":\"https:\\\/\\\/districos.standingout.be\\\/fr\\\/product\\\/gelsmart-anneau-dorteil-tricot-l-3-pcs-ref-5217-083\\\/#primaryimage\"},\"image\":{\"@id\":\"https:\\\/\\\/districos.standingout.be\\\/fr\\\/product\\\/gelsmart-anneau-dorteil-tricot-l-3-pcs-ref-5217-083\\\/#primaryimage\"},\"thumbnailUrl\":\"https:\\\/\\\/districos.standingout.be\\\/wp-content\\\/uploads\\\/2026\\\/04\\\/5217.083@Gelsmart-Teenring-Tricot-L-3-st_1-3.png\",\"datePublished\":\"2026-04-28T02:25:22+00:00\",\"dateModified\":\"2026-04-28T02:25:25+00:00\",\"breadcrumb\":{\"@id\":\"https:\\\/\\\/districos.standingout.be\\\/fr\\\/product\\\/gelsmart-anneau-dorteil-tricot-l-3-pcs-ref-5217-083\\\/#breadcrumb\"},\"inLanguage\":\"fr-FR\",\"potentialAction\":[{\"@type\":\"ReadAction\",\"target\":[\"https:\\\/\\\/districos.standingout.be\\\/fr\\\/product\\\/gelsmart-anneau-dorteil-tricot-l-3-pcs-ref-5217-083\\\/\"]}]},{\"@type\":\"ImageObject\",\"inLanguage\":\"fr-FR\",\"@id\":\"https:\\\/\\\/districos.standingout.be\\\/fr\\\/product\\\/gelsmart-anneau-dorteil-tricot-l-3-pcs-ref-5217-083\\\/#primaryimage\",\"url\":\"https:\\\/\\\/districos.standingout.be\\\/wp-content\\\/uploads\\\/2026\\\/04\\\/5217.083@Gelsmart-Teenring-Tricot-L-3-st_1-3.png\",\"contentUrl\":\"https:\\\/\\\/districos.standingout.be\\\/wp-content\\\/uploads\\\/2026\\\/04\\\/5217.083@Gelsmart-Teenring-Tricot-L-3-st_1-3.png\",\"width\":467,\"height\":600},{\"@type\":\"BreadcrumbList\",\"@id\":\"https:\\\/\\\/districos.standingout.be\\\/fr\\\/product\\\/gelsmart-anneau-dorteil-tricot-l-3-pcs-ref-5217-083\\\/#breadcrumb\",\"itemListElement\":[{\"@type\":\"ListItem\",\"position\":1,\"name\":\"Home\",\"item\":\"https:\\\/\\\/districos.standingout.be\\\/fr\\\/bienvenue-chez-districos\\\/\"},{\"@type\":\"ListItem\",\"position\":2,\"name\":\"Boutique\",\"item\":\"https:\\\/\\\/districos.standingout.be\\\/fr\\\/boutique\\\/\"},{\"@type\":\"ListItem\",\"position\":3,\"name\":\"Gelsmart Anneau d&#8217;Orteil Tricot L 3 pcs.\"}]},{\"@type\":\"WebSite\",\"@id\":\"https:\\\/\\\/districos.standingout.be\\\/fr\\\/#website\",\"url\":\"https:\\\/\\\/districos.standingout.be\\\/fr\\\/\",\"name\":\"Districos Webshop\",\"description\":\"\",\"publisher\":{\"@id\":\"https:\\\/\\\/districos.standingout.be\\\/fr\\\/#organization\"},\"potentialAction\":[{\"@type\":\"SearchAction\",\"target\":{\"@type\":\"EntryPoint\",\"urlTemplate\":\"https:\\\/\\\/districos.standingout.be\\\/fr\\\/?s={search_term_string}\"},\"query-input\":{\"@type\":\"PropertyValueSpecification\",\"valueRequired\":true,\"valueName\":\"search_term_string\"}}],\"inLanguage\":\"fr-FR\"},{\"@type\":\"Organization\",\"@id\":\"https:\\\/\\\/districos.standingout.be\\\/fr\\\/#organization\",\"name\":\"Districos Webshop\",\"url\":\"https:\\\/\\\/districos.standingout.be\\\/fr\\\/\",\"logo\":{\"@type\":\"ImageObject\",\"inLanguage\":\"fr-FR\",\"@id\":\"https:\\\/\\\/districos.standingout.be\\\/fr\\\/#\\\/schema\\\/logo\\\/image\\\/\",\"url\":\"https:\\\/\\\/districos.standingout.be\\\/wp-content\\\/uploads\\\/2022\\\/09\\\/Districos_Logo_Webshop.svg\",\"contentUrl\":\"https:\\\/\\\/districos.standingout.be\\\/wp-content\\\/uploads\\\/2022\\\/09\\\/Districos_Logo_Webshop.svg\",\"caption\":\"Districos Webshop\"},\"image\":{\"@id\":\"https:\\\/\\\/districos.standingout.be\\\/fr\\\/#\\\/schema\\\/logo\\\/image\\\/\"}}]}<\/script>\n<!-- \/ Yoast SEO plugin. -->","yoast_head_json":{"title":"Gelsmart Anneau d'Orteil Tricot L 3 pcs. - Districos Webshop","robots":{"index":"noindex","follow":"follow","max-snippet":"max-snippet:-1","max-image-preview":"max-image-preview:large","max-video-preview":"max-video-preview:-1"},"og_locale":"fr_FR","og_type":"article","og_title":"Gelsmart Anneau d'Orteil Tricot L 3 pcs. - Districos Webshop","og_description":"Protection en tissu nervur\u00e9 pour soulager l&rsquo;inconfort La protection en tissu nervur\u00e9 est con\u00e7ue avec un coussin de gel \u00e9pais et de forme ronde pour un confort accru. Le tissu doux et confortable se glisse facilement sur les orteils et reste en place. Ce produit aide \u00e0 soulager l&rsquo;inconfort caus\u00e9 par les cors, les ampoules, [&hellip;]","og_url":"https:\/\/districos.standingout.be\/fr\/product\/gelsmart-anneau-dorteil-tricot-l-3-pcs-ref-5217-083\/","og_site_name":"Districos Webshop","article_modified_time":"2026-04-28T02:25:25+00:00","og_image":[{"width":467,"height":600,"url":"https:\/\/districos.standingout.be\/wp-content\/uploads\/2026\/04\/5217.083@Gelsmart-Teenring-Tricot-L-3-st_1-2.png","type":"image\/png"}],"twitter_card":"summary_large_image","twitter_misc":{"Dur\u00e9e de lecture estim\u00e9e":"2 minutes"},"schema":{"@context":"https:\/\/schema.org","@graph":[{"@type":"WebPage","@id":"https:\/\/districos.standingout.be\/fr\/product\/gelsmart-anneau-dorteil-tricot-l-3-pcs-ref-5217-083\/","url":"https:\/\/districos.standingout.be\/fr\/product\/gelsmart-anneau-dorteil-tricot-l-3-pcs-ref-5217-083\/","name":"Gelsmart Anneau d'Orteil Tricot L 3 pcs. - Districos Webshop","isPartOf":{"@id":"https:\/\/districos.standingout.be\/fr\/#website"},"primaryImageOfPage":{"@id":"https:\/\/districos.standingout.be\/fr\/product\/gelsmart-anneau-dorteil-tricot-l-3-pcs-ref-5217-083\/#primaryimage"},"image":{"@id":"https:\/\/districos.standingout.be\/fr\/product\/gelsmart-anneau-dorteil-tricot-l-3-pcs-ref-5217-083\/#primaryimage"},"thumbnailUrl":"https:\/\/districos.standingout.be\/wp-content\/uploads\/2026\/04\/5217.083@Gelsmart-Teenring-Tricot-L-3-st_1-3.png","datePublished":"2026-04-28T02:25:22+00:00","dateModified":"2026-04-28T02:25:25+00:00","breadcrumb":{"@id":"https:\/\/districos.standingout.be\/fr\/product\/gelsmart-anneau-dorteil-tricot-l-3-pcs-ref-5217-083\/#breadcrumb"},"inLanguage":"fr-FR","potentialAction":[{"@type":"ReadAction","target":["https:\/\/districos.standingout.be\/fr\/product\/gelsmart-anneau-dorteil-tricot-l-3-pcs-ref-5217-083\/"]}]},{"@type":"ImageObject","inLanguage":"fr-FR","@id":"https:\/\/districos.standingout.be\/fr\/product\/gelsmart-anneau-dorteil-tricot-l-3-pcs-ref-5217-083\/#primaryimage","url":"https:\/\/districos.standingout.be\/wp-content\/uploads\/2026\/04\/5217.083@Gelsmart-Teenring-Tricot-L-3-st_1-3.png","contentUrl":"https:\/\/districos.standingout.be\/wp-content\/uploads\/2026\/04\/5217.083@Gelsmart-Teenring-Tricot-L-3-st_1-3.png","width":467,"height":600},{"@type":"BreadcrumbList","@id":"https:\/\/districos.standingout.be\/fr\/product\/gelsmart-anneau-dorteil-tricot-l-3-pcs-ref-5217-083\/#breadcrumb","itemListElement":[{"@type":"ListItem","position":1,"name":"Home","item":"https:\/\/districos.standingout.be\/fr\/bienvenue-chez-districos\/"},{"@type":"ListItem","position":2,"name":"Boutique","item":"https:\/\/districos.standingout.be\/fr\/boutique\/"},{"@type":"ListItem","position":3,"name":"Gelsmart Anneau d&#8217;Orteil Tricot L 3 pcs."}]},{"@type":"WebSite","@id":"https:\/\/districos.standingout.be\/fr\/#website","url":"https:\/\/districos.standingout.be\/fr\/","name":"Districos Webshop","description":"","publisher":{"@id":"https:\/\/districos.standingout.be\/fr\/#organization"},"potentialAction":[{"@type":"SearchAction","target":{"@type":"EntryPoint","urlTemplate":"https:\/\/districos.standingout.be\/fr\/?s={search_term_string}"},"query-input":{"@type":"PropertyValueSpecification","valueRequired":true,"valueName":"search_term_string"}}],"inLanguage":"fr-FR"},{"@type":"Organization","@id":"https:\/\/districos.standingout.be\/fr\/#organization","name":"Districos Webshop","url":"https:\/\/districos.standingout.be\/fr\/","logo":{"@type":"ImageObject","inLanguage":"fr-FR","@id":"https:\/\/districos.standingout.be\/fr\/#\/schema\/logo\/image\/","url":"https:\/\/districos.standingout.be\/wp-content\/uploads\/2022\/09\/Districos_Logo_Webshop.svg","contentUrl":"https:\/\/districos.standingout.be\/wp-content\/uploads\/2022\/09\/Districos_Logo_Webshop.svg","caption":"Districos Webshop"},"image":{"@id":"https:\/\/districos.standingout.be\/fr\/#\/schema\/logo\/image\/"}}]}},"_links":{"self":[{"href":"https:\/\/districos.standingout.be\/fr\/wp-json\/wp\/v2\/product\/135205","targetHints":{"allow":["GET"]}}],"collection":[{"href":"https:\/\/districos.standingout.be\/fr\/wp-json\/wp\/v2\/product"}],"about":[{"href":"https:\/\/districos.standingout.be\/fr\/wp-json\/wp\/v2\/types\/product"}],"replies":[{"embeddable":true,"href":"https:\/\/districos.standingout.be\/fr\/wp-json\/wp\/v2\/comments?post=135205"}],"wp:featuredmedia":[{"embeddable":true,"href":"https:\/\/districos.standingout.be\/fr\/wp-json\/wp\/v2\/media\/144934"}],"wp:attachment":[{"href":"https:\/\/districos.standingout.be\/fr\/wp-json\/wp\/v2\/media?parent=135205"}],"wp:term":[{"taxonomy":"product_brand","embeddable":true,"href":"https:\/\/districos.standingout.be\/fr\/wp-json\/wp\/v2\/product_brand?post=135205"},{"taxonomy":"product_cat","embeddable":true,"href":"https:\/\/districos.standingout.be\/fr\/wp-json\/wp\/v2\/product_cat?post=135205"},{"taxonomy":"product_tag","embeddable":true,"href":"https:\/\/districos.standingout.be\/fr\/wp-json\/wp\/v2\/product_tag?post=135205"}],"curies":[{"name":"wp","href":"https:\/\/api.w.org\/{rel}","templated":true}]}}