{"id":135213,"date":"2026-04-28T04:25:36","date_gmt":"2026-04-28T02:25:36","guid":{"rendered":"https:\/\/webshopdistricoscom.webhosting.be\/product\/gelsmart-digitubes-tricot-s-2-pcs-15-cm-ref-5217-088\/"},"modified":"2026-04-28T04:25:39","modified_gmt":"2026-04-28T02:25:39","slug":"gelsmart-digitubes-tricot-s-2-pcs-15-cm-ref-5217-088","status":"publish","type":"product","link":"https:\/\/districos.standingout.be\/fr\/product\/gelsmart-digitubes-tricot-s-2-pcs-15-cm-ref-5217-088\/","title":{"rendered":"Gelsmart Digitubes Tricot S 2 pcs. 15 cm"},"content":{"rendered":"<p >\n<\/p>\n<\/p>\n<\/p>\n<\/p>\n<\/p>\n<p><b><span lang=\"FR\">Tissu renforc\u00e9 avec gel enduit 15 cm<o:p><\/o:p><\/span><\/b><\/p>\n<p><span lang=\"FR\">Les tissus renforc\u00e9s avec gel enduit sont enti\u00e8rement doubl\u00e9s de gel et aident \u00e0 absorber la pression et la friction pour aider \u00e0 soulager la douleur caus\u00e9e par les cors, les callosit\u00e9s, les ongles incarn\u00e9s et les ampoules. Le manchon \u00e9lastique s&rsquo;\u00e9tire pour s&rsquo;adapter \u00e0 la plupart des doigts\/orteils et peut \u00eatre coup\u00e9 pour s&rsquo;adapter. Le gel lib\u00e8re lentement de l&rsquo;huile min\u00e9rale, qui adoucit et hydrate la peau.&nbsp;<o:p><\/o:p><\/span><\/p>\n<p><b><span lang=\"FR\">Mat\u00e9riaux<o:p><\/o:p><\/span><\/b><\/p>\n<ul type=\"disc\">\n<li><span lang=\"FR\">85 % nylon, 15 % \u00e9lasthanne, 100 % gel d&rsquo;huile min\u00e9rale de qualit\u00e9 m\u00e9dicale<o:p><\/o:p><\/span><\/li>\n<\/ul>\n<p><b><span lang=\"FR\">Utilisation<o:p><\/o:p><\/span><\/b><\/p>\n<ul type=\"disc\">\n<li><span lang=\"FR\">Pour les personnes souffrant de diverses affections temporaires et chroniques des pieds<o:p><\/o:p><\/span><\/li>\n<li><span lang=\"FR\">Pour minimiser l&rsquo;inconfort, la pression, la friction et soulager la pression li\u00e9e \u00e0 diverses affections temporaires et chroniques des pieds<o:p><\/o:p><\/span><\/li>\n<\/ul>\n<p><b><span lang=\"FR\">Instructions<o:p><\/o:p><\/span><\/b><\/p>\n<ul type=\"disc\">\n<li><span lang=\"FR\">Coupez \u00e0 la longueur d\u00e9sir\u00e9e.<o:p><\/o:p><\/span><\/li>\n<li><span lang=\"FR\">Glissez sur le doigt\/l&rsquo;orteil.<o:p><\/o:p><\/span><\/li>\n<li><span lang=\"FR\">Testez pour un ajustement confortable.<o:p><\/o:p><\/span><\/li>\n<li><span lang=\"FR\">Retirez et coupez si n\u00e9cessaire.<o:p><\/o:p><\/span><\/li>\n<li><span lang=\"FR\">Tirez sur les bas et r\u00e9ajustez au besoin.<o:p><\/o:p><\/span><\/li>\n<li><span lang=\"FR\">Retirez de la peau pendant au moins 3 \u00e0 4 heures pour permettre \u00e0 la peau de respirer.<o:p><\/o:p><\/span><\/li>\n<\/ul>\n<p><b><span lang=\"FR\">Entretien<o:p><\/o:p><\/span><\/b><\/p>\n<ul type=\"disc\">\n<li><span lang=\"FR\">Laver \u00e0 la main avec de l&rsquo;eau ti\u00e8de et du savon.&nbsp;<o:p><\/o:p><\/span><\/li>\n<li><span lang=\"FR\">Laisser compl\u00e8tement s\u00e9cher \u00e0 l&rsquo;air libre avant de r\u00e9utiliser.&nbsp;<o:p><\/o:p><\/span><\/li>\n<li><span lang=\"FR\">Saupoudrer de talc si le gel devient collant apr\u00e8s le lavage.&nbsp;<o:p><\/o:p><\/span><\/li>\n<li><span lang=\"FR\">\u00c9liminer conform\u00e9ment \u00e0 la r\u00e9glementation locale.&nbsp;<o:p><\/o:p><\/span><\/li>\n<\/ul>\n<p><b><span lang=\"FR\">Attention<o:p><\/o:p><\/span><\/b><\/p>\n<ul type=\"disc\">\n<li><span lang=\"FR\">Si les produits ne sont pas lav\u00e9s ou talqu\u00e9s conform\u00e9ment aux instructions, le coefficient de frottement pourrait augmenter et provoquer des rougeurs ou des ampoules sur la peau.<o:p><\/o:p><\/span><\/li>\n<li><span lang=\"FR\">Les utilisateurs allergiques au talc ne doivent pas utiliser ce produit.<o:p><\/o:p><\/span><\/li>\n<li><span lang=\"FR\">Ne portez jamais le produit si vous avez une plaie ouverte.<o:p><\/o:p><\/span><\/li>\n<\/ul>\n<p><b><span lang=\"FR\">\u00c9galement disponible<o:p><\/o:p><\/span><\/b><\/p>\n<ul type=\"disc\">\n<li><span lang=\"FR\">GelSmart Digitubes Tricot Medium 2 pcs. (<a href=\"https:\/\/webshop.districos.com\/ProductDetail\/5217.089\" target=\"_blank\" rel=\"noopener noreferrer nofollow\"><span>r\u00e9f. 5217.089<\/span><\/a>)<o:p><\/o:p><\/span><\/li>\n<\/ul>\n<p> &nbsp; <\/p><\/p>\n","protected":false},"excerpt":{"rendered":"<p>Tissu renforc\u00e9 avec gel enduit 15 cm Les tissus renforc\u00e9s avec gel enduit sont enti\u00e8rement doubl\u00e9s de gel et aident \u00e0 absorber la pression et la friction pour aider \u00e0 soulager la douleur caus\u00e9e par les cors, les callosit\u00e9s, les ongles incarn\u00e9s et les ampoules. Le manchon \u00e9lastique s&rsquo;\u00e9tire pour s&rsquo;adapter \u00e0 la plupart des [&hellip;]<\/p>\n","protected":false},"featured_media":144988,"comment_status":"open","ping_status":"closed","template":"","meta":{"_acf_changed":false},"product_brand":[10412],"product_cat":[9996,9954],"product_tag":[],"class_list":{"0":"post-135213","1":"product","2":"type-product","3":"status-publish","4":"has-post-thumbnail","6":"product_brand-gelsmart-fr","7":"product_cat-soins-des-pieds-podologie-soulagement-de-la-pression-gels-pads-en-gel","8":"product_cat-beaute-pedicure-soulagement-de-la-pression","10":"first","11":"instock","12":"taxable","13":"shipping-taxable","14":"product-type-simple"},"acf":[],"yoast_head":"<!-- This site is optimized with the Yoast SEO plugin v27.3 - https:\/\/yoast.com\/product\/yoast-seo-wordpress\/ -->\n<title>Gelsmart Digitubes Tricot S 2 pcs. 15 cm - Districos Webshop<\/title>\n<meta name=\"robots\" content=\"noindex, follow, max-snippet:-1, max-image-preview:large, max-video-preview:-1\" \/>\n<meta property=\"og:locale\" content=\"fr_FR\" \/>\n<meta property=\"og:type\" content=\"article\" \/>\n<meta property=\"og:title\" content=\"Gelsmart Digitubes Tricot S 2 pcs. 15 cm - Districos Webshop\" \/>\n<meta property=\"og:description\" content=\"Tissu renforc\u00e9 avec gel enduit 15 cm Les tissus renforc\u00e9s avec gel enduit sont enti\u00e8rement doubl\u00e9s de gel et aident \u00e0 absorber la pression et la friction pour aider \u00e0 soulager la douleur caus\u00e9e par les cors, les callosit\u00e9s, les ongles incarn\u00e9s et les ampoules. Le manchon \u00e9lastique s&rsquo;\u00e9tire pour s&rsquo;adapter \u00e0 la plupart des [&hellip;]\" \/>\n<meta property=\"og:url\" content=\"https:\/\/districos.standingout.be\/fr\/product\/gelsmart-digitubes-tricot-s-2-pcs-15-cm-ref-5217-088\/\" \/>\n<meta property=\"og:site_name\" content=\"Districos Webshop\" \/>\n<meta property=\"article:modified_time\" content=\"2026-04-28T02:25:39+00:00\" \/>\n<meta property=\"og:image\" content=\"https:\/\/districos.standingout.be\/wp-content\/uploads\/2026\/04\/5217.088@Gelsmart-Tricot-Digitubes-S-2-st-15-cm_1-2.png\" \/>\n\t<meta property=\"og:image:width\" content=\"467\" \/>\n\t<meta property=\"og:image:height\" content=\"600\" \/>\n\t<meta property=\"og:image:type\" content=\"image\/png\" \/>\n<meta name=\"twitter:card\" content=\"summary_large_image\" \/>\n<meta name=\"twitter:label1\" content=\"Dur\u00e9e de lecture estim\u00e9e\" \/>\n\t<meta name=\"twitter:data1\" content=\"1 minute\" \/>\n<script type=\"application\/ld+json\" class=\"yoast-schema-graph\">{\"@context\":\"https:\\\/\\\/schema.org\",\"@graph\":[{\"@type\":\"WebPage\",\"@id\":\"https:\\\/\\\/districos.standingout.be\\\/fr\\\/product\\\/gelsmart-digitubes-tricot-s-2-pcs-15-cm-ref-5217-088\\\/\",\"url\":\"https:\\\/\\\/districos.standingout.be\\\/fr\\\/product\\\/gelsmart-digitubes-tricot-s-2-pcs-15-cm-ref-5217-088\\\/\",\"name\":\"Gelsmart Digitubes Tricot S 2 pcs. 15 cm - Districos Webshop\",\"isPartOf\":{\"@id\":\"https:\\\/\\\/districos.standingout.be\\\/fr\\\/#website\"},\"primaryImageOfPage\":{\"@id\":\"https:\\\/\\\/districos.standingout.be\\\/fr\\\/product\\\/gelsmart-digitubes-tricot-s-2-pcs-15-cm-ref-5217-088\\\/#primaryimage\"},\"image\":{\"@id\":\"https:\\\/\\\/districos.standingout.be\\\/fr\\\/product\\\/gelsmart-digitubes-tricot-s-2-pcs-15-cm-ref-5217-088\\\/#primaryimage\"},\"thumbnailUrl\":\"https:\\\/\\\/districos.standingout.be\\\/wp-content\\\/uploads\\\/2026\\\/04\\\/5217.088@Gelsmart-Tricot-Digitubes-S-2-st-15-cm_1-3.png\",\"datePublished\":\"2026-04-28T02:25:36+00:00\",\"dateModified\":\"2026-04-28T02:25:39+00:00\",\"breadcrumb\":{\"@id\":\"https:\\\/\\\/districos.standingout.be\\\/fr\\\/product\\\/gelsmart-digitubes-tricot-s-2-pcs-15-cm-ref-5217-088\\\/#breadcrumb\"},\"inLanguage\":\"fr-FR\",\"potentialAction\":[{\"@type\":\"ReadAction\",\"target\":[\"https:\\\/\\\/districos.standingout.be\\\/fr\\\/product\\\/gelsmart-digitubes-tricot-s-2-pcs-15-cm-ref-5217-088\\\/\"]}]},{\"@type\":\"ImageObject\",\"inLanguage\":\"fr-FR\",\"@id\":\"https:\\\/\\\/districos.standingout.be\\\/fr\\\/product\\\/gelsmart-digitubes-tricot-s-2-pcs-15-cm-ref-5217-088\\\/#primaryimage\",\"url\":\"https:\\\/\\\/districos.standingout.be\\\/wp-content\\\/uploads\\\/2026\\\/04\\\/5217.088@Gelsmart-Tricot-Digitubes-S-2-st-15-cm_1-3.png\",\"contentUrl\":\"https:\\\/\\\/districos.standingout.be\\\/wp-content\\\/uploads\\\/2026\\\/04\\\/5217.088@Gelsmart-Tricot-Digitubes-S-2-st-15-cm_1-3.png\",\"width\":467,\"height\":600},{\"@type\":\"BreadcrumbList\",\"@id\":\"https:\\\/\\\/districos.standingout.be\\\/fr\\\/product\\\/gelsmart-digitubes-tricot-s-2-pcs-15-cm-ref-5217-088\\\/#breadcrumb\",\"itemListElement\":[{\"@type\":\"ListItem\",\"position\":1,\"name\":\"Home\",\"item\":\"https:\\\/\\\/districos.standingout.be\\\/fr\\\/bienvenue-chez-districos\\\/\"},{\"@type\":\"ListItem\",\"position\":2,\"name\":\"Boutique\",\"item\":\"https:\\\/\\\/districos.standingout.be\\\/fr\\\/boutique\\\/\"},{\"@type\":\"ListItem\",\"position\":3,\"name\":\"Gelsmart Digitubes Tricot S 2 pcs. 15 cm\"}]},{\"@type\":\"WebSite\",\"@id\":\"https:\\\/\\\/districos.standingout.be\\\/fr\\\/#website\",\"url\":\"https:\\\/\\\/districos.standingout.be\\\/fr\\\/\",\"name\":\"Districos Webshop\",\"description\":\"\",\"publisher\":{\"@id\":\"https:\\\/\\\/districos.standingout.be\\\/fr\\\/#organization\"},\"potentialAction\":[{\"@type\":\"SearchAction\",\"target\":{\"@type\":\"EntryPoint\",\"urlTemplate\":\"https:\\\/\\\/districos.standingout.be\\\/fr\\\/?s={search_term_string}\"},\"query-input\":{\"@type\":\"PropertyValueSpecification\",\"valueRequired\":true,\"valueName\":\"search_term_string\"}}],\"inLanguage\":\"fr-FR\"},{\"@type\":\"Organization\",\"@id\":\"https:\\\/\\\/districos.standingout.be\\\/fr\\\/#organization\",\"name\":\"Districos Webshop\",\"url\":\"https:\\\/\\\/districos.standingout.be\\\/fr\\\/\",\"logo\":{\"@type\":\"ImageObject\",\"inLanguage\":\"fr-FR\",\"@id\":\"https:\\\/\\\/districos.standingout.be\\\/fr\\\/#\\\/schema\\\/logo\\\/image\\\/\",\"url\":\"https:\\\/\\\/districos.standingout.be\\\/wp-content\\\/uploads\\\/2022\\\/09\\\/Districos_Logo_Webshop.svg\",\"contentUrl\":\"https:\\\/\\\/districos.standingout.be\\\/wp-content\\\/uploads\\\/2022\\\/09\\\/Districos_Logo_Webshop.svg\",\"caption\":\"Districos Webshop\"},\"image\":{\"@id\":\"https:\\\/\\\/districos.standingout.be\\\/fr\\\/#\\\/schema\\\/logo\\\/image\\\/\"}}]}<\/script>\n<!-- \/ Yoast SEO plugin. -->","yoast_head_json":{"title":"Gelsmart Digitubes Tricot S 2 pcs. 15 cm - Districos Webshop","robots":{"index":"noindex","follow":"follow","max-snippet":"max-snippet:-1","max-image-preview":"max-image-preview:large","max-video-preview":"max-video-preview:-1"},"og_locale":"fr_FR","og_type":"article","og_title":"Gelsmart Digitubes Tricot S 2 pcs. 15 cm - Districos Webshop","og_description":"Tissu renforc\u00e9 avec gel enduit 15 cm Les tissus renforc\u00e9s avec gel enduit sont enti\u00e8rement doubl\u00e9s de gel et aident \u00e0 absorber la pression et la friction pour aider \u00e0 soulager la douleur caus\u00e9e par les cors, les callosit\u00e9s, les ongles incarn\u00e9s et les ampoules. Le manchon \u00e9lastique s&rsquo;\u00e9tire pour s&rsquo;adapter \u00e0 la plupart des [&hellip;]","og_url":"https:\/\/districos.standingout.be\/fr\/product\/gelsmart-digitubes-tricot-s-2-pcs-15-cm-ref-5217-088\/","og_site_name":"Districos Webshop","article_modified_time":"2026-04-28T02:25:39+00:00","og_image":[{"width":467,"height":600,"url":"https:\/\/districos.standingout.be\/wp-content\/uploads\/2026\/04\/5217.088@Gelsmart-Tricot-Digitubes-S-2-st-15-cm_1-2.png","type":"image\/png"}],"twitter_card":"summary_large_image","twitter_misc":{"Dur\u00e9e de lecture estim\u00e9e":"1 minute"},"schema":{"@context":"https:\/\/schema.org","@graph":[{"@type":"WebPage","@id":"https:\/\/districos.standingout.be\/fr\/product\/gelsmart-digitubes-tricot-s-2-pcs-15-cm-ref-5217-088\/","url":"https:\/\/districos.standingout.be\/fr\/product\/gelsmart-digitubes-tricot-s-2-pcs-15-cm-ref-5217-088\/","name":"Gelsmart Digitubes Tricot S 2 pcs. 15 cm - Districos Webshop","isPartOf":{"@id":"https:\/\/districos.standingout.be\/fr\/#website"},"primaryImageOfPage":{"@id":"https:\/\/districos.standingout.be\/fr\/product\/gelsmart-digitubes-tricot-s-2-pcs-15-cm-ref-5217-088\/#primaryimage"},"image":{"@id":"https:\/\/districos.standingout.be\/fr\/product\/gelsmart-digitubes-tricot-s-2-pcs-15-cm-ref-5217-088\/#primaryimage"},"thumbnailUrl":"https:\/\/districos.standingout.be\/wp-content\/uploads\/2026\/04\/5217.088@Gelsmart-Tricot-Digitubes-S-2-st-15-cm_1-3.png","datePublished":"2026-04-28T02:25:36+00:00","dateModified":"2026-04-28T02:25:39+00:00","breadcrumb":{"@id":"https:\/\/districos.standingout.be\/fr\/product\/gelsmart-digitubes-tricot-s-2-pcs-15-cm-ref-5217-088\/#breadcrumb"},"inLanguage":"fr-FR","potentialAction":[{"@type":"ReadAction","target":["https:\/\/districos.standingout.be\/fr\/product\/gelsmart-digitubes-tricot-s-2-pcs-15-cm-ref-5217-088\/"]}]},{"@type":"ImageObject","inLanguage":"fr-FR","@id":"https:\/\/districos.standingout.be\/fr\/product\/gelsmart-digitubes-tricot-s-2-pcs-15-cm-ref-5217-088\/#primaryimage","url":"https:\/\/districos.standingout.be\/wp-content\/uploads\/2026\/04\/5217.088@Gelsmart-Tricot-Digitubes-S-2-st-15-cm_1-3.png","contentUrl":"https:\/\/districos.standingout.be\/wp-content\/uploads\/2026\/04\/5217.088@Gelsmart-Tricot-Digitubes-S-2-st-15-cm_1-3.png","width":467,"height":600},{"@type":"BreadcrumbList","@id":"https:\/\/districos.standingout.be\/fr\/product\/gelsmart-digitubes-tricot-s-2-pcs-15-cm-ref-5217-088\/#breadcrumb","itemListElement":[{"@type":"ListItem","position":1,"name":"Home","item":"https:\/\/districos.standingout.be\/fr\/bienvenue-chez-districos\/"},{"@type":"ListItem","position":2,"name":"Boutique","item":"https:\/\/districos.standingout.be\/fr\/boutique\/"},{"@type":"ListItem","position":3,"name":"Gelsmart Digitubes Tricot S 2 pcs. 15 cm"}]},{"@type":"WebSite","@id":"https:\/\/districos.standingout.be\/fr\/#website","url":"https:\/\/districos.standingout.be\/fr\/","name":"Districos Webshop","description":"","publisher":{"@id":"https:\/\/districos.standingout.be\/fr\/#organization"},"potentialAction":[{"@type":"SearchAction","target":{"@type":"EntryPoint","urlTemplate":"https:\/\/districos.standingout.be\/fr\/?s={search_term_string}"},"query-input":{"@type":"PropertyValueSpecification","valueRequired":true,"valueName":"search_term_string"}}],"inLanguage":"fr-FR"},{"@type":"Organization","@id":"https:\/\/districos.standingout.be\/fr\/#organization","name":"Districos Webshop","url":"https:\/\/districos.standingout.be\/fr\/","logo":{"@type":"ImageObject","inLanguage":"fr-FR","@id":"https:\/\/districos.standingout.be\/fr\/#\/schema\/logo\/image\/","url":"https:\/\/districos.standingout.be\/wp-content\/uploads\/2022\/09\/Districos_Logo_Webshop.svg","contentUrl":"https:\/\/districos.standingout.be\/wp-content\/uploads\/2022\/09\/Districos_Logo_Webshop.svg","caption":"Districos Webshop"},"image":{"@id":"https:\/\/districos.standingout.be\/fr\/#\/schema\/logo\/image\/"}}]}},"_links":{"self":[{"href":"https:\/\/districos.standingout.be\/fr\/wp-json\/wp\/v2\/product\/135213","targetHints":{"allow":["GET"]}}],"collection":[{"href":"https:\/\/districos.standingout.be\/fr\/wp-json\/wp\/v2\/product"}],"about":[{"href":"https:\/\/districos.standingout.be\/fr\/wp-json\/wp\/v2\/types\/product"}],"replies":[{"embeddable":true,"href":"https:\/\/districos.standingout.be\/fr\/wp-json\/wp\/v2\/comments?post=135213"}],"wp:featuredmedia":[{"embeddable":true,"href":"https:\/\/districos.standingout.be\/fr\/wp-json\/wp\/v2\/media\/144988"}],"wp:attachment":[{"href":"https:\/\/districos.standingout.be\/fr\/wp-json\/wp\/v2\/media?parent=135213"}],"wp:term":[{"taxonomy":"product_brand","embeddable":true,"href":"https:\/\/districos.standingout.be\/fr\/wp-json\/wp\/v2\/product_brand?post=135213"},{"taxonomy":"product_cat","embeddable":true,"href":"https:\/\/districos.standingout.be\/fr\/wp-json\/wp\/v2\/product_cat?post=135213"},{"taxonomy":"product_tag","embeddable":true,"href":"https:\/\/districos.standingout.be\/fr\/wp-json\/wp\/v2\/product_tag?post=135213"}],"curies":[{"name":"wp","href":"https:\/\/api.w.org\/{rel}","templated":true}]}}