{"id":135223,"date":"2026-04-28T04:25:51","date_gmt":"2026-04-28T02:25:51","guid":{"rendered":"https:\/\/webshopdistricoscom.webhosting.be\/product\/gelsmart-digistrip-s-1-pc-60-cm-ref-5217-097\/"},"modified":"2026-04-28T04:25:54","modified_gmt":"2026-04-28T02:25:54","slug":"gelsmart-digistrip-s-1-pc-60-cm-ref-5217-097","status":"publish","type":"product","link":"https:\/\/districos.standingout.be\/fr\/product\/gelsmart-digistrip-s-1-pc-60-cm-ref-5217-097\/","title":{"rendered":"Gelsmart Digistrip S 1 pc. 60 cm"},"content":{"rendered":"<p >\n<p>Digitube sur rouleau en tissu antibact\u00e9rien (FabricSmart\u2122) partiellement recouvert de M-gel pour une protection globale du doigt ou de l\u2019orteil en cas de cors, d\u2019orteils en marteau et de probl\u00e8me ongulaire. Fabriqu\u00e9 en tissu antibact\u00e9rien FabricSmart\u2122 en combinaison avec le pad en gel de SmartGel\u00ae.<\/p>\n<ul>\n<li>\u00c0 couper sur mesure.<\/li>\n<li>\u00c9galement appropri\u00e9 pour les probl\u00e8mes d\u2019oignons.<\/li>\n<li>Enrichi en huiles min\u00e9rales pour un confort optimal.<\/li>\n<li>Test\u00e9e dermatologiquement, hypoallerg\u00e9nique, lavable et r\u00e9utilisable.<\/li>\n<li>Taille : Small.<\/li>\n<li>Emballage : 1 pi\u00e8ce.<\/li>\n<\/ul>\n<div><b>\u00c9galement disponible :&nbsp;<\/b><\/div>\n<ul>\n<li>Gelsmart Digistrip S 1 st. 60 cm (<a href=\"https:\/\/webshop.districos.com\/ProductDetail\/5217.097\" target=\"_blank\" rel=\"noopener noreferrer nofollow\">r\u00e9f. 5217.097<\/a>)<\/li>\n<li>Gelsmart Digistrip M 1 st. 60 cm (<a href=\"https:\/\/webshop.districos.com\/ProductDetail\/5217.098\" target=\"_blank\" rel=\"noopener noreferrer nofollow\">r\u00e9f. 5217.098<\/a>)<\/li>\n<li>Gelsmart Digistrip L 1 st. 60 cm(<a href=\"https:\/\/webshop.districos.com\/ProductDetail\/5217.099\" target=\"_blank\" rel=\"noopener noreferrer nofollow\">r\u00e9f. 5217.099<\/a>) <\/li>\n<\/ul>\n","protected":false},"excerpt":{"rendered":"<p>Digitube sur rouleau en tissu antibact\u00e9rien (FabricSmart\u2122) partiellement recouvert de M-gel pour une protection globale du doigt ou de l\u2019orteil en cas de cors, d\u2019orteils en marteau et de probl\u00e8me ongulaire. Fabriqu\u00e9 en tissu antibact\u00e9rien FabricSmart\u2122 en combinaison avec le pad en gel de SmartGel\u00ae. \u00c0 couper sur mesure. \u00c9galement appropri\u00e9 pour les probl\u00e8mes d\u2019oignons. [&hellip;]<\/p>\n","protected":false},"featured_media":145042,"comment_status":"open","ping_status":"closed","template":"","meta":{"_acf_changed":false},"product_brand":[10412],"product_cat":[9996,9954],"product_tag":[],"class_list":{"0":"post-135223","1":"product","2":"type-product","3":"status-publish","4":"has-post-thumbnail","6":"product_brand-gelsmart-fr","7":"product_cat-soins-des-pieds-podologie-soulagement-de-la-pression-gels-pads-en-gel","8":"product_cat-beaute-pedicure-soulagement-de-la-pression","10":"first","11":"instock","12":"taxable","13":"shipping-taxable","14":"product-type-simple"},"acf":[],"yoast_head":"<!-- This site is optimized with the Yoast SEO plugin v27.3 - https:\/\/yoast.com\/product\/yoast-seo-wordpress\/ -->\n<title>Gelsmart Digistrip S 1 pc. 60 cm - Districos Webshop<\/title>\n<meta name=\"robots\" content=\"noindex, follow, max-snippet:-1, max-image-preview:large, max-video-preview:-1\" \/>\n<meta property=\"og:locale\" content=\"fr_FR\" \/>\n<meta property=\"og:type\" content=\"article\" \/>\n<meta property=\"og:title\" content=\"Gelsmart Digistrip S 1 pc. 60 cm - Districos Webshop\" \/>\n<meta property=\"og:description\" content=\"Digitube sur rouleau en tissu antibact\u00e9rien (FabricSmart\u2122) partiellement recouvert de M-gel pour une protection globale du doigt ou de l\u2019orteil en cas de cors, d\u2019orteils en marteau et de probl\u00e8me ongulaire. Fabriqu\u00e9 en tissu antibact\u00e9rien FabricSmart\u2122 en combinaison avec le pad en gel de SmartGel\u00ae. \u00c0 couper sur mesure. \u00c9galement appropri\u00e9 pour les probl\u00e8mes d\u2019oignons. [&hellip;]\" \/>\n<meta property=\"og:url\" content=\"https:\/\/districos.standingout.be\/fr\/product\/gelsmart-digistrip-s-1-pc-60-cm-ref-5217-097\/\" \/>\n<meta property=\"og:site_name\" content=\"Districos Webshop\" \/>\n<meta property=\"article:modified_time\" content=\"2026-04-28T02:25:54+00:00\" \/>\n<meta property=\"og:image\" content=\"https:\/\/districos.standingout.be\/wp-content\/uploads\/2026\/04\/5217.097@Gelsmart-Digistrip-S-1-st-60-cm_1-2.png\" \/>\n\t<meta property=\"og:image:width\" content=\"467\" \/>\n\t<meta property=\"og:image:height\" content=\"600\" \/>\n\t<meta property=\"og:image:type\" content=\"image\/png\" \/>\n<meta name=\"twitter:card\" content=\"summary_large_image\" \/>\n<meta name=\"twitter:label1\" content=\"Dur\u00e9e de lecture estim\u00e9e\" \/>\n\t<meta name=\"twitter:data1\" content=\"1 minute\" \/>\n<script type=\"application\/ld+json\" class=\"yoast-schema-graph\">{\"@context\":\"https:\\\/\\\/schema.org\",\"@graph\":[{\"@type\":\"WebPage\",\"@id\":\"https:\\\/\\\/districos.standingout.be\\\/fr\\\/product\\\/gelsmart-digistrip-s-1-pc-60-cm-ref-5217-097\\\/\",\"url\":\"https:\\\/\\\/districos.standingout.be\\\/fr\\\/product\\\/gelsmart-digistrip-s-1-pc-60-cm-ref-5217-097\\\/\",\"name\":\"Gelsmart Digistrip S 1 pc. 60 cm - Districos Webshop\",\"isPartOf\":{\"@id\":\"https:\\\/\\\/districos.standingout.be\\\/fr\\\/#website\"},\"primaryImageOfPage\":{\"@id\":\"https:\\\/\\\/districos.standingout.be\\\/fr\\\/product\\\/gelsmart-digistrip-s-1-pc-60-cm-ref-5217-097\\\/#primaryimage\"},\"image\":{\"@id\":\"https:\\\/\\\/districos.standingout.be\\\/fr\\\/product\\\/gelsmart-digistrip-s-1-pc-60-cm-ref-5217-097\\\/#primaryimage\"},\"thumbnailUrl\":\"https:\\\/\\\/districos.standingout.be\\\/wp-content\\\/uploads\\\/2026\\\/04\\\/5217.097@Gelsmart-Digistrip-S-1-st-60-cm_1-3.png\",\"datePublished\":\"2026-04-28T02:25:51+00:00\",\"dateModified\":\"2026-04-28T02:25:54+00:00\",\"breadcrumb\":{\"@id\":\"https:\\\/\\\/districos.standingout.be\\\/fr\\\/product\\\/gelsmart-digistrip-s-1-pc-60-cm-ref-5217-097\\\/#breadcrumb\"},\"inLanguage\":\"fr-FR\",\"potentialAction\":[{\"@type\":\"ReadAction\",\"target\":[\"https:\\\/\\\/districos.standingout.be\\\/fr\\\/product\\\/gelsmart-digistrip-s-1-pc-60-cm-ref-5217-097\\\/\"]}]},{\"@type\":\"ImageObject\",\"inLanguage\":\"fr-FR\",\"@id\":\"https:\\\/\\\/districos.standingout.be\\\/fr\\\/product\\\/gelsmart-digistrip-s-1-pc-60-cm-ref-5217-097\\\/#primaryimage\",\"url\":\"https:\\\/\\\/districos.standingout.be\\\/wp-content\\\/uploads\\\/2026\\\/04\\\/5217.097@Gelsmart-Digistrip-S-1-st-60-cm_1-3.png\",\"contentUrl\":\"https:\\\/\\\/districos.standingout.be\\\/wp-content\\\/uploads\\\/2026\\\/04\\\/5217.097@Gelsmart-Digistrip-S-1-st-60-cm_1-3.png\",\"width\":467,\"height\":600},{\"@type\":\"BreadcrumbList\",\"@id\":\"https:\\\/\\\/districos.standingout.be\\\/fr\\\/product\\\/gelsmart-digistrip-s-1-pc-60-cm-ref-5217-097\\\/#breadcrumb\",\"itemListElement\":[{\"@type\":\"ListItem\",\"position\":1,\"name\":\"Home\",\"item\":\"https:\\\/\\\/districos.standingout.be\\\/fr\\\/bienvenue-chez-districos\\\/\"},{\"@type\":\"ListItem\",\"position\":2,\"name\":\"Boutique\",\"item\":\"https:\\\/\\\/districos.standingout.be\\\/fr\\\/boutique\\\/\"},{\"@type\":\"ListItem\",\"position\":3,\"name\":\"Gelsmart Digistrip S 1 pc. 60 cm\"}]},{\"@type\":\"WebSite\",\"@id\":\"https:\\\/\\\/districos.standingout.be\\\/fr\\\/#website\",\"url\":\"https:\\\/\\\/districos.standingout.be\\\/fr\\\/\",\"name\":\"Districos Webshop\",\"description\":\"\",\"publisher\":{\"@id\":\"https:\\\/\\\/districos.standingout.be\\\/fr\\\/#organization\"},\"potentialAction\":[{\"@type\":\"SearchAction\",\"target\":{\"@type\":\"EntryPoint\",\"urlTemplate\":\"https:\\\/\\\/districos.standingout.be\\\/fr\\\/?s={search_term_string}\"},\"query-input\":{\"@type\":\"PropertyValueSpecification\",\"valueRequired\":true,\"valueName\":\"search_term_string\"}}],\"inLanguage\":\"fr-FR\"},{\"@type\":\"Organization\",\"@id\":\"https:\\\/\\\/districos.standingout.be\\\/fr\\\/#organization\",\"name\":\"Districos Webshop\",\"url\":\"https:\\\/\\\/districos.standingout.be\\\/fr\\\/\",\"logo\":{\"@type\":\"ImageObject\",\"inLanguage\":\"fr-FR\",\"@id\":\"https:\\\/\\\/districos.standingout.be\\\/fr\\\/#\\\/schema\\\/logo\\\/image\\\/\",\"url\":\"https:\\\/\\\/districos.standingout.be\\\/wp-content\\\/uploads\\\/2022\\\/09\\\/Districos_Logo_Webshop.svg\",\"contentUrl\":\"https:\\\/\\\/districos.standingout.be\\\/wp-content\\\/uploads\\\/2022\\\/09\\\/Districos_Logo_Webshop.svg\",\"caption\":\"Districos Webshop\"},\"image\":{\"@id\":\"https:\\\/\\\/districos.standingout.be\\\/fr\\\/#\\\/schema\\\/logo\\\/image\\\/\"}}]}<\/script>\n<!-- \/ Yoast SEO plugin. -->","yoast_head_json":{"title":"Gelsmart Digistrip S 1 pc. 60 cm - Districos Webshop","robots":{"index":"noindex","follow":"follow","max-snippet":"max-snippet:-1","max-image-preview":"max-image-preview:large","max-video-preview":"max-video-preview:-1"},"og_locale":"fr_FR","og_type":"article","og_title":"Gelsmart Digistrip S 1 pc. 60 cm - Districos Webshop","og_description":"Digitube sur rouleau en tissu antibact\u00e9rien (FabricSmart\u2122) partiellement recouvert de M-gel pour une protection globale du doigt ou de l\u2019orteil en cas de cors, d\u2019orteils en marteau et de probl\u00e8me ongulaire. Fabriqu\u00e9 en tissu antibact\u00e9rien FabricSmart\u2122 en combinaison avec le pad en gel de SmartGel\u00ae. \u00c0 couper sur mesure. \u00c9galement appropri\u00e9 pour les probl\u00e8mes d\u2019oignons. [&hellip;]","og_url":"https:\/\/districos.standingout.be\/fr\/product\/gelsmart-digistrip-s-1-pc-60-cm-ref-5217-097\/","og_site_name":"Districos Webshop","article_modified_time":"2026-04-28T02:25:54+00:00","og_image":[{"width":467,"height":600,"url":"https:\/\/districos.standingout.be\/wp-content\/uploads\/2026\/04\/5217.097@Gelsmart-Digistrip-S-1-st-60-cm_1-2.png","type":"image\/png"}],"twitter_card":"summary_large_image","twitter_misc":{"Dur\u00e9e de lecture estim\u00e9e":"1 minute"},"schema":{"@context":"https:\/\/schema.org","@graph":[{"@type":"WebPage","@id":"https:\/\/districos.standingout.be\/fr\/product\/gelsmart-digistrip-s-1-pc-60-cm-ref-5217-097\/","url":"https:\/\/districos.standingout.be\/fr\/product\/gelsmart-digistrip-s-1-pc-60-cm-ref-5217-097\/","name":"Gelsmart Digistrip S 1 pc. 60 cm - Districos Webshop","isPartOf":{"@id":"https:\/\/districos.standingout.be\/fr\/#website"},"primaryImageOfPage":{"@id":"https:\/\/districos.standingout.be\/fr\/product\/gelsmart-digistrip-s-1-pc-60-cm-ref-5217-097\/#primaryimage"},"image":{"@id":"https:\/\/districos.standingout.be\/fr\/product\/gelsmart-digistrip-s-1-pc-60-cm-ref-5217-097\/#primaryimage"},"thumbnailUrl":"https:\/\/districos.standingout.be\/wp-content\/uploads\/2026\/04\/5217.097@Gelsmart-Digistrip-S-1-st-60-cm_1-3.png","datePublished":"2026-04-28T02:25:51+00:00","dateModified":"2026-04-28T02:25:54+00:00","breadcrumb":{"@id":"https:\/\/districos.standingout.be\/fr\/product\/gelsmart-digistrip-s-1-pc-60-cm-ref-5217-097\/#breadcrumb"},"inLanguage":"fr-FR","potentialAction":[{"@type":"ReadAction","target":["https:\/\/districos.standingout.be\/fr\/product\/gelsmart-digistrip-s-1-pc-60-cm-ref-5217-097\/"]}]},{"@type":"ImageObject","inLanguage":"fr-FR","@id":"https:\/\/districos.standingout.be\/fr\/product\/gelsmart-digistrip-s-1-pc-60-cm-ref-5217-097\/#primaryimage","url":"https:\/\/districos.standingout.be\/wp-content\/uploads\/2026\/04\/5217.097@Gelsmart-Digistrip-S-1-st-60-cm_1-3.png","contentUrl":"https:\/\/districos.standingout.be\/wp-content\/uploads\/2026\/04\/5217.097@Gelsmart-Digistrip-S-1-st-60-cm_1-3.png","width":467,"height":600},{"@type":"BreadcrumbList","@id":"https:\/\/districos.standingout.be\/fr\/product\/gelsmart-digistrip-s-1-pc-60-cm-ref-5217-097\/#breadcrumb","itemListElement":[{"@type":"ListItem","position":1,"name":"Home","item":"https:\/\/districos.standingout.be\/fr\/bienvenue-chez-districos\/"},{"@type":"ListItem","position":2,"name":"Boutique","item":"https:\/\/districos.standingout.be\/fr\/boutique\/"},{"@type":"ListItem","position":3,"name":"Gelsmart Digistrip S 1 pc. 60 cm"}]},{"@type":"WebSite","@id":"https:\/\/districos.standingout.be\/fr\/#website","url":"https:\/\/districos.standingout.be\/fr\/","name":"Districos Webshop","description":"","publisher":{"@id":"https:\/\/districos.standingout.be\/fr\/#organization"},"potentialAction":[{"@type":"SearchAction","target":{"@type":"EntryPoint","urlTemplate":"https:\/\/districos.standingout.be\/fr\/?s={search_term_string}"},"query-input":{"@type":"PropertyValueSpecification","valueRequired":true,"valueName":"search_term_string"}}],"inLanguage":"fr-FR"},{"@type":"Organization","@id":"https:\/\/districos.standingout.be\/fr\/#organization","name":"Districos Webshop","url":"https:\/\/districos.standingout.be\/fr\/","logo":{"@type":"ImageObject","inLanguage":"fr-FR","@id":"https:\/\/districos.standingout.be\/fr\/#\/schema\/logo\/image\/","url":"https:\/\/districos.standingout.be\/wp-content\/uploads\/2022\/09\/Districos_Logo_Webshop.svg","contentUrl":"https:\/\/districos.standingout.be\/wp-content\/uploads\/2022\/09\/Districos_Logo_Webshop.svg","caption":"Districos Webshop"},"image":{"@id":"https:\/\/districos.standingout.be\/fr\/#\/schema\/logo\/image\/"}}]}},"_links":{"self":[{"href":"https:\/\/districos.standingout.be\/fr\/wp-json\/wp\/v2\/product\/135223","targetHints":{"allow":["GET"]}}],"collection":[{"href":"https:\/\/districos.standingout.be\/fr\/wp-json\/wp\/v2\/product"}],"about":[{"href":"https:\/\/districos.standingout.be\/fr\/wp-json\/wp\/v2\/types\/product"}],"replies":[{"embeddable":true,"href":"https:\/\/districos.standingout.be\/fr\/wp-json\/wp\/v2\/comments?post=135223"}],"wp:featuredmedia":[{"embeddable":true,"href":"https:\/\/districos.standingout.be\/fr\/wp-json\/wp\/v2\/media\/145042"}],"wp:attachment":[{"href":"https:\/\/districos.standingout.be\/fr\/wp-json\/wp\/v2\/media?parent=135223"}],"wp:term":[{"taxonomy":"product_brand","embeddable":true,"href":"https:\/\/districos.standingout.be\/fr\/wp-json\/wp\/v2\/product_brand?post=135223"},{"taxonomy":"product_cat","embeddable":true,"href":"https:\/\/districos.standingout.be\/fr\/wp-json\/wp\/v2\/product_cat?post=135223"},{"taxonomy":"product_tag","embeddable":true,"href":"https:\/\/districos.standingout.be\/fr\/wp-json\/wp\/v2\/product_tag?post=135223"}],"curies":[{"name":"wp","href":"https:\/\/api.w.org\/{rel}","templated":true}]}}