{"id":135233,"date":"2026-04-28T04:26:08","date_gmt":"2026-04-28T02:26:08","guid":{"rendered":"https:\/\/webshopdistricoscom.webhosting.be\/product\/gelsmart-coussinet-orteil-avec-3-boucles-s-m-droite-1-pcs-ref-5217-102\/"},"modified":"2026-04-28T04:26:11","modified_gmt":"2026-04-28T02:26:11","slug":"gelsmart-coussinet-orteil-avec-3-boucles-s-m-droite-1-pcs-ref-5217-102","status":"publish","type":"product","link":"https:\/\/districos.standingout.be\/fr\/product\/gelsmart-coussinet-orteil-avec-3-boucles-s-m-droite-1-pcs-ref-5217-102\/","title":{"rendered":"Gelsmart Coussinet Orteil avec 3 Boucles S\/M Droite 1 pcs."},"content":{"rendered":"<p >\n<p><span lang=\"FR\">Design unique avec 3 boucles pour que le coussin reste en place de mani\u00e8re optimale.<o:p><\/o:p><\/span><\/p>\n<\/p>\n<ul>\n<li><span lang=\"FR\">Peut diminuer l&rsquo;inconfort en cas d&rsquo;orteils en marteu, en griffe et en maillet.<\/span><\/li>\n<li><span lang=\"FR\">Aide \u00e0 absorber les chocs et les vibrations et assure une r\u00e9partition uniforme de la pression.<\/span><\/li>\n<li><span lang=\"FR\">Offre un soutien aux orteils courb\u00e9s.<\/span><\/li>\n<li><span lang=\"FR\">Taille : Small\/Medium.<\/span><\/li>\n<li><span lang=\"FR\">Droit.<\/span><\/li>\n<li><span lang=\"FR\">Emballage : 1 pi\u00e8ce.<\/span><\/li>\n<\/ul>\n<div><b>\u00c9galement disponible :<\/b><\/p>\n<ul>\n<li>Small\/Medium Gauche (<a href=\"https:\/\/webshop.districos.com\/ProductDetail\/5217.101\" target=\"_blank\" rel=\"noopener noreferrer nofollow\">r\u00e9f. 5217.101<\/a>)<\/li>\n<li>Small\/Medium Droite (<a href=\"https:\/\/webshop.districos.com\/ProductDetail\/5217.102\" target=\"_blank\" rel=\"noopener noreferrer nofollow\">r\u00e9f. 5217.102<\/a>)<\/li>\n<li>Large\/Extra Large Gauche (<a href=\"https:\/\/webshop.districos.com\/ProductDetail\/5217.103\" target=\"_blank\" rel=\"noopener noreferrer nofollow\">r\u00e9f. 5217.103<\/a>)<\/li>\n<li>Large\/Extra Large Droite (<a href=\"https:\/\/webshop.districos.com\/ProductDetail\/5217.104\" target=\"_blank\" rel=\"noopener noreferrer nofollow\">r\u00e9f. 5217.104<\/a>)<\/li>\n<\/ul>\n<\/div>\n","protected":false},"excerpt":{"rendered":"<p>Design unique avec 3 boucles pour que le coussin reste en place de mani\u00e8re optimale. Peut diminuer l&rsquo;inconfort en cas d&rsquo;orteils en marteu, en griffe et en maillet. Aide \u00e0 absorber les chocs et les vibrations et assure une r\u00e9partition uniforme de la pression. Offre un soutien aux orteils courb\u00e9s. Taille : Small\/Medium. Droit. Emballage [&hellip;]<\/p>\n","protected":false},"featured_media":145078,"comment_status":"open","ping_status":"closed","template":"","meta":{"_acf_changed":false},"product_brand":[10412],"product_cat":[9996,9954],"product_tag":[],"class_list":{"0":"post-135233","1":"product","2":"type-product","3":"status-publish","4":"has-post-thumbnail","6":"product_brand-gelsmart-fr","7":"product_cat-soins-des-pieds-podologie-soulagement-de-la-pression-gels-pads-en-gel","8":"product_cat-beaute-pedicure-soulagement-de-la-pression","10":"first","11":"instock","12":"taxable","13":"shipping-taxable","14":"product-type-simple"},"acf":[],"yoast_head":"<!-- This site is optimized with the Yoast SEO plugin v27.3 - https:\/\/yoast.com\/product\/yoast-seo-wordpress\/ -->\n<title>Gelsmart Coussinet Orteil avec 3 Boucles S\/M Droite 1 pcs. - Districos Webshop<\/title>\n<meta name=\"robots\" content=\"noindex, follow, max-snippet:-1, max-image-preview:large, max-video-preview:-1\" \/>\n<meta property=\"og:locale\" content=\"fr_FR\" \/>\n<meta property=\"og:type\" content=\"article\" \/>\n<meta property=\"og:title\" content=\"Gelsmart Coussinet Orteil avec 3 Boucles S\/M Droite 1 pcs. - Districos Webshop\" \/>\n<meta property=\"og:description\" content=\"Design unique avec 3 boucles pour que le coussin reste en place de mani\u00e8re optimale. Peut diminuer l&rsquo;inconfort en cas d&rsquo;orteils en marteu, en griffe et en maillet. Aide \u00e0 absorber les chocs et les vibrations et assure une r\u00e9partition uniforme de la pression. Offre un soutien aux orteils courb\u00e9s. Taille : Small\/Medium. Droit. Emballage [&hellip;]\" \/>\n<meta property=\"og:url\" content=\"https:\/\/districos.standingout.be\/fr\/product\/gelsmart-coussinet-orteil-avec-3-boucles-s-m-droite-1-pcs-ref-5217-102\/\" \/>\n<meta property=\"og:site_name\" content=\"Districos Webshop\" \/>\n<meta property=\"article:modified_time\" content=\"2026-04-28T02:26:11+00:00\" \/>\n<meta property=\"og:image\" content=\"https:\/\/districos.standingout.be\/wp-content\/uploads\/2026\/04\/5217.102@Gelsmart-Teenkussen-met-3-Lussen-S-M-Rechts-1-st_1-2.png\" \/>\n\t<meta property=\"og:image:width\" content=\"467\" \/>\n\t<meta property=\"og:image:height\" content=\"600\" \/>\n\t<meta property=\"og:image:type\" content=\"image\/png\" \/>\n<meta name=\"twitter:card\" content=\"summary_large_image\" \/>\n<script type=\"application\/ld+json\" class=\"yoast-schema-graph\">{\"@context\":\"https:\\\/\\\/schema.org\",\"@graph\":[{\"@type\":\"WebPage\",\"@id\":\"https:\\\/\\\/districos.standingout.be\\\/fr\\\/product\\\/gelsmart-coussinet-orteil-avec-3-boucles-s-m-droite-1-pcs-ref-5217-102\\\/\",\"url\":\"https:\\\/\\\/districos.standingout.be\\\/fr\\\/product\\\/gelsmart-coussinet-orteil-avec-3-boucles-s-m-droite-1-pcs-ref-5217-102\\\/\",\"name\":\"Gelsmart Coussinet Orteil avec 3 Boucles S\\\/M Droite 1 pcs. - Districos Webshop\",\"isPartOf\":{\"@id\":\"https:\\\/\\\/districos.standingout.be\\\/fr\\\/#website\"},\"primaryImageOfPage\":{\"@id\":\"https:\\\/\\\/districos.standingout.be\\\/fr\\\/product\\\/gelsmart-coussinet-orteil-avec-3-boucles-s-m-droite-1-pcs-ref-5217-102\\\/#primaryimage\"},\"image\":{\"@id\":\"https:\\\/\\\/districos.standingout.be\\\/fr\\\/product\\\/gelsmart-coussinet-orteil-avec-3-boucles-s-m-droite-1-pcs-ref-5217-102\\\/#primaryimage\"},\"thumbnailUrl\":\"https:\\\/\\\/districos.standingout.be\\\/wp-content\\\/uploads\\\/2026\\\/04\\\/5217.102@Gelsmart-Teenkussen-met-3-Lussen-S-M-Rechts-1-st_1-3.png\",\"datePublished\":\"2026-04-28T02:26:08+00:00\",\"dateModified\":\"2026-04-28T02:26:11+00:00\",\"breadcrumb\":{\"@id\":\"https:\\\/\\\/districos.standingout.be\\\/fr\\\/product\\\/gelsmart-coussinet-orteil-avec-3-boucles-s-m-droite-1-pcs-ref-5217-102\\\/#breadcrumb\"},\"inLanguage\":\"fr-FR\",\"potentialAction\":[{\"@type\":\"ReadAction\",\"target\":[\"https:\\\/\\\/districos.standingout.be\\\/fr\\\/product\\\/gelsmart-coussinet-orteil-avec-3-boucles-s-m-droite-1-pcs-ref-5217-102\\\/\"]}]},{\"@type\":\"ImageObject\",\"inLanguage\":\"fr-FR\",\"@id\":\"https:\\\/\\\/districos.standingout.be\\\/fr\\\/product\\\/gelsmart-coussinet-orteil-avec-3-boucles-s-m-droite-1-pcs-ref-5217-102\\\/#primaryimage\",\"url\":\"https:\\\/\\\/districos.standingout.be\\\/wp-content\\\/uploads\\\/2026\\\/04\\\/5217.102@Gelsmart-Teenkussen-met-3-Lussen-S-M-Rechts-1-st_1-3.png\",\"contentUrl\":\"https:\\\/\\\/districos.standingout.be\\\/wp-content\\\/uploads\\\/2026\\\/04\\\/5217.102@Gelsmart-Teenkussen-met-3-Lussen-S-M-Rechts-1-st_1-3.png\",\"width\":467,\"height\":600},{\"@type\":\"BreadcrumbList\",\"@id\":\"https:\\\/\\\/districos.standingout.be\\\/fr\\\/product\\\/gelsmart-coussinet-orteil-avec-3-boucles-s-m-droite-1-pcs-ref-5217-102\\\/#breadcrumb\",\"itemListElement\":[{\"@type\":\"ListItem\",\"position\":1,\"name\":\"Home\",\"item\":\"https:\\\/\\\/districos.standingout.be\\\/fr\\\/bienvenue-chez-districos\\\/\"},{\"@type\":\"ListItem\",\"position\":2,\"name\":\"Boutique\",\"item\":\"https:\\\/\\\/districos.standingout.be\\\/fr\\\/boutique\\\/\"},{\"@type\":\"ListItem\",\"position\":3,\"name\":\"Gelsmart Coussinet Orteil avec 3 Boucles S\\\/M Droite 1 pcs.\"}]},{\"@type\":\"WebSite\",\"@id\":\"https:\\\/\\\/districos.standingout.be\\\/fr\\\/#website\",\"url\":\"https:\\\/\\\/districos.standingout.be\\\/fr\\\/\",\"name\":\"Districos Webshop\",\"description\":\"\",\"publisher\":{\"@id\":\"https:\\\/\\\/districos.standingout.be\\\/fr\\\/#organization\"},\"potentialAction\":[{\"@type\":\"SearchAction\",\"target\":{\"@type\":\"EntryPoint\",\"urlTemplate\":\"https:\\\/\\\/districos.standingout.be\\\/fr\\\/?s={search_term_string}\"},\"query-input\":{\"@type\":\"PropertyValueSpecification\",\"valueRequired\":true,\"valueName\":\"search_term_string\"}}],\"inLanguage\":\"fr-FR\"},{\"@type\":\"Organization\",\"@id\":\"https:\\\/\\\/districos.standingout.be\\\/fr\\\/#organization\",\"name\":\"Districos Webshop\",\"url\":\"https:\\\/\\\/districos.standingout.be\\\/fr\\\/\",\"logo\":{\"@type\":\"ImageObject\",\"inLanguage\":\"fr-FR\",\"@id\":\"https:\\\/\\\/districos.standingout.be\\\/fr\\\/#\\\/schema\\\/logo\\\/image\\\/\",\"url\":\"https:\\\/\\\/districos.standingout.be\\\/wp-content\\\/uploads\\\/2022\\\/09\\\/Districos_Logo_Webshop.svg\",\"contentUrl\":\"https:\\\/\\\/districos.standingout.be\\\/wp-content\\\/uploads\\\/2022\\\/09\\\/Districos_Logo_Webshop.svg\",\"caption\":\"Districos Webshop\"},\"image\":{\"@id\":\"https:\\\/\\\/districos.standingout.be\\\/fr\\\/#\\\/schema\\\/logo\\\/image\\\/\"}}]}<\/script>\n<!-- \/ Yoast SEO plugin. -->","yoast_head_json":{"title":"Gelsmart Coussinet Orteil avec 3 Boucles S\/M Droite 1 pcs. - Districos Webshop","robots":{"index":"noindex","follow":"follow","max-snippet":"max-snippet:-1","max-image-preview":"max-image-preview:large","max-video-preview":"max-video-preview:-1"},"og_locale":"fr_FR","og_type":"article","og_title":"Gelsmart Coussinet Orteil avec 3 Boucles S\/M Droite 1 pcs. - Districos Webshop","og_description":"Design unique avec 3 boucles pour que le coussin reste en place de mani\u00e8re optimale. Peut diminuer l&rsquo;inconfort en cas d&rsquo;orteils en marteu, en griffe et en maillet. Aide \u00e0 absorber les chocs et les vibrations et assure une r\u00e9partition uniforme de la pression. Offre un soutien aux orteils courb\u00e9s. Taille : Small\/Medium. Droit. Emballage [&hellip;]","og_url":"https:\/\/districos.standingout.be\/fr\/product\/gelsmart-coussinet-orteil-avec-3-boucles-s-m-droite-1-pcs-ref-5217-102\/","og_site_name":"Districos Webshop","article_modified_time":"2026-04-28T02:26:11+00:00","og_image":[{"width":467,"height":600,"url":"https:\/\/districos.standingout.be\/wp-content\/uploads\/2026\/04\/5217.102@Gelsmart-Teenkussen-met-3-Lussen-S-M-Rechts-1-st_1-2.png","type":"image\/png"}],"twitter_card":"summary_large_image","schema":{"@context":"https:\/\/schema.org","@graph":[{"@type":"WebPage","@id":"https:\/\/districos.standingout.be\/fr\/product\/gelsmart-coussinet-orteil-avec-3-boucles-s-m-droite-1-pcs-ref-5217-102\/","url":"https:\/\/districos.standingout.be\/fr\/product\/gelsmart-coussinet-orteil-avec-3-boucles-s-m-droite-1-pcs-ref-5217-102\/","name":"Gelsmart Coussinet Orteil avec 3 Boucles S\/M Droite 1 pcs. - Districos Webshop","isPartOf":{"@id":"https:\/\/districos.standingout.be\/fr\/#website"},"primaryImageOfPage":{"@id":"https:\/\/districos.standingout.be\/fr\/product\/gelsmart-coussinet-orteil-avec-3-boucles-s-m-droite-1-pcs-ref-5217-102\/#primaryimage"},"image":{"@id":"https:\/\/districos.standingout.be\/fr\/product\/gelsmart-coussinet-orteil-avec-3-boucles-s-m-droite-1-pcs-ref-5217-102\/#primaryimage"},"thumbnailUrl":"https:\/\/districos.standingout.be\/wp-content\/uploads\/2026\/04\/5217.102@Gelsmart-Teenkussen-met-3-Lussen-S-M-Rechts-1-st_1-3.png","datePublished":"2026-04-28T02:26:08+00:00","dateModified":"2026-04-28T02:26:11+00:00","breadcrumb":{"@id":"https:\/\/districos.standingout.be\/fr\/product\/gelsmart-coussinet-orteil-avec-3-boucles-s-m-droite-1-pcs-ref-5217-102\/#breadcrumb"},"inLanguage":"fr-FR","potentialAction":[{"@type":"ReadAction","target":["https:\/\/districos.standingout.be\/fr\/product\/gelsmart-coussinet-orteil-avec-3-boucles-s-m-droite-1-pcs-ref-5217-102\/"]}]},{"@type":"ImageObject","inLanguage":"fr-FR","@id":"https:\/\/districos.standingout.be\/fr\/product\/gelsmart-coussinet-orteil-avec-3-boucles-s-m-droite-1-pcs-ref-5217-102\/#primaryimage","url":"https:\/\/districos.standingout.be\/wp-content\/uploads\/2026\/04\/5217.102@Gelsmart-Teenkussen-met-3-Lussen-S-M-Rechts-1-st_1-3.png","contentUrl":"https:\/\/districos.standingout.be\/wp-content\/uploads\/2026\/04\/5217.102@Gelsmart-Teenkussen-met-3-Lussen-S-M-Rechts-1-st_1-3.png","width":467,"height":600},{"@type":"BreadcrumbList","@id":"https:\/\/districos.standingout.be\/fr\/product\/gelsmart-coussinet-orteil-avec-3-boucles-s-m-droite-1-pcs-ref-5217-102\/#breadcrumb","itemListElement":[{"@type":"ListItem","position":1,"name":"Home","item":"https:\/\/districos.standingout.be\/fr\/bienvenue-chez-districos\/"},{"@type":"ListItem","position":2,"name":"Boutique","item":"https:\/\/districos.standingout.be\/fr\/boutique\/"},{"@type":"ListItem","position":3,"name":"Gelsmart Coussinet Orteil avec 3 Boucles S\/M Droite 1 pcs."}]},{"@type":"WebSite","@id":"https:\/\/districos.standingout.be\/fr\/#website","url":"https:\/\/districos.standingout.be\/fr\/","name":"Districos Webshop","description":"","publisher":{"@id":"https:\/\/districos.standingout.be\/fr\/#organization"},"potentialAction":[{"@type":"SearchAction","target":{"@type":"EntryPoint","urlTemplate":"https:\/\/districos.standingout.be\/fr\/?s={search_term_string}"},"query-input":{"@type":"PropertyValueSpecification","valueRequired":true,"valueName":"search_term_string"}}],"inLanguage":"fr-FR"},{"@type":"Organization","@id":"https:\/\/districos.standingout.be\/fr\/#organization","name":"Districos Webshop","url":"https:\/\/districos.standingout.be\/fr\/","logo":{"@type":"ImageObject","inLanguage":"fr-FR","@id":"https:\/\/districos.standingout.be\/fr\/#\/schema\/logo\/image\/","url":"https:\/\/districos.standingout.be\/wp-content\/uploads\/2022\/09\/Districos_Logo_Webshop.svg","contentUrl":"https:\/\/districos.standingout.be\/wp-content\/uploads\/2022\/09\/Districos_Logo_Webshop.svg","caption":"Districos Webshop"},"image":{"@id":"https:\/\/districos.standingout.be\/fr\/#\/schema\/logo\/image\/"}}]}},"_links":{"self":[{"href":"https:\/\/districos.standingout.be\/fr\/wp-json\/wp\/v2\/product\/135233","targetHints":{"allow":["GET"]}}],"collection":[{"href":"https:\/\/districos.standingout.be\/fr\/wp-json\/wp\/v2\/product"}],"about":[{"href":"https:\/\/districos.standingout.be\/fr\/wp-json\/wp\/v2\/types\/product"}],"replies":[{"embeddable":true,"href":"https:\/\/districos.standingout.be\/fr\/wp-json\/wp\/v2\/comments?post=135233"}],"wp:featuredmedia":[{"embeddable":true,"href":"https:\/\/districos.standingout.be\/fr\/wp-json\/wp\/v2\/media\/145078"}],"wp:attachment":[{"href":"https:\/\/districos.standingout.be\/fr\/wp-json\/wp\/v2\/media?parent=135233"}],"wp:term":[{"taxonomy":"product_brand","embeddable":true,"href":"https:\/\/districos.standingout.be\/fr\/wp-json\/wp\/v2\/product_brand?post=135233"},{"taxonomy":"product_cat","embeddable":true,"href":"https:\/\/districos.standingout.be\/fr\/wp-json\/wp\/v2\/product_cat?post=135233"},{"taxonomy":"product_tag","embeddable":true,"href":"https:\/\/districos.standingout.be\/fr\/wp-json\/wp\/v2\/product_tag?post=135233"}],"curies":[{"name":"wp","href":"https:\/\/api.w.org\/{rel}","templated":true}]}}