{"id":135239,"date":"2026-04-28T04:26:20","date_gmt":"2026-04-28T02:26:20","guid":{"rendered":"https:\/\/webshopdistricoscom.webhosting.be\/product\/gelsmart-coussin-metatarsien-fine-avec-boucle-s-m-2-pcs-ref-5217-120\/"},"modified":"2026-04-28T04:26:23","modified_gmt":"2026-04-28T02:26:23","slug":"gelsmart-coussin-metatarsien-fine-avec-boucle-s-m-2-pcs-ref-5217-120","status":"publish","type":"product","link":"https:\/\/districos.standingout.be\/fr\/product\/gelsmart-coussin-metatarsien-fine-avec-boucle-s-m-2-pcs-ref-5217-120\/","title":{"rendered":"Gelsmart Coussin M\u00e9tatarsien fine avec Boucle S\/M 2 pcs."},"content":{"rendered":"<p >\n<\/p>\n<\/p>\n<p><span lang=\"FR\">Ce coussin pour le pied offre une protection, un confort et un soulagement de la pression pour tout le m\u00e9tatarse et en particulier les m\u00e9tatarsiens. Il peut aider \u00e0 soulager les sensations de br\u00fblure dans l&rsquo;avant-pied due \u00e0 l&rsquo;atrophie du coussinet adipeux, les n\u00e9vromas de Morton et les douleurs caus\u00e9es par les callosit\u00e9s. Le coussin d&rsquo;avant-pied est dot\u00e9 d&rsquo;une fine boucle \u00e9lastique qui se glisse facilement sur le deuxi\u00e8me ou le troisi\u00e8me orteil. La couche sup\u00e9rieure en tisse emp\u00eache le coussin de glisser dans les chaussures.<o:p><\/o:p><\/span><\/p>\n<\/p>\n<ul>\n<li><span lang=\"FR\">Taille : Small\/Medium.<\/span><\/li>\n<li><span lang=\"FR\">Emballage : 1 pi\u00e8ce.<\/span><\/li>\n<\/ul>\n<p><span lang=\"FR\"><b>\u00c9galement disponible :<\/b><o:p><\/o:p><\/span><\/p>\n<\/p>\n<ul>\n<li><span lang=\"FR\">Gelsmart Coussin M\u00e9tatarsien fine avec Boucle S\/M 2 pcs. (<a href=\"https:\/\/webshop.districos.com\/ProductDetail\/5217.120\" target=\"_blank\" rel=\"noopener noreferrer nofollow\">r\u00e9f. 5217.120<\/a>)<\/span><\/li>\n<li><span lang=\"FR\">Gelsmart Coussin M\u00e9tatarsien fine avec Boucle L\/XL 2 pcs. (<a href=\"https:\/\/webshop.districos.com\/ProductDetail\/5217.121\" target=\"_blank\" rel=\"noopener noreferrer nofollow\">r\u00e9f. 5217.121<\/a>)<\/span><\/li>\n<\/ul>\n","protected":false},"excerpt":{"rendered":"<p>Ce coussin pour le pied offre une protection, un confort et un soulagement de la pression pour tout le m\u00e9tatarse et en particulier les m\u00e9tatarsiens. Il peut aider \u00e0 soulager les sensations de br\u00fblure dans l&rsquo;avant-pied due \u00e0 l&rsquo;atrophie du coussinet adipeux, les n\u00e9vromas de Morton et les douleurs caus\u00e9es par les callosit\u00e9s. Le coussin [&hellip;]<\/p>\n","protected":false},"featured_media":145105,"comment_status":"open","ping_status":"closed","template":"","meta":{"_acf_changed":false},"product_brand":[10412],"product_cat":[9996,9954],"product_tag":[],"class_list":{"0":"post-135239","1":"product","2":"type-product","3":"status-publish","4":"has-post-thumbnail","6":"product_brand-gelsmart-fr","7":"product_cat-soins-des-pieds-podologie-soulagement-de-la-pression-gels-pads-en-gel","8":"product_cat-beaute-pedicure-soulagement-de-la-pression","10":"first","11":"instock","12":"taxable","13":"shipping-taxable","14":"product-type-simple"},"acf":[],"yoast_head":"<!-- This site is optimized with the Yoast SEO plugin v27.3 - https:\/\/yoast.com\/product\/yoast-seo-wordpress\/ -->\n<title>Gelsmart Coussin M\u00e9tatarsien fine avec Boucle S\/M 2 pcs. - Districos Webshop<\/title>\n<meta name=\"robots\" content=\"noindex, follow, max-snippet:-1, max-image-preview:large, max-video-preview:-1\" \/>\n<meta property=\"og:locale\" content=\"fr_FR\" \/>\n<meta property=\"og:type\" content=\"article\" \/>\n<meta property=\"og:title\" content=\"Gelsmart Coussin M\u00e9tatarsien fine avec Boucle S\/M 2 pcs. - Districos Webshop\" \/>\n<meta property=\"og:description\" content=\"Ce coussin pour le pied offre une protection, un confort et un soulagement de la pression pour tout le m\u00e9tatarse et en particulier les m\u00e9tatarsiens. Il peut aider \u00e0 soulager les sensations de br\u00fblure dans l&rsquo;avant-pied due \u00e0 l&rsquo;atrophie du coussinet adipeux, les n\u00e9vromas de Morton et les douleurs caus\u00e9es par les callosit\u00e9s. Le coussin [&hellip;]\" \/>\n<meta property=\"og:url\" content=\"https:\/\/districos.standingout.be\/fr\/product\/gelsmart-coussin-metatarsien-fine-avec-boucle-s-m-2-pcs-ref-5217-120\/\" \/>\n<meta property=\"og:site_name\" content=\"Districos Webshop\" \/>\n<meta property=\"article:modified_time\" content=\"2026-04-28T02:26:23+00:00\" \/>\n<meta property=\"og:image\" content=\"https:\/\/districos.standingout.be\/wp-content\/uploads\/2026\/04\/5217.120@Gelsmart-Dun-Voorvoetkussen-met-Lus-S-M-2-st_1-2.png\" \/>\n\t<meta property=\"og:image:width\" content=\"467\" \/>\n\t<meta property=\"og:image:height\" content=\"600\" \/>\n\t<meta property=\"og:image:type\" content=\"image\/png\" \/>\n<meta name=\"twitter:card\" content=\"summary_large_image\" \/>\n<meta name=\"twitter:label1\" content=\"Dur\u00e9e de lecture estim\u00e9e\" \/>\n\t<meta name=\"twitter:data1\" content=\"1 minute\" \/>\n<script type=\"application\/ld+json\" class=\"yoast-schema-graph\">{\"@context\":\"https:\\\/\\\/schema.org\",\"@graph\":[{\"@type\":\"WebPage\",\"@id\":\"https:\\\/\\\/districos.standingout.be\\\/fr\\\/product\\\/gelsmart-coussin-metatarsien-fine-avec-boucle-s-m-2-pcs-ref-5217-120\\\/\",\"url\":\"https:\\\/\\\/districos.standingout.be\\\/fr\\\/product\\\/gelsmart-coussin-metatarsien-fine-avec-boucle-s-m-2-pcs-ref-5217-120\\\/\",\"name\":\"Gelsmart Coussin M\u00e9tatarsien fine avec Boucle S\\\/M 2 pcs. - Districos Webshop\",\"isPartOf\":{\"@id\":\"https:\\\/\\\/districos.standingout.be\\\/fr\\\/#website\"},\"primaryImageOfPage\":{\"@id\":\"https:\\\/\\\/districos.standingout.be\\\/fr\\\/product\\\/gelsmart-coussin-metatarsien-fine-avec-boucle-s-m-2-pcs-ref-5217-120\\\/#primaryimage\"},\"image\":{\"@id\":\"https:\\\/\\\/districos.standingout.be\\\/fr\\\/product\\\/gelsmart-coussin-metatarsien-fine-avec-boucle-s-m-2-pcs-ref-5217-120\\\/#primaryimage\"},\"thumbnailUrl\":\"https:\\\/\\\/districos.standingout.be\\\/wp-content\\\/uploads\\\/2026\\\/04\\\/5217.120@Gelsmart-Dun-Voorvoetkussen-met-Lus-S-M-2-st_1-3.png\",\"datePublished\":\"2026-04-28T02:26:20+00:00\",\"dateModified\":\"2026-04-28T02:26:23+00:00\",\"breadcrumb\":{\"@id\":\"https:\\\/\\\/districos.standingout.be\\\/fr\\\/product\\\/gelsmart-coussin-metatarsien-fine-avec-boucle-s-m-2-pcs-ref-5217-120\\\/#breadcrumb\"},\"inLanguage\":\"fr-FR\",\"potentialAction\":[{\"@type\":\"ReadAction\",\"target\":[\"https:\\\/\\\/districos.standingout.be\\\/fr\\\/product\\\/gelsmart-coussin-metatarsien-fine-avec-boucle-s-m-2-pcs-ref-5217-120\\\/\"]}]},{\"@type\":\"ImageObject\",\"inLanguage\":\"fr-FR\",\"@id\":\"https:\\\/\\\/districos.standingout.be\\\/fr\\\/product\\\/gelsmart-coussin-metatarsien-fine-avec-boucle-s-m-2-pcs-ref-5217-120\\\/#primaryimage\",\"url\":\"https:\\\/\\\/districos.standingout.be\\\/wp-content\\\/uploads\\\/2026\\\/04\\\/5217.120@Gelsmart-Dun-Voorvoetkussen-met-Lus-S-M-2-st_1-3.png\",\"contentUrl\":\"https:\\\/\\\/districos.standingout.be\\\/wp-content\\\/uploads\\\/2026\\\/04\\\/5217.120@Gelsmart-Dun-Voorvoetkussen-met-Lus-S-M-2-st_1-3.png\",\"width\":467,\"height\":600},{\"@type\":\"BreadcrumbList\",\"@id\":\"https:\\\/\\\/districos.standingout.be\\\/fr\\\/product\\\/gelsmart-coussin-metatarsien-fine-avec-boucle-s-m-2-pcs-ref-5217-120\\\/#breadcrumb\",\"itemListElement\":[{\"@type\":\"ListItem\",\"position\":1,\"name\":\"Home\",\"item\":\"https:\\\/\\\/districos.standingout.be\\\/fr\\\/bienvenue-chez-districos\\\/\"},{\"@type\":\"ListItem\",\"position\":2,\"name\":\"Boutique\",\"item\":\"https:\\\/\\\/districos.standingout.be\\\/fr\\\/boutique\\\/\"},{\"@type\":\"ListItem\",\"position\":3,\"name\":\"Gelsmart Coussin M\u00e9tatarsien fine avec Boucle S\\\/M 2 pcs.\"}]},{\"@type\":\"WebSite\",\"@id\":\"https:\\\/\\\/districos.standingout.be\\\/fr\\\/#website\",\"url\":\"https:\\\/\\\/districos.standingout.be\\\/fr\\\/\",\"name\":\"Districos Webshop\",\"description\":\"\",\"publisher\":{\"@id\":\"https:\\\/\\\/districos.standingout.be\\\/fr\\\/#organization\"},\"potentialAction\":[{\"@type\":\"SearchAction\",\"target\":{\"@type\":\"EntryPoint\",\"urlTemplate\":\"https:\\\/\\\/districos.standingout.be\\\/fr\\\/?s={search_term_string}\"},\"query-input\":{\"@type\":\"PropertyValueSpecification\",\"valueRequired\":true,\"valueName\":\"search_term_string\"}}],\"inLanguage\":\"fr-FR\"},{\"@type\":\"Organization\",\"@id\":\"https:\\\/\\\/districos.standingout.be\\\/fr\\\/#organization\",\"name\":\"Districos Webshop\",\"url\":\"https:\\\/\\\/districos.standingout.be\\\/fr\\\/\",\"logo\":{\"@type\":\"ImageObject\",\"inLanguage\":\"fr-FR\",\"@id\":\"https:\\\/\\\/districos.standingout.be\\\/fr\\\/#\\\/schema\\\/logo\\\/image\\\/\",\"url\":\"https:\\\/\\\/districos.standingout.be\\\/wp-content\\\/uploads\\\/2022\\\/09\\\/Districos_Logo_Webshop.svg\",\"contentUrl\":\"https:\\\/\\\/districos.standingout.be\\\/wp-content\\\/uploads\\\/2022\\\/09\\\/Districos_Logo_Webshop.svg\",\"caption\":\"Districos Webshop\"},\"image\":{\"@id\":\"https:\\\/\\\/districos.standingout.be\\\/fr\\\/#\\\/schema\\\/logo\\\/image\\\/\"}}]}<\/script>\n<!-- \/ Yoast SEO plugin. -->","yoast_head_json":{"title":"Gelsmart Coussin M\u00e9tatarsien fine avec Boucle S\/M 2 pcs. - Districos Webshop","robots":{"index":"noindex","follow":"follow","max-snippet":"max-snippet:-1","max-image-preview":"max-image-preview:large","max-video-preview":"max-video-preview:-1"},"og_locale":"fr_FR","og_type":"article","og_title":"Gelsmart Coussin M\u00e9tatarsien fine avec Boucle S\/M 2 pcs. - Districos Webshop","og_description":"Ce coussin pour le pied offre une protection, un confort et un soulagement de la pression pour tout le m\u00e9tatarse et en particulier les m\u00e9tatarsiens. Il peut aider \u00e0 soulager les sensations de br\u00fblure dans l&rsquo;avant-pied due \u00e0 l&rsquo;atrophie du coussinet adipeux, les n\u00e9vromas de Morton et les douleurs caus\u00e9es par les callosit\u00e9s. Le coussin [&hellip;]","og_url":"https:\/\/districos.standingout.be\/fr\/product\/gelsmart-coussin-metatarsien-fine-avec-boucle-s-m-2-pcs-ref-5217-120\/","og_site_name":"Districos Webshop","article_modified_time":"2026-04-28T02:26:23+00:00","og_image":[{"width":467,"height":600,"url":"https:\/\/districos.standingout.be\/wp-content\/uploads\/2026\/04\/5217.120@Gelsmart-Dun-Voorvoetkussen-met-Lus-S-M-2-st_1-2.png","type":"image\/png"}],"twitter_card":"summary_large_image","twitter_misc":{"Dur\u00e9e de lecture estim\u00e9e":"1 minute"},"schema":{"@context":"https:\/\/schema.org","@graph":[{"@type":"WebPage","@id":"https:\/\/districos.standingout.be\/fr\/product\/gelsmart-coussin-metatarsien-fine-avec-boucle-s-m-2-pcs-ref-5217-120\/","url":"https:\/\/districos.standingout.be\/fr\/product\/gelsmart-coussin-metatarsien-fine-avec-boucle-s-m-2-pcs-ref-5217-120\/","name":"Gelsmart Coussin M\u00e9tatarsien fine avec Boucle S\/M 2 pcs. - Districos Webshop","isPartOf":{"@id":"https:\/\/districos.standingout.be\/fr\/#website"},"primaryImageOfPage":{"@id":"https:\/\/districos.standingout.be\/fr\/product\/gelsmart-coussin-metatarsien-fine-avec-boucle-s-m-2-pcs-ref-5217-120\/#primaryimage"},"image":{"@id":"https:\/\/districos.standingout.be\/fr\/product\/gelsmart-coussin-metatarsien-fine-avec-boucle-s-m-2-pcs-ref-5217-120\/#primaryimage"},"thumbnailUrl":"https:\/\/districos.standingout.be\/wp-content\/uploads\/2026\/04\/5217.120@Gelsmart-Dun-Voorvoetkussen-met-Lus-S-M-2-st_1-3.png","datePublished":"2026-04-28T02:26:20+00:00","dateModified":"2026-04-28T02:26:23+00:00","breadcrumb":{"@id":"https:\/\/districos.standingout.be\/fr\/product\/gelsmart-coussin-metatarsien-fine-avec-boucle-s-m-2-pcs-ref-5217-120\/#breadcrumb"},"inLanguage":"fr-FR","potentialAction":[{"@type":"ReadAction","target":["https:\/\/districos.standingout.be\/fr\/product\/gelsmart-coussin-metatarsien-fine-avec-boucle-s-m-2-pcs-ref-5217-120\/"]}]},{"@type":"ImageObject","inLanguage":"fr-FR","@id":"https:\/\/districos.standingout.be\/fr\/product\/gelsmart-coussin-metatarsien-fine-avec-boucle-s-m-2-pcs-ref-5217-120\/#primaryimage","url":"https:\/\/districos.standingout.be\/wp-content\/uploads\/2026\/04\/5217.120@Gelsmart-Dun-Voorvoetkussen-met-Lus-S-M-2-st_1-3.png","contentUrl":"https:\/\/districos.standingout.be\/wp-content\/uploads\/2026\/04\/5217.120@Gelsmart-Dun-Voorvoetkussen-met-Lus-S-M-2-st_1-3.png","width":467,"height":600},{"@type":"BreadcrumbList","@id":"https:\/\/districos.standingout.be\/fr\/product\/gelsmart-coussin-metatarsien-fine-avec-boucle-s-m-2-pcs-ref-5217-120\/#breadcrumb","itemListElement":[{"@type":"ListItem","position":1,"name":"Home","item":"https:\/\/districos.standingout.be\/fr\/bienvenue-chez-districos\/"},{"@type":"ListItem","position":2,"name":"Boutique","item":"https:\/\/districos.standingout.be\/fr\/boutique\/"},{"@type":"ListItem","position":3,"name":"Gelsmart Coussin M\u00e9tatarsien fine avec Boucle S\/M 2 pcs."}]},{"@type":"WebSite","@id":"https:\/\/districos.standingout.be\/fr\/#website","url":"https:\/\/districos.standingout.be\/fr\/","name":"Districos Webshop","description":"","publisher":{"@id":"https:\/\/districos.standingout.be\/fr\/#organization"},"potentialAction":[{"@type":"SearchAction","target":{"@type":"EntryPoint","urlTemplate":"https:\/\/districos.standingout.be\/fr\/?s={search_term_string}"},"query-input":{"@type":"PropertyValueSpecification","valueRequired":true,"valueName":"search_term_string"}}],"inLanguage":"fr-FR"},{"@type":"Organization","@id":"https:\/\/districos.standingout.be\/fr\/#organization","name":"Districos Webshop","url":"https:\/\/districos.standingout.be\/fr\/","logo":{"@type":"ImageObject","inLanguage":"fr-FR","@id":"https:\/\/districos.standingout.be\/fr\/#\/schema\/logo\/image\/","url":"https:\/\/districos.standingout.be\/wp-content\/uploads\/2022\/09\/Districos_Logo_Webshop.svg","contentUrl":"https:\/\/districos.standingout.be\/wp-content\/uploads\/2022\/09\/Districos_Logo_Webshop.svg","caption":"Districos Webshop"},"image":{"@id":"https:\/\/districos.standingout.be\/fr\/#\/schema\/logo\/image\/"}}]}},"_links":{"self":[{"href":"https:\/\/districos.standingout.be\/fr\/wp-json\/wp\/v2\/product\/135239","targetHints":{"allow":["GET"]}}],"collection":[{"href":"https:\/\/districos.standingout.be\/fr\/wp-json\/wp\/v2\/product"}],"about":[{"href":"https:\/\/districos.standingout.be\/fr\/wp-json\/wp\/v2\/types\/product"}],"replies":[{"embeddable":true,"href":"https:\/\/districos.standingout.be\/fr\/wp-json\/wp\/v2\/comments?post=135239"}],"wp:featuredmedia":[{"embeddable":true,"href":"https:\/\/districos.standingout.be\/fr\/wp-json\/wp\/v2\/media\/145105"}],"wp:attachment":[{"href":"https:\/\/districos.standingout.be\/fr\/wp-json\/wp\/v2\/media?parent=135239"}],"wp:term":[{"taxonomy":"product_brand","embeddable":true,"href":"https:\/\/districos.standingout.be\/fr\/wp-json\/wp\/v2\/product_brand?post=135239"},{"taxonomy":"product_cat","embeddable":true,"href":"https:\/\/districos.standingout.be\/fr\/wp-json\/wp\/v2\/product_cat?post=135239"},{"taxonomy":"product_tag","embeddable":true,"href":"https:\/\/districos.standingout.be\/fr\/wp-json\/wp\/v2\/product_tag?post=135239"}],"curies":[{"name":"wp","href":"https:\/\/api.w.org\/{rel}","templated":true}]}}