{"id":135249,"date":"2026-04-28T04:26:38","date_gmt":"2026-04-28T02:26:38","guid":{"rendered":"https:\/\/webshopdistricoscom.webhosting.be\/product\/gelsmart-coussin-metatarsien-et-hallux-valgus-l-xl-1-paire-ref-5217-129\/"},"modified":"2026-04-28T04:26:40","modified_gmt":"2026-04-28T02:26:40","slug":"gelsmart-coussin-metatarsien-et-hallux-valgus-l-xl-1-paire-ref-5217-129","status":"publish","type":"product","link":"https:\/\/districos.standingout.be\/fr\/product\/gelsmart-coussin-metatarsien-et-hallux-valgus-l-xl-1-paire-ref-5217-129\/","title":{"rendered":"Gelsmart Coussin M\u00e9tatarsien et Hallux Valgus L\/XL 1 paire"},"content":{"rendered":"<p >\n<\/p>\n<\/p>\n<\/p>\n<\/p>\n<\/p>\n<\/p>\n<\/p>\n<p><span>Ce coussin offre&nbsp;<b>une protection, un confort et un soulagement de la pression<\/b>&nbsp;pour tout le m\u00e9tatarse et en particulier sur les m\u00e9tatarsiens (m\u00e9tatarsalgie, n\u00e9vralgie) ainsi que sur l&rsquo;oignon&nbsp;sur le c\u00f4t\u00e9 du gros orteil caus\u00e9e par l&rsquo;hallux valgus.&nbsp;La chaussette tient le coussin en gel en place. Aussi bien pour le pied gauche que le pied droit. Test\u00e9 dermatologiquement, hypoallerg\u00e9nique, lavable et r\u00e9utilisable.<o:p><\/o:p><\/span><\/p>\n<ul type=\"disc\">\n<li><span>Taille :&nbsp;Large\/Extra Large<o:p><\/o:p><\/span><\/li>\n<li><span>Emball\u00e9 par 1 paire<o:p><\/o:p><\/span><\/li>\n<\/ul>\n<p dir=\"ltr\">\n<p><span><b>\u00c9galement disponible<\/b><o:p><\/o:p><\/span><\/p>\n<\/p>\n<ul>\n<li><span>Gelsmart Coussin M\u00e9tatarsien et Hallux Valgus S\/M 1 paire&nbsp;(<a href=\"https:\/\/webshop.districos.com\/ProductDetail\/5217.128\" target=\"_blank\" rel=\"noopener noreferrer nofollow\">r\u00e9f. 5217.128<\/a>)<\/span><\/li>\n<li><span>Gelsmart Coussin M\u00e9tatarsien et Hallux Valgus S\/M 1 paire (r\u00e9f.&nbsp;<\/span><a href=\"https:\/\/webshop.districos.com\/ProductDetail\/5217.128\" target=\"_blank\" rel=\"noopener noreferrer nofollow\"> 5217.128<\/a>)&nbsp;<\/li>\n<\/ul>\n","protected":false},"excerpt":{"rendered":"<p>Ce coussin offre&nbsp;une protection, un confort et un soulagement de la pression&nbsp;pour tout le m\u00e9tatarse et en particulier sur les m\u00e9tatarsiens (m\u00e9tatarsalgie, n\u00e9vralgie) ainsi que sur l&rsquo;oignon&nbsp;sur le c\u00f4t\u00e9 du gros orteil caus\u00e9e par l&rsquo;hallux valgus.&nbsp;La chaussette tient le coussin en gel en place. Aussi bien pour le pied gauche que le pied droit. Test\u00e9 [&hellip;]<\/p>\n","protected":false},"featured_media":145147,"comment_status":"open","ping_status":"closed","template":"","meta":{"_acf_changed":false},"product_brand":[10412],"product_cat":[9996,9954],"product_tag":[],"class_list":{"0":"post-135249","1":"product","2":"type-product","3":"status-publish","4":"has-post-thumbnail","6":"product_brand-gelsmart-fr","7":"product_cat-soins-des-pieds-podologie-soulagement-de-la-pression-gels-pads-en-gel","8":"product_cat-beaute-pedicure-soulagement-de-la-pression","10":"first","11":"instock","12":"taxable","13":"shipping-taxable","14":"product-type-simple"},"acf":[],"yoast_head":"<!-- This site is optimized with the Yoast SEO plugin v27.3 - https:\/\/yoast.com\/product\/yoast-seo-wordpress\/ -->\n<title>Gelsmart Coussin M\u00e9tatarsien et Hallux Valgus L\/XL 1 paire - Districos Webshop<\/title>\n<meta name=\"robots\" content=\"noindex, follow, max-snippet:-1, max-image-preview:large, max-video-preview:-1\" \/>\n<meta property=\"og:locale\" content=\"fr_FR\" \/>\n<meta property=\"og:type\" content=\"article\" \/>\n<meta property=\"og:title\" content=\"Gelsmart Coussin M\u00e9tatarsien et Hallux Valgus L\/XL 1 paire - Districos Webshop\" \/>\n<meta property=\"og:description\" content=\"Ce coussin offre&nbsp;une protection, un confort et un soulagement de la pression&nbsp;pour tout le m\u00e9tatarse et en particulier sur les m\u00e9tatarsiens (m\u00e9tatarsalgie, n\u00e9vralgie) ainsi que sur l&rsquo;oignon&nbsp;sur le c\u00f4t\u00e9 du gros orteil caus\u00e9e par l&rsquo;hallux valgus.&nbsp;La chaussette tient le coussin en gel en place. Aussi bien pour le pied gauche que le pied droit. Test\u00e9 [&hellip;]\" \/>\n<meta property=\"og:url\" content=\"https:\/\/districos.standingout.be\/fr\/product\/gelsmart-coussin-metatarsien-et-hallux-valgus-l-xl-1-paire-ref-5217-129\/\" \/>\n<meta property=\"og:site_name\" content=\"Districos Webshop\" \/>\n<meta property=\"article:modified_time\" content=\"2026-04-28T02:26:40+00:00\" \/>\n<meta property=\"og:image\" content=\"https:\/\/districos.standingout.be\/wp-content\/uploads\/2026\/04\/5217.129@Gelsmart-Knobbel-en-Voorvoetkussen-L-XL-1-paar_1-2.png\" \/>\n\t<meta property=\"og:image:width\" content=\"467\" \/>\n\t<meta property=\"og:image:height\" content=\"600\" \/>\n\t<meta property=\"og:image:type\" content=\"image\/png\" \/>\n<meta name=\"twitter:card\" content=\"summary_large_image\" \/>\n<meta name=\"twitter:label1\" content=\"Dur\u00e9e de lecture estim\u00e9e\" \/>\n\t<meta name=\"twitter:data1\" content=\"1 minute\" \/>\n<script type=\"application\/ld+json\" class=\"yoast-schema-graph\">{\"@context\":\"https:\\\/\\\/schema.org\",\"@graph\":[{\"@type\":\"WebPage\",\"@id\":\"https:\\\/\\\/districos.standingout.be\\\/fr\\\/product\\\/gelsmart-coussin-metatarsien-et-hallux-valgus-l-xl-1-paire-ref-5217-129\\\/\",\"url\":\"https:\\\/\\\/districos.standingout.be\\\/fr\\\/product\\\/gelsmart-coussin-metatarsien-et-hallux-valgus-l-xl-1-paire-ref-5217-129\\\/\",\"name\":\"Gelsmart Coussin M\u00e9tatarsien et Hallux Valgus L\\\/XL 1 paire - Districos Webshop\",\"isPartOf\":{\"@id\":\"https:\\\/\\\/districos.standingout.be\\\/fr\\\/#website\"},\"primaryImageOfPage\":{\"@id\":\"https:\\\/\\\/districos.standingout.be\\\/fr\\\/product\\\/gelsmart-coussin-metatarsien-et-hallux-valgus-l-xl-1-paire-ref-5217-129\\\/#primaryimage\"},\"image\":{\"@id\":\"https:\\\/\\\/districos.standingout.be\\\/fr\\\/product\\\/gelsmart-coussin-metatarsien-et-hallux-valgus-l-xl-1-paire-ref-5217-129\\\/#primaryimage\"},\"thumbnailUrl\":\"https:\\\/\\\/districos.standingout.be\\\/wp-content\\\/uploads\\\/2026\\\/04\\\/5217.129@Gelsmart-Knobbel-en-Voorvoetkussen-L-XL-1-paar_1-3.png\",\"datePublished\":\"2026-04-28T02:26:38+00:00\",\"dateModified\":\"2026-04-28T02:26:40+00:00\",\"breadcrumb\":{\"@id\":\"https:\\\/\\\/districos.standingout.be\\\/fr\\\/product\\\/gelsmart-coussin-metatarsien-et-hallux-valgus-l-xl-1-paire-ref-5217-129\\\/#breadcrumb\"},\"inLanguage\":\"fr-FR\",\"potentialAction\":[{\"@type\":\"ReadAction\",\"target\":[\"https:\\\/\\\/districos.standingout.be\\\/fr\\\/product\\\/gelsmart-coussin-metatarsien-et-hallux-valgus-l-xl-1-paire-ref-5217-129\\\/\"]}]},{\"@type\":\"ImageObject\",\"inLanguage\":\"fr-FR\",\"@id\":\"https:\\\/\\\/districos.standingout.be\\\/fr\\\/product\\\/gelsmart-coussin-metatarsien-et-hallux-valgus-l-xl-1-paire-ref-5217-129\\\/#primaryimage\",\"url\":\"https:\\\/\\\/districos.standingout.be\\\/wp-content\\\/uploads\\\/2026\\\/04\\\/5217.129@Gelsmart-Knobbel-en-Voorvoetkussen-L-XL-1-paar_1-3.png\",\"contentUrl\":\"https:\\\/\\\/districos.standingout.be\\\/wp-content\\\/uploads\\\/2026\\\/04\\\/5217.129@Gelsmart-Knobbel-en-Voorvoetkussen-L-XL-1-paar_1-3.png\",\"width\":467,\"height\":600},{\"@type\":\"BreadcrumbList\",\"@id\":\"https:\\\/\\\/districos.standingout.be\\\/fr\\\/product\\\/gelsmart-coussin-metatarsien-et-hallux-valgus-l-xl-1-paire-ref-5217-129\\\/#breadcrumb\",\"itemListElement\":[{\"@type\":\"ListItem\",\"position\":1,\"name\":\"Home\",\"item\":\"https:\\\/\\\/districos.standingout.be\\\/fr\\\/bienvenue-chez-districos\\\/\"},{\"@type\":\"ListItem\",\"position\":2,\"name\":\"Boutique\",\"item\":\"https:\\\/\\\/districos.standingout.be\\\/fr\\\/boutique\\\/\"},{\"@type\":\"ListItem\",\"position\":3,\"name\":\"Gelsmart Coussin M\u00e9tatarsien et Hallux Valgus L\\\/XL 1 paire\"}]},{\"@type\":\"WebSite\",\"@id\":\"https:\\\/\\\/districos.standingout.be\\\/fr\\\/#website\",\"url\":\"https:\\\/\\\/districos.standingout.be\\\/fr\\\/\",\"name\":\"Districos Webshop\",\"description\":\"\",\"publisher\":{\"@id\":\"https:\\\/\\\/districos.standingout.be\\\/fr\\\/#organization\"},\"potentialAction\":[{\"@type\":\"SearchAction\",\"target\":{\"@type\":\"EntryPoint\",\"urlTemplate\":\"https:\\\/\\\/districos.standingout.be\\\/fr\\\/?s={search_term_string}\"},\"query-input\":{\"@type\":\"PropertyValueSpecification\",\"valueRequired\":true,\"valueName\":\"search_term_string\"}}],\"inLanguage\":\"fr-FR\"},{\"@type\":\"Organization\",\"@id\":\"https:\\\/\\\/districos.standingout.be\\\/fr\\\/#organization\",\"name\":\"Districos Webshop\",\"url\":\"https:\\\/\\\/districos.standingout.be\\\/fr\\\/\",\"logo\":{\"@type\":\"ImageObject\",\"inLanguage\":\"fr-FR\",\"@id\":\"https:\\\/\\\/districos.standingout.be\\\/fr\\\/#\\\/schema\\\/logo\\\/image\\\/\",\"url\":\"https:\\\/\\\/districos.standingout.be\\\/wp-content\\\/uploads\\\/2022\\\/09\\\/Districos_Logo_Webshop.svg\",\"contentUrl\":\"https:\\\/\\\/districos.standingout.be\\\/wp-content\\\/uploads\\\/2022\\\/09\\\/Districos_Logo_Webshop.svg\",\"caption\":\"Districos Webshop\"},\"image\":{\"@id\":\"https:\\\/\\\/districos.standingout.be\\\/fr\\\/#\\\/schema\\\/logo\\\/image\\\/\"}}]}<\/script>\n<!-- \/ Yoast SEO plugin. -->","yoast_head_json":{"title":"Gelsmart Coussin M\u00e9tatarsien et Hallux Valgus L\/XL 1 paire - Districos Webshop","robots":{"index":"noindex","follow":"follow","max-snippet":"max-snippet:-1","max-image-preview":"max-image-preview:large","max-video-preview":"max-video-preview:-1"},"og_locale":"fr_FR","og_type":"article","og_title":"Gelsmart Coussin M\u00e9tatarsien et Hallux Valgus L\/XL 1 paire - Districos Webshop","og_description":"Ce coussin offre&nbsp;une protection, un confort et un soulagement de la pression&nbsp;pour tout le m\u00e9tatarse et en particulier sur les m\u00e9tatarsiens (m\u00e9tatarsalgie, n\u00e9vralgie) ainsi que sur l&rsquo;oignon&nbsp;sur le c\u00f4t\u00e9 du gros orteil caus\u00e9e par l&rsquo;hallux valgus.&nbsp;La chaussette tient le coussin en gel en place. Aussi bien pour le pied gauche que le pied droit. Test\u00e9 [&hellip;]","og_url":"https:\/\/districos.standingout.be\/fr\/product\/gelsmart-coussin-metatarsien-et-hallux-valgus-l-xl-1-paire-ref-5217-129\/","og_site_name":"Districos Webshop","article_modified_time":"2026-04-28T02:26:40+00:00","og_image":[{"width":467,"height":600,"url":"https:\/\/districos.standingout.be\/wp-content\/uploads\/2026\/04\/5217.129@Gelsmart-Knobbel-en-Voorvoetkussen-L-XL-1-paar_1-2.png","type":"image\/png"}],"twitter_card":"summary_large_image","twitter_misc":{"Dur\u00e9e de lecture estim\u00e9e":"1 minute"},"schema":{"@context":"https:\/\/schema.org","@graph":[{"@type":"WebPage","@id":"https:\/\/districos.standingout.be\/fr\/product\/gelsmart-coussin-metatarsien-et-hallux-valgus-l-xl-1-paire-ref-5217-129\/","url":"https:\/\/districos.standingout.be\/fr\/product\/gelsmart-coussin-metatarsien-et-hallux-valgus-l-xl-1-paire-ref-5217-129\/","name":"Gelsmart Coussin M\u00e9tatarsien et Hallux Valgus L\/XL 1 paire - Districos Webshop","isPartOf":{"@id":"https:\/\/districos.standingout.be\/fr\/#website"},"primaryImageOfPage":{"@id":"https:\/\/districos.standingout.be\/fr\/product\/gelsmart-coussin-metatarsien-et-hallux-valgus-l-xl-1-paire-ref-5217-129\/#primaryimage"},"image":{"@id":"https:\/\/districos.standingout.be\/fr\/product\/gelsmart-coussin-metatarsien-et-hallux-valgus-l-xl-1-paire-ref-5217-129\/#primaryimage"},"thumbnailUrl":"https:\/\/districos.standingout.be\/wp-content\/uploads\/2026\/04\/5217.129@Gelsmart-Knobbel-en-Voorvoetkussen-L-XL-1-paar_1-3.png","datePublished":"2026-04-28T02:26:38+00:00","dateModified":"2026-04-28T02:26:40+00:00","breadcrumb":{"@id":"https:\/\/districos.standingout.be\/fr\/product\/gelsmart-coussin-metatarsien-et-hallux-valgus-l-xl-1-paire-ref-5217-129\/#breadcrumb"},"inLanguage":"fr-FR","potentialAction":[{"@type":"ReadAction","target":["https:\/\/districos.standingout.be\/fr\/product\/gelsmart-coussin-metatarsien-et-hallux-valgus-l-xl-1-paire-ref-5217-129\/"]}]},{"@type":"ImageObject","inLanguage":"fr-FR","@id":"https:\/\/districos.standingout.be\/fr\/product\/gelsmart-coussin-metatarsien-et-hallux-valgus-l-xl-1-paire-ref-5217-129\/#primaryimage","url":"https:\/\/districos.standingout.be\/wp-content\/uploads\/2026\/04\/5217.129@Gelsmart-Knobbel-en-Voorvoetkussen-L-XL-1-paar_1-3.png","contentUrl":"https:\/\/districos.standingout.be\/wp-content\/uploads\/2026\/04\/5217.129@Gelsmart-Knobbel-en-Voorvoetkussen-L-XL-1-paar_1-3.png","width":467,"height":600},{"@type":"BreadcrumbList","@id":"https:\/\/districos.standingout.be\/fr\/product\/gelsmart-coussin-metatarsien-et-hallux-valgus-l-xl-1-paire-ref-5217-129\/#breadcrumb","itemListElement":[{"@type":"ListItem","position":1,"name":"Home","item":"https:\/\/districos.standingout.be\/fr\/bienvenue-chez-districos\/"},{"@type":"ListItem","position":2,"name":"Boutique","item":"https:\/\/districos.standingout.be\/fr\/boutique\/"},{"@type":"ListItem","position":3,"name":"Gelsmart Coussin M\u00e9tatarsien et Hallux Valgus L\/XL 1 paire"}]},{"@type":"WebSite","@id":"https:\/\/districos.standingout.be\/fr\/#website","url":"https:\/\/districos.standingout.be\/fr\/","name":"Districos Webshop","description":"","publisher":{"@id":"https:\/\/districos.standingout.be\/fr\/#organization"},"potentialAction":[{"@type":"SearchAction","target":{"@type":"EntryPoint","urlTemplate":"https:\/\/districos.standingout.be\/fr\/?s={search_term_string}"},"query-input":{"@type":"PropertyValueSpecification","valueRequired":true,"valueName":"search_term_string"}}],"inLanguage":"fr-FR"},{"@type":"Organization","@id":"https:\/\/districos.standingout.be\/fr\/#organization","name":"Districos Webshop","url":"https:\/\/districos.standingout.be\/fr\/","logo":{"@type":"ImageObject","inLanguage":"fr-FR","@id":"https:\/\/districos.standingout.be\/fr\/#\/schema\/logo\/image\/","url":"https:\/\/districos.standingout.be\/wp-content\/uploads\/2022\/09\/Districos_Logo_Webshop.svg","contentUrl":"https:\/\/districos.standingout.be\/wp-content\/uploads\/2022\/09\/Districos_Logo_Webshop.svg","caption":"Districos Webshop"},"image":{"@id":"https:\/\/districos.standingout.be\/fr\/#\/schema\/logo\/image\/"}}]}},"_links":{"self":[{"href":"https:\/\/districos.standingout.be\/fr\/wp-json\/wp\/v2\/product\/135249","targetHints":{"allow":["GET"]}}],"collection":[{"href":"https:\/\/districos.standingout.be\/fr\/wp-json\/wp\/v2\/product"}],"about":[{"href":"https:\/\/districos.standingout.be\/fr\/wp-json\/wp\/v2\/types\/product"}],"replies":[{"embeddable":true,"href":"https:\/\/districos.standingout.be\/fr\/wp-json\/wp\/v2\/comments?post=135249"}],"wp:featuredmedia":[{"embeddable":true,"href":"https:\/\/districos.standingout.be\/fr\/wp-json\/wp\/v2\/media\/145147"}],"wp:attachment":[{"href":"https:\/\/districos.standingout.be\/fr\/wp-json\/wp\/v2\/media?parent=135249"}],"wp:term":[{"taxonomy":"product_brand","embeddable":true,"href":"https:\/\/districos.standingout.be\/fr\/wp-json\/wp\/v2\/product_brand?post=135249"},{"taxonomy":"product_cat","embeddable":true,"href":"https:\/\/districos.standingout.be\/fr\/wp-json\/wp\/v2\/product_cat?post=135249"},{"taxonomy":"product_tag","embeddable":true,"href":"https:\/\/districos.standingout.be\/fr\/wp-json\/wp\/v2\/product_tag?post=135249"}],"curies":[{"name":"wp","href":"https:\/\/api.w.org\/{rel}","templated":true}]}}