{"id":135287,"date":"2026-04-28T04:31:50","date_gmt":"2026-04-28T02:31:50","guid":{"rendered":"https:\/\/webshopdistricoscom.webhosting.be\/product\/gelsmart-chaussette-de-protection-de-la-cheville-l-xl-1-pc-ref-5217-154\/"},"modified":"2026-04-28T04:31:53","modified_gmt":"2026-04-28T02:31:53","slug":"gelsmart-chaussette-de-protection-de-la-cheville-l-xl-1-pc-ref-5217-154","status":"publish","type":"product","link":"https:\/\/districos.standingout.be\/fr\/product\/gelsmart-chaussette-de-protection-de-la-cheville-l-xl-1-pc-ref-5217-154\/","title":{"rendered":"Gelsmart Chaussette de protection de la cheville L\/XL 1 pc."},"content":{"rendered":"<p >\n<p><span lang=\"FR-BE\">Cette chaussette de protection de la cheville s&rsquo;adapte parfaitement et contient un coussinet en gel doux et confortable des deux c\u00f4t\u00e9s, prot\u00e9geant la cheville de la friction et de l&rsquo;accumulation de pression. Le coussinet en gel lib\u00e8re de l&rsquo;huile min\u00e9rale apaisante, hydratant et adoucissant la peau.&nbsp;<\/span><span lang=\"FR-BE\"><o:p><\/o:p><\/span><\/p>\n<p><b><span lang=\"FR-BE\">Avantages<\/span><\/b><span lang=\"FR-BE\"><o:p><\/o:p><\/span><\/p>\n<ul type=\"disc\">\n<li><span lang=\"FR-BE\">Protection contre la friction et l&rsquo;accumulation de pression sur les chevilles.&nbsp;<\/span><span lang=\"FR-BE\"><o:p><\/o:p><\/span><\/li>\n<li><span lang=\"FR-BE\">Bonne protection dans les bottes et les orth\u00e8ses.<\/span><span lang=\"FR-BE\"><o:p><\/o:p><\/span><\/li>\n<li><span lang=\"FR-BE\">R\u00e9duit l&rsquo;accumulation de pression pendant l&rsquo;exercice.&nbsp;<\/span><span lang=\"FR-BE\"><o:p><\/o:p><\/span><\/li>\n<li><span lang=\"FR-BE\">Convient au pied gauche et au pied droit.<\/span><span lang=\"FR-BE\"><o:p><\/o:p><\/span><\/li>\n<li><span lang=\"FR-BE\">Lavable et r\u00e9utilisable.<\/span><span lang=\"FR-BE\"><o:p><\/o:p><\/span><\/li>\n<\/ul>\n<p><b><span lang=\"FR-BE\">Mat\u00e9riel<\/span><\/b><span lang=\"FR-BE\"><o:p><\/o:p><\/span><\/p>\n<ul type=\"disc\">\n<li><span lang=\"FR-BE\">Fabriqu\u00e9e \u00e0 partir de fibres de bambou et de mat\u00e9riaux \u00e0 forte capacit\u00e9 de drainage.&nbsp;<\/span><span lang=\"FR-BE\"><o:p><\/o:p><\/span><\/li>\n<\/ul>\n<p><b><span lang=\"FR-BE\">Emploi<\/span><\/b><span lang=\"FR-BE\"><o:p><\/o:p><\/span><\/p>\n<ul type=\"disc\">\n<li><span lang=\"FR-BE\">Les personnes atteintes de diff\u00e9rentes affections temporaires et chroniques des pieds peuvent utiliser ce produit.<\/span><span lang=\"FR-BE\"><o:p><\/o:p><\/span><\/li>\n<li><span lang=\"FR-BE\">Faites glisser la chaussette sur le pied. Assurez-vous que les coussinets en gel entrent en contact avec la peau. Placez les coussinets en gel sur la cheville.&nbsp;<\/span><span lang=\"FR-BE\"><o:p><\/o:p><\/span><\/li>\n<\/ul>\n<p><b><span lang=\"FR-BE\">Entretien<\/span><\/b><span lang=\"FR-BE\"><o:p><\/o:p><\/span><\/p>\n<ul type=\"disc\">\n<li><span lang=\"FR-BE\">Laver \u00e0 la main avec du savon et de l&rsquo;eau et laisser s\u00e9cher compl\u00e8tement \u00e0 l&rsquo;air libre.&nbsp;<\/span><span lang=\"FR-BE\"><o:p><\/o:p><\/span><\/li>\n<li><span lang=\"FR-BE\">Si le gel devient collant, saupoudrez-le de talc.<\/span><span lang=\"FR-BE\"><o:p><\/o:p><\/span><\/li>\n<\/ul>\n<p><b><span lang=\"FR-BE\">Taille<\/span><\/b><span lang=\"FR-BE\"><o:p><\/o:p><\/span><\/p>\n<ul type=\"disc\">\n<li><span lang=\"FR-BE\">Large\/Extra Large<\/span><span lang=\"FR-BE\"><o:p><\/o:p><\/span><\/li>\n<\/ul>\n<p><b><span lang=\"FR-BE\">Emball\u00e9e individuellement<\/span><\/b><span lang=\"FR-BE\"><o:p><\/o:p><\/span><\/p>\n<p><b><span lang=\"FR-BE\">\u00c9galement disponible<\/span><\/b><span lang=\"FR-BE\"><o:p><\/o:p><\/span><\/p>\n<ul type=\"disc\">\n<li><span lang=\"FR-BE\">Gelsmart Chaussette de protection de la cheville S\/M 1 pc. (r\u00e9f.&nbsp;<\/span><span lang=\"FR-BE\"><a href=\"https:\/\/webshop.districos.com\/ProductDetail\/5217.153\" target=\"_blank\" rel=\"noopener noreferrer nofollow\"><span>5217.153<\/span><\/a><\/span><span lang=\"FR-BE\">)<\/span><span lang=\"FR-BE\"><o:p><\/o:p><\/span><\/li>\n<\/ul>\n<p><span lang=\"FR-BE\">&nbsp;<\/span><span lang=\"FR-BE\"><o:p><\/o:p><\/span><\/p>\n<p><span lang=\"FR-BE\">Vous voulez savoir comment choisir le gel correct pour l\u2019application correcte ? Assistez alors \u00e0 l&rsquo;une de nos sessions d&rsquo;information sur la gamme de GelSmart ! Inscrivez-vous <\/span><span lang=\"FR-BE\"><a href=\"https:\/\/www.districosacademy.com\/proto\/course-detail.php?id=88\" target=\"_blank\" rel=\"noopener noreferrer nofollow\"><span>ici<\/span><\/a><\/span><span lang=\"FR-BE\">.<\/span><span lang=\"FR-BE\"><o:p><\/o:p><\/span><\/p>\n<p><span lang=\"FR-BE\">Vous souhaitez en savoir plus sur les diff\u00e9rents types de gels et sur la fa\u00e7on de les utiliser dans votre cabinet ?&nbsp;D\u00e9couvrez-le sur notre <\/span><span lang=\"FR-BE\"><a href=\"https:\/\/fr.districos.com\/p\/gelsmart.html\" target=\"_blank\" rel=\"noopener noreferrer nofollow\"><span>site<\/span><\/a> <\/span><span lang=\"FR-BE\">!&nbsp;<\/span><span lang=\"FR-BE\"><o:p><\/o:p><\/span><\/p>\n<p><span lang=\"FR-BE\">&nbsp;<\/span><span lang=\"FR-BE\"><o:p><\/o:p><\/span><\/p>\n<p><span lang=\"FR-BE\">&nbsp;<\/span><span lang=\"FR-BE\"><o:p><\/o:p><\/span><\/p>\n<p><span lang=\"FR-BE\">&nbsp;<\/span><span lang=\"FR-BE\"><o:p><\/o:p><\/span><\/p>\n<p dir=\"ltr\">\n<p><span lang=\"FR-BE\"> &nbsp; <\/span><\/p><\/p>\n","protected":false},"excerpt":{"rendered":"<p>Cette chaussette de protection de la cheville s&rsquo;adapte parfaitement et contient un coussinet en gel doux et confortable des deux c\u00f4t\u00e9s, prot\u00e9geant la cheville de la friction et de l&rsquo;accumulation de pression. Le coussinet en gel lib\u00e8re de l&rsquo;huile min\u00e9rale apaisante, hydratant et adoucissant la peau.&nbsp; Avantages Protection contre la friction et l&rsquo;accumulation de pression [&hellip;]<\/p>\n","protected":false},"featured_media":145339,"comment_status":"open","ping_status":"closed","template":"","meta":{"_acf_changed":false},"product_brand":[10412],"product_cat":[9996,9954],"product_tag":[],"class_list":{"0":"post-135287","1":"product","2":"type-product","3":"status-publish","4":"has-post-thumbnail","6":"product_brand-gelsmart-fr","7":"product_cat-soins-des-pieds-podologie-soulagement-de-la-pression-gels-pads-en-gel","8":"product_cat-beaute-pedicure-soulagement-de-la-pression","10":"first","11":"instock","12":"taxable","13":"shipping-taxable","14":"product-type-simple"},"acf":[],"yoast_head":"<!-- This site is optimized with the Yoast SEO plugin v27.3 - https:\/\/yoast.com\/product\/yoast-seo-wordpress\/ -->\n<title>Gelsmart Chaussette de protection de la cheville L\/XL 1 pc. - Districos Webshop<\/title>\n<meta name=\"robots\" content=\"noindex, follow, max-snippet:-1, max-image-preview:large, max-video-preview:-1\" \/>\n<meta property=\"og:locale\" content=\"fr_FR\" \/>\n<meta property=\"og:type\" content=\"article\" \/>\n<meta property=\"og:title\" content=\"Gelsmart Chaussette de protection de la cheville L\/XL 1 pc. - Districos Webshop\" \/>\n<meta property=\"og:description\" content=\"Cette chaussette de protection de la cheville s&rsquo;adapte parfaitement et contient un coussinet en gel doux et confortable des deux c\u00f4t\u00e9s, prot\u00e9geant la cheville de la friction et de l&rsquo;accumulation de pression. Le coussinet en gel lib\u00e8re de l&rsquo;huile min\u00e9rale apaisante, hydratant et adoucissant la peau.&nbsp; Avantages Protection contre la friction et l&rsquo;accumulation de pression [&hellip;]\" \/>\n<meta property=\"og:url\" content=\"https:\/\/districos.standingout.be\/fr\/product\/gelsmart-chaussette-de-protection-de-la-cheville-l-xl-1-pc-ref-5217-154\/\" \/>\n<meta property=\"og:site_name\" content=\"Districos Webshop\" \/>\n<meta property=\"article:modified_time\" content=\"2026-04-28T02:31:53+00:00\" \/>\n<meta property=\"og:image\" content=\"https:\/\/districos.standingout.be\/wp-content\/uploads\/2026\/04\/5217.154@Gelsmart-Enkelbeschermingskous-L-XL-1-st_1-2.png\" \/>\n\t<meta property=\"og:image:width\" content=\"467\" \/>\n\t<meta property=\"og:image:height\" content=\"600\" \/>\n\t<meta property=\"og:image:type\" content=\"image\/png\" \/>\n<meta name=\"twitter:card\" content=\"summary_large_image\" \/>\n<meta name=\"twitter:label1\" content=\"Dur\u00e9e de lecture estim\u00e9e\" \/>\n\t<meta name=\"twitter:data1\" content=\"1 minute\" \/>\n<script type=\"application\/ld+json\" class=\"yoast-schema-graph\">{\"@context\":\"https:\\\/\\\/schema.org\",\"@graph\":[{\"@type\":\"WebPage\",\"@id\":\"https:\\\/\\\/districos.standingout.be\\\/fr\\\/product\\\/gelsmart-chaussette-de-protection-de-la-cheville-l-xl-1-pc-ref-5217-154\\\/\",\"url\":\"https:\\\/\\\/districos.standingout.be\\\/fr\\\/product\\\/gelsmart-chaussette-de-protection-de-la-cheville-l-xl-1-pc-ref-5217-154\\\/\",\"name\":\"Gelsmart Chaussette de protection de la cheville L\\\/XL 1 pc. - Districos Webshop\",\"isPartOf\":{\"@id\":\"https:\\\/\\\/districos.standingout.be\\\/fr\\\/#website\"},\"primaryImageOfPage\":{\"@id\":\"https:\\\/\\\/districos.standingout.be\\\/fr\\\/product\\\/gelsmart-chaussette-de-protection-de-la-cheville-l-xl-1-pc-ref-5217-154\\\/#primaryimage\"},\"image\":{\"@id\":\"https:\\\/\\\/districos.standingout.be\\\/fr\\\/product\\\/gelsmart-chaussette-de-protection-de-la-cheville-l-xl-1-pc-ref-5217-154\\\/#primaryimage\"},\"thumbnailUrl\":\"https:\\\/\\\/districos.standingout.be\\\/wp-content\\\/uploads\\\/2026\\\/04\\\/5217.154@Gelsmart-Enkelbeschermingskous-L-XL-1-st_1-3.png\",\"datePublished\":\"2026-04-28T02:31:50+00:00\",\"dateModified\":\"2026-04-28T02:31:53+00:00\",\"breadcrumb\":{\"@id\":\"https:\\\/\\\/districos.standingout.be\\\/fr\\\/product\\\/gelsmart-chaussette-de-protection-de-la-cheville-l-xl-1-pc-ref-5217-154\\\/#breadcrumb\"},\"inLanguage\":\"fr-FR\",\"potentialAction\":[{\"@type\":\"ReadAction\",\"target\":[\"https:\\\/\\\/districos.standingout.be\\\/fr\\\/product\\\/gelsmart-chaussette-de-protection-de-la-cheville-l-xl-1-pc-ref-5217-154\\\/\"]}]},{\"@type\":\"ImageObject\",\"inLanguage\":\"fr-FR\",\"@id\":\"https:\\\/\\\/districos.standingout.be\\\/fr\\\/product\\\/gelsmart-chaussette-de-protection-de-la-cheville-l-xl-1-pc-ref-5217-154\\\/#primaryimage\",\"url\":\"https:\\\/\\\/districos.standingout.be\\\/wp-content\\\/uploads\\\/2026\\\/04\\\/5217.154@Gelsmart-Enkelbeschermingskous-L-XL-1-st_1-3.png\",\"contentUrl\":\"https:\\\/\\\/districos.standingout.be\\\/wp-content\\\/uploads\\\/2026\\\/04\\\/5217.154@Gelsmart-Enkelbeschermingskous-L-XL-1-st_1-3.png\",\"width\":467,\"height\":600},{\"@type\":\"BreadcrumbList\",\"@id\":\"https:\\\/\\\/districos.standingout.be\\\/fr\\\/product\\\/gelsmart-chaussette-de-protection-de-la-cheville-l-xl-1-pc-ref-5217-154\\\/#breadcrumb\",\"itemListElement\":[{\"@type\":\"ListItem\",\"position\":1,\"name\":\"Home\",\"item\":\"https:\\\/\\\/districos.standingout.be\\\/fr\\\/bienvenue-chez-districos\\\/\"},{\"@type\":\"ListItem\",\"position\":2,\"name\":\"Boutique\",\"item\":\"https:\\\/\\\/districos.standingout.be\\\/fr\\\/boutique\\\/\"},{\"@type\":\"ListItem\",\"position\":3,\"name\":\"Gelsmart Chaussette de protection de la cheville L\\\/XL 1 pc.\"}]},{\"@type\":\"WebSite\",\"@id\":\"https:\\\/\\\/districos.standingout.be\\\/fr\\\/#website\",\"url\":\"https:\\\/\\\/districos.standingout.be\\\/fr\\\/\",\"name\":\"Districos Webshop\",\"description\":\"\",\"publisher\":{\"@id\":\"https:\\\/\\\/districos.standingout.be\\\/fr\\\/#organization\"},\"potentialAction\":[{\"@type\":\"SearchAction\",\"target\":{\"@type\":\"EntryPoint\",\"urlTemplate\":\"https:\\\/\\\/districos.standingout.be\\\/fr\\\/?s={search_term_string}\"},\"query-input\":{\"@type\":\"PropertyValueSpecification\",\"valueRequired\":true,\"valueName\":\"search_term_string\"}}],\"inLanguage\":\"fr-FR\"},{\"@type\":\"Organization\",\"@id\":\"https:\\\/\\\/districos.standingout.be\\\/fr\\\/#organization\",\"name\":\"Districos Webshop\",\"url\":\"https:\\\/\\\/districos.standingout.be\\\/fr\\\/\",\"logo\":{\"@type\":\"ImageObject\",\"inLanguage\":\"fr-FR\",\"@id\":\"https:\\\/\\\/districos.standingout.be\\\/fr\\\/#\\\/schema\\\/logo\\\/image\\\/\",\"url\":\"https:\\\/\\\/districos.standingout.be\\\/wp-content\\\/uploads\\\/2022\\\/09\\\/Districos_Logo_Webshop.svg\",\"contentUrl\":\"https:\\\/\\\/districos.standingout.be\\\/wp-content\\\/uploads\\\/2022\\\/09\\\/Districos_Logo_Webshop.svg\",\"caption\":\"Districos Webshop\"},\"image\":{\"@id\":\"https:\\\/\\\/districos.standingout.be\\\/fr\\\/#\\\/schema\\\/logo\\\/image\\\/\"}}]}<\/script>\n<!-- \/ Yoast SEO plugin. -->","yoast_head_json":{"title":"Gelsmart Chaussette de protection de la cheville L\/XL 1 pc. - Districos Webshop","robots":{"index":"noindex","follow":"follow","max-snippet":"max-snippet:-1","max-image-preview":"max-image-preview:large","max-video-preview":"max-video-preview:-1"},"og_locale":"fr_FR","og_type":"article","og_title":"Gelsmart Chaussette de protection de la cheville L\/XL 1 pc. - Districos Webshop","og_description":"Cette chaussette de protection de la cheville s&rsquo;adapte parfaitement et contient un coussinet en gel doux et confortable des deux c\u00f4t\u00e9s, prot\u00e9geant la cheville de la friction et de l&rsquo;accumulation de pression. Le coussinet en gel lib\u00e8re de l&rsquo;huile min\u00e9rale apaisante, hydratant et adoucissant la peau.&nbsp; Avantages Protection contre la friction et l&rsquo;accumulation de pression [&hellip;]","og_url":"https:\/\/districos.standingout.be\/fr\/product\/gelsmart-chaussette-de-protection-de-la-cheville-l-xl-1-pc-ref-5217-154\/","og_site_name":"Districos Webshop","article_modified_time":"2026-04-28T02:31:53+00:00","og_image":[{"width":467,"height":600,"url":"https:\/\/districos.standingout.be\/wp-content\/uploads\/2026\/04\/5217.154@Gelsmart-Enkelbeschermingskous-L-XL-1-st_1-2.png","type":"image\/png"}],"twitter_card":"summary_large_image","twitter_misc":{"Dur\u00e9e de lecture estim\u00e9e":"1 minute"},"schema":{"@context":"https:\/\/schema.org","@graph":[{"@type":"WebPage","@id":"https:\/\/districos.standingout.be\/fr\/product\/gelsmart-chaussette-de-protection-de-la-cheville-l-xl-1-pc-ref-5217-154\/","url":"https:\/\/districos.standingout.be\/fr\/product\/gelsmart-chaussette-de-protection-de-la-cheville-l-xl-1-pc-ref-5217-154\/","name":"Gelsmart Chaussette de protection de la cheville L\/XL 1 pc. - Districos Webshop","isPartOf":{"@id":"https:\/\/districos.standingout.be\/fr\/#website"},"primaryImageOfPage":{"@id":"https:\/\/districos.standingout.be\/fr\/product\/gelsmart-chaussette-de-protection-de-la-cheville-l-xl-1-pc-ref-5217-154\/#primaryimage"},"image":{"@id":"https:\/\/districos.standingout.be\/fr\/product\/gelsmart-chaussette-de-protection-de-la-cheville-l-xl-1-pc-ref-5217-154\/#primaryimage"},"thumbnailUrl":"https:\/\/districos.standingout.be\/wp-content\/uploads\/2026\/04\/5217.154@Gelsmart-Enkelbeschermingskous-L-XL-1-st_1-3.png","datePublished":"2026-04-28T02:31:50+00:00","dateModified":"2026-04-28T02:31:53+00:00","breadcrumb":{"@id":"https:\/\/districos.standingout.be\/fr\/product\/gelsmart-chaussette-de-protection-de-la-cheville-l-xl-1-pc-ref-5217-154\/#breadcrumb"},"inLanguage":"fr-FR","potentialAction":[{"@type":"ReadAction","target":["https:\/\/districos.standingout.be\/fr\/product\/gelsmart-chaussette-de-protection-de-la-cheville-l-xl-1-pc-ref-5217-154\/"]}]},{"@type":"ImageObject","inLanguage":"fr-FR","@id":"https:\/\/districos.standingout.be\/fr\/product\/gelsmart-chaussette-de-protection-de-la-cheville-l-xl-1-pc-ref-5217-154\/#primaryimage","url":"https:\/\/districos.standingout.be\/wp-content\/uploads\/2026\/04\/5217.154@Gelsmart-Enkelbeschermingskous-L-XL-1-st_1-3.png","contentUrl":"https:\/\/districos.standingout.be\/wp-content\/uploads\/2026\/04\/5217.154@Gelsmart-Enkelbeschermingskous-L-XL-1-st_1-3.png","width":467,"height":600},{"@type":"BreadcrumbList","@id":"https:\/\/districos.standingout.be\/fr\/product\/gelsmart-chaussette-de-protection-de-la-cheville-l-xl-1-pc-ref-5217-154\/#breadcrumb","itemListElement":[{"@type":"ListItem","position":1,"name":"Home","item":"https:\/\/districos.standingout.be\/fr\/bienvenue-chez-districos\/"},{"@type":"ListItem","position":2,"name":"Boutique","item":"https:\/\/districos.standingout.be\/fr\/boutique\/"},{"@type":"ListItem","position":3,"name":"Gelsmart Chaussette de protection de la cheville L\/XL 1 pc."}]},{"@type":"WebSite","@id":"https:\/\/districos.standingout.be\/fr\/#website","url":"https:\/\/districos.standingout.be\/fr\/","name":"Districos Webshop","description":"","publisher":{"@id":"https:\/\/districos.standingout.be\/fr\/#organization"},"potentialAction":[{"@type":"SearchAction","target":{"@type":"EntryPoint","urlTemplate":"https:\/\/districos.standingout.be\/fr\/?s={search_term_string}"},"query-input":{"@type":"PropertyValueSpecification","valueRequired":true,"valueName":"search_term_string"}}],"inLanguage":"fr-FR"},{"@type":"Organization","@id":"https:\/\/districos.standingout.be\/fr\/#organization","name":"Districos Webshop","url":"https:\/\/districos.standingout.be\/fr\/","logo":{"@type":"ImageObject","inLanguage":"fr-FR","@id":"https:\/\/districos.standingout.be\/fr\/#\/schema\/logo\/image\/","url":"https:\/\/districos.standingout.be\/wp-content\/uploads\/2022\/09\/Districos_Logo_Webshop.svg","contentUrl":"https:\/\/districos.standingout.be\/wp-content\/uploads\/2022\/09\/Districos_Logo_Webshop.svg","caption":"Districos Webshop"},"image":{"@id":"https:\/\/districos.standingout.be\/fr\/#\/schema\/logo\/image\/"}}]}},"_links":{"self":[{"href":"https:\/\/districos.standingout.be\/fr\/wp-json\/wp\/v2\/product\/135287","targetHints":{"allow":["GET"]}}],"collection":[{"href":"https:\/\/districos.standingout.be\/fr\/wp-json\/wp\/v2\/product"}],"about":[{"href":"https:\/\/districos.standingout.be\/fr\/wp-json\/wp\/v2\/types\/product"}],"replies":[{"embeddable":true,"href":"https:\/\/districos.standingout.be\/fr\/wp-json\/wp\/v2\/comments?post=135287"}],"wp:featuredmedia":[{"embeddable":true,"href":"https:\/\/districos.standingout.be\/fr\/wp-json\/wp\/v2\/media\/145339"}],"wp:attachment":[{"href":"https:\/\/districos.standingout.be\/fr\/wp-json\/wp\/v2\/media?parent=135287"}],"wp:term":[{"taxonomy":"product_brand","embeddable":true,"href":"https:\/\/districos.standingout.be\/fr\/wp-json\/wp\/v2\/product_brand?post=135287"},{"taxonomy":"product_cat","embeddable":true,"href":"https:\/\/districos.standingout.be\/fr\/wp-json\/wp\/v2\/product_cat?post=135287"},{"taxonomy":"product_tag","embeddable":true,"href":"https:\/\/districos.standingout.be\/fr\/wp-json\/wp\/v2\/product_tag?post=135287"}],"curies":[{"name":"wp","href":"https:\/\/api.w.org\/{rel}","templated":true}]}}