{"id":135295,"date":"2026-04-28T04:32:05","date_gmt":"2026-04-28T02:32:05","guid":{"rendered":"https:\/\/webshopdistricoscom.webhosting.be\/product\/gelsmart-talonnette-calcaneenne-pelote-amovible-s-1-paire-ref-5217-180\/"},"modified":"2026-04-28T04:32:09","modified_gmt":"2026-04-28T02:32:09","slug":"gelsmart-talonnette-calcaneenne-pelote-amovible-s-1-paire-ref-5217-180","status":"publish","type":"product","link":"https:\/\/districos.standingout.be\/fr\/product\/gelsmart-talonnette-calcaneenne-pelote-amovible-s-1-paire-ref-5217-180\/","title":{"rendered":"Gelsmart Talonnette Calcan\u00e9enne + Pelote Amovible S 1 paire"},"content":{"rendered":"<p >\n<\/p>\n<\/p>\n<p><span lang=\"FR\">Cette talonnette traditionnelle pour \u00e9pine calcan\u00e9enne peut \u00eatre port\u00e9e avec la pelote afin d\u2019absorber les chocs sur le calcan\u00e9um et sans pelote afin de d\u00e9charger la pression sur le calcan\u00e9um. La talonnette est fabriqu\u00e9e en gel polym\u00e8re silicone de densit\u00e9 moyenne qui neutralise efficacement l\u2019impact des chocs et garde sa forme originelle, m\u00eame en cas d\u2019utilisation prolong\u00e9e et fr\u00e9quente. Test\u00e9 dermatologiquement, hypoallerg\u00e9nique, lavable et r\u00e9utilisable.<\/span><\/p>\n<ul>\n<li>Taille: Small.<\/li>\n<li>Emballage: 1 paire.<\/li>\n<\/ul>\n<div>\n<div><b>\u00c9galement disponible :&nbsp;<\/b><\/div>\n<div>\n<ul>\n<li>Gelsmart Talonnette Calcan\u00e9enne + Pelote Amovible M 1 paire (r\u00e9f. <a href=\"https:\/\/webshop.districos.com\/ProductDetail\/5217.181\" target=\"_blank\" rel=\"noopener noreferrer nofollow\"> 5217.181<\/a>)<\/li>\n<li>Gelsmart Talonnette Calcan\u00e9enne + Pelote Amovible L 1 paire (r\u00e9f. <a href=\"https:\/\/webshop.districos.com\/ProductDetail\/5217.182\" target=\"_blank\" rel=\"noopener noreferrer nofollow\"> 5217.182<\/a>)<\/li>\n<\/ul>\n<\/div>\n<\/div>\n","protected":false},"excerpt":{"rendered":"<p>Cette talonnette traditionnelle pour \u00e9pine calcan\u00e9enne peut \u00eatre port\u00e9e avec la pelote afin d\u2019absorber les chocs sur le calcan\u00e9um et sans pelote afin de d\u00e9charger la pression sur le calcan\u00e9um. La talonnette est fabriqu\u00e9e en gel polym\u00e8re silicone de densit\u00e9 moyenne qui neutralise efficacement l\u2019impact des chocs et garde sa forme originelle, m\u00eame en cas [&hellip;]<\/p>\n","protected":false},"featured_media":145375,"comment_status":"open","ping_status":"closed","template":"","meta":{"_acf_changed":false},"product_brand":[10412],"product_cat":[9996,9954],"product_tag":[],"class_list":{"0":"post-135295","1":"product","2":"type-product","3":"status-publish","4":"has-post-thumbnail","6":"product_brand-gelsmart-fr","7":"product_cat-soins-des-pieds-podologie-soulagement-de-la-pression-gels-pads-en-gel","8":"product_cat-beaute-pedicure-soulagement-de-la-pression","10":"first","11":"instock","12":"taxable","13":"shipping-taxable","14":"product-type-simple"},"acf":[],"yoast_head":"<!-- This site is optimized with the Yoast SEO plugin v27.3 - https:\/\/yoast.com\/product\/yoast-seo-wordpress\/ -->\n<title>Gelsmart Talonnette Calcan\u00e9enne + Pelote Amovible S 1 paire - Districos Webshop<\/title>\n<meta name=\"robots\" content=\"noindex, follow, max-snippet:-1, max-image-preview:large, max-video-preview:-1\" \/>\n<meta property=\"og:locale\" content=\"fr_FR\" \/>\n<meta property=\"og:type\" content=\"article\" \/>\n<meta property=\"og:title\" content=\"Gelsmart Talonnette Calcan\u00e9enne + Pelote Amovible S 1 paire - Districos Webshop\" \/>\n<meta property=\"og:description\" content=\"Cette talonnette traditionnelle pour \u00e9pine calcan\u00e9enne peut \u00eatre port\u00e9e avec la pelote afin d\u2019absorber les chocs sur le calcan\u00e9um et sans pelote afin de d\u00e9charger la pression sur le calcan\u00e9um. La talonnette est fabriqu\u00e9e en gel polym\u00e8re silicone de densit\u00e9 moyenne qui neutralise efficacement l\u2019impact des chocs et garde sa forme originelle, m\u00eame en cas [&hellip;]\" \/>\n<meta property=\"og:url\" content=\"https:\/\/districos.standingout.be\/fr\/product\/gelsmart-talonnette-calcaneenne-pelote-amovible-s-1-paire-ref-5217-180\/\" \/>\n<meta property=\"og:site_name\" content=\"Districos Webshop\" \/>\n<meta property=\"article:modified_time\" content=\"2026-04-28T02:32:09+00:00\" \/>\n<meta property=\"og:image\" content=\"https:\/\/districos.standingout.be\/wp-content\/uploads\/2026\/04\/5217.180@Gelsmart-Hielspoorkussen-en-Uitneembare-Pelotte-S-1-paar_1-2.png\" \/>\n\t<meta property=\"og:image:width\" content=\"467\" \/>\n\t<meta property=\"og:image:height\" content=\"600\" \/>\n\t<meta property=\"og:image:type\" content=\"image\/png\" \/>\n<meta name=\"twitter:card\" content=\"summary_large_image\" \/>\n<meta name=\"twitter:label1\" content=\"Dur\u00e9e de lecture estim\u00e9e\" \/>\n\t<meta name=\"twitter:data1\" content=\"1 minute\" \/>\n<script type=\"application\/ld+json\" class=\"yoast-schema-graph\">{\"@context\":\"https:\\\/\\\/schema.org\",\"@graph\":[{\"@type\":\"WebPage\",\"@id\":\"https:\\\/\\\/districos.standingout.be\\\/fr\\\/product\\\/gelsmart-talonnette-calcaneenne-pelote-amovible-s-1-paire-ref-5217-180\\\/\",\"url\":\"https:\\\/\\\/districos.standingout.be\\\/fr\\\/product\\\/gelsmart-talonnette-calcaneenne-pelote-amovible-s-1-paire-ref-5217-180\\\/\",\"name\":\"Gelsmart Talonnette Calcan\u00e9enne + Pelote Amovible S 1 paire - Districos Webshop\",\"isPartOf\":{\"@id\":\"https:\\\/\\\/districos.standingout.be\\\/fr\\\/#website\"},\"primaryImageOfPage\":{\"@id\":\"https:\\\/\\\/districos.standingout.be\\\/fr\\\/product\\\/gelsmart-talonnette-calcaneenne-pelote-amovible-s-1-paire-ref-5217-180\\\/#primaryimage\"},\"image\":{\"@id\":\"https:\\\/\\\/districos.standingout.be\\\/fr\\\/product\\\/gelsmart-talonnette-calcaneenne-pelote-amovible-s-1-paire-ref-5217-180\\\/#primaryimage\"},\"thumbnailUrl\":\"https:\\\/\\\/districos.standingout.be\\\/wp-content\\\/uploads\\\/2026\\\/04\\\/5217.180@Gelsmart-Hielspoorkussen-en-Uitneembare-Pelotte-S-1-paar_1-3.png\",\"datePublished\":\"2026-04-28T02:32:05+00:00\",\"dateModified\":\"2026-04-28T02:32:09+00:00\",\"breadcrumb\":{\"@id\":\"https:\\\/\\\/districos.standingout.be\\\/fr\\\/product\\\/gelsmart-talonnette-calcaneenne-pelote-amovible-s-1-paire-ref-5217-180\\\/#breadcrumb\"},\"inLanguage\":\"fr-FR\",\"potentialAction\":[{\"@type\":\"ReadAction\",\"target\":[\"https:\\\/\\\/districos.standingout.be\\\/fr\\\/product\\\/gelsmart-talonnette-calcaneenne-pelote-amovible-s-1-paire-ref-5217-180\\\/\"]}]},{\"@type\":\"ImageObject\",\"inLanguage\":\"fr-FR\",\"@id\":\"https:\\\/\\\/districos.standingout.be\\\/fr\\\/product\\\/gelsmart-talonnette-calcaneenne-pelote-amovible-s-1-paire-ref-5217-180\\\/#primaryimage\",\"url\":\"https:\\\/\\\/districos.standingout.be\\\/wp-content\\\/uploads\\\/2026\\\/04\\\/5217.180@Gelsmart-Hielspoorkussen-en-Uitneembare-Pelotte-S-1-paar_1-3.png\",\"contentUrl\":\"https:\\\/\\\/districos.standingout.be\\\/wp-content\\\/uploads\\\/2026\\\/04\\\/5217.180@Gelsmart-Hielspoorkussen-en-Uitneembare-Pelotte-S-1-paar_1-3.png\",\"width\":467,\"height\":600},{\"@type\":\"BreadcrumbList\",\"@id\":\"https:\\\/\\\/districos.standingout.be\\\/fr\\\/product\\\/gelsmart-talonnette-calcaneenne-pelote-amovible-s-1-paire-ref-5217-180\\\/#breadcrumb\",\"itemListElement\":[{\"@type\":\"ListItem\",\"position\":1,\"name\":\"Home\",\"item\":\"https:\\\/\\\/districos.standingout.be\\\/fr\\\/bienvenue-chez-districos\\\/\"},{\"@type\":\"ListItem\",\"position\":2,\"name\":\"Boutique\",\"item\":\"https:\\\/\\\/districos.standingout.be\\\/fr\\\/boutique\\\/\"},{\"@type\":\"ListItem\",\"position\":3,\"name\":\"Gelsmart Talonnette Calcan\u00e9enne + Pelote Amovible S 1 paire\"}]},{\"@type\":\"WebSite\",\"@id\":\"https:\\\/\\\/districos.standingout.be\\\/fr\\\/#website\",\"url\":\"https:\\\/\\\/districos.standingout.be\\\/fr\\\/\",\"name\":\"Districos Webshop\",\"description\":\"\",\"publisher\":{\"@id\":\"https:\\\/\\\/districos.standingout.be\\\/fr\\\/#organization\"},\"potentialAction\":[{\"@type\":\"SearchAction\",\"target\":{\"@type\":\"EntryPoint\",\"urlTemplate\":\"https:\\\/\\\/districos.standingout.be\\\/fr\\\/?s={search_term_string}\"},\"query-input\":{\"@type\":\"PropertyValueSpecification\",\"valueRequired\":true,\"valueName\":\"search_term_string\"}}],\"inLanguage\":\"fr-FR\"},{\"@type\":\"Organization\",\"@id\":\"https:\\\/\\\/districos.standingout.be\\\/fr\\\/#organization\",\"name\":\"Districos Webshop\",\"url\":\"https:\\\/\\\/districos.standingout.be\\\/fr\\\/\",\"logo\":{\"@type\":\"ImageObject\",\"inLanguage\":\"fr-FR\",\"@id\":\"https:\\\/\\\/districos.standingout.be\\\/fr\\\/#\\\/schema\\\/logo\\\/image\\\/\",\"url\":\"https:\\\/\\\/districos.standingout.be\\\/wp-content\\\/uploads\\\/2022\\\/09\\\/Districos_Logo_Webshop.svg\",\"contentUrl\":\"https:\\\/\\\/districos.standingout.be\\\/wp-content\\\/uploads\\\/2022\\\/09\\\/Districos_Logo_Webshop.svg\",\"caption\":\"Districos Webshop\"},\"image\":{\"@id\":\"https:\\\/\\\/districos.standingout.be\\\/fr\\\/#\\\/schema\\\/logo\\\/image\\\/\"}}]}<\/script>\n<!-- \/ Yoast SEO plugin. -->","yoast_head_json":{"title":"Gelsmart Talonnette Calcan\u00e9enne + Pelote Amovible S 1 paire - Districos Webshop","robots":{"index":"noindex","follow":"follow","max-snippet":"max-snippet:-1","max-image-preview":"max-image-preview:large","max-video-preview":"max-video-preview:-1"},"og_locale":"fr_FR","og_type":"article","og_title":"Gelsmart Talonnette Calcan\u00e9enne + Pelote Amovible S 1 paire - Districos Webshop","og_description":"Cette talonnette traditionnelle pour \u00e9pine calcan\u00e9enne peut \u00eatre port\u00e9e avec la pelote afin d\u2019absorber les chocs sur le calcan\u00e9um et sans pelote afin de d\u00e9charger la pression sur le calcan\u00e9um. La talonnette est fabriqu\u00e9e en gel polym\u00e8re silicone de densit\u00e9 moyenne qui neutralise efficacement l\u2019impact des chocs et garde sa forme originelle, m\u00eame en cas [&hellip;]","og_url":"https:\/\/districos.standingout.be\/fr\/product\/gelsmart-talonnette-calcaneenne-pelote-amovible-s-1-paire-ref-5217-180\/","og_site_name":"Districos Webshop","article_modified_time":"2026-04-28T02:32:09+00:00","og_image":[{"width":467,"height":600,"url":"https:\/\/districos.standingout.be\/wp-content\/uploads\/2026\/04\/5217.180@Gelsmart-Hielspoorkussen-en-Uitneembare-Pelotte-S-1-paar_1-2.png","type":"image\/png"}],"twitter_card":"summary_large_image","twitter_misc":{"Dur\u00e9e de lecture estim\u00e9e":"1 minute"},"schema":{"@context":"https:\/\/schema.org","@graph":[{"@type":"WebPage","@id":"https:\/\/districos.standingout.be\/fr\/product\/gelsmart-talonnette-calcaneenne-pelote-amovible-s-1-paire-ref-5217-180\/","url":"https:\/\/districos.standingout.be\/fr\/product\/gelsmart-talonnette-calcaneenne-pelote-amovible-s-1-paire-ref-5217-180\/","name":"Gelsmart Talonnette Calcan\u00e9enne + Pelote Amovible S 1 paire - Districos Webshop","isPartOf":{"@id":"https:\/\/districos.standingout.be\/fr\/#website"},"primaryImageOfPage":{"@id":"https:\/\/districos.standingout.be\/fr\/product\/gelsmart-talonnette-calcaneenne-pelote-amovible-s-1-paire-ref-5217-180\/#primaryimage"},"image":{"@id":"https:\/\/districos.standingout.be\/fr\/product\/gelsmart-talonnette-calcaneenne-pelote-amovible-s-1-paire-ref-5217-180\/#primaryimage"},"thumbnailUrl":"https:\/\/districos.standingout.be\/wp-content\/uploads\/2026\/04\/5217.180@Gelsmart-Hielspoorkussen-en-Uitneembare-Pelotte-S-1-paar_1-3.png","datePublished":"2026-04-28T02:32:05+00:00","dateModified":"2026-04-28T02:32:09+00:00","breadcrumb":{"@id":"https:\/\/districos.standingout.be\/fr\/product\/gelsmart-talonnette-calcaneenne-pelote-amovible-s-1-paire-ref-5217-180\/#breadcrumb"},"inLanguage":"fr-FR","potentialAction":[{"@type":"ReadAction","target":["https:\/\/districos.standingout.be\/fr\/product\/gelsmart-talonnette-calcaneenne-pelote-amovible-s-1-paire-ref-5217-180\/"]}]},{"@type":"ImageObject","inLanguage":"fr-FR","@id":"https:\/\/districos.standingout.be\/fr\/product\/gelsmart-talonnette-calcaneenne-pelote-amovible-s-1-paire-ref-5217-180\/#primaryimage","url":"https:\/\/districos.standingout.be\/wp-content\/uploads\/2026\/04\/5217.180@Gelsmart-Hielspoorkussen-en-Uitneembare-Pelotte-S-1-paar_1-3.png","contentUrl":"https:\/\/districos.standingout.be\/wp-content\/uploads\/2026\/04\/5217.180@Gelsmart-Hielspoorkussen-en-Uitneembare-Pelotte-S-1-paar_1-3.png","width":467,"height":600},{"@type":"BreadcrumbList","@id":"https:\/\/districos.standingout.be\/fr\/product\/gelsmart-talonnette-calcaneenne-pelote-amovible-s-1-paire-ref-5217-180\/#breadcrumb","itemListElement":[{"@type":"ListItem","position":1,"name":"Home","item":"https:\/\/districos.standingout.be\/fr\/bienvenue-chez-districos\/"},{"@type":"ListItem","position":2,"name":"Boutique","item":"https:\/\/districos.standingout.be\/fr\/boutique\/"},{"@type":"ListItem","position":3,"name":"Gelsmart Talonnette Calcan\u00e9enne + Pelote Amovible S 1 paire"}]},{"@type":"WebSite","@id":"https:\/\/districos.standingout.be\/fr\/#website","url":"https:\/\/districos.standingout.be\/fr\/","name":"Districos Webshop","description":"","publisher":{"@id":"https:\/\/districos.standingout.be\/fr\/#organization"},"potentialAction":[{"@type":"SearchAction","target":{"@type":"EntryPoint","urlTemplate":"https:\/\/districos.standingout.be\/fr\/?s={search_term_string}"},"query-input":{"@type":"PropertyValueSpecification","valueRequired":true,"valueName":"search_term_string"}}],"inLanguage":"fr-FR"},{"@type":"Organization","@id":"https:\/\/districos.standingout.be\/fr\/#organization","name":"Districos Webshop","url":"https:\/\/districos.standingout.be\/fr\/","logo":{"@type":"ImageObject","inLanguage":"fr-FR","@id":"https:\/\/districos.standingout.be\/fr\/#\/schema\/logo\/image\/","url":"https:\/\/districos.standingout.be\/wp-content\/uploads\/2022\/09\/Districos_Logo_Webshop.svg","contentUrl":"https:\/\/districos.standingout.be\/wp-content\/uploads\/2022\/09\/Districos_Logo_Webshop.svg","caption":"Districos Webshop"},"image":{"@id":"https:\/\/districos.standingout.be\/fr\/#\/schema\/logo\/image\/"}}]}},"_links":{"self":[{"href":"https:\/\/districos.standingout.be\/fr\/wp-json\/wp\/v2\/product\/135295","targetHints":{"allow":["GET"]}}],"collection":[{"href":"https:\/\/districos.standingout.be\/fr\/wp-json\/wp\/v2\/product"}],"about":[{"href":"https:\/\/districos.standingout.be\/fr\/wp-json\/wp\/v2\/types\/product"}],"replies":[{"embeddable":true,"href":"https:\/\/districos.standingout.be\/fr\/wp-json\/wp\/v2\/comments?post=135295"}],"wp:featuredmedia":[{"embeddable":true,"href":"https:\/\/districos.standingout.be\/fr\/wp-json\/wp\/v2\/media\/145375"}],"wp:attachment":[{"href":"https:\/\/districos.standingout.be\/fr\/wp-json\/wp\/v2\/media?parent=135295"}],"wp:term":[{"taxonomy":"product_brand","embeddable":true,"href":"https:\/\/districos.standingout.be\/fr\/wp-json\/wp\/v2\/product_brand?post=135295"},{"taxonomy":"product_cat","embeddable":true,"href":"https:\/\/districos.standingout.be\/fr\/wp-json\/wp\/v2\/product_cat?post=135295"},{"taxonomy":"product_tag","embeddable":true,"href":"https:\/\/districos.standingout.be\/fr\/wp-json\/wp\/v2\/product_tag?post=135295"}],"curies":[{"name":"wp","href":"https:\/\/api.w.org\/{rel}","templated":true}]}}