{"id":135339,"date":"2026-04-28T04:36:43","date_gmt":"2026-04-28T02:36:43","guid":{"rendered":"https:\/\/webshopdistricoscom.webhosting.be\/product\/gelsmart-attelle-de-jour-hallux-valgusl-xl41-44-droite1pc-ref-5217-233\/"},"modified":"2026-04-28T04:36:46","modified_gmt":"2026-04-28T02:36:46","slug":"gelsmart-attelle-de-jour-hallux-valgusl-xl41-44-droite1pc-ref-5217-233","status":"publish","type":"product","link":"https:\/\/districos.standingout.be\/fr\/product\/gelsmart-attelle-de-jour-hallux-valgusl-xl41-44-droite1pc-ref-5217-233\/","title":{"rendered":"Gelsmart Attelle de Jour Hallux ValgusL\/XL(41-44) Droite1pc"},"content":{"rendered":"<p >\n<\/p>\n<\/p>\n<\/p>\n<p><span lang=\"FR\">Parce que chaque pied et chaque hallux valgus est unique, il est imp\u00e9ratif qu&rsquo;une attelle s&rsquo;adapte \u00e0 votre pied. L&rsquo;attelle de jour de Gelsmart est dot\u00e9e d&rsquo;un coussin de gel r\u00e9glable et amovible que vous pouvez appliquer vous-m\u00eame au bon endroit pour une protection contre la pression et la friction l\u00e0 o\u00f9 vous en avez besoin. L&rsquo;attelle est fabriqu\u00e9e dans un tissu extensible tr\u00e8s fin, l\u00e9ger et respirant, assurant ainsi un confort optimal.<o:p><\/o:p><\/span><\/p>\n<ul type=\"disc\">\n<li><span lang=\"FR\">Tr\u00e8s confortable \u00e0 porter dans la plupart des types de chaussures.<o:p><\/o:p><\/span><\/li>\n<li><span lang=\"FR\">Taille : Large\/Extra Large (pointure 41-44).<o:p><\/o:p><\/span><\/li>\n<li><span lang=\"FR\">Droite.<o:p><\/o:p><\/span><\/li>\n<li><span lang=\"FR\">Emballage : 1 pi\u00e8ce.<o:p><\/o:p><\/span><\/li>\n<\/ul>\n<p><b><span lang=\"FR\">\u00c9galement disponible :<o:p><\/o:p><\/span><\/b><\/p>\n<ul type=\"disc\">\n<li><span lang=\"FR\">Small\/Medium Gauche (r\u00e9f. <a href=\"https:\/\/webshop.districos.com\/ProductDetail\/5217.230\" target=\"_blank\" rel=\"noopener noreferrer nofollow\"> 5217.230<\/a>)<o:p><\/o:p><\/span><\/li>\n<li><span lang=\"FR\">Small\/Medium Droite (r\u00e9f. <a href=\"https:\/\/webshop.districos.com\/ProductDetail\/5217.231\" target=\"_blank\" rel=\"noopener noreferrer nofollow\"> 5217.231<\/a>)<o:p><\/o:p><\/span><\/li>\n<li><span lang=\"FR\">Large\/Extra Large Gauche (r\u00e9f. <a href=\"https:\/\/webshop.districos.com\/ProductDetail\/5217.232\" target=\"_blank\" rel=\"noopener noreferrer nofollow\"> 5217.232<\/a>)<o:p><\/o:p><\/span><\/li>\n<\/ul>\n<p><span lang=\"FR\">Regardez \u00e9galement la&nbsp;<a href=\"https:\/\/www.youtube.com\/watch?v=R-UT1_OwcOc\" target=\"_blank\" rel=\"noopener noreferrer nofollow\"><span>vid\u00e9o&nbsp;<\/span><\/a>sur notre cha\u00eene YouTube pour savoir comment utiliser ce produit !<o:p><\/o:p><\/span><\/p>\n<\/p>\n<p><span lang=\"FR-BE\"> &nbsp;<\/span><\/p>\n","protected":false},"excerpt":{"rendered":"<p>Parce que chaque pied et chaque hallux valgus est unique, il est imp\u00e9ratif qu&rsquo;une attelle s&rsquo;adapte \u00e0 votre pied. L&rsquo;attelle de jour de Gelsmart est dot\u00e9e d&rsquo;un coussin de gel r\u00e9glable et amovible que vous pouvez appliquer vous-m\u00eame au bon endroit pour une protection contre la pression et la friction l\u00e0 o\u00f9 vous en avez [&hellip;]<\/p>\n","protected":false},"featured_media":145540,"comment_status":"open","ping_status":"closed","template":"","meta":{"_acf_changed":false},"product_brand":[10412],"product_cat":[10008,10128,10186,9996,9954],"product_tag":[],"class_list":{"0":"post-135339","1":"product","2":"type-product","3":"status-publish","4":"has-post-thumbnail","6":"product_brand-gelsmart-fr","7":"product_cat-soins-des-pieds-podologie-premiers-secours-soins-des-plaies-attelles","8":"product_cat-hygiene-articles-jetables-premiers-secours-soins-des-plaies-attelles","9":"product_cat-fournitures-pour-cabinet-premiers-secours-soins-des-plaies-attelles","10":"product_cat-soins-des-pieds-podologie-soulagement-de-la-pression-gels-pads-en-gel","11":"product_cat-beaute-pedicure-soulagement-de-la-pression","13":"first","14":"instock","15":"taxable","16":"shipping-taxable","17":"product-type-simple"},"acf":[],"yoast_head":"<!-- This site is optimized with the Yoast SEO plugin v27.3 - https:\/\/yoast.com\/product\/yoast-seo-wordpress\/ -->\n<title>Gelsmart Attelle de Jour Hallux ValgusL\/XL(41-44) Droite1pc - Districos Webshop<\/title>\n<meta name=\"robots\" content=\"noindex, follow, max-snippet:-1, max-image-preview:large, max-video-preview:-1\" \/>\n<meta property=\"og:locale\" content=\"fr_FR\" \/>\n<meta property=\"og:type\" content=\"article\" \/>\n<meta property=\"og:title\" content=\"Gelsmart Attelle de Jour Hallux ValgusL\/XL(41-44) Droite1pc - Districos Webshop\" \/>\n<meta property=\"og:description\" content=\"Parce que chaque pied et chaque hallux valgus est unique, il est imp\u00e9ratif qu&rsquo;une attelle s&rsquo;adapte \u00e0 votre pied. L&rsquo;attelle de jour de Gelsmart est dot\u00e9e d&rsquo;un coussin de gel r\u00e9glable et amovible que vous pouvez appliquer vous-m\u00eame au bon endroit pour une protection contre la pression et la friction l\u00e0 o\u00f9 vous en avez [&hellip;]\" \/>\n<meta property=\"og:url\" content=\"https:\/\/districos.standingout.be\/fr\/product\/gelsmart-attelle-de-jour-hallux-valgusl-xl41-44-droite1pc-ref-5217-233\/\" \/>\n<meta property=\"og:site_name\" content=\"Districos Webshop\" \/>\n<meta property=\"article:modified_time\" content=\"2026-04-28T02:36:46+00:00\" \/>\n<meta property=\"og:image\" content=\"https:\/\/districos.standingout.be\/wp-content\/uploads\/2026\/04\/5217.233@Gelsmart-Dagspalk-Hallux-Valgus-L-XL-Rechts-1-st_1-2.png\" \/>\n\t<meta property=\"og:image:width\" content=\"467\" \/>\n\t<meta property=\"og:image:height\" content=\"600\" \/>\n\t<meta property=\"og:image:type\" content=\"image\/png\" \/>\n<meta name=\"twitter:card\" content=\"summary_large_image\" \/>\n<meta name=\"twitter:label1\" content=\"Dur\u00e9e de lecture estim\u00e9e\" \/>\n\t<meta name=\"twitter:data1\" content=\"1 minute\" \/>\n<script type=\"application\/ld+json\" class=\"yoast-schema-graph\">{\"@context\":\"https:\\\/\\\/schema.org\",\"@graph\":[{\"@type\":\"WebPage\",\"@id\":\"https:\\\/\\\/districos.standingout.be\\\/fr\\\/product\\\/gelsmart-attelle-de-jour-hallux-valgusl-xl41-44-droite1pc-ref-5217-233\\\/\",\"url\":\"https:\\\/\\\/districos.standingout.be\\\/fr\\\/product\\\/gelsmart-attelle-de-jour-hallux-valgusl-xl41-44-droite1pc-ref-5217-233\\\/\",\"name\":\"Gelsmart Attelle de Jour Hallux ValgusL\\\/XL(41-44) Droite1pc - Districos Webshop\",\"isPartOf\":{\"@id\":\"https:\\\/\\\/districos.standingout.be\\\/fr\\\/#website\"},\"primaryImageOfPage\":{\"@id\":\"https:\\\/\\\/districos.standingout.be\\\/fr\\\/product\\\/gelsmart-attelle-de-jour-hallux-valgusl-xl41-44-droite1pc-ref-5217-233\\\/#primaryimage\"},\"image\":{\"@id\":\"https:\\\/\\\/districos.standingout.be\\\/fr\\\/product\\\/gelsmart-attelle-de-jour-hallux-valgusl-xl41-44-droite1pc-ref-5217-233\\\/#primaryimage\"},\"thumbnailUrl\":\"https:\\\/\\\/districos.standingout.be\\\/wp-content\\\/uploads\\\/2026\\\/04\\\/5217.233@Gelsmart-Dagspalk-Hallux-Valgus-L-XL-Rechts-1-st_1-3.png\",\"datePublished\":\"2026-04-28T02:36:43+00:00\",\"dateModified\":\"2026-04-28T02:36:46+00:00\",\"breadcrumb\":{\"@id\":\"https:\\\/\\\/districos.standingout.be\\\/fr\\\/product\\\/gelsmart-attelle-de-jour-hallux-valgusl-xl41-44-droite1pc-ref-5217-233\\\/#breadcrumb\"},\"inLanguage\":\"fr-FR\",\"potentialAction\":[{\"@type\":\"ReadAction\",\"target\":[\"https:\\\/\\\/districos.standingout.be\\\/fr\\\/product\\\/gelsmart-attelle-de-jour-hallux-valgusl-xl41-44-droite1pc-ref-5217-233\\\/\"]}]},{\"@type\":\"ImageObject\",\"inLanguage\":\"fr-FR\",\"@id\":\"https:\\\/\\\/districos.standingout.be\\\/fr\\\/product\\\/gelsmart-attelle-de-jour-hallux-valgusl-xl41-44-droite1pc-ref-5217-233\\\/#primaryimage\",\"url\":\"https:\\\/\\\/districos.standingout.be\\\/wp-content\\\/uploads\\\/2026\\\/04\\\/5217.233@Gelsmart-Dagspalk-Hallux-Valgus-L-XL-Rechts-1-st_1-3.png\",\"contentUrl\":\"https:\\\/\\\/districos.standingout.be\\\/wp-content\\\/uploads\\\/2026\\\/04\\\/5217.233@Gelsmart-Dagspalk-Hallux-Valgus-L-XL-Rechts-1-st_1-3.png\",\"width\":467,\"height\":600},{\"@type\":\"BreadcrumbList\",\"@id\":\"https:\\\/\\\/districos.standingout.be\\\/fr\\\/product\\\/gelsmart-attelle-de-jour-hallux-valgusl-xl41-44-droite1pc-ref-5217-233\\\/#breadcrumb\",\"itemListElement\":[{\"@type\":\"ListItem\",\"position\":1,\"name\":\"Home\",\"item\":\"https:\\\/\\\/districos.standingout.be\\\/fr\\\/bienvenue-chez-districos\\\/\"},{\"@type\":\"ListItem\",\"position\":2,\"name\":\"Boutique\",\"item\":\"https:\\\/\\\/districos.standingout.be\\\/fr\\\/boutique\\\/\"},{\"@type\":\"ListItem\",\"position\":3,\"name\":\"Gelsmart Attelle de Jour Hallux ValgusL\\\/XL(41-44) Droite1pc\"}]},{\"@type\":\"WebSite\",\"@id\":\"https:\\\/\\\/districos.standingout.be\\\/fr\\\/#website\",\"url\":\"https:\\\/\\\/districos.standingout.be\\\/fr\\\/\",\"name\":\"Districos Webshop\",\"description\":\"\",\"publisher\":{\"@id\":\"https:\\\/\\\/districos.standingout.be\\\/fr\\\/#organization\"},\"potentialAction\":[{\"@type\":\"SearchAction\",\"target\":{\"@type\":\"EntryPoint\",\"urlTemplate\":\"https:\\\/\\\/districos.standingout.be\\\/fr\\\/?s={search_term_string}\"},\"query-input\":{\"@type\":\"PropertyValueSpecification\",\"valueRequired\":true,\"valueName\":\"search_term_string\"}}],\"inLanguage\":\"fr-FR\"},{\"@type\":\"Organization\",\"@id\":\"https:\\\/\\\/districos.standingout.be\\\/fr\\\/#organization\",\"name\":\"Districos Webshop\",\"url\":\"https:\\\/\\\/districos.standingout.be\\\/fr\\\/\",\"logo\":{\"@type\":\"ImageObject\",\"inLanguage\":\"fr-FR\",\"@id\":\"https:\\\/\\\/districos.standingout.be\\\/fr\\\/#\\\/schema\\\/logo\\\/image\\\/\",\"url\":\"https:\\\/\\\/districos.standingout.be\\\/wp-content\\\/uploads\\\/2022\\\/09\\\/Districos_Logo_Webshop.svg\",\"contentUrl\":\"https:\\\/\\\/districos.standingout.be\\\/wp-content\\\/uploads\\\/2022\\\/09\\\/Districos_Logo_Webshop.svg\",\"caption\":\"Districos Webshop\"},\"image\":{\"@id\":\"https:\\\/\\\/districos.standingout.be\\\/fr\\\/#\\\/schema\\\/logo\\\/image\\\/\"}}]}<\/script>\n<!-- \/ Yoast SEO plugin. -->","yoast_head_json":{"title":"Gelsmart Attelle de Jour Hallux ValgusL\/XL(41-44) Droite1pc - Districos Webshop","robots":{"index":"noindex","follow":"follow","max-snippet":"max-snippet:-1","max-image-preview":"max-image-preview:large","max-video-preview":"max-video-preview:-1"},"og_locale":"fr_FR","og_type":"article","og_title":"Gelsmart Attelle de Jour Hallux ValgusL\/XL(41-44) Droite1pc - Districos Webshop","og_description":"Parce que chaque pied et chaque hallux valgus est unique, il est imp\u00e9ratif qu&rsquo;une attelle s&rsquo;adapte \u00e0 votre pied. L&rsquo;attelle de jour de Gelsmart est dot\u00e9e d&rsquo;un coussin de gel r\u00e9glable et amovible que vous pouvez appliquer vous-m\u00eame au bon endroit pour une protection contre la pression et la friction l\u00e0 o\u00f9 vous en avez [&hellip;]","og_url":"https:\/\/districos.standingout.be\/fr\/product\/gelsmart-attelle-de-jour-hallux-valgusl-xl41-44-droite1pc-ref-5217-233\/","og_site_name":"Districos Webshop","article_modified_time":"2026-04-28T02:36:46+00:00","og_image":[{"width":467,"height":600,"url":"https:\/\/districos.standingout.be\/wp-content\/uploads\/2026\/04\/5217.233@Gelsmart-Dagspalk-Hallux-Valgus-L-XL-Rechts-1-st_1-2.png","type":"image\/png"}],"twitter_card":"summary_large_image","twitter_misc":{"Dur\u00e9e de lecture estim\u00e9e":"1 minute"},"schema":{"@context":"https:\/\/schema.org","@graph":[{"@type":"WebPage","@id":"https:\/\/districos.standingout.be\/fr\/product\/gelsmart-attelle-de-jour-hallux-valgusl-xl41-44-droite1pc-ref-5217-233\/","url":"https:\/\/districos.standingout.be\/fr\/product\/gelsmart-attelle-de-jour-hallux-valgusl-xl41-44-droite1pc-ref-5217-233\/","name":"Gelsmart Attelle de Jour Hallux ValgusL\/XL(41-44) Droite1pc - Districos Webshop","isPartOf":{"@id":"https:\/\/districos.standingout.be\/fr\/#website"},"primaryImageOfPage":{"@id":"https:\/\/districos.standingout.be\/fr\/product\/gelsmart-attelle-de-jour-hallux-valgusl-xl41-44-droite1pc-ref-5217-233\/#primaryimage"},"image":{"@id":"https:\/\/districos.standingout.be\/fr\/product\/gelsmart-attelle-de-jour-hallux-valgusl-xl41-44-droite1pc-ref-5217-233\/#primaryimage"},"thumbnailUrl":"https:\/\/districos.standingout.be\/wp-content\/uploads\/2026\/04\/5217.233@Gelsmart-Dagspalk-Hallux-Valgus-L-XL-Rechts-1-st_1-3.png","datePublished":"2026-04-28T02:36:43+00:00","dateModified":"2026-04-28T02:36:46+00:00","breadcrumb":{"@id":"https:\/\/districos.standingout.be\/fr\/product\/gelsmart-attelle-de-jour-hallux-valgusl-xl41-44-droite1pc-ref-5217-233\/#breadcrumb"},"inLanguage":"fr-FR","potentialAction":[{"@type":"ReadAction","target":["https:\/\/districos.standingout.be\/fr\/product\/gelsmart-attelle-de-jour-hallux-valgusl-xl41-44-droite1pc-ref-5217-233\/"]}]},{"@type":"ImageObject","inLanguage":"fr-FR","@id":"https:\/\/districos.standingout.be\/fr\/product\/gelsmart-attelle-de-jour-hallux-valgusl-xl41-44-droite1pc-ref-5217-233\/#primaryimage","url":"https:\/\/districos.standingout.be\/wp-content\/uploads\/2026\/04\/5217.233@Gelsmart-Dagspalk-Hallux-Valgus-L-XL-Rechts-1-st_1-3.png","contentUrl":"https:\/\/districos.standingout.be\/wp-content\/uploads\/2026\/04\/5217.233@Gelsmart-Dagspalk-Hallux-Valgus-L-XL-Rechts-1-st_1-3.png","width":467,"height":600},{"@type":"BreadcrumbList","@id":"https:\/\/districos.standingout.be\/fr\/product\/gelsmart-attelle-de-jour-hallux-valgusl-xl41-44-droite1pc-ref-5217-233\/#breadcrumb","itemListElement":[{"@type":"ListItem","position":1,"name":"Home","item":"https:\/\/districos.standingout.be\/fr\/bienvenue-chez-districos\/"},{"@type":"ListItem","position":2,"name":"Boutique","item":"https:\/\/districos.standingout.be\/fr\/boutique\/"},{"@type":"ListItem","position":3,"name":"Gelsmart Attelle de Jour Hallux ValgusL\/XL(41-44) Droite1pc"}]},{"@type":"WebSite","@id":"https:\/\/districos.standingout.be\/fr\/#website","url":"https:\/\/districos.standingout.be\/fr\/","name":"Districos Webshop","description":"","publisher":{"@id":"https:\/\/districos.standingout.be\/fr\/#organization"},"potentialAction":[{"@type":"SearchAction","target":{"@type":"EntryPoint","urlTemplate":"https:\/\/districos.standingout.be\/fr\/?s={search_term_string}"},"query-input":{"@type":"PropertyValueSpecification","valueRequired":true,"valueName":"search_term_string"}}],"inLanguage":"fr-FR"},{"@type":"Organization","@id":"https:\/\/districos.standingout.be\/fr\/#organization","name":"Districos Webshop","url":"https:\/\/districos.standingout.be\/fr\/","logo":{"@type":"ImageObject","inLanguage":"fr-FR","@id":"https:\/\/districos.standingout.be\/fr\/#\/schema\/logo\/image\/","url":"https:\/\/districos.standingout.be\/wp-content\/uploads\/2022\/09\/Districos_Logo_Webshop.svg","contentUrl":"https:\/\/districos.standingout.be\/wp-content\/uploads\/2022\/09\/Districos_Logo_Webshop.svg","caption":"Districos Webshop"},"image":{"@id":"https:\/\/districos.standingout.be\/fr\/#\/schema\/logo\/image\/"}}]}},"_links":{"self":[{"href":"https:\/\/districos.standingout.be\/fr\/wp-json\/wp\/v2\/product\/135339","targetHints":{"allow":["GET"]}}],"collection":[{"href":"https:\/\/districos.standingout.be\/fr\/wp-json\/wp\/v2\/product"}],"about":[{"href":"https:\/\/districos.standingout.be\/fr\/wp-json\/wp\/v2\/types\/product"}],"replies":[{"embeddable":true,"href":"https:\/\/districos.standingout.be\/fr\/wp-json\/wp\/v2\/comments?post=135339"}],"wp:featuredmedia":[{"embeddable":true,"href":"https:\/\/districos.standingout.be\/fr\/wp-json\/wp\/v2\/media\/145540"}],"wp:attachment":[{"href":"https:\/\/districos.standingout.be\/fr\/wp-json\/wp\/v2\/media?parent=135339"}],"wp:term":[{"taxonomy":"product_brand","embeddable":true,"href":"https:\/\/districos.standingout.be\/fr\/wp-json\/wp\/v2\/product_brand?post=135339"},{"taxonomy":"product_cat","embeddable":true,"href":"https:\/\/districos.standingout.be\/fr\/wp-json\/wp\/v2\/product_cat?post=135339"},{"taxonomy":"product_tag","embeddable":true,"href":"https:\/\/districos.standingout.be\/fr\/wp-json\/wp\/v2\/product_tag?post=135339"}],"curies":[{"name":"wp","href":"https:\/\/api.w.org\/{rel}","templated":true}]}}