{"id":135351,"date":"2026-04-28T04:40:33","date_gmt":"2026-04-28T02:40:33","guid":{"rendered":"https:\/\/webshopdistricoscom.webhosting.be\/product\/gelsmart-set-de-prise-de-mesure-ref-5217-997\/"},"modified":"2026-04-28T04:40:36","modified_gmt":"2026-04-28T02:40:36","slug":"gelsmart-set-de-prise-de-mesure-ref-5217-997","status":"publish","type":"product","link":"https:\/\/districos.standingout.be\/fr\/product\/gelsmart-set-de-prise-de-mesure-ref-5217-997\/","title":{"rendered":"GelSmart Set de Prise de Mesure"},"content":{"rendered":"<p >\n<\/p>\n<\/p>\n<p><b>ORTH\u00c8SES PR\u00c9FABRIQU\u00c9ES<\/b><\/p>\n<p>Souvent, avec une position du pied anormale, la personne est \u00e9galement aid\u00e9e par une orth\u00e8se pr\u00e9fabriqu\u00e9e. Les produits en gel sont tr\u00e8s doux, absorbent les chocs et sons confortables. Ils constituent donc un choix judicieux et s\u00fbr pour de nombreuses personnes. Le plus difficile est de choisir le bon produit parmi toutes les options. Chez Districos, vous achetez des orth\u00e8ses de qualit\u00e9 sup\u00e9rieure de la marque <b>GelSmart.<\/b> Les formules uniques du gel sont parmi les meilleures au monde, selon l&rsquo;\u00e9quipe de p\u00e9dicure de Districos. Pour vous y retrouver dans la vaste gamme et conseiller au mieux votre client, suivez notre <i>\u00ab\u00a0s\u00e9ance d&rsquo;information GelSmart\u00a0\u00bb.<\/i><\/p>\n<p><b>Commencez imm\u00e9diatement avec le Set de Prise de Mesure GelSmart !<\/b><\/p>\n<p>Il contient les produits les plus populaires avec un m\u00e9lange des tailles les plus courantes pour essayer les orth\u00e8ses. <b>Profitez d&rsquo;une r\u00e9duction temporaire de <font color=\"#ff0400\">30 %<\/font><\/b> !<\/p>\n<p><span>Contenu du Gelsmart Set de Prise de Mesure :<\/span><\/p>\n<ul>\n<li>1 x r\u00e9f. 5215.300 &#8211;&nbsp;GelSmart Pro Coussin Orteils Multifonctionnel Small<\/li>\n<li>1 x r\u00e9f. 5217.001 &#8211;&nbsp;Gelsmart \u00c9carteur d&rsquo;Orteils Standard S 3 pcs.<\/li>\n<li>1 x r\u00e9f. 5217.002 &#8211;&nbsp;Gelsmart \u00c9carteur d&rsquo;Orteils Standard M 3 pcs.<\/li>\n<li>1 x r\u00e9f. 5217.004 &#8211;&nbsp;Gelsmart \u00c9carteur d&rsquo;Orteils S 3 pcs.<\/li>\n<li><span>1 x r\u00e9f. 5217.005 &#8211;&nbsp;<\/span>Gelsmart S\u00e9parateur d&rsquo;Orteils M 3 pcs.<\/li>\n<li><span>1 x r\u00e9f. 5217.007 &#8211;&nbsp;<\/span>Gelsmart S\u00e9parateur d&rsquo;Orteils avec Boucle Double O3, 4 &amp; 5<\/li>\n<li><span>1 x r\u00e9f. 5217.008 &#8211;&nbsp;<\/span>Gelsmart S\u00e9parateur d&rsquo;Orteils avec Boucle Double O1 &amp; 2 3 p<\/li>\n<li><span>1 x r\u00e9f. 5217.024 &#8211;&nbsp;<\/span>Gelsmart Protection Hallux Valgus + S\u00e9parateur\/Boucle Doubl<\/li>\n<li><span>1 x r\u00e9f. 5217.041 &#8211;&nbsp;<\/span>Gelsmart Coussinet Orteil pour D\u00e9pressurisation S 3 pcs.<\/li>\n<li><span>1 x r\u00e9f. 5217.042 &#8211;&nbsp;<\/span>Gelsmart Coussinet Orteil pour D\u00e9pressurisation M 3 pcs.<\/li>\n<li><span>1 x r\u00e9f. 5217.044 &#8211;&nbsp;<\/span>Gelsmart Anneau en Gel Petit Orteil (O5) 3 pcs.<\/li>\n<li><span>1 x r\u00e9f. 5217.045 &#8211;&nbsp;<\/span>Gelsmart Anneau pour Orteil\/Doigt S 3 pcs.<\/li>\n<li><span>1 x r\u00e9f. 5217.046 &#8211;&nbsp;<\/span>Gelsmart Anneau pour Orteil\/Doigt M 3 pcs.<\/li>\n<li><span>1 x r\u00e9f. 5217.048 &#8211;&nbsp;<\/span>Gelsmart Coiffe d&rsquo;Orteil\/Doigt S 4 pcs.<\/li>\n<li><span>1 x r\u00e9f. 5217.049 &#8211;&nbsp;<\/span>Gelsmart Coiffe d&rsquo;Orteil\/Doigt M 4 pcs.<\/li>\n<li><span>1 x r\u00e9f. 5217.088 &#8211;&nbsp;<\/span>Gelsmart Digitubes Tricot S 2 pcs. 15 cm<\/li>\n<li><span>1 x r\u00e9f. 5217.089 &#8211;&nbsp;<\/span>Gelsmart Digitubes Tricot M 2 pcs. 15 cm<\/li>\n<li><span>1 x r\u00e9f. 5217.100 &#8211;&nbsp;<\/span>Gelsmart Coussin Orteil en Marteau Universel 2 pcs.<\/li>\n<li><span>1 x r\u00e9f. 5217.131 &#8211;&nbsp;<\/span>Gelsmart Chaussette avec Coussin Hallux Valgus S\/M 1 pcs.<\/li>\n<li><span>1 x r\u00e9f. 5217.132 &#8211;&nbsp;<\/span>Gelsmart Chaussette avec Coussin Hallux Valgus L\/XL 1 pcs.<\/li>\n<li><span>1 x r\u00e9f. 5217.230 &#8211;&nbsp;<\/span>Gelsmart Attelle de Jour Hallux Valgus S\/M(36-39) Gauche1pc<\/li>\n<li><span>1 x r\u00e9f. 5217.237 &#8211;&nbsp;<\/span>Gelsmart Attelle de Nuit Hallux Valgus L\/XL Droite 1 pc.<\/li>\n<\/ul>\n","protected":false},"excerpt":{"rendered":"<p>ORTH\u00c8SES PR\u00c9FABRIQU\u00c9ES Souvent, avec une position du pied anormale, la personne est \u00e9galement aid\u00e9e par une orth\u00e8se pr\u00e9fabriqu\u00e9e. Les produits en gel sont tr\u00e8s doux, absorbent les chocs et sons confortables. Ils constituent donc un choix judicieux et s\u00fbr pour de nombreuses personnes. Le plus difficile est de choisir le bon produit parmi toutes les [&hellip;]<\/p>\n","protected":false},"featured_media":145597,"comment_status":"open","ping_status":"closed","template":"","meta":{"_acf_changed":false},"product_brand":[10412],"product_cat":[9996,9954],"product_tag":[],"class_list":{"0":"post-135351","1":"product","2":"type-product","3":"status-publish","4":"has-post-thumbnail","6":"product_brand-gelsmart-fr","7":"product_cat-soins-des-pieds-podologie-soulagement-de-la-pression-gels-pads-en-gel","8":"product_cat-beaute-pedicure-soulagement-de-la-pression","10":"first","11":"instock","12":"taxable","13":"shipping-taxable","14":"product-type-simple"},"acf":[],"yoast_head":"<!-- This site is optimized with the Yoast SEO plugin v27.3 - https:\/\/yoast.com\/product\/yoast-seo-wordpress\/ -->\n<title>GelSmart Set de Prise de Mesure - Districos Webshop<\/title>\n<meta name=\"robots\" content=\"noindex, follow, max-snippet:-1, max-image-preview:large, max-video-preview:-1\" \/>\n<meta property=\"og:locale\" content=\"fr_FR\" \/>\n<meta property=\"og:type\" content=\"article\" \/>\n<meta property=\"og:title\" content=\"GelSmart Set de Prise de Mesure - Districos Webshop\" \/>\n<meta property=\"og:description\" content=\"ORTH\u00c8SES PR\u00c9FABRIQU\u00c9ES Souvent, avec une position du pied anormale, la personne est \u00e9galement aid\u00e9e par une orth\u00e8se pr\u00e9fabriqu\u00e9e. Les produits en gel sont tr\u00e8s doux, absorbent les chocs et sons confortables. Ils constituent donc un choix judicieux et s\u00fbr pour de nombreuses personnes. Le plus difficile est de choisir le bon produit parmi toutes les [&hellip;]\" \/>\n<meta property=\"og:url\" content=\"https:\/\/districos.standingout.be\/fr\/product\/gelsmart-set-de-prise-de-mesure-ref-5217-997\/\" \/>\n<meta property=\"og:site_name\" content=\"Districos Webshop\" \/>\n<meta property=\"article:modified_time\" content=\"2026-04-28T02:40:36+00:00\" \/>\n<meta property=\"og:image\" content=\"https:\/\/districos.standingout.be\/wp-content\/uploads\/2026\/04\/5217.997@GelSmart-Aanmeet-Set-meest-populaire-artikelen_1-2.png\" \/>\n\t<meta property=\"og:image:width\" content=\"600\" \/>\n\t<meta property=\"og:image:height\" content=\"600\" \/>\n\t<meta property=\"og:image:type\" content=\"image\/png\" \/>\n<meta name=\"twitter:card\" content=\"summary_large_image\" \/>\n<meta name=\"twitter:label1\" content=\"Dur\u00e9e de lecture estim\u00e9e\" \/>\n\t<meta name=\"twitter:data1\" content=\"2 minutes\" \/>\n<script type=\"application\/ld+json\" class=\"yoast-schema-graph\">{\"@context\":\"https:\\\/\\\/schema.org\",\"@graph\":[{\"@type\":\"WebPage\",\"@id\":\"https:\\\/\\\/districos.standingout.be\\\/fr\\\/product\\\/gelsmart-set-de-prise-de-mesure-ref-5217-997\\\/\",\"url\":\"https:\\\/\\\/districos.standingout.be\\\/fr\\\/product\\\/gelsmart-set-de-prise-de-mesure-ref-5217-997\\\/\",\"name\":\"GelSmart Set de Prise de Mesure - Districos Webshop\",\"isPartOf\":{\"@id\":\"https:\\\/\\\/districos.standingout.be\\\/fr\\\/#website\"},\"primaryImageOfPage\":{\"@id\":\"https:\\\/\\\/districos.standingout.be\\\/fr\\\/product\\\/gelsmart-set-de-prise-de-mesure-ref-5217-997\\\/#primaryimage\"},\"image\":{\"@id\":\"https:\\\/\\\/districos.standingout.be\\\/fr\\\/product\\\/gelsmart-set-de-prise-de-mesure-ref-5217-997\\\/#primaryimage\"},\"thumbnailUrl\":\"https:\\\/\\\/districos.standingout.be\\\/wp-content\\\/uploads\\\/2026\\\/04\\\/5217.997@GelSmart-Aanmeet-Set-meest-populaire-artikelen_1-3.png\",\"datePublished\":\"2026-04-28T02:40:33+00:00\",\"dateModified\":\"2026-04-28T02:40:36+00:00\",\"breadcrumb\":{\"@id\":\"https:\\\/\\\/districos.standingout.be\\\/fr\\\/product\\\/gelsmart-set-de-prise-de-mesure-ref-5217-997\\\/#breadcrumb\"},\"inLanguage\":\"fr-FR\",\"potentialAction\":[{\"@type\":\"ReadAction\",\"target\":[\"https:\\\/\\\/districos.standingout.be\\\/fr\\\/product\\\/gelsmart-set-de-prise-de-mesure-ref-5217-997\\\/\"]}]},{\"@type\":\"ImageObject\",\"inLanguage\":\"fr-FR\",\"@id\":\"https:\\\/\\\/districos.standingout.be\\\/fr\\\/product\\\/gelsmart-set-de-prise-de-mesure-ref-5217-997\\\/#primaryimage\",\"url\":\"https:\\\/\\\/districos.standingout.be\\\/wp-content\\\/uploads\\\/2026\\\/04\\\/5217.997@GelSmart-Aanmeet-Set-meest-populaire-artikelen_1-3.png\",\"contentUrl\":\"https:\\\/\\\/districos.standingout.be\\\/wp-content\\\/uploads\\\/2026\\\/04\\\/5217.997@GelSmart-Aanmeet-Set-meest-populaire-artikelen_1-3.png\",\"width\":600,\"height\":600},{\"@type\":\"BreadcrumbList\",\"@id\":\"https:\\\/\\\/districos.standingout.be\\\/fr\\\/product\\\/gelsmart-set-de-prise-de-mesure-ref-5217-997\\\/#breadcrumb\",\"itemListElement\":[{\"@type\":\"ListItem\",\"position\":1,\"name\":\"Home\",\"item\":\"https:\\\/\\\/districos.standingout.be\\\/fr\\\/bienvenue-chez-districos\\\/\"},{\"@type\":\"ListItem\",\"position\":2,\"name\":\"Boutique\",\"item\":\"https:\\\/\\\/districos.standingout.be\\\/fr\\\/boutique\\\/\"},{\"@type\":\"ListItem\",\"position\":3,\"name\":\"GelSmart Set de Prise de Mesure\"}]},{\"@type\":\"WebSite\",\"@id\":\"https:\\\/\\\/districos.standingout.be\\\/fr\\\/#website\",\"url\":\"https:\\\/\\\/districos.standingout.be\\\/fr\\\/\",\"name\":\"Districos Webshop\",\"description\":\"\",\"publisher\":{\"@id\":\"https:\\\/\\\/districos.standingout.be\\\/fr\\\/#organization\"},\"potentialAction\":[{\"@type\":\"SearchAction\",\"target\":{\"@type\":\"EntryPoint\",\"urlTemplate\":\"https:\\\/\\\/districos.standingout.be\\\/fr\\\/?s={search_term_string}\"},\"query-input\":{\"@type\":\"PropertyValueSpecification\",\"valueRequired\":true,\"valueName\":\"search_term_string\"}}],\"inLanguage\":\"fr-FR\"},{\"@type\":\"Organization\",\"@id\":\"https:\\\/\\\/districos.standingout.be\\\/fr\\\/#organization\",\"name\":\"Districos Webshop\",\"url\":\"https:\\\/\\\/districos.standingout.be\\\/fr\\\/\",\"logo\":{\"@type\":\"ImageObject\",\"inLanguage\":\"fr-FR\",\"@id\":\"https:\\\/\\\/districos.standingout.be\\\/fr\\\/#\\\/schema\\\/logo\\\/image\\\/\",\"url\":\"https:\\\/\\\/districos.standingout.be\\\/wp-content\\\/uploads\\\/2022\\\/09\\\/Districos_Logo_Webshop.svg\",\"contentUrl\":\"https:\\\/\\\/districos.standingout.be\\\/wp-content\\\/uploads\\\/2022\\\/09\\\/Districos_Logo_Webshop.svg\",\"caption\":\"Districos Webshop\"},\"image\":{\"@id\":\"https:\\\/\\\/districos.standingout.be\\\/fr\\\/#\\\/schema\\\/logo\\\/image\\\/\"}}]}<\/script>\n<!-- \/ Yoast SEO plugin. -->","yoast_head_json":{"title":"GelSmart Set de Prise de Mesure - Districos Webshop","robots":{"index":"noindex","follow":"follow","max-snippet":"max-snippet:-1","max-image-preview":"max-image-preview:large","max-video-preview":"max-video-preview:-1"},"og_locale":"fr_FR","og_type":"article","og_title":"GelSmart Set de Prise de Mesure - Districos Webshop","og_description":"ORTH\u00c8SES PR\u00c9FABRIQU\u00c9ES Souvent, avec une position du pied anormale, la personne est \u00e9galement aid\u00e9e par une orth\u00e8se pr\u00e9fabriqu\u00e9e. Les produits en gel sont tr\u00e8s doux, absorbent les chocs et sons confortables. Ils constituent donc un choix judicieux et s\u00fbr pour de nombreuses personnes. Le plus difficile est de choisir le bon produit parmi toutes les [&hellip;]","og_url":"https:\/\/districos.standingout.be\/fr\/product\/gelsmart-set-de-prise-de-mesure-ref-5217-997\/","og_site_name":"Districos Webshop","article_modified_time":"2026-04-28T02:40:36+00:00","og_image":[{"width":600,"height":600,"url":"https:\/\/districos.standingout.be\/wp-content\/uploads\/2026\/04\/5217.997@GelSmart-Aanmeet-Set-meest-populaire-artikelen_1-2.png","type":"image\/png"}],"twitter_card":"summary_large_image","twitter_misc":{"Dur\u00e9e de lecture estim\u00e9e":"2 minutes"},"schema":{"@context":"https:\/\/schema.org","@graph":[{"@type":"WebPage","@id":"https:\/\/districos.standingout.be\/fr\/product\/gelsmart-set-de-prise-de-mesure-ref-5217-997\/","url":"https:\/\/districos.standingout.be\/fr\/product\/gelsmart-set-de-prise-de-mesure-ref-5217-997\/","name":"GelSmart Set de Prise de Mesure - Districos Webshop","isPartOf":{"@id":"https:\/\/districos.standingout.be\/fr\/#website"},"primaryImageOfPage":{"@id":"https:\/\/districos.standingout.be\/fr\/product\/gelsmart-set-de-prise-de-mesure-ref-5217-997\/#primaryimage"},"image":{"@id":"https:\/\/districos.standingout.be\/fr\/product\/gelsmart-set-de-prise-de-mesure-ref-5217-997\/#primaryimage"},"thumbnailUrl":"https:\/\/districos.standingout.be\/wp-content\/uploads\/2026\/04\/5217.997@GelSmart-Aanmeet-Set-meest-populaire-artikelen_1-3.png","datePublished":"2026-04-28T02:40:33+00:00","dateModified":"2026-04-28T02:40:36+00:00","breadcrumb":{"@id":"https:\/\/districos.standingout.be\/fr\/product\/gelsmart-set-de-prise-de-mesure-ref-5217-997\/#breadcrumb"},"inLanguage":"fr-FR","potentialAction":[{"@type":"ReadAction","target":["https:\/\/districos.standingout.be\/fr\/product\/gelsmart-set-de-prise-de-mesure-ref-5217-997\/"]}]},{"@type":"ImageObject","inLanguage":"fr-FR","@id":"https:\/\/districos.standingout.be\/fr\/product\/gelsmart-set-de-prise-de-mesure-ref-5217-997\/#primaryimage","url":"https:\/\/districos.standingout.be\/wp-content\/uploads\/2026\/04\/5217.997@GelSmart-Aanmeet-Set-meest-populaire-artikelen_1-3.png","contentUrl":"https:\/\/districos.standingout.be\/wp-content\/uploads\/2026\/04\/5217.997@GelSmart-Aanmeet-Set-meest-populaire-artikelen_1-3.png","width":600,"height":600},{"@type":"BreadcrumbList","@id":"https:\/\/districos.standingout.be\/fr\/product\/gelsmart-set-de-prise-de-mesure-ref-5217-997\/#breadcrumb","itemListElement":[{"@type":"ListItem","position":1,"name":"Home","item":"https:\/\/districos.standingout.be\/fr\/bienvenue-chez-districos\/"},{"@type":"ListItem","position":2,"name":"Boutique","item":"https:\/\/districos.standingout.be\/fr\/boutique\/"},{"@type":"ListItem","position":3,"name":"GelSmart Set de Prise de Mesure"}]},{"@type":"WebSite","@id":"https:\/\/districos.standingout.be\/fr\/#website","url":"https:\/\/districos.standingout.be\/fr\/","name":"Districos Webshop","description":"","publisher":{"@id":"https:\/\/districos.standingout.be\/fr\/#organization"},"potentialAction":[{"@type":"SearchAction","target":{"@type":"EntryPoint","urlTemplate":"https:\/\/districos.standingout.be\/fr\/?s={search_term_string}"},"query-input":{"@type":"PropertyValueSpecification","valueRequired":true,"valueName":"search_term_string"}}],"inLanguage":"fr-FR"},{"@type":"Organization","@id":"https:\/\/districos.standingout.be\/fr\/#organization","name":"Districos Webshop","url":"https:\/\/districos.standingout.be\/fr\/","logo":{"@type":"ImageObject","inLanguage":"fr-FR","@id":"https:\/\/districos.standingout.be\/fr\/#\/schema\/logo\/image\/","url":"https:\/\/districos.standingout.be\/wp-content\/uploads\/2022\/09\/Districos_Logo_Webshop.svg","contentUrl":"https:\/\/districos.standingout.be\/wp-content\/uploads\/2022\/09\/Districos_Logo_Webshop.svg","caption":"Districos Webshop"},"image":{"@id":"https:\/\/districos.standingout.be\/fr\/#\/schema\/logo\/image\/"}}]}},"_links":{"self":[{"href":"https:\/\/districos.standingout.be\/fr\/wp-json\/wp\/v2\/product\/135351","targetHints":{"allow":["GET"]}}],"collection":[{"href":"https:\/\/districos.standingout.be\/fr\/wp-json\/wp\/v2\/product"}],"about":[{"href":"https:\/\/districos.standingout.be\/fr\/wp-json\/wp\/v2\/types\/product"}],"replies":[{"embeddable":true,"href":"https:\/\/districos.standingout.be\/fr\/wp-json\/wp\/v2\/comments?post=135351"}],"wp:featuredmedia":[{"embeddable":true,"href":"https:\/\/districos.standingout.be\/fr\/wp-json\/wp\/v2\/media\/145597"}],"wp:attachment":[{"href":"https:\/\/districos.standingout.be\/fr\/wp-json\/wp\/v2\/media?parent=135351"}],"wp:term":[{"taxonomy":"product_brand","embeddable":true,"href":"https:\/\/districos.standingout.be\/fr\/wp-json\/wp\/v2\/product_brand?post=135351"},{"taxonomy":"product_cat","embeddable":true,"href":"https:\/\/districos.standingout.be\/fr\/wp-json\/wp\/v2\/product_cat?post=135351"},{"taxonomy":"product_tag","embeddable":true,"href":"https:\/\/districos.standingout.be\/fr\/wp-json\/wp\/v2\/product_tag?post=135351"}],"curies":[{"name":"wp","href":"https:\/\/api.w.org\/{rel}","templated":true}]}}