{"id":135355,"date":"2026-04-28T04:40:40","date_gmt":"2026-04-28T02:40:40","guid":{"rendered":"https:\/\/webshopdistricoscom.webhosting.be\/product\/vertargil-argile-verte-poudre-25-kg-ref-5901-02\/"},"modified":"2026-04-28T04:40:44","modified_gmt":"2026-04-28T02:40:44","slug":"vertargil-argile-verte-poudre-25-kg-ref-5901-02","status":"publish","type":"product","link":"https:\/\/districos.standingout.be\/fr\/product\/vertargil-argile-verte-poudre-25-kg-ref-5901-02\/","title":{"rendered":"Vertargil Argile Verte Poudre 2,5 kg"},"content":{"rendered":"<p >\n<p dir=ltr>Masque d&rsquo;argile \u00e0 l&rsquo;action hydratante et r\u00e9g\u00e9n\u00e9ratrice. Disponible en :<\/p>\n<p> \u2022 P\u00e2te pr\u00eate \u00e0 l\u2019emploi qui est simplement appliqu\u00e9e avec un pinceau.<\/p>\n<p> \u2022 Argile verte \u00e9co sous forme de poudre, \u00e0 pr\u00e9parer vous-m\u00eame. Mettez env. 250 g de poudre (bon pour 5 applications) et la m\u00eame quantit\u00e9 d\u2019eau de source dans un r\u00e9cipient non m\u00e9tallique. Fermez le r\u00e9cipient avec un couvercle et laissez agir pendant une nuit. Ne m\u00e9langez pas ! Le lendemain, votre argile verte sera pr\u00eate \u00e0 l\u2019emploi.<\/p>\n<p> Emballage : argile verte en poudre \u00e0 pr\u00e9parer vous-m\u00eame, dans un pot de 2500 g<\/p><\/p>\n","protected":false},"excerpt":{"rendered":"<p>Masque d&rsquo;argile \u00e0 l&rsquo;action hydratante et r\u00e9g\u00e9n\u00e9ratrice. Disponible en : \u2022 P\u00e2te pr\u00eate \u00e0 l\u2019emploi qui est simplement appliqu\u00e9e avec un pinceau. \u2022 Argile verte \u00e9co sous forme de poudre, \u00e0 pr\u00e9parer vous-m\u00eame. Mettez env. 250 g de poudre (bon pour 5 applications) et la m\u00eame quantit\u00e9 d\u2019eau de source dans un r\u00e9cipient non m\u00e9tallique. [&hellip;]<\/p>\n","protected":false},"featured_media":74240,"comment_status":"open","ping_status":"closed","template":"","meta":{"_acf_changed":false},"product_brand":[10600],"product_cat":[9946,10080],"product_tag":[],"class_list":{"0":"post-135355","1":"product","2":"type-product","3":"status-publish","4":"has-post-thumbnail","6":"product_brand-vertargil-fr","7":"product_cat-beaute-pedicure-produits-de-soin","8":"product_cat-soins-des-pieds-podologie-produits-de-soin-spa-pedicure","10":"first","11":"instock","12":"taxable","13":"shipping-taxable","14":"product-type-simple"},"acf":[],"yoast_head":"<!-- This site is optimized with the Yoast SEO plugin v27.3 - https:\/\/yoast.com\/product\/yoast-seo-wordpress\/ -->\n<title>Vertargil Argile Verte Poudre 2,5 kg - Districos Webshop<\/title>\n<meta name=\"robots\" content=\"noindex, follow, max-snippet:-1, max-image-preview:large, max-video-preview:-1\" \/>\n<meta property=\"og:locale\" content=\"fr_FR\" \/>\n<meta property=\"og:type\" content=\"article\" \/>\n<meta property=\"og:title\" content=\"Vertargil Argile Verte Poudre 2,5 kg - Districos Webshop\" \/>\n<meta property=\"og:description\" content=\"Masque d&rsquo;argile \u00e0 l&rsquo;action hydratante et r\u00e9g\u00e9n\u00e9ratrice. Disponible en : \u2022 P\u00e2te pr\u00eate \u00e0 l\u2019emploi qui est simplement appliqu\u00e9e avec un pinceau. \u2022 Argile verte \u00e9co sous forme de poudre, \u00e0 pr\u00e9parer vous-m\u00eame. Mettez env. 250 g de poudre (bon pour 5 applications) et la m\u00eame quantit\u00e9 d\u2019eau de source dans un r\u00e9cipient non m\u00e9tallique. [&hellip;]\" \/>\n<meta property=\"og:url\" content=\"https:\/\/districos.standingout.be\/fr\/product\/vertargil-argile-verte-poudre-25-kg-ref-5901-02\/\" \/>\n<meta property=\"og:site_name\" content=\"Districos Webshop\" \/>\n<meta property=\"article:modified_time\" content=\"2026-04-28T02:40:44+00:00\" \/>\n<meta property=\"og:image\" content=\"https:\/\/districos.standingout.be\/wp-content\/uploads\/2025\/07\/5901.02@LowRes_1_0.png\" \/>\n\t<meta property=\"og:image:width\" content=\"600\" \/>\n\t<meta property=\"og:image:height\" content=\"600\" \/>\n\t<meta property=\"og:image:type\" content=\"image\/png\" \/>\n<meta name=\"twitter:card\" content=\"summary_large_image\" \/>\n<meta name=\"twitter:label1\" content=\"Dur\u00e9e de lecture estim\u00e9e\" \/>\n\t<meta name=\"twitter:data1\" content=\"1 minute\" \/>\n<script type=\"application\/ld+json\" class=\"yoast-schema-graph\">{\"@context\":\"https:\\\/\\\/schema.org\",\"@graph\":[{\"@type\":\"WebPage\",\"@id\":\"https:\\\/\\\/districos.standingout.be\\\/fr\\\/product\\\/vertargil-argile-verte-poudre-25-kg-ref-5901-02\\\/\",\"url\":\"https:\\\/\\\/districos.standingout.be\\\/fr\\\/product\\\/vertargil-argile-verte-poudre-25-kg-ref-5901-02\\\/\",\"name\":\"Vertargil Argile Verte Poudre 2,5 kg - Districos Webshop\",\"isPartOf\":{\"@id\":\"https:\\\/\\\/districos.standingout.be\\\/fr\\\/#website\"},\"primaryImageOfPage\":{\"@id\":\"https:\\\/\\\/districos.standingout.be\\\/fr\\\/product\\\/vertargil-argile-verte-poudre-25-kg-ref-5901-02\\\/#primaryimage\"},\"image\":{\"@id\":\"https:\\\/\\\/districos.standingout.be\\\/fr\\\/product\\\/vertargil-argile-verte-poudre-25-kg-ref-5901-02\\\/#primaryimage\"},\"thumbnailUrl\":\"https:\\\/\\\/districos.standingout.be\\\/wp-content\\\/uploads\\\/2025\\\/07\\\/5901.02@LowRes_1_0.png\",\"datePublished\":\"2026-04-28T02:40:40+00:00\",\"dateModified\":\"2026-04-28T02:40:44+00:00\",\"breadcrumb\":{\"@id\":\"https:\\\/\\\/districos.standingout.be\\\/fr\\\/product\\\/vertargil-argile-verte-poudre-25-kg-ref-5901-02\\\/#breadcrumb\"},\"inLanguage\":\"fr-FR\",\"potentialAction\":[{\"@type\":\"ReadAction\",\"target\":[\"https:\\\/\\\/districos.standingout.be\\\/fr\\\/product\\\/vertargil-argile-verte-poudre-25-kg-ref-5901-02\\\/\"]}]},{\"@type\":\"ImageObject\",\"inLanguage\":\"fr-FR\",\"@id\":\"https:\\\/\\\/districos.standingout.be\\\/fr\\\/product\\\/vertargil-argile-verte-poudre-25-kg-ref-5901-02\\\/#primaryimage\",\"url\":\"https:\\\/\\\/districos.standingout.be\\\/wp-content\\\/uploads\\\/2025\\\/07\\\/5901.02@LowRes_1_0.png\",\"contentUrl\":\"https:\\\/\\\/districos.standingout.be\\\/wp-content\\\/uploads\\\/2025\\\/07\\\/5901.02@LowRes_1_0.png\",\"width\":600,\"height\":600},{\"@type\":\"BreadcrumbList\",\"@id\":\"https:\\\/\\\/districos.standingout.be\\\/fr\\\/product\\\/vertargil-argile-verte-poudre-25-kg-ref-5901-02\\\/#breadcrumb\",\"itemListElement\":[{\"@type\":\"ListItem\",\"position\":1,\"name\":\"Home\",\"item\":\"https:\\\/\\\/districos.standingout.be\\\/fr\\\/bienvenue-chez-districos\\\/\"},{\"@type\":\"ListItem\",\"position\":2,\"name\":\"Boutique\",\"item\":\"https:\\\/\\\/districos.standingout.be\\\/fr\\\/boutique\\\/\"},{\"@type\":\"ListItem\",\"position\":3,\"name\":\"Vertargil Argile Verte Poudre 2,5 kg\"}]},{\"@type\":\"WebSite\",\"@id\":\"https:\\\/\\\/districos.standingout.be\\\/fr\\\/#website\",\"url\":\"https:\\\/\\\/districos.standingout.be\\\/fr\\\/\",\"name\":\"Districos Webshop\",\"description\":\"\",\"publisher\":{\"@id\":\"https:\\\/\\\/districos.standingout.be\\\/fr\\\/#organization\"},\"potentialAction\":[{\"@type\":\"SearchAction\",\"target\":{\"@type\":\"EntryPoint\",\"urlTemplate\":\"https:\\\/\\\/districos.standingout.be\\\/fr\\\/?s={search_term_string}\"},\"query-input\":{\"@type\":\"PropertyValueSpecification\",\"valueRequired\":true,\"valueName\":\"search_term_string\"}}],\"inLanguage\":\"fr-FR\"},{\"@type\":\"Organization\",\"@id\":\"https:\\\/\\\/districos.standingout.be\\\/fr\\\/#organization\",\"name\":\"Districos Webshop\",\"url\":\"https:\\\/\\\/districos.standingout.be\\\/fr\\\/\",\"logo\":{\"@type\":\"ImageObject\",\"inLanguage\":\"fr-FR\",\"@id\":\"https:\\\/\\\/districos.standingout.be\\\/fr\\\/#\\\/schema\\\/logo\\\/image\\\/\",\"url\":\"https:\\\/\\\/districos.standingout.be\\\/wp-content\\\/uploads\\\/2022\\\/09\\\/Districos_Logo_Webshop.svg\",\"contentUrl\":\"https:\\\/\\\/districos.standingout.be\\\/wp-content\\\/uploads\\\/2022\\\/09\\\/Districos_Logo_Webshop.svg\",\"caption\":\"Districos Webshop\"},\"image\":{\"@id\":\"https:\\\/\\\/districos.standingout.be\\\/fr\\\/#\\\/schema\\\/logo\\\/image\\\/\"}}]}<\/script>\n<!-- \/ Yoast SEO plugin. -->","yoast_head_json":{"title":"Vertargil Argile Verte Poudre 2,5 kg - Districos Webshop","robots":{"index":"noindex","follow":"follow","max-snippet":"max-snippet:-1","max-image-preview":"max-image-preview:large","max-video-preview":"max-video-preview:-1"},"og_locale":"fr_FR","og_type":"article","og_title":"Vertargil Argile Verte Poudre 2,5 kg - Districos Webshop","og_description":"Masque d&rsquo;argile \u00e0 l&rsquo;action hydratante et r\u00e9g\u00e9n\u00e9ratrice. Disponible en : \u2022 P\u00e2te pr\u00eate \u00e0 l\u2019emploi qui est simplement appliqu\u00e9e avec un pinceau. \u2022 Argile verte \u00e9co sous forme de poudre, \u00e0 pr\u00e9parer vous-m\u00eame. Mettez env. 250 g de poudre (bon pour 5 applications) et la m\u00eame quantit\u00e9 d\u2019eau de source dans un r\u00e9cipient non m\u00e9tallique. [&hellip;]","og_url":"https:\/\/districos.standingout.be\/fr\/product\/vertargil-argile-verte-poudre-25-kg-ref-5901-02\/","og_site_name":"Districos Webshop","article_modified_time":"2026-04-28T02:40:44+00:00","og_image":[{"width":600,"height":600,"url":"https:\/\/districos.standingout.be\/wp-content\/uploads\/2025\/07\/5901.02@LowRes_1_0.png","type":"image\/png"}],"twitter_card":"summary_large_image","twitter_misc":{"Dur\u00e9e de lecture estim\u00e9e":"1 minute"},"schema":{"@context":"https:\/\/schema.org","@graph":[{"@type":"WebPage","@id":"https:\/\/districos.standingout.be\/fr\/product\/vertargil-argile-verte-poudre-25-kg-ref-5901-02\/","url":"https:\/\/districos.standingout.be\/fr\/product\/vertargil-argile-verte-poudre-25-kg-ref-5901-02\/","name":"Vertargil Argile Verte Poudre 2,5 kg - Districos Webshop","isPartOf":{"@id":"https:\/\/districos.standingout.be\/fr\/#website"},"primaryImageOfPage":{"@id":"https:\/\/districos.standingout.be\/fr\/product\/vertargil-argile-verte-poudre-25-kg-ref-5901-02\/#primaryimage"},"image":{"@id":"https:\/\/districos.standingout.be\/fr\/product\/vertargil-argile-verte-poudre-25-kg-ref-5901-02\/#primaryimage"},"thumbnailUrl":"https:\/\/districos.standingout.be\/wp-content\/uploads\/2025\/07\/5901.02@LowRes_1_0.png","datePublished":"2026-04-28T02:40:40+00:00","dateModified":"2026-04-28T02:40:44+00:00","breadcrumb":{"@id":"https:\/\/districos.standingout.be\/fr\/product\/vertargil-argile-verte-poudre-25-kg-ref-5901-02\/#breadcrumb"},"inLanguage":"fr-FR","potentialAction":[{"@type":"ReadAction","target":["https:\/\/districos.standingout.be\/fr\/product\/vertargil-argile-verte-poudre-25-kg-ref-5901-02\/"]}]},{"@type":"ImageObject","inLanguage":"fr-FR","@id":"https:\/\/districos.standingout.be\/fr\/product\/vertargil-argile-verte-poudre-25-kg-ref-5901-02\/#primaryimage","url":"https:\/\/districos.standingout.be\/wp-content\/uploads\/2025\/07\/5901.02@LowRes_1_0.png","contentUrl":"https:\/\/districos.standingout.be\/wp-content\/uploads\/2025\/07\/5901.02@LowRes_1_0.png","width":600,"height":600},{"@type":"BreadcrumbList","@id":"https:\/\/districos.standingout.be\/fr\/product\/vertargil-argile-verte-poudre-25-kg-ref-5901-02\/#breadcrumb","itemListElement":[{"@type":"ListItem","position":1,"name":"Home","item":"https:\/\/districos.standingout.be\/fr\/bienvenue-chez-districos\/"},{"@type":"ListItem","position":2,"name":"Boutique","item":"https:\/\/districos.standingout.be\/fr\/boutique\/"},{"@type":"ListItem","position":3,"name":"Vertargil Argile Verte Poudre 2,5 kg"}]},{"@type":"WebSite","@id":"https:\/\/districos.standingout.be\/fr\/#website","url":"https:\/\/districos.standingout.be\/fr\/","name":"Districos Webshop","description":"","publisher":{"@id":"https:\/\/districos.standingout.be\/fr\/#organization"},"potentialAction":[{"@type":"SearchAction","target":{"@type":"EntryPoint","urlTemplate":"https:\/\/districos.standingout.be\/fr\/?s={search_term_string}"},"query-input":{"@type":"PropertyValueSpecification","valueRequired":true,"valueName":"search_term_string"}}],"inLanguage":"fr-FR"},{"@type":"Organization","@id":"https:\/\/districos.standingout.be\/fr\/#organization","name":"Districos Webshop","url":"https:\/\/districos.standingout.be\/fr\/","logo":{"@type":"ImageObject","inLanguage":"fr-FR","@id":"https:\/\/districos.standingout.be\/fr\/#\/schema\/logo\/image\/","url":"https:\/\/districos.standingout.be\/wp-content\/uploads\/2022\/09\/Districos_Logo_Webshop.svg","contentUrl":"https:\/\/districos.standingout.be\/wp-content\/uploads\/2022\/09\/Districos_Logo_Webshop.svg","caption":"Districos Webshop"},"image":{"@id":"https:\/\/districos.standingout.be\/fr\/#\/schema\/logo\/image\/"}}]}},"_links":{"self":[{"href":"https:\/\/districos.standingout.be\/fr\/wp-json\/wp\/v2\/product\/135355","targetHints":{"allow":["GET"]}}],"collection":[{"href":"https:\/\/districos.standingout.be\/fr\/wp-json\/wp\/v2\/product"}],"about":[{"href":"https:\/\/districos.standingout.be\/fr\/wp-json\/wp\/v2\/types\/product"}],"replies":[{"embeddable":true,"href":"https:\/\/districos.standingout.be\/fr\/wp-json\/wp\/v2\/comments?post=135355"}],"wp:featuredmedia":[{"embeddable":true,"href":"https:\/\/districos.standingout.be\/fr\/wp-json\/wp\/v2\/media\/74240"}],"wp:attachment":[{"href":"https:\/\/districos.standingout.be\/fr\/wp-json\/wp\/v2\/media?parent=135355"}],"wp:term":[{"taxonomy":"product_brand","embeddable":true,"href":"https:\/\/districos.standingout.be\/fr\/wp-json\/wp\/v2\/product_brand?post=135355"},{"taxonomy":"product_cat","embeddable":true,"href":"https:\/\/districos.standingout.be\/fr\/wp-json\/wp\/v2\/product_cat?post=135355"},{"taxonomy":"product_tag","embeddable":true,"href":"https:\/\/districos.standingout.be\/fr\/wp-json\/wp\/v2\/product_tag?post=135355"}],"curies":[{"name":"wp","href":"https:\/\/api.w.org\/{rel}","templated":true}]}}