{"id":135363,"date":"2026-04-28T04:45:25","date_gmt":"2026-04-28T02:45:25","guid":{"rendered":"https:\/\/webshopdistricoscom.webhosting.be\/product\/gelish-harmony-perfetto-nail-forms-transparents-300-pcs-ref-6012-081\/"},"modified":"2026-04-28T04:45:28","modified_gmt":"2026-04-28T02:45:28","slug":"gelish-harmony-perfetto-nail-forms-transparents-300-pcs-ref-6012-081","status":"publish","type":"product","link":"https:\/\/districos.standingout.be\/fr\/product\/gelish-harmony-perfetto-nail-forms-transparents-300-pcs-ref-6012-081\/","title":{"rendered":"Gelish Harmony Perfetto Nail Forms Transparents 300 pcs."},"content":{"rendered":"<p >\n<p dir=ltr>Ces chablons professionnels s\u2019adaptent parfaitement aux ongles gr\u00e2ce \u00e0 leur fort pouvoir adh\u00e9sif. Ils ont des \u2018ailes\u2019 utiles qui peuvent \u00eatre referm\u00e9es autour des ongles et s\u2019adaptent parfaitement, ce qui cr\u00e9e une forte courbe C dans votre allongement. Id\u00e9als pour des allongements plus longs.<\/p>\n<p> Disponibles en version color\u00e9e ou transparente (id\u00e9al pour des allongements avec une couche de cover gel ou de PolyGEL\u2122). <\/p>\n<p> Contenu : rouleau de 300 pcs.<\/p><\/p>\n","protected":false},"excerpt":{"rendered":"<p>Ces chablons professionnels s\u2019adaptent parfaitement aux ongles gr\u00e2ce \u00e0 leur fort pouvoir adh\u00e9sif. Ils ont des \u2018ailes\u2019 utiles qui peuvent \u00eatre referm\u00e9es autour des ongles et s\u2019adaptent parfaitement, ce qui cr\u00e9e une forte courbe C dans votre allongement. Id\u00e9als pour des allongements plus longs. Disponibles en version color\u00e9e ou transparente (id\u00e9al pour des allongements avec [&hellip;]<\/p>\n","protected":false},"featured_media":106649,"comment_status":"open","ping_status":"closed","template":"","meta":{"_acf_changed":false},"product_brand":[10410],"product_cat":[10172,9896],"product_tag":[],"class_list":{"0":"post-135363","1":"product","2":"type-product","3":"status-publish","4":"has-post-thumbnail","6":"product_brand-gelish-fr","7":"product_cat-fournitures-pour-cabinet-accessoires-accessoires-manucure","8":"product_cat-beaute-manucure-ongles-gel-gel-polish","10":"first","11":"instock","12":"taxable","13":"shipping-taxable","14":"product-type-simple"},"acf":[],"yoast_head":"<!-- This site is optimized with the Yoast SEO plugin v27.3 - https:\/\/yoast.com\/product\/yoast-seo-wordpress\/ -->\n<title>Gelish Harmony Perfetto Nail Forms Transparents 300 pcs. - Districos Webshop<\/title>\n<meta name=\"robots\" content=\"noindex, follow, max-snippet:-1, max-image-preview:large, max-video-preview:-1\" \/>\n<meta property=\"og:locale\" content=\"fr_FR\" \/>\n<meta property=\"og:type\" content=\"article\" \/>\n<meta property=\"og:title\" content=\"Gelish Harmony Perfetto Nail Forms Transparents 300 pcs. - Districos Webshop\" \/>\n<meta property=\"og:description\" content=\"Ces chablons professionnels s\u2019adaptent parfaitement aux ongles gr\u00e2ce \u00e0 leur fort pouvoir adh\u00e9sif. Ils ont des \u2018ailes\u2019 utiles qui peuvent \u00eatre referm\u00e9es autour des ongles et s\u2019adaptent parfaitement, ce qui cr\u00e9e une forte courbe C dans votre allongement. Id\u00e9als pour des allongements plus longs. Disponibles en version color\u00e9e ou transparente (id\u00e9al pour des allongements avec [&hellip;]\" \/>\n<meta property=\"og:url\" content=\"https:\/\/districos.standingout.be\/fr\/product\/gelish-harmony-perfetto-nail-forms-transparents-300-pcs-ref-6012-081\/\" \/>\n<meta property=\"og:site_name\" content=\"Districos Webshop\" \/>\n<meta property=\"article:modified_time\" content=\"2026-04-28T02:45:28+00:00\" \/>\n<meta property=\"og:image\" content=\"https:\/\/districos.standingout.be\/wp-content\/uploads\/2026\/02\/6012.081@LowRes_1_0.png\" \/>\n\t<meta property=\"og:image:width\" content=\"600\" \/>\n\t<meta property=\"og:image:height\" content=\"600\" \/>\n\t<meta property=\"og:image:type\" content=\"image\/png\" \/>\n<meta name=\"twitter:card\" content=\"summary_large_image\" \/>\n<script type=\"application\/ld+json\" class=\"yoast-schema-graph\">{\"@context\":\"https:\\\/\\\/schema.org\",\"@graph\":[{\"@type\":\"WebPage\",\"@id\":\"https:\\\/\\\/districos.standingout.be\\\/fr\\\/product\\\/gelish-harmony-perfetto-nail-forms-transparents-300-pcs-ref-6012-081\\\/\",\"url\":\"https:\\\/\\\/districos.standingout.be\\\/fr\\\/product\\\/gelish-harmony-perfetto-nail-forms-transparents-300-pcs-ref-6012-081\\\/\",\"name\":\"Gelish Harmony Perfetto Nail Forms Transparents 300 pcs. - Districos Webshop\",\"isPartOf\":{\"@id\":\"https:\\\/\\\/districos.standingout.be\\\/fr\\\/#website\"},\"primaryImageOfPage\":{\"@id\":\"https:\\\/\\\/districos.standingout.be\\\/fr\\\/product\\\/gelish-harmony-perfetto-nail-forms-transparents-300-pcs-ref-6012-081\\\/#primaryimage\"},\"image\":{\"@id\":\"https:\\\/\\\/districos.standingout.be\\\/fr\\\/product\\\/gelish-harmony-perfetto-nail-forms-transparents-300-pcs-ref-6012-081\\\/#primaryimage\"},\"thumbnailUrl\":\"https:\\\/\\\/districos.standingout.be\\\/wp-content\\\/uploads\\\/2026\\\/02\\\/6012.081@LowRes_1_0.png\",\"datePublished\":\"2026-04-28T02:45:25+00:00\",\"dateModified\":\"2026-04-28T02:45:28+00:00\",\"breadcrumb\":{\"@id\":\"https:\\\/\\\/districos.standingout.be\\\/fr\\\/product\\\/gelish-harmony-perfetto-nail-forms-transparents-300-pcs-ref-6012-081\\\/#breadcrumb\"},\"inLanguage\":\"fr-FR\",\"potentialAction\":[{\"@type\":\"ReadAction\",\"target\":[\"https:\\\/\\\/districos.standingout.be\\\/fr\\\/product\\\/gelish-harmony-perfetto-nail-forms-transparents-300-pcs-ref-6012-081\\\/\"]}]},{\"@type\":\"ImageObject\",\"inLanguage\":\"fr-FR\",\"@id\":\"https:\\\/\\\/districos.standingout.be\\\/fr\\\/product\\\/gelish-harmony-perfetto-nail-forms-transparents-300-pcs-ref-6012-081\\\/#primaryimage\",\"url\":\"https:\\\/\\\/districos.standingout.be\\\/wp-content\\\/uploads\\\/2026\\\/02\\\/6012.081@LowRes_1_0.png\",\"contentUrl\":\"https:\\\/\\\/districos.standingout.be\\\/wp-content\\\/uploads\\\/2026\\\/02\\\/6012.081@LowRes_1_0.png\",\"width\":600,\"height\":600},{\"@type\":\"BreadcrumbList\",\"@id\":\"https:\\\/\\\/districos.standingout.be\\\/fr\\\/product\\\/gelish-harmony-perfetto-nail-forms-transparents-300-pcs-ref-6012-081\\\/#breadcrumb\",\"itemListElement\":[{\"@type\":\"ListItem\",\"position\":1,\"name\":\"Home\",\"item\":\"https:\\\/\\\/districos.standingout.be\\\/fr\\\/bienvenue-chez-districos\\\/\"},{\"@type\":\"ListItem\",\"position\":2,\"name\":\"Boutique\",\"item\":\"https:\\\/\\\/districos.standingout.be\\\/fr\\\/boutique\\\/\"},{\"@type\":\"ListItem\",\"position\":3,\"name\":\"Gelish Harmony Perfetto Nail Forms Transparents 300 pcs.\"}]},{\"@type\":\"WebSite\",\"@id\":\"https:\\\/\\\/districos.standingout.be\\\/fr\\\/#website\",\"url\":\"https:\\\/\\\/districos.standingout.be\\\/fr\\\/\",\"name\":\"Districos Webshop\",\"description\":\"\",\"publisher\":{\"@id\":\"https:\\\/\\\/districos.standingout.be\\\/fr\\\/#organization\"},\"potentialAction\":[{\"@type\":\"SearchAction\",\"target\":{\"@type\":\"EntryPoint\",\"urlTemplate\":\"https:\\\/\\\/districos.standingout.be\\\/fr\\\/?s={search_term_string}\"},\"query-input\":{\"@type\":\"PropertyValueSpecification\",\"valueRequired\":true,\"valueName\":\"search_term_string\"}}],\"inLanguage\":\"fr-FR\"},{\"@type\":\"Organization\",\"@id\":\"https:\\\/\\\/districos.standingout.be\\\/fr\\\/#organization\",\"name\":\"Districos Webshop\",\"url\":\"https:\\\/\\\/districos.standingout.be\\\/fr\\\/\",\"logo\":{\"@type\":\"ImageObject\",\"inLanguage\":\"fr-FR\",\"@id\":\"https:\\\/\\\/districos.standingout.be\\\/fr\\\/#\\\/schema\\\/logo\\\/image\\\/\",\"url\":\"https:\\\/\\\/districos.standingout.be\\\/wp-content\\\/uploads\\\/2022\\\/09\\\/Districos_Logo_Webshop.svg\",\"contentUrl\":\"https:\\\/\\\/districos.standingout.be\\\/wp-content\\\/uploads\\\/2022\\\/09\\\/Districos_Logo_Webshop.svg\",\"caption\":\"Districos Webshop\"},\"image\":{\"@id\":\"https:\\\/\\\/districos.standingout.be\\\/fr\\\/#\\\/schema\\\/logo\\\/image\\\/\"}}]}<\/script>\n<!-- \/ Yoast SEO plugin. -->","yoast_head_json":{"title":"Gelish Harmony Perfetto Nail Forms Transparents 300 pcs. - Districos Webshop","robots":{"index":"noindex","follow":"follow","max-snippet":"max-snippet:-1","max-image-preview":"max-image-preview:large","max-video-preview":"max-video-preview:-1"},"og_locale":"fr_FR","og_type":"article","og_title":"Gelish Harmony Perfetto Nail Forms Transparents 300 pcs. - Districos Webshop","og_description":"Ces chablons professionnels s\u2019adaptent parfaitement aux ongles gr\u00e2ce \u00e0 leur fort pouvoir adh\u00e9sif. Ils ont des \u2018ailes\u2019 utiles qui peuvent \u00eatre referm\u00e9es autour des ongles et s\u2019adaptent parfaitement, ce qui cr\u00e9e une forte courbe C dans votre allongement. Id\u00e9als pour des allongements plus longs. Disponibles en version color\u00e9e ou transparente (id\u00e9al pour des allongements avec [&hellip;]","og_url":"https:\/\/districos.standingout.be\/fr\/product\/gelish-harmony-perfetto-nail-forms-transparents-300-pcs-ref-6012-081\/","og_site_name":"Districos Webshop","article_modified_time":"2026-04-28T02:45:28+00:00","og_image":[{"width":600,"height":600,"url":"https:\/\/districos.standingout.be\/wp-content\/uploads\/2026\/02\/6012.081@LowRes_1_0.png","type":"image\/png"}],"twitter_card":"summary_large_image","schema":{"@context":"https:\/\/schema.org","@graph":[{"@type":"WebPage","@id":"https:\/\/districos.standingout.be\/fr\/product\/gelish-harmony-perfetto-nail-forms-transparents-300-pcs-ref-6012-081\/","url":"https:\/\/districos.standingout.be\/fr\/product\/gelish-harmony-perfetto-nail-forms-transparents-300-pcs-ref-6012-081\/","name":"Gelish Harmony Perfetto Nail Forms Transparents 300 pcs. - Districos Webshop","isPartOf":{"@id":"https:\/\/districos.standingout.be\/fr\/#website"},"primaryImageOfPage":{"@id":"https:\/\/districos.standingout.be\/fr\/product\/gelish-harmony-perfetto-nail-forms-transparents-300-pcs-ref-6012-081\/#primaryimage"},"image":{"@id":"https:\/\/districos.standingout.be\/fr\/product\/gelish-harmony-perfetto-nail-forms-transparents-300-pcs-ref-6012-081\/#primaryimage"},"thumbnailUrl":"https:\/\/districos.standingout.be\/wp-content\/uploads\/2026\/02\/6012.081@LowRes_1_0.png","datePublished":"2026-04-28T02:45:25+00:00","dateModified":"2026-04-28T02:45:28+00:00","breadcrumb":{"@id":"https:\/\/districos.standingout.be\/fr\/product\/gelish-harmony-perfetto-nail-forms-transparents-300-pcs-ref-6012-081\/#breadcrumb"},"inLanguage":"fr-FR","potentialAction":[{"@type":"ReadAction","target":["https:\/\/districos.standingout.be\/fr\/product\/gelish-harmony-perfetto-nail-forms-transparents-300-pcs-ref-6012-081\/"]}]},{"@type":"ImageObject","inLanguage":"fr-FR","@id":"https:\/\/districos.standingout.be\/fr\/product\/gelish-harmony-perfetto-nail-forms-transparents-300-pcs-ref-6012-081\/#primaryimage","url":"https:\/\/districos.standingout.be\/wp-content\/uploads\/2026\/02\/6012.081@LowRes_1_0.png","contentUrl":"https:\/\/districos.standingout.be\/wp-content\/uploads\/2026\/02\/6012.081@LowRes_1_0.png","width":600,"height":600},{"@type":"BreadcrumbList","@id":"https:\/\/districos.standingout.be\/fr\/product\/gelish-harmony-perfetto-nail-forms-transparents-300-pcs-ref-6012-081\/#breadcrumb","itemListElement":[{"@type":"ListItem","position":1,"name":"Home","item":"https:\/\/districos.standingout.be\/fr\/bienvenue-chez-districos\/"},{"@type":"ListItem","position":2,"name":"Boutique","item":"https:\/\/districos.standingout.be\/fr\/boutique\/"},{"@type":"ListItem","position":3,"name":"Gelish Harmony Perfetto Nail Forms Transparents 300 pcs."}]},{"@type":"WebSite","@id":"https:\/\/districos.standingout.be\/fr\/#website","url":"https:\/\/districos.standingout.be\/fr\/","name":"Districos Webshop","description":"","publisher":{"@id":"https:\/\/districos.standingout.be\/fr\/#organization"},"potentialAction":[{"@type":"SearchAction","target":{"@type":"EntryPoint","urlTemplate":"https:\/\/districos.standingout.be\/fr\/?s={search_term_string}"},"query-input":{"@type":"PropertyValueSpecification","valueRequired":true,"valueName":"search_term_string"}}],"inLanguage":"fr-FR"},{"@type":"Organization","@id":"https:\/\/districos.standingout.be\/fr\/#organization","name":"Districos Webshop","url":"https:\/\/districos.standingout.be\/fr\/","logo":{"@type":"ImageObject","inLanguage":"fr-FR","@id":"https:\/\/districos.standingout.be\/fr\/#\/schema\/logo\/image\/","url":"https:\/\/districos.standingout.be\/wp-content\/uploads\/2022\/09\/Districos_Logo_Webshop.svg","contentUrl":"https:\/\/districos.standingout.be\/wp-content\/uploads\/2022\/09\/Districos_Logo_Webshop.svg","caption":"Districos Webshop"},"image":{"@id":"https:\/\/districos.standingout.be\/fr\/#\/schema\/logo\/image\/"}}]}},"_links":{"self":[{"href":"https:\/\/districos.standingout.be\/fr\/wp-json\/wp\/v2\/product\/135363","targetHints":{"allow":["GET"]}}],"collection":[{"href":"https:\/\/districos.standingout.be\/fr\/wp-json\/wp\/v2\/product"}],"about":[{"href":"https:\/\/districos.standingout.be\/fr\/wp-json\/wp\/v2\/types\/product"}],"replies":[{"embeddable":true,"href":"https:\/\/districos.standingout.be\/fr\/wp-json\/wp\/v2\/comments?post=135363"}],"wp:featuredmedia":[{"embeddable":true,"href":"https:\/\/districos.standingout.be\/fr\/wp-json\/wp\/v2\/media\/106649"}],"wp:attachment":[{"href":"https:\/\/districos.standingout.be\/fr\/wp-json\/wp\/v2\/media?parent=135363"}],"wp:term":[{"taxonomy":"product_brand","embeddable":true,"href":"https:\/\/districos.standingout.be\/fr\/wp-json\/wp\/v2\/product_brand?post=135363"},{"taxonomy":"product_cat","embeddable":true,"href":"https:\/\/districos.standingout.be\/fr\/wp-json\/wp\/v2\/product_cat?post=135363"},{"taxonomy":"product_tag","embeddable":true,"href":"https:\/\/districos.standingout.be\/fr\/wp-json\/wp\/v2\/product_tag?post=135363"}],"curies":[{"name":"wp","href":"https:\/\/api.w.org\/{rel}","templated":true}]}}