{"id":135385,"date":"2026-04-28T04:45:55","date_gmt":"2026-04-28T02:45:55","guid":{"rendered":"https:\/\/webshopdistricoscom.webhosting.be\/product\/gelish-artificial-nail-remover-120-ml-ref-6012-48-2\/"},"modified":"2026-04-28T04:45:58","modified_gmt":"2026-04-28T02:45:58","slug":"gelish-artificial-nail-remover-120-ml-ref-6012-48","status":"publish","type":"product","link":"https:\/\/districos.standingout.be\/fr\/product\/gelish-artificial-nail-remover-120-ml-ref-6012-48\/","title":{"rendered":"Gelish Artificial Nail Remover 120 ml"},"content":{"rendered":"<p >\n<p dir=ltr>Ce Soak-Off Remover a \u00e9t\u00e9 sp\u00e9cifiquement con\u00e7u pour le processus de d\u00e9pose des ongles Gelish\u00ae. Avec ce Remover, enlever un set complet ne vous prend que 10 \u00e0 12 minutes. Ce Soak Off Gel Remover contient des composants nutritifs pour soigner l\u2019ongle et la peau et pour combattre la d\u00e9shydratation. <\/p>\n<p> Emballage : flacon de 120 ml<\/p>\n<p> \u00c9galement disponible : flacon de 480 ml, flacon de 960 ml<\/p><\/p>\n","protected":false},"excerpt":{"rendered":"<p>Ce Soak-Off Remover a \u00e9t\u00e9 sp\u00e9cifiquement con\u00e7u pour le processus de d\u00e9pose des ongles Gelish\u00ae. Avec ce Remover, enlever un set complet ne vous prend que 10 \u00e0 12 minutes. Ce Soak Off Gel Remover contient des composants nutritifs pour soigner l\u2019ongle et la peau et pour combattre la d\u00e9shydratation. Emballage : flacon de 120 [&hellip;]<\/p>\n","protected":false},"featured_media":74291,"comment_status":"open","ping_status":"closed","template":"","meta":{"_acf_changed":false},"product_brand":[10410],"product_cat":[9896],"product_tag":[],"class_list":{"0":"post-135385","1":"product","2":"type-product","3":"status-publish","4":"has-post-thumbnail","6":"product_brand-gelish-fr","7":"product_cat-beaute-manucure-ongles-gel-gel-polish","9":"first","10":"outofstock","11":"taxable","12":"shipping-taxable","13":"product-type-simple"},"acf":[],"yoast_head":"<!-- This site is optimized with the Yoast SEO plugin v27.3 - https:\/\/yoast.com\/product\/yoast-seo-wordpress\/ -->\n<title>Gelish Artificial Nail Remover 120 ml - Districos Webshop<\/title>\n<meta name=\"robots\" content=\"noindex, follow, max-snippet:-1, max-image-preview:large, max-video-preview:-1\" \/>\n<meta property=\"og:locale\" content=\"fr_FR\" \/>\n<meta property=\"og:type\" content=\"article\" \/>\n<meta property=\"og:title\" content=\"Gelish Artificial Nail Remover 120 ml - Districos Webshop\" \/>\n<meta property=\"og:description\" content=\"Ce Soak-Off Remover a \u00e9t\u00e9 sp\u00e9cifiquement con\u00e7u pour le processus de d\u00e9pose des ongles Gelish\u00ae. Avec ce Remover, enlever un set complet ne vous prend que 10 \u00e0 12 minutes. Ce Soak Off Gel Remover contient des composants nutritifs pour soigner l\u2019ongle et la peau et pour combattre la d\u00e9shydratation. Emballage : flacon de 120 [&hellip;]\" \/>\n<meta property=\"og:url\" content=\"https:\/\/districos.standingout.be\/fr\/product\/gelish-artificial-nail-remover-120-ml-ref-6012-48\/\" \/>\n<meta property=\"og:site_name\" content=\"Districos Webshop\" \/>\n<meta property=\"article:modified_time\" content=\"2026-04-28T02:45:58+00:00\" \/>\n<meta property=\"og:image\" content=\"https:\/\/districos.standingout.be\/wp-content\/uploads\/2025\/07\/6012.48@LowRes_1_0.png\" \/>\n\t<meta property=\"og:image:width\" content=\"600\" \/>\n\t<meta property=\"og:image:height\" content=\"600\" \/>\n\t<meta property=\"og:image:type\" content=\"image\/png\" \/>\n<meta name=\"twitter:card\" content=\"summary_large_image\" \/>\n<script type=\"application\/ld+json\" class=\"yoast-schema-graph\">{\"@context\":\"https:\\\/\\\/schema.org\",\"@graph\":[{\"@type\":\"WebPage\",\"@id\":\"https:\\\/\\\/districos.standingout.be\\\/fr\\\/product\\\/gelish-artificial-nail-remover-120-ml-ref-6012-48\\\/\",\"url\":\"https:\\\/\\\/districos.standingout.be\\\/fr\\\/product\\\/gelish-artificial-nail-remover-120-ml-ref-6012-48\\\/\",\"name\":\"Gelish Artificial Nail Remover 120 ml - Districos Webshop\",\"isPartOf\":{\"@id\":\"https:\\\/\\\/districos.standingout.be\\\/fr\\\/#website\"},\"primaryImageOfPage\":{\"@id\":\"https:\\\/\\\/districos.standingout.be\\\/fr\\\/product\\\/gelish-artificial-nail-remover-120-ml-ref-6012-48\\\/#primaryimage\"},\"image\":{\"@id\":\"https:\\\/\\\/districos.standingout.be\\\/fr\\\/product\\\/gelish-artificial-nail-remover-120-ml-ref-6012-48\\\/#primaryimage\"},\"thumbnailUrl\":\"https:\\\/\\\/districos.standingout.be\\\/wp-content\\\/uploads\\\/2025\\\/07\\\/6012.48@LowRes_1_0.png\",\"datePublished\":\"2026-04-28T02:45:55+00:00\",\"dateModified\":\"2026-04-28T02:45:58+00:00\",\"breadcrumb\":{\"@id\":\"https:\\\/\\\/districos.standingout.be\\\/fr\\\/product\\\/gelish-artificial-nail-remover-120-ml-ref-6012-48\\\/#breadcrumb\"},\"inLanguage\":\"fr-FR\",\"potentialAction\":[{\"@type\":\"ReadAction\",\"target\":[\"https:\\\/\\\/districos.standingout.be\\\/fr\\\/product\\\/gelish-artificial-nail-remover-120-ml-ref-6012-48\\\/\"]}]},{\"@type\":\"ImageObject\",\"inLanguage\":\"fr-FR\",\"@id\":\"https:\\\/\\\/districos.standingout.be\\\/fr\\\/product\\\/gelish-artificial-nail-remover-120-ml-ref-6012-48\\\/#primaryimage\",\"url\":\"https:\\\/\\\/districos.standingout.be\\\/wp-content\\\/uploads\\\/2025\\\/07\\\/6012.48@LowRes_1_0.png\",\"contentUrl\":\"https:\\\/\\\/districos.standingout.be\\\/wp-content\\\/uploads\\\/2025\\\/07\\\/6012.48@LowRes_1_0.png\",\"width\":600,\"height\":600},{\"@type\":\"BreadcrumbList\",\"@id\":\"https:\\\/\\\/districos.standingout.be\\\/fr\\\/product\\\/gelish-artificial-nail-remover-120-ml-ref-6012-48\\\/#breadcrumb\",\"itemListElement\":[{\"@type\":\"ListItem\",\"position\":1,\"name\":\"Home\",\"item\":\"https:\\\/\\\/districos.standingout.be\\\/fr\\\/bienvenue-chez-districos\\\/\"},{\"@type\":\"ListItem\",\"position\":2,\"name\":\"Boutique\",\"item\":\"https:\\\/\\\/districos.standingout.be\\\/fr\\\/boutique\\\/\"},{\"@type\":\"ListItem\",\"position\":3,\"name\":\"Gelish Artificial Nail Remover 120 ml\"}]},{\"@type\":\"WebSite\",\"@id\":\"https:\\\/\\\/districos.standingout.be\\\/fr\\\/#website\",\"url\":\"https:\\\/\\\/districos.standingout.be\\\/fr\\\/\",\"name\":\"Districos Webshop\",\"description\":\"\",\"publisher\":{\"@id\":\"https:\\\/\\\/districos.standingout.be\\\/fr\\\/#organization\"},\"potentialAction\":[{\"@type\":\"SearchAction\",\"target\":{\"@type\":\"EntryPoint\",\"urlTemplate\":\"https:\\\/\\\/districos.standingout.be\\\/fr\\\/?s={search_term_string}\"},\"query-input\":{\"@type\":\"PropertyValueSpecification\",\"valueRequired\":true,\"valueName\":\"search_term_string\"}}],\"inLanguage\":\"fr-FR\"},{\"@type\":\"Organization\",\"@id\":\"https:\\\/\\\/districos.standingout.be\\\/fr\\\/#organization\",\"name\":\"Districos Webshop\",\"url\":\"https:\\\/\\\/districos.standingout.be\\\/fr\\\/\",\"logo\":{\"@type\":\"ImageObject\",\"inLanguage\":\"fr-FR\",\"@id\":\"https:\\\/\\\/districos.standingout.be\\\/fr\\\/#\\\/schema\\\/logo\\\/image\\\/\",\"url\":\"https:\\\/\\\/districos.standingout.be\\\/wp-content\\\/uploads\\\/2022\\\/09\\\/Districos_Logo_Webshop.svg\",\"contentUrl\":\"https:\\\/\\\/districos.standingout.be\\\/wp-content\\\/uploads\\\/2022\\\/09\\\/Districos_Logo_Webshop.svg\",\"caption\":\"Districos Webshop\"},\"image\":{\"@id\":\"https:\\\/\\\/districos.standingout.be\\\/fr\\\/#\\\/schema\\\/logo\\\/image\\\/\"}}]}<\/script>\n<!-- \/ Yoast SEO plugin. -->","yoast_head_json":{"title":"Gelish Artificial Nail Remover 120 ml - Districos Webshop","robots":{"index":"noindex","follow":"follow","max-snippet":"max-snippet:-1","max-image-preview":"max-image-preview:large","max-video-preview":"max-video-preview:-1"},"og_locale":"fr_FR","og_type":"article","og_title":"Gelish Artificial Nail Remover 120 ml - Districos Webshop","og_description":"Ce Soak-Off Remover a \u00e9t\u00e9 sp\u00e9cifiquement con\u00e7u pour le processus de d\u00e9pose des ongles Gelish\u00ae. Avec ce Remover, enlever un set complet ne vous prend que 10 \u00e0 12 minutes. Ce Soak Off Gel Remover contient des composants nutritifs pour soigner l\u2019ongle et la peau et pour combattre la d\u00e9shydratation. Emballage : flacon de 120 [&hellip;]","og_url":"https:\/\/districos.standingout.be\/fr\/product\/gelish-artificial-nail-remover-120-ml-ref-6012-48\/","og_site_name":"Districos Webshop","article_modified_time":"2026-04-28T02:45:58+00:00","og_image":[{"width":600,"height":600,"url":"https:\/\/districos.standingout.be\/wp-content\/uploads\/2025\/07\/6012.48@LowRes_1_0.png","type":"image\/png"}],"twitter_card":"summary_large_image","schema":{"@context":"https:\/\/schema.org","@graph":[{"@type":"WebPage","@id":"https:\/\/districos.standingout.be\/fr\/product\/gelish-artificial-nail-remover-120-ml-ref-6012-48\/","url":"https:\/\/districos.standingout.be\/fr\/product\/gelish-artificial-nail-remover-120-ml-ref-6012-48\/","name":"Gelish Artificial Nail Remover 120 ml - Districos Webshop","isPartOf":{"@id":"https:\/\/districos.standingout.be\/fr\/#website"},"primaryImageOfPage":{"@id":"https:\/\/districos.standingout.be\/fr\/product\/gelish-artificial-nail-remover-120-ml-ref-6012-48\/#primaryimage"},"image":{"@id":"https:\/\/districos.standingout.be\/fr\/product\/gelish-artificial-nail-remover-120-ml-ref-6012-48\/#primaryimage"},"thumbnailUrl":"https:\/\/districos.standingout.be\/wp-content\/uploads\/2025\/07\/6012.48@LowRes_1_0.png","datePublished":"2026-04-28T02:45:55+00:00","dateModified":"2026-04-28T02:45:58+00:00","breadcrumb":{"@id":"https:\/\/districos.standingout.be\/fr\/product\/gelish-artificial-nail-remover-120-ml-ref-6012-48\/#breadcrumb"},"inLanguage":"fr-FR","potentialAction":[{"@type":"ReadAction","target":["https:\/\/districos.standingout.be\/fr\/product\/gelish-artificial-nail-remover-120-ml-ref-6012-48\/"]}]},{"@type":"ImageObject","inLanguage":"fr-FR","@id":"https:\/\/districos.standingout.be\/fr\/product\/gelish-artificial-nail-remover-120-ml-ref-6012-48\/#primaryimage","url":"https:\/\/districos.standingout.be\/wp-content\/uploads\/2025\/07\/6012.48@LowRes_1_0.png","contentUrl":"https:\/\/districos.standingout.be\/wp-content\/uploads\/2025\/07\/6012.48@LowRes_1_0.png","width":600,"height":600},{"@type":"BreadcrumbList","@id":"https:\/\/districos.standingout.be\/fr\/product\/gelish-artificial-nail-remover-120-ml-ref-6012-48\/#breadcrumb","itemListElement":[{"@type":"ListItem","position":1,"name":"Home","item":"https:\/\/districos.standingout.be\/fr\/bienvenue-chez-districos\/"},{"@type":"ListItem","position":2,"name":"Boutique","item":"https:\/\/districos.standingout.be\/fr\/boutique\/"},{"@type":"ListItem","position":3,"name":"Gelish Artificial Nail Remover 120 ml"}]},{"@type":"WebSite","@id":"https:\/\/districos.standingout.be\/fr\/#website","url":"https:\/\/districos.standingout.be\/fr\/","name":"Districos Webshop","description":"","publisher":{"@id":"https:\/\/districos.standingout.be\/fr\/#organization"},"potentialAction":[{"@type":"SearchAction","target":{"@type":"EntryPoint","urlTemplate":"https:\/\/districos.standingout.be\/fr\/?s={search_term_string}"},"query-input":{"@type":"PropertyValueSpecification","valueRequired":true,"valueName":"search_term_string"}}],"inLanguage":"fr-FR"},{"@type":"Organization","@id":"https:\/\/districos.standingout.be\/fr\/#organization","name":"Districos Webshop","url":"https:\/\/districos.standingout.be\/fr\/","logo":{"@type":"ImageObject","inLanguage":"fr-FR","@id":"https:\/\/districos.standingout.be\/fr\/#\/schema\/logo\/image\/","url":"https:\/\/districos.standingout.be\/wp-content\/uploads\/2022\/09\/Districos_Logo_Webshop.svg","contentUrl":"https:\/\/districos.standingout.be\/wp-content\/uploads\/2022\/09\/Districos_Logo_Webshop.svg","caption":"Districos Webshop"},"image":{"@id":"https:\/\/districos.standingout.be\/fr\/#\/schema\/logo\/image\/"}}]}},"_links":{"self":[{"href":"https:\/\/districos.standingout.be\/fr\/wp-json\/wp\/v2\/product\/135385","targetHints":{"allow":["GET"]}}],"collection":[{"href":"https:\/\/districos.standingout.be\/fr\/wp-json\/wp\/v2\/product"}],"about":[{"href":"https:\/\/districos.standingout.be\/fr\/wp-json\/wp\/v2\/types\/product"}],"replies":[{"embeddable":true,"href":"https:\/\/districos.standingout.be\/fr\/wp-json\/wp\/v2\/comments?post=135385"}],"wp:featuredmedia":[{"embeddable":true,"href":"https:\/\/districos.standingout.be\/fr\/wp-json\/wp\/v2\/media\/74291"}],"wp:attachment":[{"href":"https:\/\/districos.standingout.be\/fr\/wp-json\/wp\/v2\/media?parent=135385"}],"wp:term":[{"taxonomy":"product_brand","embeddable":true,"href":"https:\/\/districos.standingout.be\/fr\/wp-json\/wp\/v2\/product_brand?post=135385"},{"taxonomy":"product_cat","embeddable":true,"href":"https:\/\/districos.standingout.be\/fr\/wp-json\/wp\/v2\/product_cat?post=135385"},{"taxonomy":"product_tag","embeddable":true,"href":"https:\/\/districos.standingout.be\/fr\/wp-json\/wp\/v2\/product_tag?post=135385"}],"curies":[{"name":"wp","href":"https:\/\/api.w.org\/{rel}","templated":true}]}}