{"id":135403,"date":"2026-04-28T04:50:44","date_gmt":"2026-04-28T02:50:44","guid":{"rendered":"https:\/\/webshopdistricoscom.webhosting.be\/product\/gelish-plaque-du-bas-detachable-pour-led-gel-light-18g-plus-ref-6013-0411\/"},"modified":"2026-04-28T04:50:46","modified_gmt":"2026-04-28T02:50:46","slug":"gelish-plaque-du-bas-detachable-pour-led-gel-light-18g-plus-ref-6013-0411","status":"publish","type":"product","link":"https:\/\/districos.standingout.be\/fr\/product\/gelish-plaque-du-bas-detachable-pour-led-gel-light-18g-plus-ref-6013-0411\/","title":{"rendered":"Gelish Plaque du Bas D\u00e9tachable pour LED Gel Light 18G PLUS"},"content":{"rendered":"<p >\n<p dir=\"ltr\"><font size=\"3\"><font face=\"Times New Roman\">Plaque du bas d\u00e9tachable pour Power LED 18G PLUS (<a href=\"https:\/\/www.districos.com\/ProductDetail\/6013.041\" target=\"_blank\" rel=\"noopener noreferrer nofollow\"><font color=\"#0004ff\">r\u00e9f. : 6013.041<\/font><\/a>)<\/font><\/font><\/p>\n<ul>\n<li><font size=\"3\"><font face=\"Times New Roman\">Interchangeable pour la d\u00e9sinfection apr\u00e8s chaque client(e)<\/font><\/font><\/li>\n<li><font size=\"3\"><font face=\"Times New Roman\">Refl\u00e8te la lumi\u00e8re du Power LED pour une exposition maximale et efficace<\/font><\/font><\/li>\n<li><font size=\"3\"><font face=\"Times New Roman\">Magn\u00e9tique pour un remplacement rapide et facile<\/font><\/font><\/li>\n<li><font size=\"3\"><font face=\"Times New Roman\">Avec arr\u00eat des doigts pour un positionnement facile des doigts<\/font><\/font><\/li>\n<li><font size=\"3\"><font face=\"Times New Roman\">R\u00e9sistante \u00e0 l\u2019ac\u00e9tone<\/font><\/font><\/li>\n<li><font size=\"3\"><font face=\"Times New Roman\">Acier inoxydable<\/font><\/font><\/li>\n<\/ul>\n<p dir=\"ltr\"><font size=\"3\"><font face=\"Times New Roman\">Emballage : 1 pi\u00e8ce<\/font><\/font><\/p>\n<\/p>\n<div><\/div>\n","protected":false},"excerpt":{"rendered":"<p>Plaque du bas d\u00e9tachable pour Power LED 18G PLUS (r\u00e9f. : 6013.041) Interchangeable pour la d\u00e9sinfection apr\u00e8s chaque client(e) Refl\u00e8te la lumi\u00e8re du Power LED pour une exposition maximale et efficace Magn\u00e9tique pour un remplacement rapide et facile Avec arr\u00eat des doigts pour un positionnement facile des doigts R\u00e9sistante \u00e0 l\u2019ac\u00e9tone Acier inoxydable Emballage : [&hellip;]<\/p>\n","protected":false},"featured_media":145612,"comment_status":"open","ping_status":"closed","template":"","meta":{"_acf_changed":false},"product_brand":[10410],"product_cat":[10271,10092],"product_tag":[],"class_list":{"0":"post-135403","1":"product","2":"type-product","3":"status-publish","4":"has-post-thumbnail","6":"product_brand-gelish-fr","7":"product_cat-beaute-manucure-ongles-equipement","8":"product_cat-amenagement-equipement-manucure","10":"first","11":"outofstock","12":"taxable","13":"shipping-taxable","14":"product-type-simple"},"acf":[],"yoast_head":"<!-- This site is optimized with the Yoast SEO plugin v27.3 - https:\/\/yoast.com\/product\/yoast-seo-wordpress\/ -->\n<title>Gelish Plaque du Bas D\u00e9tachable pour LED Gel Light 18G PLUS - Districos Webshop<\/title>\n<meta name=\"robots\" content=\"noindex, follow, max-snippet:-1, max-image-preview:large, max-video-preview:-1\" \/>\n<meta property=\"og:locale\" content=\"fr_FR\" \/>\n<meta property=\"og:type\" content=\"article\" \/>\n<meta property=\"og:title\" content=\"Gelish Plaque du Bas D\u00e9tachable pour LED Gel Light 18G PLUS - Districos Webshop\" \/>\n<meta property=\"og:description\" content=\"Plaque du bas d\u00e9tachable pour Power LED 18G PLUS (r\u00e9f. : 6013.041) Interchangeable pour la d\u00e9sinfection apr\u00e8s chaque client(e) Refl\u00e8te la lumi\u00e8re du Power LED pour une exposition maximale et efficace Magn\u00e9tique pour un remplacement rapide et facile Avec arr\u00eat des doigts pour un positionnement facile des doigts R\u00e9sistante \u00e0 l\u2019ac\u00e9tone Acier inoxydable Emballage : [&hellip;]\" \/>\n<meta property=\"og:url\" content=\"https:\/\/districos.standingout.be\/fr\/product\/gelish-plaque-du-bas-detachable-pour-led-gel-light-18g-plus-ref-6013-0411\/\" \/>\n<meta property=\"og:site_name\" content=\"Districos Webshop\" \/>\n<meta property=\"article:modified_time\" content=\"2026-04-28T02:50:46+00:00\" \/>\n<meta property=\"og:image\" content=\"https:\/\/districos.standingout.be\/wp-content\/uploads\/2026\/04\/6013.0411@Gelish-Verwijderbare-Bodemplaat-voor-LED-Gel-Light-18G-PLUS_1-2.png\" \/>\n\t<meta property=\"og:image:width\" content=\"600\" \/>\n\t<meta property=\"og:image:height\" content=\"600\" \/>\n\t<meta property=\"og:image:type\" content=\"image\/png\" \/>\n<meta name=\"twitter:card\" content=\"summary_large_image\" \/>\n<script type=\"application\/ld+json\" class=\"yoast-schema-graph\">{\"@context\":\"https:\\\/\\\/schema.org\",\"@graph\":[{\"@type\":\"WebPage\",\"@id\":\"https:\\\/\\\/districos.standingout.be\\\/fr\\\/product\\\/gelish-plaque-du-bas-detachable-pour-led-gel-light-18g-plus-ref-6013-0411\\\/\",\"url\":\"https:\\\/\\\/districos.standingout.be\\\/fr\\\/product\\\/gelish-plaque-du-bas-detachable-pour-led-gel-light-18g-plus-ref-6013-0411\\\/\",\"name\":\"Gelish Plaque du Bas D\u00e9tachable pour LED Gel Light 18G PLUS - Districos Webshop\",\"isPartOf\":{\"@id\":\"https:\\\/\\\/districos.standingout.be\\\/fr\\\/#website\"},\"primaryImageOfPage\":{\"@id\":\"https:\\\/\\\/districos.standingout.be\\\/fr\\\/product\\\/gelish-plaque-du-bas-detachable-pour-led-gel-light-18g-plus-ref-6013-0411\\\/#primaryimage\"},\"image\":{\"@id\":\"https:\\\/\\\/districos.standingout.be\\\/fr\\\/product\\\/gelish-plaque-du-bas-detachable-pour-led-gel-light-18g-plus-ref-6013-0411\\\/#primaryimage\"},\"thumbnailUrl\":\"https:\\\/\\\/districos.standingout.be\\\/wp-content\\\/uploads\\\/2026\\\/04\\\/6013.0411@Gelish-Verwijderbare-Bodemplaat-voor-LED-Gel-Light-18G-PLUS_1-3.png\",\"datePublished\":\"2026-04-28T02:50:44+00:00\",\"dateModified\":\"2026-04-28T02:50:46+00:00\",\"breadcrumb\":{\"@id\":\"https:\\\/\\\/districos.standingout.be\\\/fr\\\/product\\\/gelish-plaque-du-bas-detachable-pour-led-gel-light-18g-plus-ref-6013-0411\\\/#breadcrumb\"},\"inLanguage\":\"fr-FR\",\"potentialAction\":[{\"@type\":\"ReadAction\",\"target\":[\"https:\\\/\\\/districos.standingout.be\\\/fr\\\/product\\\/gelish-plaque-du-bas-detachable-pour-led-gel-light-18g-plus-ref-6013-0411\\\/\"]}]},{\"@type\":\"ImageObject\",\"inLanguage\":\"fr-FR\",\"@id\":\"https:\\\/\\\/districos.standingout.be\\\/fr\\\/product\\\/gelish-plaque-du-bas-detachable-pour-led-gel-light-18g-plus-ref-6013-0411\\\/#primaryimage\",\"url\":\"https:\\\/\\\/districos.standingout.be\\\/wp-content\\\/uploads\\\/2026\\\/04\\\/6013.0411@Gelish-Verwijderbare-Bodemplaat-voor-LED-Gel-Light-18G-PLUS_1-3.png\",\"contentUrl\":\"https:\\\/\\\/districos.standingout.be\\\/wp-content\\\/uploads\\\/2026\\\/04\\\/6013.0411@Gelish-Verwijderbare-Bodemplaat-voor-LED-Gel-Light-18G-PLUS_1-3.png\",\"width\":600,\"height\":600},{\"@type\":\"BreadcrumbList\",\"@id\":\"https:\\\/\\\/districos.standingout.be\\\/fr\\\/product\\\/gelish-plaque-du-bas-detachable-pour-led-gel-light-18g-plus-ref-6013-0411\\\/#breadcrumb\",\"itemListElement\":[{\"@type\":\"ListItem\",\"position\":1,\"name\":\"Home\",\"item\":\"https:\\\/\\\/districos.standingout.be\\\/fr\\\/bienvenue-chez-districos\\\/\"},{\"@type\":\"ListItem\",\"position\":2,\"name\":\"Boutique\",\"item\":\"https:\\\/\\\/districos.standingout.be\\\/fr\\\/boutique\\\/\"},{\"@type\":\"ListItem\",\"position\":3,\"name\":\"Gelish Plaque du Bas D\u00e9tachable pour LED Gel Light 18G PLUS\"}]},{\"@type\":\"WebSite\",\"@id\":\"https:\\\/\\\/districos.standingout.be\\\/fr\\\/#website\",\"url\":\"https:\\\/\\\/districos.standingout.be\\\/fr\\\/\",\"name\":\"Districos Webshop\",\"description\":\"\",\"publisher\":{\"@id\":\"https:\\\/\\\/districos.standingout.be\\\/fr\\\/#organization\"},\"potentialAction\":[{\"@type\":\"SearchAction\",\"target\":{\"@type\":\"EntryPoint\",\"urlTemplate\":\"https:\\\/\\\/districos.standingout.be\\\/fr\\\/?s={search_term_string}\"},\"query-input\":{\"@type\":\"PropertyValueSpecification\",\"valueRequired\":true,\"valueName\":\"search_term_string\"}}],\"inLanguage\":\"fr-FR\"},{\"@type\":\"Organization\",\"@id\":\"https:\\\/\\\/districos.standingout.be\\\/fr\\\/#organization\",\"name\":\"Districos Webshop\",\"url\":\"https:\\\/\\\/districos.standingout.be\\\/fr\\\/\",\"logo\":{\"@type\":\"ImageObject\",\"inLanguage\":\"fr-FR\",\"@id\":\"https:\\\/\\\/districos.standingout.be\\\/fr\\\/#\\\/schema\\\/logo\\\/image\\\/\",\"url\":\"https:\\\/\\\/districos.standingout.be\\\/wp-content\\\/uploads\\\/2022\\\/09\\\/Districos_Logo_Webshop.svg\",\"contentUrl\":\"https:\\\/\\\/districos.standingout.be\\\/wp-content\\\/uploads\\\/2022\\\/09\\\/Districos_Logo_Webshop.svg\",\"caption\":\"Districos Webshop\"},\"image\":{\"@id\":\"https:\\\/\\\/districos.standingout.be\\\/fr\\\/#\\\/schema\\\/logo\\\/image\\\/\"}}]}<\/script>\n<!-- \/ Yoast SEO plugin. -->","yoast_head_json":{"title":"Gelish Plaque du Bas D\u00e9tachable pour LED Gel Light 18G PLUS - Districos Webshop","robots":{"index":"noindex","follow":"follow","max-snippet":"max-snippet:-1","max-image-preview":"max-image-preview:large","max-video-preview":"max-video-preview:-1"},"og_locale":"fr_FR","og_type":"article","og_title":"Gelish Plaque du Bas D\u00e9tachable pour LED Gel Light 18G PLUS - Districos Webshop","og_description":"Plaque du bas d\u00e9tachable pour Power LED 18G PLUS (r\u00e9f. : 6013.041) Interchangeable pour la d\u00e9sinfection apr\u00e8s chaque client(e) Refl\u00e8te la lumi\u00e8re du Power LED pour une exposition maximale et efficace Magn\u00e9tique pour un remplacement rapide et facile Avec arr\u00eat des doigts pour un positionnement facile des doigts R\u00e9sistante \u00e0 l\u2019ac\u00e9tone Acier inoxydable Emballage : [&hellip;]","og_url":"https:\/\/districos.standingout.be\/fr\/product\/gelish-plaque-du-bas-detachable-pour-led-gel-light-18g-plus-ref-6013-0411\/","og_site_name":"Districos Webshop","article_modified_time":"2026-04-28T02:50:46+00:00","og_image":[{"width":600,"height":600,"url":"https:\/\/districos.standingout.be\/wp-content\/uploads\/2026\/04\/6013.0411@Gelish-Verwijderbare-Bodemplaat-voor-LED-Gel-Light-18G-PLUS_1-2.png","type":"image\/png"}],"twitter_card":"summary_large_image","schema":{"@context":"https:\/\/schema.org","@graph":[{"@type":"WebPage","@id":"https:\/\/districos.standingout.be\/fr\/product\/gelish-plaque-du-bas-detachable-pour-led-gel-light-18g-plus-ref-6013-0411\/","url":"https:\/\/districos.standingout.be\/fr\/product\/gelish-plaque-du-bas-detachable-pour-led-gel-light-18g-plus-ref-6013-0411\/","name":"Gelish Plaque du Bas D\u00e9tachable pour LED Gel Light 18G PLUS - Districos Webshop","isPartOf":{"@id":"https:\/\/districos.standingout.be\/fr\/#website"},"primaryImageOfPage":{"@id":"https:\/\/districos.standingout.be\/fr\/product\/gelish-plaque-du-bas-detachable-pour-led-gel-light-18g-plus-ref-6013-0411\/#primaryimage"},"image":{"@id":"https:\/\/districos.standingout.be\/fr\/product\/gelish-plaque-du-bas-detachable-pour-led-gel-light-18g-plus-ref-6013-0411\/#primaryimage"},"thumbnailUrl":"https:\/\/districos.standingout.be\/wp-content\/uploads\/2026\/04\/6013.0411@Gelish-Verwijderbare-Bodemplaat-voor-LED-Gel-Light-18G-PLUS_1-3.png","datePublished":"2026-04-28T02:50:44+00:00","dateModified":"2026-04-28T02:50:46+00:00","breadcrumb":{"@id":"https:\/\/districos.standingout.be\/fr\/product\/gelish-plaque-du-bas-detachable-pour-led-gel-light-18g-plus-ref-6013-0411\/#breadcrumb"},"inLanguage":"fr-FR","potentialAction":[{"@type":"ReadAction","target":["https:\/\/districos.standingout.be\/fr\/product\/gelish-plaque-du-bas-detachable-pour-led-gel-light-18g-plus-ref-6013-0411\/"]}]},{"@type":"ImageObject","inLanguage":"fr-FR","@id":"https:\/\/districos.standingout.be\/fr\/product\/gelish-plaque-du-bas-detachable-pour-led-gel-light-18g-plus-ref-6013-0411\/#primaryimage","url":"https:\/\/districos.standingout.be\/wp-content\/uploads\/2026\/04\/6013.0411@Gelish-Verwijderbare-Bodemplaat-voor-LED-Gel-Light-18G-PLUS_1-3.png","contentUrl":"https:\/\/districos.standingout.be\/wp-content\/uploads\/2026\/04\/6013.0411@Gelish-Verwijderbare-Bodemplaat-voor-LED-Gel-Light-18G-PLUS_1-3.png","width":600,"height":600},{"@type":"BreadcrumbList","@id":"https:\/\/districos.standingout.be\/fr\/product\/gelish-plaque-du-bas-detachable-pour-led-gel-light-18g-plus-ref-6013-0411\/#breadcrumb","itemListElement":[{"@type":"ListItem","position":1,"name":"Home","item":"https:\/\/districos.standingout.be\/fr\/bienvenue-chez-districos\/"},{"@type":"ListItem","position":2,"name":"Boutique","item":"https:\/\/districos.standingout.be\/fr\/boutique\/"},{"@type":"ListItem","position":3,"name":"Gelish Plaque du Bas D\u00e9tachable pour LED Gel Light 18G PLUS"}]},{"@type":"WebSite","@id":"https:\/\/districos.standingout.be\/fr\/#website","url":"https:\/\/districos.standingout.be\/fr\/","name":"Districos Webshop","description":"","publisher":{"@id":"https:\/\/districos.standingout.be\/fr\/#organization"},"potentialAction":[{"@type":"SearchAction","target":{"@type":"EntryPoint","urlTemplate":"https:\/\/districos.standingout.be\/fr\/?s={search_term_string}"},"query-input":{"@type":"PropertyValueSpecification","valueRequired":true,"valueName":"search_term_string"}}],"inLanguage":"fr-FR"},{"@type":"Organization","@id":"https:\/\/districos.standingout.be\/fr\/#organization","name":"Districos Webshop","url":"https:\/\/districos.standingout.be\/fr\/","logo":{"@type":"ImageObject","inLanguage":"fr-FR","@id":"https:\/\/districos.standingout.be\/fr\/#\/schema\/logo\/image\/","url":"https:\/\/districos.standingout.be\/wp-content\/uploads\/2022\/09\/Districos_Logo_Webshop.svg","contentUrl":"https:\/\/districos.standingout.be\/wp-content\/uploads\/2022\/09\/Districos_Logo_Webshop.svg","caption":"Districos Webshop"},"image":{"@id":"https:\/\/districos.standingout.be\/fr\/#\/schema\/logo\/image\/"}}]}},"_links":{"self":[{"href":"https:\/\/districos.standingout.be\/fr\/wp-json\/wp\/v2\/product\/135403","targetHints":{"allow":["GET"]}}],"collection":[{"href":"https:\/\/districos.standingout.be\/fr\/wp-json\/wp\/v2\/product"}],"about":[{"href":"https:\/\/districos.standingout.be\/fr\/wp-json\/wp\/v2\/types\/product"}],"replies":[{"embeddable":true,"href":"https:\/\/districos.standingout.be\/fr\/wp-json\/wp\/v2\/comments?post=135403"}],"wp:featuredmedia":[{"embeddable":true,"href":"https:\/\/districos.standingout.be\/fr\/wp-json\/wp\/v2\/media\/145612"}],"wp:attachment":[{"href":"https:\/\/districos.standingout.be\/fr\/wp-json\/wp\/v2\/media?parent=135403"}],"wp:term":[{"taxonomy":"product_brand","embeddable":true,"href":"https:\/\/districos.standingout.be\/fr\/wp-json\/wp\/v2\/product_brand?post=135403"},{"taxonomy":"product_cat","embeddable":true,"href":"https:\/\/districos.standingout.be\/fr\/wp-json\/wp\/v2\/product_cat?post=135403"},{"taxonomy":"product_tag","embeddable":true,"href":"https:\/\/districos.standingout.be\/fr\/wp-json\/wp\/v2\/product_tag?post=135403"}],"curies":[{"name":"wp","href":"https:\/\/api.w.org\/{rel}","templated":true}]}}