{"id":135409,"date":"2026-04-28T04:55:28","date_gmt":"2026-04-28T02:55:28","guid":{"rendered":"https:\/\/webshopdistricoscom.webhosting.be\/product\/presentoir-gelish-lace-is-more-6-x-15-ml-ref-6013-080\/"},"modified":"2026-04-28T04:55:30","modified_gmt":"2026-04-28T02:55:30","slug":"presentoir-gelish-lace-is-more-6-x-15-ml-ref-6013-080","status":"publish","type":"product","link":"https:\/\/districos.standingout.be\/fr\/product\/presentoir-gelish-lace-is-more-6-x-15-ml-ref-6013-080\/","title":{"rendered":"Pr\u00e9sentoir Gelish Lace is More 6 x 15 ml"},"content":{"rendered":"<p >\n<\/p>\n<\/p>\n<\/p>\n<\/p>\n<\/p>\n<\/p>\n<\/p>\n<\/p>\n<\/p>\n<p><b><span lang=\"FR-BE\">D\u00e9couvrez cette collection de printemps magnifique&nbsp;\u00ab&nbsp;Lace is More&nbsp;\u00bb 2024<\/span><\/b><\/p>\n<p><span lang=\"FR-BE\">Laissez-vous s\u00e9duire par cette collection de printemps \u00e9dition limit\u00e9e de Gelish. Le Gelish Soak-Off Gel Polish s&rsquo;applique comme un vernis \u00e0 ongles, mais polym\u00e9rise sous une lampe comme un gel.&nbsp;Une pose compl\u00e8te en institut ne vous prendra que 45 minutes et les couleurs restent sur les ongles jusqu&rsquo;\u00e0 3 semaines sans s&rsquo;\u00e9cailler. Ces produits peuvent \u00eatre d\u00e9pos\u00e9s compl\u00e8tement en seulement 10 \u00e0 15 minutes.<o:p><\/o:p><\/span><\/p>\n<p><b><span lang=\"FR-BE\">Contenu (aussi disponible s\u00e9par\u00e9ment)<o:p><\/o:p><\/span><\/b><\/p>\n<ul type=\"disc\">\n<li><span lang=\"FR-BE\">1 x Gelish Lace is More Freshly Cut 15 ml (r\u00e9f.&nbsp;<a href=\"https:\/\/webshop.districos.com\/ProductDetail\/6110.522\" target=\"_blank\" rel=\"noopener noreferrer nofollow\"><span>6110.522<\/span><\/a>)<o:p><\/o:p><\/span><\/li>\n<li><span lang=\"FR-BE\">1 x Gelish&nbsp;Lace is More&nbsp;Sweet Morning Breeze&nbsp;15 ml (r\u00e9f.&nbsp;<a href=\"https:\/\/webshop.districos.com\/ProductDetail\/6110.523\" target=\"_blank\" rel=\"noopener noreferrer nofollow\"><span>&nbsp;&nbsp;&nbsp;6110.523<\/span><\/a>)<o:p><\/o:p><\/span><\/li>\n<li><span lang=\"FR-BE\">1 x Gelish&nbsp;Lace is More&nbsp;Sunny Daze Ahead&nbsp;15 ml (r\u00e9f.&nbsp;<a href=\"https:\/\/webshop.districos.com\/ProductDetail\/6110.524\" target=\"_blank\" rel=\"noopener noreferrer nofollow\"><span>&nbsp;6110.524<\/span><\/a>)<o:p><\/o:p><\/span><\/li>\n<li><span lang=\"FR-BE\">1 x Gelish&nbsp;Lace is More Lace Be Honest&nbsp;15 ml (r\u00e9f.&nbsp;<a href=\"https:\/\/webshop.districos.com\/ProductDetail\/6110.525\" target=\"_blank\" rel=\"noopener noreferrer nofollow\"><span>&nbsp;6110.525<\/span><\/a>)<o:p><\/o:p><\/span><\/li>\n<li><span lang=\"FR-BE\">1 x Gelish&nbsp;Lace is More&nbsp;Tidy Touch 15 ml (r\u00e9f.&nbsp;<a href=\"https:\/\/webshop.districos.com\/ProductDetail\/6110.526\" target=\"_blank\" rel=\"noopener noreferrer nofollow\"><span>&nbsp;6110.526<\/span><\/a>)<o:p><\/o:p><\/span><\/li>\n<li><span lang=\"FR-BE\">1 x Gelish&nbsp;Lace is More Very Berry Clean&nbsp;15 ml (r\u00e9f.&nbsp;<a href=\"https:\/\/webshop.districos.com\/ProductDetail\/6110.527\" target=\"_blank\" rel=\"noopener noreferrer nofollow\"><span>&nbsp;6110.527<\/span><\/a>)<o:p><\/o:p><\/span><\/li>\n<\/ul>\n<p><span>&nbsp;<o:p><\/o:p><\/span><\/p>\n<ul type=\"disc\"> <\/ul>\n","protected":false},"excerpt":{"rendered":"<p>D\u00e9couvrez cette collection de printemps magnifique&nbsp;\u00ab&nbsp;Lace is More&nbsp;\u00bb 2024 Laissez-vous s\u00e9duire par cette collection de printemps \u00e9dition limit\u00e9e de Gelish. Le Gelish Soak-Off Gel Polish s&rsquo;applique comme un vernis \u00e0 ongles, mais polym\u00e9rise sous une lampe comme un gel.&nbsp;Une pose compl\u00e8te en institut ne vous prendra que 45 minutes et les couleurs restent sur les [&hellip;]<\/p>\n","protected":false},"featured_media":145615,"comment_status":"open","ping_status":"closed","template":"","meta":{"_acf_changed":false},"product_brand":[10410],"product_cat":[9896],"product_tag":[],"class_list":{"0":"post-135409","1":"product","2":"type-product","3":"status-publish","4":"has-post-thumbnail","6":"product_brand-gelish-fr","7":"product_cat-beaute-manucure-ongles-gel-gel-polish","9":"first","10":"instock","11":"taxable","12":"shipping-taxable","13":"product-type-simple"},"acf":[],"yoast_head":"<!-- This site is optimized with the Yoast SEO plugin v27.3 - https:\/\/yoast.com\/product\/yoast-seo-wordpress\/ -->\n<title>Pr\u00e9sentoir Gelish Lace is More 6 x 15 ml - Districos Webshop<\/title>\n<meta name=\"robots\" content=\"noindex, follow, max-snippet:-1, max-image-preview:large, max-video-preview:-1\" \/>\n<meta property=\"og:locale\" content=\"fr_FR\" \/>\n<meta property=\"og:type\" content=\"article\" \/>\n<meta property=\"og:title\" content=\"Pr\u00e9sentoir Gelish Lace is More 6 x 15 ml - Districos Webshop\" \/>\n<meta property=\"og:description\" content=\"D\u00e9couvrez cette collection de printemps magnifique&nbsp;\u00ab&nbsp;Lace is More&nbsp;\u00bb 2024 Laissez-vous s\u00e9duire par cette collection de printemps \u00e9dition limit\u00e9e de Gelish. Le Gelish Soak-Off Gel Polish s&rsquo;applique comme un vernis \u00e0 ongles, mais polym\u00e9rise sous une lampe comme un gel.&nbsp;Une pose compl\u00e8te en institut ne vous prendra que 45 minutes et les couleurs restent sur les [&hellip;]\" \/>\n<meta property=\"og:url\" content=\"https:\/\/districos.standingout.be\/fr\/product\/presentoir-gelish-lace-is-more-6-x-15-ml-ref-6013-080\/\" \/>\n<meta property=\"og:site_name\" content=\"Districos Webshop\" \/>\n<meta property=\"article:modified_time\" content=\"2026-04-28T02:55:30+00:00\" \/>\n<meta property=\"og:image\" content=\"https:\/\/districos.standingout.be\/wp-content\/uploads\/2026\/04\/6013.080@Display-Lace-is-More-6-x-15-ml_0-2.png\" \/>\n\t<meta property=\"og:image:width\" content=\"600\" \/>\n\t<meta property=\"og:image:height\" content=\"600\" \/>\n\t<meta property=\"og:image:type\" content=\"image\/png\" \/>\n<meta name=\"twitter:card\" content=\"summary_large_image\" \/>\n<meta name=\"twitter:label1\" content=\"Dur\u00e9e de lecture estim\u00e9e\" \/>\n\t<meta name=\"twitter:data1\" content=\"1 minute\" \/>\n<script type=\"application\/ld+json\" class=\"yoast-schema-graph\">{\"@context\":\"https:\\\/\\\/schema.org\",\"@graph\":[{\"@type\":\"WebPage\",\"@id\":\"https:\\\/\\\/districos.standingout.be\\\/fr\\\/product\\\/presentoir-gelish-lace-is-more-6-x-15-ml-ref-6013-080\\\/\",\"url\":\"https:\\\/\\\/districos.standingout.be\\\/fr\\\/product\\\/presentoir-gelish-lace-is-more-6-x-15-ml-ref-6013-080\\\/\",\"name\":\"Pr\u00e9sentoir Gelish Lace is More 6 x 15 ml - Districos Webshop\",\"isPartOf\":{\"@id\":\"https:\\\/\\\/districos.standingout.be\\\/fr\\\/#website\"},\"primaryImageOfPage\":{\"@id\":\"https:\\\/\\\/districos.standingout.be\\\/fr\\\/product\\\/presentoir-gelish-lace-is-more-6-x-15-ml-ref-6013-080\\\/#primaryimage\"},\"image\":{\"@id\":\"https:\\\/\\\/districos.standingout.be\\\/fr\\\/product\\\/presentoir-gelish-lace-is-more-6-x-15-ml-ref-6013-080\\\/#primaryimage\"},\"thumbnailUrl\":\"https:\\\/\\\/districos.standingout.be\\\/wp-content\\\/uploads\\\/2026\\\/04\\\/6013.080@Display-Lace-is-More-6-x-15-ml_0-3.png\",\"datePublished\":\"2026-04-28T02:55:28+00:00\",\"dateModified\":\"2026-04-28T02:55:30+00:00\",\"breadcrumb\":{\"@id\":\"https:\\\/\\\/districos.standingout.be\\\/fr\\\/product\\\/presentoir-gelish-lace-is-more-6-x-15-ml-ref-6013-080\\\/#breadcrumb\"},\"inLanguage\":\"fr-FR\",\"potentialAction\":[{\"@type\":\"ReadAction\",\"target\":[\"https:\\\/\\\/districos.standingout.be\\\/fr\\\/product\\\/presentoir-gelish-lace-is-more-6-x-15-ml-ref-6013-080\\\/\"]}]},{\"@type\":\"ImageObject\",\"inLanguage\":\"fr-FR\",\"@id\":\"https:\\\/\\\/districos.standingout.be\\\/fr\\\/product\\\/presentoir-gelish-lace-is-more-6-x-15-ml-ref-6013-080\\\/#primaryimage\",\"url\":\"https:\\\/\\\/districos.standingout.be\\\/wp-content\\\/uploads\\\/2026\\\/04\\\/6013.080@Display-Lace-is-More-6-x-15-ml_0-3.png\",\"contentUrl\":\"https:\\\/\\\/districos.standingout.be\\\/wp-content\\\/uploads\\\/2026\\\/04\\\/6013.080@Display-Lace-is-More-6-x-15-ml_0-3.png\",\"width\":600,\"height\":600},{\"@type\":\"BreadcrumbList\",\"@id\":\"https:\\\/\\\/districos.standingout.be\\\/fr\\\/product\\\/presentoir-gelish-lace-is-more-6-x-15-ml-ref-6013-080\\\/#breadcrumb\",\"itemListElement\":[{\"@type\":\"ListItem\",\"position\":1,\"name\":\"Home\",\"item\":\"https:\\\/\\\/districos.standingout.be\\\/fr\\\/bienvenue-chez-districos\\\/\"},{\"@type\":\"ListItem\",\"position\":2,\"name\":\"Boutique\",\"item\":\"https:\\\/\\\/districos.standingout.be\\\/fr\\\/boutique\\\/\"},{\"@type\":\"ListItem\",\"position\":3,\"name\":\"Pr\u00e9sentoir Gelish Lace is More 6 x 15 ml\"}]},{\"@type\":\"WebSite\",\"@id\":\"https:\\\/\\\/districos.standingout.be\\\/fr\\\/#website\",\"url\":\"https:\\\/\\\/districos.standingout.be\\\/fr\\\/\",\"name\":\"Districos Webshop\",\"description\":\"\",\"publisher\":{\"@id\":\"https:\\\/\\\/districos.standingout.be\\\/fr\\\/#organization\"},\"potentialAction\":[{\"@type\":\"SearchAction\",\"target\":{\"@type\":\"EntryPoint\",\"urlTemplate\":\"https:\\\/\\\/districos.standingout.be\\\/fr\\\/?s={search_term_string}\"},\"query-input\":{\"@type\":\"PropertyValueSpecification\",\"valueRequired\":true,\"valueName\":\"search_term_string\"}}],\"inLanguage\":\"fr-FR\"},{\"@type\":\"Organization\",\"@id\":\"https:\\\/\\\/districos.standingout.be\\\/fr\\\/#organization\",\"name\":\"Districos Webshop\",\"url\":\"https:\\\/\\\/districos.standingout.be\\\/fr\\\/\",\"logo\":{\"@type\":\"ImageObject\",\"inLanguage\":\"fr-FR\",\"@id\":\"https:\\\/\\\/districos.standingout.be\\\/fr\\\/#\\\/schema\\\/logo\\\/image\\\/\",\"url\":\"https:\\\/\\\/districos.standingout.be\\\/wp-content\\\/uploads\\\/2022\\\/09\\\/Districos_Logo_Webshop.svg\",\"contentUrl\":\"https:\\\/\\\/districos.standingout.be\\\/wp-content\\\/uploads\\\/2022\\\/09\\\/Districos_Logo_Webshop.svg\",\"caption\":\"Districos Webshop\"},\"image\":{\"@id\":\"https:\\\/\\\/districos.standingout.be\\\/fr\\\/#\\\/schema\\\/logo\\\/image\\\/\"}}]}<\/script>\n<!-- \/ Yoast SEO plugin. -->","yoast_head_json":{"title":"Pr\u00e9sentoir Gelish Lace is More 6 x 15 ml - Districos Webshop","robots":{"index":"noindex","follow":"follow","max-snippet":"max-snippet:-1","max-image-preview":"max-image-preview:large","max-video-preview":"max-video-preview:-1"},"og_locale":"fr_FR","og_type":"article","og_title":"Pr\u00e9sentoir Gelish Lace is More 6 x 15 ml - Districos Webshop","og_description":"D\u00e9couvrez cette collection de printemps magnifique&nbsp;\u00ab&nbsp;Lace is More&nbsp;\u00bb 2024 Laissez-vous s\u00e9duire par cette collection de printemps \u00e9dition limit\u00e9e de Gelish. Le Gelish Soak-Off Gel Polish s&rsquo;applique comme un vernis \u00e0 ongles, mais polym\u00e9rise sous une lampe comme un gel.&nbsp;Une pose compl\u00e8te en institut ne vous prendra que 45 minutes et les couleurs restent sur les [&hellip;]","og_url":"https:\/\/districos.standingout.be\/fr\/product\/presentoir-gelish-lace-is-more-6-x-15-ml-ref-6013-080\/","og_site_name":"Districos Webshop","article_modified_time":"2026-04-28T02:55:30+00:00","og_image":[{"width":600,"height":600,"url":"https:\/\/districos.standingout.be\/wp-content\/uploads\/2026\/04\/6013.080@Display-Lace-is-More-6-x-15-ml_0-2.png","type":"image\/png"}],"twitter_card":"summary_large_image","twitter_misc":{"Dur\u00e9e de lecture estim\u00e9e":"1 minute"},"schema":{"@context":"https:\/\/schema.org","@graph":[{"@type":"WebPage","@id":"https:\/\/districos.standingout.be\/fr\/product\/presentoir-gelish-lace-is-more-6-x-15-ml-ref-6013-080\/","url":"https:\/\/districos.standingout.be\/fr\/product\/presentoir-gelish-lace-is-more-6-x-15-ml-ref-6013-080\/","name":"Pr\u00e9sentoir Gelish Lace is More 6 x 15 ml - Districos Webshop","isPartOf":{"@id":"https:\/\/districos.standingout.be\/fr\/#website"},"primaryImageOfPage":{"@id":"https:\/\/districos.standingout.be\/fr\/product\/presentoir-gelish-lace-is-more-6-x-15-ml-ref-6013-080\/#primaryimage"},"image":{"@id":"https:\/\/districos.standingout.be\/fr\/product\/presentoir-gelish-lace-is-more-6-x-15-ml-ref-6013-080\/#primaryimage"},"thumbnailUrl":"https:\/\/districos.standingout.be\/wp-content\/uploads\/2026\/04\/6013.080@Display-Lace-is-More-6-x-15-ml_0-3.png","datePublished":"2026-04-28T02:55:28+00:00","dateModified":"2026-04-28T02:55:30+00:00","breadcrumb":{"@id":"https:\/\/districos.standingout.be\/fr\/product\/presentoir-gelish-lace-is-more-6-x-15-ml-ref-6013-080\/#breadcrumb"},"inLanguage":"fr-FR","potentialAction":[{"@type":"ReadAction","target":["https:\/\/districos.standingout.be\/fr\/product\/presentoir-gelish-lace-is-more-6-x-15-ml-ref-6013-080\/"]}]},{"@type":"ImageObject","inLanguage":"fr-FR","@id":"https:\/\/districos.standingout.be\/fr\/product\/presentoir-gelish-lace-is-more-6-x-15-ml-ref-6013-080\/#primaryimage","url":"https:\/\/districos.standingout.be\/wp-content\/uploads\/2026\/04\/6013.080@Display-Lace-is-More-6-x-15-ml_0-3.png","contentUrl":"https:\/\/districos.standingout.be\/wp-content\/uploads\/2026\/04\/6013.080@Display-Lace-is-More-6-x-15-ml_0-3.png","width":600,"height":600},{"@type":"BreadcrumbList","@id":"https:\/\/districos.standingout.be\/fr\/product\/presentoir-gelish-lace-is-more-6-x-15-ml-ref-6013-080\/#breadcrumb","itemListElement":[{"@type":"ListItem","position":1,"name":"Home","item":"https:\/\/districos.standingout.be\/fr\/bienvenue-chez-districos\/"},{"@type":"ListItem","position":2,"name":"Boutique","item":"https:\/\/districos.standingout.be\/fr\/boutique\/"},{"@type":"ListItem","position":3,"name":"Pr\u00e9sentoir Gelish Lace is More 6 x 15 ml"}]},{"@type":"WebSite","@id":"https:\/\/districos.standingout.be\/fr\/#website","url":"https:\/\/districos.standingout.be\/fr\/","name":"Districos Webshop","description":"","publisher":{"@id":"https:\/\/districos.standingout.be\/fr\/#organization"},"potentialAction":[{"@type":"SearchAction","target":{"@type":"EntryPoint","urlTemplate":"https:\/\/districos.standingout.be\/fr\/?s={search_term_string}"},"query-input":{"@type":"PropertyValueSpecification","valueRequired":true,"valueName":"search_term_string"}}],"inLanguage":"fr-FR"},{"@type":"Organization","@id":"https:\/\/districos.standingout.be\/fr\/#organization","name":"Districos Webshop","url":"https:\/\/districos.standingout.be\/fr\/","logo":{"@type":"ImageObject","inLanguage":"fr-FR","@id":"https:\/\/districos.standingout.be\/fr\/#\/schema\/logo\/image\/","url":"https:\/\/districos.standingout.be\/wp-content\/uploads\/2022\/09\/Districos_Logo_Webshop.svg","contentUrl":"https:\/\/districos.standingout.be\/wp-content\/uploads\/2022\/09\/Districos_Logo_Webshop.svg","caption":"Districos Webshop"},"image":{"@id":"https:\/\/districos.standingout.be\/fr\/#\/schema\/logo\/image\/"}}]}},"_links":{"self":[{"href":"https:\/\/districos.standingout.be\/fr\/wp-json\/wp\/v2\/product\/135409","targetHints":{"allow":["GET"]}}],"collection":[{"href":"https:\/\/districos.standingout.be\/fr\/wp-json\/wp\/v2\/product"}],"about":[{"href":"https:\/\/districos.standingout.be\/fr\/wp-json\/wp\/v2\/types\/product"}],"replies":[{"embeddable":true,"href":"https:\/\/districos.standingout.be\/fr\/wp-json\/wp\/v2\/comments?post=135409"}],"wp:featuredmedia":[{"embeddable":true,"href":"https:\/\/districos.standingout.be\/fr\/wp-json\/wp\/v2\/media\/145615"}],"wp:attachment":[{"href":"https:\/\/districos.standingout.be\/fr\/wp-json\/wp\/v2\/media?parent=135409"}],"wp:term":[{"taxonomy":"product_brand","embeddable":true,"href":"https:\/\/districos.standingout.be\/fr\/wp-json\/wp\/v2\/product_brand?post=135409"},{"taxonomy":"product_cat","embeddable":true,"href":"https:\/\/districos.standingout.be\/fr\/wp-json\/wp\/v2\/product_cat?post=135409"},{"taxonomy":"product_tag","embeddable":true,"href":"https:\/\/districos.standingout.be\/fr\/wp-json\/wp\/v2\/product_tag?post=135409"}],"curies":[{"name":"wp","href":"https:\/\/api.w.org\/{rel}","templated":true}]}}