{"id":135411,"date":"2026-04-28T04:55:32","date_gmt":"2026-04-28T02:55:32","guid":{"rendered":"https:\/\/webshopdistricoscom.webhosting.be\/product\/presentoir-gelish-now-zen-6-x-15-ml-ref-6013-096\/"},"modified":"2026-04-28T04:55:33","modified_gmt":"2026-04-28T02:55:33","slug":"presentoir-gelish-now-zen-6-x-15-ml-ref-6013-096","status":"publish","type":"product","link":"https:\/\/districos.standingout.be\/fr\/product\/presentoir-gelish-now-zen-6-x-15-ml-ref-6013-096\/","title":{"rendered":"Pr\u00e9sentoir Gelish Now &#038; Zen 6 x 15 ml"},"content":{"rendered":"<p >\n<\/p>\n<\/p>\n<\/p>\n<\/p>\n<\/p>\n<\/p>\n<\/p>\n<\/p>\n<p><span>Collection de printemps en \u00e9dition limit\u00e9e 2025 Gelish.<\/span><\/p>\n<p><b>Contenu<\/b><\/p>\n<\/p>\n<ul>\n<li>1 x Gelish Now &amp; Zen I&rsquo;m All Cheers 15 ml (<a href=\"https:\/\/webshop.districos.com\/ProductDetail\/6110.553\" target=\"_blank\" rel=\"noopener noreferrer nofollow\">ref. 6110.553<\/a>)<\/li>\n<li>1 x Gelish Now &amp; Zen Can&rsquo;t Burst My Bubble 15 ml (<a href=\"https:\/\/webshop.districos.com\/ProductDetail\/6110.554\" target=\"_blank\" rel=\"noopener noreferrer nofollow\">ref. 6110.554<\/a>)<\/li>\n<li>1 x Gelish Now &amp; Zen Perk Up Buttercup15 ml (<a href=\"https:\/\/webshop.districos.com\/ProductDetail\/6110.555\" target=\"_blank\" rel=\"noopener noreferrer nofollow\">ref. 6110.555<\/a>)<\/li>\n<li>1 x Gelish Now &amp; Zen Hugs And Blisses 15 ml (<a href=\"https:\/\/webshop.districos.com\/ProductDetail\/6110.556\" target=\"_blank\" rel=\"noopener noreferrer nofollow\">ref. 6110.556<\/a>)<\/li>\n<li>1 x Gelish Now &amp; Zen Sipping On Serenity 15 ml (<a href=\"https:\/\/webshop.districos.com\/ProductDetail\/6110.557\" target=\"_blank\" rel=\"noopener noreferrer nofollow\">ref. 6110.557<\/a>)<\/li>\n<li>1 x Gelish Now &amp; Zen Star Walking 15 ml (<a href=\"https:\/\/webshop.districos.com\/ProductDetail\/6110.558\" target=\"_blank\" rel=\"noopener noreferrer nofollow\">ref. 6110.558<\/a>)<\/li>\n<\/ul>\n","protected":false},"excerpt":{"rendered":"<p>Collection de printemps en \u00e9dition limit\u00e9e 2025 Gelish. Contenu 1 x Gelish Now &amp; Zen I&rsquo;m All Cheers 15 ml (ref. 6110.553) 1 x Gelish Now &amp; Zen Can&rsquo;t Burst My Bubble 15 ml (ref. 6110.554) 1 x Gelish Now &amp; Zen Perk Up Buttercup15 ml (ref. 6110.555) 1 x Gelish Now &amp; Zen Hugs [&hellip;]<\/p>\n","protected":false},"featured_media":145618,"comment_status":"open","ping_status":"closed","template":"","meta":{"_acf_changed":false},"product_brand":[10410],"product_cat":[9896],"product_tag":[],"class_list":{"0":"post-135411","1":"product","2":"type-product","3":"status-publish","4":"has-post-thumbnail","6":"product_brand-gelish-fr","7":"product_cat-beaute-manucure-ongles-gel-gel-polish","9":"first","10":"outofstock","11":"taxable","12":"shipping-taxable","13":"product-type-simple"},"acf":[],"yoast_head":"<!-- This site is optimized with the Yoast SEO plugin v27.3 - https:\/\/yoast.com\/product\/yoast-seo-wordpress\/ -->\n<title>Pr\u00e9sentoir Gelish Now &amp; Zen 6 x 15 ml - Districos Webshop<\/title>\n<meta name=\"robots\" content=\"noindex, follow, max-snippet:-1, max-image-preview:large, max-video-preview:-1\" \/>\n<meta property=\"og:locale\" content=\"fr_FR\" \/>\n<meta property=\"og:type\" content=\"article\" \/>\n<meta property=\"og:title\" content=\"Pr\u00e9sentoir Gelish Now &amp; Zen 6 x 15 ml - Districos Webshop\" \/>\n<meta property=\"og:description\" content=\"Collection de printemps en \u00e9dition limit\u00e9e 2025 Gelish. Contenu 1 x Gelish Now &amp; Zen I&rsquo;m All Cheers 15 ml (ref. 6110.553) 1 x Gelish Now &amp; Zen Can&rsquo;t Burst My Bubble 15 ml (ref. 6110.554) 1 x Gelish Now &amp; Zen Perk Up Buttercup15 ml (ref. 6110.555) 1 x Gelish Now &amp; Zen Hugs [&hellip;]\" \/>\n<meta property=\"og:url\" content=\"https:\/\/districos.standingout.be\/fr\/product\/presentoir-gelish-now-zen-6-x-15-ml-ref-6013-096\/\" \/>\n<meta property=\"og:site_name\" content=\"Districos Webshop\" \/>\n<meta property=\"article:modified_time\" content=\"2026-04-28T02:55:33+00:00\" \/>\n<meta property=\"og:image\" content=\"https:\/\/districos.standingout.be\/wp-content\/uploads\/2026\/04\/6013.096@Display-Gelish-Now-Zen-6-x-15-ml_1-2.png\" \/>\n\t<meta property=\"og:image:width\" content=\"600\" \/>\n\t<meta property=\"og:image:height\" content=\"600\" \/>\n\t<meta property=\"og:image:type\" content=\"image\/png\" \/>\n<meta name=\"twitter:card\" content=\"summary_large_image\" \/>\n<script type=\"application\/ld+json\" class=\"yoast-schema-graph\">{\"@context\":\"https:\\\/\\\/schema.org\",\"@graph\":[{\"@type\":\"WebPage\",\"@id\":\"https:\\\/\\\/districos.standingout.be\\\/fr\\\/product\\\/presentoir-gelish-now-zen-6-x-15-ml-ref-6013-096\\\/\",\"url\":\"https:\\\/\\\/districos.standingout.be\\\/fr\\\/product\\\/presentoir-gelish-now-zen-6-x-15-ml-ref-6013-096\\\/\",\"name\":\"Pr\u00e9sentoir Gelish Now & Zen 6 x 15 ml - Districos Webshop\",\"isPartOf\":{\"@id\":\"https:\\\/\\\/districos.standingout.be\\\/fr\\\/#website\"},\"primaryImageOfPage\":{\"@id\":\"https:\\\/\\\/districos.standingout.be\\\/fr\\\/product\\\/presentoir-gelish-now-zen-6-x-15-ml-ref-6013-096\\\/#primaryimage\"},\"image\":{\"@id\":\"https:\\\/\\\/districos.standingout.be\\\/fr\\\/product\\\/presentoir-gelish-now-zen-6-x-15-ml-ref-6013-096\\\/#primaryimage\"},\"thumbnailUrl\":\"https:\\\/\\\/districos.standingout.be\\\/wp-content\\\/uploads\\\/2026\\\/04\\\/6013.096@Display-Gelish-Now-Zen-6-x-15-ml_1-3.png\",\"datePublished\":\"2026-04-28T02:55:32+00:00\",\"dateModified\":\"2026-04-28T02:55:33+00:00\",\"breadcrumb\":{\"@id\":\"https:\\\/\\\/districos.standingout.be\\\/fr\\\/product\\\/presentoir-gelish-now-zen-6-x-15-ml-ref-6013-096\\\/#breadcrumb\"},\"inLanguage\":\"fr-FR\",\"potentialAction\":[{\"@type\":\"ReadAction\",\"target\":[\"https:\\\/\\\/districos.standingout.be\\\/fr\\\/product\\\/presentoir-gelish-now-zen-6-x-15-ml-ref-6013-096\\\/\"]}]},{\"@type\":\"ImageObject\",\"inLanguage\":\"fr-FR\",\"@id\":\"https:\\\/\\\/districos.standingout.be\\\/fr\\\/product\\\/presentoir-gelish-now-zen-6-x-15-ml-ref-6013-096\\\/#primaryimage\",\"url\":\"https:\\\/\\\/districos.standingout.be\\\/wp-content\\\/uploads\\\/2026\\\/04\\\/6013.096@Display-Gelish-Now-Zen-6-x-15-ml_1-3.png\",\"contentUrl\":\"https:\\\/\\\/districos.standingout.be\\\/wp-content\\\/uploads\\\/2026\\\/04\\\/6013.096@Display-Gelish-Now-Zen-6-x-15-ml_1-3.png\",\"width\":600,\"height\":600},{\"@type\":\"BreadcrumbList\",\"@id\":\"https:\\\/\\\/districos.standingout.be\\\/fr\\\/product\\\/presentoir-gelish-now-zen-6-x-15-ml-ref-6013-096\\\/#breadcrumb\",\"itemListElement\":[{\"@type\":\"ListItem\",\"position\":1,\"name\":\"Home\",\"item\":\"https:\\\/\\\/districos.standingout.be\\\/fr\\\/bienvenue-chez-districos\\\/\"},{\"@type\":\"ListItem\",\"position\":2,\"name\":\"Boutique\",\"item\":\"https:\\\/\\\/districos.standingout.be\\\/fr\\\/boutique\\\/\"},{\"@type\":\"ListItem\",\"position\":3,\"name\":\"Pr\u00e9sentoir Gelish Now &#038; Zen 6 x 15 ml\"}]},{\"@type\":\"WebSite\",\"@id\":\"https:\\\/\\\/districos.standingout.be\\\/fr\\\/#website\",\"url\":\"https:\\\/\\\/districos.standingout.be\\\/fr\\\/\",\"name\":\"Districos Webshop\",\"description\":\"\",\"publisher\":{\"@id\":\"https:\\\/\\\/districos.standingout.be\\\/fr\\\/#organization\"},\"potentialAction\":[{\"@type\":\"SearchAction\",\"target\":{\"@type\":\"EntryPoint\",\"urlTemplate\":\"https:\\\/\\\/districos.standingout.be\\\/fr\\\/?s={search_term_string}\"},\"query-input\":{\"@type\":\"PropertyValueSpecification\",\"valueRequired\":true,\"valueName\":\"search_term_string\"}}],\"inLanguage\":\"fr-FR\"},{\"@type\":\"Organization\",\"@id\":\"https:\\\/\\\/districos.standingout.be\\\/fr\\\/#organization\",\"name\":\"Districos Webshop\",\"url\":\"https:\\\/\\\/districos.standingout.be\\\/fr\\\/\",\"logo\":{\"@type\":\"ImageObject\",\"inLanguage\":\"fr-FR\",\"@id\":\"https:\\\/\\\/districos.standingout.be\\\/fr\\\/#\\\/schema\\\/logo\\\/image\\\/\",\"url\":\"https:\\\/\\\/districos.standingout.be\\\/wp-content\\\/uploads\\\/2022\\\/09\\\/Districos_Logo_Webshop.svg\",\"contentUrl\":\"https:\\\/\\\/districos.standingout.be\\\/wp-content\\\/uploads\\\/2022\\\/09\\\/Districos_Logo_Webshop.svg\",\"caption\":\"Districos Webshop\"},\"image\":{\"@id\":\"https:\\\/\\\/districos.standingout.be\\\/fr\\\/#\\\/schema\\\/logo\\\/image\\\/\"}}]}<\/script>\n<!-- \/ Yoast SEO plugin. -->","yoast_head_json":{"title":"Pr\u00e9sentoir Gelish Now & Zen 6 x 15 ml - Districos Webshop","robots":{"index":"noindex","follow":"follow","max-snippet":"max-snippet:-1","max-image-preview":"max-image-preview:large","max-video-preview":"max-video-preview:-1"},"og_locale":"fr_FR","og_type":"article","og_title":"Pr\u00e9sentoir Gelish Now & Zen 6 x 15 ml - Districos Webshop","og_description":"Collection de printemps en \u00e9dition limit\u00e9e 2025 Gelish. Contenu 1 x Gelish Now &amp; Zen I&rsquo;m All Cheers 15 ml (ref. 6110.553) 1 x Gelish Now &amp; Zen Can&rsquo;t Burst My Bubble 15 ml (ref. 6110.554) 1 x Gelish Now &amp; Zen Perk Up Buttercup15 ml (ref. 6110.555) 1 x Gelish Now &amp; Zen Hugs [&hellip;]","og_url":"https:\/\/districos.standingout.be\/fr\/product\/presentoir-gelish-now-zen-6-x-15-ml-ref-6013-096\/","og_site_name":"Districos Webshop","article_modified_time":"2026-04-28T02:55:33+00:00","og_image":[{"width":600,"height":600,"url":"https:\/\/districos.standingout.be\/wp-content\/uploads\/2026\/04\/6013.096@Display-Gelish-Now-Zen-6-x-15-ml_1-2.png","type":"image\/png"}],"twitter_card":"summary_large_image","schema":{"@context":"https:\/\/schema.org","@graph":[{"@type":"WebPage","@id":"https:\/\/districos.standingout.be\/fr\/product\/presentoir-gelish-now-zen-6-x-15-ml-ref-6013-096\/","url":"https:\/\/districos.standingout.be\/fr\/product\/presentoir-gelish-now-zen-6-x-15-ml-ref-6013-096\/","name":"Pr\u00e9sentoir Gelish Now & Zen 6 x 15 ml - Districos Webshop","isPartOf":{"@id":"https:\/\/districos.standingout.be\/fr\/#website"},"primaryImageOfPage":{"@id":"https:\/\/districos.standingout.be\/fr\/product\/presentoir-gelish-now-zen-6-x-15-ml-ref-6013-096\/#primaryimage"},"image":{"@id":"https:\/\/districos.standingout.be\/fr\/product\/presentoir-gelish-now-zen-6-x-15-ml-ref-6013-096\/#primaryimage"},"thumbnailUrl":"https:\/\/districos.standingout.be\/wp-content\/uploads\/2026\/04\/6013.096@Display-Gelish-Now-Zen-6-x-15-ml_1-3.png","datePublished":"2026-04-28T02:55:32+00:00","dateModified":"2026-04-28T02:55:33+00:00","breadcrumb":{"@id":"https:\/\/districos.standingout.be\/fr\/product\/presentoir-gelish-now-zen-6-x-15-ml-ref-6013-096\/#breadcrumb"},"inLanguage":"fr-FR","potentialAction":[{"@type":"ReadAction","target":["https:\/\/districos.standingout.be\/fr\/product\/presentoir-gelish-now-zen-6-x-15-ml-ref-6013-096\/"]}]},{"@type":"ImageObject","inLanguage":"fr-FR","@id":"https:\/\/districos.standingout.be\/fr\/product\/presentoir-gelish-now-zen-6-x-15-ml-ref-6013-096\/#primaryimage","url":"https:\/\/districos.standingout.be\/wp-content\/uploads\/2026\/04\/6013.096@Display-Gelish-Now-Zen-6-x-15-ml_1-3.png","contentUrl":"https:\/\/districos.standingout.be\/wp-content\/uploads\/2026\/04\/6013.096@Display-Gelish-Now-Zen-6-x-15-ml_1-3.png","width":600,"height":600},{"@type":"BreadcrumbList","@id":"https:\/\/districos.standingout.be\/fr\/product\/presentoir-gelish-now-zen-6-x-15-ml-ref-6013-096\/#breadcrumb","itemListElement":[{"@type":"ListItem","position":1,"name":"Home","item":"https:\/\/districos.standingout.be\/fr\/bienvenue-chez-districos\/"},{"@type":"ListItem","position":2,"name":"Boutique","item":"https:\/\/districos.standingout.be\/fr\/boutique\/"},{"@type":"ListItem","position":3,"name":"Pr\u00e9sentoir Gelish Now &#038; Zen 6 x 15 ml"}]},{"@type":"WebSite","@id":"https:\/\/districos.standingout.be\/fr\/#website","url":"https:\/\/districos.standingout.be\/fr\/","name":"Districos Webshop","description":"","publisher":{"@id":"https:\/\/districos.standingout.be\/fr\/#organization"},"potentialAction":[{"@type":"SearchAction","target":{"@type":"EntryPoint","urlTemplate":"https:\/\/districos.standingout.be\/fr\/?s={search_term_string}"},"query-input":{"@type":"PropertyValueSpecification","valueRequired":true,"valueName":"search_term_string"}}],"inLanguage":"fr-FR"},{"@type":"Organization","@id":"https:\/\/districos.standingout.be\/fr\/#organization","name":"Districos Webshop","url":"https:\/\/districos.standingout.be\/fr\/","logo":{"@type":"ImageObject","inLanguage":"fr-FR","@id":"https:\/\/districos.standingout.be\/fr\/#\/schema\/logo\/image\/","url":"https:\/\/districos.standingout.be\/wp-content\/uploads\/2022\/09\/Districos_Logo_Webshop.svg","contentUrl":"https:\/\/districos.standingout.be\/wp-content\/uploads\/2022\/09\/Districos_Logo_Webshop.svg","caption":"Districos Webshop"},"image":{"@id":"https:\/\/districos.standingout.be\/fr\/#\/schema\/logo\/image\/"}}]}},"_links":{"self":[{"href":"https:\/\/districos.standingout.be\/fr\/wp-json\/wp\/v2\/product\/135411","targetHints":{"allow":["GET"]}}],"collection":[{"href":"https:\/\/districos.standingout.be\/fr\/wp-json\/wp\/v2\/product"}],"about":[{"href":"https:\/\/districos.standingout.be\/fr\/wp-json\/wp\/v2\/types\/product"}],"replies":[{"embeddable":true,"href":"https:\/\/districos.standingout.be\/fr\/wp-json\/wp\/v2\/comments?post=135411"}],"wp:featuredmedia":[{"embeddable":true,"href":"https:\/\/districos.standingout.be\/fr\/wp-json\/wp\/v2\/media\/145618"}],"wp:attachment":[{"href":"https:\/\/districos.standingout.be\/fr\/wp-json\/wp\/v2\/media?parent=135411"}],"wp:term":[{"taxonomy":"product_brand","embeddable":true,"href":"https:\/\/districos.standingout.be\/fr\/wp-json\/wp\/v2\/product_brand?post=135411"},{"taxonomy":"product_cat","embeddable":true,"href":"https:\/\/districos.standingout.be\/fr\/wp-json\/wp\/v2\/product_cat?post=135411"},{"taxonomy":"product_tag","embeddable":true,"href":"https:\/\/districos.standingout.be\/fr\/wp-json\/wp\/v2\/product_tag?post=135411"}],"curies":[{"name":"wp","href":"https:\/\/api.w.org\/{rel}","templated":true}]}}