{"id":135421,"date":"2026-04-28T04:55:44","date_gmt":"2026-04-28T02:55:44","guid":{"rendered":"https:\/\/webshopdistricoscom.webhosting.be\/product\/gelish-harmony-gel-square-brush-n-6-ref-6013-83\/"},"modified":"2026-04-28T04:55:46","modified_gmt":"2026-04-28T02:55:46","slug":"gelish-harmony-gel-square-brush-n-6-ref-6013-83","status":"publish","type":"product","link":"https:\/\/districos.standingout.be\/fr\/product\/gelish-harmony-gel-square-brush-n-6-ref-6013-83\/","title":{"rendered":"Gelish Harmony Gel Square Brush N\u00b0 6"},"content":{"rendered":"<p >\n<p dir=ltr>Permet d\u2019appliquer le Structure Gel ou de tracer la smile line lors d\u2019une French Manucure. Ce pinceau doit \u00eatre nettoy\u00e9 \u00e0 sec avec une \u00e9ponge ou un coton. <\/p>\n<p> Ne touchez pas la brosse du pinceau avec vos doigts ! <\/p>\n<p> Emballage : 1 pi\u00e8ce<\/p><\/p>\n","protected":false},"excerpt":{"rendered":"<p>Permet d\u2019appliquer le Structure Gel ou de tracer la smile line lors d\u2019une French Manucure. Ce pinceau doit \u00eatre nettoy\u00e9 \u00e0 sec avec une \u00e9ponge ou un coton. Ne touchez pas la brosse du pinceau avec vos doigts ! Emballage : 1 pi\u00e8ce<\/p>\n","protected":false},"featured_media":74351,"comment_status":"open","ping_status":"closed","template":"","meta":{"_acf_changed":false},"product_brand":[10410],"product_cat":[10172,9896,9900],"product_tag":[],"class_list":{"0":"post-135421","1":"product","2":"type-product","3":"status-publish","4":"has-post-thumbnail","6":"product_brand-gelish-fr","7":"product_cat-fournitures-pour-cabinet-accessoires-accessoires-manucure","8":"product_cat-beaute-manucure-ongles-gel-gel-polish","9":"product_cat-beaute-manucure-ongles-instruments","11":"first","12":"instock","13":"taxable","14":"shipping-taxable","15":"product-type-simple"},"acf":[],"yoast_head":"<!-- This site is optimized with the Yoast SEO plugin v27.3 - https:\/\/yoast.com\/product\/yoast-seo-wordpress\/ -->\n<title>Gelish Harmony Gel Square Brush N\u00b0 6 - Districos Webshop<\/title>\n<meta name=\"robots\" content=\"noindex, follow, max-snippet:-1, max-image-preview:large, max-video-preview:-1\" \/>\n<meta property=\"og:locale\" content=\"fr_FR\" \/>\n<meta property=\"og:type\" content=\"article\" \/>\n<meta property=\"og:title\" content=\"Gelish Harmony Gel Square Brush N\u00b0 6 - Districos Webshop\" \/>\n<meta property=\"og:description\" content=\"Permet d\u2019appliquer le Structure Gel ou de tracer la smile line lors d\u2019une French Manucure. Ce pinceau doit \u00eatre nettoy\u00e9 \u00e0 sec avec une \u00e9ponge ou un coton. Ne touchez pas la brosse du pinceau avec vos doigts ! Emballage : 1 pi\u00e8ce\" \/>\n<meta property=\"og:url\" content=\"https:\/\/districos.standingout.be\/fr\/product\/gelish-harmony-gel-square-brush-n-6-ref-6013-83\/\" \/>\n<meta property=\"og:site_name\" content=\"Districos Webshop\" \/>\n<meta property=\"article:modified_time\" content=\"2026-04-28T02:55:46+00:00\" \/>\n<meta property=\"og:image\" content=\"https:\/\/districos.standingout.be\/wp-content\/uploads\/2025\/07\/6013.83@HighRes_0_99.png\" \/>\n\t<meta property=\"og:image:width\" content=\"600\" \/>\n\t<meta property=\"og:image:height\" content=\"600\" \/>\n\t<meta property=\"og:image:type\" content=\"image\/png\" \/>\n<meta name=\"twitter:card\" content=\"summary_large_image\" \/>\n<script type=\"application\/ld+json\" class=\"yoast-schema-graph\">{\"@context\":\"https:\\\/\\\/schema.org\",\"@graph\":[{\"@type\":\"WebPage\",\"@id\":\"https:\\\/\\\/districos.standingout.be\\\/fr\\\/product\\\/gelish-harmony-gel-square-brush-n-6-ref-6013-83\\\/\",\"url\":\"https:\\\/\\\/districos.standingout.be\\\/fr\\\/product\\\/gelish-harmony-gel-square-brush-n-6-ref-6013-83\\\/\",\"name\":\"Gelish Harmony Gel Square Brush N\u00b0 6 - Districos Webshop\",\"isPartOf\":{\"@id\":\"https:\\\/\\\/districos.standingout.be\\\/fr\\\/#website\"},\"primaryImageOfPage\":{\"@id\":\"https:\\\/\\\/districos.standingout.be\\\/fr\\\/product\\\/gelish-harmony-gel-square-brush-n-6-ref-6013-83\\\/#primaryimage\"},\"image\":{\"@id\":\"https:\\\/\\\/districos.standingout.be\\\/fr\\\/product\\\/gelish-harmony-gel-square-brush-n-6-ref-6013-83\\\/#primaryimage\"},\"thumbnailUrl\":\"https:\\\/\\\/districos.standingout.be\\\/wp-content\\\/uploads\\\/2025\\\/07\\\/6013.83@HighRes_0_99.png\",\"datePublished\":\"2026-04-28T02:55:44+00:00\",\"dateModified\":\"2026-04-28T02:55:46+00:00\",\"breadcrumb\":{\"@id\":\"https:\\\/\\\/districos.standingout.be\\\/fr\\\/product\\\/gelish-harmony-gel-square-brush-n-6-ref-6013-83\\\/#breadcrumb\"},\"inLanguage\":\"fr-FR\",\"potentialAction\":[{\"@type\":\"ReadAction\",\"target\":[\"https:\\\/\\\/districos.standingout.be\\\/fr\\\/product\\\/gelish-harmony-gel-square-brush-n-6-ref-6013-83\\\/\"]}]},{\"@type\":\"ImageObject\",\"inLanguage\":\"fr-FR\",\"@id\":\"https:\\\/\\\/districos.standingout.be\\\/fr\\\/product\\\/gelish-harmony-gel-square-brush-n-6-ref-6013-83\\\/#primaryimage\",\"url\":\"https:\\\/\\\/districos.standingout.be\\\/wp-content\\\/uploads\\\/2025\\\/07\\\/6013.83@HighRes_0_99.png\",\"contentUrl\":\"https:\\\/\\\/districos.standingout.be\\\/wp-content\\\/uploads\\\/2025\\\/07\\\/6013.83@HighRes_0_99.png\",\"width\":600,\"height\":600},{\"@type\":\"BreadcrumbList\",\"@id\":\"https:\\\/\\\/districos.standingout.be\\\/fr\\\/product\\\/gelish-harmony-gel-square-brush-n-6-ref-6013-83\\\/#breadcrumb\",\"itemListElement\":[{\"@type\":\"ListItem\",\"position\":1,\"name\":\"Home\",\"item\":\"https:\\\/\\\/districos.standingout.be\\\/fr\\\/bienvenue-chez-districos\\\/\"},{\"@type\":\"ListItem\",\"position\":2,\"name\":\"Boutique\",\"item\":\"https:\\\/\\\/districos.standingout.be\\\/fr\\\/boutique\\\/\"},{\"@type\":\"ListItem\",\"position\":3,\"name\":\"Gelish Harmony Gel Square Brush N\u00b0 6\"}]},{\"@type\":\"WebSite\",\"@id\":\"https:\\\/\\\/districos.standingout.be\\\/fr\\\/#website\",\"url\":\"https:\\\/\\\/districos.standingout.be\\\/fr\\\/\",\"name\":\"Districos Webshop\",\"description\":\"\",\"publisher\":{\"@id\":\"https:\\\/\\\/districos.standingout.be\\\/fr\\\/#organization\"},\"potentialAction\":[{\"@type\":\"SearchAction\",\"target\":{\"@type\":\"EntryPoint\",\"urlTemplate\":\"https:\\\/\\\/districos.standingout.be\\\/fr\\\/?s={search_term_string}\"},\"query-input\":{\"@type\":\"PropertyValueSpecification\",\"valueRequired\":true,\"valueName\":\"search_term_string\"}}],\"inLanguage\":\"fr-FR\"},{\"@type\":\"Organization\",\"@id\":\"https:\\\/\\\/districos.standingout.be\\\/fr\\\/#organization\",\"name\":\"Districos Webshop\",\"url\":\"https:\\\/\\\/districos.standingout.be\\\/fr\\\/\",\"logo\":{\"@type\":\"ImageObject\",\"inLanguage\":\"fr-FR\",\"@id\":\"https:\\\/\\\/districos.standingout.be\\\/fr\\\/#\\\/schema\\\/logo\\\/image\\\/\",\"url\":\"https:\\\/\\\/districos.standingout.be\\\/wp-content\\\/uploads\\\/2022\\\/09\\\/Districos_Logo_Webshop.svg\",\"contentUrl\":\"https:\\\/\\\/districos.standingout.be\\\/wp-content\\\/uploads\\\/2022\\\/09\\\/Districos_Logo_Webshop.svg\",\"caption\":\"Districos Webshop\"},\"image\":{\"@id\":\"https:\\\/\\\/districos.standingout.be\\\/fr\\\/#\\\/schema\\\/logo\\\/image\\\/\"}}]}<\/script>\n<!-- \/ Yoast SEO plugin. -->","yoast_head_json":{"title":"Gelish Harmony Gel Square Brush N\u00b0 6 - Districos Webshop","robots":{"index":"noindex","follow":"follow","max-snippet":"max-snippet:-1","max-image-preview":"max-image-preview:large","max-video-preview":"max-video-preview:-1"},"og_locale":"fr_FR","og_type":"article","og_title":"Gelish Harmony Gel Square Brush N\u00b0 6 - Districos Webshop","og_description":"Permet d\u2019appliquer le Structure Gel ou de tracer la smile line lors d\u2019une French Manucure. Ce pinceau doit \u00eatre nettoy\u00e9 \u00e0 sec avec une \u00e9ponge ou un coton. Ne touchez pas la brosse du pinceau avec vos doigts ! Emballage : 1 pi\u00e8ce","og_url":"https:\/\/districos.standingout.be\/fr\/product\/gelish-harmony-gel-square-brush-n-6-ref-6013-83\/","og_site_name":"Districos Webshop","article_modified_time":"2026-04-28T02:55:46+00:00","og_image":[{"width":600,"height":600,"url":"https:\/\/districos.standingout.be\/wp-content\/uploads\/2025\/07\/6013.83@HighRes_0_99.png","type":"image\/png"}],"twitter_card":"summary_large_image","schema":{"@context":"https:\/\/schema.org","@graph":[{"@type":"WebPage","@id":"https:\/\/districos.standingout.be\/fr\/product\/gelish-harmony-gel-square-brush-n-6-ref-6013-83\/","url":"https:\/\/districos.standingout.be\/fr\/product\/gelish-harmony-gel-square-brush-n-6-ref-6013-83\/","name":"Gelish Harmony Gel Square Brush N\u00b0 6 - Districos Webshop","isPartOf":{"@id":"https:\/\/districos.standingout.be\/fr\/#website"},"primaryImageOfPage":{"@id":"https:\/\/districos.standingout.be\/fr\/product\/gelish-harmony-gel-square-brush-n-6-ref-6013-83\/#primaryimage"},"image":{"@id":"https:\/\/districos.standingout.be\/fr\/product\/gelish-harmony-gel-square-brush-n-6-ref-6013-83\/#primaryimage"},"thumbnailUrl":"https:\/\/districos.standingout.be\/wp-content\/uploads\/2025\/07\/6013.83@HighRes_0_99.png","datePublished":"2026-04-28T02:55:44+00:00","dateModified":"2026-04-28T02:55:46+00:00","breadcrumb":{"@id":"https:\/\/districos.standingout.be\/fr\/product\/gelish-harmony-gel-square-brush-n-6-ref-6013-83\/#breadcrumb"},"inLanguage":"fr-FR","potentialAction":[{"@type":"ReadAction","target":["https:\/\/districos.standingout.be\/fr\/product\/gelish-harmony-gel-square-brush-n-6-ref-6013-83\/"]}]},{"@type":"ImageObject","inLanguage":"fr-FR","@id":"https:\/\/districos.standingout.be\/fr\/product\/gelish-harmony-gel-square-brush-n-6-ref-6013-83\/#primaryimage","url":"https:\/\/districos.standingout.be\/wp-content\/uploads\/2025\/07\/6013.83@HighRes_0_99.png","contentUrl":"https:\/\/districos.standingout.be\/wp-content\/uploads\/2025\/07\/6013.83@HighRes_0_99.png","width":600,"height":600},{"@type":"BreadcrumbList","@id":"https:\/\/districos.standingout.be\/fr\/product\/gelish-harmony-gel-square-brush-n-6-ref-6013-83\/#breadcrumb","itemListElement":[{"@type":"ListItem","position":1,"name":"Home","item":"https:\/\/districos.standingout.be\/fr\/bienvenue-chez-districos\/"},{"@type":"ListItem","position":2,"name":"Boutique","item":"https:\/\/districos.standingout.be\/fr\/boutique\/"},{"@type":"ListItem","position":3,"name":"Gelish Harmony Gel Square Brush N\u00b0 6"}]},{"@type":"WebSite","@id":"https:\/\/districos.standingout.be\/fr\/#website","url":"https:\/\/districos.standingout.be\/fr\/","name":"Districos Webshop","description":"","publisher":{"@id":"https:\/\/districos.standingout.be\/fr\/#organization"},"potentialAction":[{"@type":"SearchAction","target":{"@type":"EntryPoint","urlTemplate":"https:\/\/districos.standingout.be\/fr\/?s={search_term_string}"},"query-input":{"@type":"PropertyValueSpecification","valueRequired":true,"valueName":"search_term_string"}}],"inLanguage":"fr-FR"},{"@type":"Organization","@id":"https:\/\/districos.standingout.be\/fr\/#organization","name":"Districos Webshop","url":"https:\/\/districos.standingout.be\/fr\/","logo":{"@type":"ImageObject","inLanguage":"fr-FR","@id":"https:\/\/districos.standingout.be\/fr\/#\/schema\/logo\/image\/","url":"https:\/\/districos.standingout.be\/wp-content\/uploads\/2022\/09\/Districos_Logo_Webshop.svg","contentUrl":"https:\/\/districos.standingout.be\/wp-content\/uploads\/2022\/09\/Districos_Logo_Webshop.svg","caption":"Districos Webshop"},"image":{"@id":"https:\/\/districos.standingout.be\/fr\/#\/schema\/logo\/image\/"}}]}},"_links":{"self":[{"href":"https:\/\/districos.standingout.be\/fr\/wp-json\/wp\/v2\/product\/135421","targetHints":{"allow":["GET"]}}],"collection":[{"href":"https:\/\/districos.standingout.be\/fr\/wp-json\/wp\/v2\/product"}],"about":[{"href":"https:\/\/districos.standingout.be\/fr\/wp-json\/wp\/v2\/types\/product"}],"replies":[{"embeddable":true,"href":"https:\/\/districos.standingout.be\/fr\/wp-json\/wp\/v2\/comments?post=135421"}],"wp:featuredmedia":[{"embeddable":true,"href":"https:\/\/districos.standingout.be\/fr\/wp-json\/wp\/v2\/media\/74351"}],"wp:attachment":[{"href":"https:\/\/districos.standingout.be\/fr\/wp-json\/wp\/v2\/media?parent=135421"}],"wp:term":[{"taxonomy":"product_brand","embeddable":true,"href":"https:\/\/districos.standingout.be\/fr\/wp-json\/wp\/v2\/product_brand?post=135421"},{"taxonomy":"product_cat","embeddable":true,"href":"https:\/\/districos.standingout.be\/fr\/wp-json\/wp\/v2\/product_cat?post=135421"},{"taxonomy":"product_tag","embeddable":true,"href":"https:\/\/districos.standingout.be\/fr\/wp-json\/wp\/v2\/product_tag?post=135421"}],"curies":[{"name":"wp","href":"https:\/\/api.w.org\/{rel}","templated":true}]}}