{"id":135425,"date":"2026-04-28T05:00:45","date_gmt":"2026-04-28T03:00:45","guid":{"rendered":"https:\/\/webshopdistricoscom.webhosting.be\/product\/gelish-photo-finish-led-gel-15-ml-ref-6015-74-2\/"},"modified":"2026-04-28T05:00:47","modified_gmt":"2026-04-28T03:00:47","slug":"gelish-photo-finish-led-gel-15-ml-ref-6015-74","status":"publish","type":"product","link":"https:\/\/districos.standingout.be\/fr\/product\/gelish-photo-finish-led-gel-15-ml-ref-6015-74\/","title":{"rendered":"Gelish Photo Finish LED Gel 15 ml"},"content":{"rendered":"<p >\n<p dir=ltr>Gel de finition \u2018brush on\u2019 high shine avec couche collante \u00e0 viscosit\u00e9 liquide pour finaliser du gel, de l\u2019acrylique et du PolyGEL\u2122. Contient des UV brighteners qui refl\u00e8tent la clart\u00e9 des couleurs. Laissez refroidir les ongles apr\u00e8s la polym\u00e9risation et enlevez la couche collante avec le Cleanser. <\/p>\n<p> Emballage : flacon de 15 ml<\/p><\/p>\n","protected":false},"excerpt":{"rendered":"<p>Gel de finition \u2018brush on\u2019 high shine avec couche collante \u00e0 viscosit\u00e9 liquide pour finaliser du gel, de l\u2019acrylique et du PolyGEL\u2122. Contient des UV brighteners qui refl\u00e8tent la clart\u00e9 des couleurs. Laissez refroidir les ongles apr\u00e8s la polym\u00e9risation et enlevez la couche collante avec le Cleanser. Emballage : flacon de 15 ml<\/p>\n","protected":false},"featured_media":74366,"comment_status":"open","ping_status":"closed","template":"","meta":{"_acf_changed":false},"product_brand":[10512],"product_cat":[9896],"product_tag":[],"class_list":{"0":"post-135425","1":"product","2":"type-product","3":"status-publish","4":"has-post-thumbnail","6":"product_brand-polygel-gelish-fr","7":"product_cat-beaute-manucure-ongles-gel-gel-polish","9":"first","10":"instock","11":"taxable","12":"shipping-taxable","13":"product-type-simple"},"acf":[],"yoast_head":"<!-- This site is optimized with the Yoast SEO plugin v27.3 - https:\/\/yoast.com\/product\/yoast-seo-wordpress\/ -->\n<title>Gelish Photo Finish LED Gel 15 ml - Districos Webshop<\/title>\n<meta name=\"robots\" content=\"noindex, follow, max-snippet:-1, max-image-preview:large, max-video-preview:-1\" \/>\n<meta property=\"og:locale\" content=\"fr_FR\" \/>\n<meta property=\"og:type\" content=\"article\" \/>\n<meta property=\"og:title\" content=\"Gelish Photo Finish LED Gel 15 ml - Districos Webshop\" \/>\n<meta property=\"og:description\" content=\"Gel de finition \u2018brush on\u2019 high shine avec couche collante \u00e0 viscosit\u00e9 liquide pour finaliser du gel, de l\u2019acrylique et du PolyGEL\u2122. Contient des UV brighteners qui refl\u00e8tent la clart\u00e9 des couleurs. Laissez refroidir les ongles apr\u00e8s la polym\u00e9risation et enlevez la couche collante avec le Cleanser. Emballage : flacon de 15 ml\" \/>\n<meta property=\"og:url\" content=\"https:\/\/districos.standingout.be\/fr\/product\/gelish-photo-finish-led-gel-15-ml-ref-6015-74\/\" \/>\n<meta property=\"og:site_name\" content=\"Districos Webshop\" \/>\n<meta property=\"article:modified_time\" content=\"2026-04-28T03:00:47+00:00\" \/>\n<meta property=\"og:image\" content=\"https:\/\/districos.standingout.be\/wp-content\/uploads\/2025\/07\/6015.74@LowRes_1_0.png\" \/>\n\t<meta property=\"og:image:width\" content=\"600\" \/>\n\t<meta property=\"og:image:height\" content=\"600\" \/>\n\t<meta property=\"og:image:type\" content=\"image\/png\" \/>\n<meta name=\"twitter:card\" content=\"summary_large_image\" \/>\n<script type=\"application\/ld+json\" class=\"yoast-schema-graph\">{\"@context\":\"https:\\\/\\\/schema.org\",\"@graph\":[{\"@type\":\"WebPage\",\"@id\":\"https:\\\/\\\/districos.standingout.be\\\/fr\\\/product\\\/gelish-photo-finish-led-gel-15-ml-ref-6015-74\\\/\",\"url\":\"https:\\\/\\\/districos.standingout.be\\\/fr\\\/product\\\/gelish-photo-finish-led-gel-15-ml-ref-6015-74\\\/\",\"name\":\"Gelish Photo Finish LED Gel 15 ml - Districos Webshop\",\"isPartOf\":{\"@id\":\"https:\\\/\\\/districos.standingout.be\\\/fr\\\/#website\"},\"primaryImageOfPage\":{\"@id\":\"https:\\\/\\\/districos.standingout.be\\\/fr\\\/product\\\/gelish-photo-finish-led-gel-15-ml-ref-6015-74\\\/#primaryimage\"},\"image\":{\"@id\":\"https:\\\/\\\/districos.standingout.be\\\/fr\\\/product\\\/gelish-photo-finish-led-gel-15-ml-ref-6015-74\\\/#primaryimage\"},\"thumbnailUrl\":\"https:\\\/\\\/districos.standingout.be\\\/wp-content\\\/uploads\\\/2025\\\/07\\\/6015.74@LowRes_1_0.png\",\"datePublished\":\"2026-04-28T03:00:45+00:00\",\"dateModified\":\"2026-04-28T03:00:47+00:00\",\"breadcrumb\":{\"@id\":\"https:\\\/\\\/districos.standingout.be\\\/fr\\\/product\\\/gelish-photo-finish-led-gel-15-ml-ref-6015-74\\\/#breadcrumb\"},\"inLanguage\":\"fr-FR\",\"potentialAction\":[{\"@type\":\"ReadAction\",\"target\":[\"https:\\\/\\\/districos.standingout.be\\\/fr\\\/product\\\/gelish-photo-finish-led-gel-15-ml-ref-6015-74\\\/\"]}]},{\"@type\":\"ImageObject\",\"inLanguage\":\"fr-FR\",\"@id\":\"https:\\\/\\\/districos.standingout.be\\\/fr\\\/product\\\/gelish-photo-finish-led-gel-15-ml-ref-6015-74\\\/#primaryimage\",\"url\":\"https:\\\/\\\/districos.standingout.be\\\/wp-content\\\/uploads\\\/2025\\\/07\\\/6015.74@LowRes_1_0.png\",\"contentUrl\":\"https:\\\/\\\/districos.standingout.be\\\/wp-content\\\/uploads\\\/2025\\\/07\\\/6015.74@LowRes_1_0.png\",\"width\":600,\"height\":600},{\"@type\":\"BreadcrumbList\",\"@id\":\"https:\\\/\\\/districos.standingout.be\\\/fr\\\/product\\\/gelish-photo-finish-led-gel-15-ml-ref-6015-74\\\/#breadcrumb\",\"itemListElement\":[{\"@type\":\"ListItem\",\"position\":1,\"name\":\"Home\",\"item\":\"https:\\\/\\\/districos.standingout.be\\\/fr\\\/bienvenue-chez-districos\\\/\"},{\"@type\":\"ListItem\",\"position\":2,\"name\":\"Boutique\",\"item\":\"https:\\\/\\\/districos.standingout.be\\\/fr\\\/boutique\\\/\"},{\"@type\":\"ListItem\",\"position\":3,\"name\":\"Gelish Photo Finish LED Gel 15 ml\"}]},{\"@type\":\"WebSite\",\"@id\":\"https:\\\/\\\/districos.standingout.be\\\/fr\\\/#website\",\"url\":\"https:\\\/\\\/districos.standingout.be\\\/fr\\\/\",\"name\":\"Districos Webshop\",\"description\":\"\",\"publisher\":{\"@id\":\"https:\\\/\\\/districos.standingout.be\\\/fr\\\/#organization\"},\"potentialAction\":[{\"@type\":\"SearchAction\",\"target\":{\"@type\":\"EntryPoint\",\"urlTemplate\":\"https:\\\/\\\/districos.standingout.be\\\/fr\\\/?s={search_term_string}\"},\"query-input\":{\"@type\":\"PropertyValueSpecification\",\"valueRequired\":true,\"valueName\":\"search_term_string\"}}],\"inLanguage\":\"fr-FR\"},{\"@type\":\"Organization\",\"@id\":\"https:\\\/\\\/districos.standingout.be\\\/fr\\\/#organization\",\"name\":\"Districos Webshop\",\"url\":\"https:\\\/\\\/districos.standingout.be\\\/fr\\\/\",\"logo\":{\"@type\":\"ImageObject\",\"inLanguage\":\"fr-FR\",\"@id\":\"https:\\\/\\\/districos.standingout.be\\\/fr\\\/#\\\/schema\\\/logo\\\/image\\\/\",\"url\":\"https:\\\/\\\/districos.standingout.be\\\/wp-content\\\/uploads\\\/2022\\\/09\\\/Districos_Logo_Webshop.svg\",\"contentUrl\":\"https:\\\/\\\/districos.standingout.be\\\/wp-content\\\/uploads\\\/2022\\\/09\\\/Districos_Logo_Webshop.svg\",\"caption\":\"Districos Webshop\"},\"image\":{\"@id\":\"https:\\\/\\\/districos.standingout.be\\\/fr\\\/#\\\/schema\\\/logo\\\/image\\\/\"}}]}<\/script>\n<!-- \/ Yoast SEO plugin. -->","yoast_head_json":{"title":"Gelish Photo Finish LED Gel 15 ml - Districos Webshop","robots":{"index":"noindex","follow":"follow","max-snippet":"max-snippet:-1","max-image-preview":"max-image-preview:large","max-video-preview":"max-video-preview:-1"},"og_locale":"fr_FR","og_type":"article","og_title":"Gelish Photo Finish LED Gel 15 ml - Districos Webshop","og_description":"Gel de finition \u2018brush on\u2019 high shine avec couche collante \u00e0 viscosit\u00e9 liquide pour finaliser du gel, de l\u2019acrylique et du PolyGEL\u2122. Contient des UV brighteners qui refl\u00e8tent la clart\u00e9 des couleurs. Laissez refroidir les ongles apr\u00e8s la polym\u00e9risation et enlevez la couche collante avec le Cleanser. Emballage : flacon de 15 ml","og_url":"https:\/\/districos.standingout.be\/fr\/product\/gelish-photo-finish-led-gel-15-ml-ref-6015-74\/","og_site_name":"Districos Webshop","article_modified_time":"2026-04-28T03:00:47+00:00","og_image":[{"width":600,"height":600,"url":"https:\/\/districos.standingout.be\/wp-content\/uploads\/2025\/07\/6015.74@LowRes_1_0.png","type":"image\/png"}],"twitter_card":"summary_large_image","schema":{"@context":"https:\/\/schema.org","@graph":[{"@type":"WebPage","@id":"https:\/\/districos.standingout.be\/fr\/product\/gelish-photo-finish-led-gel-15-ml-ref-6015-74\/","url":"https:\/\/districos.standingout.be\/fr\/product\/gelish-photo-finish-led-gel-15-ml-ref-6015-74\/","name":"Gelish Photo Finish LED Gel 15 ml - Districos Webshop","isPartOf":{"@id":"https:\/\/districos.standingout.be\/fr\/#website"},"primaryImageOfPage":{"@id":"https:\/\/districos.standingout.be\/fr\/product\/gelish-photo-finish-led-gel-15-ml-ref-6015-74\/#primaryimage"},"image":{"@id":"https:\/\/districos.standingout.be\/fr\/product\/gelish-photo-finish-led-gel-15-ml-ref-6015-74\/#primaryimage"},"thumbnailUrl":"https:\/\/districos.standingout.be\/wp-content\/uploads\/2025\/07\/6015.74@LowRes_1_0.png","datePublished":"2026-04-28T03:00:45+00:00","dateModified":"2026-04-28T03:00:47+00:00","breadcrumb":{"@id":"https:\/\/districos.standingout.be\/fr\/product\/gelish-photo-finish-led-gel-15-ml-ref-6015-74\/#breadcrumb"},"inLanguage":"fr-FR","potentialAction":[{"@type":"ReadAction","target":["https:\/\/districos.standingout.be\/fr\/product\/gelish-photo-finish-led-gel-15-ml-ref-6015-74\/"]}]},{"@type":"ImageObject","inLanguage":"fr-FR","@id":"https:\/\/districos.standingout.be\/fr\/product\/gelish-photo-finish-led-gel-15-ml-ref-6015-74\/#primaryimage","url":"https:\/\/districos.standingout.be\/wp-content\/uploads\/2025\/07\/6015.74@LowRes_1_0.png","contentUrl":"https:\/\/districos.standingout.be\/wp-content\/uploads\/2025\/07\/6015.74@LowRes_1_0.png","width":600,"height":600},{"@type":"BreadcrumbList","@id":"https:\/\/districos.standingout.be\/fr\/product\/gelish-photo-finish-led-gel-15-ml-ref-6015-74\/#breadcrumb","itemListElement":[{"@type":"ListItem","position":1,"name":"Home","item":"https:\/\/districos.standingout.be\/fr\/bienvenue-chez-districos\/"},{"@type":"ListItem","position":2,"name":"Boutique","item":"https:\/\/districos.standingout.be\/fr\/boutique\/"},{"@type":"ListItem","position":3,"name":"Gelish Photo Finish LED Gel 15 ml"}]},{"@type":"WebSite","@id":"https:\/\/districos.standingout.be\/fr\/#website","url":"https:\/\/districos.standingout.be\/fr\/","name":"Districos Webshop","description":"","publisher":{"@id":"https:\/\/districos.standingout.be\/fr\/#organization"},"potentialAction":[{"@type":"SearchAction","target":{"@type":"EntryPoint","urlTemplate":"https:\/\/districos.standingout.be\/fr\/?s={search_term_string}"},"query-input":{"@type":"PropertyValueSpecification","valueRequired":true,"valueName":"search_term_string"}}],"inLanguage":"fr-FR"},{"@type":"Organization","@id":"https:\/\/districos.standingout.be\/fr\/#organization","name":"Districos Webshop","url":"https:\/\/districos.standingout.be\/fr\/","logo":{"@type":"ImageObject","inLanguage":"fr-FR","@id":"https:\/\/districos.standingout.be\/fr\/#\/schema\/logo\/image\/","url":"https:\/\/districos.standingout.be\/wp-content\/uploads\/2022\/09\/Districos_Logo_Webshop.svg","contentUrl":"https:\/\/districos.standingout.be\/wp-content\/uploads\/2022\/09\/Districos_Logo_Webshop.svg","caption":"Districos Webshop"},"image":{"@id":"https:\/\/districos.standingout.be\/fr\/#\/schema\/logo\/image\/"}}]}},"_links":{"self":[{"href":"https:\/\/districos.standingout.be\/fr\/wp-json\/wp\/v2\/product\/135425","targetHints":{"allow":["GET"]}}],"collection":[{"href":"https:\/\/districos.standingout.be\/fr\/wp-json\/wp\/v2\/product"}],"about":[{"href":"https:\/\/districos.standingout.be\/fr\/wp-json\/wp\/v2\/types\/product"}],"replies":[{"embeddable":true,"href":"https:\/\/districos.standingout.be\/fr\/wp-json\/wp\/v2\/comments?post=135425"}],"wp:featuredmedia":[{"embeddable":true,"href":"https:\/\/districos.standingout.be\/fr\/wp-json\/wp\/v2\/media\/74366"}],"wp:attachment":[{"href":"https:\/\/districos.standingout.be\/fr\/wp-json\/wp\/v2\/media?parent=135425"}],"wp:term":[{"taxonomy":"product_brand","embeddable":true,"href":"https:\/\/districos.standingout.be\/fr\/wp-json\/wp\/v2\/product_brand?post=135425"},{"taxonomy":"product_cat","embeddable":true,"href":"https:\/\/districos.standingout.be\/fr\/wp-json\/wp\/v2\/product_cat?post=135425"},{"taxonomy":"product_tag","embeddable":true,"href":"https:\/\/districos.standingout.be\/fr\/wp-json\/wp\/v2\/product_tag?post=135425"}],"curies":[{"name":"wp","href":"https:\/\/api.w.org\/{rel}","templated":true}]}}