{"id":135447,"date":"2026-04-28T05:05:28","date_gmt":"2026-04-28T03:05:28","guid":{"rendered":"https:\/\/webshopdistricoscom.webhosting.be\/product\/cobra-set-domicile-reparation-des-ongles-ref-6030-020\/"},"modified":"2026-04-28T05:05:30","modified_gmt":"2026-04-28T03:05:30","slug":"cobra-set-domicile-reparation-des-ongles-ref-6030-020","status":"publish","type":"product","link":"https:\/\/districos.standingout.be\/fr\/product\/cobra-set-domicile-reparation-des-ongles-ref-6030-020\/","title":{"rendered":"Cobra Set Domicile R\u00e9paration des Ongles"},"content":{"rendered":"<p >\n<\/p>\n<\/p>\n<\/p>\n<\/p>\n<\/p>\n<\/p>\n<\/p>\n<\/p>\n<\/p>\n<\/p>\n<\/p>\n<\/p>\n<\/p>\n<\/p>\n<p dir=\"ltr\"><b>COBRA HOME NAIL REPAIR KIT &#8211; R\u00c9PAREZ EN RENFORCEZ LES ONGLES AB\u00ceM\u00c9S EN 7 JOURS !<\/b><\/p>\n<p dir=\"ltr\">Vous aimeriez avoir de beaux d&rsquo;ongles, mais votre plaque d&rsquo;ongle naturelle est endommag\u00e9e ou n&rsquo;est pas dans un \u00e9tat optimal ? Donnez \u00e0 vos ongles le soin qu&rsquo;ils m\u00e9ritent avec le kit de r\u00e9paration d&rsquo;ongles Cobra Home. Ce set complet est sp\u00e9cialement formul\u00e9 pour r\u00e9parer et renforcer les ongles ab\u00eem\u00e9s, cassants et affaiblis en seulement 7 jours. Gr\u00e2ce au puissant Cobra Nail Restore Serum et \u00e0 des accessoires soigneusement s\u00e9lectionn\u00e9s, vous retrouverez des ongles naturels forts, sains et brillants en un rien de temps.<br \/><b>Contenu<\/b><\/p>\n<ul>\n<li> 1 x lime en verre Cobra 120 mm : pour limer l&rsquo;ongle en douceur et en toute s\u00e9curit\u00e9. Pr\u00e9vient les d\u00e9doublements et les fissures.<\/li>\n<li> 1 x B\u00e2tonnet en bois d&rsquo;oranger&nbsp; : pour repousser d\u00e9licatement les cuticules.<\/li>\n<li> 1 x Lime \u00e0 polir rose Cobra : lisse la plaque de l&rsquo;ongle et \u00e9limine les impuret\u00e9s pour une finition lisse et une application sans probl\u00e8me du Cobra Nail Restore Serum.<\/li>\n<li> 1 x Cobra Nail Restore Serum : S\u00e9rum innovant pour un soin intensif des ongles cassants et ab\u00eem\u00e9s. Des ongles plus forts et plus sains en 7 jours.<\/li>\n<li>Pas \u00e0 pas<\/li>\n<\/ul>\n<p><span><b>Mode d&#8217;emploi&nbsp;<\/b><\/span><\/p>\n<ol dir=\"ltr\">\n<li>Limez l&rsquo;ongle \u00e0 l&rsquo;aide de la lime en verre Cobra.<\/li>\n<li>Repoussez d\u00e9licatement les cuticules.<\/li>\n<li>\u00c9liminez les r\u00e9sidus de peau de la plaque de l&rsquo;ongle avec le b\u00e2tonnet en bois d&rsquo;oranger.<\/li>\n<li>Nettoyez la plaque de l&rsquo;ongle et la lisser d\u00e9licatement avec le c\u00f4t\u00e9 blanc de la lime \u00e0 polir rose Cobra.<\/li>\n<li>Appliquez une petite quantit\u00e9 de <b>Cobra Nail Rzestore Serum<\/b> sur chaque ongle.<\/li>\n<li>Faites p\u00e9n\u00e9trer le s\u00e9rum en massant doucement, de la cuticule au bord de l&rsquo;ongle.<\/li>\n<li>R\u00e9p\u00e9ter <b>3 \u00e0 4 fois par jour<\/b>, sans enlever ni rincer la couche pr\u00e9c\u00e9dente.<\/li>\n<\/ol>\n<div>\n<div>\n<div data-message-author-role=\"assistant\" data-message-id=\"76279964-de09-4818-8955-0460f5241d35\" dir=\"auto\" data-message-model-slug=\"gpt-4o\">\n<div>\n<div>\n<p data-start=\"0\" data-end=\"41\" data-is-last-node=\"\" data-is-only-node=\"\"><\/p>\n<p data-start=\"0\" data-end=\"41\" data-is-last-node=\"\" data-is-only-node=\"\">Regardez notre vid\u00e9o \u00e9tape par \u00e9tape <a href=\"https:\/\/www.youtube.com\/shorts\/r-LVqud7pGA\" target=\"_blank\" rel=\"noopener noreferrer nofollow\">ici<\/a>.<\/p>\n<p data-start=\"0\" data-end=\"41\" data-is-last-node=\"\" data-is-only-node=\"\"><b>Aussi disponible :<\/b><span><\/p>\n<ul>\n<li><span>Cobra Nail Restore Serum 10 ml (<\/span><a href=\"https:\/\/webshop.districos.com\/ProductDetail\/6030.021\"style=\"font-size: 10pt;\" target=\"_blank\" rel=\"noopener noreferrer nofollow\">r\u00e9f. 6030.021<\/a><span>)<\/span><\/li>\n<\/ul>\n<p><\/span><\/p>\n<\/div>\n<\/div>\n<\/div>\n<\/div>\n<div>\n<div><span data-state=\"closed\"><button type=\"button\" id=\"radix-\u00abr2h\u00bb\" aria-haspopup=\"menu\" aria-expanded=\"false\" data-state=\"closed\"><\/p>\n<div><svg width=\"24\" height=\"24\" viewBox=\"0 0 24 24\" fill=\"none\" xmlns=\"http:\/\/www.w3.org\/2000\/svg\"><path fill-rule=\"evenodd\" clip-rule=\"evenodd\" d=\"M5.29289 9.29289C5.68342 8.90237 6.31658 8.90237 6.70711 9.29289L12 14.5858L17.2929 9.29289C17.6834 8.90237 18.3166 8.90237 18.7071 9.29289C19.0976 9.68342 19.0976 10.3166 18.7071 10.7071L12.7071 16.7071C12.5196 16.8946 12.2652 17 12 17C11.7348 17 11.4804 16.8946 11.2929 16.7071L5.29289 10.7071C4.90237 10.3166 4.90237 9.68342 5.29289 9.29289Z\" fill=\"currentColor\"><\/path><\/svg><\/div>\n<p><\/button><\/span><\/div>\n<\/p><\/div>\n<div>\n<div>\n<div>\n<div>\n<div>\n<div><\/div>\n<\/div>\n<\/div>\n<\/div>\n<\/div>\n<\/div>\n<\/div>\n<\/p><\/p>\n","protected":false},"excerpt":{"rendered":"<p>COBRA HOME NAIL REPAIR KIT &#8211; R\u00c9PAREZ EN RENFORCEZ LES ONGLES AB\u00ceM\u00c9S EN 7 JOURS ! Vous aimeriez avoir de beaux d&rsquo;ongles, mais votre plaque d&rsquo;ongle naturelle est endommag\u00e9e ou n&rsquo;est pas dans un \u00e9tat optimal ? Donnez \u00e0 vos ongles le soin qu&rsquo;ils m\u00e9ritent avec le kit de r\u00e9paration d&rsquo;ongles Cobra Home. Ce set [&hellip;]<\/p>\n","protected":false},"featured_media":145684,"comment_status":"open","ping_status":"closed","template":"","meta":{"_acf_changed":false},"product_brand":[10340],"product_cat":[9898],"product_tag":[],"class_list":{"0":"post-135447","1":"product","2":"type-product","3":"status-publish","4":"has-post-thumbnail","6":"product_brand-cobra-nails-fr","7":"product_cat-beaute-manucure-ongles-vernis-a-ongles","9":"first","10":"instock","11":"taxable","12":"shipping-taxable","13":"product-type-simple"},"acf":[],"yoast_head":"<!-- This site is optimized with the Yoast SEO plugin v27.3 - https:\/\/yoast.com\/product\/yoast-seo-wordpress\/ -->\n<title>Cobra Set Domicile R\u00e9paration des Ongles - Districos Webshop<\/title>\n<meta name=\"robots\" content=\"noindex, follow, max-snippet:-1, max-image-preview:large, max-video-preview:-1\" \/>\n<meta property=\"og:locale\" content=\"fr_FR\" \/>\n<meta property=\"og:type\" content=\"article\" \/>\n<meta property=\"og:title\" content=\"Cobra Set Domicile R\u00e9paration des Ongles - Districos Webshop\" \/>\n<meta property=\"og:description\" content=\"COBRA HOME NAIL REPAIR KIT &#8211; R\u00c9PAREZ EN RENFORCEZ LES ONGLES AB\u00ceM\u00c9S EN 7 JOURS ! Vous aimeriez avoir de beaux d&rsquo;ongles, mais votre plaque d&rsquo;ongle naturelle est endommag\u00e9e ou n&rsquo;est pas dans un \u00e9tat optimal ? Donnez \u00e0 vos ongles le soin qu&rsquo;ils m\u00e9ritent avec le kit de r\u00e9paration d&rsquo;ongles Cobra Home. Ce set [&hellip;]\" \/>\n<meta property=\"og:url\" content=\"https:\/\/districos.standingout.be\/fr\/product\/cobra-set-domicile-reparation-des-ongles-ref-6030-020\/\" \/>\n<meta property=\"og:site_name\" content=\"Districos Webshop\" \/>\n<meta property=\"article:modified_time\" content=\"2026-04-28T03:05:30+00:00\" \/>\n<meta property=\"og:image\" content=\"https:\/\/districos.standingout.be\/wp-content\/uploads\/2026\/04\/6030.020@Cobra-Home-Herstelset-voor-Nagels_1-2.png\" \/>\n\t<meta property=\"og:image:width\" content=\"600\" \/>\n\t<meta property=\"og:image:height\" content=\"600\" \/>\n\t<meta property=\"og:image:type\" content=\"image\/png\" \/>\n<meta name=\"twitter:card\" content=\"summary_large_image\" \/>\n<meta name=\"twitter:label1\" content=\"Dur\u00e9e de lecture estim\u00e9e\" \/>\n\t<meta name=\"twitter:data1\" content=\"2 minutes\" \/>\n<script type=\"application\/ld+json\" class=\"yoast-schema-graph\">{\"@context\":\"https:\\\/\\\/schema.org\",\"@graph\":[{\"@type\":\"WebPage\",\"@id\":\"https:\\\/\\\/districos.standingout.be\\\/fr\\\/product\\\/cobra-set-domicile-reparation-des-ongles-ref-6030-020\\\/\",\"url\":\"https:\\\/\\\/districos.standingout.be\\\/fr\\\/product\\\/cobra-set-domicile-reparation-des-ongles-ref-6030-020\\\/\",\"name\":\"Cobra Set Domicile R\u00e9paration des Ongles - Districos Webshop\",\"isPartOf\":{\"@id\":\"https:\\\/\\\/districos.standingout.be\\\/fr\\\/#website\"},\"primaryImageOfPage\":{\"@id\":\"https:\\\/\\\/districos.standingout.be\\\/fr\\\/product\\\/cobra-set-domicile-reparation-des-ongles-ref-6030-020\\\/#primaryimage\"},\"image\":{\"@id\":\"https:\\\/\\\/districos.standingout.be\\\/fr\\\/product\\\/cobra-set-domicile-reparation-des-ongles-ref-6030-020\\\/#primaryimage\"},\"thumbnailUrl\":\"https:\\\/\\\/districos.standingout.be\\\/wp-content\\\/uploads\\\/2026\\\/04\\\/6030.020@Cobra-Home-Herstelset-voor-Nagels_1-3.png\",\"datePublished\":\"2026-04-28T03:05:28+00:00\",\"dateModified\":\"2026-04-28T03:05:30+00:00\",\"breadcrumb\":{\"@id\":\"https:\\\/\\\/districos.standingout.be\\\/fr\\\/product\\\/cobra-set-domicile-reparation-des-ongles-ref-6030-020\\\/#breadcrumb\"},\"inLanguage\":\"fr-FR\",\"potentialAction\":[{\"@type\":\"ReadAction\",\"target\":[\"https:\\\/\\\/districos.standingout.be\\\/fr\\\/product\\\/cobra-set-domicile-reparation-des-ongles-ref-6030-020\\\/\"]}]},{\"@type\":\"ImageObject\",\"inLanguage\":\"fr-FR\",\"@id\":\"https:\\\/\\\/districos.standingout.be\\\/fr\\\/product\\\/cobra-set-domicile-reparation-des-ongles-ref-6030-020\\\/#primaryimage\",\"url\":\"https:\\\/\\\/districos.standingout.be\\\/wp-content\\\/uploads\\\/2026\\\/04\\\/6030.020@Cobra-Home-Herstelset-voor-Nagels_1-3.png\",\"contentUrl\":\"https:\\\/\\\/districos.standingout.be\\\/wp-content\\\/uploads\\\/2026\\\/04\\\/6030.020@Cobra-Home-Herstelset-voor-Nagels_1-3.png\",\"width\":600,\"height\":600},{\"@type\":\"BreadcrumbList\",\"@id\":\"https:\\\/\\\/districos.standingout.be\\\/fr\\\/product\\\/cobra-set-domicile-reparation-des-ongles-ref-6030-020\\\/#breadcrumb\",\"itemListElement\":[{\"@type\":\"ListItem\",\"position\":1,\"name\":\"Home\",\"item\":\"https:\\\/\\\/districos.standingout.be\\\/fr\\\/bienvenue-chez-districos\\\/\"},{\"@type\":\"ListItem\",\"position\":2,\"name\":\"Boutique\",\"item\":\"https:\\\/\\\/districos.standingout.be\\\/fr\\\/boutique\\\/\"},{\"@type\":\"ListItem\",\"position\":3,\"name\":\"Cobra Set Domicile R\u00e9paration des Ongles\"}]},{\"@type\":\"WebSite\",\"@id\":\"https:\\\/\\\/districos.standingout.be\\\/fr\\\/#website\",\"url\":\"https:\\\/\\\/districos.standingout.be\\\/fr\\\/\",\"name\":\"Districos Webshop\",\"description\":\"\",\"publisher\":{\"@id\":\"https:\\\/\\\/districos.standingout.be\\\/fr\\\/#organization\"},\"potentialAction\":[{\"@type\":\"SearchAction\",\"target\":{\"@type\":\"EntryPoint\",\"urlTemplate\":\"https:\\\/\\\/districos.standingout.be\\\/fr\\\/?s={search_term_string}\"},\"query-input\":{\"@type\":\"PropertyValueSpecification\",\"valueRequired\":true,\"valueName\":\"search_term_string\"}}],\"inLanguage\":\"fr-FR\"},{\"@type\":\"Organization\",\"@id\":\"https:\\\/\\\/districos.standingout.be\\\/fr\\\/#organization\",\"name\":\"Districos Webshop\",\"url\":\"https:\\\/\\\/districos.standingout.be\\\/fr\\\/\",\"logo\":{\"@type\":\"ImageObject\",\"inLanguage\":\"fr-FR\",\"@id\":\"https:\\\/\\\/districos.standingout.be\\\/fr\\\/#\\\/schema\\\/logo\\\/image\\\/\",\"url\":\"https:\\\/\\\/districos.standingout.be\\\/wp-content\\\/uploads\\\/2022\\\/09\\\/Districos_Logo_Webshop.svg\",\"contentUrl\":\"https:\\\/\\\/districos.standingout.be\\\/wp-content\\\/uploads\\\/2022\\\/09\\\/Districos_Logo_Webshop.svg\",\"caption\":\"Districos Webshop\"},\"image\":{\"@id\":\"https:\\\/\\\/districos.standingout.be\\\/fr\\\/#\\\/schema\\\/logo\\\/image\\\/\"}}]}<\/script>\n<!-- \/ Yoast SEO plugin. -->","yoast_head_json":{"title":"Cobra Set Domicile R\u00e9paration des Ongles - Districos Webshop","robots":{"index":"noindex","follow":"follow","max-snippet":"max-snippet:-1","max-image-preview":"max-image-preview:large","max-video-preview":"max-video-preview:-1"},"og_locale":"fr_FR","og_type":"article","og_title":"Cobra Set Domicile R\u00e9paration des Ongles - Districos Webshop","og_description":"COBRA HOME NAIL REPAIR KIT &#8211; R\u00c9PAREZ EN RENFORCEZ LES ONGLES AB\u00ceM\u00c9S EN 7 JOURS ! Vous aimeriez avoir de beaux d&rsquo;ongles, mais votre plaque d&rsquo;ongle naturelle est endommag\u00e9e ou n&rsquo;est pas dans un \u00e9tat optimal ? Donnez \u00e0 vos ongles le soin qu&rsquo;ils m\u00e9ritent avec le kit de r\u00e9paration d&rsquo;ongles Cobra Home. Ce set [&hellip;]","og_url":"https:\/\/districos.standingout.be\/fr\/product\/cobra-set-domicile-reparation-des-ongles-ref-6030-020\/","og_site_name":"Districos Webshop","article_modified_time":"2026-04-28T03:05:30+00:00","og_image":[{"width":600,"height":600,"url":"https:\/\/districos.standingout.be\/wp-content\/uploads\/2026\/04\/6030.020@Cobra-Home-Herstelset-voor-Nagels_1-2.png","type":"image\/png"}],"twitter_card":"summary_large_image","twitter_misc":{"Dur\u00e9e de lecture estim\u00e9e":"2 minutes"},"schema":{"@context":"https:\/\/schema.org","@graph":[{"@type":"WebPage","@id":"https:\/\/districos.standingout.be\/fr\/product\/cobra-set-domicile-reparation-des-ongles-ref-6030-020\/","url":"https:\/\/districos.standingout.be\/fr\/product\/cobra-set-domicile-reparation-des-ongles-ref-6030-020\/","name":"Cobra Set Domicile R\u00e9paration des Ongles - Districos Webshop","isPartOf":{"@id":"https:\/\/districos.standingout.be\/fr\/#website"},"primaryImageOfPage":{"@id":"https:\/\/districos.standingout.be\/fr\/product\/cobra-set-domicile-reparation-des-ongles-ref-6030-020\/#primaryimage"},"image":{"@id":"https:\/\/districos.standingout.be\/fr\/product\/cobra-set-domicile-reparation-des-ongles-ref-6030-020\/#primaryimage"},"thumbnailUrl":"https:\/\/districos.standingout.be\/wp-content\/uploads\/2026\/04\/6030.020@Cobra-Home-Herstelset-voor-Nagels_1-3.png","datePublished":"2026-04-28T03:05:28+00:00","dateModified":"2026-04-28T03:05:30+00:00","breadcrumb":{"@id":"https:\/\/districos.standingout.be\/fr\/product\/cobra-set-domicile-reparation-des-ongles-ref-6030-020\/#breadcrumb"},"inLanguage":"fr-FR","potentialAction":[{"@type":"ReadAction","target":["https:\/\/districos.standingout.be\/fr\/product\/cobra-set-domicile-reparation-des-ongles-ref-6030-020\/"]}]},{"@type":"ImageObject","inLanguage":"fr-FR","@id":"https:\/\/districos.standingout.be\/fr\/product\/cobra-set-domicile-reparation-des-ongles-ref-6030-020\/#primaryimage","url":"https:\/\/districos.standingout.be\/wp-content\/uploads\/2026\/04\/6030.020@Cobra-Home-Herstelset-voor-Nagels_1-3.png","contentUrl":"https:\/\/districos.standingout.be\/wp-content\/uploads\/2026\/04\/6030.020@Cobra-Home-Herstelset-voor-Nagels_1-3.png","width":600,"height":600},{"@type":"BreadcrumbList","@id":"https:\/\/districos.standingout.be\/fr\/product\/cobra-set-domicile-reparation-des-ongles-ref-6030-020\/#breadcrumb","itemListElement":[{"@type":"ListItem","position":1,"name":"Home","item":"https:\/\/districos.standingout.be\/fr\/bienvenue-chez-districos\/"},{"@type":"ListItem","position":2,"name":"Boutique","item":"https:\/\/districos.standingout.be\/fr\/boutique\/"},{"@type":"ListItem","position":3,"name":"Cobra Set Domicile R\u00e9paration des Ongles"}]},{"@type":"WebSite","@id":"https:\/\/districos.standingout.be\/fr\/#website","url":"https:\/\/districos.standingout.be\/fr\/","name":"Districos Webshop","description":"","publisher":{"@id":"https:\/\/districos.standingout.be\/fr\/#organization"},"potentialAction":[{"@type":"SearchAction","target":{"@type":"EntryPoint","urlTemplate":"https:\/\/districos.standingout.be\/fr\/?s={search_term_string}"},"query-input":{"@type":"PropertyValueSpecification","valueRequired":true,"valueName":"search_term_string"}}],"inLanguage":"fr-FR"},{"@type":"Organization","@id":"https:\/\/districos.standingout.be\/fr\/#organization","name":"Districos Webshop","url":"https:\/\/districos.standingout.be\/fr\/","logo":{"@type":"ImageObject","inLanguage":"fr-FR","@id":"https:\/\/districos.standingout.be\/fr\/#\/schema\/logo\/image\/","url":"https:\/\/districos.standingout.be\/wp-content\/uploads\/2022\/09\/Districos_Logo_Webshop.svg","contentUrl":"https:\/\/districos.standingout.be\/wp-content\/uploads\/2022\/09\/Districos_Logo_Webshop.svg","caption":"Districos Webshop"},"image":{"@id":"https:\/\/districos.standingout.be\/fr\/#\/schema\/logo\/image\/"}}]}},"_links":{"self":[{"href":"https:\/\/districos.standingout.be\/fr\/wp-json\/wp\/v2\/product\/135447","targetHints":{"allow":["GET"]}}],"collection":[{"href":"https:\/\/districos.standingout.be\/fr\/wp-json\/wp\/v2\/product"}],"about":[{"href":"https:\/\/districos.standingout.be\/fr\/wp-json\/wp\/v2\/types\/product"}],"replies":[{"embeddable":true,"href":"https:\/\/districos.standingout.be\/fr\/wp-json\/wp\/v2\/comments?post=135447"}],"wp:featuredmedia":[{"embeddable":true,"href":"https:\/\/districos.standingout.be\/fr\/wp-json\/wp\/v2\/media\/145684"}],"wp:attachment":[{"href":"https:\/\/districos.standingout.be\/fr\/wp-json\/wp\/v2\/media?parent=135447"}],"wp:term":[{"taxonomy":"product_brand","embeddable":true,"href":"https:\/\/districos.standingout.be\/fr\/wp-json\/wp\/v2\/product_brand?post=135447"},{"taxonomy":"product_cat","embeddable":true,"href":"https:\/\/districos.standingout.be\/fr\/wp-json\/wp\/v2\/product_cat?post=135447"},{"taxonomy":"product_tag","embeddable":true,"href":"https:\/\/districos.standingout.be\/fr\/wp-json\/wp\/v2\/product_tag?post=135447"}],"curies":[{"name":"wp","href":"https:\/\/api.w.org\/{rel}","templated":true}]}}