{"id":135449,"date":"2026-04-28T05:05:30","date_gmt":"2026-04-28T03:05:30","guid":{"rendered":"https:\/\/webshopdistricoscom.webhosting.be\/product\/cobra-nail-restore-serum-10-ml-ref-6030-021-2\/"},"modified":"2026-04-28T05:05:32","modified_gmt":"2026-04-28T03:05:32","slug":"cobra-nail-restore-serum-10-ml-ref-6030-021","status":"publish","type":"product","link":"https:\/\/districos.standingout.be\/fr\/product\/cobra-nail-restore-serum-10-ml-ref-6030-021\/","title":{"rendered":"Cobra Nail Restore Serum 10 ml"},"content":{"rendered":"<p >\n<\/p>\n<\/p>\n<\/p>\n<\/p>\n<\/p>\n<\/p>\n<\/p>\n<p><b>Cobra Nail Restore Serum : pour des ongles naturels forts et sains<\/b><\/p>\n<p><span>Renforcez et r\u00e9parez vos ongles naturels en seulement 7 jours gr\u00e2ce au Cobra Nail Restore Serum. Ce s\u00e9rum innovant poss\u00e8de une texture l\u00e9g\u00e8re et transparente qui est rapidement absorb\u00e9e par l&rsquo;ongle. Il procure une sensation de fra\u00eecheur et de confort sans laisser de r\u00e9sidus collants sur la plaque de l&rsquo;ongle. Le Cobra Nail Restore Serum a \u00e9t\u00e9 sp\u00e9cialement <b>d\u00e9velopp\u00e9 pour r\u00e9parer et renforcer les ongles naturels ab\u00eem\u00e9s ou fragilis\u00e9s<\/b>. Id\u00e9al pour les ongles flexibles, cassants, sujets aux fissures ou ayant subi un limage excessif. M\u00eame les ongles qui semblent solides mais manquent d&rsquo;apparence saine profiteront de ce s\u00e9rum. En seulement <b>5 \u00e0 7 jours<\/b>, vos ongles deviendront <b>visiblement plus forts<\/b>, <b>moins sensibles aux fissures<\/b>, et afficheront <b>une brillance naturelle et saine<\/b>.<\/span><\/p>\n<p>Le s\u00e9rum est enrichi en <b>ingr\u00e9dients actifs<\/b> qui hydratent \u00e0 la fois les ongles et la peau environnante, \u00e9liminant ainsi la s\u00e9cheresse et les petites peaux g\u00eanantes :<\/p>\n<\/p>\n<ul>\n<li>Allanto\u00efne : Apaise et r\u00e9pare l&rsquo;ongle.<\/li>\n<li>Biotine : Renforce et pr\u00e9vient la fragilit\u00e9.<\/li>\n<li>Niacinamide (vitamine B3) : Favorise la sant\u00e9 des ongles.<\/li>\n<li>Acide Hyaluronique : Hydrate intens\u00e9ment et pr\u00e9vient la s\u00e9cheresse.<\/li>\n<li>Vitamine E : Antioxydant puissant qui ralentit le vieillissement et favorise la r\u00e9g\u00e9n\u00e9ration cellulaire.<\/li>\n<\/ul>\n<p><b>Mode d\u2019utilisation :<\/b><\/p>\n<p dir=\"ltr\">\n<ol dir=\"ltr\">\n<li>Nettoyez la surface de l\u2019ongle naturel.<\/li>\n<li>Appliquez une quantit\u00e9 appropri\u00e9e de s\u00e9rum sur les ongles.<\/li>\n<li>Massez d\u00e9licatement le s\u00e9rum depuis la cuticule jusqu\u2019au bord de l\u2019ongle afin de bien le r\u00e9partir sur toute la surface et ses contours.<\/li>\n<li>Utilisez le s\u00e9rum 3 \u00e0 4 fois par jour, sans retirer ou rincer les applications pr\u00e9c\u00e9dentes.<\/li>\n<\/ol>\n<div><font face=\"Arial\"><b>Pr\u00e9cautions :<\/b><\/font><\/div>\n<div><font face=\"Arial\">Conservez le produit dans un endroit sombre, hors de port\u00e9e des enfants.<\/font><\/div>\n<div><font face=\"Arial\">Il n&rsquo;est pas recommand\u00e9 pour les femmes enceintes, les enfants, ou les personnes pr\u00e9sentant une onycholyse, une onychomad\u00e8se, une avulsion de l\u2019ongle, ou un lit de l\u2019ongle expos\u00e9.<\/font><\/div>\n<div><font face=\"Arial\">En cas d\u2019ant\u00e9c\u00e9dents d\u2019allergies cutan\u00e9es, effectuez un test sur une petite zone de peau avant utilisation.<\/font><\/div>\n<div><font face=\"Arial\">Avec le Cobra Nail Restore Serum, affichez des ongles plus forts, plus sains et brillants en un temps record\u202f!<\/font><\/div>\n<div><font face=\"Arial\"><br \/><\/font><\/div>\n<div>\n<p data-start=\"0\" data-end=\"41\" data-is-last-node=\"\" data-is-only-node=\"\">Regardez notre vid\u00e9o \u00e9tape par \u00e9tape&nbsp;<a href=\"https:\/\/www.youtube.com\/shorts\/r-LVqud7pGA\" target=\"_blank\" rel=\"noopener noreferrer nofollow\">ici<\/a>.<\/p>\n<\/p><\/div>\n<div><font face=\"Arial\"><br \/><\/font><\/div>\n<div>\n<p dir=\"ltr\"><span><b>Encouragez vos clients \u00e0 poursuivre le traitement chez eux gr\u00e2ce \u00e0 ce kit pratique ! \u00c9galement disponible en kit pratique :<\/b><br \/><\/span><\/p>\n<ul>\n<li><span>Cobra Set Domicile R\u00e9paration des Ongles (<a href=\"https:\/\/webshop.districos.com\/ProductDetail\/6030.020\"style=\"\" target=\"_blank\" rel=\"noopener noreferrer nofollow\">r\u00e9f. 6030.020<\/a><\/span><span>)<\/span><\/li>\n<\/ul>\n<div>\n<p>Commandez avec une affiche (<a href=\"https:\/\/webshop.districos.com\/ProductDetail\/YK123.023\" target=\"_blank\" rel=\"noopener noreferrer nofollow\">r\u00e9f. YK123.023<\/a>) afin de mettre les ventes davantage en valeur.<o:p><\/o:p><\/p>\n<\/div>\n<\/div>\n","protected":false},"excerpt":{"rendered":"<p>Cobra Nail Restore Serum : pour des ongles naturels forts et sains Renforcez et r\u00e9parez vos ongles naturels en seulement 7 jours gr\u00e2ce au Cobra Nail Restore Serum. Ce s\u00e9rum innovant poss\u00e8de une texture l\u00e9g\u00e8re et transparente qui est rapidement absorb\u00e9e par l&rsquo;ongle. Il procure une sensation de fra\u00eecheur et de confort sans laisser de [&hellip;]<\/p>\n","protected":false},"featured_media":145693,"comment_status":"open","ping_status":"closed","template":"","meta":{"_acf_changed":false},"product_brand":[10340],"product_cat":[9904],"product_tag":[],"class_list":{"0":"post-135449","1":"product","2":"type-product","3":"status-publish","4":"has-post-thumbnail","6":"product_brand-cobra-nails-fr","7":"product_cat-beaute-manucure-ongles-soins-des-mains-et-des-ongles","9":"first","10":"instock","11":"taxable","12":"shipping-taxable","13":"product-type-simple"},"acf":[],"yoast_head":"<!-- This site is optimized with the Yoast SEO plugin v27.3 - https:\/\/yoast.com\/product\/yoast-seo-wordpress\/ -->\n<title>Cobra Nail Restore Serum 10 ml - Districos Webshop<\/title>\n<meta name=\"robots\" content=\"noindex, follow, max-snippet:-1, max-image-preview:large, max-video-preview:-1\" \/>\n<meta property=\"og:locale\" content=\"fr_FR\" \/>\n<meta property=\"og:type\" content=\"article\" \/>\n<meta property=\"og:title\" content=\"Cobra Nail Restore Serum 10 ml - Districos Webshop\" \/>\n<meta property=\"og:description\" content=\"Cobra Nail Restore Serum : pour des ongles naturels forts et sains Renforcez et r\u00e9parez vos ongles naturels en seulement 7 jours gr\u00e2ce au Cobra Nail Restore Serum. Ce s\u00e9rum innovant poss\u00e8de une texture l\u00e9g\u00e8re et transparente qui est rapidement absorb\u00e9e par l&rsquo;ongle. Il procure une sensation de fra\u00eecheur et de confort sans laisser de [&hellip;]\" \/>\n<meta property=\"og:url\" content=\"https:\/\/districos.standingout.be\/fr\/product\/cobra-nail-restore-serum-10-ml-ref-6030-021\/\" \/>\n<meta property=\"og:site_name\" content=\"Districos Webshop\" \/>\n<meta property=\"article:modified_time\" content=\"2026-04-28T03:05:32+00:00\" \/>\n<meta property=\"og:image\" content=\"https:\/\/districos.standingout.be\/wp-content\/uploads\/2026\/04\/6030.021@Cobra-Nails-Nail-Restore-Serum-10-ml_1-2.png\" \/>\n\t<meta property=\"og:image:width\" content=\"600\" \/>\n\t<meta property=\"og:image:height\" content=\"600\" \/>\n\t<meta property=\"og:image:type\" content=\"image\/png\" \/>\n<meta name=\"twitter:card\" content=\"summary_large_image\" \/>\n<meta name=\"twitter:label1\" content=\"Dur\u00e9e de lecture estim\u00e9e\" \/>\n\t<meta name=\"twitter:data1\" content=\"2 minutes\" \/>\n<script type=\"application\/ld+json\" class=\"yoast-schema-graph\">{\"@context\":\"https:\\\/\\\/schema.org\",\"@graph\":[{\"@type\":\"WebPage\",\"@id\":\"https:\\\/\\\/districos.standingout.be\\\/fr\\\/product\\\/cobra-nail-restore-serum-10-ml-ref-6030-021\\\/\",\"url\":\"https:\\\/\\\/districos.standingout.be\\\/fr\\\/product\\\/cobra-nail-restore-serum-10-ml-ref-6030-021\\\/\",\"name\":\"Cobra Nail Restore Serum 10 ml - Districos Webshop\",\"isPartOf\":{\"@id\":\"https:\\\/\\\/districos.standingout.be\\\/fr\\\/#website\"},\"primaryImageOfPage\":{\"@id\":\"https:\\\/\\\/districos.standingout.be\\\/fr\\\/product\\\/cobra-nail-restore-serum-10-ml-ref-6030-021\\\/#primaryimage\"},\"image\":{\"@id\":\"https:\\\/\\\/districos.standingout.be\\\/fr\\\/product\\\/cobra-nail-restore-serum-10-ml-ref-6030-021\\\/#primaryimage\"},\"thumbnailUrl\":\"https:\\\/\\\/districos.standingout.be\\\/wp-content\\\/uploads\\\/2026\\\/04\\\/6030.021@Cobra-Nails-Nail-Restore-Serum-10-ml_1-3.png\",\"datePublished\":\"2026-04-28T03:05:30+00:00\",\"dateModified\":\"2026-04-28T03:05:32+00:00\",\"breadcrumb\":{\"@id\":\"https:\\\/\\\/districos.standingout.be\\\/fr\\\/product\\\/cobra-nail-restore-serum-10-ml-ref-6030-021\\\/#breadcrumb\"},\"inLanguage\":\"fr-FR\",\"potentialAction\":[{\"@type\":\"ReadAction\",\"target\":[\"https:\\\/\\\/districos.standingout.be\\\/fr\\\/product\\\/cobra-nail-restore-serum-10-ml-ref-6030-021\\\/\"]}]},{\"@type\":\"ImageObject\",\"inLanguage\":\"fr-FR\",\"@id\":\"https:\\\/\\\/districos.standingout.be\\\/fr\\\/product\\\/cobra-nail-restore-serum-10-ml-ref-6030-021\\\/#primaryimage\",\"url\":\"https:\\\/\\\/districos.standingout.be\\\/wp-content\\\/uploads\\\/2026\\\/04\\\/6030.021@Cobra-Nails-Nail-Restore-Serum-10-ml_1-3.png\",\"contentUrl\":\"https:\\\/\\\/districos.standingout.be\\\/wp-content\\\/uploads\\\/2026\\\/04\\\/6030.021@Cobra-Nails-Nail-Restore-Serum-10-ml_1-3.png\",\"width\":600,\"height\":600},{\"@type\":\"BreadcrumbList\",\"@id\":\"https:\\\/\\\/districos.standingout.be\\\/fr\\\/product\\\/cobra-nail-restore-serum-10-ml-ref-6030-021\\\/#breadcrumb\",\"itemListElement\":[{\"@type\":\"ListItem\",\"position\":1,\"name\":\"Home\",\"item\":\"https:\\\/\\\/districos.standingout.be\\\/fr\\\/bienvenue-chez-districos\\\/\"},{\"@type\":\"ListItem\",\"position\":2,\"name\":\"Boutique\",\"item\":\"https:\\\/\\\/districos.standingout.be\\\/fr\\\/boutique\\\/\"},{\"@type\":\"ListItem\",\"position\":3,\"name\":\"Cobra Nail Restore Serum 10 ml\"}]},{\"@type\":\"WebSite\",\"@id\":\"https:\\\/\\\/districos.standingout.be\\\/fr\\\/#website\",\"url\":\"https:\\\/\\\/districos.standingout.be\\\/fr\\\/\",\"name\":\"Districos Webshop\",\"description\":\"\",\"publisher\":{\"@id\":\"https:\\\/\\\/districos.standingout.be\\\/fr\\\/#organization\"},\"potentialAction\":[{\"@type\":\"SearchAction\",\"target\":{\"@type\":\"EntryPoint\",\"urlTemplate\":\"https:\\\/\\\/districos.standingout.be\\\/fr\\\/?s={search_term_string}\"},\"query-input\":{\"@type\":\"PropertyValueSpecification\",\"valueRequired\":true,\"valueName\":\"search_term_string\"}}],\"inLanguage\":\"fr-FR\"},{\"@type\":\"Organization\",\"@id\":\"https:\\\/\\\/districos.standingout.be\\\/fr\\\/#organization\",\"name\":\"Districos Webshop\",\"url\":\"https:\\\/\\\/districos.standingout.be\\\/fr\\\/\",\"logo\":{\"@type\":\"ImageObject\",\"inLanguage\":\"fr-FR\",\"@id\":\"https:\\\/\\\/districos.standingout.be\\\/fr\\\/#\\\/schema\\\/logo\\\/image\\\/\",\"url\":\"https:\\\/\\\/districos.standingout.be\\\/wp-content\\\/uploads\\\/2022\\\/09\\\/Districos_Logo_Webshop.svg\",\"contentUrl\":\"https:\\\/\\\/districos.standingout.be\\\/wp-content\\\/uploads\\\/2022\\\/09\\\/Districos_Logo_Webshop.svg\",\"caption\":\"Districos Webshop\"},\"image\":{\"@id\":\"https:\\\/\\\/districos.standingout.be\\\/fr\\\/#\\\/schema\\\/logo\\\/image\\\/\"}}]}<\/script>\n<!-- \/ Yoast SEO plugin. -->","yoast_head_json":{"title":"Cobra Nail Restore Serum 10 ml - Districos Webshop","robots":{"index":"noindex","follow":"follow","max-snippet":"max-snippet:-1","max-image-preview":"max-image-preview:large","max-video-preview":"max-video-preview:-1"},"og_locale":"fr_FR","og_type":"article","og_title":"Cobra Nail Restore Serum 10 ml - Districos Webshop","og_description":"Cobra Nail Restore Serum : pour des ongles naturels forts et sains Renforcez et r\u00e9parez vos ongles naturels en seulement 7 jours gr\u00e2ce au Cobra Nail Restore Serum. Ce s\u00e9rum innovant poss\u00e8de une texture l\u00e9g\u00e8re et transparente qui est rapidement absorb\u00e9e par l&rsquo;ongle. Il procure une sensation de fra\u00eecheur et de confort sans laisser de [&hellip;]","og_url":"https:\/\/districos.standingout.be\/fr\/product\/cobra-nail-restore-serum-10-ml-ref-6030-021\/","og_site_name":"Districos Webshop","article_modified_time":"2026-04-28T03:05:32+00:00","og_image":[{"width":600,"height":600,"url":"https:\/\/districos.standingout.be\/wp-content\/uploads\/2026\/04\/6030.021@Cobra-Nails-Nail-Restore-Serum-10-ml_1-2.png","type":"image\/png"}],"twitter_card":"summary_large_image","twitter_misc":{"Dur\u00e9e de lecture estim\u00e9e":"2 minutes"},"schema":{"@context":"https:\/\/schema.org","@graph":[{"@type":"WebPage","@id":"https:\/\/districos.standingout.be\/fr\/product\/cobra-nail-restore-serum-10-ml-ref-6030-021\/","url":"https:\/\/districos.standingout.be\/fr\/product\/cobra-nail-restore-serum-10-ml-ref-6030-021\/","name":"Cobra Nail Restore Serum 10 ml - Districos Webshop","isPartOf":{"@id":"https:\/\/districos.standingout.be\/fr\/#website"},"primaryImageOfPage":{"@id":"https:\/\/districos.standingout.be\/fr\/product\/cobra-nail-restore-serum-10-ml-ref-6030-021\/#primaryimage"},"image":{"@id":"https:\/\/districos.standingout.be\/fr\/product\/cobra-nail-restore-serum-10-ml-ref-6030-021\/#primaryimage"},"thumbnailUrl":"https:\/\/districos.standingout.be\/wp-content\/uploads\/2026\/04\/6030.021@Cobra-Nails-Nail-Restore-Serum-10-ml_1-3.png","datePublished":"2026-04-28T03:05:30+00:00","dateModified":"2026-04-28T03:05:32+00:00","breadcrumb":{"@id":"https:\/\/districos.standingout.be\/fr\/product\/cobra-nail-restore-serum-10-ml-ref-6030-021\/#breadcrumb"},"inLanguage":"fr-FR","potentialAction":[{"@type":"ReadAction","target":["https:\/\/districos.standingout.be\/fr\/product\/cobra-nail-restore-serum-10-ml-ref-6030-021\/"]}]},{"@type":"ImageObject","inLanguage":"fr-FR","@id":"https:\/\/districos.standingout.be\/fr\/product\/cobra-nail-restore-serum-10-ml-ref-6030-021\/#primaryimage","url":"https:\/\/districos.standingout.be\/wp-content\/uploads\/2026\/04\/6030.021@Cobra-Nails-Nail-Restore-Serum-10-ml_1-3.png","contentUrl":"https:\/\/districos.standingout.be\/wp-content\/uploads\/2026\/04\/6030.021@Cobra-Nails-Nail-Restore-Serum-10-ml_1-3.png","width":600,"height":600},{"@type":"BreadcrumbList","@id":"https:\/\/districos.standingout.be\/fr\/product\/cobra-nail-restore-serum-10-ml-ref-6030-021\/#breadcrumb","itemListElement":[{"@type":"ListItem","position":1,"name":"Home","item":"https:\/\/districos.standingout.be\/fr\/bienvenue-chez-districos\/"},{"@type":"ListItem","position":2,"name":"Boutique","item":"https:\/\/districos.standingout.be\/fr\/boutique\/"},{"@type":"ListItem","position":3,"name":"Cobra Nail Restore Serum 10 ml"}]},{"@type":"WebSite","@id":"https:\/\/districos.standingout.be\/fr\/#website","url":"https:\/\/districos.standingout.be\/fr\/","name":"Districos Webshop","description":"","publisher":{"@id":"https:\/\/districos.standingout.be\/fr\/#organization"},"potentialAction":[{"@type":"SearchAction","target":{"@type":"EntryPoint","urlTemplate":"https:\/\/districos.standingout.be\/fr\/?s={search_term_string}"},"query-input":{"@type":"PropertyValueSpecification","valueRequired":true,"valueName":"search_term_string"}}],"inLanguage":"fr-FR"},{"@type":"Organization","@id":"https:\/\/districos.standingout.be\/fr\/#organization","name":"Districos Webshop","url":"https:\/\/districos.standingout.be\/fr\/","logo":{"@type":"ImageObject","inLanguage":"fr-FR","@id":"https:\/\/districos.standingout.be\/fr\/#\/schema\/logo\/image\/","url":"https:\/\/districos.standingout.be\/wp-content\/uploads\/2022\/09\/Districos_Logo_Webshop.svg","contentUrl":"https:\/\/districos.standingout.be\/wp-content\/uploads\/2022\/09\/Districos_Logo_Webshop.svg","caption":"Districos Webshop"},"image":{"@id":"https:\/\/districos.standingout.be\/fr\/#\/schema\/logo\/image\/"}}]}},"_links":{"self":[{"href":"https:\/\/districos.standingout.be\/fr\/wp-json\/wp\/v2\/product\/135449","targetHints":{"allow":["GET"]}}],"collection":[{"href":"https:\/\/districos.standingout.be\/fr\/wp-json\/wp\/v2\/product"}],"about":[{"href":"https:\/\/districos.standingout.be\/fr\/wp-json\/wp\/v2\/types\/product"}],"replies":[{"embeddable":true,"href":"https:\/\/districos.standingout.be\/fr\/wp-json\/wp\/v2\/comments?post=135449"}],"wp:featuredmedia":[{"embeddable":true,"href":"https:\/\/districos.standingout.be\/fr\/wp-json\/wp\/v2\/media\/145693"}],"wp:attachment":[{"href":"https:\/\/districos.standingout.be\/fr\/wp-json\/wp\/v2\/media?parent=135449"}],"wp:term":[{"taxonomy":"product_brand","embeddable":true,"href":"https:\/\/districos.standingout.be\/fr\/wp-json\/wp\/v2\/product_brand?post=135449"},{"taxonomy":"product_cat","embeddable":true,"href":"https:\/\/districos.standingout.be\/fr\/wp-json\/wp\/v2\/product_cat?post=135449"},{"taxonomy":"product_tag","embeddable":true,"href":"https:\/\/districos.standingout.be\/fr\/wp-json\/wp\/v2\/product_tag?post=135449"}],"curies":[{"name":"wp","href":"https:\/\/api.w.org\/{rel}","templated":true}]}}