{"id":135495,"date":"2026-04-28T05:11:05","date_gmt":"2026-04-28T03:11:05","guid":{"rendered":"https:\/\/webshopdistricoscom.webhosting.be\/product\/cobra-soak-off-start-2-fiab-set-de-depart-ref-6030-610\/"},"modified":"2026-04-28T05:11:07","modified_gmt":"2026-04-28T03:11:07","slug":"cobra-soak-off-start-2-fiab-set-de-depart-ref-6030-610","status":"publish","type":"product","link":"https:\/\/districos.standingout.be\/fr\/product\/cobra-soak-off-start-2-fiab-set-de-depart-ref-6030-610\/","title":{"rendered":"Cobra Soak-Off Start 2 FIAB Set de D\u00e9part"},"content":{"rendered":"<p >\n<\/p>\n<\/p>\n<p dir=\"ltr\"><font size=\"2\">\u00cates- vous pr\u00eat(e) \u00e0 passer \u00e0 l&rsquo;\u00e9tape suivante dans vos soins des ongles avec Cobra Nails et \u00e0 la recherche d&rsquo;une solution facile et durable pour renforcer les ongles fins et flexibles tout en proposant des extensions simples? D\u00e9couvrez d\u00e8s maintenant la Cobra nails Fiber Base et offrez une exp\u00e9rience compl\u00e8te avec votre manucure gel Polish.<\/font><\/p>\n<p dir=\"ltr\"><font size=\"2\">La Cobra Fiber base, \u00e9galement appel\u00e9e <b>FIAB<\/b> (Fiber In A Bottle), cobmine tous les avantages d&rsquo;un gel fiber classique, tout en \u00e9tant facile \u00e0 appliquer. Parfaitement adapt\u00e9e tant aux d\u00e9butantes qu&rsquo;aux stylistes ongulaires plus exp\u00e9riment\u00e9es elle garantit un r\u00e9sultat naturel, durable et d&rsquo;une grande \u00e9l\u00e9gance<b>.<\/b><\/font><\/p>\n<p dir=\"ltr\">Un r\u00e9sultat qui s\u00e9duira autant vos clientes que les professionels! Avec ce set de d\u00e9part, vous disposez de tous les essentiels pour enrichir vos prestations de manucure Gel Polish avec la Cobra Nails Fiber Base.&nbsp;<\/p>\n<p dir=\"ltr\"><font size=\"2\"><b>\u200bContenu<\/b><\/font><\/p>\n<ul>\n<li><span>1 x Cobra Lime \u00c9ponge Demi-Lune 100\/180 Pro<\/span><\/li>\n<li><font size=\"2\">1 x Cobra Soak-Off Prep Bond 10 ml<\/font><\/li>\n<li><font size=\"2\">1 x Cobra Soak-Off Primer Acid Free 10 ml<\/font><\/li>\n<li><span>1 x Cobra Soak-Off Wipe and Shine 10 ml<\/span><\/li>\n<li><font size=\"2\">1 x Cobra Fiber Base Clear 15 ml<\/font><\/li>\n<li><font size=\"2\">1 x Cobra Fiber Base Blush Pink 15 ml<\/font><\/li>\n<li><font size=\"2\">1 x Cobra Fiber Base Nude 15 ml<\/font><\/li>\n<li><font size=\"2\">1 x Cobra Nails Striper Brush #0000<\/font><\/li>\n<li><font size=\"2\">1 x Cobra Nails Forms 50 st.<\/font><\/li>\n<li><font size=\"2\">1 x Cobra Lime Grain 180\/180 Pro<\/font><\/li>\n<li><font size=\"2\">1 x Cobra Lime Grain 150\/150 Pro<\/font><\/li>\n<\/ul>\n<p dir=\"ltr\"><font size=\"2\"><\/font><\/p>\n<div><\/div>\n","protected":false},"excerpt":{"rendered":"<p>\u00cates- vous pr\u00eat(e) \u00e0 passer \u00e0 l&rsquo;\u00e9tape suivante dans vos soins des ongles avec Cobra Nails et \u00e0 la recherche d&rsquo;une solution facile et durable pour renforcer les ongles fins et flexibles tout en proposant des extensions simples? D\u00e9couvrez d\u00e8s maintenant la Cobra nails Fiber Base et offrez une exp\u00e9rience compl\u00e8te avec votre manucure gel [&hellip;]<\/p>\n","protected":false},"featured_media":145708,"comment_status":"open","ping_status":"closed","template":"","meta":{"_acf_changed":false},"product_brand":[10340],"product_cat":[9896],"product_tag":[],"class_list":{"0":"post-135495","1":"product","2":"type-product","3":"status-publish","4":"has-post-thumbnail","6":"product_brand-cobra-nails-fr","7":"product_cat-beaute-manucure-ongles-gel-gel-polish","9":"first","10":"instock","11":"taxable","12":"shipping-taxable","13":"product-type-simple"},"acf":[],"yoast_head":"<!-- This site is optimized with the Yoast SEO plugin v27.3 - https:\/\/yoast.com\/product\/yoast-seo-wordpress\/ -->\n<title>Cobra Soak-Off Start 2 FIAB Set de D\u00e9part - Districos Webshop<\/title>\n<meta name=\"robots\" content=\"noindex, follow, max-snippet:-1, max-image-preview:large, max-video-preview:-1\" \/>\n<meta property=\"og:locale\" content=\"fr_FR\" \/>\n<meta property=\"og:type\" content=\"article\" \/>\n<meta property=\"og:title\" content=\"Cobra Soak-Off Start 2 FIAB Set de D\u00e9part - Districos Webshop\" \/>\n<meta property=\"og:description\" content=\"\u00cates- vous pr\u00eat(e) \u00e0 passer \u00e0 l&rsquo;\u00e9tape suivante dans vos soins des ongles avec Cobra Nails et \u00e0 la recherche d&rsquo;une solution facile et durable pour renforcer les ongles fins et flexibles tout en proposant des extensions simples? D\u00e9couvrez d\u00e8s maintenant la Cobra nails Fiber Base et offrez une exp\u00e9rience compl\u00e8te avec votre manucure gel [&hellip;]\" \/>\n<meta property=\"og:url\" content=\"https:\/\/districos.standingout.be\/fr\/product\/cobra-soak-off-start-2-fiab-set-de-depart-ref-6030-610\/\" \/>\n<meta property=\"og:site_name\" content=\"Districos Webshop\" \/>\n<meta property=\"article:modified_time\" content=\"2026-04-28T03:11:07+00:00\" \/>\n<meta property=\"og:image\" content=\"https:\/\/districos.standingout.be\/wp-content\/uploads\/2026\/04\/6030.610@Cobra-Soak-Off-Start-2-FIAB-Starterskit_3-2.png\" \/>\n\t<meta property=\"og:image:width\" content=\"600\" \/>\n\t<meta property=\"og:image:height\" content=\"600\" \/>\n\t<meta property=\"og:image:type\" content=\"image\/png\" \/>\n<meta name=\"twitter:card\" content=\"summary_large_image\" \/>\n<meta name=\"twitter:label1\" content=\"Dur\u00e9e de lecture estim\u00e9e\" \/>\n\t<meta name=\"twitter:data1\" content=\"1 minute\" \/>\n<script type=\"application\/ld+json\" class=\"yoast-schema-graph\">{\"@context\":\"https:\\\/\\\/schema.org\",\"@graph\":[{\"@type\":\"WebPage\",\"@id\":\"https:\\\/\\\/districos.standingout.be\\\/fr\\\/product\\\/cobra-soak-off-start-2-fiab-set-de-depart-ref-6030-610\\\/\",\"url\":\"https:\\\/\\\/districos.standingout.be\\\/fr\\\/product\\\/cobra-soak-off-start-2-fiab-set-de-depart-ref-6030-610\\\/\",\"name\":\"Cobra Soak-Off Start 2 FIAB Set de D\u00e9part - Districos Webshop\",\"isPartOf\":{\"@id\":\"https:\\\/\\\/districos.standingout.be\\\/fr\\\/#website\"},\"primaryImageOfPage\":{\"@id\":\"https:\\\/\\\/districos.standingout.be\\\/fr\\\/product\\\/cobra-soak-off-start-2-fiab-set-de-depart-ref-6030-610\\\/#primaryimage\"},\"image\":{\"@id\":\"https:\\\/\\\/districos.standingout.be\\\/fr\\\/product\\\/cobra-soak-off-start-2-fiab-set-de-depart-ref-6030-610\\\/#primaryimage\"},\"thumbnailUrl\":\"https:\\\/\\\/districos.standingout.be\\\/wp-content\\\/uploads\\\/2026\\\/04\\\/6030.610@Cobra-Soak-Off-Start-2-FIAB-Starterskit_3-3.png\",\"datePublished\":\"2026-04-28T03:11:05+00:00\",\"dateModified\":\"2026-04-28T03:11:07+00:00\",\"breadcrumb\":{\"@id\":\"https:\\\/\\\/districos.standingout.be\\\/fr\\\/product\\\/cobra-soak-off-start-2-fiab-set-de-depart-ref-6030-610\\\/#breadcrumb\"},\"inLanguage\":\"fr-FR\",\"potentialAction\":[{\"@type\":\"ReadAction\",\"target\":[\"https:\\\/\\\/districos.standingout.be\\\/fr\\\/product\\\/cobra-soak-off-start-2-fiab-set-de-depart-ref-6030-610\\\/\"]}]},{\"@type\":\"ImageObject\",\"inLanguage\":\"fr-FR\",\"@id\":\"https:\\\/\\\/districos.standingout.be\\\/fr\\\/product\\\/cobra-soak-off-start-2-fiab-set-de-depart-ref-6030-610\\\/#primaryimage\",\"url\":\"https:\\\/\\\/districos.standingout.be\\\/wp-content\\\/uploads\\\/2026\\\/04\\\/6030.610@Cobra-Soak-Off-Start-2-FIAB-Starterskit_3-3.png\",\"contentUrl\":\"https:\\\/\\\/districos.standingout.be\\\/wp-content\\\/uploads\\\/2026\\\/04\\\/6030.610@Cobra-Soak-Off-Start-2-FIAB-Starterskit_3-3.png\",\"width\":600,\"height\":600},{\"@type\":\"BreadcrumbList\",\"@id\":\"https:\\\/\\\/districos.standingout.be\\\/fr\\\/product\\\/cobra-soak-off-start-2-fiab-set-de-depart-ref-6030-610\\\/#breadcrumb\",\"itemListElement\":[{\"@type\":\"ListItem\",\"position\":1,\"name\":\"Home\",\"item\":\"https:\\\/\\\/districos.standingout.be\\\/fr\\\/bienvenue-chez-districos\\\/\"},{\"@type\":\"ListItem\",\"position\":2,\"name\":\"Boutique\",\"item\":\"https:\\\/\\\/districos.standingout.be\\\/fr\\\/boutique\\\/\"},{\"@type\":\"ListItem\",\"position\":3,\"name\":\"Cobra Soak-Off Start 2 FIAB Set de D\u00e9part\"}]},{\"@type\":\"WebSite\",\"@id\":\"https:\\\/\\\/districos.standingout.be\\\/fr\\\/#website\",\"url\":\"https:\\\/\\\/districos.standingout.be\\\/fr\\\/\",\"name\":\"Districos Webshop\",\"description\":\"\",\"publisher\":{\"@id\":\"https:\\\/\\\/districos.standingout.be\\\/fr\\\/#organization\"},\"potentialAction\":[{\"@type\":\"SearchAction\",\"target\":{\"@type\":\"EntryPoint\",\"urlTemplate\":\"https:\\\/\\\/districos.standingout.be\\\/fr\\\/?s={search_term_string}\"},\"query-input\":{\"@type\":\"PropertyValueSpecification\",\"valueRequired\":true,\"valueName\":\"search_term_string\"}}],\"inLanguage\":\"fr-FR\"},{\"@type\":\"Organization\",\"@id\":\"https:\\\/\\\/districos.standingout.be\\\/fr\\\/#organization\",\"name\":\"Districos Webshop\",\"url\":\"https:\\\/\\\/districos.standingout.be\\\/fr\\\/\",\"logo\":{\"@type\":\"ImageObject\",\"inLanguage\":\"fr-FR\",\"@id\":\"https:\\\/\\\/districos.standingout.be\\\/fr\\\/#\\\/schema\\\/logo\\\/image\\\/\",\"url\":\"https:\\\/\\\/districos.standingout.be\\\/wp-content\\\/uploads\\\/2022\\\/09\\\/Districos_Logo_Webshop.svg\",\"contentUrl\":\"https:\\\/\\\/districos.standingout.be\\\/wp-content\\\/uploads\\\/2022\\\/09\\\/Districos_Logo_Webshop.svg\",\"caption\":\"Districos Webshop\"},\"image\":{\"@id\":\"https:\\\/\\\/districos.standingout.be\\\/fr\\\/#\\\/schema\\\/logo\\\/image\\\/\"}}]}<\/script>\n<!-- \/ Yoast SEO plugin. -->","yoast_head_json":{"title":"Cobra Soak-Off Start 2 FIAB Set de D\u00e9part - Districos Webshop","robots":{"index":"noindex","follow":"follow","max-snippet":"max-snippet:-1","max-image-preview":"max-image-preview:large","max-video-preview":"max-video-preview:-1"},"og_locale":"fr_FR","og_type":"article","og_title":"Cobra Soak-Off Start 2 FIAB Set de D\u00e9part - Districos Webshop","og_description":"\u00cates- vous pr\u00eat(e) \u00e0 passer \u00e0 l&rsquo;\u00e9tape suivante dans vos soins des ongles avec Cobra Nails et \u00e0 la recherche d&rsquo;une solution facile et durable pour renforcer les ongles fins et flexibles tout en proposant des extensions simples? D\u00e9couvrez d\u00e8s maintenant la Cobra nails Fiber Base et offrez une exp\u00e9rience compl\u00e8te avec votre manucure gel [&hellip;]","og_url":"https:\/\/districos.standingout.be\/fr\/product\/cobra-soak-off-start-2-fiab-set-de-depart-ref-6030-610\/","og_site_name":"Districos Webshop","article_modified_time":"2026-04-28T03:11:07+00:00","og_image":[{"width":600,"height":600,"url":"https:\/\/districos.standingout.be\/wp-content\/uploads\/2026\/04\/6030.610@Cobra-Soak-Off-Start-2-FIAB-Starterskit_3-2.png","type":"image\/png"}],"twitter_card":"summary_large_image","twitter_misc":{"Dur\u00e9e de lecture estim\u00e9e":"1 minute"},"schema":{"@context":"https:\/\/schema.org","@graph":[{"@type":"WebPage","@id":"https:\/\/districos.standingout.be\/fr\/product\/cobra-soak-off-start-2-fiab-set-de-depart-ref-6030-610\/","url":"https:\/\/districos.standingout.be\/fr\/product\/cobra-soak-off-start-2-fiab-set-de-depart-ref-6030-610\/","name":"Cobra Soak-Off Start 2 FIAB Set de D\u00e9part - Districos Webshop","isPartOf":{"@id":"https:\/\/districos.standingout.be\/fr\/#website"},"primaryImageOfPage":{"@id":"https:\/\/districos.standingout.be\/fr\/product\/cobra-soak-off-start-2-fiab-set-de-depart-ref-6030-610\/#primaryimage"},"image":{"@id":"https:\/\/districos.standingout.be\/fr\/product\/cobra-soak-off-start-2-fiab-set-de-depart-ref-6030-610\/#primaryimage"},"thumbnailUrl":"https:\/\/districos.standingout.be\/wp-content\/uploads\/2026\/04\/6030.610@Cobra-Soak-Off-Start-2-FIAB-Starterskit_3-3.png","datePublished":"2026-04-28T03:11:05+00:00","dateModified":"2026-04-28T03:11:07+00:00","breadcrumb":{"@id":"https:\/\/districos.standingout.be\/fr\/product\/cobra-soak-off-start-2-fiab-set-de-depart-ref-6030-610\/#breadcrumb"},"inLanguage":"fr-FR","potentialAction":[{"@type":"ReadAction","target":["https:\/\/districos.standingout.be\/fr\/product\/cobra-soak-off-start-2-fiab-set-de-depart-ref-6030-610\/"]}]},{"@type":"ImageObject","inLanguage":"fr-FR","@id":"https:\/\/districos.standingout.be\/fr\/product\/cobra-soak-off-start-2-fiab-set-de-depart-ref-6030-610\/#primaryimage","url":"https:\/\/districos.standingout.be\/wp-content\/uploads\/2026\/04\/6030.610@Cobra-Soak-Off-Start-2-FIAB-Starterskit_3-3.png","contentUrl":"https:\/\/districos.standingout.be\/wp-content\/uploads\/2026\/04\/6030.610@Cobra-Soak-Off-Start-2-FIAB-Starterskit_3-3.png","width":600,"height":600},{"@type":"BreadcrumbList","@id":"https:\/\/districos.standingout.be\/fr\/product\/cobra-soak-off-start-2-fiab-set-de-depart-ref-6030-610\/#breadcrumb","itemListElement":[{"@type":"ListItem","position":1,"name":"Home","item":"https:\/\/districos.standingout.be\/fr\/bienvenue-chez-districos\/"},{"@type":"ListItem","position":2,"name":"Boutique","item":"https:\/\/districos.standingout.be\/fr\/boutique\/"},{"@type":"ListItem","position":3,"name":"Cobra Soak-Off Start 2 FIAB Set de D\u00e9part"}]},{"@type":"WebSite","@id":"https:\/\/districos.standingout.be\/fr\/#website","url":"https:\/\/districos.standingout.be\/fr\/","name":"Districos Webshop","description":"","publisher":{"@id":"https:\/\/districos.standingout.be\/fr\/#organization"},"potentialAction":[{"@type":"SearchAction","target":{"@type":"EntryPoint","urlTemplate":"https:\/\/districos.standingout.be\/fr\/?s={search_term_string}"},"query-input":{"@type":"PropertyValueSpecification","valueRequired":true,"valueName":"search_term_string"}}],"inLanguage":"fr-FR"},{"@type":"Organization","@id":"https:\/\/districos.standingout.be\/fr\/#organization","name":"Districos Webshop","url":"https:\/\/districos.standingout.be\/fr\/","logo":{"@type":"ImageObject","inLanguage":"fr-FR","@id":"https:\/\/districos.standingout.be\/fr\/#\/schema\/logo\/image\/","url":"https:\/\/districos.standingout.be\/wp-content\/uploads\/2022\/09\/Districos_Logo_Webshop.svg","contentUrl":"https:\/\/districos.standingout.be\/wp-content\/uploads\/2022\/09\/Districos_Logo_Webshop.svg","caption":"Districos Webshop"},"image":{"@id":"https:\/\/districos.standingout.be\/fr\/#\/schema\/logo\/image\/"}}]}},"_links":{"self":[{"href":"https:\/\/districos.standingout.be\/fr\/wp-json\/wp\/v2\/product\/135495","targetHints":{"allow":["GET"]}}],"collection":[{"href":"https:\/\/districos.standingout.be\/fr\/wp-json\/wp\/v2\/product"}],"about":[{"href":"https:\/\/districos.standingout.be\/fr\/wp-json\/wp\/v2\/types\/product"}],"replies":[{"embeddable":true,"href":"https:\/\/districos.standingout.be\/fr\/wp-json\/wp\/v2\/comments?post=135495"}],"wp:featuredmedia":[{"embeddable":true,"href":"https:\/\/districos.standingout.be\/fr\/wp-json\/wp\/v2\/media\/145708"}],"wp:attachment":[{"href":"https:\/\/districos.standingout.be\/fr\/wp-json\/wp\/v2\/media?parent=135495"}],"wp:term":[{"taxonomy":"product_brand","embeddable":true,"href":"https:\/\/districos.standingout.be\/fr\/wp-json\/wp\/v2\/product_brand?post=135495"},{"taxonomy":"product_cat","embeddable":true,"href":"https:\/\/districos.standingout.be\/fr\/wp-json\/wp\/v2\/product_cat?post=135495"},{"taxonomy":"product_tag","embeddable":true,"href":"https:\/\/districos.standingout.be\/fr\/wp-json\/wp\/v2\/product_tag?post=135495"}],"curies":[{"name":"wp","href":"https:\/\/api.w.org\/{rel}","templated":true}]}}