{"id":135657,"date":"2026-04-28T05:45:15","date_gmt":"2026-04-28T03:45:15","guid":{"rendered":"https:\/\/webshopdistricoscom.webhosting.be\/product\/cobra-soak-off-dazzling-red-red-fever-10-ml-ref-6031-391-2\/"},"modified":"2026-04-28T05:45:17","modified_gmt":"2026-04-28T03:45:17","slug":"cobra-soak-off-dazzling-red-red-fever-10-ml-ref-6031-391","status":"publish","type":"product","link":"https:\/\/districos.standingout.be\/fr\/product\/cobra-soak-off-dazzling-red-red-fever-10-ml-ref-6031-391\/","title":{"rendered":"Cobra Soak-Off Dazzling Red Red Fever 10 ml"},"content":{"rendered":"<p >\n<\/p>\n<\/p>\n<\/p>\n<\/p>\n<\/p>\n<p dir=\"ltr\"><b>Une teinte rouge intense dont vos clients tomberont instantan\u00e9ment amoureux !<\/b><\/p>\n<div>\n<p dir=\"ltr\">\u00ab\u00a0Red Fever\u00a0\u00bb est une des couleurs magnifiques et intemporelles&nbsp;<span>de la collection&nbsp;<\/span><span>Dazzling Red&nbsp;<\/span><span>de Cobra Soak-Off Gel Polish.<\/span><\/p>\n<div>\n<p dir=\"ltr\">Cette couleur est facile \u00e0 appliquer et tient environ 3 semaines sur les ongles. Le produit est v\u00e9gane et non test\u00e9 sur les animaux et en plus, il est super couvrant. Ne tardez pas, car il s&rsquo;agit d&rsquo;une collection en \u00e9dition limit\u00e9e !<\/p>\n<\/div>\n<p dir=\"ltr\"><\/p>\n<p dir=\"ltr\"><b>D\u00e9couvrez aussi les 3 autres teintes rouges chaudes de cette collection, ou essayez-les&nbsp;<\/b><span><b>toutes avec<\/b><\/span><b>&nbsp;le set avantageux !<\/b><\/p>\n<ul>\n<li>Cobra Soak-Off&nbsp;<span>Dazzling Red<\/span>&nbsp;Red Angel 10 ml (<a href=\"https:\/\/webshop.districos.com\/search?SearchText=6031.392\" target=\"_blank\" rel=\"noopener noreferrer nofollow\">r\u00e9f. 6031.392<\/a>)<\/li>\n<li>Cobra Soak-Off&nbsp;<span>Dazzling Red<\/span>&nbsp;Red on Fire 10 ml (<a href=\"https:\/\/webshop.districos.com\/search?SearchText=6031.393\" target=\"_blank\" rel=\"noopener noreferrer nofollow\">r\u00e9f. 6031.393<\/a>)<\/li>\n<li>Cobra Soak-Off&nbsp;<span>Dazzling Red<\/span>&nbsp;Red Divas 10 ml (<a href=\"https:\/\/webshop.districos.com\/search?SearchText=6031.394\" target=\"_blank\" rel=\"noopener noreferrer nofollow\">r\u00e9f. 6031.394<\/a>)<\/li>\n<li>Cobra Soak-Off Dazzling Red Collection 4 x 10 ml (<span><a href=\"https:\/\/webshop.districos.com\/search?SearchText=6031.390\" target=\"_blank\" rel=\"noopener noreferrer nofollow\"><span lang=\"EN-GB\">r\u00e9f. 6031.390<\/span><\/a><\/span><span lang=\"EN-GB\">)<\/span><\/li>\n<\/ul>\n<\/div>\n","protected":false},"excerpt":{"rendered":"<p>Une teinte rouge intense dont vos clients tomberont instantan\u00e9ment amoureux ! \u00ab\u00a0Red Fever\u00a0\u00bb est une des couleurs magnifiques et intemporelles&nbsp;de la collection&nbsp;Dazzling Red&nbsp;de Cobra Soak-Off Gel Polish. Cette couleur est facile \u00e0 appliquer et tient environ 3 semaines sur les ongles. Le produit est v\u00e9gane et non test\u00e9 sur les animaux et en plus, il [&hellip;]<\/p>\n","protected":false},"featured_media":145897,"comment_status":"open","ping_status":"closed","template":"","meta":{"_acf_changed":false},"product_brand":[10340],"product_cat":[9896],"product_tag":[],"class_list":{"0":"post-135657","1":"product","2":"type-product","3":"status-publish","4":"has-post-thumbnail","6":"product_brand-cobra-nails-fr","7":"product_cat-beaute-manucure-ongles-gel-gel-polish","9":"first","10":"instock","11":"taxable","12":"shipping-taxable","13":"product-type-simple"},"acf":[],"yoast_head":"<!-- This site is optimized with the Yoast SEO plugin v27.3 - https:\/\/yoast.com\/product\/yoast-seo-wordpress\/ -->\n<title>Cobra Soak-Off Dazzling Red Red Fever 10 ml - Districos Webshop<\/title>\n<meta name=\"robots\" content=\"noindex, follow, max-snippet:-1, max-image-preview:large, max-video-preview:-1\" \/>\n<meta property=\"og:locale\" content=\"fr_FR\" \/>\n<meta property=\"og:type\" content=\"article\" \/>\n<meta property=\"og:title\" content=\"Cobra Soak-Off Dazzling Red Red Fever 10 ml - Districos Webshop\" \/>\n<meta property=\"og:description\" content=\"Une teinte rouge intense dont vos clients tomberont instantan\u00e9ment amoureux ! \u00ab\u00a0Red Fever\u00a0\u00bb est une des couleurs magnifiques et intemporelles&nbsp;de la collection&nbsp;Dazzling Red&nbsp;de Cobra Soak-Off Gel Polish. Cette couleur est facile \u00e0 appliquer et tient environ 3 semaines sur les ongles. Le produit est v\u00e9gane et non test\u00e9 sur les animaux et en plus, il [&hellip;]\" \/>\n<meta property=\"og:url\" content=\"https:\/\/districos.standingout.be\/fr\/product\/cobra-soak-off-dazzling-red-red-fever-10-ml-ref-6031-391\/\" \/>\n<meta property=\"og:site_name\" content=\"Districos Webshop\" \/>\n<meta property=\"article:modified_time\" content=\"2026-04-28T03:45:17+00:00\" \/>\n<meta property=\"og:image\" content=\"https:\/\/districos.standingout.be\/wp-content\/uploads\/2026\/04\/6031.391@Cobra-Soak-Off-Dazzling-Red-Red-Fever-10-ml_1-2-scaled.png\" \/>\n\t<meta property=\"og:image:width\" content=\"2560\" \/>\n\t<meta property=\"og:image:height\" content=\"2513\" \/>\n\t<meta property=\"og:image:type\" content=\"image\/png\" \/>\n<meta name=\"twitter:card\" content=\"summary_large_image\" \/>\n<meta name=\"twitter:label1\" content=\"Dur\u00e9e de lecture estim\u00e9e\" \/>\n\t<meta name=\"twitter:data1\" content=\"1 minute\" \/>\n<script type=\"application\/ld+json\" class=\"yoast-schema-graph\">{\"@context\":\"https:\\\/\\\/schema.org\",\"@graph\":[{\"@type\":\"WebPage\",\"@id\":\"https:\\\/\\\/districos.standingout.be\\\/fr\\\/product\\\/cobra-soak-off-dazzling-red-red-fever-10-ml-ref-6031-391\\\/\",\"url\":\"https:\\\/\\\/districos.standingout.be\\\/fr\\\/product\\\/cobra-soak-off-dazzling-red-red-fever-10-ml-ref-6031-391\\\/\",\"name\":\"Cobra Soak-Off Dazzling Red Red Fever 10 ml - Districos Webshop\",\"isPartOf\":{\"@id\":\"https:\\\/\\\/districos.standingout.be\\\/fr\\\/#website\"},\"primaryImageOfPage\":{\"@id\":\"https:\\\/\\\/districos.standingout.be\\\/fr\\\/product\\\/cobra-soak-off-dazzling-red-red-fever-10-ml-ref-6031-391\\\/#primaryimage\"},\"image\":{\"@id\":\"https:\\\/\\\/districos.standingout.be\\\/fr\\\/product\\\/cobra-soak-off-dazzling-red-red-fever-10-ml-ref-6031-391\\\/#primaryimage\"},\"thumbnailUrl\":\"https:\\\/\\\/districos.standingout.be\\\/wp-content\\\/uploads\\\/2026\\\/04\\\/6031.391@Cobra-Soak-Off-Dazzling-Red-Red-Fever-10-ml_1-3-scaled.png\",\"datePublished\":\"2026-04-28T03:45:15+00:00\",\"dateModified\":\"2026-04-28T03:45:17+00:00\",\"breadcrumb\":{\"@id\":\"https:\\\/\\\/districos.standingout.be\\\/fr\\\/product\\\/cobra-soak-off-dazzling-red-red-fever-10-ml-ref-6031-391\\\/#breadcrumb\"},\"inLanguage\":\"fr-FR\",\"potentialAction\":[{\"@type\":\"ReadAction\",\"target\":[\"https:\\\/\\\/districos.standingout.be\\\/fr\\\/product\\\/cobra-soak-off-dazzling-red-red-fever-10-ml-ref-6031-391\\\/\"]}]},{\"@type\":\"ImageObject\",\"inLanguage\":\"fr-FR\",\"@id\":\"https:\\\/\\\/districos.standingout.be\\\/fr\\\/product\\\/cobra-soak-off-dazzling-red-red-fever-10-ml-ref-6031-391\\\/#primaryimage\",\"url\":\"https:\\\/\\\/districos.standingout.be\\\/wp-content\\\/uploads\\\/2026\\\/04\\\/6031.391@Cobra-Soak-Off-Dazzling-Red-Red-Fever-10-ml_1-3-scaled.png\",\"contentUrl\":\"https:\\\/\\\/districos.standingout.be\\\/wp-content\\\/uploads\\\/2026\\\/04\\\/6031.391@Cobra-Soak-Off-Dazzling-Red-Red-Fever-10-ml_1-3-scaled.png\",\"width\":2560,\"height\":2513},{\"@type\":\"BreadcrumbList\",\"@id\":\"https:\\\/\\\/districos.standingout.be\\\/fr\\\/product\\\/cobra-soak-off-dazzling-red-red-fever-10-ml-ref-6031-391\\\/#breadcrumb\",\"itemListElement\":[{\"@type\":\"ListItem\",\"position\":1,\"name\":\"Home\",\"item\":\"https:\\\/\\\/districos.standingout.be\\\/fr\\\/bienvenue-chez-districos\\\/\"},{\"@type\":\"ListItem\",\"position\":2,\"name\":\"Boutique\",\"item\":\"https:\\\/\\\/districos.standingout.be\\\/fr\\\/boutique\\\/\"},{\"@type\":\"ListItem\",\"position\":3,\"name\":\"Cobra Soak-Off Dazzling Red Red Fever 10 ml\"}]},{\"@type\":\"WebSite\",\"@id\":\"https:\\\/\\\/districos.standingout.be\\\/fr\\\/#website\",\"url\":\"https:\\\/\\\/districos.standingout.be\\\/fr\\\/\",\"name\":\"Districos Webshop\",\"description\":\"\",\"publisher\":{\"@id\":\"https:\\\/\\\/districos.standingout.be\\\/fr\\\/#organization\"},\"potentialAction\":[{\"@type\":\"SearchAction\",\"target\":{\"@type\":\"EntryPoint\",\"urlTemplate\":\"https:\\\/\\\/districos.standingout.be\\\/fr\\\/?s={search_term_string}\"},\"query-input\":{\"@type\":\"PropertyValueSpecification\",\"valueRequired\":true,\"valueName\":\"search_term_string\"}}],\"inLanguage\":\"fr-FR\"},{\"@type\":\"Organization\",\"@id\":\"https:\\\/\\\/districos.standingout.be\\\/fr\\\/#organization\",\"name\":\"Districos Webshop\",\"url\":\"https:\\\/\\\/districos.standingout.be\\\/fr\\\/\",\"logo\":{\"@type\":\"ImageObject\",\"inLanguage\":\"fr-FR\",\"@id\":\"https:\\\/\\\/districos.standingout.be\\\/fr\\\/#\\\/schema\\\/logo\\\/image\\\/\",\"url\":\"https:\\\/\\\/districos.standingout.be\\\/wp-content\\\/uploads\\\/2022\\\/09\\\/Districos_Logo_Webshop.svg\",\"contentUrl\":\"https:\\\/\\\/districos.standingout.be\\\/wp-content\\\/uploads\\\/2022\\\/09\\\/Districos_Logo_Webshop.svg\",\"caption\":\"Districos Webshop\"},\"image\":{\"@id\":\"https:\\\/\\\/districos.standingout.be\\\/fr\\\/#\\\/schema\\\/logo\\\/image\\\/\"}}]}<\/script>\n<!-- \/ Yoast SEO plugin. -->","yoast_head_json":{"title":"Cobra Soak-Off Dazzling Red Red Fever 10 ml - Districos Webshop","robots":{"index":"noindex","follow":"follow","max-snippet":"max-snippet:-1","max-image-preview":"max-image-preview:large","max-video-preview":"max-video-preview:-1"},"og_locale":"fr_FR","og_type":"article","og_title":"Cobra Soak-Off Dazzling Red Red Fever 10 ml - Districos Webshop","og_description":"Une teinte rouge intense dont vos clients tomberont instantan\u00e9ment amoureux ! \u00ab\u00a0Red Fever\u00a0\u00bb est une des couleurs magnifiques et intemporelles&nbsp;de la collection&nbsp;Dazzling Red&nbsp;de Cobra Soak-Off Gel Polish. Cette couleur est facile \u00e0 appliquer et tient environ 3 semaines sur les ongles. Le produit est v\u00e9gane et non test\u00e9 sur les animaux et en plus, il [&hellip;]","og_url":"https:\/\/districos.standingout.be\/fr\/product\/cobra-soak-off-dazzling-red-red-fever-10-ml-ref-6031-391\/","og_site_name":"Districos Webshop","article_modified_time":"2026-04-28T03:45:17+00:00","og_image":[{"width":2560,"height":2513,"url":"https:\/\/districos.standingout.be\/wp-content\/uploads\/2026\/04\/6031.391@Cobra-Soak-Off-Dazzling-Red-Red-Fever-10-ml_1-2-scaled.png","type":"image\/png"}],"twitter_card":"summary_large_image","twitter_misc":{"Dur\u00e9e de lecture estim\u00e9e":"1 minute"},"schema":{"@context":"https:\/\/schema.org","@graph":[{"@type":"WebPage","@id":"https:\/\/districos.standingout.be\/fr\/product\/cobra-soak-off-dazzling-red-red-fever-10-ml-ref-6031-391\/","url":"https:\/\/districos.standingout.be\/fr\/product\/cobra-soak-off-dazzling-red-red-fever-10-ml-ref-6031-391\/","name":"Cobra Soak-Off Dazzling Red Red Fever 10 ml - Districos Webshop","isPartOf":{"@id":"https:\/\/districos.standingout.be\/fr\/#website"},"primaryImageOfPage":{"@id":"https:\/\/districos.standingout.be\/fr\/product\/cobra-soak-off-dazzling-red-red-fever-10-ml-ref-6031-391\/#primaryimage"},"image":{"@id":"https:\/\/districos.standingout.be\/fr\/product\/cobra-soak-off-dazzling-red-red-fever-10-ml-ref-6031-391\/#primaryimage"},"thumbnailUrl":"https:\/\/districos.standingout.be\/wp-content\/uploads\/2026\/04\/6031.391@Cobra-Soak-Off-Dazzling-Red-Red-Fever-10-ml_1-3-scaled.png","datePublished":"2026-04-28T03:45:15+00:00","dateModified":"2026-04-28T03:45:17+00:00","breadcrumb":{"@id":"https:\/\/districos.standingout.be\/fr\/product\/cobra-soak-off-dazzling-red-red-fever-10-ml-ref-6031-391\/#breadcrumb"},"inLanguage":"fr-FR","potentialAction":[{"@type":"ReadAction","target":["https:\/\/districos.standingout.be\/fr\/product\/cobra-soak-off-dazzling-red-red-fever-10-ml-ref-6031-391\/"]}]},{"@type":"ImageObject","inLanguage":"fr-FR","@id":"https:\/\/districos.standingout.be\/fr\/product\/cobra-soak-off-dazzling-red-red-fever-10-ml-ref-6031-391\/#primaryimage","url":"https:\/\/districos.standingout.be\/wp-content\/uploads\/2026\/04\/6031.391@Cobra-Soak-Off-Dazzling-Red-Red-Fever-10-ml_1-3-scaled.png","contentUrl":"https:\/\/districos.standingout.be\/wp-content\/uploads\/2026\/04\/6031.391@Cobra-Soak-Off-Dazzling-Red-Red-Fever-10-ml_1-3-scaled.png","width":2560,"height":2513},{"@type":"BreadcrumbList","@id":"https:\/\/districos.standingout.be\/fr\/product\/cobra-soak-off-dazzling-red-red-fever-10-ml-ref-6031-391\/#breadcrumb","itemListElement":[{"@type":"ListItem","position":1,"name":"Home","item":"https:\/\/districos.standingout.be\/fr\/bienvenue-chez-districos\/"},{"@type":"ListItem","position":2,"name":"Boutique","item":"https:\/\/districos.standingout.be\/fr\/boutique\/"},{"@type":"ListItem","position":3,"name":"Cobra Soak-Off Dazzling Red Red Fever 10 ml"}]},{"@type":"WebSite","@id":"https:\/\/districos.standingout.be\/fr\/#website","url":"https:\/\/districos.standingout.be\/fr\/","name":"Districos Webshop","description":"","publisher":{"@id":"https:\/\/districos.standingout.be\/fr\/#organization"},"potentialAction":[{"@type":"SearchAction","target":{"@type":"EntryPoint","urlTemplate":"https:\/\/districos.standingout.be\/fr\/?s={search_term_string}"},"query-input":{"@type":"PropertyValueSpecification","valueRequired":true,"valueName":"search_term_string"}}],"inLanguage":"fr-FR"},{"@type":"Organization","@id":"https:\/\/districos.standingout.be\/fr\/#organization","name":"Districos Webshop","url":"https:\/\/districos.standingout.be\/fr\/","logo":{"@type":"ImageObject","inLanguage":"fr-FR","@id":"https:\/\/districos.standingout.be\/fr\/#\/schema\/logo\/image\/","url":"https:\/\/districos.standingout.be\/wp-content\/uploads\/2022\/09\/Districos_Logo_Webshop.svg","contentUrl":"https:\/\/districos.standingout.be\/wp-content\/uploads\/2022\/09\/Districos_Logo_Webshop.svg","caption":"Districos Webshop"},"image":{"@id":"https:\/\/districos.standingout.be\/fr\/#\/schema\/logo\/image\/"}}]}},"_links":{"self":[{"href":"https:\/\/districos.standingout.be\/fr\/wp-json\/wp\/v2\/product\/135657","targetHints":{"allow":["GET"]}}],"collection":[{"href":"https:\/\/districos.standingout.be\/fr\/wp-json\/wp\/v2\/product"}],"about":[{"href":"https:\/\/districos.standingout.be\/fr\/wp-json\/wp\/v2\/types\/product"}],"replies":[{"embeddable":true,"href":"https:\/\/districos.standingout.be\/fr\/wp-json\/wp\/v2\/comments?post=135657"}],"wp:featuredmedia":[{"embeddable":true,"href":"https:\/\/districos.standingout.be\/fr\/wp-json\/wp\/v2\/media\/145897"}],"wp:attachment":[{"href":"https:\/\/districos.standingout.be\/fr\/wp-json\/wp\/v2\/media?parent=135657"}],"wp:term":[{"taxonomy":"product_brand","embeddable":true,"href":"https:\/\/districos.standingout.be\/fr\/wp-json\/wp\/v2\/product_brand?post=135657"},{"taxonomy":"product_cat","embeddable":true,"href":"https:\/\/districos.standingout.be\/fr\/wp-json\/wp\/v2\/product_cat?post=135657"},{"taxonomy":"product_tag","embeddable":true,"href":"https:\/\/districos.standingout.be\/fr\/wp-json\/wp\/v2\/product_tag?post=135657"}],"curies":[{"name":"wp","href":"https:\/\/api.w.org\/{rel}","templated":true}]}}