{"id":135727,"date":"2026-04-28T05:55:33","date_gmt":"2026-04-28T03:55:33","guid":{"rendered":"https:\/\/webshopdistricoscom.webhosting.be\/product\/cobra-soak-off-spring-fling-party-collection-4-x-10-ml-ref-6031-500\/"},"modified":"2026-04-28T05:55:34","modified_gmt":"2026-04-28T03:55:34","slug":"cobra-soak-off-spring-fling-party-collection-4-x-10-ml-ref-6031-500","status":"publish","type":"product","link":"https:\/\/districos.standingout.be\/fr\/product\/cobra-soak-off-spring-fling-party-collection-4-x-10-ml-ref-6031-500\/","title":{"rendered":"Cobra Soak-Off Spring Fling Party Collection 4 x 10 ml"},"content":{"rendered":"<p >\n<\/p>\n<\/p>\n<\/p>\n<\/p>\n<\/p>\n<\/p>\n<p>Cobra Nails Soak-Off Gelpolish collection printemps 2025 \u00ab\u00a0Spring Fling Party\u00a0\u00bb.<\/p>\n<p>D\u00e9couvrez la combinaison parfaite de ces 4 teintes festives et cr\u00e9ez un look styl\u00e9 et fun. Vous pouvez parfaitement combiner cette collection avec la collection \u00ab\u00a0Spring Fling\u00a0\u00bb.<\/p>\n<p><font size=\"2\"><font face=\"Verdana\"><br \/><\/font><\/font><\/p>\n<p>Ces gelpolish avec une texture fantastique sont faciles \u00e0 appliquer. Les ongles resteront magnifiques pendant jusqu&rsquo;\u00e0 3 semaines ! De plus, les produits sont v\u00e9ganes et non test\u00e9s sur les animaux !<\/p>\n<div><font size=\"2\"><font face=\"Verdana\" size=\"2\"><br \/><\/font><\/font><\/div>\n<div><font size=\"2\"><font face=\"Verdana\" size=\"2\"><b>Contenu<\/b><\/font><\/font><\/div>\n<div>\n<ul>\n<li><font size=\"2\"><font size=\"2\"><font face=\"Verdana\" size=\"2\">1 x Cobra Soak-Off Spring Fling Party Blush Crush Party&nbsp;10 ml&nbsp;(<a href=\"https:\/\/webshop.districos.com\/ProductDetail\/6031.501\" target=\"_blank\" rel=\"noopener noreferrer nofollow\">r\u00e9f. 6031.501<\/a>)<\/font><\/font><\/font><\/li>\n<li><font size=\"2\"><font size=\"2\"><font face=\"Verdana\" size=\"2\">1 x Cobra Soak-Off Spring Fling Party&nbsp;Flirty Fushia Party&nbsp;10 ml&nbsp;(<a href=\"https:\/\/webshop.districos.com\/ProductDetail\/6031.502\" target=\"_blank\" rel=\"noopener noreferrer nofollow\">r\u00e9f. 6031.502<\/a>)<\/font><\/font><\/font><\/li>\n<li><font size=\"2\"><font size=\"2\"><font face=\"Verdana\" size=\"2\">1 x Cobra Soak-Off Spring Fling Party&nbsp;Sunset Sizzle Party&nbsp;10 ml&nbsp;(<a href=\"https:\/\/webshop.districos.com\/ProductDetail\/6031.503\" target=\"_blank\" rel=\"noopener noreferrer nofollow\">r\u00e9f. 6031.503<\/a>)<\/font><\/font><\/font><\/li>\n<li><font size=\"2\"><font size=\"2\"><font face=\"Verdana\" size=\"2\">1 x Cobra Soak-Off Spring Fling Party&nbsp;Sidney&rsquo;s Spring Party&nbsp;10 ml&nbsp;(<a href=\"https:\/\/webshop.districos.com\/ProductDetail\/6031.504\" target=\"_blank\" rel=\"noopener noreferrer nofollow\">r\u00e9f. 6031.504<\/a>)<\/font><\/font><\/font><\/li>\n<\/ul>\n<\/div>\n","protected":false},"excerpt":{"rendered":"<p>Cobra Nails Soak-Off Gelpolish collection printemps 2025 \u00ab\u00a0Spring Fling Party\u00a0\u00bb. D\u00e9couvrez la combinaison parfaite de ces 4 teintes festives et cr\u00e9ez un look styl\u00e9 et fun. Vous pouvez parfaitement combiner cette collection avec la collection \u00ab\u00a0Spring Fling\u00a0\u00bb. Ces gelpolish avec une texture fantastique sont faciles \u00e0 appliquer. Les ongles resteront magnifiques pendant jusqu&rsquo;\u00e0 3 semaines [&hellip;]<\/p>\n","protected":false},"featured_media":146182,"comment_status":"open","ping_status":"closed","template":"","meta":{"_acf_changed":false},"product_brand":[10340],"product_cat":[9896],"product_tag":[],"class_list":{"0":"post-135727","1":"product","2":"type-product","3":"status-publish","4":"has-post-thumbnail","6":"product_brand-cobra-nails-fr","7":"product_cat-beaute-manucure-ongles-gel-gel-polish","9":"first","10":"instock","11":"taxable","12":"shipping-taxable","13":"product-type-simple"},"acf":[],"yoast_head":"<!-- This site is optimized with the Yoast SEO plugin v27.3 - https:\/\/yoast.com\/product\/yoast-seo-wordpress\/ -->\n<title>Cobra Soak-Off Spring Fling Party Collection 4 x 10 ml - Districos Webshop<\/title>\n<meta name=\"robots\" content=\"noindex, follow, max-snippet:-1, max-image-preview:large, max-video-preview:-1\" \/>\n<meta property=\"og:locale\" content=\"fr_FR\" \/>\n<meta property=\"og:type\" content=\"article\" \/>\n<meta property=\"og:title\" content=\"Cobra Soak-Off Spring Fling Party Collection 4 x 10 ml - Districos Webshop\" \/>\n<meta property=\"og:description\" content=\"Cobra Nails Soak-Off Gelpolish collection printemps 2025 \u00ab\u00a0Spring Fling Party\u00a0\u00bb. D\u00e9couvrez la combinaison parfaite de ces 4 teintes festives et cr\u00e9ez un look styl\u00e9 et fun. Vous pouvez parfaitement combiner cette collection avec la collection \u00ab\u00a0Spring Fling\u00a0\u00bb. Ces gelpolish avec une texture fantastique sont faciles \u00e0 appliquer. Les ongles resteront magnifiques pendant jusqu&rsquo;\u00e0 3 semaines [&hellip;]\" \/>\n<meta property=\"og:url\" content=\"https:\/\/districos.standingout.be\/fr\/product\/cobra-soak-off-spring-fling-party-collection-4-x-10-ml-ref-6031-500\/\" \/>\n<meta property=\"og:site_name\" content=\"Districos Webshop\" \/>\n<meta property=\"article:modified_time\" content=\"2026-04-28T03:55:34+00:00\" \/>\n<meta property=\"og:image\" content=\"https:\/\/districos.standingout.be\/wp-content\/uploads\/2026\/04\/6031.500@Cobra-Soak-Off-Spring-Fling-Party-Collection-4-x-10-ml_1-2.png\" \/>\n\t<meta property=\"og:image:width\" content=\"600\" \/>\n\t<meta property=\"og:image:height\" content=\"600\" \/>\n\t<meta property=\"og:image:type\" content=\"image\/png\" \/>\n<meta name=\"twitter:card\" content=\"summary_large_image\" \/>\n<meta name=\"twitter:label1\" content=\"Dur\u00e9e de lecture estim\u00e9e\" \/>\n\t<meta name=\"twitter:data1\" content=\"1 minute\" \/>\n<script type=\"application\/ld+json\" class=\"yoast-schema-graph\">{\"@context\":\"https:\\\/\\\/schema.org\",\"@graph\":[{\"@type\":\"WebPage\",\"@id\":\"https:\\\/\\\/districos.standingout.be\\\/fr\\\/product\\\/cobra-soak-off-spring-fling-party-collection-4-x-10-ml-ref-6031-500\\\/\",\"url\":\"https:\\\/\\\/districos.standingout.be\\\/fr\\\/product\\\/cobra-soak-off-spring-fling-party-collection-4-x-10-ml-ref-6031-500\\\/\",\"name\":\"Cobra Soak-Off Spring Fling Party Collection 4 x 10 ml - Districos Webshop\",\"isPartOf\":{\"@id\":\"https:\\\/\\\/districos.standingout.be\\\/fr\\\/#website\"},\"primaryImageOfPage\":{\"@id\":\"https:\\\/\\\/districos.standingout.be\\\/fr\\\/product\\\/cobra-soak-off-spring-fling-party-collection-4-x-10-ml-ref-6031-500\\\/#primaryimage\"},\"image\":{\"@id\":\"https:\\\/\\\/districos.standingout.be\\\/fr\\\/product\\\/cobra-soak-off-spring-fling-party-collection-4-x-10-ml-ref-6031-500\\\/#primaryimage\"},\"thumbnailUrl\":\"https:\\\/\\\/districos.standingout.be\\\/wp-content\\\/uploads\\\/2026\\\/04\\\/6031.500@Cobra-Soak-Off-Spring-Fling-Party-Collection-4-x-10-ml_1-3.png\",\"datePublished\":\"2026-04-28T03:55:33+00:00\",\"dateModified\":\"2026-04-28T03:55:34+00:00\",\"breadcrumb\":{\"@id\":\"https:\\\/\\\/districos.standingout.be\\\/fr\\\/product\\\/cobra-soak-off-spring-fling-party-collection-4-x-10-ml-ref-6031-500\\\/#breadcrumb\"},\"inLanguage\":\"fr-FR\",\"potentialAction\":[{\"@type\":\"ReadAction\",\"target\":[\"https:\\\/\\\/districos.standingout.be\\\/fr\\\/product\\\/cobra-soak-off-spring-fling-party-collection-4-x-10-ml-ref-6031-500\\\/\"]}]},{\"@type\":\"ImageObject\",\"inLanguage\":\"fr-FR\",\"@id\":\"https:\\\/\\\/districos.standingout.be\\\/fr\\\/product\\\/cobra-soak-off-spring-fling-party-collection-4-x-10-ml-ref-6031-500\\\/#primaryimage\",\"url\":\"https:\\\/\\\/districos.standingout.be\\\/wp-content\\\/uploads\\\/2026\\\/04\\\/6031.500@Cobra-Soak-Off-Spring-Fling-Party-Collection-4-x-10-ml_1-3.png\",\"contentUrl\":\"https:\\\/\\\/districos.standingout.be\\\/wp-content\\\/uploads\\\/2026\\\/04\\\/6031.500@Cobra-Soak-Off-Spring-Fling-Party-Collection-4-x-10-ml_1-3.png\",\"width\":600,\"height\":600},{\"@type\":\"BreadcrumbList\",\"@id\":\"https:\\\/\\\/districos.standingout.be\\\/fr\\\/product\\\/cobra-soak-off-spring-fling-party-collection-4-x-10-ml-ref-6031-500\\\/#breadcrumb\",\"itemListElement\":[{\"@type\":\"ListItem\",\"position\":1,\"name\":\"Home\",\"item\":\"https:\\\/\\\/districos.standingout.be\\\/fr\\\/bienvenue-chez-districos\\\/\"},{\"@type\":\"ListItem\",\"position\":2,\"name\":\"Boutique\",\"item\":\"https:\\\/\\\/districos.standingout.be\\\/fr\\\/boutique\\\/\"},{\"@type\":\"ListItem\",\"position\":3,\"name\":\"Cobra Soak-Off Spring Fling Party Collection 4 x 10 ml\"}]},{\"@type\":\"WebSite\",\"@id\":\"https:\\\/\\\/districos.standingout.be\\\/fr\\\/#website\",\"url\":\"https:\\\/\\\/districos.standingout.be\\\/fr\\\/\",\"name\":\"Districos Webshop\",\"description\":\"\",\"publisher\":{\"@id\":\"https:\\\/\\\/districos.standingout.be\\\/fr\\\/#organization\"},\"potentialAction\":[{\"@type\":\"SearchAction\",\"target\":{\"@type\":\"EntryPoint\",\"urlTemplate\":\"https:\\\/\\\/districos.standingout.be\\\/fr\\\/?s={search_term_string}\"},\"query-input\":{\"@type\":\"PropertyValueSpecification\",\"valueRequired\":true,\"valueName\":\"search_term_string\"}}],\"inLanguage\":\"fr-FR\"},{\"@type\":\"Organization\",\"@id\":\"https:\\\/\\\/districos.standingout.be\\\/fr\\\/#organization\",\"name\":\"Districos Webshop\",\"url\":\"https:\\\/\\\/districos.standingout.be\\\/fr\\\/\",\"logo\":{\"@type\":\"ImageObject\",\"inLanguage\":\"fr-FR\",\"@id\":\"https:\\\/\\\/districos.standingout.be\\\/fr\\\/#\\\/schema\\\/logo\\\/image\\\/\",\"url\":\"https:\\\/\\\/districos.standingout.be\\\/wp-content\\\/uploads\\\/2022\\\/09\\\/Districos_Logo_Webshop.svg\",\"contentUrl\":\"https:\\\/\\\/districos.standingout.be\\\/wp-content\\\/uploads\\\/2022\\\/09\\\/Districos_Logo_Webshop.svg\",\"caption\":\"Districos Webshop\"},\"image\":{\"@id\":\"https:\\\/\\\/districos.standingout.be\\\/fr\\\/#\\\/schema\\\/logo\\\/image\\\/\"}}]}<\/script>\n<!-- \/ Yoast SEO plugin. -->","yoast_head_json":{"title":"Cobra Soak-Off Spring Fling Party Collection 4 x 10 ml - Districos Webshop","robots":{"index":"noindex","follow":"follow","max-snippet":"max-snippet:-1","max-image-preview":"max-image-preview:large","max-video-preview":"max-video-preview:-1"},"og_locale":"fr_FR","og_type":"article","og_title":"Cobra Soak-Off Spring Fling Party Collection 4 x 10 ml - Districos Webshop","og_description":"Cobra Nails Soak-Off Gelpolish collection printemps 2025 \u00ab\u00a0Spring Fling Party\u00a0\u00bb. D\u00e9couvrez la combinaison parfaite de ces 4 teintes festives et cr\u00e9ez un look styl\u00e9 et fun. Vous pouvez parfaitement combiner cette collection avec la collection \u00ab\u00a0Spring Fling\u00a0\u00bb. Ces gelpolish avec une texture fantastique sont faciles \u00e0 appliquer. Les ongles resteront magnifiques pendant jusqu&rsquo;\u00e0 3 semaines [&hellip;]","og_url":"https:\/\/districos.standingout.be\/fr\/product\/cobra-soak-off-spring-fling-party-collection-4-x-10-ml-ref-6031-500\/","og_site_name":"Districos Webshop","article_modified_time":"2026-04-28T03:55:34+00:00","og_image":[{"width":600,"height":600,"url":"https:\/\/districos.standingout.be\/wp-content\/uploads\/2026\/04\/6031.500@Cobra-Soak-Off-Spring-Fling-Party-Collection-4-x-10-ml_1-2.png","type":"image\/png"}],"twitter_card":"summary_large_image","twitter_misc":{"Dur\u00e9e de lecture estim\u00e9e":"1 minute"},"schema":{"@context":"https:\/\/schema.org","@graph":[{"@type":"WebPage","@id":"https:\/\/districos.standingout.be\/fr\/product\/cobra-soak-off-spring-fling-party-collection-4-x-10-ml-ref-6031-500\/","url":"https:\/\/districos.standingout.be\/fr\/product\/cobra-soak-off-spring-fling-party-collection-4-x-10-ml-ref-6031-500\/","name":"Cobra Soak-Off Spring Fling Party Collection 4 x 10 ml - Districos Webshop","isPartOf":{"@id":"https:\/\/districos.standingout.be\/fr\/#website"},"primaryImageOfPage":{"@id":"https:\/\/districos.standingout.be\/fr\/product\/cobra-soak-off-spring-fling-party-collection-4-x-10-ml-ref-6031-500\/#primaryimage"},"image":{"@id":"https:\/\/districos.standingout.be\/fr\/product\/cobra-soak-off-spring-fling-party-collection-4-x-10-ml-ref-6031-500\/#primaryimage"},"thumbnailUrl":"https:\/\/districos.standingout.be\/wp-content\/uploads\/2026\/04\/6031.500@Cobra-Soak-Off-Spring-Fling-Party-Collection-4-x-10-ml_1-3.png","datePublished":"2026-04-28T03:55:33+00:00","dateModified":"2026-04-28T03:55:34+00:00","breadcrumb":{"@id":"https:\/\/districos.standingout.be\/fr\/product\/cobra-soak-off-spring-fling-party-collection-4-x-10-ml-ref-6031-500\/#breadcrumb"},"inLanguage":"fr-FR","potentialAction":[{"@type":"ReadAction","target":["https:\/\/districos.standingout.be\/fr\/product\/cobra-soak-off-spring-fling-party-collection-4-x-10-ml-ref-6031-500\/"]}]},{"@type":"ImageObject","inLanguage":"fr-FR","@id":"https:\/\/districos.standingout.be\/fr\/product\/cobra-soak-off-spring-fling-party-collection-4-x-10-ml-ref-6031-500\/#primaryimage","url":"https:\/\/districos.standingout.be\/wp-content\/uploads\/2026\/04\/6031.500@Cobra-Soak-Off-Spring-Fling-Party-Collection-4-x-10-ml_1-3.png","contentUrl":"https:\/\/districos.standingout.be\/wp-content\/uploads\/2026\/04\/6031.500@Cobra-Soak-Off-Spring-Fling-Party-Collection-4-x-10-ml_1-3.png","width":600,"height":600},{"@type":"BreadcrumbList","@id":"https:\/\/districos.standingout.be\/fr\/product\/cobra-soak-off-spring-fling-party-collection-4-x-10-ml-ref-6031-500\/#breadcrumb","itemListElement":[{"@type":"ListItem","position":1,"name":"Home","item":"https:\/\/districos.standingout.be\/fr\/bienvenue-chez-districos\/"},{"@type":"ListItem","position":2,"name":"Boutique","item":"https:\/\/districos.standingout.be\/fr\/boutique\/"},{"@type":"ListItem","position":3,"name":"Cobra Soak-Off Spring Fling Party Collection 4 x 10 ml"}]},{"@type":"WebSite","@id":"https:\/\/districos.standingout.be\/fr\/#website","url":"https:\/\/districos.standingout.be\/fr\/","name":"Districos Webshop","description":"","publisher":{"@id":"https:\/\/districos.standingout.be\/fr\/#organization"},"potentialAction":[{"@type":"SearchAction","target":{"@type":"EntryPoint","urlTemplate":"https:\/\/districos.standingout.be\/fr\/?s={search_term_string}"},"query-input":{"@type":"PropertyValueSpecification","valueRequired":true,"valueName":"search_term_string"}}],"inLanguage":"fr-FR"},{"@type":"Organization","@id":"https:\/\/districos.standingout.be\/fr\/#organization","name":"Districos Webshop","url":"https:\/\/districos.standingout.be\/fr\/","logo":{"@type":"ImageObject","inLanguage":"fr-FR","@id":"https:\/\/districos.standingout.be\/fr\/#\/schema\/logo\/image\/","url":"https:\/\/districos.standingout.be\/wp-content\/uploads\/2022\/09\/Districos_Logo_Webshop.svg","contentUrl":"https:\/\/districos.standingout.be\/wp-content\/uploads\/2022\/09\/Districos_Logo_Webshop.svg","caption":"Districos Webshop"},"image":{"@id":"https:\/\/districos.standingout.be\/fr\/#\/schema\/logo\/image\/"}}]}},"_links":{"self":[{"href":"https:\/\/districos.standingout.be\/fr\/wp-json\/wp\/v2\/product\/135727","targetHints":{"allow":["GET"]}}],"collection":[{"href":"https:\/\/districos.standingout.be\/fr\/wp-json\/wp\/v2\/product"}],"about":[{"href":"https:\/\/districos.standingout.be\/fr\/wp-json\/wp\/v2\/types\/product"}],"replies":[{"embeddable":true,"href":"https:\/\/districos.standingout.be\/fr\/wp-json\/wp\/v2\/comments?post=135727"}],"wp:featuredmedia":[{"embeddable":true,"href":"https:\/\/districos.standingout.be\/fr\/wp-json\/wp\/v2\/media\/146182"}],"wp:attachment":[{"href":"https:\/\/districos.standingout.be\/fr\/wp-json\/wp\/v2\/media?parent=135727"}],"wp:term":[{"taxonomy":"product_brand","embeddable":true,"href":"https:\/\/districos.standingout.be\/fr\/wp-json\/wp\/v2\/product_brand?post=135727"},{"taxonomy":"product_cat","embeddable":true,"href":"https:\/\/districos.standingout.be\/fr\/wp-json\/wp\/v2\/product_cat?post=135727"},{"taxonomy":"product_tag","embeddable":true,"href":"https:\/\/districos.standingout.be\/fr\/wp-json\/wp\/v2\/product_tag?post=135727"}],"curies":[{"name":"wp","href":"https:\/\/api.w.org\/{rel}","templated":true}]}}