{"id":135787,"date":"2026-04-28T06:01:01","date_gmt":"2026-04-28T04:01:01","guid":{"rendered":"https:\/\/webshopdistricoscom.webhosting.be\/product\/cobra-nail-art-gel-perfect-black-8-g-ref-6032-001-2\/"},"modified":"2026-04-28T06:01:03","modified_gmt":"2026-04-28T04:01:03","slug":"cobra-nail-art-gel-perfect-black-8-g-ref-6032-001","status":"publish","type":"product","link":"https:\/\/districos.standingout.be\/fr\/product\/cobra-nail-art-gel-perfect-black-8-g-ref-6032-001\/","title":{"rendered":"Cobra Nail Art Gel Perfect Black 8 g"},"content":{"rendered":"<p >\n<\/p>\n<\/p>\n<\/p>\n<p dir=\"ltr\">Le Cobra Nail Art Gel est fortement pigment\u00e9e, est facile \u00e0 utiliser et garantit de magnifiques cr\u00e9ations de nail art vibrantes. Le Nail Art Gel peut \u00eatre appliqu\u00e9 en couche fine et pr\u00e9cise, ne coule pas, et offre une excellente couverture, ce qui le rend particuli\u00e8rement adapt\u00e9 \u00e0 l&rsquo;artiste des ongles qui appr\u00e9cie les designs d\u00e9licats avec une attention aux d\u00e9tails. Gr\u00e2ce \u00e0 sa formule unique, vous pouvez cr\u00e9er des m\u00e9langes de couleurs amusants, et il est \u00e9galement id\u00e9al en tant que gel de stamping.<br \/>Ces Gels Nail Art sont fournis dans un pot avec une base stable pour \u00e9viter qu&rsquo;il ne se renverse pendant le travail.<\/p>\n<p dir=\"ltr\">ATTENTION: Les Gels Nail Art ne sont pas destin\u00e9s \u00e0 \u00eatre utilis\u00e9s comme couleur compl\u00e8te<\/p>\n<p dir=\"ltr\"><b>Contenance<\/b><span>: 8 g<\/span><\/p>\n<\/p>\n<p dir=\"ltr\"><b>Couleur<\/b><span>: noir<\/span><\/p>\n<p dir=\"ltr\"><b>Caract\u00e9ristiques:<\/b><\/p>\n<p dir=\"ltr\">\n<ul>\n<li>Gel Nail Art hautement pigment\u00e9<\/li>\n<li>Ne coule pas<\/li>\n<li>Couvre en une seule couche<\/li>\n<li>Mix &amp; Match pour des combinaisons de couleurs infinies<\/li>\n<li>Formule consistante qui permet de dessiner facilement des lignes fines<\/li>\n<li>Durcit en 60 secondes sous une lampe LED<\/li>\n<\/ul>\n<p><b>Mode d&#8217;emploi<\/b>:<\/p>\n<\/p>\n<ol dir=\"ltr\">\n<li><span>Appliquez le Gel Nail Art apr\u00e8s avoir durci votre deuxi\u00e8me couche de Gel Polish Soak-Off Cobra ou apr\u00e8s le Cobra Matte No Wipe.<\/span><\/li>\n<li>Cr\u00e9ez le design souhait\u00e9.<\/li>\n<li>Durcissez pendant 60 secondes sous une lampe LED (min. 54W).<\/li>\n<li>Finalisez avec une couche de top coat (<a href=\"https:\/\/webshop.districos.com\/ProductDetail\/6030.004\" target=\"_blank\" rel=\"noopener noreferrer nofollow\">Shine No Wipe<\/a> ou <a href=\"https:\/\/webshop.districos.com\/ProductDetail\/6030.006\" target=\"_blank\" rel=\"noopener noreferrer nofollow\">Wipe and Shine<\/a>)<\/li>\n<\/ol>\n<p><b>Couleurs disponible<\/b><span>:<\/span><\/p>\n<p dir=\"ltr\">\n<ul>\n<li>Perfect black (noir) (<a href=\"https:\/\/webshop.districos.com\/ProductDetail\/6032.001\" target=\"_blank\" rel=\"noopener noreferrer nofollow\">r\u00e9f. 6032.001<\/a>)<\/li>\n<li>Ghost White (blanc) (<a href=\"https:\/\/webshop.districos.com\/ProductDetail\/6032.002\" target=\"_blank\" rel=\"noopener noreferrer nofollow\">r\u00e9f. 6032.002<\/a>)<\/li>\n<li>Smily Poppies (rouge) (<a href=\"https:\/\/webshop.districos.com\/ProductDetail\/6032.003\" target=\"_blank\" rel=\"noopener noreferrer nofollow\">r\u00e9f. 6032.003<\/a>)<\/li>\n<li>Cobalt Blue (bleu cobalt) (<a href=\"https:\/\/webshop.districos.com\/ProductDetail\/6032.004\" target=\"_blank\" rel=\"noopener noreferrer nofollow\">r\u00e9f. 6032.004<\/a>)<\/li>\n<li>Italian Verde (vert) (<a href=\"https:\/\/webshop.districos.com\/ProductDetail\/6032.005\" target=\"_blank\" rel=\"noopener noreferrer nofollow\">r\u00e9f. 6032.005<\/a>)<\/li>\n<li>Yellow Submarine (jaune) (<a href=\"https:\/\/webshop.districos.com\/ProductDetail\/6032.006\" target=\"_blank\" rel=\"noopener noreferrer nofollow\">r\u00e9f. 6032.006<\/a>)<\/li>\n<li>Silver (argent) (<a href=\"https:\/\/webshop.districos.com\/ProductDetail\/6032.007\" target=\"_blank\" rel=\"noopener noreferrer nofollow\">r\u00e9f. 6032.007<\/a>)<\/li>\n<li>Gold (or) (<a href=\"https:\/\/webshop.districos.com\/ProductDetail\/6032.008\" target=\"_blank\" rel=\"noopener noreferrer nofollow\">r\u00e9f. 6032.008<\/a>)<\/li>\n<\/ul>\n<p dir=\"ltr\"><\/p>\n","protected":false},"excerpt":{"rendered":"<p>Le Cobra Nail Art Gel est fortement pigment\u00e9e, est facile \u00e0 utiliser et garantit de magnifiques cr\u00e9ations de nail art vibrantes. Le Nail Art Gel peut \u00eatre appliqu\u00e9 en couche fine et pr\u00e9cise, ne coule pas, et offre une excellente couverture, ce qui le rend particuli\u00e8rement adapt\u00e9 \u00e0 l&rsquo;artiste des ongles qui appr\u00e9cie les designs [&hellip;]<\/p>\n","protected":false},"featured_media":146611,"comment_status":"open","ping_status":"closed","template":"","meta":{"_acf_changed":false},"product_brand":[10340],"product_cat":[9896],"product_tag":[],"class_list":{"0":"post-135787","1":"product","2":"type-product","3":"status-publish","4":"has-post-thumbnail","6":"product_brand-cobra-nails-fr","7":"product_cat-beaute-manucure-ongles-gel-gel-polish","9":"first","10":"instock","11":"taxable","12":"shipping-taxable","13":"product-type-simple"},"acf":[],"yoast_head":"<!-- This site is optimized with the Yoast SEO plugin v27.3 - https:\/\/yoast.com\/product\/yoast-seo-wordpress\/ -->\n<title>Cobra Nail Art Gel Perfect Black 8 g - Districos Webshop<\/title>\n<meta name=\"robots\" content=\"noindex, follow, max-snippet:-1, max-image-preview:large, max-video-preview:-1\" \/>\n<meta property=\"og:locale\" content=\"fr_FR\" \/>\n<meta property=\"og:type\" content=\"article\" \/>\n<meta property=\"og:title\" content=\"Cobra Nail Art Gel Perfect Black 8 g - Districos Webshop\" \/>\n<meta property=\"og:description\" content=\"Le Cobra Nail Art Gel est fortement pigment\u00e9e, est facile \u00e0 utiliser et garantit de magnifiques cr\u00e9ations de nail art vibrantes. Le Nail Art Gel peut \u00eatre appliqu\u00e9 en couche fine et pr\u00e9cise, ne coule pas, et offre une excellente couverture, ce qui le rend particuli\u00e8rement adapt\u00e9 \u00e0 l&rsquo;artiste des ongles qui appr\u00e9cie les designs [&hellip;]\" \/>\n<meta property=\"og:url\" content=\"https:\/\/districos.standingout.be\/fr\/product\/cobra-nail-art-gel-perfect-black-8-g-ref-6032-001\/\" \/>\n<meta property=\"og:site_name\" content=\"Districos Webshop\" \/>\n<meta property=\"article:modified_time\" content=\"2026-04-28T04:01:03+00:00\" \/>\n<meta property=\"og:image\" content=\"https:\/\/districos.standingout.be\/wp-content\/uploads\/2026\/04\/6032.001@Cobra-Nail-Art-Gel-Perfect-Black-8-g_1-2.png\" \/>\n\t<meta property=\"og:image:width\" content=\"600\" \/>\n\t<meta property=\"og:image:height\" content=\"600\" \/>\n\t<meta property=\"og:image:type\" content=\"image\/png\" \/>\n<meta name=\"twitter:card\" content=\"summary_large_image\" \/>\n<meta name=\"twitter:label1\" content=\"Dur\u00e9e de lecture estim\u00e9e\" \/>\n\t<meta name=\"twitter:data1\" content=\"1 minute\" \/>\n<script type=\"application\/ld+json\" class=\"yoast-schema-graph\">{\"@context\":\"https:\\\/\\\/schema.org\",\"@graph\":[{\"@type\":\"WebPage\",\"@id\":\"https:\\\/\\\/districos.standingout.be\\\/fr\\\/product\\\/cobra-nail-art-gel-perfect-black-8-g-ref-6032-001\\\/\",\"url\":\"https:\\\/\\\/districos.standingout.be\\\/fr\\\/product\\\/cobra-nail-art-gel-perfect-black-8-g-ref-6032-001\\\/\",\"name\":\"Cobra Nail Art Gel Perfect Black 8 g - Districos Webshop\",\"isPartOf\":{\"@id\":\"https:\\\/\\\/districos.standingout.be\\\/fr\\\/#website\"},\"primaryImageOfPage\":{\"@id\":\"https:\\\/\\\/districos.standingout.be\\\/fr\\\/product\\\/cobra-nail-art-gel-perfect-black-8-g-ref-6032-001\\\/#primaryimage\"},\"image\":{\"@id\":\"https:\\\/\\\/districos.standingout.be\\\/fr\\\/product\\\/cobra-nail-art-gel-perfect-black-8-g-ref-6032-001\\\/#primaryimage\"},\"thumbnailUrl\":\"https:\\\/\\\/districos.standingout.be\\\/wp-content\\\/uploads\\\/2026\\\/04\\\/6032.001@Cobra-Nail-Art-Gel-Perfect-Black-8-g_1-3.png\",\"datePublished\":\"2026-04-28T04:01:01+00:00\",\"dateModified\":\"2026-04-28T04:01:03+00:00\",\"breadcrumb\":{\"@id\":\"https:\\\/\\\/districos.standingout.be\\\/fr\\\/product\\\/cobra-nail-art-gel-perfect-black-8-g-ref-6032-001\\\/#breadcrumb\"},\"inLanguage\":\"fr-FR\",\"potentialAction\":[{\"@type\":\"ReadAction\",\"target\":[\"https:\\\/\\\/districos.standingout.be\\\/fr\\\/product\\\/cobra-nail-art-gel-perfect-black-8-g-ref-6032-001\\\/\"]}]},{\"@type\":\"ImageObject\",\"inLanguage\":\"fr-FR\",\"@id\":\"https:\\\/\\\/districos.standingout.be\\\/fr\\\/product\\\/cobra-nail-art-gel-perfect-black-8-g-ref-6032-001\\\/#primaryimage\",\"url\":\"https:\\\/\\\/districos.standingout.be\\\/wp-content\\\/uploads\\\/2026\\\/04\\\/6032.001@Cobra-Nail-Art-Gel-Perfect-Black-8-g_1-3.png\",\"contentUrl\":\"https:\\\/\\\/districos.standingout.be\\\/wp-content\\\/uploads\\\/2026\\\/04\\\/6032.001@Cobra-Nail-Art-Gel-Perfect-Black-8-g_1-3.png\",\"width\":600,\"height\":600},{\"@type\":\"BreadcrumbList\",\"@id\":\"https:\\\/\\\/districos.standingout.be\\\/fr\\\/product\\\/cobra-nail-art-gel-perfect-black-8-g-ref-6032-001\\\/#breadcrumb\",\"itemListElement\":[{\"@type\":\"ListItem\",\"position\":1,\"name\":\"Home\",\"item\":\"https:\\\/\\\/districos.standingout.be\\\/fr\\\/bienvenue-chez-districos\\\/\"},{\"@type\":\"ListItem\",\"position\":2,\"name\":\"Boutique\",\"item\":\"https:\\\/\\\/districos.standingout.be\\\/fr\\\/boutique\\\/\"},{\"@type\":\"ListItem\",\"position\":3,\"name\":\"Cobra Nail Art Gel Perfect Black 8 g\"}]},{\"@type\":\"WebSite\",\"@id\":\"https:\\\/\\\/districos.standingout.be\\\/fr\\\/#website\",\"url\":\"https:\\\/\\\/districos.standingout.be\\\/fr\\\/\",\"name\":\"Districos Webshop\",\"description\":\"\",\"publisher\":{\"@id\":\"https:\\\/\\\/districos.standingout.be\\\/fr\\\/#organization\"},\"potentialAction\":[{\"@type\":\"SearchAction\",\"target\":{\"@type\":\"EntryPoint\",\"urlTemplate\":\"https:\\\/\\\/districos.standingout.be\\\/fr\\\/?s={search_term_string}\"},\"query-input\":{\"@type\":\"PropertyValueSpecification\",\"valueRequired\":true,\"valueName\":\"search_term_string\"}}],\"inLanguage\":\"fr-FR\"},{\"@type\":\"Organization\",\"@id\":\"https:\\\/\\\/districos.standingout.be\\\/fr\\\/#organization\",\"name\":\"Districos Webshop\",\"url\":\"https:\\\/\\\/districos.standingout.be\\\/fr\\\/\",\"logo\":{\"@type\":\"ImageObject\",\"inLanguage\":\"fr-FR\",\"@id\":\"https:\\\/\\\/districos.standingout.be\\\/fr\\\/#\\\/schema\\\/logo\\\/image\\\/\",\"url\":\"https:\\\/\\\/districos.standingout.be\\\/wp-content\\\/uploads\\\/2022\\\/09\\\/Districos_Logo_Webshop.svg\",\"contentUrl\":\"https:\\\/\\\/districos.standingout.be\\\/wp-content\\\/uploads\\\/2022\\\/09\\\/Districos_Logo_Webshop.svg\",\"caption\":\"Districos Webshop\"},\"image\":{\"@id\":\"https:\\\/\\\/districos.standingout.be\\\/fr\\\/#\\\/schema\\\/logo\\\/image\\\/\"}}]}<\/script>\n<!-- \/ Yoast SEO plugin. -->","yoast_head_json":{"title":"Cobra Nail Art Gel Perfect Black 8 g - Districos Webshop","robots":{"index":"noindex","follow":"follow","max-snippet":"max-snippet:-1","max-image-preview":"max-image-preview:large","max-video-preview":"max-video-preview:-1"},"og_locale":"fr_FR","og_type":"article","og_title":"Cobra Nail Art Gel Perfect Black 8 g - Districos Webshop","og_description":"Le Cobra Nail Art Gel est fortement pigment\u00e9e, est facile \u00e0 utiliser et garantit de magnifiques cr\u00e9ations de nail art vibrantes. Le Nail Art Gel peut \u00eatre appliqu\u00e9 en couche fine et pr\u00e9cise, ne coule pas, et offre une excellente couverture, ce qui le rend particuli\u00e8rement adapt\u00e9 \u00e0 l&rsquo;artiste des ongles qui appr\u00e9cie les designs [&hellip;]","og_url":"https:\/\/districos.standingout.be\/fr\/product\/cobra-nail-art-gel-perfect-black-8-g-ref-6032-001\/","og_site_name":"Districos Webshop","article_modified_time":"2026-04-28T04:01:03+00:00","og_image":[{"width":600,"height":600,"url":"https:\/\/districos.standingout.be\/wp-content\/uploads\/2026\/04\/6032.001@Cobra-Nail-Art-Gel-Perfect-Black-8-g_1-2.png","type":"image\/png"}],"twitter_card":"summary_large_image","twitter_misc":{"Dur\u00e9e de lecture estim\u00e9e":"1 minute"},"schema":{"@context":"https:\/\/schema.org","@graph":[{"@type":"WebPage","@id":"https:\/\/districos.standingout.be\/fr\/product\/cobra-nail-art-gel-perfect-black-8-g-ref-6032-001\/","url":"https:\/\/districos.standingout.be\/fr\/product\/cobra-nail-art-gel-perfect-black-8-g-ref-6032-001\/","name":"Cobra Nail Art Gel Perfect Black 8 g - Districos Webshop","isPartOf":{"@id":"https:\/\/districos.standingout.be\/fr\/#website"},"primaryImageOfPage":{"@id":"https:\/\/districos.standingout.be\/fr\/product\/cobra-nail-art-gel-perfect-black-8-g-ref-6032-001\/#primaryimage"},"image":{"@id":"https:\/\/districos.standingout.be\/fr\/product\/cobra-nail-art-gel-perfect-black-8-g-ref-6032-001\/#primaryimage"},"thumbnailUrl":"https:\/\/districos.standingout.be\/wp-content\/uploads\/2026\/04\/6032.001@Cobra-Nail-Art-Gel-Perfect-Black-8-g_1-3.png","datePublished":"2026-04-28T04:01:01+00:00","dateModified":"2026-04-28T04:01:03+00:00","breadcrumb":{"@id":"https:\/\/districos.standingout.be\/fr\/product\/cobra-nail-art-gel-perfect-black-8-g-ref-6032-001\/#breadcrumb"},"inLanguage":"fr-FR","potentialAction":[{"@type":"ReadAction","target":["https:\/\/districos.standingout.be\/fr\/product\/cobra-nail-art-gel-perfect-black-8-g-ref-6032-001\/"]}]},{"@type":"ImageObject","inLanguage":"fr-FR","@id":"https:\/\/districos.standingout.be\/fr\/product\/cobra-nail-art-gel-perfect-black-8-g-ref-6032-001\/#primaryimage","url":"https:\/\/districos.standingout.be\/wp-content\/uploads\/2026\/04\/6032.001@Cobra-Nail-Art-Gel-Perfect-Black-8-g_1-3.png","contentUrl":"https:\/\/districos.standingout.be\/wp-content\/uploads\/2026\/04\/6032.001@Cobra-Nail-Art-Gel-Perfect-Black-8-g_1-3.png","width":600,"height":600},{"@type":"BreadcrumbList","@id":"https:\/\/districos.standingout.be\/fr\/product\/cobra-nail-art-gel-perfect-black-8-g-ref-6032-001\/#breadcrumb","itemListElement":[{"@type":"ListItem","position":1,"name":"Home","item":"https:\/\/districos.standingout.be\/fr\/bienvenue-chez-districos\/"},{"@type":"ListItem","position":2,"name":"Boutique","item":"https:\/\/districos.standingout.be\/fr\/boutique\/"},{"@type":"ListItem","position":3,"name":"Cobra Nail Art Gel Perfect Black 8 g"}]},{"@type":"WebSite","@id":"https:\/\/districos.standingout.be\/fr\/#website","url":"https:\/\/districos.standingout.be\/fr\/","name":"Districos Webshop","description":"","publisher":{"@id":"https:\/\/districos.standingout.be\/fr\/#organization"},"potentialAction":[{"@type":"SearchAction","target":{"@type":"EntryPoint","urlTemplate":"https:\/\/districos.standingout.be\/fr\/?s={search_term_string}"},"query-input":{"@type":"PropertyValueSpecification","valueRequired":true,"valueName":"search_term_string"}}],"inLanguage":"fr-FR"},{"@type":"Organization","@id":"https:\/\/districos.standingout.be\/fr\/#organization","name":"Districos Webshop","url":"https:\/\/districos.standingout.be\/fr\/","logo":{"@type":"ImageObject","inLanguage":"fr-FR","@id":"https:\/\/districos.standingout.be\/fr\/#\/schema\/logo\/image\/","url":"https:\/\/districos.standingout.be\/wp-content\/uploads\/2022\/09\/Districos_Logo_Webshop.svg","contentUrl":"https:\/\/districos.standingout.be\/wp-content\/uploads\/2022\/09\/Districos_Logo_Webshop.svg","caption":"Districos Webshop"},"image":{"@id":"https:\/\/districos.standingout.be\/fr\/#\/schema\/logo\/image\/"}}]}},"_links":{"self":[{"href":"https:\/\/districos.standingout.be\/fr\/wp-json\/wp\/v2\/product\/135787","targetHints":{"allow":["GET"]}}],"collection":[{"href":"https:\/\/districos.standingout.be\/fr\/wp-json\/wp\/v2\/product"}],"about":[{"href":"https:\/\/districos.standingout.be\/fr\/wp-json\/wp\/v2\/types\/product"}],"replies":[{"embeddable":true,"href":"https:\/\/districos.standingout.be\/fr\/wp-json\/wp\/v2\/comments?post=135787"}],"wp:featuredmedia":[{"embeddable":true,"href":"https:\/\/districos.standingout.be\/fr\/wp-json\/wp\/v2\/media\/146611"}],"wp:attachment":[{"href":"https:\/\/districos.standingout.be\/fr\/wp-json\/wp\/v2\/media?parent=135787"}],"wp:term":[{"taxonomy":"product_brand","embeddable":true,"href":"https:\/\/districos.standingout.be\/fr\/wp-json\/wp\/v2\/product_brand?post=135787"},{"taxonomy":"product_cat","embeddable":true,"href":"https:\/\/districos.standingout.be\/fr\/wp-json\/wp\/v2\/product_cat?post=135787"},{"taxonomy":"product_tag","embeddable":true,"href":"https:\/\/districos.standingout.be\/fr\/wp-json\/wp\/v2\/product_tag?post=135787"}],"curies":[{"name":"wp","href":"https:\/\/api.w.org\/{rel}","templated":true}]}}