{"id":135807,"date":"2026-04-28T06:01:30","date_gmt":"2026-04-28T04:01:30","guid":{"rendered":"https:\/\/webshopdistricoscom.webhosting.be\/product\/cobra-fairy-nail-art-gel-pallette-9-x-25-g-ref-6032-201\/"},"modified":"2026-04-28T06:01:32","modified_gmt":"2026-04-28T04:01:32","slug":"cobra-fairy-nail-art-gel-pallette-9-x-25-g-ref-6032-201","status":"publish","type":"product","link":"https:\/\/districos.standingout.be\/fr\/product\/cobra-fairy-nail-art-gel-pallette-9-x-25-g-ref-6032-201\/","title":{"rendered":"Cobra Fairy Nail Art Gel Pallette 9 x 2,5 g"},"content":{"rendered":"<p >\n<\/p>\n<\/p>\n<\/p>\n<\/p>\n<\/p>\n<p dir=\"ltr\">La palette Fairy Nail Art Gel hautement pigment\u00e9e de Cobra est facile \u00e0 utiliser et transforme chaque cr\u00e9ation en une oeuvre magique gr\u00e2ce \u00e0 sa finition m\u00e9tallique envo\u00fbtante. Le Nail Art Gel s&rsquo;applique en couche fine et pr\u00e9cise, sans couler. Il est donc parfait pour les stylistes ongulaires qui aiment r\u00e9aliser des designs raffin\u00e9s, avec une grande attention aux d\u00e9tails et une touche d&rsquo;\u00e9l\u00e9gance f\u00e9erique. Gr\u00e2ce \u00e0 sa formule polyvalente, vous pouvez cr\u00e9er sans effort des combinaisons de couleurs uniques, et le gel est en plus id\u00e9al comme gel de stamping.<\/p>\n<p dir=\"ltr\">ATTENTION: Les Gels Nail Art ne sont pas destin\u00e9s \u00e0 \u00eatre utilis\u00e9s comme couleur compl\u00e8te.<\/p>\n<p dir=\"ltr\"><b>Conditionnement&nbsp;<\/b><span>:9 x 2,5 g<\/span><\/p>\n<\/p>\n<p dir=\"ltr\"><b>Couleur<\/b><span>: assortiment de 9 teintes m\u00e9tallis\u00e9es<\/span><\/p>\n<p dir=\"ltr\"><b>Caract\u00e9ristiques:<\/b><\/p>\n<p dir=\"ltr\">\n<ul>\n<li>Gel m\u00e9tallique hautement pigment\u00e9 pour une couleur intense<\/li>\n<li>Ne coule pas, id\u00e9al pour un nail art pr\u00e9cis<\/li>\n<li>Mix &amp; Match pour des combinaisons de couleurs infinies<\/li>\n<li>Formule consistante qui permet de dessiner facilement des lignes fines<\/li>\n<li>Durcit en 60 secondes sous une lampe LED<\/li>\n<\/ul>\n<p><b>Mode d&#8217;emploi<\/b>:<\/p>\n<\/p>\n<ol dir=\"ltr\">\n<li><span>Appliquez le Nail Art Gel apr\u00e8s avoir durci votre deuxi\u00e8me couche de Gel Polish Soak-Off Cobra ou apr\u00e8s le Cobra Matte No Wipe.<\/span><\/li>\n<li>Cr\u00e9ez le design souhait\u00e9.<\/li>\n<li>Durcissez pendant 60 secondes sous une lampe LED (min. 54W).<\/li>\n<li>Finalisez avec une couche de top coat (<a href=\"https:\/\/webshop.districos.com\/ProductDetail\/6030.004\" target=\"_blank\" rel=\"noopener noreferrer nofollow\">Shine No Wipe<\/a> ou <a href=\"https:\/\/webshop.districos.com\/ProductDetail\/6030.006\" target=\"_blank\" rel=\"noopener noreferrer nofollow\">Wipe and Shine<\/a>)<\/li>\n<\/ol>\n<p><b>Couleurs disponible<\/b><span>:<\/span><\/p>\n<p dir=\"ltr\">\n<ul>\n<li>Perfect black (noir) (<a href=\"https:\/\/webshop.districos.com\/ProductDetail\/6032.001\" target=\"_blank\" rel=\"noopener noreferrer nofollow\">r\u00e9f. 6032.001<\/a>)<\/li>\n<li>Ghost White (blanc) (<a href=\"https:\/\/webshop.districos.com\/ProductDetail\/6032.002\" target=\"_blank\" rel=\"noopener noreferrer nofollow\">r\u00e9f. 6032.002<\/a>)<\/li>\n<li>Smily Poppies (rouge) (<a href=\"https:\/\/webshop.districos.com\/ProductDetail\/6032.003\" target=\"_blank\" rel=\"noopener noreferrer nofollow\">r\u00e9f. 6032.003<\/a>)<\/li>\n<li>Cobalt Blue (bleu cobalt) (<a href=\"https:\/\/webshop.districos.com\/ProductDetail\/6032.004\" target=\"_blank\" rel=\"noopener noreferrer nofollow\">r\u00e9f. 6032.004<\/a>)<\/li>\n<li>Italian Verde (vert) (<a href=\"https:\/\/webshop.districos.com\/ProductDetail\/6032.005\" target=\"_blank\" rel=\"noopener noreferrer nofollow\">r\u00e9f. 6032.005<\/a>)<\/li>\n<li>Yellow Submarine (jaune) (<a href=\"https:\/\/webshop.districos.com\/ProductDetail\/6032.006\" target=\"_blank\" rel=\"noopener noreferrer nofollow\">r\u00e9f. 6032.006<\/a>)<\/li>\n<li>Silver (argent) (<a href=\"https:\/\/webshop.districos.com\/ProductDetail\/6032.007\" target=\"_blank\" rel=\"noopener noreferrer nofollow\">r\u00e9f. 6032.007<\/a>)<\/li>\n<li>Gold (or) (<a href=\"https:\/\/webshop.districos.com\/ProductDetail\/6032.008\" target=\"_blank\" rel=\"noopener noreferrer nofollow\">r\u00e9f. 6032.008<\/a>)<\/li>\n<\/ul>\n<p dir=\"ltr\"><\/p>\n","protected":false},"excerpt":{"rendered":"<p>La palette Fairy Nail Art Gel hautement pigment\u00e9e de Cobra est facile \u00e0 utiliser et transforme chaque cr\u00e9ation en une oeuvre magique gr\u00e2ce \u00e0 sa finition m\u00e9tallique envo\u00fbtante. Le Nail Art Gel s&rsquo;applique en couche fine et pr\u00e9cise, sans couler. Il est donc parfait pour les stylistes ongulaires qui aiment r\u00e9aliser des designs raffin\u00e9s, avec [&hellip;]<\/p>\n","protected":false},"featured_media":146689,"comment_status":"open","ping_status":"closed","template":"","meta":{"_acf_changed":false},"product_brand":[10340],"product_cat":[9896],"product_tag":[],"class_list":{"0":"post-135807","1":"product","2":"type-product","3":"status-publish","4":"has-post-thumbnail","6":"product_brand-cobra-nails-fr","7":"product_cat-beaute-manucure-ongles-gel-gel-polish","9":"first","10":"instock","11":"taxable","12":"shipping-taxable","13":"product-type-simple"},"acf":[],"yoast_head":"<!-- This site is optimized with the Yoast SEO plugin v27.3 - https:\/\/yoast.com\/product\/yoast-seo-wordpress\/ -->\n<title>Cobra Fairy Nail Art Gel Pallette 9 x 2,5 g - Districos Webshop<\/title>\n<meta name=\"robots\" content=\"noindex, follow, max-snippet:-1, max-image-preview:large, max-video-preview:-1\" \/>\n<meta property=\"og:locale\" content=\"fr_FR\" \/>\n<meta property=\"og:type\" content=\"article\" \/>\n<meta property=\"og:title\" content=\"Cobra Fairy Nail Art Gel Pallette 9 x 2,5 g - Districos Webshop\" \/>\n<meta property=\"og:description\" content=\"La palette Fairy Nail Art Gel hautement pigment\u00e9e de Cobra est facile \u00e0 utiliser et transforme chaque cr\u00e9ation en une oeuvre magique gr\u00e2ce \u00e0 sa finition m\u00e9tallique envo\u00fbtante. Le Nail Art Gel s&rsquo;applique en couche fine et pr\u00e9cise, sans couler. Il est donc parfait pour les stylistes ongulaires qui aiment r\u00e9aliser des designs raffin\u00e9s, avec [&hellip;]\" \/>\n<meta property=\"og:url\" content=\"https:\/\/districos.standingout.be\/fr\/product\/cobra-fairy-nail-art-gel-pallette-9-x-25-g-ref-6032-201\/\" \/>\n<meta property=\"og:site_name\" content=\"Districos Webshop\" \/>\n<meta property=\"article:modified_time\" content=\"2026-04-28T04:01:32+00:00\" \/>\n<meta property=\"og:image\" content=\"https:\/\/districos.standingout.be\/wp-content\/uploads\/2026\/04\/6032.201@Cobra-Fairy-Nail-Art-Gel-Pallet-9-x-25-g_1-2.png\" \/>\n\t<meta property=\"og:image:width\" content=\"600\" \/>\n\t<meta property=\"og:image:height\" content=\"600\" \/>\n\t<meta property=\"og:image:type\" content=\"image\/png\" \/>\n<meta name=\"twitter:card\" content=\"summary_large_image\" \/>\n<meta name=\"twitter:label1\" content=\"Dur\u00e9e de lecture estim\u00e9e\" \/>\n\t<meta name=\"twitter:data1\" content=\"1 minute\" \/>\n<script type=\"application\/ld+json\" class=\"yoast-schema-graph\">{\"@context\":\"https:\\\/\\\/schema.org\",\"@graph\":[{\"@type\":\"WebPage\",\"@id\":\"https:\\\/\\\/districos.standingout.be\\\/fr\\\/product\\\/cobra-fairy-nail-art-gel-pallette-9-x-25-g-ref-6032-201\\\/\",\"url\":\"https:\\\/\\\/districos.standingout.be\\\/fr\\\/product\\\/cobra-fairy-nail-art-gel-pallette-9-x-25-g-ref-6032-201\\\/\",\"name\":\"Cobra Fairy Nail Art Gel Pallette 9 x 2,5 g - Districos Webshop\",\"isPartOf\":{\"@id\":\"https:\\\/\\\/districos.standingout.be\\\/fr\\\/#website\"},\"primaryImageOfPage\":{\"@id\":\"https:\\\/\\\/districos.standingout.be\\\/fr\\\/product\\\/cobra-fairy-nail-art-gel-pallette-9-x-25-g-ref-6032-201\\\/#primaryimage\"},\"image\":{\"@id\":\"https:\\\/\\\/districos.standingout.be\\\/fr\\\/product\\\/cobra-fairy-nail-art-gel-pallette-9-x-25-g-ref-6032-201\\\/#primaryimage\"},\"thumbnailUrl\":\"https:\\\/\\\/districos.standingout.be\\\/wp-content\\\/uploads\\\/2026\\\/04\\\/6032.201@Cobra-Fairy-Nail-Art-Gel-Pallet-9-x-25-g_1-3.png\",\"datePublished\":\"2026-04-28T04:01:30+00:00\",\"dateModified\":\"2026-04-28T04:01:32+00:00\",\"breadcrumb\":{\"@id\":\"https:\\\/\\\/districos.standingout.be\\\/fr\\\/product\\\/cobra-fairy-nail-art-gel-pallette-9-x-25-g-ref-6032-201\\\/#breadcrumb\"},\"inLanguage\":\"fr-FR\",\"potentialAction\":[{\"@type\":\"ReadAction\",\"target\":[\"https:\\\/\\\/districos.standingout.be\\\/fr\\\/product\\\/cobra-fairy-nail-art-gel-pallette-9-x-25-g-ref-6032-201\\\/\"]}]},{\"@type\":\"ImageObject\",\"inLanguage\":\"fr-FR\",\"@id\":\"https:\\\/\\\/districos.standingout.be\\\/fr\\\/product\\\/cobra-fairy-nail-art-gel-pallette-9-x-25-g-ref-6032-201\\\/#primaryimage\",\"url\":\"https:\\\/\\\/districos.standingout.be\\\/wp-content\\\/uploads\\\/2026\\\/04\\\/6032.201@Cobra-Fairy-Nail-Art-Gel-Pallet-9-x-25-g_1-3.png\",\"contentUrl\":\"https:\\\/\\\/districos.standingout.be\\\/wp-content\\\/uploads\\\/2026\\\/04\\\/6032.201@Cobra-Fairy-Nail-Art-Gel-Pallet-9-x-25-g_1-3.png\",\"width\":600,\"height\":600},{\"@type\":\"BreadcrumbList\",\"@id\":\"https:\\\/\\\/districos.standingout.be\\\/fr\\\/product\\\/cobra-fairy-nail-art-gel-pallette-9-x-25-g-ref-6032-201\\\/#breadcrumb\",\"itemListElement\":[{\"@type\":\"ListItem\",\"position\":1,\"name\":\"Home\",\"item\":\"https:\\\/\\\/districos.standingout.be\\\/fr\\\/bienvenue-chez-districos\\\/\"},{\"@type\":\"ListItem\",\"position\":2,\"name\":\"Boutique\",\"item\":\"https:\\\/\\\/districos.standingout.be\\\/fr\\\/boutique\\\/\"},{\"@type\":\"ListItem\",\"position\":3,\"name\":\"Cobra Fairy Nail Art Gel Pallette 9 x 2,5 g\"}]},{\"@type\":\"WebSite\",\"@id\":\"https:\\\/\\\/districos.standingout.be\\\/fr\\\/#website\",\"url\":\"https:\\\/\\\/districos.standingout.be\\\/fr\\\/\",\"name\":\"Districos Webshop\",\"description\":\"\",\"publisher\":{\"@id\":\"https:\\\/\\\/districos.standingout.be\\\/fr\\\/#organization\"},\"potentialAction\":[{\"@type\":\"SearchAction\",\"target\":{\"@type\":\"EntryPoint\",\"urlTemplate\":\"https:\\\/\\\/districos.standingout.be\\\/fr\\\/?s={search_term_string}\"},\"query-input\":{\"@type\":\"PropertyValueSpecification\",\"valueRequired\":true,\"valueName\":\"search_term_string\"}}],\"inLanguage\":\"fr-FR\"},{\"@type\":\"Organization\",\"@id\":\"https:\\\/\\\/districos.standingout.be\\\/fr\\\/#organization\",\"name\":\"Districos Webshop\",\"url\":\"https:\\\/\\\/districos.standingout.be\\\/fr\\\/\",\"logo\":{\"@type\":\"ImageObject\",\"inLanguage\":\"fr-FR\",\"@id\":\"https:\\\/\\\/districos.standingout.be\\\/fr\\\/#\\\/schema\\\/logo\\\/image\\\/\",\"url\":\"https:\\\/\\\/districos.standingout.be\\\/wp-content\\\/uploads\\\/2022\\\/09\\\/Districos_Logo_Webshop.svg\",\"contentUrl\":\"https:\\\/\\\/districos.standingout.be\\\/wp-content\\\/uploads\\\/2022\\\/09\\\/Districos_Logo_Webshop.svg\",\"caption\":\"Districos Webshop\"},\"image\":{\"@id\":\"https:\\\/\\\/districos.standingout.be\\\/fr\\\/#\\\/schema\\\/logo\\\/image\\\/\"}}]}<\/script>\n<!-- \/ Yoast SEO plugin. -->","yoast_head_json":{"title":"Cobra Fairy Nail Art Gel Pallette 9 x 2,5 g - Districos Webshop","robots":{"index":"noindex","follow":"follow","max-snippet":"max-snippet:-1","max-image-preview":"max-image-preview:large","max-video-preview":"max-video-preview:-1"},"og_locale":"fr_FR","og_type":"article","og_title":"Cobra Fairy Nail Art Gel Pallette 9 x 2,5 g - Districos Webshop","og_description":"La palette Fairy Nail Art Gel hautement pigment\u00e9e de Cobra est facile \u00e0 utiliser et transforme chaque cr\u00e9ation en une oeuvre magique gr\u00e2ce \u00e0 sa finition m\u00e9tallique envo\u00fbtante. Le Nail Art Gel s&rsquo;applique en couche fine et pr\u00e9cise, sans couler. Il est donc parfait pour les stylistes ongulaires qui aiment r\u00e9aliser des designs raffin\u00e9s, avec [&hellip;]","og_url":"https:\/\/districos.standingout.be\/fr\/product\/cobra-fairy-nail-art-gel-pallette-9-x-25-g-ref-6032-201\/","og_site_name":"Districos Webshop","article_modified_time":"2026-04-28T04:01:32+00:00","og_image":[{"width":600,"height":600,"url":"https:\/\/districos.standingout.be\/wp-content\/uploads\/2026\/04\/6032.201@Cobra-Fairy-Nail-Art-Gel-Pallet-9-x-25-g_1-2.png","type":"image\/png"}],"twitter_card":"summary_large_image","twitter_misc":{"Dur\u00e9e de lecture estim\u00e9e":"1 minute"},"schema":{"@context":"https:\/\/schema.org","@graph":[{"@type":"WebPage","@id":"https:\/\/districos.standingout.be\/fr\/product\/cobra-fairy-nail-art-gel-pallette-9-x-25-g-ref-6032-201\/","url":"https:\/\/districos.standingout.be\/fr\/product\/cobra-fairy-nail-art-gel-pallette-9-x-25-g-ref-6032-201\/","name":"Cobra Fairy Nail Art Gel Pallette 9 x 2,5 g - Districos Webshop","isPartOf":{"@id":"https:\/\/districos.standingout.be\/fr\/#website"},"primaryImageOfPage":{"@id":"https:\/\/districos.standingout.be\/fr\/product\/cobra-fairy-nail-art-gel-pallette-9-x-25-g-ref-6032-201\/#primaryimage"},"image":{"@id":"https:\/\/districos.standingout.be\/fr\/product\/cobra-fairy-nail-art-gel-pallette-9-x-25-g-ref-6032-201\/#primaryimage"},"thumbnailUrl":"https:\/\/districos.standingout.be\/wp-content\/uploads\/2026\/04\/6032.201@Cobra-Fairy-Nail-Art-Gel-Pallet-9-x-25-g_1-3.png","datePublished":"2026-04-28T04:01:30+00:00","dateModified":"2026-04-28T04:01:32+00:00","breadcrumb":{"@id":"https:\/\/districos.standingout.be\/fr\/product\/cobra-fairy-nail-art-gel-pallette-9-x-25-g-ref-6032-201\/#breadcrumb"},"inLanguage":"fr-FR","potentialAction":[{"@type":"ReadAction","target":["https:\/\/districos.standingout.be\/fr\/product\/cobra-fairy-nail-art-gel-pallette-9-x-25-g-ref-6032-201\/"]}]},{"@type":"ImageObject","inLanguage":"fr-FR","@id":"https:\/\/districos.standingout.be\/fr\/product\/cobra-fairy-nail-art-gel-pallette-9-x-25-g-ref-6032-201\/#primaryimage","url":"https:\/\/districos.standingout.be\/wp-content\/uploads\/2026\/04\/6032.201@Cobra-Fairy-Nail-Art-Gel-Pallet-9-x-25-g_1-3.png","contentUrl":"https:\/\/districos.standingout.be\/wp-content\/uploads\/2026\/04\/6032.201@Cobra-Fairy-Nail-Art-Gel-Pallet-9-x-25-g_1-3.png","width":600,"height":600},{"@type":"BreadcrumbList","@id":"https:\/\/districos.standingout.be\/fr\/product\/cobra-fairy-nail-art-gel-pallette-9-x-25-g-ref-6032-201\/#breadcrumb","itemListElement":[{"@type":"ListItem","position":1,"name":"Home","item":"https:\/\/districos.standingout.be\/fr\/bienvenue-chez-districos\/"},{"@type":"ListItem","position":2,"name":"Boutique","item":"https:\/\/districos.standingout.be\/fr\/boutique\/"},{"@type":"ListItem","position":3,"name":"Cobra Fairy Nail Art Gel Pallette 9 x 2,5 g"}]},{"@type":"WebSite","@id":"https:\/\/districos.standingout.be\/fr\/#website","url":"https:\/\/districos.standingout.be\/fr\/","name":"Districos Webshop","description":"","publisher":{"@id":"https:\/\/districos.standingout.be\/fr\/#organization"},"potentialAction":[{"@type":"SearchAction","target":{"@type":"EntryPoint","urlTemplate":"https:\/\/districos.standingout.be\/fr\/?s={search_term_string}"},"query-input":{"@type":"PropertyValueSpecification","valueRequired":true,"valueName":"search_term_string"}}],"inLanguage":"fr-FR"},{"@type":"Organization","@id":"https:\/\/districos.standingout.be\/fr\/#organization","name":"Districos Webshop","url":"https:\/\/districos.standingout.be\/fr\/","logo":{"@type":"ImageObject","inLanguage":"fr-FR","@id":"https:\/\/districos.standingout.be\/fr\/#\/schema\/logo\/image\/","url":"https:\/\/districos.standingout.be\/wp-content\/uploads\/2022\/09\/Districos_Logo_Webshop.svg","contentUrl":"https:\/\/districos.standingout.be\/wp-content\/uploads\/2022\/09\/Districos_Logo_Webshop.svg","caption":"Districos Webshop"},"image":{"@id":"https:\/\/districos.standingout.be\/fr\/#\/schema\/logo\/image\/"}}]}},"_links":{"self":[{"href":"https:\/\/districos.standingout.be\/fr\/wp-json\/wp\/v2\/product\/135807","targetHints":{"allow":["GET"]}}],"collection":[{"href":"https:\/\/districos.standingout.be\/fr\/wp-json\/wp\/v2\/product"}],"about":[{"href":"https:\/\/districos.standingout.be\/fr\/wp-json\/wp\/v2\/types\/product"}],"replies":[{"embeddable":true,"href":"https:\/\/districos.standingout.be\/fr\/wp-json\/wp\/v2\/comments?post=135807"}],"wp:featuredmedia":[{"embeddable":true,"href":"https:\/\/districos.standingout.be\/fr\/wp-json\/wp\/v2\/media\/146689"}],"wp:attachment":[{"href":"https:\/\/districos.standingout.be\/fr\/wp-json\/wp\/v2\/media?parent=135807"}],"wp:term":[{"taxonomy":"product_brand","embeddable":true,"href":"https:\/\/districos.standingout.be\/fr\/wp-json\/wp\/v2\/product_brand?post=135807"},{"taxonomy":"product_cat","embeddable":true,"href":"https:\/\/districos.standingout.be\/fr\/wp-json\/wp\/v2\/product_cat?post=135807"},{"taxonomy":"product_tag","embeddable":true,"href":"https:\/\/districos.standingout.be\/fr\/wp-json\/wp\/v2\/product_tag?post=135807"}],"curies":[{"name":"wp","href":"https:\/\/api.w.org\/{rel}","templated":true}]}}