{"id":135809,"date":"2026-04-28T06:01:33","date_gmt":"2026-04-28T04:01:33","guid":{"rendered":"https:\/\/webshopdistricoscom.webhosting.be\/product\/cobra-love-is-in-the-air-stamping-kit-ref-6032-210-2\/"},"modified":"2026-04-28T06:01:35","modified_gmt":"2026-04-28T04:01:35","slug":"cobra-love-is-in-the-air-stamping-kit-ref-6032-210","status":"publish","type":"product","link":"https:\/\/districos.standingout.be\/fr\/product\/cobra-love-is-in-the-air-stamping-kit-ref-6032-210\/","title":{"rendered":"Cobra Love is in the Air Stamping Kit"},"content":{"rendered":"<p >\n<\/p>\n<\/p>\n<\/p>\n<\/p>\n<\/p>\n<\/p>\n<\/p>\n<p data-start=\"0\" data-end=\"54\">\ud83d\udc98 <strong data-start=\"3\" data-end=\"49\">Cobra Love Is In The Air \u2013 Kit de Stamping<\/strong> \ud83d\udc98<\/p>\n<p data-start=\"56\" data-end=\"379\">L\u2019amour est dans l\u2019air\u2026 et sur vos ongles aussi !<br data-start=\"105\" data-end=\"108\"> Avec le <strong data-start=\"116\" data-end=\"157\">Cobra Love Is In The Air Stamping Kit<\/strong>, cr\u00e9ez sans effort les plus belles nail arts sp\u00e9ciales Saint-Valentin. Ce kit contient une s\u00e9lection soigneusement compos\u00e9e des gels nail art les plus fins, sp\u00e9cialement d\u00e9velopp\u00e9s pour des r\u00e9sultats de stamping parfaits.<\/p>\n<p dir=\"ltr\">\n<p data-start=\"381\" data-end=\"683\">Des d\u00e9tails nets, une pigmentation intense et une application fluide rendent le stamping non seulement plus facile, mais surtout plus amusant. Des c\u0153urs romantiques aux vibes love les plus ludiques : avec ce kit, r\u00e9alisez en un clin d\u2019\u0153il des designs cr\u00e9atifs qui feront tomber vos clientes amoureuses.<\/p>\n<p dir=\"ltr\">ATTENTION: Les Gels Nail Art ne sont pas destin\u00e9s \u00e0 \u00eatre utilis\u00e9s comme couleur compl\u00e8te.<\/p>\n<p dir=\"ltr\"><b>Couleur<\/b><span>:&nbsp;<\/span><span>m\u00e9lange de 5 couleurs (blanc, noir, or, argent, rouge)<\/span><\/p>\n<p dir=\"ltr\"><b>Caract\u00e9ristiques:<\/b><\/p>\n<p dir=\"ltr\">\n<ul>\n<li>Gels hautement pigment\u00e9s pour un stamping net et d\u00e9taill\u00e9<\/li>\n<li>Nail art rapide et professionnelle<\/li>\n<li>Sets Saint-Valentin avec un v\u00e9ritable effet \u00ab\u00a0wow\u00a0\u00bb<\/li>\n<li><span>Durcit en 60 secondes sous une lampe LED<\/span><\/li>\n<li><span>Id\u00e9al en combinaison avec la collection Cobra Soak-Off Petals &amp; Pearls collection (<a href=\"https:\/\/webshop.districos.com\/ProductDetail\/6031.480\" target=\"_blank\" rel=\"noopener noreferrer nofollow\">r\u00e9f. 6031.480<\/a>)<\/span><\/li>\n<\/ul>\n<p><b>Mode d&#8217;emploi<\/b>:<\/p>\n<\/p>\n<ol dir=\"ltr\">\n<li><span>Commencez apr\u00e8s la polym\u00e9risation de votre deuxi\u00e8me couche de <span data-start=\"1150\" data-end=\"1179\">Cobra Soak-Off Gel Polish<\/span> ou apr\u00e8s la <span data-start=\"1192\" data-end=\"1215\">Cobra Matte No Wipe<\/span>.<\/span><\/li>\n<li><span>Appliquez le <span data-start=\"1235\" data-end=\"1251\">Nail Art Gel<\/span> sur la plaque de stamping et retirez l\u2019exc\u00e9dent \u00e0 l\u2019aide du racloir.<\/span><\/li>\n<li>Transf\u00e9rez le motif sur le <span data-start=\"1353\" data-end=\"1369\">tampon Cobra<\/span> avec un mouvement fluide et roulant.<\/li>\n<li>D\u00e9posez le design en un seul geste sur l\u2019ongle pr\u00e9par\u00e9.<\/li>\n<li>Cr\u00e9ez le design souhait\u00e9.<\/li>\n<li>Durcissez pendant 60 secondes sous une lampe LED (min. 54W).<\/li>\n<li>Finalisez avec une couche de top coat (<a href=\"https:\/\/webshop.districos.com\/ProductDetail\/6030.004\" target=\"_blank\" rel=\"noopener noreferrer nofollow\">Shine No Wipe<\/a> ou <a href=\"https:\/\/webshop.districos.com\/ProductDetail\/6030.006\" target=\"_blank\" rel=\"noopener noreferrer nofollow\">Wipe and Shine<\/a>)<\/li>\n<\/ol>\n<div>\u2728 <em data-start=\"1636\" data-end=\"1665\">Stamp it, love it, nail it.<\/em><br data-start=\"1665\" data-end=\"1668\"> Avec le <strong data-start=\"1676\" data-end=\"1717\">Cobra Love Is In The Air Stamping Kit<\/strong>, l\u2019amour se retrouve vraiment dans chaque d\u00e9tail.<\/div>\n<div><\/div>\n<\/p>\n<p><b>Contenu<\/b><span>:<\/span><\/p>\n<p dir=\"ltr\">\n<ul>\n<li>Cobra Soak-Off Matte No Wipe 10 ml (<a href=\"https:\/\/webshop.districos.com\/ProductDetail\/6030.005\" target=\"_blank\" rel=\"noopener noreferrer nofollow\">r\u00e9f. 6030.005<\/a>)<\/li>\n<li>Perfect black (noir) (<a href=\"https:\/\/webshop.districos.com\/ProductDetail\/6032.001\" target=\"_blank\" rel=\"noopener noreferrer nofollow\">r\u00e9f. 6032.001<\/a>)<\/li>\n<li>Ghost White (blanc) (<a href=\"https:\/\/webshop.districos.com\/ProductDetail\/6032.002\" target=\"_blank\" rel=\"noopener noreferrer nofollow\">r\u00e9f. 6032.002<\/a>)<\/li>\n<li>Smily Poppies (rouge) (<a href=\"https:\/\/webshop.districos.com\/ProductDetail\/6032.003\" target=\"_blank\" rel=\"noopener noreferrer nofollow\">r\u00e9f. 6032.003<\/a>)<\/li>\n<li><span>Silver (argent) (<\/span><a href=\"https:\/\/webshop.districos.com\/ProductDetail\/6032.007\"style=\"font-size: 10pt;\" target=\"_blank\" rel=\"noopener noreferrer nofollow\">r\u00e9f. 6032.007<\/a><span>)<\/span><\/li>\n<li>Gold (or) (<a href=\"https:\/\/webshop.districos.com\/ProductDetail\/6032.008\" target=\"_blank\" rel=\"noopener noreferrer nofollow\">r\u00e9f. 6032.008<\/a>)<\/li>\n<li>Cobra Tampon et Racloir (<a href=\"https:\/\/webshop.districos.com\/ProductDetail\/6032.100\" target=\"_blank\" rel=\"noopener noreferrer nofollow\">r\u00e9f. 6032.100<\/a>)<\/li>\n<li>Cobra Plaque de stamping Love is in the Air (<a href=\"https:\/\/webshop.districos.com\/ProductDetail\/6032.102\" target=\"_blank\" rel=\"noopener noreferrer nofollow\">r\u00e9f. 6032.102<\/a>)<\/li>\n<li>Cobra Nail Art Brush Extra Fin 10 mm (<a href=\"https:\/\/webshop.districos.com\/ProductDetail\/6032.210\" target=\"_blank\" rel=\"noopener noreferrer nofollow\">r\u00e9f. 6032.210<\/a>)<\/li>\n<p dir=\"ltr\"><\/p>\n<\/ul>\n<p dir=\"ltr\"><\/p>\n","protected":false},"excerpt":{"rendered":"<p>\ud83d\udc98 Cobra Love Is In The Air \u2013 Kit de Stamping \ud83d\udc98 L\u2019amour est dans l\u2019air\u2026 et sur vos ongles aussi ! Avec le Cobra Love Is In The Air Stamping Kit, cr\u00e9ez sans effort les plus belles nail arts sp\u00e9ciales Saint-Valentin. Ce kit contient une s\u00e9lection soigneusement compos\u00e9e des gels nail art les plus [&hellip;]<\/p>\n","protected":false},"featured_media":146698,"comment_status":"open","ping_status":"closed","template":"","meta":{"_acf_changed":false},"product_brand":[10340],"product_cat":[9896],"product_tag":[],"class_list":{"0":"post-135809","1":"product","2":"type-product","3":"status-publish","4":"has-post-thumbnail","6":"product_brand-cobra-nails-fr","7":"product_cat-beaute-manucure-ongles-gel-gel-polish","9":"first","10":"instock","11":"taxable","12":"shipping-taxable","13":"product-type-simple"},"acf":[],"yoast_head":"<!-- This site is optimized with the Yoast SEO plugin v27.3 - https:\/\/yoast.com\/product\/yoast-seo-wordpress\/ -->\n<title>Cobra Love is in the Air Stamping Kit - Districos Webshop<\/title>\n<meta name=\"robots\" content=\"noindex, follow, max-snippet:-1, max-image-preview:large, max-video-preview:-1\" \/>\n<meta property=\"og:locale\" content=\"fr_FR\" \/>\n<meta property=\"og:type\" content=\"article\" \/>\n<meta property=\"og:title\" content=\"Cobra Love is in the Air Stamping Kit - Districos Webshop\" \/>\n<meta property=\"og:description\" content=\"\ud83d\udc98 Cobra Love Is In The Air \u2013 Kit de Stamping \ud83d\udc98 L\u2019amour est dans l\u2019air\u2026 et sur vos ongles aussi ! Avec le Cobra Love Is In The Air Stamping Kit, cr\u00e9ez sans effort les plus belles nail arts sp\u00e9ciales Saint-Valentin. Ce kit contient une s\u00e9lection soigneusement compos\u00e9e des gels nail art les plus [&hellip;]\" \/>\n<meta property=\"og:url\" content=\"https:\/\/districos.standingout.be\/fr\/product\/cobra-love-is-in-the-air-stamping-kit-ref-6032-210\/\" \/>\n<meta property=\"og:site_name\" content=\"Districos Webshop\" \/>\n<meta property=\"article:modified_time\" content=\"2026-04-28T04:01:35+00:00\" \/>\n<meta property=\"og:image\" content=\"https:\/\/districos.standingout.be\/wp-content\/uploads\/2026\/04\/6032.210@Cobra-Love-is-in-the-Air-Stamping-Kit_1.png\" \/>\n\t<meta property=\"og:image:width\" content=\"600\" \/>\n\t<meta property=\"og:image:height\" content=\"600\" \/>\n\t<meta property=\"og:image:type\" content=\"image\/png\" \/>\n<meta name=\"twitter:card\" content=\"summary_large_image\" \/>\n<meta name=\"twitter:label1\" content=\"Dur\u00e9e de lecture estim\u00e9e\" \/>\n\t<meta name=\"twitter:data1\" content=\"2 minutes\" \/>\n<script type=\"application\/ld+json\" class=\"yoast-schema-graph\">{\"@context\":\"https:\\\/\\\/schema.org\",\"@graph\":[{\"@type\":\"WebPage\",\"@id\":\"https:\\\/\\\/districos.standingout.be\\\/fr\\\/product\\\/cobra-love-is-in-the-air-stamping-kit-ref-6032-210\\\/\",\"url\":\"https:\\\/\\\/districos.standingout.be\\\/fr\\\/product\\\/cobra-love-is-in-the-air-stamping-kit-ref-6032-210\\\/\",\"name\":\"Cobra Love is in the Air Stamping Kit - Districos Webshop\",\"isPartOf\":{\"@id\":\"https:\\\/\\\/districos.standingout.be\\\/fr\\\/#website\"},\"primaryImageOfPage\":{\"@id\":\"https:\\\/\\\/districos.standingout.be\\\/fr\\\/product\\\/cobra-love-is-in-the-air-stamping-kit-ref-6032-210\\\/#primaryimage\"},\"image\":{\"@id\":\"https:\\\/\\\/districos.standingout.be\\\/fr\\\/product\\\/cobra-love-is-in-the-air-stamping-kit-ref-6032-210\\\/#primaryimage\"},\"thumbnailUrl\":\"https:\\\/\\\/districos.standingout.be\\\/wp-content\\\/uploads\\\/2026\\\/04\\\/6032.210@Cobra-Love-is-in-the-Air-Stamping-Kit_1-1.png\",\"datePublished\":\"2026-04-28T04:01:33+00:00\",\"dateModified\":\"2026-04-28T04:01:35+00:00\",\"breadcrumb\":{\"@id\":\"https:\\\/\\\/districos.standingout.be\\\/fr\\\/product\\\/cobra-love-is-in-the-air-stamping-kit-ref-6032-210\\\/#breadcrumb\"},\"inLanguage\":\"fr-FR\",\"potentialAction\":[{\"@type\":\"ReadAction\",\"target\":[\"https:\\\/\\\/districos.standingout.be\\\/fr\\\/product\\\/cobra-love-is-in-the-air-stamping-kit-ref-6032-210\\\/\"]}]},{\"@type\":\"ImageObject\",\"inLanguage\":\"fr-FR\",\"@id\":\"https:\\\/\\\/districos.standingout.be\\\/fr\\\/product\\\/cobra-love-is-in-the-air-stamping-kit-ref-6032-210\\\/#primaryimage\",\"url\":\"https:\\\/\\\/districos.standingout.be\\\/wp-content\\\/uploads\\\/2026\\\/04\\\/6032.210@Cobra-Love-is-in-the-Air-Stamping-Kit_1-1.png\",\"contentUrl\":\"https:\\\/\\\/districos.standingout.be\\\/wp-content\\\/uploads\\\/2026\\\/04\\\/6032.210@Cobra-Love-is-in-the-Air-Stamping-Kit_1-1.png\",\"width\":600,\"height\":600},{\"@type\":\"BreadcrumbList\",\"@id\":\"https:\\\/\\\/districos.standingout.be\\\/fr\\\/product\\\/cobra-love-is-in-the-air-stamping-kit-ref-6032-210\\\/#breadcrumb\",\"itemListElement\":[{\"@type\":\"ListItem\",\"position\":1,\"name\":\"Home\",\"item\":\"https:\\\/\\\/districos.standingout.be\\\/fr\\\/bienvenue-chez-districos\\\/\"},{\"@type\":\"ListItem\",\"position\":2,\"name\":\"Boutique\",\"item\":\"https:\\\/\\\/districos.standingout.be\\\/fr\\\/boutique\\\/\"},{\"@type\":\"ListItem\",\"position\":3,\"name\":\"Cobra Love is in the Air Stamping Kit\"}]},{\"@type\":\"WebSite\",\"@id\":\"https:\\\/\\\/districos.standingout.be\\\/fr\\\/#website\",\"url\":\"https:\\\/\\\/districos.standingout.be\\\/fr\\\/\",\"name\":\"Districos Webshop\",\"description\":\"\",\"publisher\":{\"@id\":\"https:\\\/\\\/districos.standingout.be\\\/fr\\\/#organization\"},\"potentialAction\":[{\"@type\":\"SearchAction\",\"target\":{\"@type\":\"EntryPoint\",\"urlTemplate\":\"https:\\\/\\\/districos.standingout.be\\\/fr\\\/?s={search_term_string}\"},\"query-input\":{\"@type\":\"PropertyValueSpecification\",\"valueRequired\":true,\"valueName\":\"search_term_string\"}}],\"inLanguage\":\"fr-FR\"},{\"@type\":\"Organization\",\"@id\":\"https:\\\/\\\/districos.standingout.be\\\/fr\\\/#organization\",\"name\":\"Districos Webshop\",\"url\":\"https:\\\/\\\/districos.standingout.be\\\/fr\\\/\",\"logo\":{\"@type\":\"ImageObject\",\"inLanguage\":\"fr-FR\",\"@id\":\"https:\\\/\\\/districos.standingout.be\\\/fr\\\/#\\\/schema\\\/logo\\\/image\\\/\",\"url\":\"https:\\\/\\\/districos.standingout.be\\\/wp-content\\\/uploads\\\/2022\\\/09\\\/Districos_Logo_Webshop.svg\",\"contentUrl\":\"https:\\\/\\\/districos.standingout.be\\\/wp-content\\\/uploads\\\/2022\\\/09\\\/Districos_Logo_Webshop.svg\",\"caption\":\"Districos Webshop\"},\"image\":{\"@id\":\"https:\\\/\\\/districos.standingout.be\\\/fr\\\/#\\\/schema\\\/logo\\\/image\\\/\"}}]}<\/script>\n<!-- \/ Yoast SEO plugin. -->","yoast_head_json":{"title":"Cobra Love is in the Air Stamping Kit - Districos Webshop","robots":{"index":"noindex","follow":"follow","max-snippet":"max-snippet:-1","max-image-preview":"max-image-preview:large","max-video-preview":"max-video-preview:-1"},"og_locale":"fr_FR","og_type":"article","og_title":"Cobra Love is in the Air Stamping Kit - Districos Webshop","og_description":"\ud83d\udc98 Cobra Love Is In The Air \u2013 Kit de Stamping \ud83d\udc98 L\u2019amour est dans l\u2019air\u2026 et sur vos ongles aussi ! Avec le Cobra Love Is In The Air Stamping Kit, cr\u00e9ez sans effort les plus belles nail arts sp\u00e9ciales Saint-Valentin. Ce kit contient une s\u00e9lection soigneusement compos\u00e9e des gels nail art les plus [&hellip;]","og_url":"https:\/\/districos.standingout.be\/fr\/product\/cobra-love-is-in-the-air-stamping-kit-ref-6032-210\/","og_site_name":"Districos Webshop","article_modified_time":"2026-04-28T04:01:35+00:00","og_image":[{"width":600,"height":600,"url":"https:\/\/districos.standingout.be\/wp-content\/uploads\/2026\/04\/6032.210@Cobra-Love-is-in-the-Air-Stamping-Kit_1.png","type":"image\/png"}],"twitter_card":"summary_large_image","twitter_misc":{"Dur\u00e9e de lecture estim\u00e9e":"2 minutes"},"schema":{"@context":"https:\/\/schema.org","@graph":[{"@type":"WebPage","@id":"https:\/\/districos.standingout.be\/fr\/product\/cobra-love-is-in-the-air-stamping-kit-ref-6032-210\/","url":"https:\/\/districos.standingout.be\/fr\/product\/cobra-love-is-in-the-air-stamping-kit-ref-6032-210\/","name":"Cobra Love is in the Air Stamping Kit - Districos Webshop","isPartOf":{"@id":"https:\/\/districos.standingout.be\/fr\/#website"},"primaryImageOfPage":{"@id":"https:\/\/districos.standingout.be\/fr\/product\/cobra-love-is-in-the-air-stamping-kit-ref-6032-210\/#primaryimage"},"image":{"@id":"https:\/\/districos.standingout.be\/fr\/product\/cobra-love-is-in-the-air-stamping-kit-ref-6032-210\/#primaryimage"},"thumbnailUrl":"https:\/\/districos.standingout.be\/wp-content\/uploads\/2026\/04\/6032.210@Cobra-Love-is-in-the-Air-Stamping-Kit_1-1.png","datePublished":"2026-04-28T04:01:33+00:00","dateModified":"2026-04-28T04:01:35+00:00","breadcrumb":{"@id":"https:\/\/districos.standingout.be\/fr\/product\/cobra-love-is-in-the-air-stamping-kit-ref-6032-210\/#breadcrumb"},"inLanguage":"fr-FR","potentialAction":[{"@type":"ReadAction","target":["https:\/\/districos.standingout.be\/fr\/product\/cobra-love-is-in-the-air-stamping-kit-ref-6032-210\/"]}]},{"@type":"ImageObject","inLanguage":"fr-FR","@id":"https:\/\/districos.standingout.be\/fr\/product\/cobra-love-is-in-the-air-stamping-kit-ref-6032-210\/#primaryimage","url":"https:\/\/districos.standingout.be\/wp-content\/uploads\/2026\/04\/6032.210@Cobra-Love-is-in-the-Air-Stamping-Kit_1-1.png","contentUrl":"https:\/\/districos.standingout.be\/wp-content\/uploads\/2026\/04\/6032.210@Cobra-Love-is-in-the-Air-Stamping-Kit_1-1.png","width":600,"height":600},{"@type":"BreadcrumbList","@id":"https:\/\/districos.standingout.be\/fr\/product\/cobra-love-is-in-the-air-stamping-kit-ref-6032-210\/#breadcrumb","itemListElement":[{"@type":"ListItem","position":1,"name":"Home","item":"https:\/\/districos.standingout.be\/fr\/bienvenue-chez-districos\/"},{"@type":"ListItem","position":2,"name":"Boutique","item":"https:\/\/districos.standingout.be\/fr\/boutique\/"},{"@type":"ListItem","position":3,"name":"Cobra Love is in the Air Stamping Kit"}]},{"@type":"WebSite","@id":"https:\/\/districos.standingout.be\/fr\/#website","url":"https:\/\/districos.standingout.be\/fr\/","name":"Districos Webshop","description":"","publisher":{"@id":"https:\/\/districos.standingout.be\/fr\/#organization"},"potentialAction":[{"@type":"SearchAction","target":{"@type":"EntryPoint","urlTemplate":"https:\/\/districos.standingout.be\/fr\/?s={search_term_string}"},"query-input":{"@type":"PropertyValueSpecification","valueRequired":true,"valueName":"search_term_string"}}],"inLanguage":"fr-FR"},{"@type":"Organization","@id":"https:\/\/districos.standingout.be\/fr\/#organization","name":"Districos Webshop","url":"https:\/\/districos.standingout.be\/fr\/","logo":{"@type":"ImageObject","inLanguage":"fr-FR","@id":"https:\/\/districos.standingout.be\/fr\/#\/schema\/logo\/image\/","url":"https:\/\/districos.standingout.be\/wp-content\/uploads\/2022\/09\/Districos_Logo_Webshop.svg","contentUrl":"https:\/\/districos.standingout.be\/wp-content\/uploads\/2022\/09\/Districos_Logo_Webshop.svg","caption":"Districos Webshop"},"image":{"@id":"https:\/\/districos.standingout.be\/fr\/#\/schema\/logo\/image\/"}}]}},"_links":{"self":[{"href":"https:\/\/districos.standingout.be\/fr\/wp-json\/wp\/v2\/product\/135809","targetHints":{"allow":["GET"]}}],"collection":[{"href":"https:\/\/districos.standingout.be\/fr\/wp-json\/wp\/v2\/product"}],"about":[{"href":"https:\/\/districos.standingout.be\/fr\/wp-json\/wp\/v2\/types\/product"}],"replies":[{"embeddable":true,"href":"https:\/\/districos.standingout.be\/fr\/wp-json\/wp\/v2\/comments?post=135809"}],"wp:featuredmedia":[{"embeddable":true,"href":"https:\/\/districos.standingout.be\/fr\/wp-json\/wp\/v2\/media\/146698"}],"wp:attachment":[{"href":"https:\/\/districos.standingout.be\/fr\/wp-json\/wp\/v2\/media?parent=135809"}],"wp:term":[{"taxonomy":"product_brand","embeddable":true,"href":"https:\/\/districos.standingout.be\/fr\/wp-json\/wp\/v2\/product_brand?post=135809"},{"taxonomy":"product_cat","embeddable":true,"href":"https:\/\/districos.standingout.be\/fr\/wp-json\/wp\/v2\/product_cat?post=135809"},{"taxonomy":"product_tag","embeddable":true,"href":"https:\/\/districos.standingout.be\/fr\/wp-json\/wp\/v2\/product_tag?post=135809"}],"curies":[{"name":"wp","href":"https:\/\/api.w.org\/{rel}","templated":true}]}}