{"id":135817,"date":"2026-04-28T06:05:46","date_gmt":"2026-04-28T04:05:46","guid":{"rendered":"https:\/\/webshopdistricoscom.webhosting.be\/product\/cobra-nail-gum-cover-60-g-ref-6035-004-2\/"},"modified":"2026-04-28T06:05:47","modified_gmt":"2026-04-28T04:05:47","slug":"cobra-nail-gum-cover-60-g-ref-6035-004","status":"publish","type":"product","link":"https:\/\/districos.standingout.be\/fr\/product\/cobra-nail-gum-cover-60-g-ref-6035-004\/","title":{"rendered":"Cobra Nail Gum Cover 60 g"},"content":{"rendered":"<p >\n<p><font size=\"2\" face=\"Verdana\">Cobra Nail Gum est une p\u00e2te pour renforcer, allonger et\/ou reconstruire l&rsquo;ongle naturel. Le produit combine tous les avantages des ongles artificiels et vous pouvez travailler sans fin et sans qu&rsquo;il ne coule tant qu&rsquo;il n&rsquo;a pas durci. En plus, la p\u00e2te est inodore, facile \u00e0 modeler, super solide mais encore aussi flexible comme un gel.<br \/><\/font><\/p>\n<ul>\n<li><font size=\"2\" face=\"Verdana\"><font size=\"2\" face=\"Verdana\"><b>Cover : pour cr\u00e9er la couverture parfaite en cas d&rsquo;un prolongement du lit ungu\u00e9al.<\/b><\/font><\/font><\/li>\n<li><font size=\"2\" face=\"Verdana\"><font size=\"2\" face=\"Verdana\">Emballage : 60 g.<\/font><\/font><\/li>\n<\/ul>\n<p><font size=\"2\" face=\"Verdana\"><b>Mode d&#8217;emploi<\/b><br \/><\/font><\/p>\n<ul>\n<li><font size=\"2\" face=\"Verdana\">Pressez la quantit\u00e9 d\u00e9sir\u00e9e du tube et appliquez le Nail Gum sur l&rsquo;ongle \u00e0 l&rsquo;aide du&nbsp;<u><a href=\"https:\/\/districos.com\/ProductDetail\/6035.100\" target=\"_blank\" rel=\"noopener noreferrer nofollow\">Multi Tool<\/a><\/u>.<\/font><\/li>\n<li><font size=\"2\" face=\"Verdana\">Humidifiez votre pinceau avec un peu de&nbsp;<u><a href=\"https:\/\/districos.com\/search?SearchText=nail%20gum%20liquid\" target=\"_blank\" rel=\"noopener noreferrer nofollow\">Nail Gum Liquid<\/a><\/u>&nbsp;et modelez le Nail Gum sur l&rsquo;ongle jusqu&rsquo;\u00e0 ce que vous obteniez la forme d\u00e9sir\u00e9e.<\/font><\/li>\n<li><font size=\"2\" face=\"Verdana\">Polym\u00e9risez (LED : 60 secondes &#8211; UV : 120 secondes).<\/font><\/li>\n<\/ul>\n<p><font size=\"2\" face=\"Verdana\"><b>Aussi disponible<\/b><br \/><\/font><\/p>\n<ul>\n<li><font size=\"2\" face=\"Verdana\">Clear : gr\u00e2ce \u00e0 cette couleur, vous offrez l&rsquo;ongle le plus naturel (<u><a href=\"https:\/\/districos.com\/ProductDetail\/6035.001\" target=\"_blank\" rel=\"noopener noreferrer nofollow\">r\u00e9f. 6035.001<\/a><\/u>)<\/font><\/li>\n<li><font size=\"2\" face=\"Verdana\">Soft Pink : pour cr\u00e9er la plus belle French manucure ou baby boom (<u><a href=\"https:\/\/districos.com\/ProductDetail\/6035.002\" target=\"_blank\" rel=\"noopener noreferrer nofollow\">r\u00e9f. 6035.002<\/a><\/u>)<\/font><\/li>\n<li><font size=\"2\" face=\"Verdana\">Milky White : pour cr\u00e9er la plus belle French manucure ou baby boom (<u><a href=\"https:\/\/districos.com\/ProductDetail\/6035.003\" target=\"_blank\" rel=\"noopener noreferrer nofollow\">r\u00e9f. 6035.003<\/a><\/u>)<\/font><\/li>\n<\/ul>\n<p><b>D\u00e9couvrez les \u00e9tapes \u00e0 suivre dans notre&nbsp;<a href=\"https:\/\/youtu.be\/tsbFSu83uCs\" target=\"_blank\" rel=\"noopener noreferrer nofollow\">vid\u00e9o<\/a>&nbsp;!<\/b> <\/p>\n","protected":false},"excerpt":{"rendered":"<p>Cobra Nail Gum est une p\u00e2te pour renforcer, allonger et\/ou reconstruire l&rsquo;ongle naturel. Le produit combine tous les avantages des ongles artificiels et vous pouvez travailler sans fin et sans qu&rsquo;il ne coule tant qu&rsquo;il n&rsquo;a pas durci. En plus, la p\u00e2te est inodore, facile \u00e0 modeler, super solide mais encore aussi flexible comme un [&hellip;]<\/p>\n","protected":false},"featured_media":75227,"comment_status":"open","ping_status":"closed","template":"","meta":{"_acf_changed":false},"product_brand":[10340],"product_cat":[9896,9952,10054],"product_tag":[],"class_list":{"0":"post-135817","1":"product","2":"type-product","3":"status-publish","4":"has-post-thumbnail","6":"product_brand-cobra-nails-fr","7":"product_cat-beaute-manucure-ongles-gel-gel-polish","8":"product_cat-beaute-pedicure-reconstruction-des-ongles","9":"product_cat-soins-des-pieds-podologie-soins-des-pieds-podologie-reconstruction-des-ongles","11":"first","12":"instock","13":"taxable","14":"shipping-taxable","15":"product-type-simple"},"acf":[],"yoast_head":"<!-- This site is optimized with the Yoast SEO plugin v27.3 - https:\/\/yoast.com\/product\/yoast-seo-wordpress\/ -->\n<title>Cobra Nail Gum Cover 60 g - Districos Webshop<\/title>\n<meta name=\"robots\" content=\"noindex, follow, max-snippet:-1, max-image-preview:large, max-video-preview:-1\" \/>\n<meta property=\"og:locale\" content=\"fr_FR\" \/>\n<meta property=\"og:type\" content=\"article\" \/>\n<meta property=\"og:title\" content=\"Cobra Nail Gum Cover 60 g - Districos Webshop\" \/>\n<meta property=\"og:description\" content=\"Cobra Nail Gum est une p\u00e2te pour renforcer, allonger et\/ou reconstruire l&rsquo;ongle naturel. Le produit combine tous les avantages des ongles artificiels et vous pouvez travailler sans fin et sans qu&rsquo;il ne coule tant qu&rsquo;il n&rsquo;a pas durci. En plus, la p\u00e2te est inodore, facile \u00e0 modeler, super solide mais encore aussi flexible comme un [&hellip;]\" \/>\n<meta property=\"og:url\" content=\"https:\/\/districos.standingout.be\/fr\/product\/cobra-nail-gum-cover-60-g-ref-6035-004\/\" \/>\n<meta property=\"og:site_name\" content=\"Districos Webshop\" \/>\n<meta property=\"article:modified_time\" content=\"2026-04-28T04:05:47+00:00\" \/>\n<meta property=\"og:image\" content=\"https:\/\/districos.standingout.be\/wp-content\/uploads\/2025\/07\/6035.004@LowRes_1_0.png\" \/>\n\t<meta property=\"og:image:width\" content=\"600\" \/>\n\t<meta property=\"og:image:height\" content=\"600\" \/>\n\t<meta property=\"og:image:type\" content=\"image\/png\" \/>\n<meta name=\"twitter:card\" content=\"summary_large_image\" \/>\n<meta name=\"twitter:label1\" content=\"Dur\u00e9e de lecture estim\u00e9e\" \/>\n\t<meta name=\"twitter:data1\" content=\"1 minute\" \/>\n<script type=\"application\/ld+json\" class=\"yoast-schema-graph\">{\"@context\":\"https:\\\/\\\/schema.org\",\"@graph\":[{\"@type\":\"WebPage\",\"@id\":\"https:\\\/\\\/districos.standingout.be\\\/fr\\\/product\\\/cobra-nail-gum-cover-60-g-ref-6035-004\\\/\",\"url\":\"https:\\\/\\\/districos.standingout.be\\\/fr\\\/product\\\/cobra-nail-gum-cover-60-g-ref-6035-004\\\/\",\"name\":\"Cobra Nail Gum Cover 60 g - Districos Webshop\",\"isPartOf\":{\"@id\":\"https:\\\/\\\/districos.standingout.be\\\/fr\\\/#website\"},\"primaryImageOfPage\":{\"@id\":\"https:\\\/\\\/districos.standingout.be\\\/fr\\\/product\\\/cobra-nail-gum-cover-60-g-ref-6035-004\\\/#primaryimage\"},\"image\":{\"@id\":\"https:\\\/\\\/districos.standingout.be\\\/fr\\\/product\\\/cobra-nail-gum-cover-60-g-ref-6035-004\\\/#primaryimage\"},\"thumbnailUrl\":\"https:\\\/\\\/districos.standingout.be\\\/wp-content\\\/uploads\\\/2025\\\/07\\\/6035.004@LowRes_1_0.png\",\"datePublished\":\"2026-04-28T04:05:46+00:00\",\"dateModified\":\"2026-04-28T04:05:47+00:00\",\"breadcrumb\":{\"@id\":\"https:\\\/\\\/districos.standingout.be\\\/fr\\\/product\\\/cobra-nail-gum-cover-60-g-ref-6035-004\\\/#breadcrumb\"},\"inLanguage\":\"fr-FR\",\"potentialAction\":[{\"@type\":\"ReadAction\",\"target\":[\"https:\\\/\\\/districos.standingout.be\\\/fr\\\/product\\\/cobra-nail-gum-cover-60-g-ref-6035-004\\\/\"]}]},{\"@type\":\"ImageObject\",\"inLanguage\":\"fr-FR\",\"@id\":\"https:\\\/\\\/districos.standingout.be\\\/fr\\\/product\\\/cobra-nail-gum-cover-60-g-ref-6035-004\\\/#primaryimage\",\"url\":\"https:\\\/\\\/districos.standingout.be\\\/wp-content\\\/uploads\\\/2025\\\/07\\\/6035.004@LowRes_1_0.png\",\"contentUrl\":\"https:\\\/\\\/districos.standingout.be\\\/wp-content\\\/uploads\\\/2025\\\/07\\\/6035.004@LowRes_1_0.png\",\"width\":600,\"height\":600},{\"@type\":\"BreadcrumbList\",\"@id\":\"https:\\\/\\\/districos.standingout.be\\\/fr\\\/product\\\/cobra-nail-gum-cover-60-g-ref-6035-004\\\/#breadcrumb\",\"itemListElement\":[{\"@type\":\"ListItem\",\"position\":1,\"name\":\"Home\",\"item\":\"https:\\\/\\\/districos.standingout.be\\\/fr\\\/bienvenue-chez-districos\\\/\"},{\"@type\":\"ListItem\",\"position\":2,\"name\":\"Boutique\",\"item\":\"https:\\\/\\\/districos.standingout.be\\\/fr\\\/boutique\\\/\"},{\"@type\":\"ListItem\",\"position\":3,\"name\":\"Cobra Nail Gum Cover 60 g\"}]},{\"@type\":\"WebSite\",\"@id\":\"https:\\\/\\\/districos.standingout.be\\\/fr\\\/#website\",\"url\":\"https:\\\/\\\/districos.standingout.be\\\/fr\\\/\",\"name\":\"Districos Webshop\",\"description\":\"\",\"publisher\":{\"@id\":\"https:\\\/\\\/districos.standingout.be\\\/fr\\\/#organization\"},\"potentialAction\":[{\"@type\":\"SearchAction\",\"target\":{\"@type\":\"EntryPoint\",\"urlTemplate\":\"https:\\\/\\\/districos.standingout.be\\\/fr\\\/?s={search_term_string}\"},\"query-input\":{\"@type\":\"PropertyValueSpecification\",\"valueRequired\":true,\"valueName\":\"search_term_string\"}}],\"inLanguage\":\"fr-FR\"},{\"@type\":\"Organization\",\"@id\":\"https:\\\/\\\/districos.standingout.be\\\/fr\\\/#organization\",\"name\":\"Districos Webshop\",\"url\":\"https:\\\/\\\/districos.standingout.be\\\/fr\\\/\",\"logo\":{\"@type\":\"ImageObject\",\"inLanguage\":\"fr-FR\",\"@id\":\"https:\\\/\\\/districos.standingout.be\\\/fr\\\/#\\\/schema\\\/logo\\\/image\\\/\",\"url\":\"https:\\\/\\\/districos.standingout.be\\\/wp-content\\\/uploads\\\/2022\\\/09\\\/Districos_Logo_Webshop.svg\",\"contentUrl\":\"https:\\\/\\\/districos.standingout.be\\\/wp-content\\\/uploads\\\/2022\\\/09\\\/Districos_Logo_Webshop.svg\",\"caption\":\"Districos Webshop\"},\"image\":{\"@id\":\"https:\\\/\\\/districos.standingout.be\\\/fr\\\/#\\\/schema\\\/logo\\\/image\\\/\"}}]}<\/script>\n<!-- \/ Yoast SEO plugin. -->","yoast_head_json":{"title":"Cobra Nail Gum Cover 60 g - Districos Webshop","robots":{"index":"noindex","follow":"follow","max-snippet":"max-snippet:-1","max-image-preview":"max-image-preview:large","max-video-preview":"max-video-preview:-1"},"og_locale":"fr_FR","og_type":"article","og_title":"Cobra Nail Gum Cover 60 g - Districos Webshop","og_description":"Cobra Nail Gum est une p\u00e2te pour renforcer, allonger et\/ou reconstruire l&rsquo;ongle naturel. Le produit combine tous les avantages des ongles artificiels et vous pouvez travailler sans fin et sans qu&rsquo;il ne coule tant qu&rsquo;il n&rsquo;a pas durci. En plus, la p\u00e2te est inodore, facile \u00e0 modeler, super solide mais encore aussi flexible comme un [&hellip;]","og_url":"https:\/\/districos.standingout.be\/fr\/product\/cobra-nail-gum-cover-60-g-ref-6035-004\/","og_site_name":"Districos Webshop","article_modified_time":"2026-04-28T04:05:47+00:00","og_image":[{"width":600,"height":600,"url":"https:\/\/districos.standingout.be\/wp-content\/uploads\/2025\/07\/6035.004@LowRes_1_0.png","type":"image\/png"}],"twitter_card":"summary_large_image","twitter_misc":{"Dur\u00e9e de lecture estim\u00e9e":"1 minute"},"schema":{"@context":"https:\/\/schema.org","@graph":[{"@type":"WebPage","@id":"https:\/\/districos.standingout.be\/fr\/product\/cobra-nail-gum-cover-60-g-ref-6035-004\/","url":"https:\/\/districos.standingout.be\/fr\/product\/cobra-nail-gum-cover-60-g-ref-6035-004\/","name":"Cobra Nail Gum Cover 60 g - Districos Webshop","isPartOf":{"@id":"https:\/\/districos.standingout.be\/fr\/#website"},"primaryImageOfPage":{"@id":"https:\/\/districos.standingout.be\/fr\/product\/cobra-nail-gum-cover-60-g-ref-6035-004\/#primaryimage"},"image":{"@id":"https:\/\/districos.standingout.be\/fr\/product\/cobra-nail-gum-cover-60-g-ref-6035-004\/#primaryimage"},"thumbnailUrl":"https:\/\/districos.standingout.be\/wp-content\/uploads\/2025\/07\/6035.004@LowRes_1_0.png","datePublished":"2026-04-28T04:05:46+00:00","dateModified":"2026-04-28T04:05:47+00:00","breadcrumb":{"@id":"https:\/\/districos.standingout.be\/fr\/product\/cobra-nail-gum-cover-60-g-ref-6035-004\/#breadcrumb"},"inLanguage":"fr-FR","potentialAction":[{"@type":"ReadAction","target":["https:\/\/districos.standingout.be\/fr\/product\/cobra-nail-gum-cover-60-g-ref-6035-004\/"]}]},{"@type":"ImageObject","inLanguage":"fr-FR","@id":"https:\/\/districos.standingout.be\/fr\/product\/cobra-nail-gum-cover-60-g-ref-6035-004\/#primaryimage","url":"https:\/\/districos.standingout.be\/wp-content\/uploads\/2025\/07\/6035.004@LowRes_1_0.png","contentUrl":"https:\/\/districos.standingout.be\/wp-content\/uploads\/2025\/07\/6035.004@LowRes_1_0.png","width":600,"height":600},{"@type":"BreadcrumbList","@id":"https:\/\/districos.standingout.be\/fr\/product\/cobra-nail-gum-cover-60-g-ref-6035-004\/#breadcrumb","itemListElement":[{"@type":"ListItem","position":1,"name":"Home","item":"https:\/\/districos.standingout.be\/fr\/bienvenue-chez-districos\/"},{"@type":"ListItem","position":2,"name":"Boutique","item":"https:\/\/districos.standingout.be\/fr\/boutique\/"},{"@type":"ListItem","position":3,"name":"Cobra Nail Gum Cover 60 g"}]},{"@type":"WebSite","@id":"https:\/\/districos.standingout.be\/fr\/#website","url":"https:\/\/districos.standingout.be\/fr\/","name":"Districos Webshop","description":"","publisher":{"@id":"https:\/\/districos.standingout.be\/fr\/#organization"},"potentialAction":[{"@type":"SearchAction","target":{"@type":"EntryPoint","urlTemplate":"https:\/\/districos.standingout.be\/fr\/?s={search_term_string}"},"query-input":{"@type":"PropertyValueSpecification","valueRequired":true,"valueName":"search_term_string"}}],"inLanguage":"fr-FR"},{"@type":"Organization","@id":"https:\/\/districos.standingout.be\/fr\/#organization","name":"Districos Webshop","url":"https:\/\/districos.standingout.be\/fr\/","logo":{"@type":"ImageObject","inLanguage":"fr-FR","@id":"https:\/\/districos.standingout.be\/fr\/#\/schema\/logo\/image\/","url":"https:\/\/districos.standingout.be\/wp-content\/uploads\/2022\/09\/Districos_Logo_Webshop.svg","contentUrl":"https:\/\/districos.standingout.be\/wp-content\/uploads\/2022\/09\/Districos_Logo_Webshop.svg","caption":"Districos Webshop"},"image":{"@id":"https:\/\/districos.standingout.be\/fr\/#\/schema\/logo\/image\/"}}]}},"_links":{"self":[{"href":"https:\/\/districos.standingout.be\/fr\/wp-json\/wp\/v2\/product\/135817","targetHints":{"allow":["GET"]}}],"collection":[{"href":"https:\/\/districos.standingout.be\/fr\/wp-json\/wp\/v2\/product"}],"about":[{"href":"https:\/\/districos.standingout.be\/fr\/wp-json\/wp\/v2\/types\/product"}],"replies":[{"embeddable":true,"href":"https:\/\/districos.standingout.be\/fr\/wp-json\/wp\/v2\/comments?post=135817"}],"wp:featuredmedia":[{"embeddable":true,"href":"https:\/\/districos.standingout.be\/fr\/wp-json\/wp\/v2\/media\/75227"}],"wp:attachment":[{"href":"https:\/\/districos.standingout.be\/fr\/wp-json\/wp\/v2\/media?parent=135817"}],"wp:term":[{"taxonomy":"product_brand","embeddable":true,"href":"https:\/\/districos.standingout.be\/fr\/wp-json\/wp\/v2\/product_brand?post=135817"},{"taxonomy":"product_cat","embeddable":true,"href":"https:\/\/districos.standingout.be\/fr\/wp-json\/wp\/v2\/product_cat?post=135817"},{"taxonomy":"product_tag","embeddable":true,"href":"https:\/\/districos.standingout.be\/fr\/wp-json\/wp\/v2\/product_tag?post=135817"}],"curies":[{"name":"wp","href":"https:\/\/api.w.org\/{rel}","templated":true}]}}