{"id":135835,"date":"2026-04-28T06:06:05","date_gmt":"2026-04-28T04:06:05","guid":{"rendered":"https:\/\/webshopdistricoscom.webhosting.be\/product\/cobra-nail-gum-multi-tool-ref-6035-100-2\/"},"modified":"2026-04-28T06:06:06","modified_gmt":"2026-04-28T04:06:06","slug":"cobra-nail-gum-multi-tool-ref-6035-100","status":"publish","type":"product","link":"https:\/\/districos.standingout.be\/fr\/product\/cobra-nail-gum-multi-tool-ref-6035-100\/","title":{"rendered":"Cobra Nail Gum Multi Tool"},"content":{"rendered":"<p >\n<p><span lang=\"FR-BE\">Cet outil pratique 2 en 1 vous permet d&rsquo;avoir tout le mat\u00e9riel n\u00e9cessaire \u00e0 port\u00e9e de main. La spatule sert de couteau pour prendre la quantit\u00e9 d\u00e9sir\u00e9e de p\u00e2te (Nail Gum) du tube. Le pinceau vous permet de modeler la p\u00e2te \u00e0 l&rsquo;aide du&nbsp;<a href=\"https:\/\/districos.com\/search?SearchText=cobra%20nail%20gum%20liquid\" target=\"_blank\" rel=\"noopener noreferrer nofollow\"><span>Cobra Nail Gum Liquid<\/span><\/a>.<o:p><\/o:p><\/span><\/p>\n<p><b><span lang=\"FR-BE\">D\u00e9couvrez aussi les \u00e9tapes \u00e0 suivre dans notre&nbsp;<a href=\"https:\/\/youtu.be\/tsbFSu83uCs\" target=\"_blank\" rel=\"noopener noreferrer nofollow\"><span>vid\u00e9o<\/span><\/a>&nbsp;!<o:p><\/o:p><\/span><\/b><\/p>\n<\/p>\n<p><span lang=\"FR-BE\"> &nbsp; <\/span><\/p>\n","protected":false},"excerpt":{"rendered":"<p>Cet outil pratique 2 en 1 vous permet d&rsquo;avoir tout le mat\u00e9riel n\u00e9cessaire \u00e0 port\u00e9e de main. La spatule sert de couteau pour prendre la quantit\u00e9 d\u00e9sir\u00e9e de p\u00e2te (Nail Gum) du tube. Le pinceau vous permet de modeler la p\u00e2te \u00e0 l&rsquo;aide du&nbsp;Cobra Nail Gum Liquid. D\u00e9couvrez aussi les \u00e9tapes \u00e0 suivre dans notre&nbsp;vid\u00e9o&nbsp;! [&hellip;]<\/p>\n","protected":false},"featured_media":109511,"comment_status":"open","ping_status":"closed","template":"","meta":{"_acf_changed":false},"product_brand":[10340],"product_cat":[9896],"product_tag":[],"class_list":{"0":"post-135835","1":"product","2":"type-product","3":"status-publish","4":"has-post-thumbnail","6":"product_brand-cobra-nails-fr","7":"product_cat-beaute-manucure-ongles-gel-gel-polish","9":"first","10":"instock","11":"taxable","12":"shipping-taxable","13":"product-type-simple"},"acf":[],"yoast_head":"<!-- This site is optimized with the Yoast SEO plugin v27.3 - https:\/\/yoast.com\/product\/yoast-seo-wordpress\/ -->\n<title>Cobra Nail Gum Multi Tool - Districos Webshop<\/title>\n<meta name=\"robots\" content=\"noindex, follow, max-snippet:-1, max-image-preview:large, max-video-preview:-1\" \/>\n<meta property=\"og:locale\" content=\"fr_FR\" \/>\n<meta property=\"og:type\" content=\"article\" \/>\n<meta property=\"og:title\" content=\"Cobra Nail Gum Multi Tool - Districos Webshop\" \/>\n<meta property=\"og:description\" content=\"Cet outil pratique 2 en 1 vous permet d&rsquo;avoir tout le mat\u00e9riel n\u00e9cessaire \u00e0 port\u00e9e de main. La spatule sert de couteau pour prendre la quantit\u00e9 d\u00e9sir\u00e9e de p\u00e2te (Nail Gum) du tube. Le pinceau vous permet de modeler la p\u00e2te \u00e0 l&rsquo;aide du&nbsp;Cobra Nail Gum Liquid. D\u00e9couvrez aussi les \u00e9tapes \u00e0 suivre dans notre&nbsp;vid\u00e9o&nbsp;! [&hellip;]\" \/>\n<meta property=\"og:url\" content=\"https:\/\/districos.standingout.be\/fr\/product\/cobra-nail-gum-multi-tool-ref-6035-100\/\" \/>\n<meta property=\"og:site_name\" content=\"Districos Webshop\" \/>\n<meta property=\"article:modified_time\" content=\"2026-04-28T04:06:06+00:00\" \/>\n<meta property=\"og:image\" content=\"https:\/\/districos.standingout.be\/wp-content\/uploads\/2026\/03\/6035.100@LowRes_1_0.png\" \/>\n\t<meta property=\"og:image:width\" content=\"600\" \/>\n\t<meta property=\"og:image:height\" content=\"600\" \/>\n\t<meta property=\"og:image:type\" content=\"image\/png\" \/>\n<meta name=\"twitter:card\" content=\"summary_large_image\" \/>\n<script type=\"application\/ld+json\" class=\"yoast-schema-graph\">{\"@context\":\"https:\\\/\\\/schema.org\",\"@graph\":[{\"@type\":\"WebPage\",\"@id\":\"https:\\\/\\\/districos.standingout.be\\\/fr\\\/product\\\/cobra-nail-gum-multi-tool-ref-6035-100\\\/\",\"url\":\"https:\\\/\\\/districos.standingout.be\\\/fr\\\/product\\\/cobra-nail-gum-multi-tool-ref-6035-100\\\/\",\"name\":\"Cobra Nail Gum Multi Tool - Districos Webshop\",\"isPartOf\":{\"@id\":\"https:\\\/\\\/districos.standingout.be\\\/fr\\\/#website\"},\"primaryImageOfPage\":{\"@id\":\"https:\\\/\\\/districos.standingout.be\\\/fr\\\/product\\\/cobra-nail-gum-multi-tool-ref-6035-100\\\/#primaryimage\"},\"image\":{\"@id\":\"https:\\\/\\\/districos.standingout.be\\\/fr\\\/product\\\/cobra-nail-gum-multi-tool-ref-6035-100\\\/#primaryimage\"},\"thumbnailUrl\":\"https:\\\/\\\/districos.standingout.be\\\/wp-content\\\/uploads\\\/2026\\\/03\\\/6035.100@LowRes_1_0.png\",\"datePublished\":\"2026-04-28T04:06:05+00:00\",\"dateModified\":\"2026-04-28T04:06:06+00:00\",\"breadcrumb\":{\"@id\":\"https:\\\/\\\/districos.standingout.be\\\/fr\\\/product\\\/cobra-nail-gum-multi-tool-ref-6035-100\\\/#breadcrumb\"},\"inLanguage\":\"fr-FR\",\"potentialAction\":[{\"@type\":\"ReadAction\",\"target\":[\"https:\\\/\\\/districos.standingout.be\\\/fr\\\/product\\\/cobra-nail-gum-multi-tool-ref-6035-100\\\/\"]}]},{\"@type\":\"ImageObject\",\"inLanguage\":\"fr-FR\",\"@id\":\"https:\\\/\\\/districos.standingout.be\\\/fr\\\/product\\\/cobra-nail-gum-multi-tool-ref-6035-100\\\/#primaryimage\",\"url\":\"https:\\\/\\\/districos.standingout.be\\\/wp-content\\\/uploads\\\/2026\\\/03\\\/6035.100@LowRes_1_0.png\",\"contentUrl\":\"https:\\\/\\\/districos.standingout.be\\\/wp-content\\\/uploads\\\/2026\\\/03\\\/6035.100@LowRes_1_0.png\",\"width\":600,\"height\":600},{\"@type\":\"BreadcrumbList\",\"@id\":\"https:\\\/\\\/districos.standingout.be\\\/fr\\\/product\\\/cobra-nail-gum-multi-tool-ref-6035-100\\\/#breadcrumb\",\"itemListElement\":[{\"@type\":\"ListItem\",\"position\":1,\"name\":\"Home\",\"item\":\"https:\\\/\\\/districos.standingout.be\\\/fr\\\/bienvenue-chez-districos\\\/\"},{\"@type\":\"ListItem\",\"position\":2,\"name\":\"Boutique\",\"item\":\"https:\\\/\\\/districos.standingout.be\\\/fr\\\/boutique\\\/\"},{\"@type\":\"ListItem\",\"position\":3,\"name\":\"Cobra Nail Gum Multi Tool\"}]},{\"@type\":\"WebSite\",\"@id\":\"https:\\\/\\\/districos.standingout.be\\\/fr\\\/#website\",\"url\":\"https:\\\/\\\/districos.standingout.be\\\/fr\\\/\",\"name\":\"Districos Webshop\",\"description\":\"\",\"publisher\":{\"@id\":\"https:\\\/\\\/districos.standingout.be\\\/fr\\\/#organization\"},\"potentialAction\":[{\"@type\":\"SearchAction\",\"target\":{\"@type\":\"EntryPoint\",\"urlTemplate\":\"https:\\\/\\\/districos.standingout.be\\\/fr\\\/?s={search_term_string}\"},\"query-input\":{\"@type\":\"PropertyValueSpecification\",\"valueRequired\":true,\"valueName\":\"search_term_string\"}}],\"inLanguage\":\"fr-FR\"},{\"@type\":\"Organization\",\"@id\":\"https:\\\/\\\/districos.standingout.be\\\/fr\\\/#organization\",\"name\":\"Districos Webshop\",\"url\":\"https:\\\/\\\/districos.standingout.be\\\/fr\\\/\",\"logo\":{\"@type\":\"ImageObject\",\"inLanguage\":\"fr-FR\",\"@id\":\"https:\\\/\\\/districos.standingout.be\\\/fr\\\/#\\\/schema\\\/logo\\\/image\\\/\",\"url\":\"https:\\\/\\\/districos.standingout.be\\\/wp-content\\\/uploads\\\/2022\\\/09\\\/Districos_Logo_Webshop.svg\",\"contentUrl\":\"https:\\\/\\\/districos.standingout.be\\\/wp-content\\\/uploads\\\/2022\\\/09\\\/Districos_Logo_Webshop.svg\",\"caption\":\"Districos Webshop\"},\"image\":{\"@id\":\"https:\\\/\\\/districos.standingout.be\\\/fr\\\/#\\\/schema\\\/logo\\\/image\\\/\"}}]}<\/script>\n<!-- \/ Yoast SEO plugin. -->","yoast_head_json":{"title":"Cobra Nail Gum Multi Tool - Districos Webshop","robots":{"index":"noindex","follow":"follow","max-snippet":"max-snippet:-1","max-image-preview":"max-image-preview:large","max-video-preview":"max-video-preview:-1"},"og_locale":"fr_FR","og_type":"article","og_title":"Cobra Nail Gum Multi Tool - Districos Webshop","og_description":"Cet outil pratique 2 en 1 vous permet d&rsquo;avoir tout le mat\u00e9riel n\u00e9cessaire \u00e0 port\u00e9e de main. La spatule sert de couteau pour prendre la quantit\u00e9 d\u00e9sir\u00e9e de p\u00e2te (Nail Gum) du tube. Le pinceau vous permet de modeler la p\u00e2te \u00e0 l&rsquo;aide du&nbsp;Cobra Nail Gum Liquid. D\u00e9couvrez aussi les \u00e9tapes \u00e0 suivre dans notre&nbsp;vid\u00e9o&nbsp;! [&hellip;]","og_url":"https:\/\/districos.standingout.be\/fr\/product\/cobra-nail-gum-multi-tool-ref-6035-100\/","og_site_name":"Districos Webshop","article_modified_time":"2026-04-28T04:06:06+00:00","og_image":[{"width":600,"height":600,"url":"https:\/\/districos.standingout.be\/wp-content\/uploads\/2026\/03\/6035.100@LowRes_1_0.png","type":"image\/png"}],"twitter_card":"summary_large_image","schema":{"@context":"https:\/\/schema.org","@graph":[{"@type":"WebPage","@id":"https:\/\/districos.standingout.be\/fr\/product\/cobra-nail-gum-multi-tool-ref-6035-100\/","url":"https:\/\/districos.standingout.be\/fr\/product\/cobra-nail-gum-multi-tool-ref-6035-100\/","name":"Cobra Nail Gum Multi Tool - Districos Webshop","isPartOf":{"@id":"https:\/\/districos.standingout.be\/fr\/#website"},"primaryImageOfPage":{"@id":"https:\/\/districos.standingout.be\/fr\/product\/cobra-nail-gum-multi-tool-ref-6035-100\/#primaryimage"},"image":{"@id":"https:\/\/districos.standingout.be\/fr\/product\/cobra-nail-gum-multi-tool-ref-6035-100\/#primaryimage"},"thumbnailUrl":"https:\/\/districos.standingout.be\/wp-content\/uploads\/2026\/03\/6035.100@LowRes_1_0.png","datePublished":"2026-04-28T04:06:05+00:00","dateModified":"2026-04-28T04:06:06+00:00","breadcrumb":{"@id":"https:\/\/districos.standingout.be\/fr\/product\/cobra-nail-gum-multi-tool-ref-6035-100\/#breadcrumb"},"inLanguage":"fr-FR","potentialAction":[{"@type":"ReadAction","target":["https:\/\/districos.standingout.be\/fr\/product\/cobra-nail-gum-multi-tool-ref-6035-100\/"]}]},{"@type":"ImageObject","inLanguage":"fr-FR","@id":"https:\/\/districos.standingout.be\/fr\/product\/cobra-nail-gum-multi-tool-ref-6035-100\/#primaryimage","url":"https:\/\/districos.standingout.be\/wp-content\/uploads\/2026\/03\/6035.100@LowRes_1_0.png","contentUrl":"https:\/\/districos.standingout.be\/wp-content\/uploads\/2026\/03\/6035.100@LowRes_1_0.png","width":600,"height":600},{"@type":"BreadcrumbList","@id":"https:\/\/districos.standingout.be\/fr\/product\/cobra-nail-gum-multi-tool-ref-6035-100\/#breadcrumb","itemListElement":[{"@type":"ListItem","position":1,"name":"Home","item":"https:\/\/districos.standingout.be\/fr\/bienvenue-chez-districos\/"},{"@type":"ListItem","position":2,"name":"Boutique","item":"https:\/\/districos.standingout.be\/fr\/boutique\/"},{"@type":"ListItem","position":3,"name":"Cobra Nail Gum Multi Tool"}]},{"@type":"WebSite","@id":"https:\/\/districos.standingout.be\/fr\/#website","url":"https:\/\/districos.standingout.be\/fr\/","name":"Districos Webshop","description":"","publisher":{"@id":"https:\/\/districos.standingout.be\/fr\/#organization"},"potentialAction":[{"@type":"SearchAction","target":{"@type":"EntryPoint","urlTemplate":"https:\/\/districos.standingout.be\/fr\/?s={search_term_string}"},"query-input":{"@type":"PropertyValueSpecification","valueRequired":true,"valueName":"search_term_string"}}],"inLanguage":"fr-FR"},{"@type":"Organization","@id":"https:\/\/districos.standingout.be\/fr\/#organization","name":"Districos Webshop","url":"https:\/\/districos.standingout.be\/fr\/","logo":{"@type":"ImageObject","inLanguage":"fr-FR","@id":"https:\/\/districos.standingout.be\/fr\/#\/schema\/logo\/image\/","url":"https:\/\/districos.standingout.be\/wp-content\/uploads\/2022\/09\/Districos_Logo_Webshop.svg","contentUrl":"https:\/\/districos.standingout.be\/wp-content\/uploads\/2022\/09\/Districos_Logo_Webshop.svg","caption":"Districos Webshop"},"image":{"@id":"https:\/\/districos.standingout.be\/fr\/#\/schema\/logo\/image\/"}}]}},"_links":{"self":[{"href":"https:\/\/districos.standingout.be\/fr\/wp-json\/wp\/v2\/product\/135835","targetHints":{"allow":["GET"]}}],"collection":[{"href":"https:\/\/districos.standingout.be\/fr\/wp-json\/wp\/v2\/product"}],"about":[{"href":"https:\/\/districos.standingout.be\/fr\/wp-json\/wp\/v2\/types\/product"}],"replies":[{"embeddable":true,"href":"https:\/\/districos.standingout.be\/fr\/wp-json\/wp\/v2\/comments?post=135835"}],"wp:featuredmedia":[{"embeddable":true,"href":"https:\/\/districos.standingout.be\/fr\/wp-json\/wp\/v2\/media\/109511"}],"wp:attachment":[{"href":"https:\/\/districos.standingout.be\/fr\/wp-json\/wp\/v2\/media?parent=135835"}],"wp:term":[{"taxonomy":"product_brand","embeddable":true,"href":"https:\/\/districos.standingout.be\/fr\/wp-json\/wp\/v2\/product_brand?post=135835"},{"taxonomy":"product_cat","embeddable":true,"href":"https:\/\/districos.standingout.be\/fr\/wp-json\/wp\/v2\/product_cat?post=135835"},{"taxonomy":"product_tag","embeddable":true,"href":"https:\/\/districos.standingout.be\/fr\/wp-json\/wp\/v2\/product_tag?post=135835"}],"curies":[{"name":"wp","href":"https:\/\/api.w.org\/{rel}","templated":true}]}}