{"id":136103,"date":"2026-04-28T07:10:46","date_gmt":"2026-04-28T05:10:46","guid":{"rendered":"https:\/\/webshopdistricoscom.webhosting.be\/product\/ibd-ruby-file-100-100-ref-6111-005-2\/"},"modified":"2026-04-28T07:10:49","modified_gmt":"2026-04-28T05:10:49","slug":"ibd-ruby-file-100-100-ref-6111-005","status":"publish","type":"product","link":"https:\/\/districos.standingout.be\/fr\/product\/ibd-ruby-file-100-100-ref-6111-005\/","title":{"rendered":"IBD Ruby File 100\/100"},"content":{"rendered":"<p >\n<p dir=ltr>La Lime Ruby est une lime polyvalente \u00e0 grains 100\/100, id\u00e9ale pour le limage rugueux des tips, des ongles en gel et en acrylique. Gr\u00e2ce \u00e0 la forme ergonomique, il est possible de limer avec pr\u00e9cision sans endommager les curticules, la peau ou les ongles naturels.<\/p>\n<p> Elle est surtout utilis\u00e9e pour le modelage de l\u2019ongle et le limage de l\u2019ongle artificiel aux c\u00f4t\u00e9s. <\/p>\n<p> Grain: 100\/100<br \/> Lavable<br \/> Uniquement pour les ongles artificiels<\/p><\/p>\n","protected":false},"excerpt":{"rendered":"<p>La Lime Ruby est une lime polyvalente \u00e0 grains 100\/100, id\u00e9ale pour le limage rugueux des tips, des ongles en gel et en acrylique. Gr\u00e2ce \u00e0 la forme ergonomique, il est possible de limer avec pr\u00e9cision sans endommager les curticules, la peau ou les ongles naturels. Elle est surtout utilis\u00e9e pour le modelage de l\u2019ongle [&hellip;]<\/p>\n","protected":false},"featured_media":75824,"comment_status":"open","ping_status":"closed","template":"","meta":{"_acf_changed":false},"product_brand":[10442],"product_cat":[10172,9896,9902],"product_tag":[],"class_list":{"0":"post-136103","1":"product","2":"type-product","3":"status-publish","4":"has-post-thumbnail","6":"product_brand-ibd-fr","7":"product_cat-fournitures-pour-cabinet-accessoires-accessoires-manucure","8":"product_cat-beaute-manucure-ongles-gel-gel-polish","9":"product_cat-beaute-manucure-ongles-limes","11":"first","12":"instock","13":"taxable","14":"shipping-taxable","15":"product-type-simple"},"acf":[],"yoast_head":"<!-- This site is optimized with the Yoast SEO plugin v27.3 - https:\/\/yoast.com\/product\/yoast-seo-wordpress\/ -->\n<title>IBD Ruby File 100\/100 - Districos Webshop<\/title>\n<meta name=\"robots\" content=\"noindex, follow, max-snippet:-1, max-image-preview:large, max-video-preview:-1\" \/>\n<meta property=\"og:locale\" content=\"fr_FR\" \/>\n<meta property=\"og:type\" content=\"article\" \/>\n<meta property=\"og:title\" content=\"IBD Ruby File 100\/100 - Districos Webshop\" \/>\n<meta property=\"og:description\" content=\"La Lime Ruby est une lime polyvalente \u00e0 grains 100\/100, id\u00e9ale pour le limage rugueux des tips, des ongles en gel et en acrylique. Gr\u00e2ce \u00e0 la forme ergonomique, il est possible de limer avec pr\u00e9cision sans endommager les curticules, la peau ou les ongles naturels. Elle est surtout utilis\u00e9e pour le modelage de l\u2019ongle [&hellip;]\" \/>\n<meta property=\"og:url\" content=\"https:\/\/districos.standingout.be\/fr\/product\/ibd-ruby-file-100-100-ref-6111-005\/\" \/>\n<meta property=\"og:site_name\" content=\"Districos Webshop\" \/>\n<meta property=\"article:modified_time\" content=\"2026-04-28T05:10:49+00:00\" \/>\n<meta property=\"og:image\" content=\"https:\/\/districos.standingout.be\/wp-content\/uploads\/2025\/07\/6111.005@HighRes_0_99.png\" \/>\n\t<meta property=\"og:image:width\" content=\"600\" \/>\n\t<meta property=\"og:image:height\" content=\"600\" \/>\n\t<meta property=\"og:image:type\" content=\"image\/png\" \/>\n<meta name=\"twitter:card\" content=\"summary_large_image\" \/>\n<script type=\"application\/ld+json\" class=\"yoast-schema-graph\">{\"@context\":\"https:\\\/\\\/schema.org\",\"@graph\":[{\"@type\":\"WebPage\",\"@id\":\"https:\\\/\\\/districos.standingout.be\\\/fr\\\/product\\\/ibd-ruby-file-100-100-ref-6111-005\\\/\",\"url\":\"https:\\\/\\\/districos.standingout.be\\\/fr\\\/product\\\/ibd-ruby-file-100-100-ref-6111-005\\\/\",\"name\":\"IBD Ruby File 100\\\/100 - Districos Webshop\",\"isPartOf\":{\"@id\":\"https:\\\/\\\/districos.standingout.be\\\/fr\\\/#website\"},\"primaryImageOfPage\":{\"@id\":\"https:\\\/\\\/districos.standingout.be\\\/fr\\\/product\\\/ibd-ruby-file-100-100-ref-6111-005\\\/#primaryimage\"},\"image\":{\"@id\":\"https:\\\/\\\/districos.standingout.be\\\/fr\\\/product\\\/ibd-ruby-file-100-100-ref-6111-005\\\/#primaryimage\"},\"thumbnailUrl\":\"https:\\\/\\\/districos.standingout.be\\\/wp-content\\\/uploads\\\/2025\\\/07\\\/6111.005@HighRes_0_99.png\",\"datePublished\":\"2026-04-28T05:10:46+00:00\",\"dateModified\":\"2026-04-28T05:10:49+00:00\",\"breadcrumb\":{\"@id\":\"https:\\\/\\\/districos.standingout.be\\\/fr\\\/product\\\/ibd-ruby-file-100-100-ref-6111-005\\\/#breadcrumb\"},\"inLanguage\":\"fr-FR\",\"potentialAction\":[{\"@type\":\"ReadAction\",\"target\":[\"https:\\\/\\\/districos.standingout.be\\\/fr\\\/product\\\/ibd-ruby-file-100-100-ref-6111-005\\\/\"]}]},{\"@type\":\"ImageObject\",\"inLanguage\":\"fr-FR\",\"@id\":\"https:\\\/\\\/districos.standingout.be\\\/fr\\\/product\\\/ibd-ruby-file-100-100-ref-6111-005\\\/#primaryimage\",\"url\":\"https:\\\/\\\/districos.standingout.be\\\/wp-content\\\/uploads\\\/2025\\\/07\\\/6111.005@HighRes_0_99.png\",\"contentUrl\":\"https:\\\/\\\/districos.standingout.be\\\/wp-content\\\/uploads\\\/2025\\\/07\\\/6111.005@HighRes_0_99.png\",\"width\":600,\"height\":600},{\"@type\":\"BreadcrumbList\",\"@id\":\"https:\\\/\\\/districos.standingout.be\\\/fr\\\/product\\\/ibd-ruby-file-100-100-ref-6111-005\\\/#breadcrumb\",\"itemListElement\":[{\"@type\":\"ListItem\",\"position\":1,\"name\":\"Home\",\"item\":\"https:\\\/\\\/districos.standingout.be\\\/fr\\\/bienvenue-chez-districos\\\/\"},{\"@type\":\"ListItem\",\"position\":2,\"name\":\"Boutique\",\"item\":\"https:\\\/\\\/districos.standingout.be\\\/fr\\\/boutique\\\/\"},{\"@type\":\"ListItem\",\"position\":3,\"name\":\"IBD Ruby File 100\\\/100\"}]},{\"@type\":\"WebSite\",\"@id\":\"https:\\\/\\\/districos.standingout.be\\\/fr\\\/#website\",\"url\":\"https:\\\/\\\/districos.standingout.be\\\/fr\\\/\",\"name\":\"Districos Webshop\",\"description\":\"\",\"publisher\":{\"@id\":\"https:\\\/\\\/districos.standingout.be\\\/fr\\\/#organization\"},\"potentialAction\":[{\"@type\":\"SearchAction\",\"target\":{\"@type\":\"EntryPoint\",\"urlTemplate\":\"https:\\\/\\\/districos.standingout.be\\\/fr\\\/?s={search_term_string}\"},\"query-input\":{\"@type\":\"PropertyValueSpecification\",\"valueRequired\":true,\"valueName\":\"search_term_string\"}}],\"inLanguage\":\"fr-FR\"},{\"@type\":\"Organization\",\"@id\":\"https:\\\/\\\/districos.standingout.be\\\/fr\\\/#organization\",\"name\":\"Districos Webshop\",\"url\":\"https:\\\/\\\/districos.standingout.be\\\/fr\\\/\",\"logo\":{\"@type\":\"ImageObject\",\"inLanguage\":\"fr-FR\",\"@id\":\"https:\\\/\\\/districos.standingout.be\\\/fr\\\/#\\\/schema\\\/logo\\\/image\\\/\",\"url\":\"https:\\\/\\\/districos.standingout.be\\\/wp-content\\\/uploads\\\/2022\\\/09\\\/Districos_Logo_Webshop.svg\",\"contentUrl\":\"https:\\\/\\\/districos.standingout.be\\\/wp-content\\\/uploads\\\/2022\\\/09\\\/Districos_Logo_Webshop.svg\",\"caption\":\"Districos Webshop\"},\"image\":{\"@id\":\"https:\\\/\\\/districos.standingout.be\\\/fr\\\/#\\\/schema\\\/logo\\\/image\\\/\"}}]}<\/script>\n<!-- \/ Yoast SEO plugin. -->","yoast_head_json":{"title":"IBD Ruby File 100\/100 - Districos Webshop","robots":{"index":"noindex","follow":"follow","max-snippet":"max-snippet:-1","max-image-preview":"max-image-preview:large","max-video-preview":"max-video-preview:-1"},"og_locale":"fr_FR","og_type":"article","og_title":"IBD Ruby File 100\/100 - Districos Webshop","og_description":"La Lime Ruby est une lime polyvalente \u00e0 grains 100\/100, id\u00e9ale pour le limage rugueux des tips, des ongles en gel et en acrylique. Gr\u00e2ce \u00e0 la forme ergonomique, il est possible de limer avec pr\u00e9cision sans endommager les curticules, la peau ou les ongles naturels. Elle est surtout utilis\u00e9e pour le modelage de l\u2019ongle [&hellip;]","og_url":"https:\/\/districos.standingout.be\/fr\/product\/ibd-ruby-file-100-100-ref-6111-005\/","og_site_name":"Districos Webshop","article_modified_time":"2026-04-28T05:10:49+00:00","og_image":[{"width":600,"height":600,"url":"https:\/\/districos.standingout.be\/wp-content\/uploads\/2025\/07\/6111.005@HighRes_0_99.png","type":"image\/png"}],"twitter_card":"summary_large_image","schema":{"@context":"https:\/\/schema.org","@graph":[{"@type":"WebPage","@id":"https:\/\/districos.standingout.be\/fr\/product\/ibd-ruby-file-100-100-ref-6111-005\/","url":"https:\/\/districos.standingout.be\/fr\/product\/ibd-ruby-file-100-100-ref-6111-005\/","name":"IBD Ruby File 100\/100 - Districos Webshop","isPartOf":{"@id":"https:\/\/districos.standingout.be\/fr\/#website"},"primaryImageOfPage":{"@id":"https:\/\/districos.standingout.be\/fr\/product\/ibd-ruby-file-100-100-ref-6111-005\/#primaryimage"},"image":{"@id":"https:\/\/districos.standingout.be\/fr\/product\/ibd-ruby-file-100-100-ref-6111-005\/#primaryimage"},"thumbnailUrl":"https:\/\/districos.standingout.be\/wp-content\/uploads\/2025\/07\/6111.005@HighRes_0_99.png","datePublished":"2026-04-28T05:10:46+00:00","dateModified":"2026-04-28T05:10:49+00:00","breadcrumb":{"@id":"https:\/\/districos.standingout.be\/fr\/product\/ibd-ruby-file-100-100-ref-6111-005\/#breadcrumb"},"inLanguage":"fr-FR","potentialAction":[{"@type":"ReadAction","target":["https:\/\/districos.standingout.be\/fr\/product\/ibd-ruby-file-100-100-ref-6111-005\/"]}]},{"@type":"ImageObject","inLanguage":"fr-FR","@id":"https:\/\/districos.standingout.be\/fr\/product\/ibd-ruby-file-100-100-ref-6111-005\/#primaryimage","url":"https:\/\/districos.standingout.be\/wp-content\/uploads\/2025\/07\/6111.005@HighRes_0_99.png","contentUrl":"https:\/\/districos.standingout.be\/wp-content\/uploads\/2025\/07\/6111.005@HighRes_0_99.png","width":600,"height":600},{"@type":"BreadcrumbList","@id":"https:\/\/districos.standingout.be\/fr\/product\/ibd-ruby-file-100-100-ref-6111-005\/#breadcrumb","itemListElement":[{"@type":"ListItem","position":1,"name":"Home","item":"https:\/\/districos.standingout.be\/fr\/bienvenue-chez-districos\/"},{"@type":"ListItem","position":2,"name":"Boutique","item":"https:\/\/districos.standingout.be\/fr\/boutique\/"},{"@type":"ListItem","position":3,"name":"IBD Ruby File 100\/100"}]},{"@type":"WebSite","@id":"https:\/\/districos.standingout.be\/fr\/#website","url":"https:\/\/districos.standingout.be\/fr\/","name":"Districos Webshop","description":"","publisher":{"@id":"https:\/\/districos.standingout.be\/fr\/#organization"},"potentialAction":[{"@type":"SearchAction","target":{"@type":"EntryPoint","urlTemplate":"https:\/\/districos.standingout.be\/fr\/?s={search_term_string}"},"query-input":{"@type":"PropertyValueSpecification","valueRequired":true,"valueName":"search_term_string"}}],"inLanguage":"fr-FR"},{"@type":"Organization","@id":"https:\/\/districos.standingout.be\/fr\/#organization","name":"Districos Webshop","url":"https:\/\/districos.standingout.be\/fr\/","logo":{"@type":"ImageObject","inLanguage":"fr-FR","@id":"https:\/\/districos.standingout.be\/fr\/#\/schema\/logo\/image\/","url":"https:\/\/districos.standingout.be\/wp-content\/uploads\/2022\/09\/Districos_Logo_Webshop.svg","contentUrl":"https:\/\/districos.standingout.be\/wp-content\/uploads\/2022\/09\/Districos_Logo_Webshop.svg","caption":"Districos Webshop"},"image":{"@id":"https:\/\/districos.standingout.be\/fr\/#\/schema\/logo\/image\/"}}]}},"_links":{"self":[{"href":"https:\/\/districos.standingout.be\/fr\/wp-json\/wp\/v2\/product\/136103","targetHints":{"allow":["GET"]}}],"collection":[{"href":"https:\/\/districos.standingout.be\/fr\/wp-json\/wp\/v2\/product"}],"about":[{"href":"https:\/\/districos.standingout.be\/fr\/wp-json\/wp\/v2\/types\/product"}],"replies":[{"embeddable":true,"href":"https:\/\/districos.standingout.be\/fr\/wp-json\/wp\/v2\/comments?post=136103"}],"wp:featuredmedia":[{"embeddable":true,"href":"https:\/\/districos.standingout.be\/fr\/wp-json\/wp\/v2\/media\/75824"}],"wp:attachment":[{"href":"https:\/\/districos.standingout.be\/fr\/wp-json\/wp\/v2\/media?parent=136103"}],"wp:term":[{"taxonomy":"product_brand","embeddable":true,"href":"https:\/\/districos.standingout.be\/fr\/wp-json\/wp\/v2\/product_brand?post=136103"},{"taxonomy":"product_cat","embeddable":true,"href":"https:\/\/districos.standingout.be\/fr\/wp-json\/wp\/v2\/product_cat?post=136103"},{"taxonomy":"product_tag","embeddable":true,"href":"https:\/\/districos.standingout.be\/fr\/wp-json\/wp\/v2\/product_tag?post=136103"}],"curies":[{"name":"wp","href":"https:\/\/api.w.org\/{rel}","templated":true}]}}