{"id":136105,"date":"2026-04-28T07:15:33","date_gmt":"2026-04-28T05:15:33","guid":{"rendered":"https:\/\/webshopdistricoscom.webhosting.be\/product\/ibd-diamond-buffer-220-280-ref-6111-201-2\/"},"modified":"2026-04-28T07:15:37","modified_gmt":"2026-04-28T05:15:37","slug":"ibd-diamond-buffer-220-280-ref-6111-201","status":"publish","type":"product","link":"https:\/\/districos.standingout.be\/fr\/product\/ibd-diamond-buffer-220-280-ref-6111-201\/","title":{"rendered":"IBD Diamond Buffer 220\/280"},"content":{"rendered":"<p >\n<p dir=ltr>Le Diamond Buffer est une lime \u00e9ponge \u00e0 grains 220\/280, id\u00e9ale pour le limage doux des ongles naturels, des ongles en gel et en acrylique. Gr\u00e2ce \u00e0 la forme ergonomique, il est possible de limer avec pr\u00e9cision sans endommager les curticules, la peau ou les ongles naturels.<\/p>\n<p> Elle est surtout utilis\u00e9e afin de pr\u00e9parer l\u2019ongle au polissage. <\/p>\n<p> Grain: 220\/280<br \/> Lavable<br \/> Lime \u00e9ponge<\/p><\/p>\n","protected":false},"excerpt":{"rendered":"<p>Le Diamond Buffer est une lime \u00e9ponge \u00e0 grains 220\/280, id\u00e9ale pour le limage doux des ongles naturels, des ongles en gel et en acrylique. Gr\u00e2ce \u00e0 la forme ergonomique, il est possible de limer avec pr\u00e9cision sans endommager les curticules, la peau ou les ongles naturels. Elle est surtout utilis\u00e9e afin de pr\u00e9parer l\u2019ongle [&hellip;]<\/p>\n","protected":false},"featured_media":75827,"comment_status":"open","ping_status":"closed","template":"","meta":{"_acf_changed":false},"product_brand":[10442],"product_cat":[10172,9896,9902],"product_tag":[],"class_list":{"0":"post-136105","1":"product","2":"type-product","3":"status-publish","4":"has-post-thumbnail","6":"product_brand-ibd-fr","7":"product_cat-fournitures-pour-cabinet-accessoires-accessoires-manucure","8":"product_cat-beaute-manucure-ongles-gel-gel-polish","9":"product_cat-beaute-manucure-ongles-limes","11":"first","12":"outofstock","13":"taxable","14":"shipping-taxable","15":"product-type-simple"},"acf":[],"yoast_head":"<!-- This site is optimized with the Yoast SEO plugin v27.3 - https:\/\/yoast.com\/product\/yoast-seo-wordpress\/ -->\n<title>IBD Diamond Buffer 220\/280 - Districos Webshop<\/title>\n<meta name=\"robots\" content=\"noindex, follow, max-snippet:-1, max-image-preview:large, max-video-preview:-1\" \/>\n<meta property=\"og:locale\" content=\"fr_FR\" \/>\n<meta property=\"og:type\" content=\"article\" \/>\n<meta property=\"og:title\" content=\"IBD Diamond Buffer 220\/280 - Districos Webshop\" \/>\n<meta property=\"og:description\" content=\"Le Diamond Buffer est une lime \u00e9ponge \u00e0 grains 220\/280, id\u00e9ale pour le limage doux des ongles naturels, des ongles en gel et en acrylique. Gr\u00e2ce \u00e0 la forme ergonomique, il est possible de limer avec pr\u00e9cision sans endommager les curticules, la peau ou les ongles naturels. Elle est surtout utilis\u00e9e afin de pr\u00e9parer l\u2019ongle [&hellip;]\" \/>\n<meta property=\"og:url\" content=\"https:\/\/districos.standingout.be\/fr\/product\/ibd-diamond-buffer-220-280-ref-6111-201\/\" \/>\n<meta property=\"og:site_name\" content=\"Districos Webshop\" \/>\n<meta property=\"article:modified_time\" content=\"2026-04-28T05:15:37+00:00\" \/>\n<meta property=\"og:image\" content=\"https:\/\/districos.standingout.be\/wp-content\/uploads\/2025\/07\/6111.201@HighRes_0_99.png\" \/>\n\t<meta property=\"og:image:width\" content=\"600\" \/>\n\t<meta property=\"og:image:height\" content=\"600\" \/>\n\t<meta property=\"og:image:type\" content=\"image\/png\" \/>\n<meta name=\"twitter:card\" content=\"summary_large_image\" \/>\n<script type=\"application\/ld+json\" class=\"yoast-schema-graph\">{\"@context\":\"https:\\\/\\\/schema.org\",\"@graph\":[{\"@type\":\"WebPage\",\"@id\":\"https:\\\/\\\/districos.standingout.be\\\/fr\\\/product\\\/ibd-diamond-buffer-220-280-ref-6111-201\\\/\",\"url\":\"https:\\\/\\\/districos.standingout.be\\\/fr\\\/product\\\/ibd-diamond-buffer-220-280-ref-6111-201\\\/\",\"name\":\"IBD Diamond Buffer 220\\\/280 - Districos Webshop\",\"isPartOf\":{\"@id\":\"https:\\\/\\\/districos.standingout.be\\\/fr\\\/#website\"},\"primaryImageOfPage\":{\"@id\":\"https:\\\/\\\/districos.standingout.be\\\/fr\\\/product\\\/ibd-diamond-buffer-220-280-ref-6111-201\\\/#primaryimage\"},\"image\":{\"@id\":\"https:\\\/\\\/districos.standingout.be\\\/fr\\\/product\\\/ibd-diamond-buffer-220-280-ref-6111-201\\\/#primaryimage\"},\"thumbnailUrl\":\"https:\\\/\\\/districos.standingout.be\\\/wp-content\\\/uploads\\\/2025\\\/07\\\/6111.201@HighRes_0_99.png\",\"datePublished\":\"2026-04-28T05:15:33+00:00\",\"dateModified\":\"2026-04-28T05:15:37+00:00\",\"breadcrumb\":{\"@id\":\"https:\\\/\\\/districos.standingout.be\\\/fr\\\/product\\\/ibd-diamond-buffer-220-280-ref-6111-201\\\/#breadcrumb\"},\"inLanguage\":\"fr-FR\",\"potentialAction\":[{\"@type\":\"ReadAction\",\"target\":[\"https:\\\/\\\/districos.standingout.be\\\/fr\\\/product\\\/ibd-diamond-buffer-220-280-ref-6111-201\\\/\"]}]},{\"@type\":\"ImageObject\",\"inLanguage\":\"fr-FR\",\"@id\":\"https:\\\/\\\/districos.standingout.be\\\/fr\\\/product\\\/ibd-diamond-buffer-220-280-ref-6111-201\\\/#primaryimage\",\"url\":\"https:\\\/\\\/districos.standingout.be\\\/wp-content\\\/uploads\\\/2025\\\/07\\\/6111.201@HighRes_0_99.png\",\"contentUrl\":\"https:\\\/\\\/districos.standingout.be\\\/wp-content\\\/uploads\\\/2025\\\/07\\\/6111.201@HighRes_0_99.png\",\"width\":600,\"height\":600},{\"@type\":\"BreadcrumbList\",\"@id\":\"https:\\\/\\\/districos.standingout.be\\\/fr\\\/product\\\/ibd-diamond-buffer-220-280-ref-6111-201\\\/#breadcrumb\",\"itemListElement\":[{\"@type\":\"ListItem\",\"position\":1,\"name\":\"Home\",\"item\":\"https:\\\/\\\/districos.standingout.be\\\/fr\\\/bienvenue-chez-districos\\\/\"},{\"@type\":\"ListItem\",\"position\":2,\"name\":\"Boutique\",\"item\":\"https:\\\/\\\/districos.standingout.be\\\/fr\\\/boutique\\\/\"},{\"@type\":\"ListItem\",\"position\":3,\"name\":\"IBD Diamond Buffer 220\\\/280\"}]},{\"@type\":\"WebSite\",\"@id\":\"https:\\\/\\\/districos.standingout.be\\\/fr\\\/#website\",\"url\":\"https:\\\/\\\/districos.standingout.be\\\/fr\\\/\",\"name\":\"Districos Webshop\",\"description\":\"\",\"publisher\":{\"@id\":\"https:\\\/\\\/districos.standingout.be\\\/fr\\\/#organization\"},\"potentialAction\":[{\"@type\":\"SearchAction\",\"target\":{\"@type\":\"EntryPoint\",\"urlTemplate\":\"https:\\\/\\\/districos.standingout.be\\\/fr\\\/?s={search_term_string}\"},\"query-input\":{\"@type\":\"PropertyValueSpecification\",\"valueRequired\":true,\"valueName\":\"search_term_string\"}}],\"inLanguage\":\"fr-FR\"},{\"@type\":\"Organization\",\"@id\":\"https:\\\/\\\/districos.standingout.be\\\/fr\\\/#organization\",\"name\":\"Districos Webshop\",\"url\":\"https:\\\/\\\/districos.standingout.be\\\/fr\\\/\",\"logo\":{\"@type\":\"ImageObject\",\"inLanguage\":\"fr-FR\",\"@id\":\"https:\\\/\\\/districos.standingout.be\\\/fr\\\/#\\\/schema\\\/logo\\\/image\\\/\",\"url\":\"https:\\\/\\\/districos.standingout.be\\\/wp-content\\\/uploads\\\/2022\\\/09\\\/Districos_Logo_Webshop.svg\",\"contentUrl\":\"https:\\\/\\\/districos.standingout.be\\\/wp-content\\\/uploads\\\/2022\\\/09\\\/Districos_Logo_Webshop.svg\",\"caption\":\"Districos Webshop\"},\"image\":{\"@id\":\"https:\\\/\\\/districos.standingout.be\\\/fr\\\/#\\\/schema\\\/logo\\\/image\\\/\"}}]}<\/script>\n<!-- \/ Yoast SEO plugin. -->","yoast_head_json":{"title":"IBD Diamond Buffer 220\/280 - Districos Webshop","robots":{"index":"noindex","follow":"follow","max-snippet":"max-snippet:-1","max-image-preview":"max-image-preview:large","max-video-preview":"max-video-preview:-1"},"og_locale":"fr_FR","og_type":"article","og_title":"IBD Diamond Buffer 220\/280 - Districos Webshop","og_description":"Le Diamond Buffer est une lime \u00e9ponge \u00e0 grains 220\/280, id\u00e9ale pour le limage doux des ongles naturels, des ongles en gel et en acrylique. Gr\u00e2ce \u00e0 la forme ergonomique, il est possible de limer avec pr\u00e9cision sans endommager les curticules, la peau ou les ongles naturels. Elle est surtout utilis\u00e9e afin de pr\u00e9parer l\u2019ongle [&hellip;]","og_url":"https:\/\/districos.standingout.be\/fr\/product\/ibd-diamond-buffer-220-280-ref-6111-201\/","og_site_name":"Districos Webshop","article_modified_time":"2026-04-28T05:15:37+00:00","og_image":[{"width":600,"height":600,"url":"https:\/\/districos.standingout.be\/wp-content\/uploads\/2025\/07\/6111.201@HighRes_0_99.png","type":"image\/png"}],"twitter_card":"summary_large_image","schema":{"@context":"https:\/\/schema.org","@graph":[{"@type":"WebPage","@id":"https:\/\/districos.standingout.be\/fr\/product\/ibd-diamond-buffer-220-280-ref-6111-201\/","url":"https:\/\/districos.standingout.be\/fr\/product\/ibd-diamond-buffer-220-280-ref-6111-201\/","name":"IBD Diamond Buffer 220\/280 - Districos Webshop","isPartOf":{"@id":"https:\/\/districos.standingout.be\/fr\/#website"},"primaryImageOfPage":{"@id":"https:\/\/districos.standingout.be\/fr\/product\/ibd-diamond-buffer-220-280-ref-6111-201\/#primaryimage"},"image":{"@id":"https:\/\/districos.standingout.be\/fr\/product\/ibd-diamond-buffer-220-280-ref-6111-201\/#primaryimage"},"thumbnailUrl":"https:\/\/districos.standingout.be\/wp-content\/uploads\/2025\/07\/6111.201@HighRes_0_99.png","datePublished":"2026-04-28T05:15:33+00:00","dateModified":"2026-04-28T05:15:37+00:00","breadcrumb":{"@id":"https:\/\/districos.standingout.be\/fr\/product\/ibd-diamond-buffer-220-280-ref-6111-201\/#breadcrumb"},"inLanguage":"fr-FR","potentialAction":[{"@type":"ReadAction","target":["https:\/\/districos.standingout.be\/fr\/product\/ibd-diamond-buffer-220-280-ref-6111-201\/"]}]},{"@type":"ImageObject","inLanguage":"fr-FR","@id":"https:\/\/districos.standingout.be\/fr\/product\/ibd-diamond-buffer-220-280-ref-6111-201\/#primaryimage","url":"https:\/\/districos.standingout.be\/wp-content\/uploads\/2025\/07\/6111.201@HighRes_0_99.png","contentUrl":"https:\/\/districos.standingout.be\/wp-content\/uploads\/2025\/07\/6111.201@HighRes_0_99.png","width":600,"height":600},{"@type":"BreadcrumbList","@id":"https:\/\/districos.standingout.be\/fr\/product\/ibd-diamond-buffer-220-280-ref-6111-201\/#breadcrumb","itemListElement":[{"@type":"ListItem","position":1,"name":"Home","item":"https:\/\/districos.standingout.be\/fr\/bienvenue-chez-districos\/"},{"@type":"ListItem","position":2,"name":"Boutique","item":"https:\/\/districos.standingout.be\/fr\/boutique\/"},{"@type":"ListItem","position":3,"name":"IBD Diamond Buffer 220\/280"}]},{"@type":"WebSite","@id":"https:\/\/districos.standingout.be\/fr\/#website","url":"https:\/\/districos.standingout.be\/fr\/","name":"Districos Webshop","description":"","publisher":{"@id":"https:\/\/districos.standingout.be\/fr\/#organization"},"potentialAction":[{"@type":"SearchAction","target":{"@type":"EntryPoint","urlTemplate":"https:\/\/districos.standingout.be\/fr\/?s={search_term_string}"},"query-input":{"@type":"PropertyValueSpecification","valueRequired":true,"valueName":"search_term_string"}}],"inLanguage":"fr-FR"},{"@type":"Organization","@id":"https:\/\/districos.standingout.be\/fr\/#organization","name":"Districos Webshop","url":"https:\/\/districos.standingout.be\/fr\/","logo":{"@type":"ImageObject","inLanguage":"fr-FR","@id":"https:\/\/districos.standingout.be\/fr\/#\/schema\/logo\/image\/","url":"https:\/\/districos.standingout.be\/wp-content\/uploads\/2022\/09\/Districos_Logo_Webshop.svg","contentUrl":"https:\/\/districos.standingout.be\/wp-content\/uploads\/2022\/09\/Districos_Logo_Webshop.svg","caption":"Districos Webshop"},"image":{"@id":"https:\/\/districos.standingout.be\/fr\/#\/schema\/logo\/image\/"}}]}},"_links":{"self":[{"href":"https:\/\/districos.standingout.be\/fr\/wp-json\/wp\/v2\/product\/136105","targetHints":{"allow":["GET"]}}],"collection":[{"href":"https:\/\/districos.standingout.be\/fr\/wp-json\/wp\/v2\/product"}],"about":[{"href":"https:\/\/districos.standingout.be\/fr\/wp-json\/wp\/v2\/types\/product"}],"replies":[{"embeddable":true,"href":"https:\/\/districos.standingout.be\/fr\/wp-json\/wp\/v2\/comments?post=136105"}],"wp:featuredmedia":[{"embeddable":true,"href":"https:\/\/districos.standingout.be\/fr\/wp-json\/wp\/v2\/media\/75827"}],"wp:attachment":[{"href":"https:\/\/districos.standingout.be\/fr\/wp-json\/wp\/v2\/media?parent=136105"}],"wp:term":[{"taxonomy":"product_brand","embeddable":true,"href":"https:\/\/districos.standingout.be\/fr\/wp-json\/wp\/v2\/product_brand?post=136105"},{"taxonomy":"product_cat","embeddable":true,"href":"https:\/\/districos.standingout.be\/fr\/wp-json\/wp\/v2\/product_cat?post=136105"},{"taxonomy":"product_tag","embeddable":true,"href":"https:\/\/districos.standingout.be\/fr\/wp-json\/wp\/v2\/product_tag?post=136105"}],"curies":[{"name":"wp","href":"https:\/\/api.w.org\/{rel}","templated":true}]}}