{"id":136171,"date":"2026-04-28T07:40:34","date_gmt":"2026-04-28T05:40:34","guid":{"rendered":"https:\/\/webshopdistricoscom.webhosting.be\/product\/cobra-starled-recharge-ref-6500-10-2\/"},"modified":"2026-04-28T07:40:37","modified_gmt":"2026-04-28T05:40:37","slug":"cobra-starled-recharge-ref-6500-10","status":"publish","type":"product","link":"https:\/\/districos.standingout.be\/fr\/product\/cobra-starled-recharge-ref-6500-10\/","title":{"rendered":"Cobra StarLED Recharge"},"content":{"rendered":"<p >\n<div>Lampe UV\/LED chargeable et \u00e9l\u00e9gante de Cobra Nails avec une batterie int\u00e9gr\u00e9e pour la polym\u00e9risation simultan\u00e9e des 5 doigts.<\/div>\n<div>\n<ul>\n<li>Polym\u00e9rise tous les gels UV et LED.<\/li>\n<li>Avec batterie int\u00e9gr\u00e9e. Elle fonctionne alors sans c\u00e2ble.<\/li>\n<li><span>Puissance r\u00e9glable (36 W ou 54 W) pour une intensit\u00e9 personnalis\u00e9e (polym\u00e9risation douce ou intense).<\/span><\/li>\n<li>33 lampes Dual Wave (UV + LED).<\/li>\n<li>Minuteur : 10, 30 ou 60 secondes.<\/li>\n<li>Avec d\u00e9tecteur automatique : la lampe s&rsquo;allume automatiquement apr\u00e8s la d\u00e9tection de la main.<\/li>\n<li>Avec plaque du bas amovible et d\u00e9sinfectable, donc \u00e9galement appropri\u00e9 pour les pieds.<\/li>\n<li>Dur\u00e9e de vie : +\/- 15.000 heures sans perte de puissance.<\/li>\n<li>Avec guide d&#8217;emplacement pour les doigts afin de les positionner facilement et d&rsquo;\u00e9viter de toucher les bords int\u00e9rieurs.<\/li>\n<\/ul>\n<div><b>Infos suppl\u00e9mentaires<\/b><\/div>\n<div>\n<ul>\n<li>Il faut environ 2,5 heures pour que l&rsquo;appareil soit compl\u00e8tement charg\u00e9.<\/li>\n<li>Lorsque l&rsquo;appareil est compl\u00e8tement charg\u00e9, la batterie a une autonomie d&rsquo;environ 1,5 heures.<\/li>\n<\/ul>\n<\/div>\n<\/div>\n","protected":false},"excerpt":{"rendered":"<p>Lampe UV\/LED chargeable et \u00e9l\u00e9gante de Cobra Nails avec une batterie int\u00e9gr\u00e9e pour la polym\u00e9risation simultan\u00e9e des 5 doigts. Polym\u00e9rise tous les gels UV et LED. Avec batterie int\u00e9gr\u00e9e. Elle fonctionne alors sans c\u00e2ble. Puissance r\u00e9glable (36 W ou 54 W) pour une intensit\u00e9 personnalis\u00e9e (polym\u00e9risation douce ou intense). 33 lampes Dual Wave (UV + [&hellip;]<\/p>\n","protected":false},"featured_media":109703,"comment_status":"open","ping_status":"closed","template":"","meta":{"_acf_changed":false},"product_brand":[10340],"product_cat":[10271,10092],"product_tag":[],"class_list":{"0":"post-136171","1":"product","2":"type-product","3":"status-publish","4":"has-post-thumbnail","6":"product_brand-cobra-nails-fr","7":"product_cat-beaute-manucure-ongles-equipement","8":"product_cat-amenagement-equipement-manucure","10":"first","11":"instock","12":"taxable","13":"shipping-taxable","14":"product-type-simple"},"acf":[],"yoast_head":"<!-- This site is optimized with the Yoast SEO plugin v27.3 - https:\/\/yoast.com\/product\/yoast-seo-wordpress\/ -->\n<title>Cobra StarLED Recharge - Districos Webshop<\/title>\n<meta name=\"robots\" content=\"noindex, follow, max-snippet:-1, max-image-preview:large, max-video-preview:-1\" \/>\n<meta property=\"og:locale\" content=\"fr_FR\" \/>\n<meta property=\"og:type\" content=\"article\" \/>\n<meta property=\"og:title\" content=\"Cobra StarLED Recharge - Districos Webshop\" \/>\n<meta property=\"og:description\" content=\"Lampe UV\/LED chargeable et \u00e9l\u00e9gante de Cobra Nails avec une batterie int\u00e9gr\u00e9e pour la polym\u00e9risation simultan\u00e9e des 5 doigts. Polym\u00e9rise tous les gels UV et LED. Avec batterie int\u00e9gr\u00e9e. Elle fonctionne alors sans c\u00e2ble. Puissance r\u00e9glable (36 W ou 54 W) pour une intensit\u00e9 personnalis\u00e9e (polym\u00e9risation douce ou intense). 33 lampes Dual Wave (UV + [&hellip;]\" \/>\n<meta property=\"og:url\" content=\"https:\/\/districos.standingout.be\/fr\/product\/cobra-starled-recharge-ref-6500-10\/\" \/>\n<meta property=\"og:site_name\" content=\"Districos Webshop\" \/>\n<meta property=\"article:modified_time\" content=\"2026-04-28T05:40:37+00:00\" \/>\n<meta name=\"twitter:card\" content=\"summary_large_image\" \/>\n<meta name=\"twitter:label1\" content=\"Dur\u00e9e de lecture estim\u00e9e\" \/>\n\t<meta name=\"twitter:data1\" content=\"1 minute\" \/>\n<script type=\"application\/ld+json\" class=\"yoast-schema-graph\">{\"@context\":\"https:\\\/\\\/schema.org\",\"@graph\":[{\"@type\":\"WebPage\",\"@id\":\"https:\\\/\\\/districos.standingout.be\\\/fr\\\/product\\\/cobra-starled-recharge-ref-6500-10\\\/\",\"url\":\"https:\\\/\\\/districos.standingout.be\\\/fr\\\/product\\\/cobra-starled-recharge-ref-6500-10\\\/\",\"name\":\"Cobra StarLED Recharge - Districos Webshop\",\"isPartOf\":{\"@id\":\"https:\\\/\\\/districos.standingout.be\\\/fr\\\/#website\"},\"primaryImageOfPage\":{\"@id\":\"https:\\\/\\\/districos.standingout.be\\\/fr\\\/product\\\/cobra-starled-recharge-ref-6500-10\\\/#primaryimage\"},\"image\":{\"@id\":\"https:\\\/\\\/districos.standingout.be\\\/fr\\\/product\\\/cobra-starled-recharge-ref-6500-10\\\/#primaryimage\"},\"thumbnailUrl\":\"https:\\\/\\\/districos.standingout.be\\\/wp-content\\\/uploads\\\/2026\\\/03\\\/6500.10@LowRes_1_0.png\",\"datePublished\":\"2026-04-28T05:40:34+00:00\",\"dateModified\":\"2026-04-28T05:40:37+00:00\",\"breadcrumb\":{\"@id\":\"https:\\\/\\\/districos.standingout.be\\\/fr\\\/product\\\/cobra-starled-recharge-ref-6500-10\\\/#breadcrumb\"},\"inLanguage\":\"fr-FR\",\"potentialAction\":[{\"@type\":\"ReadAction\",\"target\":[\"https:\\\/\\\/districos.standingout.be\\\/fr\\\/product\\\/cobra-starled-recharge-ref-6500-10\\\/\"]}]},{\"@type\":\"ImageObject\",\"inLanguage\":\"fr-FR\",\"@id\":\"https:\\\/\\\/districos.standingout.be\\\/fr\\\/product\\\/cobra-starled-recharge-ref-6500-10\\\/#primaryimage\",\"url\":\"https:\\\/\\\/districos.standingout.be\\\/wp-content\\\/uploads\\\/2026\\\/03\\\/6500.10@LowRes_1_0.png\",\"contentUrl\":\"https:\\\/\\\/districos.standingout.be\\\/wp-content\\\/uploads\\\/2026\\\/03\\\/6500.10@LowRes_1_0.png\",\"width\":600,\"height\":600},{\"@type\":\"BreadcrumbList\",\"@id\":\"https:\\\/\\\/districos.standingout.be\\\/fr\\\/product\\\/cobra-starled-recharge-ref-6500-10\\\/#breadcrumb\",\"itemListElement\":[{\"@type\":\"ListItem\",\"position\":1,\"name\":\"Home\",\"item\":\"https:\\\/\\\/districos.standingout.be\\\/fr\\\/bienvenue-chez-districos\\\/\"},{\"@type\":\"ListItem\",\"position\":2,\"name\":\"Boutique\",\"item\":\"https:\\\/\\\/districos.standingout.be\\\/fr\\\/boutique\\\/\"},{\"@type\":\"ListItem\",\"position\":3,\"name\":\"Cobra StarLED Recharge\"}]},{\"@type\":\"WebSite\",\"@id\":\"https:\\\/\\\/districos.standingout.be\\\/fr\\\/#website\",\"url\":\"https:\\\/\\\/districos.standingout.be\\\/fr\\\/\",\"name\":\"Districos Webshop\",\"description\":\"\",\"publisher\":{\"@id\":\"https:\\\/\\\/districos.standingout.be\\\/fr\\\/#organization\"},\"potentialAction\":[{\"@type\":\"SearchAction\",\"target\":{\"@type\":\"EntryPoint\",\"urlTemplate\":\"https:\\\/\\\/districos.standingout.be\\\/fr\\\/?s={search_term_string}\"},\"query-input\":{\"@type\":\"PropertyValueSpecification\",\"valueRequired\":true,\"valueName\":\"search_term_string\"}}],\"inLanguage\":\"fr-FR\"},{\"@type\":\"Organization\",\"@id\":\"https:\\\/\\\/districos.standingout.be\\\/fr\\\/#organization\",\"name\":\"Districos Webshop\",\"url\":\"https:\\\/\\\/districos.standingout.be\\\/fr\\\/\",\"logo\":{\"@type\":\"ImageObject\",\"inLanguage\":\"fr-FR\",\"@id\":\"https:\\\/\\\/districos.standingout.be\\\/fr\\\/#\\\/schema\\\/logo\\\/image\\\/\",\"url\":\"https:\\\/\\\/districos.standingout.be\\\/wp-content\\\/uploads\\\/2022\\\/09\\\/Districos_Logo_Webshop.svg\",\"contentUrl\":\"https:\\\/\\\/districos.standingout.be\\\/wp-content\\\/uploads\\\/2022\\\/09\\\/Districos_Logo_Webshop.svg\",\"caption\":\"Districos Webshop\"},\"image\":{\"@id\":\"https:\\\/\\\/districos.standingout.be\\\/fr\\\/#\\\/schema\\\/logo\\\/image\\\/\"}}]}<\/script>\n<!-- \/ Yoast SEO plugin. -->","yoast_head_json":{"title":"Cobra StarLED Recharge - Districos Webshop","robots":{"index":"noindex","follow":"follow","max-snippet":"max-snippet:-1","max-image-preview":"max-image-preview:large","max-video-preview":"max-video-preview:-1"},"og_locale":"fr_FR","og_type":"article","og_title":"Cobra StarLED Recharge - Districos Webshop","og_description":"Lampe UV\/LED chargeable et \u00e9l\u00e9gante de Cobra Nails avec une batterie int\u00e9gr\u00e9e pour la polym\u00e9risation simultan\u00e9e des 5 doigts. Polym\u00e9rise tous les gels UV et LED. Avec batterie int\u00e9gr\u00e9e. Elle fonctionne alors sans c\u00e2ble. Puissance r\u00e9glable (36 W ou 54 W) pour une intensit\u00e9 personnalis\u00e9e (polym\u00e9risation douce ou intense). 33 lampes Dual Wave (UV + [&hellip;]","og_url":"https:\/\/districos.standingout.be\/fr\/product\/cobra-starled-recharge-ref-6500-10\/","og_site_name":"Districos Webshop","article_modified_time":"2026-04-28T05:40:37+00:00","twitter_card":"summary_large_image","twitter_misc":{"Dur\u00e9e de lecture estim\u00e9e":"1 minute"},"schema":{"@context":"https:\/\/schema.org","@graph":[{"@type":"WebPage","@id":"https:\/\/districos.standingout.be\/fr\/product\/cobra-starled-recharge-ref-6500-10\/","url":"https:\/\/districos.standingout.be\/fr\/product\/cobra-starled-recharge-ref-6500-10\/","name":"Cobra StarLED Recharge - Districos Webshop","isPartOf":{"@id":"https:\/\/districos.standingout.be\/fr\/#website"},"primaryImageOfPage":{"@id":"https:\/\/districos.standingout.be\/fr\/product\/cobra-starled-recharge-ref-6500-10\/#primaryimage"},"image":{"@id":"https:\/\/districos.standingout.be\/fr\/product\/cobra-starled-recharge-ref-6500-10\/#primaryimage"},"thumbnailUrl":"https:\/\/districos.standingout.be\/wp-content\/uploads\/2026\/03\/6500.10@LowRes_1_0.png","datePublished":"2026-04-28T05:40:34+00:00","dateModified":"2026-04-28T05:40:37+00:00","breadcrumb":{"@id":"https:\/\/districos.standingout.be\/fr\/product\/cobra-starled-recharge-ref-6500-10\/#breadcrumb"},"inLanguage":"fr-FR","potentialAction":[{"@type":"ReadAction","target":["https:\/\/districos.standingout.be\/fr\/product\/cobra-starled-recharge-ref-6500-10\/"]}]},{"@type":"ImageObject","inLanguage":"fr-FR","@id":"https:\/\/districos.standingout.be\/fr\/product\/cobra-starled-recharge-ref-6500-10\/#primaryimage","url":"https:\/\/districos.standingout.be\/wp-content\/uploads\/2026\/03\/6500.10@LowRes_1_0.png","contentUrl":"https:\/\/districos.standingout.be\/wp-content\/uploads\/2026\/03\/6500.10@LowRes_1_0.png","width":600,"height":600},{"@type":"BreadcrumbList","@id":"https:\/\/districos.standingout.be\/fr\/product\/cobra-starled-recharge-ref-6500-10\/#breadcrumb","itemListElement":[{"@type":"ListItem","position":1,"name":"Home","item":"https:\/\/districos.standingout.be\/fr\/bienvenue-chez-districos\/"},{"@type":"ListItem","position":2,"name":"Boutique","item":"https:\/\/districos.standingout.be\/fr\/boutique\/"},{"@type":"ListItem","position":3,"name":"Cobra StarLED Recharge"}]},{"@type":"WebSite","@id":"https:\/\/districos.standingout.be\/fr\/#website","url":"https:\/\/districos.standingout.be\/fr\/","name":"Districos Webshop","description":"","publisher":{"@id":"https:\/\/districos.standingout.be\/fr\/#organization"},"potentialAction":[{"@type":"SearchAction","target":{"@type":"EntryPoint","urlTemplate":"https:\/\/districos.standingout.be\/fr\/?s={search_term_string}"},"query-input":{"@type":"PropertyValueSpecification","valueRequired":true,"valueName":"search_term_string"}}],"inLanguage":"fr-FR"},{"@type":"Organization","@id":"https:\/\/districos.standingout.be\/fr\/#organization","name":"Districos Webshop","url":"https:\/\/districos.standingout.be\/fr\/","logo":{"@type":"ImageObject","inLanguage":"fr-FR","@id":"https:\/\/districos.standingout.be\/fr\/#\/schema\/logo\/image\/","url":"https:\/\/districos.standingout.be\/wp-content\/uploads\/2022\/09\/Districos_Logo_Webshop.svg","contentUrl":"https:\/\/districos.standingout.be\/wp-content\/uploads\/2022\/09\/Districos_Logo_Webshop.svg","caption":"Districos Webshop"},"image":{"@id":"https:\/\/districos.standingout.be\/fr\/#\/schema\/logo\/image\/"}}]}},"_links":{"self":[{"href":"https:\/\/districos.standingout.be\/fr\/wp-json\/wp\/v2\/product\/136171","targetHints":{"allow":["GET"]}}],"collection":[{"href":"https:\/\/districos.standingout.be\/fr\/wp-json\/wp\/v2\/product"}],"about":[{"href":"https:\/\/districos.standingout.be\/fr\/wp-json\/wp\/v2\/types\/product"}],"replies":[{"embeddable":true,"href":"https:\/\/districos.standingout.be\/fr\/wp-json\/wp\/v2\/comments?post=136171"}],"wp:featuredmedia":[{"embeddable":true,"href":"https:\/\/districos.standingout.be\/fr\/wp-json\/wp\/v2\/media\/109703"}],"wp:attachment":[{"href":"https:\/\/districos.standingout.be\/fr\/wp-json\/wp\/v2\/media?parent=136171"}],"wp:term":[{"taxonomy":"product_brand","embeddable":true,"href":"https:\/\/districos.standingout.be\/fr\/wp-json\/wp\/v2\/product_brand?post=136171"},{"taxonomy":"product_cat","embeddable":true,"href":"https:\/\/districos.standingout.be\/fr\/wp-json\/wp\/v2\/product_cat?post=136171"},{"taxonomy":"product_tag","embeddable":true,"href":"https:\/\/districos.standingout.be\/fr\/wp-json\/wp\/v2\/product_tag?post=136171"}],"curies":[{"name":"wp","href":"https:\/\/api.w.org\/{rel}","templated":true}]}}