{"id":136213,"date":"2026-04-28T07:45:50","date_gmt":"2026-04-28T05:45:50","guid":{"rendered":"https:\/\/webshopdistricoscom.webhosting.be\/product\/ongles-dexercice-pour-main-dexercice-silicone-12x40-pcs-ref-6511-061\/"},"modified":"2026-04-28T07:45:52","modified_gmt":"2026-04-28T05:45:52","slug":"ongles-dexercice-pour-main-dexercice-silicone-12x40-pcs-ref-6511-061","status":"publish","type":"product","link":"https:\/\/districos.standingout.be\/fr\/product\/ongles-dexercice-pour-main-dexercice-silicone-12x40-pcs-ref-6511-061\/","title":{"rendered":"Ongles d&rsquo;Exercice pour Main d&rsquo;Exercice Silicone 12&#215;40 pcs."},"content":{"rendered":"<p >\n<\/p>\n<\/p>\n<\/p>\n<\/p>\n<\/p>\n<p dir=\"ltr\">480 Ongles&nbsp;<span>d\u2019entra\u00eenement&nbsp;<\/span>en 12 largeurs diff\u00e9rentes pour la main&nbsp;<span>d\u2019entra\u00eenement&nbsp;<\/span>en silicone (<a href=\"https:\/\/webshop.districos.com\/ProductDetail\/6511.06\" target=\"_blank\" rel=\"noopener noreferrer nofollow\">r\u00e9f 6511.06<\/a>) et le doigt d\u2019entra\u00eenement en silicone (<a href=\"https:\/\/webshop.districos.com\/ProductDetail\/6511.09\" target=\"_blank\" rel=\"noopener noreferrer nofollow\">r\u00e9f. 6511.09<\/a>). Les ongles&nbsp;<span>d\u2019entra\u00eenement&nbsp;<\/span>se glissent sous la cuticule&nbsp;<span>du doigt et de la main d&rsquo;entra\u00eenement<\/span><span>. Les ongles sont extra longs,&nbsp;<\/span><span>ce qui vous permet de d\u00e9cider de la profondeur et de la longueur de l&rsquo;ongle sur lequel vous souhaitez exercer vos talents<\/span><span>. Id\u00e9ale pour s&rsquo;entra\u00eener \u00e0 appliquer du vernis \u00e0 ongles ou s\u2019entra\u00eener \u00e0 la pose d&rsquo;ongles artificiels. La main en silicone se fixe \u00e0 l&rsquo;aide d&rsquo;une ventouse.<\/span><\/p>\n<ul>\n<li>Emballage : 100 ongles&nbsp;<span>d\u2019entra\u00eenement&nbsp;<\/span>de diff\u00e9rentes largeurs: N\u00b00 &#8211; N\u00b011<\/li>\n<li>Forme: Amande<\/li>\n<li>Longueur: 4,5 cm (N\u00b00) &#8211; 3 cm (N\u00b011)<\/li>\n<\/ul><\/p>\n","protected":false},"excerpt":{"rendered":"<p>480 Ongles&nbsp;d\u2019entra\u00eenement&nbsp;en 12 largeurs diff\u00e9rentes pour la main&nbsp;d\u2019entra\u00eenement&nbsp;en silicone (r\u00e9f 6511.06) et le doigt d\u2019entra\u00eenement en silicone (r\u00e9f. 6511.09). Les ongles&nbsp;d\u2019entra\u00eenement&nbsp;se glissent sous la cuticule&nbsp;du doigt et de la main d&rsquo;entra\u00eenement. Les ongles sont extra longs,&nbsp;ce qui vous permet de d\u00e9cider de la profondeur et de la longueur de l&rsquo;ongle sur lequel vous souhaitez exercer [&hellip;]<\/p>\n","protected":false},"featured_media":146830,"comment_status":"open","ping_status":"closed","template":"","meta":{"_acf_changed":false},"product_brand":[10380],"product_cat":[10172,9896,9898],"product_tag":[],"class_list":{"0":"post-136213","1":"product","2":"type-product","3":"status-publish","4":"has-post-thumbnail","6":"product_brand-districos-fr","7":"product_cat-fournitures-pour-cabinet-accessoires-accessoires-manucure","8":"product_cat-beaute-manucure-ongles-gel-gel-polish","9":"product_cat-beaute-manucure-ongles-vernis-a-ongles","11":"first","12":"instock","13":"taxable","14":"shipping-taxable","15":"product-type-simple"},"acf":[],"yoast_head":"<!-- This site is optimized with the Yoast SEO plugin v27.3 - https:\/\/yoast.com\/product\/yoast-seo-wordpress\/ -->\n<title>Ongles d&#039;Exercice pour Main d&#039;Exercice Silicone 12x40 pcs. - Districos Webshop<\/title>\n<meta name=\"robots\" content=\"noindex, follow, max-snippet:-1, max-image-preview:large, max-video-preview:-1\" \/>\n<meta property=\"og:locale\" content=\"fr_FR\" \/>\n<meta property=\"og:type\" content=\"article\" \/>\n<meta property=\"og:title\" content=\"Ongles d&#039;Exercice pour Main d&#039;Exercice Silicone 12x40 pcs. - Districos Webshop\" \/>\n<meta property=\"og:description\" content=\"480 Ongles&nbsp;d\u2019entra\u00eenement&nbsp;en 12 largeurs diff\u00e9rentes pour la main&nbsp;d\u2019entra\u00eenement&nbsp;en silicone (r\u00e9f 6511.06) et le doigt d\u2019entra\u00eenement en silicone (r\u00e9f. 6511.09). Les ongles&nbsp;d\u2019entra\u00eenement&nbsp;se glissent sous la cuticule&nbsp;du doigt et de la main d&rsquo;entra\u00eenement. Les ongles sont extra longs,&nbsp;ce qui vous permet de d\u00e9cider de la profondeur et de la longueur de l&rsquo;ongle sur lequel vous souhaitez exercer [&hellip;]\" \/>\n<meta property=\"og:url\" content=\"https:\/\/districos.standingout.be\/fr\/product\/ongles-dexercice-pour-main-dexercice-silicone-12x40-pcs-ref-6511-061\/\" \/>\n<meta property=\"og:site_name\" content=\"Districos Webshop\" \/>\n<meta property=\"article:modified_time\" content=\"2026-04-28T05:45:52+00:00\" \/>\n<meta name=\"twitter:card\" content=\"summary_large_image\" \/>\n<meta name=\"twitter:label1\" content=\"Dur\u00e9e de lecture estim\u00e9e\" \/>\n\t<meta name=\"twitter:data1\" content=\"1 minute\" \/>\n<script type=\"application\/ld+json\" class=\"yoast-schema-graph\">{\"@context\":\"https:\\\/\\\/schema.org\",\"@graph\":[{\"@type\":\"WebPage\",\"@id\":\"https:\\\/\\\/districos.standingout.be\\\/fr\\\/product\\\/ongles-dexercice-pour-main-dexercice-silicone-12x40-pcs-ref-6511-061\\\/\",\"url\":\"https:\\\/\\\/districos.standingout.be\\\/fr\\\/product\\\/ongles-dexercice-pour-main-dexercice-silicone-12x40-pcs-ref-6511-061\\\/\",\"name\":\"Ongles d'Exercice pour Main d'Exercice Silicone 12x40 pcs. - Districos Webshop\",\"isPartOf\":{\"@id\":\"https:\\\/\\\/districos.standingout.be\\\/fr\\\/#website\"},\"primaryImageOfPage\":{\"@id\":\"https:\\\/\\\/districos.standingout.be\\\/fr\\\/product\\\/ongles-dexercice-pour-main-dexercice-silicone-12x40-pcs-ref-6511-061\\\/#primaryimage\"},\"image\":{\"@id\":\"https:\\\/\\\/districos.standingout.be\\\/fr\\\/product\\\/ongles-dexercice-pour-main-dexercice-silicone-12x40-pcs-ref-6511-061\\\/#primaryimage\"},\"thumbnailUrl\":\"https:\\\/\\\/districos.standingout.be\\\/wp-content\\\/uploads\\\/2026\\\/04\\\/6511.061@Oefennagels-voor-Siliconen-Oefenhand-12-x-40-st._1-1.png\",\"datePublished\":\"2026-04-28T05:45:50+00:00\",\"dateModified\":\"2026-04-28T05:45:52+00:00\",\"breadcrumb\":{\"@id\":\"https:\\\/\\\/districos.standingout.be\\\/fr\\\/product\\\/ongles-dexercice-pour-main-dexercice-silicone-12x40-pcs-ref-6511-061\\\/#breadcrumb\"},\"inLanguage\":\"fr-FR\",\"potentialAction\":[{\"@type\":\"ReadAction\",\"target\":[\"https:\\\/\\\/districos.standingout.be\\\/fr\\\/product\\\/ongles-dexercice-pour-main-dexercice-silicone-12x40-pcs-ref-6511-061\\\/\"]}]},{\"@type\":\"ImageObject\",\"inLanguage\":\"fr-FR\",\"@id\":\"https:\\\/\\\/districos.standingout.be\\\/fr\\\/product\\\/ongles-dexercice-pour-main-dexercice-silicone-12x40-pcs-ref-6511-061\\\/#primaryimage\",\"url\":\"https:\\\/\\\/districos.standingout.be\\\/wp-content\\\/uploads\\\/2026\\\/04\\\/6511.061@Oefennagels-voor-Siliconen-Oefenhand-12-x-40-st._1-1.png\",\"contentUrl\":\"https:\\\/\\\/districos.standingout.be\\\/wp-content\\\/uploads\\\/2026\\\/04\\\/6511.061@Oefennagels-voor-Siliconen-Oefenhand-12-x-40-st._1-1.png\",\"width\":600,\"height\":600},{\"@type\":\"BreadcrumbList\",\"@id\":\"https:\\\/\\\/districos.standingout.be\\\/fr\\\/product\\\/ongles-dexercice-pour-main-dexercice-silicone-12x40-pcs-ref-6511-061\\\/#breadcrumb\",\"itemListElement\":[{\"@type\":\"ListItem\",\"position\":1,\"name\":\"Home\",\"item\":\"https:\\\/\\\/districos.standingout.be\\\/fr\\\/bienvenue-chez-districos\\\/\"},{\"@type\":\"ListItem\",\"position\":2,\"name\":\"Boutique\",\"item\":\"https:\\\/\\\/districos.standingout.be\\\/fr\\\/boutique\\\/\"},{\"@type\":\"ListItem\",\"position\":3,\"name\":\"Ongles d&#8217;Exercice pour Main d&#8217;Exercice Silicone 12&#215;40 pcs.\"}]},{\"@type\":\"WebSite\",\"@id\":\"https:\\\/\\\/districos.standingout.be\\\/fr\\\/#website\",\"url\":\"https:\\\/\\\/districos.standingout.be\\\/fr\\\/\",\"name\":\"Districos Webshop\",\"description\":\"\",\"publisher\":{\"@id\":\"https:\\\/\\\/districos.standingout.be\\\/fr\\\/#organization\"},\"potentialAction\":[{\"@type\":\"SearchAction\",\"target\":{\"@type\":\"EntryPoint\",\"urlTemplate\":\"https:\\\/\\\/districos.standingout.be\\\/fr\\\/?s={search_term_string}\"},\"query-input\":{\"@type\":\"PropertyValueSpecification\",\"valueRequired\":true,\"valueName\":\"search_term_string\"}}],\"inLanguage\":\"fr-FR\"},{\"@type\":\"Organization\",\"@id\":\"https:\\\/\\\/districos.standingout.be\\\/fr\\\/#organization\",\"name\":\"Districos Webshop\",\"url\":\"https:\\\/\\\/districos.standingout.be\\\/fr\\\/\",\"logo\":{\"@type\":\"ImageObject\",\"inLanguage\":\"fr-FR\",\"@id\":\"https:\\\/\\\/districos.standingout.be\\\/fr\\\/#\\\/schema\\\/logo\\\/image\\\/\",\"url\":\"https:\\\/\\\/districos.standingout.be\\\/wp-content\\\/uploads\\\/2022\\\/09\\\/Districos_Logo_Webshop.svg\",\"contentUrl\":\"https:\\\/\\\/districos.standingout.be\\\/wp-content\\\/uploads\\\/2022\\\/09\\\/Districos_Logo_Webshop.svg\",\"caption\":\"Districos Webshop\"},\"image\":{\"@id\":\"https:\\\/\\\/districos.standingout.be\\\/fr\\\/#\\\/schema\\\/logo\\\/image\\\/\"}}]}<\/script>\n<!-- \/ Yoast SEO plugin. -->","yoast_head_json":{"title":"Ongles d'Exercice pour Main d'Exercice Silicone 12x40 pcs. - Districos Webshop","robots":{"index":"noindex","follow":"follow","max-snippet":"max-snippet:-1","max-image-preview":"max-image-preview:large","max-video-preview":"max-video-preview:-1"},"og_locale":"fr_FR","og_type":"article","og_title":"Ongles d'Exercice pour Main d'Exercice Silicone 12x40 pcs. - Districos Webshop","og_description":"480 Ongles&nbsp;d\u2019entra\u00eenement&nbsp;en 12 largeurs diff\u00e9rentes pour la main&nbsp;d\u2019entra\u00eenement&nbsp;en silicone (r\u00e9f 6511.06) et le doigt d\u2019entra\u00eenement en silicone (r\u00e9f. 6511.09). Les ongles&nbsp;d\u2019entra\u00eenement&nbsp;se glissent sous la cuticule&nbsp;du doigt et de la main d&rsquo;entra\u00eenement. Les ongles sont extra longs,&nbsp;ce qui vous permet de d\u00e9cider de la profondeur et de la longueur de l&rsquo;ongle sur lequel vous souhaitez exercer [&hellip;]","og_url":"https:\/\/districos.standingout.be\/fr\/product\/ongles-dexercice-pour-main-dexercice-silicone-12x40-pcs-ref-6511-061\/","og_site_name":"Districos Webshop","article_modified_time":"2026-04-28T05:45:52+00:00","twitter_card":"summary_large_image","twitter_misc":{"Dur\u00e9e de lecture estim\u00e9e":"1 minute"},"schema":{"@context":"https:\/\/schema.org","@graph":[{"@type":"WebPage","@id":"https:\/\/districos.standingout.be\/fr\/product\/ongles-dexercice-pour-main-dexercice-silicone-12x40-pcs-ref-6511-061\/","url":"https:\/\/districos.standingout.be\/fr\/product\/ongles-dexercice-pour-main-dexercice-silicone-12x40-pcs-ref-6511-061\/","name":"Ongles d'Exercice pour Main d'Exercice Silicone 12x40 pcs. - Districos Webshop","isPartOf":{"@id":"https:\/\/districos.standingout.be\/fr\/#website"},"primaryImageOfPage":{"@id":"https:\/\/districos.standingout.be\/fr\/product\/ongles-dexercice-pour-main-dexercice-silicone-12x40-pcs-ref-6511-061\/#primaryimage"},"image":{"@id":"https:\/\/districos.standingout.be\/fr\/product\/ongles-dexercice-pour-main-dexercice-silicone-12x40-pcs-ref-6511-061\/#primaryimage"},"thumbnailUrl":"https:\/\/districos.standingout.be\/wp-content\/uploads\/2026\/04\/6511.061@Oefennagels-voor-Siliconen-Oefenhand-12-x-40-st._1-1.png","datePublished":"2026-04-28T05:45:50+00:00","dateModified":"2026-04-28T05:45:52+00:00","breadcrumb":{"@id":"https:\/\/districos.standingout.be\/fr\/product\/ongles-dexercice-pour-main-dexercice-silicone-12x40-pcs-ref-6511-061\/#breadcrumb"},"inLanguage":"fr-FR","potentialAction":[{"@type":"ReadAction","target":["https:\/\/districos.standingout.be\/fr\/product\/ongles-dexercice-pour-main-dexercice-silicone-12x40-pcs-ref-6511-061\/"]}]},{"@type":"ImageObject","inLanguage":"fr-FR","@id":"https:\/\/districos.standingout.be\/fr\/product\/ongles-dexercice-pour-main-dexercice-silicone-12x40-pcs-ref-6511-061\/#primaryimage","url":"https:\/\/districos.standingout.be\/wp-content\/uploads\/2026\/04\/6511.061@Oefennagels-voor-Siliconen-Oefenhand-12-x-40-st._1-1.png","contentUrl":"https:\/\/districos.standingout.be\/wp-content\/uploads\/2026\/04\/6511.061@Oefennagels-voor-Siliconen-Oefenhand-12-x-40-st._1-1.png","width":600,"height":600},{"@type":"BreadcrumbList","@id":"https:\/\/districos.standingout.be\/fr\/product\/ongles-dexercice-pour-main-dexercice-silicone-12x40-pcs-ref-6511-061\/#breadcrumb","itemListElement":[{"@type":"ListItem","position":1,"name":"Home","item":"https:\/\/districos.standingout.be\/fr\/bienvenue-chez-districos\/"},{"@type":"ListItem","position":2,"name":"Boutique","item":"https:\/\/districos.standingout.be\/fr\/boutique\/"},{"@type":"ListItem","position":3,"name":"Ongles d&#8217;Exercice pour Main d&#8217;Exercice Silicone 12&#215;40 pcs."}]},{"@type":"WebSite","@id":"https:\/\/districos.standingout.be\/fr\/#website","url":"https:\/\/districos.standingout.be\/fr\/","name":"Districos Webshop","description":"","publisher":{"@id":"https:\/\/districos.standingout.be\/fr\/#organization"},"potentialAction":[{"@type":"SearchAction","target":{"@type":"EntryPoint","urlTemplate":"https:\/\/districos.standingout.be\/fr\/?s={search_term_string}"},"query-input":{"@type":"PropertyValueSpecification","valueRequired":true,"valueName":"search_term_string"}}],"inLanguage":"fr-FR"},{"@type":"Organization","@id":"https:\/\/districos.standingout.be\/fr\/#organization","name":"Districos Webshop","url":"https:\/\/districos.standingout.be\/fr\/","logo":{"@type":"ImageObject","inLanguage":"fr-FR","@id":"https:\/\/districos.standingout.be\/fr\/#\/schema\/logo\/image\/","url":"https:\/\/districos.standingout.be\/wp-content\/uploads\/2022\/09\/Districos_Logo_Webshop.svg","contentUrl":"https:\/\/districos.standingout.be\/wp-content\/uploads\/2022\/09\/Districos_Logo_Webshop.svg","caption":"Districos Webshop"},"image":{"@id":"https:\/\/districos.standingout.be\/fr\/#\/schema\/logo\/image\/"}}]}},"_links":{"self":[{"href":"https:\/\/districos.standingout.be\/fr\/wp-json\/wp\/v2\/product\/136213","targetHints":{"allow":["GET"]}}],"collection":[{"href":"https:\/\/districos.standingout.be\/fr\/wp-json\/wp\/v2\/product"}],"about":[{"href":"https:\/\/districos.standingout.be\/fr\/wp-json\/wp\/v2\/types\/product"}],"replies":[{"embeddable":true,"href":"https:\/\/districos.standingout.be\/fr\/wp-json\/wp\/v2\/comments?post=136213"}],"wp:featuredmedia":[{"embeddable":true,"href":"https:\/\/districos.standingout.be\/fr\/wp-json\/wp\/v2\/media\/146830"}],"wp:attachment":[{"href":"https:\/\/districos.standingout.be\/fr\/wp-json\/wp\/v2\/media?parent=136213"}],"wp:term":[{"taxonomy":"product_brand","embeddable":true,"href":"https:\/\/districos.standingout.be\/fr\/wp-json\/wp\/v2\/product_brand?post=136213"},{"taxonomy":"product_cat","embeddable":true,"href":"https:\/\/districos.standingout.be\/fr\/wp-json\/wp\/v2\/product_cat?post=136213"},{"taxonomy":"product_tag","embeddable":true,"href":"https:\/\/districos.standingout.be\/fr\/wp-json\/wp\/v2\/product_tag?post=136213"}],"curies":[{"name":"wp","href":"https:\/\/api.w.org\/{rel}","templated":true}]}}