{"id":136229,"date":"2026-04-28T07:46:13","date_gmt":"2026-04-28T05:46:13","guid":{"rendered":"https:\/\/webshopdistricoscom.webhosting.be\/product\/thuya-pure-pigments-classic-6-x-5-g-ref-6512-10-2\/"},"modified":"2026-04-28T07:46:16","modified_gmt":"2026-04-28T05:46:16","slug":"thuya-pure-pigments-classic-6-x-5-g-ref-6512-10","status":"publish","type":"product","link":"https:\/\/districos.standingout.be\/fr\/product\/thuya-pure-pigments-classic-6-x-5-g-ref-6512-10\/","title":{"rendered":"Thuya Pure Pigments Classic 6 x 5 g"},"content":{"rendered":"<p >\n<p dir=ltr>Poudres pigment\u00e9es qui donnent encore plus de dimension \u00e0 vos ongles artificiels. Id\u00e9als pour appliquer facilement la technique de fond\/\u00e9ponge avec un r\u00e9sultat sublime. Elles sont \u00e9galement utilis\u00e9es pour cr\u00e9er un effet m\u00e9tallique\/sucre sur le nail art. Les poudres sont directement appliqu\u00e9es dans la couche collante de gel, d\u2019acrylique ou de gel polish, ou sont m\u00e9lang\u00e9es en proportion d\u20191 dose de pigments pour 5 doses de gel. <\/p>\n<p> Il y a 2 sets diff\u00e9rents : <\/p>\n<ul> <\/p>\n<li><b>Thuya Pure Pigments Classic (R\u00e9f. : 6512.10) :<\/b> jaune, violet, bleu, vert, rose et argent<\/li>\n<p> <\/p>\n<li><b>Thuya Pure Pigments Neon (R\u00e9f. : 6512.11) : <\/b>mauve, vert, rose, fushia, p\u00eache et orange clair<\/li>\n<p> <\/ul>\n<p> Emballage : set de 6 couleurs de 5 g<\/p><\/p>\n","protected":false},"excerpt":{"rendered":"<p>Poudres pigment\u00e9es qui donnent encore plus de dimension \u00e0 vos ongles artificiels. Id\u00e9als pour appliquer facilement la technique de fond\/\u00e9ponge avec un r\u00e9sultat sublime. Elles sont \u00e9galement utilis\u00e9es pour cr\u00e9er un effet m\u00e9tallique\/sucre sur le nail art. Les poudres sont directement appliqu\u00e9es dans la couche collante de gel, d\u2019acrylique ou de gel polish, ou sont [&hellip;]<\/p>\n","protected":false},"featured_media":76139,"comment_status":"open","ping_status":"closed","template":"","meta":{"_acf_changed":false},"product_brand":[10584],"product_cat":[9896],"product_tag":[],"class_list":{"0":"post-136229","1":"product","2":"type-product","3":"status-publish","4":"has-post-thumbnail","6":"product_brand-thuya-fr","7":"product_cat-beaute-manucure-ongles-gel-gel-polish","9":"first","10":"instock","11":"taxable","12":"shipping-taxable","13":"product-type-simple"},"acf":[],"yoast_head":"<!-- This site is optimized with the Yoast SEO plugin v27.3 - https:\/\/yoast.com\/product\/yoast-seo-wordpress\/ -->\n<title>Thuya Pure Pigments Classic 6 x 5 g - Districos Webshop<\/title>\n<meta name=\"robots\" content=\"noindex, follow, max-snippet:-1, max-image-preview:large, max-video-preview:-1\" \/>\n<meta property=\"og:locale\" content=\"fr_FR\" \/>\n<meta property=\"og:type\" content=\"article\" \/>\n<meta property=\"og:title\" content=\"Thuya Pure Pigments Classic 6 x 5 g - Districos Webshop\" \/>\n<meta property=\"og:description\" content=\"Poudres pigment\u00e9es qui donnent encore plus de dimension \u00e0 vos ongles artificiels. Id\u00e9als pour appliquer facilement la technique de fond\/\u00e9ponge avec un r\u00e9sultat sublime. Elles sont \u00e9galement utilis\u00e9es pour cr\u00e9er un effet m\u00e9tallique\/sucre sur le nail art. Les poudres sont directement appliqu\u00e9es dans la couche collante de gel, d\u2019acrylique ou de gel polish, ou sont [&hellip;]\" \/>\n<meta property=\"og:url\" content=\"https:\/\/districos.standingout.be\/fr\/product\/thuya-pure-pigments-classic-6-x-5-g-ref-6512-10\/\" \/>\n<meta property=\"og:site_name\" content=\"Districos Webshop\" \/>\n<meta property=\"article:modified_time\" content=\"2026-04-28T05:46:16+00:00\" \/>\n<meta name=\"twitter:card\" content=\"summary_large_image\" \/>\n<meta name=\"twitter:label1\" content=\"Dur\u00e9e de lecture estim\u00e9e\" \/>\n\t<meta name=\"twitter:data1\" content=\"1 minute\" \/>\n<script type=\"application\/ld+json\" class=\"yoast-schema-graph\">{\"@context\":\"https:\\\/\\\/schema.org\",\"@graph\":[{\"@type\":\"WebPage\",\"@id\":\"https:\\\/\\\/districos.standingout.be\\\/fr\\\/product\\\/thuya-pure-pigments-classic-6-x-5-g-ref-6512-10\\\/\",\"url\":\"https:\\\/\\\/districos.standingout.be\\\/fr\\\/product\\\/thuya-pure-pigments-classic-6-x-5-g-ref-6512-10\\\/\",\"name\":\"Thuya Pure Pigments Classic 6 x 5 g - Districos Webshop\",\"isPartOf\":{\"@id\":\"https:\\\/\\\/districos.standingout.be\\\/fr\\\/#website\"},\"primaryImageOfPage\":{\"@id\":\"https:\\\/\\\/districos.standingout.be\\\/fr\\\/product\\\/thuya-pure-pigments-classic-6-x-5-g-ref-6512-10\\\/#primaryimage\"},\"image\":{\"@id\":\"https:\\\/\\\/districos.standingout.be\\\/fr\\\/product\\\/thuya-pure-pigments-classic-6-x-5-g-ref-6512-10\\\/#primaryimage\"},\"thumbnailUrl\":\"https:\\\/\\\/districos.standingout.be\\\/wp-content\\\/uploads\\\/2025\\\/07\\\/6512.10@LowRes_1_0.png\",\"datePublished\":\"2026-04-28T05:46:13+00:00\",\"dateModified\":\"2026-04-28T05:46:16+00:00\",\"breadcrumb\":{\"@id\":\"https:\\\/\\\/districos.standingout.be\\\/fr\\\/product\\\/thuya-pure-pigments-classic-6-x-5-g-ref-6512-10\\\/#breadcrumb\"},\"inLanguage\":\"fr-FR\",\"potentialAction\":[{\"@type\":\"ReadAction\",\"target\":[\"https:\\\/\\\/districos.standingout.be\\\/fr\\\/product\\\/thuya-pure-pigments-classic-6-x-5-g-ref-6512-10\\\/\"]}]},{\"@type\":\"ImageObject\",\"inLanguage\":\"fr-FR\",\"@id\":\"https:\\\/\\\/districos.standingout.be\\\/fr\\\/product\\\/thuya-pure-pigments-classic-6-x-5-g-ref-6512-10\\\/#primaryimage\",\"url\":\"https:\\\/\\\/districos.standingout.be\\\/wp-content\\\/uploads\\\/2025\\\/07\\\/6512.10@LowRes_1_0.png\",\"contentUrl\":\"https:\\\/\\\/districos.standingout.be\\\/wp-content\\\/uploads\\\/2025\\\/07\\\/6512.10@LowRes_1_0.png\",\"width\":600,\"height\":600},{\"@type\":\"BreadcrumbList\",\"@id\":\"https:\\\/\\\/districos.standingout.be\\\/fr\\\/product\\\/thuya-pure-pigments-classic-6-x-5-g-ref-6512-10\\\/#breadcrumb\",\"itemListElement\":[{\"@type\":\"ListItem\",\"position\":1,\"name\":\"Home\",\"item\":\"https:\\\/\\\/districos.standingout.be\\\/fr\\\/bienvenue-chez-districos\\\/\"},{\"@type\":\"ListItem\",\"position\":2,\"name\":\"Boutique\",\"item\":\"https:\\\/\\\/districos.standingout.be\\\/fr\\\/boutique\\\/\"},{\"@type\":\"ListItem\",\"position\":3,\"name\":\"Thuya Pure Pigments Classic 6 x 5 g\"}]},{\"@type\":\"WebSite\",\"@id\":\"https:\\\/\\\/districos.standingout.be\\\/fr\\\/#website\",\"url\":\"https:\\\/\\\/districos.standingout.be\\\/fr\\\/\",\"name\":\"Districos Webshop\",\"description\":\"\",\"publisher\":{\"@id\":\"https:\\\/\\\/districos.standingout.be\\\/fr\\\/#organization\"},\"potentialAction\":[{\"@type\":\"SearchAction\",\"target\":{\"@type\":\"EntryPoint\",\"urlTemplate\":\"https:\\\/\\\/districos.standingout.be\\\/fr\\\/?s={search_term_string}\"},\"query-input\":{\"@type\":\"PropertyValueSpecification\",\"valueRequired\":true,\"valueName\":\"search_term_string\"}}],\"inLanguage\":\"fr-FR\"},{\"@type\":\"Organization\",\"@id\":\"https:\\\/\\\/districos.standingout.be\\\/fr\\\/#organization\",\"name\":\"Districos Webshop\",\"url\":\"https:\\\/\\\/districos.standingout.be\\\/fr\\\/\",\"logo\":{\"@type\":\"ImageObject\",\"inLanguage\":\"fr-FR\",\"@id\":\"https:\\\/\\\/districos.standingout.be\\\/fr\\\/#\\\/schema\\\/logo\\\/image\\\/\",\"url\":\"https:\\\/\\\/districos.standingout.be\\\/wp-content\\\/uploads\\\/2022\\\/09\\\/Districos_Logo_Webshop.svg\",\"contentUrl\":\"https:\\\/\\\/districos.standingout.be\\\/wp-content\\\/uploads\\\/2022\\\/09\\\/Districos_Logo_Webshop.svg\",\"caption\":\"Districos Webshop\"},\"image\":{\"@id\":\"https:\\\/\\\/districos.standingout.be\\\/fr\\\/#\\\/schema\\\/logo\\\/image\\\/\"}}]}<\/script>\n<!-- \/ Yoast SEO plugin. -->","yoast_head_json":{"title":"Thuya Pure Pigments Classic 6 x 5 g - Districos Webshop","robots":{"index":"noindex","follow":"follow","max-snippet":"max-snippet:-1","max-image-preview":"max-image-preview:large","max-video-preview":"max-video-preview:-1"},"og_locale":"fr_FR","og_type":"article","og_title":"Thuya Pure Pigments Classic 6 x 5 g - Districos Webshop","og_description":"Poudres pigment\u00e9es qui donnent encore plus de dimension \u00e0 vos ongles artificiels. Id\u00e9als pour appliquer facilement la technique de fond\/\u00e9ponge avec un r\u00e9sultat sublime. Elles sont \u00e9galement utilis\u00e9es pour cr\u00e9er un effet m\u00e9tallique\/sucre sur le nail art. Les poudres sont directement appliqu\u00e9es dans la couche collante de gel, d\u2019acrylique ou de gel polish, ou sont [&hellip;]","og_url":"https:\/\/districos.standingout.be\/fr\/product\/thuya-pure-pigments-classic-6-x-5-g-ref-6512-10\/","og_site_name":"Districos Webshop","article_modified_time":"2026-04-28T05:46:16+00:00","twitter_card":"summary_large_image","twitter_misc":{"Dur\u00e9e de lecture estim\u00e9e":"1 minute"},"schema":{"@context":"https:\/\/schema.org","@graph":[{"@type":"WebPage","@id":"https:\/\/districos.standingout.be\/fr\/product\/thuya-pure-pigments-classic-6-x-5-g-ref-6512-10\/","url":"https:\/\/districos.standingout.be\/fr\/product\/thuya-pure-pigments-classic-6-x-5-g-ref-6512-10\/","name":"Thuya Pure Pigments Classic 6 x 5 g - Districos Webshop","isPartOf":{"@id":"https:\/\/districos.standingout.be\/fr\/#website"},"primaryImageOfPage":{"@id":"https:\/\/districos.standingout.be\/fr\/product\/thuya-pure-pigments-classic-6-x-5-g-ref-6512-10\/#primaryimage"},"image":{"@id":"https:\/\/districos.standingout.be\/fr\/product\/thuya-pure-pigments-classic-6-x-5-g-ref-6512-10\/#primaryimage"},"thumbnailUrl":"https:\/\/districos.standingout.be\/wp-content\/uploads\/2025\/07\/6512.10@LowRes_1_0.png","datePublished":"2026-04-28T05:46:13+00:00","dateModified":"2026-04-28T05:46:16+00:00","breadcrumb":{"@id":"https:\/\/districos.standingout.be\/fr\/product\/thuya-pure-pigments-classic-6-x-5-g-ref-6512-10\/#breadcrumb"},"inLanguage":"fr-FR","potentialAction":[{"@type":"ReadAction","target":["https:\/\/districos.standingout.be\/fr\/product\/thuya-pure-pigments-classic-6-x-5-g-ref-6512-10\/"]}]},{"@type":"ImageObject","inLanguage":"fr-FR","@id":"https:\/\/districos.standingout.be\/fr\/product\/thuya-pure-pigments-classic-6-x-5-g-ref-6512-10\/#primaryimage","url":"https:\/\/districos.standingout.be\/wp-content\/uploads\/2025\/07\/6512.10@LowRes_1_0.png","contentUrl":"https:\/\/districos.standingout.be\/wp-content\/uploads\/2025\/07\/6512.10@LowRes_1_0.png","width":600,"height":600},{"@type":"BreadcrumbList","@id":"https:\/\/districos.standingout.be\/fr\/product\/thuya-pure-pigments-classic-6-x-5-g-ref-6512-10\/#breadcrumb","itemListElement":[{"@type":"ListItem","position":1,"name":"Home","item":"https:\/\/districos.standingout.be\/fr\/bienvenue-chez-districos\/"},{"@type":"ListItem","position":2,"name":"Boutique","item":"https:\/\/districos.standingout.be\/fr\/boutique\/"},{"@type":"ListItem","position":3,"name":"Thuya Pure Pigments Classic 6 x 5 g"}]},{"@type":"WebSite","@id":"https:\/\/districos.standingout.be\/fr\/#website","url":"https:\/\/districos.standingout.be\/fr\/","name":"Districos Webshop","description":"","publisher":{"@id":"https:\/\/districos.standingout.be\/fr\/#organization"},"potentialAction":[{"@type":"SearchAction","target":{"@type":"EntryPoint","urlTemplate":"https:\/\/districos.standingout.be\/fr\/?s={search_term_string}"},"query-input":{"@type":"PropertyValueSpecification","valueRequired":true,"valueName":"search_term_string"}}],"inLanguage":"fr-FR"},{"@type":"Organization","@id":"https:\/\/districos.standingout.be\/fr\/#organization","name":"Districos Webshop","url":"https:\/\/districos.standingout.be\/fr\/","logo":{"@type":"ImageObject","inLanguage":"fr-FR","@id":"https:\/\/districos.standingout.be\/fr\/#\/schema\/logo\/image\/","url":"https:\/\/districos.standingout.be\/wp-content\/uploads\/2022\/09\/Districos_Logo_Webshop.svg","contentUrl":"https:\/\/districos.standingout.be\/wp-content\/uploads\/2022\/09\/Districos_Logo_Webshop.svg","caption":"Districos Webshop"},"image":{"@id":"https:\/\/districos.standingout.be\/fr\/#\/schema\/logo\/image\/"}}]}},"_links":{"self":[{"href":"https:\/\/districos.standingout.be\/fr\/wp-json\/wp\/v2\/product\/136229","targetHints":{"allow":["GET"]}}],"collection":[{"href":"https:\/\/districos.standingout.be\/fr\/wp-json\/wp\/v2\/product"}],"about":[{"href":"https:\/\/districos.standingout.be\/fr\/wp-json\/wp\/v2\/types\/product"}],"replies":[{"embeddable":true,"href":"https:\/\/districos.standingout.be\/fr\/wp-json\/wp\/v2\/comments?post=136229"}],"wp:featuredmedia":[{"embeddable":true,"href":"https:\/\/districos.standingout.be\/fr\/wp-json\/wp\/v2\/media\/76139"}],"wp:attachment":[{"href":"https:\/\/districos.standingout.be\/fr\/wp-json\/wp\/v2\/media?parent=136229"}],"wp:term":[{"taxonomy":"product_brand","embeddable":true,"href":"https:\/\/districos.standingout.be\/fr\/wp-json\/wp\/v2\/product_brand?post=136229"},{"taxonomy":"product_cat","embeddable":true,"href":"https:\/\/districos.standingout.be\/fr\/wp-json\/wp\/v2\/product_cat?post=136229"},{"taxonomy":"product_tag","embeddable":true,"href":"https:\/\/districos.standingout.be\/fr\/wp-json\/wp\/v2\/product_tag?post=136229"}],"curies":[{"name":"wp","href":"https:\/\/api.w.org\/{rel}","templated":true}]}}