{"id":136263,"date":"2026-04-28T08:25:36","date_gmt":"2026-04-28T06:25:36","guid":{"rendered":"https:\/\/webshopdistricoscom.webhosting.be\/product\/water-decals-mix-spring-valentin-8-feuilles-ref-6513-32\/"},"modified":"2026-04-28T08:25:38","modified_gmt":"2026-04-28T06:25:38","slug":"water-decals-mix-spring-valentin-8-feuilles-ref-6513-32","status":"publish","type":"product","link":"https:\/\/districos.standingout.be\/fr\/product\/water-decals-mix-spring-valentin-8-feuilles-ref-6513-32\/","title":{"rendered":"Water Decals Mix Spring\/Valentin 8 feuilles"},"content":{"rendered":"<p >\n<p dir=\"ltr\">Water Decals pour le nail art.<\/p>\n<p dir=\"ltr\">\n<ul>\n<li>Emballage : 8 feuilles.<\/li>\n<\/ul>\n<div><b>Mode d&#8217;emploi<\/b><\/div>\n<\/p>\n<p dir=\"ltr\">\n<ul>\n<li>Commencez sur la 2\u00e8me couche polym\u00e9ris\u00e9e de Cobra Soak-Off Stay\/Rubber Base, Gelish Structure Gel (Cover Pink) ou une autre couleur de gel polish au choix.<\/li>\n<li><span>Prenez une feuille de Water Decals et coupez le dessin d\u00e9sir\u00e9. Enlevez le plastique transparent. Remplissez un petit pot d&rsquo;eau et trempez-y le Decal durant 10 secondes. Retirez le Decal de l\u2019eau, retirez le dessin du papier et prenez-le avec une pince fine. Placez le Decal sur l\u2019ongle et pressez bien.<\/span><\/li>\n<li>Posez une fine couche de Cobra Soak-Off Shine No Wipe ou Gelish Top It Off sur l&rsquo;ongle complet en ne pas oubliant le bord libre. Polym\u00e9risez selon les instructions et nettoyez.<\/li>\n<\/ul>\n","protected":false},"excerpt":{"rendered":"<p>Water Decals pour le nail art. Emballage : 8 feuilles. Mode d&#8217;emploi Commencez sur la 2\u00e8me couche polym\u00e9ris\u00e9e de Cobra Soak-Off Stay\/Rubber Base, Gelish Structure Gel (Cover Pink) ou une autre couleur de gel polish au choix. Prenez une feuille de Water Decals et coupez le dessin d\u00e9sir\u00e9. Enlevez le plastique transparent. Remplissez un petit [&hellip;]<\/p>\n","protected":false},"featured_media":76196,"comment_status":"open","ping_status":"closed","template":"","meta":{"_acf_changed":false},"product_brand":[10380],"product_cat":[9896],"product_tag":[],"class_list":{"0":"post-136263","1":"product","2":"type-product","3":"status-publish","4":"has-post-thumbnail","6":"product_brand-districos-fr","7":"product_cat-beaute-manucure-ongles-gel-gel-polish","9":"first","10":"outofstock","11":"taxable","12":"shipping-taxable","13":"product-type-simple"},"acf":[],"yoast_head":"<!-- This site is optimized with the Yoast SEO plugin v27.3 - https:\/\/yoast.com\/product\/yoast-seo-wordpress\/ -->\n<title>Water Decals Mix Spring\/Valentin 8 feuilles - Districos Webshop<\/title>\n<meta name=\"robots\" content=\"noindex, follow, max-snippet:-1, max-image-preview:large, max-video-preview:-1\" \/>\n<meta property=\"og:locale\" content=\"fr_FR\" \/>\n<meta property=\"og:type\" content=\"article\" \/>\n<meta property=\"og:title\" content=\"Water Decals Mix Spring\/Valentin 8 feuilles - Districos Webshop\" \/>\n<meta property=\"og:description\" content=\"Water Decals pour le nail art. Emballage : 8 feuilles. Mode d&#8217;emploi Commencez sur la 2\u00e8me couche polym\u00e9ris\u00e9e de Cobra Soak-Off Stay\/Rubber Base, Gelish Structure Gel (Cover Pink) ou une autre couleur de gel polish au choix. Prenez une feuille de Water Decals et coupez le dessin d\u00e9sir\u00e9. Enlevez le plastique transparent. Remplissez un petit [&hellip;]\" \/>\n<meta property=\"og:url\" content=\"https:\/\/districos.standingout.be\/fr\/product\/water-decals-mix-spring-valentin-8-feuilles-ref-6513-32\/\" \/>\n<meta property=\"og:site_name\" content=\"Districos Webshop\" \/>\n<meta property=\"article:modified_time\" content=\"2026-04-28T06:25:38+00:00\" \/>\n<meta name=\"twitter:card\" content=\"summary_large_image\" \/>\n<meta name=\"twitter:label1\" content=\"Dur\u00e9e de lecture estim\u00e9e\" \/>\n\t<meta name=\"twitter:data1\" content=\"1 minute\" \/>\n<script type=\"application\/ld+json\" class=\"yoast-schema-graph\">{\"@context\":\"https:\\\/\\\/schema.org\",\"@graph\":[{\"@type\":\"WebPage\",\"@id\":\"https:\\\/\\\/districos.standingout.be\\\/fr\\\/product\\\/water-decals-mix-spring-valentin-8-feuilles-ref-6513-32\\\/\",\"url\":\"https:\\\/\\\/districos.standingout.be\\\/fr\\\/product\\\/water-decals-mix-spring-valentin-8-feuilles-ref-6513-32\\\/\",\"name\":\"Water Decals Mix Spring\\\/Valentin 8 feuilles - Districos Webshop\",\"isPartOf\":{\"@id\":\"https:\\\/\\\/districos.standingout.be\\\/fr\\\/#website\"},\"primaryImageOfPage\":{\"@id\":\"https:\\\/\\\/districos.standingout.be\\\/fr\\\/product\\\/water-decals-mix-spring-valentin-8-feuilles-ref-6513-32\\\/#primaryimage\"},\"image\":{\"@id\":\"https:\\\/\\\/districos.standingout.be\\\/fr\\\/product\\\/water-decals-mix-spring-valentin-8-feuilles-ref-6513-32\\\/#primaryimage\"},\"thumbnailUrl\":\"https:\\\/\\\/districos.standingout.be\\\/wp-content\\\/uploads\\\/2025\\\/07\\\/6513.32@LowRes_1_0.png\",\"datePublished\":\"2026-04-28T06:25:36+00:00\",\"dateModified\":\"2026-04-28T06:25:38+00:00\",\"breadcrumb\":{\"@id\":\"https:\\\/\\\/districos.standingout.be\\\/fr\\\/product\\\/water-decals-mix-spring-valentin-8-feuilles-ref-6513-32\\\/#breadcrumb\"},\"inLanguage\":\"fr-FR\",\"potentialAction\":[{\"@type\":\"ReadAction\",\"target\":[\"https:\\\/\\\/districos.standingout.be\\\/fr\\\/product\\\/water-decals-mix-spring-valentin-8-feuilles-ref-6513-32\\\/\"]}]},{\"@type\":\"ImageObject\",\"inLanguage\":\"fr-FR\",\"@id\":\"https:\\\/\\\/districos.standingout.be\\\/fr\\\/product\\\/water-decals-mix-spring-valentin-8-feuilles-ref-6513-32\\\/#primaryimage\",\"url\":\"https:\\\/\\\/districos.standingout.be\\\/wp-content\\\/uploads\\\/2025\\\/07\\\/6513.32@LowRes_1_0.png\",\"contentUrl\":\"https:\\\/\\\/districos.standingout.be\\\/wp-content\\\/uploads\\\/2025\\\/07\\\/6513.32@LowRes_1_0.png\",\"width\":600,\"height\":600},{\"@type\":\"BreadcrumbList\",\"@id\":\"https:\\\/\\\/districos.standingout.be\\\/fr\\\/product\\\/water-decals-mix-spring-valentin-8-feuilles-ref-6513-32\\\/#breadcrumb\",\"itemListElement\":[{\"@type\":\"ListItem\",\"position\":1,\"name\":\"Home\",\"item\":\"https:\\\/\\\/districos.standingout.be\\\/fr\\\/bienvenue-chez-districos\\\/\"},{\"@type\":\"ListItem\",\"position\":2,\"name\":\"Boutique\",\"item\":\"https:\\\/\\\/districos.standingout.be\\\/fr\\\/boutique\\\/\"},{\"@type\":\"ListItem\",\"position\":3,\"name\":\"Water Decals Mix Spring\\\/Valentin 8 feuilles\"}]},{\"@type\":\"WebSite\",\"@id\":\"https:\\\/\\\/districos.standingout.be\\\/fr\\\/#website\",\"url\":\"https:\\\/\\\/districos.standingout.be\\\/fr\\\/\",\"name\":\"Districos Webshop\",\"description\":\"\",\"publisher\":{\"@id\":\"https:\\\/\\\/districos.standingout.be\\\/fr\\\/#organization\"},\"potentialAction\":[{\"@type\":\"SearchAction\",\"target\":{\"@type\":\"EntryPoint\",\"urlTemplate\":\"https:\\\/\\\/districos.standingout.be\\\/fr\\\/?s={search_term_string}\"},\"query-input\":{\"@type\":\"PropertyValueSpecification\",\"valueRequired\":true,\"valueName\":\"search_term_string\"}}],\"inLanguage\":\"fr-FR\"},{\"@type\":\"Organization\",\"@id\":\"https:\\\/\\\/districos.standingout.be\\\/fr\\\/#organization\",\"name\":\"Districos Webshop\",\"url\":\"https:\\\/\\\/districos.standingout.be\\\/fr\\\/\",\"logo\":{\"@type\":\"ImageObject\",\"inLanguage\":\"fr-FR\",\"@id\":\"https:\\\/\\\/districos.standingout.be\\\/fr\\\/#\\\/schema\\\/logo\\\/image\\\/\",\"url\":\"https:\\\/\\\/districos.standingout.be\\\/wp-content\\\/uploads\\\/2022\\\/09\\\/Districos_Logo_Webshop.svg\",\"contentUrl\":\"https:\\\/\\\/districos.standingout.be\\\/wp-content\\\/uploads\\\/2022\\\/09\\\/Districos_Logo_Webshop.svg\",\"caption\":\"Districos Webshop\"},\"image\":{\"@id\":\"https:\\\/\\\/districos.standingout.be\\\/fr\\\/#\\\/schema\\\/logo\\\/image\\\/\"}}]}<\/script>\n<!-- \/ Yoast SEO plugin. -->","yoast_head_json":{"title":"Water Decals Mix Spring\/Valentin 8 feuilles - Districos Webshop","robots":{"index":"noindex","follow":"follow","max-snippet":"max-snippet:-1","max-image-preview":"max-image-preview:large","max-video-preview":"max-video-preview:-1"},"og_locale":"fr_FR","og_type":"article","og_title":"Water Decals Mix Spring\/Valentin 8 feuilles - Districos Webshop","og_description":"Water Decals pour le nail art. Emballage : 8 feuilles. Mode d&#8217;emploi Commencez sur la 2\u00e8me couche polym\u00e9ris\u00e9e de Cobra Soak-Off Stay\/Rubber Base, Gelish Structure Gel (Cover Pink) ou une autre couleur de gel polish au choix. Prenez une feuille de Water Decals et coupez le dessin d\u00e9sir\u00e9. Enlevez le plastique transparent. Remplissez un petit [&hellip;]","og_url":"https:\/\/districos.standingout.be\/fr\/product\/water-decals-mix-spring-valentin-8-feuilles-ref-6513-32\/","og_site_name":"Districos Webshop","article_modified_time":"2026-04-28T06:25:38+00:00","twitter_card":"summary_large_image","twitter_misc":{"Dur\u00e9e de lecture estim\u00e9e":"1 minute"},"schema":{"@context":"https:\/\/schema.org","@graph":[{"@type":"WebPage","@id":"https:\/\/districos.standingout.be\/fr\/product\/water-decals-mix-spring-valentin-8-feuilles-ref-6513-32\/","url":"https:\/\/districos.standingout.be\/fr\/product\/water-decals-mix-spring-valentin-8-feuilles-ref-6513-32\/","name":"Water Decals Mix Spring\/Valentin 8 feuilles - Districos Webshop","isPartOf":{"@id":"https:\/\/districos.standingout.be\/fr\/#website"},"primaryImageOfPage":{"@id":"https:\/\/districos.standingout.be\/fr\/product\/water-decals-mix-spring-valentin-8-feuilles-ref-6513-32\/#primaryimage"},"image":{"@id":"https:\/\/districos.standingout.be\/fr\/product\/water-decals-mix-spring-valentin-8-feuilles-ref-6513-32\/#primaryimage"},"thumbnailUrl":"https:\/\/districos.standingout.be\/wp-content\/uploads\/2025\/07\/6513.32@LowRes_1_0.png","datePublished":"2026-04-28T06:25:36+00:00","dateModified":"2026-04-28T06:25:38+00:00","breadcrumb":{"@id":"https:\/\/districos.standingout.be\/fr\/product\/water-decals-mix-spring-valentin-8-feuilles-ref-6513-32\/#breadcrumb"},"inLanguage":"fr-FR","potentialAction":[{"@type":"ReadAction","target":["https:\/\/districos.standingout.be\/fr\/product\/water-decals-mix-spring-valentin-8-feuilles-ref-6513-32\/"]}]},{"@type":"ImageObject","inLanguage":"fr-FR","@id":"https:\/\/districos.standingout.be\/fr\/product\/water-decals-mix-spring-valentin-8-feuilles-ref-6513-32\/#primaryimage","url":"https:\/\/districos.standingout.be\/wp-content\/uploads\/2025\/07\/6513.32@LowRes_1_0.png","contentUrl":"https:\/\/districos.standingout.be\/wp-content\/uploads\/2025\/07\/6513.32@LowRes_1_0.png","width":600,"height":600},{"@type":"BreadcrumbList","@id":"https:\/\/districos.standingout.be\/fr\/product\/water-decals-mix-spring-valentin-8-feuilles-ref-6513-32\/#breadcrumb","itemListElement":[{"@type":"ListItem","position":1,"name":"Home","item":"https:\/\/districos.standingout.be\/fr\/bienvenue-chez-districos\/"},{"@type":"ListItem","position":2,"name":"Boutique","item":"https:\/\/districos.standingout.be\/fr\/boutique\/"},{"@type":"ListItem","position":3,"name":"Water Decals Mix Spring\/Valentin 8 feuilles"}]},{"@type":"WebSite","@id":"https:\/\/districos.standingout.be\/fr\/#website","url":"https:\/\/districos.standingout.be\/fr\/","name":"Districos Webshop","description":"","publisher":{"@id":"https:\/\/districos.standingout.be\/fr\/#organization"},"potentialAction":[{"@type":"SearchAction","target":{"@type":"EntryPoint","urlTemplate":"https:\/\/districos.standingout.be\/fr\/?s={search_term_string}"},"query-input":{"@type":"PropertyValueSpecification","valueRequired":true,"valueName":"search_term_string"}}],"inLanguage":"fr-FR"},{"@type":"Organization","@id":"https:\/\/districos.standingout.be\/fr\/#organization","name":"Districos Webshop","url":"https:\/\/districos.standingout.be\/fr\/","logo":{"@type":"ImageObject","inLanguage":"fr-FR","@id":"https:\/\/districos.standingout.be\/fr\/#\/schema\/logo\/image\/","url":"https:\/\/districos.standingout.be\/wp-content\/uploads\/2022\/09\/Districos_Logo_Webshop.svg","contentUrl":"https:\/\/districos.standingout.be\/wp-content\/uploads\/2022\/09\/Districos_Logo_Webshop.svg","caption":"Districos Webshop"},"image":{"@id":"https:\/\/districos.standingout.be\/fr\/#\/schema\/logo\/image\/"}}]}},"_links":{"self":[{"href":"https:\/\/districos.standingout.be\/fr\/wp-json\/wp\/v2\/product\/136263","targetHints":{"allow":["GET"]}}],"collection":[{"href":"https:\/\/districos.standingout.be\/fr\/wp-json\/wp\/v2\/product"}],"about":[{"href":"https:\/\/districos.standingout.be\/fr\/wp-json\/wp\/v2\/types\/product"}],"replies":[{"embeddable":true,"href":"https:\/\/districos.standingout.be\/fr\/wp-json\/wp\/v2\/comments?post=136263"}],"wp:featuredmedia":[{"embeddable":true,"href":"https:\/\/districos.standingout.be\/fr\/wp-json\/wp\/v2\/media\/76196"}],"wp:attachment":[{"href":"https:\/\/districos.standingout.be\/fr\/wp-json\/wp\/v2\/media?parent=136263"}],"wp:term":[{"taxonomy":"product_brand","embeddable":true,"href":"https:\/\/districos.standingout.be\/fr\/wp-json\/wp\/v2\/product_brand?post=136263"},{"taxonomy":"product_cat","embeddable":true,"href":"https:\/\/districos.standingout.be\/fr\/wp-json\/wp\/v2\/product_cat?post=136263"},{"taxonomy":"product_tag","embeddable":true,"href":"https:\/\/districos.standingout.be\/fr\/wp-json\/wp\/v2\/product_tag?post=136263"}],"curies":[{"name":"wp","href":"https:\/\/api.w.org\/{rel}","templated":true}]}}