{"id":136267,"date":"2026-04-28T08:25:42","date_gmt":"2026-04-28T06:25:42","guid":{"rendered":"https:\/\/webshopdistricoscom.webhosting.be\/product\/striping-tape-classique-argent-ref-6514-02\/"},"modified":"2026-04-28T08:25:44","modified_gmt":"2026-04-28T06:25:44","slug":"striping-tape-classique-argent-ref-6514-02","status":"publish","type":"product","link":"https:\/\/districos.standingout.be\/fr\/product\/striping-tape-classique-argent-ref-6514-02\/","title":{"rendered":"Striping Tape Classique Argent"},"content":{"rendered":"<p >\n<p dir=ltr><b>Emploi : <\/b>Finissez compl\u00e8tement l\u2019ongle jusqu\u2019au cleansing. Rematifiez l\u2019ongle avec un buffer. Coupez le striping tape \u00e0 la longueur d\u00e9sir\u00e9e et positionnez-le sur l\u2019ongle. \u00c9galisez le tape si n\u00e9cessaire, terminez par une couche de top coat et enlevez la couche collante avec un cleanser.<\/p>\n<p> <b>Conseil ! <\/b>Appliquez une premi\u00e8re couche de couleur, positionnez le striping tape, appliquez ensuite une autre couche de couleur et enlevez le tape apr\u00e8s avoir durci la couche afin que la premi\u00e8re couleur soit visible.<\/p>\n<p> <b>Dimensions striping tape (L x l) : <\/b>2 m x 1 mm. <\/p>\n<p> Emballage : 1 pi\u00e8ce<\/p><\/p>\n","protected":false},"excerpt":{"rendered":"<p>Emploi : Finissez compl\u00e8tement l\u2019ongle jusqu\u2019au cleansing. Rematifiez l\u2019ongle avec un buffer. Coupez le striping tape \u00e0 la longueur d\u00e9sir\u00e9e et positionnez-le sur l\u2019ongle. \u00c9galisez le tape si n\u00e9cessaire, terminez par une couche de top coat et enlevez la couche collante avec un cleanser. Conseil ! Appliquez une premi\u00e8re couche de couleur, positionnez le striping [&hellip;]<\/p>\n","protected":false},"featured_media":109796,"comment_status":"open","ping_status":"closed","template":"","meta":{"_acf_changed":false},"product_brand":[10380],"product_cat":[9896],"product_tag":[],"class_list":{"0":"post-136267","1":"product","2":"type-product","3":"status-publish","4":"has-post-thumbnail","6":"product_brand-districos-fr","7":"product_cat-beaute-manucure-ongles-gel-gel-polish","9":"first","10":"outofstock","11":"taxable","12":"shipping-taxable","13":"product-type-simple"},"acf":[],"yoast_head":"<!-- This site is optimized with the Yoast SEO plugin v27.3 - https:\/\/yoast.com\/product\/yoast-seo-wordpress\/ -->\n<title>Striping Tape Classique Argent - Districos Webshop<\/title>\n<meta name=\"robots\" content=\"noindex, follow, max-snippet:-1, max-image-preview:large, max-video-preview:-1\" \/>\n<meta property=\"og:locale\" content=\"fr_FR\" \/>\n<meta property=\"og:type\" content=\"article\" \/>\n<meta property=\"og:title\" content=\"Striping Tape Classique Argent - Districos Webshop\" \/>\n<meta property=\"og:description\" content=\"Emploi : Finissez compl\u00e8tement l\u2019ongle jusqu\u2019au cleansing. Rematifiez l\u2019ongle avec un buffer. Coupez le striping tape \u00e0 la longueur d\u00e9sir\u00e9e et positionnez-le sur l\u2019ongle. \u00c9galisez le tape si n\u00e9cessaire, terminez par une couche de top coat et enlevez la couche collante avec un cleanser. Conseil ! Appliquez une premi\u00e8re couche de couleur, positionnez le striping [&hellip;]\" \/>\n<meta property=\"og:url\" content=\"https:\/\/districos.standingout.be\/fr\/product\/striping-tape-classique-argent-ref-6514-02\/\" \/>\n<meta property=\"og:site_name\" content=\"Districos Webshop\" \/>\n<meta property=\"article:modified_time\" content=\"2026-04-28T06:25:44+00:00\" \/>\n<meta name=\"twitter:card\" content=\"summary_large_image\" \/>\n<script type=\"application\/ld+json\" class=\"yoast-schema-graph\">{\"@context\":\"https:\\\/\\\/schema.org\",\"@graph\":[{\"@type\":\"WebPage\",\"@id\":\"https:\\\/\\\/districos.standingout.be\\\/fr\\\/product\\\/striping-tape-classique-argent-ref-6514-02\\\/\",\"url\":\"https:\\\/\\\/districos.standingout.be\\\/fr\\\/product\\\/striping-tape-classique-argent-ref-6514-02\\\/\",\"name\":\"Striping Tape Classique Argent - Districos Webshop\",\"isPartOf\":{\"@id\":\"https:\\\/\\\/districos.standingout.be\\\/fr\\\/#website\"},\"primaryImageOfPage\":{\"@id\":\"https:\\\/\\\/districos.standingout.be\\\/fr\\\/product\\\/striping-tape-classique-argent-ref-6514-02\\\/#primaryimage\"},\"image\":{\"@id\":\"https:\\\/\\\/districos.standingout.be\\\/fr\\\/product\\\/striping-tape-classique-argent-ref-6514-02\\\/#primaryimage\"},\"thumbnailUrl\":\"https:\\\/\\\/districos.standingout.be\\\/wp-content\\\/uploads\\\/2026\\\/03\\\/6514.02@LowRes_1_0.png\",\"datePublished\":\"2026-04-28T06:25:42+00:00\",\"dateModified\":\"2026-04-28T06:25:44+00:00\",\"breadcrumb\":{\"@id\":\"https:\\\/\\\/districos.standingout.be\\\/fr\\\/product\\\/striping-tape-classique-argent-ref-6514-02\\\/#breadcrumb\"},\"inLanguage\":\"fr-FR\",\"potentialAction\":[{\"@type\":\"ReadAction\",\"target\":[\"https:\\\/\\\/districos.standingout.be\\\/fr\\\/product\\\/striping-tape-classique-argent-ref-6514-02\\\/\"]}]},{\"@type\":\"ImageObject\",\"inLanguage\":\"fr-FR\",\"@id\":\"https:\\\/\\\/districos.standingout.be\\\/fr\\\/product\\\/striping-tape-classique-argent-ref-6514-02\\\/#primaryimage\",\"url\":\"https:\\\/\\\/districos.standingout.be\\\/wp-content\\\/uploads\\\/2026\\\/03\\\/6514.02@LowRes_1_0.png\",\"contentUrl\":\"https:\\\/\\\/districos.standingout.be\\\/wp-content\\\/uploads\\\/2026\\\/03\\\/6514.02@LowRes_1_0.png\",\"width\":600,\"height\":600},{\"@type\":\"BreadcrumbList\",\"@id\":\"https:\\\/\\\/districos.standingout.be\\\/fr\\\/product\\\/striping-tape-classique-argent-ref-6514-02\\\/#breadcrumb\",\"itemListElement\":[{\"@type\":\"ListItem\",\"position\":1,\"name\":\"Home\",\"item\":\"https:\\\/\\\/districos.standingout.be\\\/fr\\\/bienvenue-chez-districos\\\/\"},{\"@type\":\"ListItem\",\"position\":2,\"name\":\"Boutique\",\"item\":\"https:\\\/\\\/districos.standingout.be\\\/fr\\\/boutique\\\/\"},{\"@type\":\"ListItem\",\"position\":3,\"name\":\"Striping Tape Classique Argent\"}]},{\"@type\":\"WebSite\",\"@id\":\"https:\\\/\\\/districos.standingout.be\\\/fr\\\/#website\",\"url\":\"https:\\\/\\\/districos.standingout.be\\\/fr\\\/\",\"name\":\"Districos Webshop\",\"description\":\"\",\"publisher\":{\"@id\":\"https:\\\/\\\/districos.standingout.be\\\/fr\\\/#organization\"},\"potentialAction\":[{\"@type\":\"SearchAction\",\"target\":{\"@type\":\"EntryPoint\",\"urlTemplate\":\"https:\\\/\\\/districos.standingout.be\\\/fr\\\/?s={search_term_string}\"},\"query-input\":{\"@type\":\"PropertyValueSpecification\",\"valueRequired\":true,\"valueName\":\"search_term_string\"}}],\"inLanguage\":\"fr-FR\"},{\"@type\":\"Organization\",\"@id\":\"https:\\\/\\\/districos.standingout.be\\\/fr\\\/#organization\",\"name\":\"Districos Webshop\",\"url\":\"https:\\\/\\\/districos.standingout.be\\\/fr\\\/\",\"logo\":{\"@type\":\"ImageObject\",\"inLanguage\":\"fr-FR\",\"@id\":\"https:\\\/\\\/districos.standingout.be\\\/fr\\\/#\\\/schema\\\/logo\\\/image\\\/\",\"url\":\"https:\\\/\\\/districos.standingout.be\\\/wp-content\\\/uploads\\\/2022\\\/09\\\/Districos_Logo_Webshop.svg\",\"contentUrl\":\"https:\\\/\\\/districos.standingout.be\\\/wp-content\\\/uploads\\\/2022\\\/09\\\/Districos_Logo_Webshop.svg\",\"caption\":\"Districos Webshop\"},\"image\":{\"@id\":\"https:\\\/\\\/districos.standingout.be\\\/fr\\\/#\\\/schema\\\/logo\\\/image\\\/\"}}]}<\/script>\n<!-- \/ Yoast SEO plugin. -->","yoast_head_json":{"title":"Striping Tape Classique Argent - Districos Webshop","robots":{"index":"noindex","follow":"follow","max-snippet":"max-snippet:-1","max-image-preview":"max-image-preview:large","max-video-preview":"max-video-preview:-1"},"og_locale":"fr_FR","og_type":"article","og_title":"Striping Tape Classique Argent - Districos Webshop","og_description":"Emploi : Finissez compl\u00e8tement l\u2019ongle jusqu\u2019au cleansing. Rematifiez l\u2019ongle avec un buffer. Coupez le striping tape \u00e0 la longueur d\u00e9sir\u00e9e et positionnez-le sur l\u2019ongle. \u00c9galisez le tape si n\u00e9cessaire, terminez par une couche de top coat et enlevez la couche collante avec un cleanser. Conseil ! Appliquez une premi\u00e8re couche de couleur, positionnez le striping [&hellip;]","og_url":"https:\/\/districos.standingout.be\/fr\/product\/striping-tape-classique-argent-ref-6514-02\/","og_site_name":"Districos Webshop","article_modified_time":"2026-04-28T06:25:44+00:00","twitter_card":"summary_large_image","schema":{"@context":"https:\/\/schema.org","@graph":[{"@type":"WebPage","@id":"https:\/\/districos.standingout.be\/fr\/product\/striping-tape-classique-argent-ref-6514-02\/","url":"https:\/\/districos.standingout.be\/fr\/product\/striping-tape-classique-argent-ref-6514-02\/","name":"Striping Tape Classique Argent - Districos Webshop","isPartOf":{"@id":"https:\/\/districos.standingout.be\/fr\/#website"},"primaryImageOfPage":{"@id":"https:\/\/districos.standingout.be\/fr\/product\/striping-tape-classique-argent-ref-6514-02\/#primaryimage"},"image":{"@id":"https:\/\/districos.standingout.be\/fr\/product\/striping-tape-classique-argent-ref-6514-02\/#primaryimage"},"thumbnailUrl":"https:\/\/districos.standingout.be\/wp-content\/uploads\/2026\/03\/6514.02@LowRes_1_0.png","datePublished":"2026-04-28T06:25:42+00:00","dateModified":"2026-04-28T06:25:44+00:00","breadcrumb":{"@id":"https:\/\/districos.standingout.be\/fr\/product\/striping-tape-classique-argent-ref-6514-02\/#breadcrumb"},"inLanguage":"fr-FR","potentialAction":[{"@type":"ReadAction","target":["https:\/\/districos.standingout.be\/fr\/product\/striping-tape-classique-argent-ref-6514-02\/"]}]},{"@type":"ImageObject","inLanguage":"fr-FR","@id":"https:\/\/districos.standingout.be\/fr\/product\/striping-tape-classique-argent-ref-6514-02\/#primaryimage","url":"https:\/\/districos.standingout.be\/wp-content\/uploads\/2026\/03\/6514.02@LowRes_1_0.png","contentUrl":"https:\/\/districos.standingout.be\/wp-content\/uploads\/2026\/03\/6514.02@LowRes_1_0.png","width":600,"height":600},{"@type":"BreadcrumbList","@id":"https:\/\/districos.standingout.be\/fr\/product\/striping-tape-classique-argent-ref-6514-02\/#breadcrumb","itemListElement":[{"@type":"ListItem","position":1,"name":"Home","item":"https:\/\/districos.standingout.be\/fr\/bienvenue-chez-districos\/"},{"@type":"ListItem","position":2,"name":"Boutique","item":"https:\/\/districos.standingout.be\/fr\/boutique\/"},{"@type":"ListItem","position":3,"name":"Striping Tape Classique Argent"}]},{"@type":"WebSite","@id":"https:\/\/districos.standingout.be\/fr\/#website","url":"https:\/\/districos.standingout.be\/fr\/","name":"Districos Webshop","description":"","publisher":{"@id":"https:\/\/districos.standingout.be\/fr\/#organization"},"potentialAction":[{"@type":"SearchAction","target":{"@type":"EntryPoint","urlTemplate":"https:\/\/districos.standingout.be\/fr\/?s={search_term_string}"},"query-input":{"@type":"PropertyValueSpecification","valueRequired":true,"valueName":"search_term_string"}}],"inLanguage":"fr-FR"},{"@type":"Organization","@id":"https:\/\/districos.standingout.be\/fr\/#organization","name":"Districos Webshop","url":"https:\/\/districos.standingout.be\/fr\/","logo":{"@type":"ImageObject","inLanguage":"fr-FR","@id":"https:\/\/districos.standingout.be\/fr\/#\/schema\/logo\/image\/","url":"https:\/\/districos.standingout.be\/wp-content\/uploads\/2022\/09\/Districos_Logo_Webshop.svg","contentUrl":"https:\/\/districos.standingout.be\/wp-content\/uploads\/2022\/09\/Districos_Logo_Webshop.svg","caption":"Districos Webshop"},"image":{"@id":"https:\/\/districos.standingout.be\/fr\/#\/schema\/logo\/image\/"}}]}},"_links":{"self":[{"href":"https:\/\/districos.standingout.be\/fr\/wp-json\/wp\/v2\/product\/136267","targetHints":{"allow":["GET"]}}],"collection":[{"href":"https:\/\/districos.standingout.be\/fr\/wp-json\/wp\/v2\/product"}],"about":[{"href":"https:\/\/districos.standingout.be\/fr\/wp-json\/wp\/v2\/types\/product"}],"replies":[{"embeddable":true,"href":"https:\/\/districos.standingout.be\/fr\/wp-json\/wp\/v2\/comments?post=136267"}],"wp:featuredmedia":[{"embeddable":true,"href":"https:\/\/districos.standingout.be\/fr\/wp-json\/wp\/v2\/media\/109796"}],"wp:attachment":[{"href":"https:\/\/districos.standingout.be\/fr\/wp-json\/wp\/v2\/media?parent=136267"}],"wp:term":[{"taxonomy":"product_brand","embeddable":true,"href":"https:\/\/districos.standingout.be\/fr\/wp-json\/wp\/v2\/product_brand?post=136267"},{"taxonomy":"product_cat","embeddable":true,"href":"https:\/\/districos.standingout.be\/fr\/wp-json\/wp\/v2\/product_cat?post=136267"},{"taxonomy":"product_tag","embeddable":true,"href":"https:\/\/districos.standingout.be\/fr\/wp-json\/wp\/v2\/product_tag?post=136267"}],"curies":[{"name":"wp","href":"https:\/\/api.w.org\/{rel}","templated":true}]}}