{"id":136303,"date":"2026-04-28T08:45:43","date_gmt":"2026-04-28T06:45:43","guid":{"rendered":"https:\/\/webshopdistricoscom.webhosting.be\/product\/cobra-etui-a-pinceaux-et-instruments-vide-ref-6520\/"},"modified":"2026-04-28T08:45:46","modified_gmt":"2026-04-28T06:45:46","slug":"cobra-etui-a-pinceaux-et-instruments-vide-ref-6520","status":"publish","type":"product","link":"https:\/\/districos.standingout.be\/fr\/product\/cobra-etui-a-pinceaux-et-instruments-vide-ref-6520\/","title":{"rendered":"Cobra \u00c9tui \u00e0 Pinceaux et Instruments Vide"},"content":{"rendered":"<p >\n<p dir=ltr>Travail simplifi\u00e9 et rangement facile avec l\u2019\u00e9tui \u00e0 pinceaux de Cobra<b>\u00ae<\/b> Nails !<\/p>\n<p> Bel \u00e9tui pratique \u00e0 pinceaux de Cobra<b><sup>\u00ae<\/sup><\/b> Nails pour y ranger facilement tous vos pinceaux et autres mat\u00e9riel de manucure. Gr\u00e2ce aux \u00e9lastiques de fixation, les pinceaux restent en place, m\u00eame pendant vos d\u00e9placements. Vous pouvez facilement fermer l\u2019\u00e9tui \u00e0 l\u2019aide de la bande velcro. Chez votre client(e), il est possible de le redresser simplement avec la ficelle de serrage. De cette fa\u00e7on, vous avez un aper\u00e7u clair de vos pinceaux et de vos autres instruments pour pouvoir travailler rapidement.<\/p>\n<p> <b>Dimensions \u00e9tui ferm\u00e9 : <\/b>31 x 16 x 2 cm <\/p>\n<p> Emballage : 1 pi\u00e8ce (vide)<br \/> Cobra<sup>\u00ae<\/sup> Nails \u00c9tui \u00e0 Pinceaux \u00e9galement disponible rempli (R\u00e9f. : 6520.52)<\/p><\/p>\n","protected":false},"excerpt":{"rendered":"<p>Travail simplifi\u00e9 et rangement facile avec l\u2019\u00e9tui \u00e0 pinceaux de Cobra\u00ae Nails ! Bel \u00e9tui pratique \u00e0 pinceaux de Cobra\u00ae Nails pour y ranger facilement tous vos pinceaux et autres mat\u00e9riel de manucure. Gr\u00e2ce aux \u00e9lastiques de fixation, les pinceaux restent en place, m\u00eame pendant vos d\u00e9placements. Vous pouvez facilement fermer l\u2019\u00e9tui \u00e0 l\u2019aide de [&hellip;]<\/p>\n","protected":false},"featured_media":109832,"comment_status":"open","ping_status":"closed","template":"","meta":{"_acf_changed":false},"product_brand":[10340],"product_cat":[10172,9896,10206,9898],"product_tag":[],"class_list":{"0":"post-136303","1":"product","2":"type-product","3":"status-publish","4":"has-post-thumbnail","6":"product_brand-cobra-nails-fr","7":"product_cat-fournitures-pour-cabinet-accessoires-accessoires-manucure","8":"product_cat-beaute-manucure-ongles-gel-gel-polish","9":"product_cat-fournitures-pour-cabinet-coffres-sacs-trousses-de-rangement","10":"product_cat-beaute-manucure-ongles-vernis-a-ongles","12":"first","13":"instock","14":"taxable","15":"shipping-taxable","16":"product-type-simple"},"acf":[],"yoast_head":"<!-- This site is optimized with the Yoast SEO plugin v27.3 - https:\/\/yoast.com\/product\/yoast-seo-wordpress\/ -->\n<title>Cobra \u00c9tui \u00e0 Pinceaux et Instruments Vide - Districos Webshop<\/title>\n<meta name=\"robots\" content=\"noindex, follow, max-snippet:-1, max-image-preview:large, max-video-preview:-1\" \/>\n<meta property=\"og:locale\" content=\"fr_FR\" \/>\n<meta property=\"og:type\" content=\"article\" \/>\n<meta property=\"og:title\" content=\"Cobra \u00c9tui \u00e0 Pinceaux et Instruments Vide - Districos Webshop\" \/>\n<meta property=\"og:description\" content=\"Travail simplifi\u00e9 et rangement facile avec l\u2019\u00e9tui \u00e0 pinceaux de Cobra\u00ae Nails ! Bel \u00e9tui pratique \u00e0 pinceaux de Cobra\u00ae Nails pour y ranger facilement tous vos pinceaux et autres mat\u00e9riel de manucure. Gr\u00e2ce aux \u00e9lastiques de fixation, les pinceaux restent en place, m\u00eame pendant vos d\u00e9placements. Vous pouvez facilement fermer l\u2019\u00e9tui \u00e0 l\u2019aide de [&hellip;]\" \/>\n<meta property=\"og:url\" content=\"https:\/\/districos.standingout.be\/fr\/product\/cobra-etui-a-pinceaux-et-instruments-vide-ref-6520\/\" \/>\n<meta property=\"og:site_name\" content=\"Districos Webshop\" \/>\n<meta property=\"article:modified_time\" content=\"2026-04-28T06:45:46+00:00\" \/>\n<meta name=\"twitter:card\" content=\"summary_large_image\" \/>\n<meta name=\"twitter:label1\" content=\"Dur\u00e9e de lecture estim\u00e9e\" \/>\n\t<meta name=\"twitter:data1\" content=\"1 minute\" \/>\n<script type=\"application\/ld+json\" class=\"yoast-schema-graph\">{\"@context\":\"https:\\\/\\\/schema.org\",\"@graph\":[{\"@type\":\"WebPage\",\"@id\":\"https:\\\/\\\/districos.standingout.be\\\/fr\\\/product\\\/cobra-etui-a-pinceaux-et-instruments-vide-ref-6520\\\/\",\"url\":\"https:\\\/\\\/districos.standingout.be\\\/fr\\\/product\\\/cobra-etui-a-pinceaux-et-instruments-vide-ref-6520\\\/\",\"name\":\"Cobra \u00c9tui \u00e0 Pinceaux et Instruments Vide - Districos Webshop\",\"isPartOf\":{\"@id\":\"https:\\\/\\\/districos.standingout.be\\\/fr\\\/#website\"},\"primaryImageOfPage\":{\"@id\":\"https:\\\/\\\/districos.standingout.be\\\/fr\\\/product\\\/cobra-etui-a-pinceaux-et-instruments-vide-ref-6520\\\/#primaryimage\"},\"image\":{\"@id\":\"https:\\\/\\\/districos.standingout.be\\\/fr\\\/product\\\/cobra-etui-a-pinceaux-et-instruments-vide-ref-6520\\\/#primaryimage\"},\"thumbnailUrl\":\"https:\\\/\\\/districos.standingout.be\\\/wp-content\\\/uploads\\\/2026\\\/03\\\/6520@LowRes_1_0.png\",\"datePublished\":\"2026-04-28T06:45:43+00:00\",\"dateModified\":\"2026-04-28T06:45:46+00:00\",\"breadcrumb\":{\"@id\":\"https:\\\/\\\/districos.standingout.be\\\/fr\\\/product\\\/cobra-etui-a-pinceaux-et-instruments-vide-ref-6520\\\/#breadcrumb\"},\"inLanguage\":\"fr-FR\",\"potentialAction\":[{\"@type\":\"ReadAction\",\"target\":[\"https:\\\/\\\/districos.standingout.be\\\/fr\\\/product\\\/cobra-etui-a-pinceaux-et-instruments-vide-ref-6520\\\/\"]}]},{\"@type\":\"ImageObject\",\"inLanguage\":\"fr-FR\",\"@id\":\"https:\\\/\\\/districos.standingout.be\\\/fr\\\/product\\\/cobra-etui-a-pinceaux-et-instruments-vide-ref-6520\\\/#primaryimage\",\"url\":\"https:\\\/\\\/districos.standingout.be\\\/wp-content\\\/uploads\\\/2026\\\/03\\\/6520@LowRes_1_0.png\",\"contentUrl\":\"https:\\\/\\\/districos.standingout.be\\\/wp-content\\\/uploads\\\/2026\\\/03\\\/6520@LowRes_1_0.png\",\"width\":600,\"height\":600},{\"@type\":\"BreadcrumbList\",\"@id\":\"https:\\\/\\\/districos.standingout.be\\\/fr\\\/product\\\/cobra-etui-a-pinceaux-et-instruments-vide-ref-6520\\\/#breadcrumb\",\"itemListElement\":[{\"@type\":\"ListItem\",\"position\":1,\"name\":\"Home\",\"item\":\"https:\\\/\\\/districos.standingout.be\\\/fr\\\/bienvenue-chez-districos\\\/\"},{\"@type\":\"ListItem\",\"position\":2,\"name\":\"Boutique\",\"item\":\"https:\\\/\\\/districos.standingout.be\\\/fr\\\/boutique\\\/\"},{\"@type\":\"ListItem\",\"position\":3,\"name\":\"Cobra \u00c9tui \u00e0 Pinceaux et Instruments Vide\"}]},{\"@type\":\"WebSite\",\"@id\":\"https:\\\/\\\/districos.standingout.be\\\/fr\\\/#website\",\"url\":\"https:\\\/\\\/districos.standingout.be\\\/fr\\\/\",\"name\":\"Districos Webshop\",\"description\":\"\",\"publisher\":{\"@id\":\"https:\\\/\\\/districos.standingout.be\\\/fr\\\/#organization\"},\"potentialAction\":[{\"@type\":\"SearchAction\",\"target\":{\"@type\":\"EntryPoint\",\"urlTemplate\":\"https:\\\/\\\/districos.standingout.be\\\/fr\\\/?s={search_term_string}\"},\"query-input\":{\"@type\":\"PropertyValueSpecification\",\"valueRequired\":true,\"valueName\":\"search_term_string\"}}],\"inLanguage\":\"fr-FR\"},{\"@type\":\"Organization\",\"@id\":\"https:\\\/\\\/districos.standingout.be\\\/fr\\\/#organization\",\"name\":\"Districos Webshop\",\"url\":\"https:\\\/\\\/districos.standingout.be\\\/fr\\\/\",\"logo\":{\"@type\":\"ImageObject\",\"inLanguage\":\"fr-FR\",\"@id\":\"https:\\\/\\\/districos.standingout.be\\\/fr\\\/#\\\/schema\\\/logo\\\/image\\\/\",\"url\":\"https:\\\/\\\/districos.standingout.be\\\/wp-content\\\/uploads\\\/2022\\\/09\\\/Districos_Logo_Webshop.svg\",\"contentUrl\":\"https:\\\/\\\/districos.standingout.be\\\/wp-content\\\/uploads\\\/2022\\\/09\\\/Districos_Logo_Webshop.svg\",\"caption\":\"Districos Webshop\"},\"image\":{\"@id\":\"https:\\\/\\\/districos.standingout.be\\\/fr\\\/#\\\/schema\\\/logo\\\/image\\\/\"}}]}<\/script>\n<!-- \/ Yoast SEO plugin. -->","yoast_head_json":{"title":"Cobra \u00c9tui \u00e0 Pinceaux et Instruments Vide - Districos Webshop","robots":{"index":"noindex","follow":"follow","max-snippet":"max-snippet:-1","max-image-preview":"max-image-preview:large","max-video-preview":"max-video-preview:-1"},"og_locale":"fr_FR","og_type":"article","og_title":"Cobra \u00c9tui \u00e0 Pinceaux et Instruments Vide - Districos Webshop","og_description":"Travail simplifi\u00e9 et rangement facile avec l\u2019\u00e9tui \u00e0 pinceaux de Cobra\u00ae Nails ! Bel \u00e9tui pratique \u00e0 pinceaux de Cobra\u00ae Nails pour y ranger facilement tous vos pinceaux et autres mat\u00e9riel de manucure. Gr\u00e2ce aux \u00e9lastiques de fixation, les pinceaux restent en place, m\u00eame pendant vos d\u00e9placements. Vous pouvez facilement fermer l\u2019\u00e9tui \u00e0 l\u2019aide de [&hellip;]","og_url":"https:\/\/districos.standingout.be\/fr\/product\/cobra-etui-a-pinceaux-et-instruments-vide-ref-6520\/","og_site_name":"Districos Webshop","article_modified_time":"2026-04-28T06:45:46+00:00","twitter_card":"summary_large_image","twitter_misc":{"Dur\u00e9e de lecture estim\u00e9e":"1 minute"},"schema":{"@context":"https:\/\/schema.org","@graph":[{"@type":"WebPage","@id":"https:\/\/districos.standingout.be\/fr\/product\/cobra-etui-a-pinceaux-et-instruments-vide-ref-6520\/","url":"https:\/\/districos.standingout.be\/fr\/product\/cobra-etui-a-pinceaux-et-instruments-vide-ref-6520\/","name":"Cobra \u00c9tui \u00e0 Pinceaux et Instruments Vide - Districos Webshop","isPartOf":{"@id":"https:\/\/districos.standingout.be\/fr\/#website"},"primaryImageOfPage":{"@id":"https:\/\/districos.standingout.be\/fr\/product\/cobra-etui-a-pinceaux-et-instruments-vide-ref-6520\/#primaryimage"},"image":{"@id":"https:\/\/districos.standingout.be\/fr\/product\/cobra-etui-a-pinceaux-et-instruments-vide-ref-6520\/#primaryimage"},"thumbnailUrl":"https:\/\/districos.standingout.be\/wp-content\/uploads\/2026\/03\/6520@LowRes_1_0.png","datePublished":"2026-04-28T06:45:43+00:00","dateModified":"2026-04-28T06:45:46+00:00","breadcrumb":{"@id":"https:\/\/districos.standingout.be\/fr\/product\/cobra-etui-a-pinceaux-et-instruments-vide-ref-6520\/#breadcrumb"},"inLanguage":"fr-FR","potentialAction":[{"@type":"ReadAction","target":["https:\/\/districos.standingout.be\/fr\/product\/cobra-etui-a-pinceaux-et-instruments-vide-ref-6520\/"]}]},{"@type":"ImageObject","inLanguage":"fr-FR","@id":"https:\/\/districos.standingout.be\/fr\/product\/cobra-etui-a-pinceaux-et-instruments-vide-ref-6520\/#primaryimage","url":"https:\/\/districos.standingout.be\/wp-content\/uploads\/2026\/03\/6520@LowRes_1_0.png","contentUrl":"https:\/\/districos.standingout.be\/wp-content\/uploads\/2026\/03\/6520@LowRes_1_0.png","width":600,"height":600},{"@type":"BreadcrumbList","@id":"https:\/\/districos.standingout.be\/fr\/product\/cobra-etui-a-pinceaux-et-instruments-vide-ref-6520\/#breadcrumb","itemListElement":[{"@type":"ListItem","position":1,"name":"Home","item":"https:\/\/districos.standingout.be\/fr\/bienvenue-chez-districos\/"},{"@type":"ListItem","position":2,"name":"Boutique","item":"https:\/\/districos.standingout.be\/fr\/boutique\/"},{"@type":"ListItem","position":3,"name":"Cobra \u00c9tui \u00e0 Pinceaux et Instruments Vide"}]},{"@type":"WebSite","@id":"https:\/\/districos.standingout.be\/fr\/#website","url":"https:\/\/districos.standingout.be\/fr\/","name":"Districos Webshop","description":"","publisher":{"@id":"https:\/\/districos.standingout.be\/fr\/#organization"},"potentialAction":[{"@type":"SearchAction","target":{"@type":"EntryPoint","urlTemplate":"https:\/\/districos.standingout.be\/fr\/?s={search_term_string}"},"query-input":{"@type":"PropertyValueSpecification","valueRequired":true,"valueName":"search_term_string"}}],"inLanguage":"fr-FR"},{"@type":"Organization","@id":"https:\/\/districos.standingout.be\/fr\/#organization","name":"Districos Webshop","url":"https:\/\/districos.standingout.be\/fr\/","logo":{"@type":"ImageObject","inLanguage":"fr-FR","@id":"https:\/\/districos.standingout.be\/fr\/#\/schema\/logo\/image\/","url":"https:\/\/districos.standingout.be\/wp-content\/uploads\/2022\/09\/Districos_Logo_Webshop.svg","contentUrl":"https:\/\/districos.standingout.be\/wp-content\/uploads\/2022\/09\/Districos_Logo_Webshop.svg","caption":"Districos Webshop"},"image":{"@id":"https:\/\/districos.standingout.be\/fr\/#\/schema\/logo\/image\/"}}]}},"_links":{"self":[{"href":"https:\/\/districos.standingout.be\/fr\/wp-json\/wp\/v2\/product\/136303","targetHints":{"allow":["GET"]}}],"collection":[{"href":"https:\/\/districos.standingout.be\/fr\/wp-json\/wp\/v2\/product"}],"about":[{"href":"https:\/\/districos.standingout.be\/fr\/wp-json\/wp\/v2\/types\/product"}],"replies":[{"embeddable":true,"href":"https:\/\/districos.standingout.be\/fr\/wp-json\/wp\/v2\/comments?post=136303"}],"wp:featuredmedia":[{"embeddable":true,"href":"https:\/\/districos.standingout.be\/fr\/wp-json\/wp\/v2\/media\/109832"}],"wp:attachment":[{"href":"https:\/\/districos.standingout.be\/fr\/wp-json\/wp\/v2\/media?parent=136303"}],"wp:term":[{"taxonomy":"product_brand","embeddable":true,"href":"https:\/\/districos.standingout.be\/fr\/wp-json\/wp\/v2\/product_brand?post=136303"},{"taxonomy":"product_cat","embeddable":true,"href":"https:\/\/districos.standingout.be\/fr\/wp-json\/wp\/v2\/product_cat?post=136303"},{"taxonomy":"product_tag","embeddable":true,"href":"https:\/\/districos.standingout.be\/fr\/wp-json\/wp\/v2\/product_tag?post=136303"}],"curies":[{"name":"wp","href":"https:\/\/api.w.org\/{rel}","templated":true}]}}