{"id":136311,"date":"2026-04-28T08:45:57","date_gmt":"2026-04-28T06:45:57","guid":{"rendered":"https:\/\/webshopdistricoscom.webhosting.be\/product\/cobra-oval-gel-brush-4-star-ref-6520-04-2\/"},"modified":"2026-04-28T08:46:00","modified_gmt":"2026-04-28T06:46:00","slug":"cobra-oval-gel-brush-4-star-ref-6520-04","status":"publish","type":"product","link":"https:\/\/districos.standingout.be\/fr\/product\/cobra-oval-gel-brush-4-star-ref-6520-04\/","title":{"rendered":"Cobra Oval Gel Brush #4 STAR"},"content":{"rendered":"<p >\n<p dir=\"ltr\"><b>Travaillez avec style avec les pinceaux STAR nail art de&nbsp;<\/b><b>Cobra<\/b><b>\u00ae Nails&nbsp;<\/b><b>!<\/b><br \/>Ces pinceaux nail art de haute qualit\u00e9 et faits \u00e0 la main sont fabriqu\u00e9s en poils Kolinski purs et souples. Les pinceaux STAR sont une version luxueuse avec des pierres strass roses grav\u00e9es et un capuchon protecteur.<br \/>Nettoyez le pinceau pendant et apr\u00e8s utilisation avec un Nail Wipe sec pour garder les poils en bonne condition<\/p>\n<ul>\n<li>Pinceau plat et ovale \u00e0 pour l\u2019application de gels et PolyGEL\u2122.<\/li>\n<li>Emballage : 1 pi\u00e8ce<\/li>\n<\/ul>\n<div>\n<div><b>Cobra Star Oval Gel Brushes disponible :<\/b><\/div>\n<div>\n<ul>\n<li>Cobra Oval Gel Brush #4 STAR (<a href=\"https:\/\/webshop.districos.com\/ProductDetail\/6520.04\" target=\"_blank\" rel=\"noopener noreferrer nofollow\">r\u00e9f. 6520.04<\/a>)<\/li>\n<li>Cobra Oval Gel Brush #8 STAR (<a href=\"https:\/\/webshop.districos.com\/ProductDetail\/6520.18\" target=\"_blank\" rel=\"noopener noreferrer nofollow\">r\u00e9f. 6520.18<\/a>)<\/li>\n<\/ul>\n<\/div>\n<\/div>\n","protected":false},"excerpt":{"rendered":"<p>Travaillez avec style avec les pinceaux STAR nail art de&nbsp;Cobra\u00ae Nails&nbsp;!Ces pinceaux nail art de haute qualit\u00e9 et faits \u00e0 la main sont fabriqu\u00e9s en poils Kolinski purs et souples. Les pinceaux STAR sont une version luxueuse avec des pierres strass roses grav\u00e9es et un capuchon protecteur.Nettoyez le pinceau pendant et apr\u00e8s utilisation avec un [&hellip;]<\/p>\n","protected":false},"featured_media":76286,"comment_status":"open","ping_status":"closed","template":"","meta":{"_acf_changed":false},"product_brand":[10340],"product_cat":[10172,9896],"product_tag":[],"class_list":{"0":"post-136311","1":"product","2":"type-product","3":"status-publish","4":"has-post-thumbnail","6":"product_brand-cobra-nails-fr","7":"product_cat-fournitures-pour-cabinet-accessoires-accessoires-manucure","8":"product_cat-beaute-manucure-ongles-gel-gel-polish","10":"first","11":"instock","12":"taxable","13":"shipping-taxable","14":"product-type-simple"},"acf":[],"yoast_head":"<!-- This site is optimized with the Yoast SEO plugin v27.3 - https:\/\/yoast.com\/product\/yoast-seo-wordpress\/ -->\n<title>Cobra Oval Gel Brush #4 STAR - Districos Webshop<\/title>\n<meta name=\"robots\" content=\"noindex, follow, max-snippet:-1, max-image-preview:large, max-video-preview:-1\" \/>\n<meta property=\"og:locale\" content=\"fr_FR\" \/>\n<meta property=\"og:type\" content=\"article\" \/>\n<meta property=\"og:title\" content=\"Cobra Oval Gel Brush #4 STAR - Districos Webshop\" \/>\n<meta property=\"og:description\" content=\"Travaillez avec style avec les pinceaux STAR nail art de&nbsp;Cobra\u00ae Nails&nbsp;!Ces pinceaux nail art de haute qualit\u00e9 et faits \u00e0 la main sont fabriqu\u00e9s en poils Kolinski purs et souples. Les pinceaux STAR sont une version luxueuse avec des pierres strass roses grav\u00e9es et un capuchon protecteur.Nettoyez le pinceau pendant et apr\u00e8s utilisation avec un [&hellip;]\" \/>\n<meta property=\"og:url\" content=\"https:\/\/districos.standingout.be\/fr\/product\/cobra-oval-gel-brush-4-star-ref-6520-04\/\" \/>\n<meta property=\"og:site_name\" content=\"Districos Webshop\" \/>\n<meta property=\"article:modified_time\" content=\"2026-04-28T06:46:00+00:00\" \/>\n<meta name=\"twitter:card\" content=\"summary_large_image\" \/>\n<meta name=\"twitter:label1\" content=\"Dur\u00e9e de lecture estim\u00e9e\" \/>\n\t<meta name=\"twitter:data1\" content=\"1 minute\" \/>\n<script type=\"application\/ld+json\" class=\"yoast-schema-graph\">{\"@context\":\"https:\\\/\\\/schema.org\",\"@graph\":[{\"@type\":\"WebPage\",\"@id\":\"https:\\\/\\\/districos.standingout.be\\\/fr\\\/product\\\/cobra-oval-gel-brush-4-star-ref-6520-04\\\/\",\"url\":\"https:\\\/\\\/districos.standingout.be\\\/fr\\\/product\\\/cobra-oval-gel-brush-4-star-ref-6520-04\\\/\",\"name\":\"Cobra Oval Gel Brush #4 STAR - Districos Webshop\",\"isPartOf\":{\"@id\":\"https:\\\/\\\/districos.standingout.be\\\/fr\\\/#website\"},\"primaryImageOfPage\":{\"@id\":\"https:\\\/\\\/districos.standingout.be\\\/fr\\\/product\\\/cobra-oval-gel-brush-4-star-ref-6520-04\\\/#primaryimage\"},\"image\":{\"@id\":\"https:\\\/\\\/districos.standingout.be\\\/fr\\\/product\\\/cobra-oval-gel-brush-4-star-ref-6520-04\\\/#primaryimage\"},\"thumbnailUrl\":\"https:\\\/\\\/districos.standingout.be\\\/wp-content\\\/uploads\\\/2025\\\/07\\\/6520.04@LowRes_1_0.png\",\"datePublished\":\"2026-04-28T06:45:57+00:00\",\"dateModified\":\"2026-04-28T06:46:00+00:00\",\"breadcrumb\":{\"@id\":\"https:\\\/\\\/districos.standingout.be\\\/fr\\\/product\\\/cobra-oval-gel-brush-4-star-ref-6520-04\\\/#breadcrumb\"},\"inLanguage\":\"fr-FR\",\"potentialAction\":[{\"@type\":\"ReadAction\",\"target\":[\"https:\\\/\\\/districos.standingout.be\\\/fr\\\/product\\\/cobra-oval-gel-brush-4-star-ref-6520-04\\\/\"]}]},{\"@type\":\"ImageObject\",\"inLanguage\":\"fr-FR\",\"@id\":\"https:\\\/\\\/districos.standingout.be\\\/fr\\\/product\\\/cobra-oval-gel-brush-4-star-ref-6520-04\\\/#primaryimage\",\"url\":\"https:\\\/\\\/districos.standingout.be\\\/wp-content\\\/uploads\\\/2025\\\/07\\\/6520.04@LowRes_1_0.png\",\"contentUrl\":\"https:\\\/\\\/districos.standingout.be\\\/wp-content\\\/uploads\\\/2025\\\/07\\\/6520.04@LowRes_1_0.png\",\"width\":600,\"height\":600},{\"@type\":\"BreadcrumbList\",\"@id\":\"https:\\\/\\\/districos.standingout.be\\\/fr\\\/product\\\/cobra-oval-gel-brush-4-star-ref-6520-04\\\/#breadcrumb\",\"itemListElement\":[{\"@type\":\"ListItem\",\"position\":1,\"name\":\"Home\",\"item\":\"https:\\\/\\\/districos.standingout.be\\\/fr\\\/bienvenue-chez-districos\\\/\"},{\"@type\":\"ListItem\",\"position\":2,\"name\":\"Boutique\",\"item\":\"https:\\\/\\\/districos.standingout.be\\\/fr\\\/boutique\\\/\"},{\"@type\":\"ListItem\",\"position\":3,\"name\":\"Cobra Oval Gel Brush #4 STAR\"}]},{\"@type\":\"WebSite\",\"@id\":\"https:\\\/\\\/districos.standingout.be\\\/fr\\\/#website\",\"url\":\"https:\\\/\\\/districos.standingout.be\\\/fr\\\/\",\"name\":\"Districos Webshop\",\"description\":\"\",\"publisher\":{\"@id\":\"https:\\\/\\\/districos.standingout.be\\\/fr\\\/#organization\"},\"potentialAction\":[{\"@type\":\"SearchAction\",\"target\":{\"@type\":\"EntryPoint\",\"urlTemplate\":\"https:\\\/\\\/districos.standingout.be\\\/fr\\\/?s={search_term_string}\"},\"query-input\":{\"@type\":\"PropertyValueSpecification\",\"valueRequired\":true,\"valueName\":\"search_term_string\"}}],\"inLanguage\":\"fr-FR\"},{\"@type\":\"Organization\",\"@id\":\"https:\\\/\\\/districos.standingout.be\\\/fr\\\/#organization\",\"name\":\"Districos Webshop\",\"url\":\"https:\\\/\\\/districos.standingout.be\\\/fr\\\/\",\"logo\":{\"@type\":\"ImageObject\",\"inLanguage\":\"fr-FR\",\"@id\":\"https:\\\/\\\/districos.standingout.be\\\/fr\\\/#\\\/schema\\\/logo\\\/image\\\/\",\"url\":\"https:\\\/\\\/districos.standingout.be\\\/wp-content\\\/uploads\\\/2022\\\/09\\\/Districos_Logo_Webshop.svg\",\"contentUrl\":\"https:\\\/\\\/districos.standingout.be\\\/wp-content\\\/uploads\\\/2022\\\/09\\\/Districos_Logo_Webshop.svg\",\"caption\":\"Districos Webshop\"},\"image\":{\"@id\":\"https:\\\/\\\/districos.standingout.be\\\/fr\\\/#\\\/schema\\\/logo\\\/image\\\/\"}}]}<\/script>\n<!-- \/ Yoast SEO plugin. -->","yoast_head_json":{"title":"Cobra Oval Gel Brush #4 STAR - Districos Webshop","robots":{"index":"noindex","follow":"follow","max-snippet":"max-snippet:-1","max-image-preview":"max-image-preview:large","max-video-preview":"max-video-preview:-1"},"og_locale":"fr_FR","og_type":"article","og_title":"Cobra Oval Gel Brush #4 STAR - Districos Webshop","og_description":"Travaillez avec style avec les pinceaux STAR nail art de&nbsp;Cobra\u00ae Nails&nbsp;!Ces pinceaux nail art de haute qualit\u00e9 et faits \u00e0 la main sont fabriqu\u00e9s en poils Kolinski purs et souples. Les pinceaux STAR sont une version luxueuse avec des pierres strass roses grav\u00e9es et un capuchon protecteur.Nettoyez le pinceau pendant et apr\u00e8s utilisation avec un [&hellip;]","og_url":"https:\/\/districos.standingout.be\/fr\/product\/cobra-oval-gel-brush-4-star-ref-6520-04\/","og_site_name":"Districos Webshop","article_modified_time":"2026-04-28T06:46:00+00:00","twitter_card":"summary_large_image","twitter_misc":{"Dur\u00e9e de lecture estim\u00e9e":"1 minute"},"schema":{"@context":"https:\/\/schema.org","@graph":[{"@type":"WebPage","@id":"https:\/\/districos.standingout.be\/fr\/product\/cobra-oval-gel-brush-4-star-ref-6520-04\/","url":"https:\/\/districos.standingout.be\/fr\/product\/cobra-oval-gel-brush-4-star-ref-6520-04\/","name":"Cobra Oval Gel Brush #4 STAR - Districos Webshop","isPartOf":{"@id":"https:\/\/districos.standingout.be\/fr\/#website"},"primaryImageOfPage":{"@id":"https:\/\/districos.standingout.be\/fr\/product\/cobra-oval-gel-brush-4-star-ref-6520-04\/#primaryimage"},"image":{"@id":"https:\/\/districos.standingout.be\/fr\/product\/cobra-oval-gel-brush-4-star-ref-6520-04\/#primaryimage"},"thumbnailUrl":"https:\/\/districos.standingout.be\/wp-content\/uploads\/2025\/07\/6520.04@LowRes_1_0.png","datePublished":"2026-04-28T06:45:57+00:00","dateModified":"2026-04-28T06:46:00+00:00","breadcrumb":{"@id":"https:\/\/districos.standingout.be\/fr\/product\/cobra-oval-gel-brush-4-star-ref-6520-04\/#breadcrumb"},"inLanguage":"fr-FR","potentialAction":[{"@type":"ReadAction","target":["https:\/\/districos.standingout.be\/fr\/product\/cobra-oval-gel-brush-4-star-ref-6520-04\/"]}]},{"@type":"ImageObject","inLanguage":"fr-FR","@id":"https:\/\/districos.standingout.be\/fr\/product\/cobra-oval-gel-brush-4-star-ref-6520-04\/#primaryimage","url":"https:\/\/districos.standingout.be\/wp-content\/uploads\/2025\/07\/6520.04@LowRes_1_0.png","contentUrl":"https:\/\/districos.standingout.be\/wp-content\/uploads\/2025\/07\/6520.04@LowRes_1_0.png","width":600,"height":600},{"@type":"BreadcrumbList","@id":"https:\/\/districos.standingout.be\/fr\/product\/cobra-oval-gel-brush-4-star-ref-6520-04\/#breadcrumb","itemListElement":[{"@type":"ListItem","position":1,"name":"Home","item":"https:\/\/districos.standingout.be\/fr\/bienvenue-chez-districos\/"},{"@type":"ListItem","position":2,"name":"Boutique","item":"https:\/\/districos.standingout.be\/fr\/boutique\/"},{"@type":"ListItem","position":3,"name":"Cobra Oval Gel Brush #4 STAR"}]},{"@type":"WebSite","@id":"https:\/\/districos.standingout.be\/fr\/#website","url":"https:\/\/districos.standingout.be\/fr\/","name":"Districos Webshop","description":"","publisher":{"@id":"https:\/\/districos.standingout.be\/fr\/#organization"},"potentialAction":[{"@type":"SearchAction","target":{"@type":"EntryPoint","urlTemplate":"https:\/\/districos.standingout.be\/fr\/?s={search_term_string}"},"query-input":{"@type":"PropertyValueSpecification","valueRequired":true,"valueName":"search_term_string"}}],"inLanguage":"fr-FR"},{"@type":"Organization","@id":"https:\/\/districos.standingout.be\/fr\/#organization","name":"Districos Webshop","url":"https:\/\/districos.standingout.be\/fr\/","logo":{"@type":"ImageObject","inLanguage":"fr-FR","@id":"https:\/\/districos.standingout.be\/fr\/#\/schema\/logo\/image\/","url":"https:\/\/districos.standingout.be\/wp-content\/uploads\/2022\/09\/Districos_Logo_Webshop.svg","contentUrl":"https:\/\/districos.standingout.be\/wp-content\/uploads\/2022\/09\/Districos_Logo_Webshop.svg","caption":"Districos Webshop"},"image":{"@id":"https:\/\/districos.standingout.be\/fr\/#\/schema\/logo\/image\/"}}]}},"_links":{"self":[{"href":"https:\/\/districos.standingout.be\/fr\/wp-json\/wp\/v2\/product\/136311","targetHints":{"allow":["GET"]}}],"collection":[{"href":"https:\/\/districos.standingout.be\/fr\/wp-json\/wp\/v2\/product"}],"about":[{"href":"https:\/\/districos.standingout.be\/fr\/wp-json\/wp\/v2\/types\/product"}],"replies":[{"embeddable":true,"href":"https:\/\/districos.standingout.be\/fr\/wp-json\/wp\/v2\/comments?post=136311"}],"wp:featuredmedia":[{"embeddable":true,"href":"https:\/\/districos.standingout.be\/fr\/wp-json\/wp\/v2\/media\/76286"}],"wp:attachment":[{"href":"https:\/\/districos.standingout.be\/fr\/wp-json\/wp\/v2\/media?parent=136311"}],"wp:term":[{"taxonomy":"product_brand","embeddable":true,"href":"https:\/\/districos.standingout.be\/fr\/wp-json\/wp\/v2\/product_brand?post=136311"},{"taxonomy":"product_cat","embeddable":true,"href":"https:\/\/districos.standingout.be\/fr\/wp-json\/wp\/v2\/product_cat?post=136311"},{"taxonomy":"product_tag","embeddable":true,"href":"https:\/\/districos.standingout.be\/fr\/wp-json\/wp\/v2\/product_tag?post=136311"}],"curies":[{"name":"wp","href":"https:\/\/api.w.org\/{rel}","templated":true}]}}