{"id":136459,"date":"2026-04-28T09:03:40","date_gmt":"2026-04-28T07:03:40","guid":{"rendered":"https:\/\/webshopdistricoscom.webhosting.be\/product\/fab-brows-set-de-6-pochoirs-a-sourcils-ref-6901-62\/"},"modified":"2026-04-28T09:03:43","modified_gmt":"2026-04-28T07:03:43","slug":"fab-brows-set-de-6-pochoirs-a-sourcils-ref-6901-62","status":"publish","type":"product","link":"https:\/\/districos.standingout.be\/fr\/product\/fab-brows-set-de-6-pochoirs-a-sourcils-ref-6901-62\/","title":{"rendered":"Fab Brows Set de 6 Pochoirs \u00e0 Sourcils"},"content":{"rendered":"<p >\n<p dir=\"ltr\">Des sourcils et des arcades sourcili\u00e8res parfaits ne sont plus r\u00e9serv\u00e9s uniquement aux c\u00e9l\u00e9brit\u00e9s et \u00e0 leurs visagistes. Gr\u00e2ce \u00e0 ces poudres min\u00e9rales de fab brows, cr\u00e9ez de jolis sourcils en seulement quelques secondes. Choisissez le pochoir souhait\u00e9, tenez-le sur les sourcils et passez le pinceau applicateur sur les sourcils dans la couleur souhait\u00e9e.<\/p>\n<ul>\n<li> Emballage: set de 6 pochoirs diff\u00e9rents<\/li>\n<\/ul><\/p>\n","protected":false},"excerpt":{"rendered":"<p>Des sourcils et des arcades sourcili\u00e8res parfaits ne sont plus r\u00e9serv\u00e9s uniquement aux c\u00e9l\u00e9brit\u00e9s et \u00e0 leurs visagistes. Gr\u00e2ce \u00e0 ces poudres min\u00e9rales de fab brows, cr\u00e9ez de jolis sourcils en seulement quelques secondes. Choisissez le pochoir souhait\u00e9, tenez-le sur les sourcils et passez le pinceau applicateur sur les sourcils dans la couleur souhait\u00e9e. Emballage: [&hellip;]<\/p>\n","protected":false},"featured_media":146896,"comment_status":"open","ping_status":"closed","template":"","meta":{"_acf_changed":false},"product_brand":[10400],"product_cat":[9882],"product_tag":[],"class_list":{"0":"post-136459","1":"product","2":"type-product","3":"status-publish","4":"has-post-thumbnail","6":"product_brand-fabbrows-fr","7":"product_cat-beaute-maquillage-yeux-sourcils","9":"first","10":"instock","11":"taxable","12":"shipping-taxable","13":"product-type-simple"},"acf":[],"yoast_head":"<!-- This site is optimized with the Yoast SEO plugin v27.3 - https:\/\/yoast.com\/product\/yoast-seo-wordpress\/ -->\n<title>Fab Brows Set de 6 Pochoirs \u00e0 Sourcils - Districos Webshop<\/title>\n<meta name=\"robots\" content=\"noindex, follow, max-snippet:-1, max-image-preview:large, max-video-preview:-1\" \/>\n<meta property=\"og:locale\" content=\"fr_FR\" \/>\n<meta property=\"og:type\" content=\"article\" \/>\n<meta property=\"og:title\" content=\"Fab Brows Set de 6 Pochoirs \u00e0 Sourcils - Districos Webshop\" \/>\n<meta property=\"og:description\" content=\"Des sourcils et des arcades sourcili\u00e8res parfaits ne sont plus r\u00e9serv\u00e9s uniquement aux c\u00e9l\u00e9brit\u00e9s et \u00e0 leurs visagistes. Gr\u00e2ce \u00e0 ces poudres min\u00e9rales de fab brows, cr\u00e9ez de jolis sourcils en seulement quelques secondes. Choisissez le pochoir souhait\u00e9, tenez-le sur les sourcils et passez le pinceau applicateur sur les sourcils dans la couleur souhait\u00e9e. Emballage: [&hellip;]\" \/>\n<meta property=\"og:url\" content=\"https:\/\/districos.standingout.be\/fr\/product\/fab-brows-set-de-6-pochoirs-a-sourcils-ref-6901-62\/\" \/>\n<meta property=\"og:site_name\" content=\"Districos Webshop\" \/>\n<meta property=\"article:modified_time\" content=\"2026-04-28T07:03:43+00:00\" \/>\n<meta name=\"twitter:card\" content=\"summary_large_image\" \/>\n<script type=\"application\/ld+json\" class=\"yoast-schema-graph\">{\"@context\":\"https:\\\/\\\/schema.org\",\"@graph\":[{\"@type\":\"WebPage\",\"@id\":\"https:\\\/\\\/districos.standingout.be\\\/fr\\\/product\\\/fab-brows-set-de-6-pochoirs-a-sourcils-ref-6901-62\\\/\",\"url\":\"https:\\\/\\\/districos.standingout.be\\\/fr\\\/product\\\/fab-brows-set-de-6-pochoirs-a-sourcils-ref-6901-62\\\/\",\"name\":\"Fab Brows Set de 6 Pochoirs \u00e0 Sourcils - Districos Webshop\",\"isPartOf\":{\"@id\":\"https:\\\/\\\/districos.standingout.be\\\/fr\\\/#website\"},\"primaryImageOfPage\":{\"@id\":\"https:\\\/\\\/districos.standingout.be\\\/fr\\\/product\\\/fab-brows-set-de-6-pochoirs-a-sourcils-ref-6901-62\\\/#primaryimage\"},\"image\":{\"@id\":\"https:\\\/\\\/districos.standingout.be\\\/fr\\\/product\\\/fab-brows-set-de-6-pochoirs-a-sourcils-ref-6901-62\\\/#primaryimage\"},\"thumbnailUrl\":\"https:\\\/\\\/districos.standingout.be\\\/wp-content\\\/uploads\\\/2026\\\/04\\\/6901.62@Fab-Brows-Set-van-6-Wenkbrauwsjablonen_1-1.png\",\"datePublished\":\"2026-04-28T07:03:40+00:00\",\"dateModified\":\"2026-04-28T07:03:43+00:00\",\"breadcrumb\":{\"@id\":\"https:\\\/\\\/districos.standingout.be\\\/fr\\\/product\\\/fab-brows-set-de-6-pochoirs-a-sourcils-ref-6901-62\\\/#breadcrumb\"},\"inLanguage\":\"fr-FR\",\"potentialAction\":[{\"@type\":\"ReadAction\",\"target\":[\"https:\\\/\\\/districos.standingout.be\\\/fr\\\/product\\\/fab-brows-set-de-6-pochoirs-a-sourcils-ref-6901-62\\\/\"]}]},{\"@type\":\"ImageObject\",\"inLanguage\":\"fr-FR\",\"@id\":\"https:\\\/\\\/districos.standingout.be\\\/fr\\\/product\\\/fab-brows-set-de-6-pochoirs-a-sourcils-ref-6901-62\\\/#primaryimage\",\"url\":\"https:\\\/\\\/districos.standingout.be\\\/wp-content\\\/uploads\\\/2026\\\/04\\\/6901.62@Fab-Brows-Set-van-6-Wenkbrauwsjablonen_1-1.png\",\"contentUrl\":\"https:\\\/\\\/districos.standingout.be\\\/wp-content\\\/uploads\\\/2026\\\/04\\\/6901.62@Fab-Brows-Set-van-6-Wenkbrauwsjablonen_1-1.png\",\"width\":600,\"height\":600},{\"@type\":\"BreadcrumbList\",\"@id\":\"https:\\\/\\\/districos.standingout.be\\\/fr\\\/product\\\/fab-brows-set-de-6-pochoirs-a-sourcils-ref-6901-62\\\/#breadcrumb\",\"itemListElement\":[{\"@type\":\"ListItem\",\"position\":1,\"name\":\"Home\",\"item\":\"https:\\\/\\\/districos.standingout.be\\\/fr\\\/bienvenue-chez-districos\\\/\"},{\"@type\":\"ListItem\",\"position\":2,\"name\":\"Boutique\",\"item\":\"https:\\\/\\\/districos.standingout.be\\\/fr\\\/boutique\\\/\"},{\"@type\":\"ListItem\",\"position\":3,\"name\":\"Fab Brows Set de 6 Pochoirs \u00e0 Sourcils\"}]},{\"@type\":\"WebSite\",\"@id\":\"https:\\\/\\\/districos.standingout.be\\\/fr\\\/#website\",\"url\":\"https:\\\/\\\/districos.standingout.be\\\/fr\\\/\",\"name\":\"Districos Webshop\",\"description\":\"\",\"publisher\":{\"@id\":\"https:\\\/\\\/districos.standingout.be\\\/fr\\\/#organization\"},\"potentialAction\":[{\"@type\":\"SearchAction\",\"target\":{\"@type\":\"EntryPoint\",\"urlTemplate\":\"https:\\\/\\\/districos.standingout.be\\\/fr\\\/?s={search_term_string}\"},\"query-input\":{\"@type\":\"PropertyValueSpecification\",\"valueRequired\":true,\"valueName\":\"search_term_string\"}}],\"inLanguage\":\"fr-FR\"},{\"@type\":\"Organization\",\"@id\":\"https:\\\/\\\/districos.standingout.be\\\/fr\\\/#organization\",\"name\":\"Districos Webshop\",\"url\":\"https:\\\/\\\/districos.standingout.be\\\/fr\\\/\",\"logo\":{\"@type\":\"ImageObject\",\"inLanguage\":\"fr-FR\",\"@id\":\"https:\\\/\\\/districos.standingout.be\\\/fr\\\/#\\\/schema\\\/logo\\\/image\\\/\",\"url\":\"https:\\\/\\\/districos.standingout.be\\\/wp-content\\\/uploads\\\/2022\\\/09\\\/Districos_Logo_Webshop.svg\",\"contentUrl\":\"https:\\\/\\\/districos.standingout.be\\\/wp-content\\\/uploads\\\/2022\\\/09\\\/Districos_Logo_Webshop.svg\",\"caption\":\"Districos Webshop\"},\"image\":{\"@id\":\"https:\\\/\\\/districos.standingout.be\\\/fr\\\/#\\\/schema\\\/logo\\\/image\\\/\"}}]}<\/script>\n<!-- \/ Yoast SEO plugin. -->","yoast_head_json":{"title":"Fab Brows Set de 6 Pochoirs \u00e0 Sourcils - Districos Webshop","robots":{"index":"noindex","follow":"follow","max-snippet":"max-snippet:-1","max-image-preview":"max-image-preview:large","max-video-preview":"max-video-preview:-1"},"og_locale":"fr_FR","og_type":"article","og_title":"Fab Brows Set de 6 Pochoirs \u00e0 Sourcils - Districos Webshop","og_description":"Des sourcils et des arcades sourcili\u00e8res parfaits ne sont plus r\u00e9serv\u00e9s uniquement aux c\u00e9l\u00e9brit\u00e9s et \u00e0 leurs visagistes. Gr\u00e2ce \u00e0 ces poudres min\u00e9rales de fab brows, cr\u00e9ez de jolis sourcils en seulement quelques secondes. Choisissez le pochoir souhait\u00e9, tenez-le sur les sourcils et passez le pinceau applicateur sur les sourcils dans la couleur souhait\u00e9e. Emballage: [&hellip;]","og_url":"https:\/\/districos.standingout.be\/fr\/product\/fab-brows-set-de-6-pochoirs-a-sourcils-ref-6901-62\/","og_site_name":"Districos Webshop","article_modified_time":"2026-04-28T07:03:43+00:00","twitter_card":"summary_large_image","schema":{"@context":"https:\/\/schema.org","@graph":[{"@type":"WebPage","@id":"https:\/\/districos.standingout.be\/fr\/product\/fab-brows-set-de-6-pochoirs-a-sourcils-ref-6901-62\/","url":"https:\/\/districos.standingout.be\/fr\/product\/fab-brows-set-de-6-pochoirs-a-sourcils-ref-6901-62\/","name":"Fab Brows Set de 6 Pochoirs \u00e0 Sourcils - Districos Webshop","isPartOf":{"@id":"https:\/\/districos.standingout.be\/fr\/#website"},"primaryImageOfPage":{"@id":"https:\/\/districos.standingout.be\/fr\/product\/fab-brows-set-de-6-pochoirs-a-sourcils-ref-6901-62\/#primaryimage"},"image":{"@id":"https:\/\/districos.standingout.be\/fr\/product\/fab-brows-set-de-6-pochoirs-a-sourcils-ref-6901-62\/#primaryimage"},"thumbnailUrl":"https:\/\/districos.standingout.be\/wp-content\/uploads\/2026\/04\/6901.62@Fab-Brows-Set-van-6-Wenkbrauwsjablonen_1-1.png","datePublished":"2026-04-28T07:03:40+00:00","dateModified":"2026-04-28T07:03:43+00:00","breadcrumb":{"@id":"https:\/\/districos.standingout.be\/fr\/product\/fab-brows-set-de-6-pochoirs-a-sourcils-ref-6901-62\/#breadcrumb"},"inLanguage":"fr-FR","potentialAction":[{"@type":"ReadAction","target":["https:\/\/districos.standingout.be\/fr\/product\/fab-brows-set-de-6-pochoirs-a-sourcils-ref-6901-62\/"]}]},{"@type":"ImageObject","inLanguage":"fr-FR","@id":"https:\/\/districos.standingout.be\/fr\/product\/fab-brows-set-de-6-pochoirs-a-sourcils-ref-6901-62\/#primaryimage","url":"https:\/\/districos.standingout.be\/wp-content\/uploads\/2026\/04\/6901.62@Fab-Brows-Set-van-6-Wenkbrauwsjablonen_1-1.png","contentUrl":"https:\/\/districos.standingout.be\/wp-content\/uploads\/2026\/04\/6901.62@Fab-Brows-Set-van-6-Wenkbrauwsjablonen_1-1.png","width":600,"height":600},{"@type":"BreadcrumbList","@id":"https:\/\/districos.standingout.be\/fr\/product\/fab-brows-set-de-6-pochoirs-a-sourcils-ref-6901-62\/#breadcrumb","itemListElement":[{"@type":"ListItem","position":1,"name":"Home","item":"https:\/\/districos.standingout.be\/fr\/bienvenue-chez-districos\/"},{"@type":"ListItem","position":2,"name":"Boutique","item":"https:\/\/districos.standingout.be\/fr\/boutique\/"},{"@type":"ListItem","position":3,"name":"Fab Brows Set de 6 Pochoirs \u00e0 Sourcils"}]},{"@type":"WebSite","@id":"https:\/\/districos.standingout.be\/fr\/#website","url":"https:\/\/districos.standingout.be\/fr\/","name":"Districos Webshop","description":"","publisher":{"@id":"https:\/\/districos.standingout.be\/fr\/#organization"},"potentialAction":[{"@type":"SearchAction","target":{"@type":"EntryPoint","urlTemplate":"https:\/\/districos.standingout.be\/fr\/?s={search_term_string}"},"query-input":{"@type":"PropertyValueSpecification","valueRequired":true,"valueName":"search_term_string"}}],"inLanguage":"fr-FR"},{"@type":"Organization","@id":"https:\/\/districos.standingout.be\/fr\/#organization","name":"Districos Webshop","url":"https:\/\/districos.standingout.be\/fr\/","logo":{"@type":"ImageObject","inLanguage":"fr-FR","@id":"https:\/\/districos.standingout.be\/fr\/#\/schema\/logo\/image\/","url":"https:\/\/districos.standingout.be\/wp-content\/uploads\/2022\/09\/Districos_Logo_Webshop.svg","contentUrl":"https:\/\/districos.standingout.be\/wp-content\/uploads\/2022\/09\/Districos_Logo_Webshop.svg","caption":"Districos Webshop"},"image":{"@id":"https:\/\/districos.standingout.be\/fr\/#\/schema\/logo\/image\/"}}]}},"_links":{"self":[{"href":"https:\/\/districos.standingout.be\/fr\/wp-json\/wp\/v2\/product\/136459","targetHints":{"allow":["GET"]}}],"collection":[{"href":"https:\/\/districos.standingout.be\/fr\/wp-json\/wp\/v2\/product"}],"about":[{"href":"https:\/\/districos.standingout.be\/fr\/wp-json\/wp\/v2\/types\/product"}],"replies":[{"embeddable":true,"href":"https:\/\/districos.standingout.be\/fr\/wp-json\/wp\/v2\/comments?post=136459"}],"wp:featuredmedia":[{"embeddable":true,"href":"https:\/\/districos.standingout.be\/fr\/wp-json\/wp\/v2\/media\/146896"}],"wp:attachment":[{"href":"https:\/\/districos.standingout.be\/fr\/wp-json\/wp\/v2\/media?parent=136459"}],"wp:term":[{"taxonomy":"product_brand","embeddable":true,"href":"https:\/\/districos.standingout.be\/fr\/wp-json\/wp\/v2\/product_brand?post=136459"},{"taxonomy":"product_cat","embeddable":true,"href":"https:\/\/districos.standingout.be\/fr\/wp-json\/wp\/v2\/product_cat?post=136459"},{"taxonomy":"product_tag","embeddable":true,"href":"https:\/\/districos.standingout.be\/fr\/wp-json\/wp\/v2\/product_tag?post=136459"}],"curies":[{"name":"wp","href":"https:\/\/api.w.org\/{rel}","templated":true}]}}